{"id":2429,"date":"2024-02-21T15:43:30","date_gmt":"2024-02-21T15:43:30","guid":{"rendered":"https:\/\/rfblegal.co.uk\/?page_id=2429"},"modified":"2025-07-02T09:35:55","modified_gmt":"2025-07-02T09:35:55","slug":"diversita","status":"publish","type":"page","link":"https:\/\/rfblegal.co.uk\/it\/diversita\/","title":{"rendered":"Diversit\u00e0"},"content":{"rendered":"<p style=\"padding-top:var(--wp--preset--spacing--20);padding-bottom:var(--wp--preset--spacing--20)\">In Ronald Fletcher Baker crediamo fermamente che la promozione di un approccio che sostiene la diversit\u00e0, incorpora l'equit\u00e0 e promuove l'inclusione sia un ambiente che porta benefici non solo al nostro studio, ai nostri colleghi e ai nostri clienti, ma soprattutto alla societ\u00e0. Per questo motivo, la diversit\u00e0, l'equit\u00e0 e l'inclusione sono un principio fondamentale dello studio e una nostra priorit\u00e0.<\/p>\n\n\n\n<p style=\"padding-top:var(--wp--preset--spacing--20);padding-bottom:var(--wp--preset--spacing--20)\">Ci impegniamo a mantenere una cultura progressista concentrandoci sul diritto e sulle persone. Abbiamo un approccio proattivo alla Diversit\u00e0, all'Equit\u00e0 e all'Inclusione, guidato dai partner, che ne garantisce la promozione e l'integrazione in tutto lo studio, a tutti i livelli. Valorizzando le diverse esperienze e differenze, e non solo quelle accademiche, siamo in grado di creare un ambiente autentico che consente agli individui di innovare e creare senza limitazioni.<\/p>\n\n\n\n<p style=\"padding-top:var(--wp--preset--spacing--20);padding-bottom:var(--wp--preset--spacing--20)\">Le nostre convinzioni e i nostri valori fondamentali per promuovere la diversit\u00e0, l'uguaglianza e l'inclusione sono sanciti dalle nostre politiche esistenti, che vengono regolarmente riviste e aggiornate per garantire che lo studio continui a promuovere un ambiente progressista che celebri la diversit\u00e0, l'uguaglianza e l'inclusione.<\/p>\n\n\n\n<p style=\"padding-top:var(--wp--preset--spacing--20);padding-bottom:var(--wp--preset--spacing--20)\">Non si pu\u00f2 ignorare l'immenso valore della diversit\u00e0, dell'equit\u00e0 e dell'inclusione, che ci permette di promuovere l'innovazione e di concentrarci sui risultati, a vantaggio non solo del nostro personale e dei nostri clienti, ma anche di avere un impatto positivo sulla societ\u00e0.<\/p>\n\n\n\n<h3 class=\"wp-block-heading\"><strong><span style=\"text-decoration: underline;\"><a href=\"https:\/\/drive.google.com\/file\/d\/17hp2vqDXCknw0CG1dOUz1hjOrYZfBuGj\/view?usp=sharing\">Visualizza il rapporto sulla diversit\u00e0 di RFB (2025)<\/a><\/span><\/strong><\/h3>","protected":false},"excerpt":{"rendered":"<p>At Ronald Fletcher Baker, we strongly believe that by fostering an approach which supports diversity, embeds equity, and promotes inclusion is an environment which benefits not only our firm, our colleagues and our clients but more importantly society. For this reason, Diversity Equity and Inclusion is a core tenet of the firm and a fundamental &hellip; <a href=\"https:\/\/rfblegal.co.uk\/it\/diversita\/\">Continua<\/a><\/p>","protected":false},"author":5,"featured_media":2822,"parent":0,"menu_order":0,"comment_status":"closed","ping_status":"closed","template":"","meta":{"_acf_changed":false,"om_disable_all_campaigns":false,"_uf_show_specific_survey":0,"_uf_disable_surveys":false,"footnotes":""},"class_list":["post-2429","page","type-page","status-publish","has-post-thumbnail","hentry"],"acf":[],"aioseo_notices":[],"yoast_head":"<!-- This site is optimized with the Yoast SEO plugin v27.2 - https:\/\/yoast.com\/product\/yoast-seo-wordpress\/ -->\n<title>Diversity - RFB Legal<\/title>\n<meta name=\"description\" content=\"At Ronald Fletcher Baker, we strongly believe that by fostering an approach which supports diversity, embeds equity, and promotes inclusion is an\" \/>\n<meta name=\"robots\" content=\"index, follow, max-snippet:-1, max-image-preview:large, max-video-preview:-1\" \/>\n<link rel=\"canonical\" href=\"https:\/\/rfblegal.co.uk\/it\/diversita\/\" \/>\n<meta property=\"og:locale\" content=\"it_IT\" \/>\n<meta property=\"og:type\" content=\"article\" \/>\n<meta property=\"og:title\" content=\"Diversity - RFB Legal\" \/>\n<meta property=\"og:description\" content=\"At Ronald Fletcher Baker, we strongly believe that by fostering an approach which supports diversity, embeds equity, and promotes inclusion is an\" \/>\n<meta property=\"og:url\" content=\"https:\/\/rfblegal.co.uk\/it\/diversita\/\" \/>\n<meta property=\"og:site_name\" content=\"RFB Legal\" \/>\n<meta property=\"article:publisher\" content=\"https:\/\/www.facebook.com\/RFBLegal\/\" \/>\n<meta property=\"article:modified_time\" content=\"2025-07-02T09:35:55+00:00\" \/>\n<meta property=\"og:image\" content=\"https:\/\/rfblegal.co.uk\/wp-content\/uploads\/2024\/02\/Employment.jpg\" \/>\n\t<meta property=\"og:image:width\" content=\"1440\" \/>\n\t<meta property=\"og:image:height\" content=\"550\" \/>\n\t<meta property=\"og:image:type\" content=\"image\/jpeg\" \/>\n<meta name=\"twitter:card\" content=\"summary_large_image\" \/>\n<meta name=\"twitter:label1\" content=\"Est. reading time\" \/>\n\t<meta name=\"twitter:data1\" content=\"2 minuti\" \/>\n<script type=\"application\/ld+json\" class=\"yoast-schema-graph\">{\"@context\":\"https:\/\/schema.org\",\"@graph\":[{\"@type\":\"WebPage\",\"@id\":\"https:\/\/rfblegal.co.uk\/diversity\/\",\"url\":\"https:\/\/rfblegal.co.uk\/diversity\/\",\"name\":\"Diversity - RFB Legal\",\"isPartOf\":{\"@id\":\"https:\/\/rfblegal.co.uk\/#website\"},\"primaryImageOfPage\":{\"@id\":\"https:\/\/rfblegal.co.uk\/diversity\/#primaryimage\"},\"image\":{\"@id\":\"https:\/\/rfblegal.co.uk\/diversity\/#primaryimage\"},\"thumbnailUrl\":\"https:\/\/rfblegal.co.uk\/wp-content\/uploads\/2024\/02\/Employment.jpg\",\"datePublished\":\"2024-02-21T15:43:30+00:00\",\"dateModified\":\"2025-07-02T09:35:55+00:00\",\"description\":\"At Ronald Fletcher Baker, we strongly believe that by fostering an approach which supports diversity, embeds equity, and promotes inclusion is an\",\"breadcrumb\":{\"@id\":\"https:\/\/rfblegal.co.uk\/diversity\/#breadcrumb\"},\"inLanguage\":\"it-IT\",\"potentialAction\":[{\"@type\":\"ReadAction\",\"target\":[\"https:\/\/rfblegal.co.uk\/diversity\/\"]}]},{\"@type\":\"ImageObject\",\"inLanguage\":\"it-IT\",\"@id\":\"https:\/\/rfblegal.co.uk\/diversity\/#primaryimage\",\"url\":\"https:\/\/rfblegal.co.uk\/wp-content\/uploads\/2024\/02\/Employment.jpg\",\"contentUrl\":\"https:\/\/rfblegal.co.uk\/wp-content\/uploads\/2024\/02\/Employment.jpg\",\"width\":1440,\"height\":550},{\"@type\":\"BreadcrumbList\",\"@id\":\"https:\/\/rfblegal.co.uk\/diversity\/#breadcrumb\",\"itemListElement\":[{\"@type\":\"ListItem\",\"position\":1,\"name\":\"Home\",\"item\":\"https:\/\/rfblegal.co.uk\/\"},{\"@type\":\"ListItem\",\"position\":2,\"name\":\"Diversity\"}]},{\"@type\":\"WebSite\",\"@id\":\"https:\/\/rfblegal.co.uk\/#website\",\"url\":\"https:\/\/rfblegal.co.uk\/\",\"name\":\"RFB Legal\",\"description\":\"\",\"publisher\":{\"@id\":\"https:\/\/rfblegal.co.uk\/#organization\"},\"potentialAction\":[{\"@type\":\"SearchAction\",\"target\":{\"@type\":\"EntryPoint\",\"urlTemplate\":\"https:\/\/rfblegal.co.uk\/?s={search_term_string}\"},\"query-input\":{\"@type\":\"PropertyValueSpecification\",\"valueRequired\":true,\"valueName\":\"search_term_string\"}}],\"inLanguage\":\"it-IT\"},{\"@type\":\"Organization\",\"@id\":\"https:\/\/rfblegal.co.uk\/#organization\",\"name\":\"RFB Legal\",\"url\":\"https:\/\/rfblegal.co.uk\/\",\"logo\":{\"@type\":\"ImageObject\",\"inLanguage\":\"it-IT\",\"@id\":\"https:\/\/rfblegal.co.uk\/#\/schema\/logo\/image\/\",\"url\":\"https:\/\/rfblegal.co.uk\/wp-content\/uploads\/2024\/01\/header_company_logo.svg\",\"contentUrl\":\"https:\/\/rfblegal.co.uk\/wp-content\/uploads\/2024\/01\/header_company_logo.svg\",\"caption\":\"RFB Legal\"},\"image\":{\"@id\":\"https:\/\/rfblegal.co.uk\/#\/schema\/logo\/image\/\"},\"sameAs\":[\"https:\/\/www.facebook.com\/RFBLegal\/\",\"https:\/\/www.linkedin.com\/uas\/login?session_redirect=company2012282\",\"https:\/\/www.instagram.com\/rfb_legal\/\"]}]}<\/script>\n<!-- \/ Yoast SEO plugin. -->","yoast_head_json":{"title":"Diversit\u00e0 - RFB Legale","description":"Noi di Ronald Fletcher Baker crediamo fermamente che promuovere un approccio che sostenga la diversit\u00e0, incorpori l'equit\u00e0 e promuova l'inclusione sia un'occasione di crescita per i nostri clienti.","robots":{"index":"index","follow":"follow","max-snippet":"max-snippet:-1","max-image-preview":"max-image-preview:large","max-video-preview":"max-video-preview:-1"},"canonical":"https:\/\/rfblegal.co.uk\/it\/diversita\/","og_locale":"it_IT","og_type":"article","og_title":"Diversity - RFB Legal","og_description":"At Ronald Fletcher Baker, we strongly believe that by fostering an approach which supports diversity, embeds equity, and promotes inclusion is an","og_url":"https:\/\/rfblegal.co.uk\/it\/diversita\/","og_site_name":"RFB Legal","article_publisher":"https:\/\/www.facebook.com\/RFBLegal\/","article_modified_time":"2025-07-02T09:35:55+00:00","og_image":[{"width":1440,"height":550,"url":"https:\/\/rfblegal.co.uk\/wp-content\/uploads\/2024\/02\/Employment.jpg","type":"image\/jpeg"}],"twitter_card":"summary_large_image","twitter_misc":{"Est. reading time":"2 minuti"},"schema":{"@context":"https:\/\/schema.org","@graph":[{"@type":"WebPage","@id":"https:\/\/rfblegal.co.uk\/diversity\/","url":"https:\/\/rfblegal.co.uk\/diversity\/","name":"Diversit\u00e0 - RFB Legale","isPartOf":{"@id":"https:\/\/rfblegal.co.uk\/#website"},"primaryImageOfPage":{"@id":"https:\/\/rfblegal.co.uk\/diversity\/#primaryimage"},"image":{"@id":"https:\/\/rfblegal.co.uk\/diversity\/#primaryimage"},"thumbnailUrl":"https:\/\/rfblegal.co.uk\/wp-content\/uploads\/2024\/02\/Employment.jpg","datePublished":"2024-02-21T15:43:30+00:00","dateModified":"2025-07-02T09:35:55+00:00","description":"Noi di Ronald Fletcher Baker crediamo fermamente che promuovere un approccio che sostenga la diversit\u00e0, incorpori l'equit\u00e0 e promuova l'inclusione sia un'occasione di crescita per i nostri clienti.","breadcrumb":{"@id":"https:\/\/rfblegal.co.uk\/diversity\/#breadcrumb"},"inLanguage":"it-IT","potentialAction":[{"@type":"ReadAction","target":["https:\/\/rfblegal.co.uk\/diversity\/"]}]},{"@type":"ImageObject","inLanguage":"it-IT","@id":"https:\/\/rfblegal.co.uk\/diversity\/#primaryimage","url":"https:\/\/rfblegal.co.uk\/wp-content\/uploads\/2024\/02\/Employment.jpg","contentUrl":"https:\/\/rfblegal.co.uk\/wp-content\/uploads\/2024\/02\/Employment.jpg","width":1440,"height":550},{"@type":"BreadcrumbList","@id":"https:\/\/rfblegal.co.uk\/diversity\/#breadcrumb","itemListElement":[{"@type":"ListItem","position":1,"name":"Home","item":"https:\/\/rfblegal.co.uk\/"},{"@type":"ListItem","position":2,"name":"Diversity"}]},{"@type":"WebSite","@id":"https:\/\/rfblegal.co.uk\/#website","url":"https:\/\/rfblegal.co.uk\/","name":"RFB Legale","description":"","publisher":{"@id":"https:\/\/rfblegal.co.uk\/#organization"},"potentialAction":[{"@type":"SearchAction","target":{"@type":"EntryPoint","urlTemplate":"https:\/\/rfblegal.co.uk\/?s={search_term_string}"},"query-input":{"@type":"PropertyValueSpecification","valueRequired":true,"valueName":"search_term_string"}}],"inLanguage":"it-IT"},{"@type":"Organization","@id":"https:\/\/rfblegal.co.uk\/#organization","name":"RFB Legale","url":"https:\/\/rfblegal.co.uk\/","logo":{"@type":"ImageObject","inLanguage":"it-IT","@id":"https:\/\/rfblegal.co.uk\/#\/schema\/logo\/image\/","url":"https:\/\/rfblegal.co.uk\/wp-content\/uploads\/2024\/01\/header_company_logo.svg","contentUrl":"https:\/\/rfblegal.co.uk\/wp-content\/uploads\/2024\/01\/header_company_logo.svg","caption":"RFB Legal"},"image":{"@id":"https:\/\/rfblegal.co.uk\/#\/schema\/logo\/image\/"},"sameAs":["https:\/\/www.facebook.com\/RFBLegal\/","https:\/\/www.linkedin.com\/uas\/login?session_redirect=company2012282","https:\/\/www.instagram.com\/rfb_legal\/"]}]}},"_links":{"self":[{"href":"https:\/\/rfblegal.co.uk\/it\/wp-json\/wp\/v2\/pages\/2429","targetHints":{"allow":["GET"]}}],"collection":[{"href":"https:\/\/rfblegal.co.uk\/it\/wp-json\/wp\/v2\/pages"}],"about":[{"href":"https:\/\/rfblegal.co.uk\/it\/wp-json\/wp\/v2\/types\/page"}],"author":[{"embeddable":true,"href":"https:\/\/rfblegal.co.uk\/it\/wp-json\/wp\/v2\/users\/5"}],"replies":[{"embeddable":true,"href":"https:\/\/rfblegal.co.uk\/it\/wp-json\/wp\/v2\/comments?post=2429"}],"version-history":[{"count":0,"href":"https:\/\/rfblegal.co.uk\/it\/wp-json\/wp\/v2\/pages\/2429\/revisions"}],"wp:featuredmedia":[{"embeddable":true,"href":"https:\/\/rfblegal.co.uk\/it\/wp-json\/wp\/v2\/media\/2822"}],"wp:attachment":[{"href":"https:\/\/rfblegal.co.uk\/it\/wp-json\/wp\/v2\/media?parent=2429"}],"curies":[{"name":"wp","href":"https:\/\/api.w.org\/{rel}","templated":true}]}}