{"id":2359,"date":"2024-02-21T15:01:29","date_gmt":"2024-02-21T15:01:29","guid":{"rendered":"https:\/\/rfblegal.co.uk\/?page_id=2359"},"modified":"2024-02-23T08:37:06","modified_gmt":"2024-02-23T08:37:06","slug":"accordi-prematrimoniali-e-postmatrimoniali-e-protezione-del-patrimonio","status":"publish","type":"page","link":"https:\/\/rfblegal.co.uk\/it\/servizi\/diritto-personale\/divorzio-famiglia\/accordi-prematrimoniali-e-postmatrimoniali-e-protezione-del-patrimonio\/","title":{"rendered":"Accordi prematrimoniali e postmatrimoniali e protezione del patrimonio"},"content":{"rendered":"<h2 class=\"wp-block-heading has-2-xl-font-size\" style=\"padding-top:var(--wp--preset--spacing--20);padding-bottom:var(--wp--preset--spacing--20);font-style:normal;font-weight:600\">Accordi prematrimoniali e postmatrimoniali<\/h2>\n\n\n\n<h4 class=\"wp-block-heading has-lg-font-size\" style=\"padding-top:var(--wp--preset--spacing--20);padding-bottom:var(--wp--preset--spacing--20);font-style:normal;font-weight:500\"><strong>Le convenzioni matrimoniali sono accordi che mirano a regolare la distribuzione dei beni in caso di rottura del matrimonio o dell'unione civile. Possono essere stipulati prima o dopo il matrimonio o l'unione civile.<\/strong><\/h4>\n\n\n\n<p style=\"padding-top:var(--wp--preset--spacing--20);padding-bottom:var(--wp--preset--spacing--20)\">Sebbene gli accordi matrimoniali stiano guadagnando slancio e \u2018peso\u2019 all'interno dei tribunali, essi non sono vincolanti in Inghilterra e Galles e il tribunale mantiene la propria discrezionalit\u00e0 nel dividere i beni delle parti in base a ci\u00f2 che \u00e8 \u2019equo\u2018. Tuttavia, se un accordo \u00e8 stato preparato in modo adeguato ed entrambe le parti hanno ricevuto una consulenza legale sui termini dell'accordo, questo pu\u00f2 costituire un fattore preponderante per il tribunale nel decidere cosa sia \u2019equo\u2018 nel dividere i beni di un matrimonio alla sua conclusione.<\/p>\n\n\n\n<p style=\"padding-top:var(--wp--preset--spacing--20);padding-bottom:var(--wp--preset--spacing--20)\">Se state pensando di sposarvi e desiderate stipulare un contratto di matrimonio, il nostro team di esperti in materia di famiglia pu\u00f2 assistervi consigliandovi e preparando un contratto che non solo sia conforme ai requisiti per i contratti di matrimonio stabiliti dai tribunali, ma che vi fornisca anche la sicurezza, nei limiti consentiti dalla legge, di soddisfare le vostre aspettative e i vostri desideri sulla distribuzione delle finanze se il matrimonio o l'unione civile dovessero fallire.<\/p>","protected":false},"excerpt":{"rendered":"<p>Pre-Nuptial and Post-Nuptial Agreements Nuptial agreements are agreements which seek to regulate the distribution of assets upon the breakdown of a marriage or civil partnership. They can be made before or after two people marry or enter into a civil partnership. Whilst nuptial agreements are gaining momentum and \u2018weight\u2019 within the courts, they are not &hellip; <a href=\"https:\/\/rfblegal.co.uk\/it\/servizi\/diritto-personale\/divorzio-famiglia\/accordi-prematrimoniali-e-postmatrimoniali-e-protezione-del-patrimonio\/\">Continua<\/a><\/p>","protected":false},"author":1,"featured_media":2931,"parent":2344,"menu_order":0,"comment_status":"closed","ping_status":"closed","template":"tier3-template.blade.php","meta":{"_acf_changed":false,"om_disable_all_campaigns":false,"_uf_show_specific_survey":0,"_uf_disable_surveys":false,"footnotes":""},"class_list":["post-2359","page","type-page","status-publish","has-post-thumbnail","hentry"],"acf":[],"aioseo_notices":[],"yoast_head":"<!-- This site is optimized with the Yoast SEO plugin v27.2 - https:\/\/yoast.com\/product\/yoast-seo-wordpress\/ -->\n<title>Pre-nuptial and Post-nuptial Agreements and Wealth Protection - RFB Legal<\/title>\n<meta name=\"description\" content=\"Pre-Nuptial and Post-Nuptial Agreements Nuptial agreements are agreements which seek to regulate the distribution of assets upon the breakdown of a\" \/>\n<meta name=\"robots\" content=\"index, follow, max-snippet:-1, max-image-preview:large, max-video-preview:-1\" \/>\n<link rel=\"canonical\" href=\"https:\/\/rfblegal.co.uk\/it\/servizi\/diritto-personale\/divorzio-famiglia\/accordi-prematrimoniali-e-postmatrimoniali-e-protezione-del-patrimonio\/\" \/>\n<meta property=\"og:locale\" content=\"it_IT\" \/>\n<meta property=\"og:type\" content=\"article\" \/>\n<meta property=\"og:title\" content=\"Pre-nuptial and Post-nuptial Agreements and Wealth Protection - RFB Legal\" \/>\n<meta property=\"og:description\" content=\"Pre-Nuptial and Post-Nuptial Agreements Nuptial agreements are agreements which seek to regulate the distribution of assets upon the breakdown of a\" \/>\n<meta property=\"og:url\" content=\"https:\/\/rfblegal.co.uk\/it\/servizi\/diritto-personale\/divorzio-famiglia\/accordi-prematrimoniali-e-postmatrimoniali-e-protezione-del-patrimonio\/\" \/>\n<meta property=\"og:site_name\" content=\"RFB Legal\" \/>\n<meta property=\"article:publisher\" content=\"https:\/\/www.facebook.com\/RFBLegal\/\" \/>\n<meta property=\"article:modified_time\" content=\"2024-02-23T08:37:06+00:00\" \/>\n<meta property=\"og:image\" content=\"https:\/\/rfblegal.co.uk\/wp-content\/uploads\/2024\/02\/Pre-Nuptial_Post-Nuptial_Agreements.jpg\" \/>\n\t<meta property=\"og:image:width\" content=\"1440\" \/>\n\t<meta property=\"og:image:height\" content=\"550\" \/>\n\t<meta property=\"og:image:type\" content=\"image\/jpeg\" \/>\n<meta name=\"twitter:card\" content=\"summary_large_image\" \/>\n<meta name=\"twitter:label1\" content=\"Est. reading time\" \/>\n\t<meta name=\"twitter:data1\" content=\"2 minuti\" \/>\n<script type=\"application\/ld+json\" class=\"yoast-schema-graph\">{\"@context\":\"https:\/\/schema.org\",\"@graph\":[{\"@type\":\"WebPage\",\"@id\":\"https:\/\/rfblegal.co.uk\/services\/personal-law\/divorce-family\/pre-nuptial-and-post-nuptial-agreements-and-wealth-protection\/\",\"url\":\"https:\/\/rfblegal.co.uk\/services\/personal-law\/divorce-family\/pre-nuptial-and-post-nuptial-agreements-and-wealth-protection\/\",\"name\":\"Pre-nuptial and Post-nuptial Agreements and Wealth Protection - RFB Legal\",\"isPartOf\":{\"@id\":\"https:\/\/rfblegal.co.uk\/#website\"},\"primaryImageOfPage\":{\"@id\":\"https:\/\/rfblegal.co.uk\/services\/personal-law\/divorce-family\/pre-nuptial-and-post-nuptial-agreements-and-wealth-protection\/#primaryimage\"},\"image\":{\"@id\":\"https:\/\/rfblegal.co.uk\/services\/personal-law\/divorce-family\/pre-nuptial-and-post-nuptial-agreements-and-wealth-protection\/#primaryimage\"},\"thumbnailUrl\":\"https:\/\/rfblegal.co.uk\/wp-content\/uploads\/2024\/02\/Pre-Nuptial_Post-Nuptial_Agreements.jpg\",\"datePublished\":\"2024-02-21T15:01:29+00:00\",\"dateModified\":\"2024-02-23T08:37:06+00:00\",\"description\":\"Pre-Nuptial and Post-Nuptial Agreements Nuptial agreements are agreements which seek to regulate the distribution of assets upon the breakdown of a\",\"breadcrumb\":{\"@id\":\"https:\/\/rfblegal.co.uk\/services\/personal-law\/divorce-family\/pre-nuptial-and-post-nuptial-agreements-and-wealth-protection\/#breadcrumb\"},\"inLanguage\":\"it-IT\",\"potentialAction\":[{\"@type\":\"ReadAction\",\"target\":[\"https:\/\/rfblegal.co.uk\/services\/personal-law\/divorce-family\/pre-nuptial-and-post-nuptial-agreements-and-wealth-protection\/\"]}]},{\"@type\":\"ImageObject\",\"inLanguage\":\"it-IT\",\"@id\":\"https:\/\/rfblegal.co.uk\/services\/personal-law\/divorce-family\/pre-nuptial-and-post-nuptial-agreements-and-wealth-protection\/#primaryimage\",\"url\":\"https:\/\/rfblegal.co.uk\/wp-content\/uploads\/2024\/02\/Pre-Nuptial_Post-Nuptial_Agreements.jpg\",\"contentUrl\":\"https:\/\/rfblegal.co.uk\/wp-content\/uploads\/2024\/02\/Pre-Nuptial_Post-Nuptial_Agreements.jpg\",\"width\":1440,\"height\":550},{\"@type\":\"BreadcrumbList\",\"@id\":\"https:\/\/rfblegal.co.uk\/services\/personal-law\/divorce-family\/pre-nuptial-and-post-nuptial-agreements-and-wealth-protection\/#breadcrumb\",\"itemListElement\":[{\"@type\":\"ListItem\",\"position\":1,\"name\":\"Home\",\"item\":\"https:\/\/rfblegal.co.uk\/\"},{\"@type\":\"ListItem\",\"position\":2,\"name\":\"Services\",\"item\":\"https:\/\/rfblegal.co.uk\/services\/\"},{\"@type\":\"ListItem\",\"position\":3,\"name\":\"Personal Law Services\",\"item\":\"https:\/\/rfblegal.co.uk\/services\/personal-law\/\"},{\"@type\":\"ListItem\",\"position\":4,\"name\":\"Divorce &amp; Family\",\"item\":\"https:\/\/rfblegal.co.uk\/services\/personal-law\/divorce-family\/\"},{\"@type\":\"ListItem\",\"position\":5,\"name\":\"Pre-nuptial and Post-nuptial Agreements and Wealth Protection\"}]},{\"@type\":\"WebSite\",\"@id\":\"https:\/\/rfblegal.co.uk\/#website\",\"url\":\"https:\/\/rfblegal.co.uk\/\",\"name\":\"RFB Legal\",\"description\":\"\",\"publisher\":{\"@id\":\"https:\/\/rfblegal.co.uk\/#organization\"},\"potentialAction\":[{\"@type\":\"SearchAction\",\"target\":{\"@type\":\"EntryPoint\",\"urlTemplate\":\"https:\/\/rfblegal.co.uk\/?s={search_term_string}\"},\"query-input\":{\"@type\":\"PropertyValueSpecification\",\"valueRequired\":true,\"valueName\":\"search_term_string\"}}],\"inLanguage\":\"it-IT\"},{\"@type\":\"Organization\",\"@id\":\"https:\/\/rfblegal.co.uk\/#organization\",\"name\":\"RFB Legal\",\"url\":\"https:\/\/rfblegal.co.uk\/\",\"logo\":{\"@type\":\"ImageObject\",\"inLanguage\":\"it-IT\",\"@id\":\"https:\/\/rfblegal.co.uk\/#\/schema\/logo\/image\/\",\"url\":\"https:\/\/rfblegal.co.uk\/wp-content\/uploads\/2024\/01\/header_company_logo.svg\",\"contentUrl\":\"https:\/\/rfblegal.co.uk\/wp-content\/uploads\/2024\/01\/header_company_logo.svg\",\"caption\":\"RFB Legal\"},\"image\":{\"@id\":\"https:\/\/rfblegal.co.uk\/#\/schema\/logo\/image\/\"},\"sameAs\":[\"https:\/\/www.facebook.com\/RFBLegal\/\",\"https:\/\/www.linkedin.com\/uas\/login?session_redirect=company2012282\",\"https:\/\/www.instagram.com\/rfb_legal\/\"]}]}<\/script>\n<!-- \/ Yoast SEO plugin. -->","yoast_head_json":{"title":"Accordi prematrimoniali e postmatrimoniali e protezione del patrimonio - RFB Legal","description":"Accordi prematrimoniali e postmatrimoniali Gli accordi prematrimoniali sono accordi che mirano a regolare la distribuzione dei beni in caso di rottura di un rapporto di lavoro.","robots":{"index":"index","follow":"follow","max-snippet":"max-snippet:-1","max-image-preview":"max-image-preview:large","max-video-preview":"max-video-preview:-1"},"canonical":"https:\/\/rfblegal.co.uk\/it\/servizi\/diritto-personale\/divorzio-famiglia\/accordi-prematrimoniali-e-postmatrimoniali-e-protezione-del-patrimonio\/","og_locale":"it_IT","og_type":"article","og_title":"Pre-nuptial and Post-nuptial Agreements and Wealth Protection - RFB Legal","og_description":"Pre-Nuptial and Post-Nuptial Agreements Nuptial agreements are agreements which seek to regulate the distribution of assets upon the breakdown of a","og_url":"https:\/\/rfblegal.co.uk\/it\/servizi\/diritto-personale\/divorzio-famiglia\/accordi-prematrimoniali-e-postmatrimoniali-e-protezione-del-patrimonio\/","og_site_name":"RFB Legal","article_publisher":"https:\/\/www.facebook.com\/RFBLegal\/","article_modified_time":"2024-02-23T08:37:06+00:00","og_image":[{"width":1440,"height":550,"url":"https:\/\/rfblegal.co.uk\/wp-content\/uploads\/2024\/02\/Pre-Nuptial_Post-Nuptial_Agreements.jpg","type":"image\/jpeg"}],"twitter_card":"summary_large_image","twitter_misc":{"Est. reading time":"2 minuti"},"schema":{"@context":"https:\/\/schema.org","@graph":[{"@type":"WebPage","@id":"https:\/\/rfblegal.co.uk\/services\/personal-law\/divorce-family\/pre-nuptial-and-post-nuptial-agreements-and-wealth-protection\/","url":"https:\/\/rfblegal.co.uk\/services\/personal-law\/divorce-family\/pre-nuptial-and-post-nuptial-agreements-and-wealth-protection\/","name":"Accordi prematrimoniali e postmatrimoniali e protezione del patrimonio - RFB Legal","isPartOf":{"@id":"https:\/\/rfblegal.co.uk\/#website"},"primaryImageOfPage":{"@id":"https:\/\/rfblegal.co.uk\/services\/personal-law\/divorce-family\/pre-nuptial-and-post-nuptial-agreements-and-wealth-protection\/#primaryimage"},"image":{"@id":"https:\/\/rfblegal.co.uk\/services\/personal-law\/divorce-family\/pre-nuptial-and-post-nuptial-agreements-and-wealth-protection\/#primaryimage"},"thumbnailUrl":"https:\/\/rfblegal.co.uk\/wp-content\/uploads\/2024\/02\/Pre-Nuptial_Post-Nuptial_Agreements.jpg","datePublished":"2024-02-21T15:01:29+00:00","dateModified":"2024-02-23T08:37:06+00:00","description":"Accordi prematrimoniali e postmatrimoniali Gli accordi prematrimoniali sono accordi che mirano a regolare la distribuzione dei beni in caso di rottura di un rapporto di lavoro.","breadcrumb":{"@id":"https:\/\/rfblegal.co.uk\/services\/personal-law\/divorce-family\/pre-nuptial-and-post-nuptial-agreements-and-wealth-protection\/#breadcrumb"},"inLanguage":"it-IT","potentialAction":[{"@type":"ReadAction","target":["https:\/\/rfblegal.co.uk\/services\/personal-law\/divorce-family\/pre-nuptial-and-post-nuptial-agreements-and-wealth-protection\/"]}]},{"@type":"ImageObject","inLanguage":"it-IT","@id":"https:\/\/rfblegal.co.uk\/services\/personal-law\/divorce-family\/pre-nuptial-and-post-nuptial-agreements-and-wealth-protection\/#primaryimage","url":"https:\/\/rfblegal.co.uk\/wp-content\/uploads\/2024\/02\/Pre-Nuptial_Post-Nuptial_Agreements.jpg","contentUrl":"https:\/\/rfblegal.co.uk\/wp-content\/uploads\/2024\/02\/Pre-Nuptial_Post-Nuptial_Agreements.jpg","width":1440,"height":550},{"@type":"BreadcrumbList","@id":"https:\/\/rfblegal.co.uk\/services\/personal-law\/divorce-family\/pre-nuptial-and-post-nuptial-agreements-and-wealth-protection\/#breadcrumb","itemListElement":[{"@type":"ListItem","position":1,"name":"Home","item":"https:\/\/rfblegal.co.uk\/"},{"@type":"ListItem","position":2,"name":"Services","item":"https:\/\/rfblegal.co.uk\/services\/"},{"@type":"ListItem","position":3,"name":"Personal Law Services","item":"https:\/\/rfblegal.co.uk\/services\/personal-law\/"},{"@type":"ListItem","position":4,"name":"Divorce &amp; Family","item":"https:\/\/rfblegal.co.uk\/services\/personal-law\/divorce-family\/"},{"@type":"ListItem","position":5,"name":"Pre-nuptial and Post-nuptial Agreements and Wealth Protection"}]},{"@type":"WebSite","@id":"https:\/\/rfblegal.co.uk\/#website","url":"https:\/\/rfblegal.co.uk\/","name":"RFB Legale","description":"","publisher":{"@id":"https:\/\/rfblegal.co.uk\/#organization"},"potentialAction":[{"@type":"SearchAction","target":{"@type":"EntryPoint","urlTemplate":"https:\/\/rfblegal.co.uk\/?s={search_term_string}"},"query-input":{"@type":"PropertyValueSpecification","valueRequired":true,"valueName":"search_term_string"}}],"inLanguage":"it-IT"},{"@type":"Organization","@id":"https:\/\/rfblegal.co.uk\/#organization","name":"RFB Legale","url":"https:\/\/rfblegal.co.uk\/","logo":{"@type":"ImageObject","inLanguage":"it-IT","@id":"https:\/\/rfblegal.co.uk\/#\/schema\/logo\/image\/","url":"https:\/\/rfblegal.co.uk\/wp-content\/uploads\/2024\/01\/header_company_logo.svg","contentUrl":"https:\/\/rfblegal.co.uk\/wp-content\/uploads\/2024\/01\/header_company_logo.svg","caption":"RFB Legal"},"image":{"@id":"https:\/\/rfblegal.co.uk\/#\/schema\/logo\/image\/"},"sameAs":["https:\/\/www.facebook.com\/RFBLegal\/","https:\/\/www.linkedin.com\/uas\/login?session_redirect=company2012282","https:\/\/www.instagram.com\/rfb_legal\/"]}]}},"_links":{"self":[{"href":"https:\/\/rfblegal.co.uk\/it\/wp-json\/wp\/v2\/pages\/2359","targetHints":{"allow":["GET"]}}],"collection":[{"href":"https:\/\/rfblegal.co.uk\/it\/wp-json\/wp\/v2\/pages"}],"about":[{"href":"https:\/\/rfblegal.co.uk\/it\/wp-json\/wp\/v2\/types\/page"}],"author":[{"embeddable":true,"href":"https:\/\/rfblegal.co.uk\/it\/wp-json\/wp\/v2\/users\/1"}],"replies":[{"embeddable":true,"href":"https:\/\/rfblegal.co.uk\/it\/wp-json\/wp\/v2\/comments?post=2359"}],"version-history":[{"count":0,"href":"https:\/\/rfblegal.co.uk\/it\/wp-json\/wp\/v2\/pages\/2359\/revisions"}],"up":[{"embeddable":true,"href":"https:\/\/rfblegal.co.uk\/it\/wp-json\/wp\/v2\/pages\/2344"}],"wp:featuredmedia":[{"embeddable":true,"href":"https:\/\/rfblegal.co.uk\/it\/wp-json\/wp\/v2\/media\/2931"}],"wp:attachment":[{"href":"https:\/\/rfblegal.co.uk\/it\/wp-json\/wp\/v2\/media?parent=2359"}],"curies":[{"name":"wp","href":"https:\/\/api.w.org\/{rel}","templated":true}]}}