{"id":1978,"date":"2024-02-14T17:14:24","date_gmt":"2024-02-14T17:14:24","guid":{"rendered":"https:\/\/rfblegal.co.uk\/?page_id=1978"},"modified":"2026-04-15T11:12:19","modified_gmt":"2026-04-15T11:12:19","slug":"procure-e-tutele-giudiziarie","status":"publish","type":"page","link":"https:\/\/rfblegal.co.uk\/it\/servizi\/diritto-personale\/procure-e-tutele-giudiziarie\/","title":{"rendered":"Procure e tutele giudiziarie"},"content":{"rendered":"<p>Lavoriamo a stretto contatto con i nostri clienti e, se del caso, con i loro consulenti finanziari, commercialisti e avvocati stranieri, per comprendere le loro priorit\u00e0 e poter consigliare i modi pi\u00f9 efficienti dal punto di vista fiscale per trasmettere e garantire il patrimonio alle generazioni future. I trust non sono l'unico strumento a disposizione delle famiglie e il team esaminer\u00e0 l'esposizione fiscale delle famiglie e degli individui nel consigliare le strategie di conservazione del patrimonio.<\/p>\n\n\n\n<p><\/p>\n\n\n\n<p>Il team si occupa della creazione e della registrazione sia di trust vitalizi che di trust testamentari, fornendo ai clienti una consulenza esperta e chiara per garantire il miglior adattamento alle esigenze individuali del cliente. Il team \u00e8 inoltre in grado di fornire consulenza in merito a potenziali modifiche di accordi fiduciari esistenti e a come gestire un trust istituito in un testamento dopo un decesso.<\/p>\n\n\n\n<p><\/p>\n\n\n\n<p>Siamo spesso consultati anche per la gestione corrente dei trust da parte dei trustee. Ci\u00f2 pu\u00f2 includere la consulenza in relazione agli obblighi e alle dichiarazioni fiscali in corso, all'acquisizione e alla cessione di beni e alle distribuzioni a coloro che hanno diritto a beneficiare del trust. Possiamo anche fornire assistenza per la liquidazione dei trust e per gli obblighi fiscali che ne derivano.<\/p>\n\n\n\n<p><\/p>\n\n\n\n<p>Il team prepara anche dichiarazioni di trust per definire gli interessi benefici nelle propriet\u00e0, laddove questi non coincidano con la propriet\u00e0 legale, e pu\u00f2 assistere nella registrazione dei trust attraverso il Trust Registration Service, laddove sia richiesta la registrazione.<\/p>","protected":false},"excerpt":{"rendered":"<p>We work closely with our clients and where applicable their financial advisers, accountants, and foreign lawyers to understand their priorities to enable us to advise on the most tax-efficient ways of passing and securing wealth for future generations. Trusts are not the only tool available to families and the team will review the tax exposure &hellip; <a href=\"https:\/\/rfblegal.co.uk\/it\/servizi\/diritto-personale\/procure-e-tutele-giudiziarie\/\">Continua<\/a><\/p>","protected":false},"author":5,"featured_media":0,"parent":357,"menu_order":0,"comment_status":"closed","ping_status":"closed","template":"tier2-template.blade.php","meta":{"_acf_changed":false,"om_disable_all_campaigns":false,"_uf_show_specific_survey":0,"_uf_disable_surveys":false,"footnotes":""},"class_list":["post-1978","page","type-page","status-publish","hentry"],"acf":[],"aioseo_notices":[],"yoast_head":"<!-- This site is optimized with the Yoast SEO plugin v27.2 - https:\/\/yoast.com\/product\/yoast-seo-wordpress\/ -->\n<title>Powers of Attorney &amp; Court Protection - RFB Legal<\/title>\n<meta name=\"description\" content=\"We work closely with our clients and where applicable their financial advisers, accountants, and foreign lawyers to understand their priorities to enable\" \/>\n<meta name=\"robots\" content=\"index, follow, max-snippet:-1, max-image-preview:large, max-video-preview:-1\" \/>\n<link rel=\"canonical\" href=\"https:\/\/rfblegal.co.uk\/it\/servizi\/diritto-personale\/procure-e-tutele-giudiziarie\/\" \/>\n<meta property=\"og:locale\" content=\"it_IT\" \/>\n<meta property=\"og:type\" content=\"article\" \/>\n<meta property=\"og:title\" content=\"Powers of Attorney &amp; Court Protection - RFB Legal\" \/>\n<meta property=\"og:description\" content=\"We work closely with our clients and where applicable their financial advisers, accountants, and foreign lawyers to understand their priorities to enable\" \/>\n<meta property=\"og:url\" content=\"https:\/\/rfblegal.co.uk\/it\/servizi\/diritto-personale\/procure-e-tutele-giudiziarie\/\" \/>\n<meta property=\"og:site_name\" content=\"RFB Legal\" \/>\n<meta property=\"article:publisher\" content=\"https:\/\/www.facebook.com\/RFBLegal\/\" \/>\n<meta property=\"article:modified_time\" content=\"2026-04-15T11:12:19+00:00\" \/>\n<meta name=\"twitter:card\" content=\"summary_large_image\" \/>\n<meta name=\"twitter:label1\" content=\"Est. reading time\" \/>\n\t<meta name=\"twitter:data1\" content=\"1 minuto\" \/>\n<script type=\"application\/ld+json\" class=\"yoast-schema-graph\">{\"@context\":\"https:\/\/schema.org\",\"@graph\":[{\"@type\":\"WebPage\",\"@id\":\"https:\/\/rfblegal.co.uk\/services\/personal-law\/powers-of-attorney-and-court-protection\/\",\"url\":\"https:\/\/rfblegal.co.uk\/services\/personal-law\/powers-of-attorney-and-court-protection\/\",\"name\":\"Powers of Attorney &amp; Court Protection - RFB Legal\",\"isPartOf\":{\"@id\":\"https:\/\/rfblegal.co.uk\/#website\"},\"datePublished\":\"2024-02-14T17:14:24+00:00\",\"dateModified\":\"2026-04-15T11:12:19+00:00\",\"description\":\"We work closely with our clients and where applicable their financial advisers, accountants, and foreign lawyers to understand their priorities to enable\",\"breadcrumb\":{\"@id\":\"https:\/\/rfblegal.co.uk\/services\/personal-law\/powers-of-attorney-and-court-protection\/#breadcrumb\"},\"inLanguage\":\"it-IT\",\"potentialAction\":[{\"@type\":\"ReadAction\",\"target\":[\"https:\/\/rfblegal.co.uk\/services\/personal-law\/powers-of-attorney-and-court-protection\/\"]}]},{\"@type\":\"BreadcrumbList\",\"@id\":\"https:\/\/rfblegal.co.uk\/services\/personal-law\/powers-of-attorney-and-court-protection\/#breadcrumb\",\"itemListElement\":[{\"@type\":\"ListItem\",\"position\":1,\"name\":\"Home\",\"item\":\"https:\/\/rfblegal.co.uk\/\"},{\"@type\":\"ListItem\",\"position\":2,\"name\":\"Services\",\"item\":\"https:\/\/rfblegal.co.uk\/services\/\"},{\"@type\":\"ListItem\",\"position\":3,\"name\":\"Personal Law Services\",\"item\":\"https:\/\/rfblegal.co.uk\/services\/personal-law\/\"},{\"@type\":\"ListItem\",\"position\":4,\"name\":\"Powers of Attorney &amp; Court Protection\"}]},{\"@type\":\"WebSite\",\"@id\":\"https:\/\/rfblegal.co.uk\/#website\",\"url\":\"https:\/\/rfblegal.co.uk\/\",\"name\":\"RFB Legal\",\"description\":\"\",\"publisher\":{\"@id\":\"https:\/\/rfblegal.co.uk\/#organization\"},\"potentialAction\":[{\"@type\":\"SearchAction\",\"target\":{\"@type\":\"EntryPoint\",\"urlTemplate\":\"https:\/\/rfblegal.co.uk\/?s={search_term_string}\"},\"query-input\":{\"@type\":\"PropertyValueSpecification\",\"valueRequired\":true,\"valueName\":\"search_term_string\"}}],\"inLanguage\":\"it-IT\"},{\"@type\":\"Organization\",\"@id\":\"https:\/\/rfblegal.co.uk\/#organization\",\"name\":\"RFB Legal\",\"url\":\"https:\/\/rfblegal.co.uk\/\",\"logo\":{\"@type\":\"ImageObject\",\"inLanguage\":\"it-IT\",\"@id\":\"https:\/\/rfblegal.co.uk\/#\/schema\/logo\/image\/\",\"url\":\"https:\/\/rfblegal.co.uk\/wp-content\/uploads\/2024\/01\/header_company_logo.svg\",\"contentUrl\":\"https:\/\/rfblegal.co.uk\/wp-content\/uploads\/2024\/01\/header_company_logo.svg\",\"caption\":\"RFB Legal\"},\"image\":{\"@id\":\"https:\/\/rfblegal.co.uk\/#\/schema\/logo\/image\/\"},\"sameAs\":[\"https:\/\/www.facebook.com\/RFBLegal\/\",\"https:\/\/www.linkedin.com\/uas\/login?session_redirect=company2012282\",\"https:\/\/www.instagram.com\/rfb_legal\/\"]}]}<\/script>\n<!-- \/ Yoast SEO plugin. -->","yoast_head_json":{"title":"Procure e tutele giudiziarie - RFB Legal","description":"Lavoriamo a stretto contatto con i nostri clienti e, se del caso, con i loro consulenti finanziari, i loro commercialisti e i loro avvocati stranieri per comprendere le loro priorit\u00e0, in modo da consentire","robots":{"index":"index","follow":"follow","max-snippet":"max-snippet:-1","max-image-preview":"max-image-preview:large","max-video-preview":"max-video-preview:-1"},"canonical":"https:\/\/rfblegal.co.uk\/it\/servizi\/diritto-personale\/procure-e-tutele-giudiziarie\/","og_locale":"it_IT","og_type":"article","og_title":"Powers of Attorney &amp; Court Protection - RFB Legal","og_description":"We work closely with our clients and where applicable their financial advisers, accountants, and foreign lawyers to understand their priorities to enable","og_url":"https:\/\/rfblegal.co.uk\/it\/servizi\/diritto-personale\/procure-e-tutele-giudiziarie\/","og_site_name":"RFB Legal","article_publisher":"https:\/\/www.facebook.com\/RFBLegal\/","article_modified_time":"2026-04-15T11:12:19+00:00","twitter_card":"summary_large_image","twitter_misc":{"Est. reading time":"1 minuto"},"schema":{"@context":"https:\/\/schema.org","@graph":[{"@type":"WebPage","@id":"https:\/\/rfblegal.co.uk\/services\/personal-law\/powers-of-attorney-and-court-protection\/","url":"https:\/\/rfblegal.co.uk\/services\/personal-law\/powers-of-attorney-and-court-protection\/","name":"Procure e tutele giudiziarie - RFB Legal","isPartOf":{"@id":"https:\/\/rfblegal.co.uk\/#website"},"datePublished":"2024-02-14T17:14:24+00:00","dateModified":"2026-04-15T11:12:19+00:00","description":"Lavoriamo a stretto contatto con i nostri clienti e, se del caso, con i loro consulenti finanziari, i loro commercialisti e i loro avvocati stranieri per comprendere le loro priorit\u00e0, in modo da consentire","breadcrumb":{"@id":"https:\/\/rfblegal.co.uk\/services\/personal-law\/powers-of-attorney-and-court-protection\/#breadcrumb"},"inLanguage":"it-IT","potentialAction":[{"@type":"ReadAction","target":["https:\/\/rfblegal.co.uk\/services\/personal-law\/powers-of-attorney-and-court-protection\/"]}]},{"@type":"BreadcrumbList","@id":"https:\/\/rfblegal.co.uk\/services\/personal-law\/powers-of-attorney-and-court-protection\/#breadcrumb","itemListElement":[{"@type":"ListItem","position":1,"name":"Home","item":"https:\/\/rfblegal.co.uk\/"},{"@type":"ListItem","position":2,"name":"Services","item":"https:\/\/rfblegal.co.uk\/services\/"},{"@type":"ListItem","position":3,"name":"Personal Law Services","item":"https:\/\/rfblegal.co.uk\/services\/personal-law\/"},{"@type":"ListItem","position":4,"name":"Powers of Attorney &amp; Court Protection"}]},{"@type":"WebSite","@id":"https:\/\/rfblegal.co.uk\/#website","url":"https:\/\/rfblegal.co.uk\/","name":"RFB Legale","description":"","publisher":{"@id":"https:\/\/rfblegal.co.uk\/#organization"},"potentialAction":[{"@type":"SearchAction","target":{"@type":"EntryPoint","urlTemplate":"https:\/\/rfblegal.co.uk\/?s={search_term_string}"},"query-input":{"@type":"PropertyValueSpecification","valueRequired":true,"valueName":"search_term_string"}}],"inLanguage":"it-IT"},{"@type":"Organization","@id":"https:\/\/rfblegal.co.uk\/#organization","name":"RFB Legale","url":"https:\/\/rfblegal.co.uk\/","logo":{"@type":"ImageObject","inLanguage":"it-IT","@id":"https:\/\/rfblegal.co.uk\/#\/schema\/logo\/image\/","url":"https:\/\/rfblegal.co.uk\/wp-content\/uploads\/2024\/01\/header_company_logo.svg","contentUrl":"https:\/\/rfblegal.co.uk\/wp-content\/uploads\/2024\/01\/header_company_logo.svg","caption":"RFB Legal"},"image":{"@id":"https:\/\/rfblegal.co.uk\/#\/schema\/logo\/image\/"},"sameAs":["https:\/\/www.facebook.com\/RFBLegal\/","https:\/\/www.linkedin.com\/uas\/login?session_redirect=company2012282","https:\/\/www.instagram.com\/rfb_legal\/"]}]}},"_links":{"self":[{"href":"https:\/\/rfblegal.co.uk\/it\/wp-json\/wp\/v2\/pages\/1978","targetHints":{"allow":["GET"]}}],"collection":[{"href":"https:\/\/rfblegal.co.uk\/it\/wp-json\/wp\/v2\/pages"}],"about":[{"href":"https:\/\/rfblegal.co.uk\/it\/wp-json\/wp\/v2\/types\/page"}],"author":[{"embeddable":true,"href":"https:\/\/rfblegal.co.uk\/it\/wp-json\/wp\/v2\/users\/5"}],"replies":[{"embeddable":true,"href":"https:\/\/rfblegal.co.uk\/it\/wp-json\/wp\/v2\/comments?post=1978"}],"version-history":[{"count":3,"href":"https:\/\/rfblegal.co.uk\/it\/wp-json\/wp\/v2\/pages\/1978\/revisions"}],"predecessor-version":[{"id":9197,"href":"https:\/\/rfblegal.co.uk\/it\/wp-json\/wp\/v2\/pages\/1978\/revisions\/9197"}],"up":[{"embeddable":true,"href":"https:\/\/rfblegal.co.uk\/it\/wp-json\/wp\/v2\/pages\/357"}],"wp:attachment":[{"href":"https:\/\/rfblegal.co.uk\/it\/wp-json\/wp\/v2\/media?parent=1978"}],"curies":[{"name":"wp","href":"https:\/\/api.w.org\/{rel}","templated":true}]}}