{"id":6137,"date":"2025-04-10T15:26:56","date_gmt":"2025-04-10T15:26:56","guid":{"rendered":"https:\/\/rfblegal.co.uk\/?page_id=6137"},"modified":"2026-03-26T10:57:16","modified_gmt":"2026-03-26T10:57:16","slug":"transactions-immobilieres-dentreprise-et-transactions-de-wrapper-dentreprise","status":"publish","type":"page","link":"https:\/\/rfblegal.co.uk\/fr\/services\/droit-des-affaires\/entreprise-entreprise\/transactions-immobilieres-dentreprise-et-transactions-de-wrapper-dentreprise\/","title":{"rendered":"Transactions immobili\u00e8res d'entreprise et transactions d'enveloppes d'entreprise"},"content":{"rendered":"<h2 class=\"wp-block-heading\"><strong>Pourquoi la structure de l'enveloppe de l'entreprise ?<\/strong><\/h2>\n\n\n\n<p>Chez RFB, nous constatons qu'il est de plus en plus fr\u00e9quent que nos clients du secteur immobilier r\u00e9alisent une transaction o\u00f9 l'actif est un bien immobilier mais o\u00f9 la transaction est une soci\u00e9t\u00e9.<\/p>\n\n\n\n<p>Nous comprenons les exigences et les complexit\u00e9s uniques requises et, en particulier pour les fusions et les acquisitions, les avantages fiscaux significatifs li\u00e9s au choix d'acqu\u00e9rir ou de c\u00e9der les int\u00e9r\u00eats dans un v\u00e9hicule d'entreprise plut\u00f4t que d'acqu\u00e9rir le bien lui-m\u00eame.<\/p>\n\n\n\n<p>De m\u00eame, lorsque deux ou plusieurs parties se r\u00e9unissent dans un but commun, tel que le <a href=\"https:\/\/rfblegal.co.uk\/fr\/services\/droit-des-personnes\/propriete-residentielle\/\">r\u00e9sidentiel<\/a> ou le d\u00e9veloppement commercial d'un site, une entreprise commune sera souvent cr\u00e9\u00e9e. Chaque partie apportera des connaissances et des comp\u00e9tences diff\u00e9rentes, qu'il s'agisse de comp\u00e9tences en mati\u00e8re de gestion d'actifs, de construction, de connaissances et de responsabilit\u00e9s en mati\u00e8re d'environnement, de sant\u00e9 et de s\u00e9curit\u00e9. <a href=\"https:\/\/rfblegal.co.uk\/fr\/services\/droit-des-personnes\/droit-reglementaire\/\">r\u00e9glementaire<\/a> des licences li\u00e9es au bien immobilier, et\/ou des comp\u00e9tences en mati\u00e8re de tarification et de comptabilit\u00e9. Nous veillerons \u00e0 ce que des questions telles que le contr\u00f4le, le retour et les transferts correspondent \u00e0 vos int\u00e9r\u00eats strat\u00e9giques et permettent \u00e0 l'entreprise commune et \u00e0 son objectif li\u00e9 \u00e0 la propri\u00e9t\u00e9 de fonctionner et d'\u00eatre r\u00e9alis\u00e9s de mani\u00e8re optimale.<\/p>\n\n\n\n<p>Le fait de s\u00e9parer les int\u00e9r\u00eats commerciaux, par exemple les SPV, offre une plus grande flexibilit\u00e9 si vous d\u00e9cidez de vendre diff\u00e9rents actifs, car cela vous permet d'envisager des options de vente d'un actif ou du SPV si vous souhaitez r\u00e9aliser un investissement.<\/p>\n\n\n\n<h2 class=\"wp-block-heading\"><strong>Expertise et services en mati\u00e8re d'immobilier d'entreprise<\/strong><\/h2>\n\n\n\n<p>Notre \u00e9quipe Corporate and Commercial traite r\u00e9guli\u00e8rement des transactions d'achat d'actifs et d'actions impliquant des biens immobiliers. Nous comprenons donc les aspects commerciaux de l'acquisition d'actifs au meilleur taux possible et en gardant \u00e0 l'esprit les objectifs cl\u00e9s de chaque client.<\/p>\n\n\n\n<p>Notre \u00e9quipe s'occupe :<\/p>\n\n\n\n<ul class=\"wp-block-list\">\n<li><strong>Acquisitions et cessions<\/strong> - la gestion des SPV dont le seul actif est un bien immobilier, et les entreprises commerciales du secteur immobilier telles que les maisons de soins, les h\u00f4tels et les logements pour \u00e9tudiants.<\/li>\n\n\n\n<li><strong>Entreprises communes (<em>JVs<\/em>)<\/strong> qui ont pour objet de d\u00e9tenir, d'acqu\u00e9rir ou de d\u00e9velopper des biens immobiliers.<\/li>\n\n\n\n<li><strong>Structuration des investissements et des emprunts :<\/strong> la gestion d'investissements majoritaires et minoritaires dans des v\u00e9hicules d'entreprise dot\u00e9s d'actifs immobiliers, ainsi que le conseil ou la cr\u00e9ation d'accords de pr\u00eat \u00e0 destination ou en provenance de SPV<\/li>\n\n\n\n<li><strong>R\u00e9organisations et restructurations avant ou apr\u00e8s l'acquisition :<\/strong> Faciliter les transferts d'actions, les accords de gestion d'actifs, les abandons et les concessions de baux pour les groupes de biens immobiliers au sein du SPV acquis ou c\u00e9d\u00e9s.<\/li>\n<\/ul>\n\n\n\n<p>Notre approche consiste \u00e0 travailler en toute transparence avec nos avocats sp\u00e9cialis\u00e9s en droit immobilier, leaders sur le march\u00e9, afin de fournir un service coh\u00e9rent. Notre importante pratique immobili\u00e8re et nos services connexes en mati\u00e8re d'emploi et de contentieux garantissent un soutien complet.<\/p>","protected":false},"excerpt":{"rendered":"<p>Why the Corporate Wrapper Structure? At RFB, we find it increasingly common for our real estate clients to carry out a transaction where the asset is property but the transaction is a corporate one. We understand the unique requirements and complexities required, and in particular for mergers and acquisitions, the significant tax advantages in choosing &hellip; <a href=\"https:\/\/rfblegal.co.uk\/fr\/services\/droit-des-affaires\/entreprise-entreprise\/transactions-immobilieres-dentreprise-et-transactions-de-wrapper-dentreprise\/\">Suite<\/a><\/p>","protected":false},"author":5,"featured_media":6138,"parent":2597,"menu_order":0,"comment_status":"closed","ping_status":"closed","template":"tier3-template.blade.php","meta":{"_acf_changed":false,"om_disable_all_campaigns":false,"_uf_show_specific_survey":0,"_uf_disable_surveys":false,"footnotes":""},"class_list":["post-6137","page","type-page","status-publish","has-post-thumbnail","hentry"],"acf":[],"aioseo_notices":[],"yoast_head":"<!-- This site is optimized with the Yoast SEO plugin v27.2 - https:\/\/yoast.com\/product\/yoast-seo-wordpress\/ -->\n<title>Corporate Real Estate and Corporate Wrapper Transactions - RFB Legal<\/title>\n<meta name=\"description\" content=\"Why the Corporate Wrapper Structure? At RFB, we find it increasingly common for our real estate clients to carry out a transaction where the asset is\" \/>\n<meta name=\"robots\" content=\"index, follow, max-snippet:-1, max-image-preview:large, max-video-preview:-1\" \/>\n<link rel=\"canonical\" href=\"https:\/\/rfblegal.co.uk\/fr\/services\/droit-des-affaires\/entreprise-entreprise\/transactions-immobilieres-dentreprise-et-transactions-de-wrapper-dentreprise\/\" \/>\n<meta property=\"og:locale\" content=\"fr_FR\" \/>\n<meta property=\"og:type\" content=\"article\" \/>\n<meta property=\"og:title\" content=\"Corporate Real Estate and Corporate Wrapper Transactions - RFB Legal\" \/>\n<meta property=\"og:description\" content=\"Why the Corporate Wrapper Structure? At RFB, we find it increasingly common for our real estate clients to carry out a transaction where the asset is\" \/>\n<meta property=\"og:url\" content=\"https:\/\/rfblegal.co.uk\/fr\/services\/droit-des-affaires\/entreprise-entreprise\/transactions-immobilieres-dentreprise-et-transactions-de-wrapper-dentreprise\/\" \/>\n<meta property=\"og:site_name\" content=\"RFB Legal\" \/>\n<meta property=\"article:publisher\" content=\"https:\/\/www.facebook.com\/RFBLegal\/\" \/>\n<meta property=\"article:modified_time\" content=\"2026-03-26T10:57:16+00:00\" \/>\n<meta property=\"og:image\" content=\"https:\/\/rfblegal.co.uk\/wp-content\/uploads\/2025\/04\/AdobeStock_952221415-scaled.jpeg\" \/>\n\t<meta property=\"og:image:width\" content=\"2120\" \/>\n\t<meta property=\"og:image:height\" content=\"1188\" \/>\n\t<meta property=\"og:image:type\" content=\"image\/jpeg\" \/>\n<meta name=\"twitter:card\" content=\"summary_large_image\" \/>\n<meta name=\"twitter:label1\" content=\"Est. reading time\" \/>\n\t<meta name=\"twitter:data1\" content=\"2 minutes\" \/>\n<script type=\"application\/ld+json\" class=\"yoast-schema-graph\">{\"@context\":\"https:\/\/schema.org\",\"@graph\":[{\"@type\":\"WebPage\",\"@id\":\"https:\/\/rfblegal.co.uk\/services\/business-law\/business-corporate\/corporate-real-estate-and-corporate-wrapper-transactions\/\",\"url\":\"https:\/\/rfblegal.co.uk\/services\/business-law\/business-corporate\/corporate-real-estate-and-corporate-wrapper-transactions\/\",\"name\":\"Corporate Real Estate and Corporate Wrapper Transactions - RFB Legal\",\"isPartOf\":{\"@id\":\"https:\/\/rfblegal.co.uk\/#website\"},\"primaryImageOfPage\":{\"@id\":\"https:\/\/rfblegal.co.uk\/services\/business-law\/business-corporate\/corporate-real-estate-and-corporate-wrapper-transactions\/#primaryimage\"},\"image\":{\"@id\":\"https:\/\/rfblegal.co.uk\/services\/business-law\/business-corporate\/corporate-real-estate-and-corporate-wrapper-transactions\/#primaryimage\"},\"thumbnailUrl\":\"https:\/\/rfblegal.co.uk\/wp-content\/uploads\/2025\/04\/AdobeStock_952221415-scaled.jpeg\",\"datePublished\":\"2025-04-10T15:26:56+00:00\",\"dateModified\":\"2026-03-26T10:57:16+00:00\",\"description\":\"Why the Corporate Wrapper Structure? At RFB, we find it increasingly common for our real estate clients to carry out a transaction where the asset is\",\"breadcrumb\":{\"@id\":\"https:\/\/rfblegal.co.uk\/services\/business-law\/business-corporate\/corporate-real-estate-and-corporate-wrapper-transactions\/#breadcrumb\"},\"inLanguage\":\"fr-FR\",\"potentialAction\":[{\"@type\":\"ReadAction\",\"target\":[\"https:\/\/rfblegal.co.uk\/services\/business-law\/business-corporate\/corporate-real-estate-and-corporate-wrapper-transactions\/\"]}]},{\"@type\":\"ImageObject\",\"inLanguage\":\"fr-FR\",\"@id\":\"https:\/\/rfblegal.co.uk\/services\/business-law\/business-corporate\/corporate-real-estate-and-corporate-wrapper-transactions\/#primaryimage\",\"url\":\"https:\/\/rfblegal.co.uk\/wp-content\/uploads\/2025\/04\/AdobeStock_952221415-scaled.jpeg\",\"contentUrl\":\"https:\/\/rfblegal.co.uk\/wp-content\/uploads\/2025\/04\/AdobeStock_952221415-scaled.jpeg\",\"width\":2120,\"height\":1188},{\"@type\":\"BreadcrumbList\",\"@id\":\"https:\/\/rfblegal.co.uk\/services\/business-law\/business-corporate\/corporate-real-estate-and-corporate-wrapper-transactions\/#breadcrumb\",\"itemListElement\":[{\"@type\":\"ListItem\",\"position\":1,\"name\":\"Home\",\"item\":\"https:\/\/rfblegal.co.uk\/\"},{\"@type\":\"ListItem\",\"position\":2,\"name\":\"Services\",\"item\":\"https:\/\/rfblegal.co.uk\/services\/\"},{\"@type\":\"ListItem\",\"position\":3,\"name\":\"Business Law\",\"item\":\"https:\/\/rfblegal.co.uk\/services\/business-law\/\"},{\"@type\":\"ListItem\",\"position\":4,\"name\":\"Business &#8211; Corporate\",\"item\":\"https:\/\/rfblegal.co.uk\/services\/business-law\/business-corporate\/\"},{\"@type\":\"ListItem\",\"position\":5,\"name\":\"Corporate Real Estate and Corporate Wrapper Transactions\"}]},{\"@type\":\"WebSite\",\"@id\":\"https:\/\/rfblegal.co.uk\/#website\",\"url\":\"https:\/\/rfblegal.co.uk\/\",\"name\":\"RFB Legal\",\"description\":\"\",\"publisher\":{\"@id\":\"https:\/\/rfblegal.co.uk\/#organization\"},\"potentialAction\":[{\"@type\":\"SearchAction\",\"target\":{\"@type\":\"EntryPoint\",\"urlTemplate\":\"https:\/\/rfblegal.co.uk\/?s={search_term_string}\"},\"query-input\":{\"@type\":\"PropertyValueSpecification\",\"valueRequired\":true,\"valueName\":\"search_term_string\"}}],\"inLanguage\":\"fr-FR\"},{\"@type\":\"Organization\",\"@id\":\"https:\/\/rfblegal.co.uk\/#organization\",\"name\":\"RFB Legal\",\"url\":\"https:\/\/rfblegal.co.uk\/\",\"logo\":{\"@type\":\"ImageObject\",\"inLanguage\":\"fr-FR\",\"@id\":\"https:\/\/rfblegal.co.uk\/#\/schema\/logo\/image\/\",\"url\":\"https:\/\/rfblegal.co.uk\/wp-content\/uploads\/2024\/01\/header_company_logo.svg\",\"contentUrl\":\"https:\/\/rfblegal.co.uk\/wp-content\/uploads\/2024\/01\/header_company_logo.svg\",\"caption\":\"RFB Legal\"},\"image\":{\"@id\":\"https:\/\/rfblegal.co.uk\/#\/schema\/logo\/image\/\"},\"sameAs\":[\"https:\/\/www.facebook.com\/RFBLegal\/\",\"https:\/\/www.linkedin.com\/uas\/login?session_redirect=company2012282\",\"https:\/\/www.instagram.com\/rfb_legal\/\"]}]}<\/script>\n<!-- \/ Yoast SEO plugin. -->","yoast_head_json":{"title":"Transactions immobili\u00e8res d'entreprise et transactions d'enveloppes d'entreprise - RFB Legal","description":"Pourquoi la structure Corporate Wrapper ? Chez RFB, nous constatons qu'il est de plus en plus fr\u00e9quent que nos clients du secteur immobilier effectuent une transaction dans laquelle l'actif est","robots":{"index":"index","follow":"follow","max-snippet":"max-snippet:-1","max-image-preview":"max-image-preview:large","max-video-preview":"max-video-preview:-1"},"canonical":"https:\/\/rfblegal.co.uk\/fr\/services\/droit-des-affaires\/entreprise-entreprise\/transactions-immobilieres-dentreprise-et-transactions-de-wrapper-dentreprise\/","og_locale":"fr_FR","og_type":"article","og_title":"Corporate Real Estate and Corporate Wrapper Transactions - RFB Legal","og_description":"Why the Corporate Wrapper Structure? At RFB, we find it increasingly common for our real estate clients to carry out a transaction where the asset is","og_url":"https:\/\/rfblegal.co.uk\/fr\/services\/droit-des-affaires\/entreprise-entreprise\/transactions-immobilieres-dentreprise-et-transactions-de-wrapper-dentreprise\/","og_site_name":"RFB Legal","article_publisher":"https:\/\/www.facebook.com\/RFBLegal\/","article_modified_time":"2026-03-26T10:57:16+00:00","og_image":[{"width":2120,"height":1188,"url":"https:\/\/rfblegal.co.uk\/wp-content\/uploads\/2025\/04\/AdobeStock_952221415-scaled.jpeg","type":"image\/jpeg"}],"twitter_card":"summary_large_image","twitter_misc":{"Est. reading time":"2 minutes"},"schema":{"@context":"https:\/\/schema.org","@graph":[{"@type":"WebPage","@id":"https:\/\/rfblegal.co.uk\/services\/business-law\/business-corporate\/corporate-real-estate-and-corporate-wrapper-transactions\/","url":"https:\/\/rfblegal.co.uk\/services\/business-law\/business-corporate\/corporate-real-estate-and-corporate-wrapper-transactions\/","name":"Transactions immobili\u00e8res d'entreprise et transactions d'enveloppes d'entreprise - RFB Legal","isPartOf":{"@id":"https:\/\/rfblegal.co.uk\/#website"},"primaryImageOfPage":{"@id":"https:\/\/rfblegal.co.uk\/services\/business-law\/business-corporate\/corporate-real-estate-and-corporate-wrapper-transactions\/#primaryimage"},"image":{"@id":"https:\/\/rfblegal.co.uk\/services\/business-law\/business-corporate\/corporate-real-estate-and-corporate-wrapper-transactions\/#primaryimage"},"thumbnailUrl":"https:\/\/rfblegal.co.uk\/wp-content\/uploads\/2025\/04\/AdobeStock_952221415-scaled.jpeg","datePublished":"2025-04-10T15:26:56+00:00","dateModified":"2026-03-26T10:57:16+00:00","description":"Pourquoi la structure Corporate Wrapper ? Chez RFB, nous constatons qu'il est de plus en plus fr\u00e9quent que nos clients du secteur immobilier effectuent une transaction dans laquelle l'actif est","breadcrumb":{"@id":"https:\/\/rfblegal.co.uk\/services\/business-law\/business-corporate\/corporate-real-estate-and-corporate-wrapper-transactions\/#breadcrumb"},"inLanguage":"fr-FR","potentialAction":[{"@type":"ReadAction","target":["https:\/\/rfblegal.co.uk\/services\/business-law\/business-corporate\/corporate-real-estate-and-corporate-wrapper-transactions\/"]}]},{"@type":"ImageObject","inLanguage":"fr-FR","@id":"https:\/\/rfblegal.co.uk\/services\/business-law\/business-corporate\/corporate-real-estate-and-corporate-wrapper-transactions\/#primaryimage","url":"https:\/\/rfblegal.co.uk\/wp-content\/uploads\/2025\/04\/AdobeStock_952221415-scaled.jpeg","contentUrl":"https:\/\/rfblegal.co.uk\/wp-content\/uploads\/2025\/04\/AdobeStock_952221415-scaled.jpeg","width":2120,"height":1188},{"@type":"BreadcrumbList","@id":"https:\/\/rfblegal.co.uk\/services\/business-law\/business-corporate\/corporate-real-estate-and-corporate-wrapper-transactions\/#breadcrumb","itemListElement":[{"@type":"ListItem","position":1,"name":"Home","item":"https:\/\/rfblegal.co.uk\/"},{"@type":"ListItem","position":2,"name":"Services","item":"https:\/\/rfblegal.co.uk\/services\/"},{"@type":"ListItem","position":3,"name":"Business Law","item":"https:\/\/rfblegal.co.uk\/services\/business-law\/"},{"@type":"ListItem","position":4,"name":"Business &#8211; Corporate","item":"https:\/\/rfblegal.co.uk\/services\/business-law\/business-corporate\/"},{"@type":"ListItem","position":5,"name":"Corporate Real Estate and Corporate Wrapper Transactions"}]},{"@type":"WebSite","@id":"https:\/\/rfblegal.co.uk\/#website","url":"https:\/\/rfblegal.co.uk\/","name":"Appel d'offres juridique","description":"","publisher":{"@id":"https:\/\/rfblegal.co.uk\/#organization"},"potentialAction":[{"@type":"SearchAction","target":{"@type":"EntryPoint","urlTemplate":"https:\/\/rfblegal.co.uk\/?s={search_term_string}"},"query-input":{"@type":"PropertyValueSpecification","valueRequired":true,"valueName":"search_term_string"}}],"inLanguage":"fr-FR"},{"@type":"Organization","@id":"https:\/\/rfblegal.co.uk\/#organization","name":"Appel d'offres juridique","url":"https:\/\/rfblegal.co.uk\/","logo":{"@type":"ImageObject","inLanguage":"fr-FR","@id":"https:\/\/rfblegal.co.uk\/#\/schema\/logo\/image\/","url":"https:\/\/rfblegal.co.uk\/wp-content\/uploads\/2024\/01\/header_company_logo.svg","contentUrl":"https:\/\/rfblegal.co.uk\/wp-content\/uploads\/2024\/01\/header_company_logo.svg","caption":"RFB Legal"},"image":{"@id":"https:\/\/rfblegal.co.uk\/#\/schema\/logo\/image\/"},"sameAs":["https:\/\/www.facebook.com\/RFBLegal\/","https:\/\/www.linkedin.com\/uas\/login?session_redirect=company2012282","https:\/\/www.instagram.com\/rfb_legal\/"]}]}},"_links":{"self":[{"href":"https:\/\/rfblegal.co.uk\/fr\/wp-json\/wp\/v2\/pages\/6137","targetHints":{"allow":["GET"]}}],"collection":[{"href":"https:\/\/rfblegal.co.uk\/fr\/wp-json\/wp\/v2\/pages"}],"about":[{"href":"https:\/\/rfblegal.co.uk\/fr\/wp-json\/wp\/v2\/types\/page"}],"author":[{"embeddable":true,"href":"https:\/\/rfblegal.co.uk\/fr\/wp-json\/wp\/v2\/users\/5"}],"replies":[{"embeddable":true,"href":"https:\/\/rfblegal.co.uk\/fr\/wp-json\/wp\/v2\/comments?post=6137"}],"version-history":[{"count":1,"href":"https:\/\/rfblegal.co.uk\/fr\/wp-json\/wp\/v2\/pages\/6137\/revisions"}],"predecessor-version":[{"id":9081,"href":"https:\/\/rfblegal.co.uk\/fr\/wp-json\/wp\/v2\/pages\/6137\/revisions\/9081"}],"up":[{"embeddable":true,"href":"https:\/\/rfblegal.co.uk\/fr\/wp-json\/wp\/v2\/pages\/2597"}],"wp:featuredmedia":[{"embeddable":true,"href":"https:\/\/rfblegal.co.uk\/fr\/wp-json\/wp\/v2\/media\/6138"}],"wp:attachment":[{"href":"https:\/\/rfblegal.co.uk\/fr\/wp-json\/wp\/v2\/media?parent=6137"}],"curies":[{"name":"wp","href":"https:\/\/api.w.org\/{rel}","templated":true}]}}