{"id":6129,"date":"2025-04-10T14:44:42","date_gmt":"2025-04-10T14:44:42","guid":{"rendered":"https:\/\/rfblegal.co.uk\/?page_id=6129"},"modified":"2026-03-26T10:56:21","modified_gmt":"2026-03-26T10:56:21","slug":"secteurs-commerciaux-reglementes","status":"publish","type":"page","link":"https:\/\/rfblegal.co.uk\/fr\/services\/droit-des-affaires\/entreprise-entreprise\/secteurs-commerciaux-reglementes\/","title":{"rendered":"Secteurs commerciaux r\u00e9glement\u00e9s"},"content":{"rendered":"<p>Nous proposons une gamme compl\u00e8te de services de droit des affaires pour les entreprises r\u00e9glement\u00e9es telles que les maisons de soins, les opticiens, les pharmacies et les cabinets v\u00e9t\u00e9rinaires. Ces services sont con\u00e7us pour prot\u00e9ger vos int\u00e9r\u00eats, soutenir vos objectifs et garantir la conformit\u00e9 \u00e0 chaque \u00e9tape. Que vous soyez une jeune entreprise ambitieuse ou une organisation bien \u00e9tablie, que vous achetiez ou vendiez un cabinet, nos conseils sont adapt\u00e9s \u00e0 vos besoins.<\/p>\n\n\n\n<p>Notre \u00e9quipe de sp\u00e9cialistes des entreprises et du commerce vous guidera dans toutes vos d\u00e9cisions et vous aidera \u00e0 faire des choix s\u00fbrs et \u00e9clair\u00e9s dans des domaines tels que les suivants<\/p>\n\n\n\n<ul class=\"wp-block-list\">\n<li>Comprendre les notions de goodwill et de participation et leur importance dans les accords de vente et d'achat<\/li>\n\n\n\n<li>Propri\u00e9t\u00e9 et d\u00e9veloppement de la chirurgie<\/li>\n\n\n\n<li>Constitution, cr\u00e9ation de LLP<\/li>\n\n\n\n<li>Partenariat, partage des d\u00e9penses et contrats d'entreprise<\/li>\n\n\n\n<li>R\u00e9glementation professionnelle et enregistrement :<br>Proc\u00e9dures de la Care Quality Commission (CQC), aptitude \u00e0 la pratique et questions RVCS, questions GPhc, changement de propri\u00e9taire et r\u00e9glementations en mati\u00e8re de relocalisation, NHS <a href=\"https:\/\/rfblegal.co.uk\/fr\/services\/droit-des-personnes\/droit-reglementaire\/\">r\u00e9glementaire<\/a> et les questions contractuelles,\u00a0<\/li>\n\n\n\n<li>Ventes et achats<\/li>\n\n\n\n<li>Exigences en mati\u00e8re de sant\u00e9 et de s\u00e9curit\u00e9<\/li>\n<\/ul>\n\n\n\n<h2 class=\"wp-block-heading\">Vente et achat de diverses pratiques professionnelles&nbsp;<\/h2>\n\n\n\n<p>Nous pouvons vous aider dans la vente et l'achat de maisons de soins priv\u00e9es et publiques, de pharmacies et de cabinets v\u00e9t\u00e9rinaires. Nous pouvons vous fournir des conseils sp\u00e9cialis\u00e9s dans les domaines suivants<\/p>\n\n\n\n<ul class=\"wp-block-list\">\n<li>Processus de diligence raisonnable - \u00e9valuation de la salle de donn\u00e9es et consid\u00e9rations cl\u00e9s sur l'actif et l'entreprise que vous souhaitez acqu\u00e9rir ou vendre et toute information \u00e0 fournir pour prot\u00e9ger vos int\u00e9r\u00eats.<\/li>\n\n\n\n<li>Transfert des contrats du NHS<\/li>\n\n\n\n<li>Processus d'enregistrement aupr\u00e8s de la CQC<\/li>\n\n\n\n<li>Transferts de personnel et application \u00e9ventuelle du r\u00e8glement TUPE<\/li>\n\n\n\n<li>Limitation de la responsabilit\u00e9<\/li>\n\n\n\n<li>Transfert de propri\u00e9t\u00e9<\/li>\n\n\n\n<li>Travail dans le secteur bancaire et financier<\/li>\n<\/ul>\n\n\n\n<p>Pour savoir comment nos avocats sp\u00e9cialis\u00e9s en droit des soci\u00e9t\u00e9s et en droit commercial peuvent vous aider, vous et votre entreprise, veuillez contacter notre \u00e9quipe \u00e0 l'adresse suivante <a href=\"tel:020 7613 1402\">020 7613 1402<\/a>.<\/p>","protected":false},"excerpt":{"rendered":"<p>Nous offrons une gamme compl\u00e8te de services de droit des affaires pour les entreprises r\u00e9glement\u00e9es telles que les maisons de soins, les opticiens, les pharmacies et les cabinets v\u00e9t\u00e9rinaires, con\u00e7us pour prot\u00e9ger vos int\u00e9r\u00eats, soutenir vos objectifs et assurer la conformit\u00e9 \u00e0 chaque \u00e9tape. Que vous soyez une jeune entreprise ambitieuse ou une organisation bien \u00e9tablie, que vous achetiez ou vendiez un cabinet, nos conseils sont adapt\u00e9s ... <a href=\"https:\/\/rfblegal.co.uk\/fr\/services\/droit-des-affaires\/entreprise-entreprise\/secteurs-commerciaux-reglementes\/\">Suite<\/a><\/p>","protected":false},"author":5,"featured_media":6132,"parent":2597,"menu_order":0,"comment_status":"closed","ping_status":"closed","template":"tier3-template.blade.php","meta":{"_acf_changed":false,"om_disable_all_campaigns":false,"_uf_show_specific_survey":0,"_uf_disable_surveys":false,"footnotes":""},"class_list":["post-6129","page","type-page","status-publish","has-post-thumbnail","hentry"],"acf":[],"aioseo_notices":[],"yoast_head":"<!-- This site is optimized with the Yoast SEO plugin v27.2 - https:\/\/yoast.com\/product\/yoast-seo-wordpress\/ -->\n<title>Commercial Regulated Sectors - RFB Legal<\/title>\n<meta name=\"description\" content=\"We offer a comprehensive range of business law services for regulated businesses such as care homes, opticians, pharmacies, and veterinary practices,\" \/>\n<meta name=\"robots\" content=\"index, follow, max-snippet:-1, max-image-preview:large, max-video-preview:-1\" \/>\n<link rel=\"canonical\" href=\"https:\/\/rfblegal.co.uk\/fr\/services\/droit-des-affaires\/entreprise-entreprise\/secteurs-commerciaux-reglementes\/\" \/>\n<meta property=\"og:locale\" content=\"fr_FR\" \/>\n<meta property=\"og:type\" content=\"article\" \/>\n<meta property=\"og:title\" content=\"Commercial Regulated Sectors - RFB Legal\" \/>\n<meta property=\"og:description\" content=\"We offer a comprehensive range of business law services for regulated businesses such as care homes, opticians, pharmacies, and veterinary practices,\" \/>\n<meta property=\"og:url\" content=\"https:\/\/rfblegal.co.uk\/fr\/services\/droit-des-affaires\/entreprise-entreprise\/secteurs-commerciaux-reglementes\/\" \/>\n<meta property=\"og:site_name\" content=\"RFB Legal\" \/>\n<meta property=\"article:publisher\" content=\"https:\/\/www.facebook.com\/RFBLegal\/\" \/>\n<meta property=\"article:modified_time\" content=\"2026-03-26T10:56:21+00:00\" \/>\n<meta property=\"og:image\" content=\"https:\/\/rfblegal.co.uk\/wp-content\/uploads\/2025\/04\/AdobeStock_400427216-scaled.jpeg\" \/>\n\t<meta property=\"og:image:width\" content=\"2120\" \/>\n\t<meta property=\"og:image:height\" content=\"1193\" \/>\n\t<meta property=\"og:image:type\" content=\"image\/jpeg\" \/>\n<meta name=\"twitter:card\" content=\"summary_large_image\" \/>\n<meta name=\"twitter:label1\" content=\"Est. reading time\" \/>\n\t<meta name=\"twitter:data1\" content=\"2 minutes\" \/>\n<script type=\"application\/ld+json\" class=\"yoast-schema-graph\">{\"@context\":\"https:\/\/schema.org\",\"@graph\":[{\"@type\":\"WebPage\",\"@id\":\"https:\/\/rfblegal.co.uk\/services\/business-law\/business-corporate\/commercial-regulated-sectors\/\",\"url\":\"https:\/\/rfblegal.co.uk\/services\/business-law\/business-corporate\/commercial-regulated-sectors\/\",\"name\":\"Commercial Regulated Sectors - RFB Legal\",\"isPartOf\":{\"@id\":\"https:\/\/rfblegal.co.uk\/#website\"},\"primaryImageOfPage\":{\"@id\":\"https:\/\/rfblegal.co.uk\/services\/business-law\/business-corporate\/commercial-regulated-sectors\/#primaryimage\"},\"image\":{\"@id\":\"https:\/\/rfblegal.co.uk\/services\/business-law\/business-corporate\/commercial-regulated-sectors\/#primaryimage\"},\"thumbnailUrl\":\"https:\/\/rfblegal.co.uk\/wp-content\/uploads\/2025\/04\/AdobeStock_400427216-scaled.jpeg\",\"datePublished\":\"2025-04-10T14:44:42+00:00\",\"dateModified\":\"2026-03-26T10:56:21+00:00\",\"description\":\"We offer a comprehensive range of business law services for regulated businesses such as care homes, opticians, pharmacies, and veterinary practices,\",\"breadcrumb\":{\"@id\":\"https:\/\/rfblegal.co.uk\/services\/business-law\/business-corporate\/commercial-regulated-sectors\/#breadcrumb\"},\"inLanguage\":\"fr-FR\",\"potentialAction\":[{\"@type\":\"ReadAction\",\"target\":[\"https:\/\/rfblegal.co.uk\/services\/business-law\/business-corporate\/commercial-regulated-sectors\/\"]}]},{\"@type\":\"ImageObject\",\"inLanguage\":\"fr-FR\",\"@id\":\"https:\/\/rfblegal.co.uk\/services\/business-law\/business-corporate\/commercial-regulated-sectors\/#primaryimage\",\"url\":\"https:\/\/rfblegal.co.uk\/wp-content\/uploads\/2025\/04\/AdobeStock_400427216-scaled.jpeg\",\"contentUrl\":\"https:\/\/rfblegal.co.uk\/wp-content\/uploads\/2025\/04\/AdobeStock_400427216-scaled.jpeg\",\"width\":2120,\"height\":1193,\"caption\":\"Pharmacy Drugstore Checkout Cashier Counter: Mature Female Pharmacist and Young Woman Using Contactless Payment NFC Smartphone to Buy Prescription Medicine, Vitamins, Beauty, Health Care Products\"},{\"@type\":\"BreadcrumbList\",\"@id\":\"https:\/\/rfblegal.co.uk\/services\/business-law\/business-corporate\/commercial-regulated-sectors\/#breadcrumb\",\"itemListElement\":[{\"@type\":\"ListItem\",\"position\":1,\"name\":\"Home\",\"item\":\"https:\/\/rfblegal.co.uk\/\"},{\"@type\":\"ListItem\",\"position\":2,\"name\":\"Services\",\"item\":\"https:\/\/rfblegal.co.uk\/services\/\"},{\"@type\":\"ListItem\",\"position\":3,\"name\":\"Business Law\",\"item\":\"https:\/\/rfblegal.co.uk\/services\/business-law\/\"},{\"@type\":\"ListItem\",\"position\":4,\"name\":\"Business &#8211; Corporate\",\"item\":\"https:\/\/rfblegal.co.uk\/services\/business-law\/business-corporate\/\"},{\"@type\":\"ListItem\",\"position\":5,\"name\":\"Commercial Regulated Sectors\"}]},{\"@type\":\"WebSite\",\"@id\":\"https:\/\/rfblegal.co.uk\/#website\",\"url\":\"https:\/\/rfblegal.co.uk\/\",\"name\":\"RFB Legal\",\"description\":\"\",\"publisher\":{\"@id\":\"https:\/\/rfblegal.co.uk\/#organization\"},\"potentialAction\":[{\"@type\":\"SearchAction\",\"target\":{\"@type\":\"EntryPoint\",\"urlTemplate\":\"https:\/\/rfblegal.co.uk\/?s={search_term_string}\"},\"query-input\":{\"@type\":\"PropertyValueSpecification\",\"valueRequired\":true,\"valueName\":\"search_term_string\"}}],\"inLanguage\":\"fr-FR\"},{\"@type\":\"Organization\",\"@id\":\"https:\/\/rfblegal.co.uk\/#organization\",\"name\":\"RFB Legal\",\"url\":\"https:\/\/rfblegal.co.uk\/\",\"logo\":{\"@type\":\"ImageObject\",\"inLanguage\":\"fr-FR\",\"@id\":\"https:\/\/rfblegal.co.uk\/#\/schema\/logo\/image\/\",\"url\":\"https:\/\/rfblegal.co.uk\/wp-content\/uploads\/2024\/01\/header_company_logo.svg\",\"contentUrl\":\"https:\/\/rfblegal.co.uk\/wp-content\/uploads\/2024\/01\/header_company_logo.svg\",\"caption\":\"RFB Legal\"},\"image\":{\"@id\":\"https:\/\/rfblegal.co.uk\/#\/schema\/logo\/image\/\"},\"sameAs\":[\"https:\/\/www.facebook.com\/RFBLegal\/\",\"https:\/\/www.linkedin.com\/uas\/login?session_redirect=company2012282\",\"https:\/\/www.instagram.com\/rfb_legal\/\"]}]}<\/script>\n<!-- \/ Yoast SEO plugin. -->","yoast_head_json":{"title":"Secteurs commerciaux r\u00e9glement\u00e9s - Appel d'offres juridique","description":"Nous proposons une gamme compl\u00e8te de services de droit des affaires pour les entreprises r\u00e9glement\u00e9es telles que les maisons de soins, les opticiens, les pharmacies et les cabinets v\u00e9t\u00e9rinaires,","robots":{"index":"index","follow":"follow","max-snippet":"max-snippet:-1","max-image-preview":"max-image-preview:large","max-video-preview":"max-video-preview:-1"},"canonical":"https:\/\/rfblegal.co.uk\/fr\/services\/droit-des-affaires\/entreprise-entreprise\/secteurs-commerciaux-reglementes\/","og_locale":"fr_FR","og_type":"article","og_title":"Commercial Regulated Sectors - RFB Legal","og_description":"We offer a comprehensive range of business law services for regulated businesses such as care homes, opticians, pharmacies, and veterinary practices,","og_url":"https:\/\/rfblegal.co.uk\/fr\/services\/droit-des-affaires\/entreprise-entreprise\/secteurs-commerciaux-reglementes\/","og_site_name":"RFB Legal","article_publisher":"https:\/\/www.facebook.com\/RFBLegal\/","article_modified_time":"2026-03-26T10:56:21+00:00","og_image":[{"width":2120,"height":1193,"url":"https:\/\/rfblegal.co.uk\/wp-content\/uploads\/2025\/04\/AdobeStock_400427216-scaled.jpeg","type":"image\/jpeg"}],"twitter_card":"summary_large_image","twitter_misc":{"Est. reading time":"2 minutes"},"schema":{"@context":"https:\/\/schema.org","@graph":[{"@type":"WebPage","@id":"https:\/\/rfblegal.co.uk\/services\/business-law\/business-corporate\/commercial-regulated-sectors\/","url":"https:\/\/rfblegal.co.uk\/services\/business-law\/business-corporate\/commercial-regulated-sectors\/","name":"Secteurs commerciaux r\u00e9glement\u00e9s - Appel d'offres juridique","isPartOf":{"@id":"https:\/\/rfblegal.co.uk\/#website"},"primaryImageOfPage":{"@id":"https:\/\/rfblegal.co.uk\/services\/business-law\/business-corporate\/commercial-regulated-sectors\/#primaryimage"},"image":{"@id":"https:\/\/rfblegal.co.uk\/services\/business-law\/business-corporate\/commercial-regulated-sectors\/#primaryimage"},"thumbnailUrl":"https:\/\/rfblegal.co.uk\/wp-content\/uploads\/2025\/04\/AdobeStock_400427216-scaled.jpeg","datePublished":"2025-04-10T14:44:42+00:00","dateModified":"2026-03-26T10:56:21+00:00","description":"Nous proposons une gamme compl\u00e8te de services de droit des affaires pour les entreprises r\u00e9glement\u00e9es telles que les maisons de soins, les opticiens, les pharmacies et les cabinets v\u00e9t\u00e9rinaires,","breadcrumb":{"@id":"https:\/\/rfblegal.co.uk\/services\/business-law\/business-corporate\/commercial-regulated-sectors\/#breadcrumb"},"inLanguage":"fr-FR","potentialAction":[{"@type":"ReadAction","target":["https:\/\/rfblegal.co.uk\/services\/business-law\/business-corporate\/commercial-regulated-sectors\/"]}]},{"@type":"ImageObject","inLanguage":"fr-FR","@id":"https:\/\/rfblegal.co.uk\/services\/business-law\/business-corporate\/commercial-regulated-sectors\/#primaryimage","url":"https:\/\/rfblegal.co.uk\/wp-content\/uploads\/2025\/04\/AdobeStock_400427216-scaled.jpeg","contentUrl":"https:\/\/rfblegal.co.uk\/wp-content\/uploads\/2025\/04\/AdobeStock_400427216-scaled.jpeg","width":2120,"height":1193,"caption":"Pharmacy Drugstore Checkout Cashier Counter: Mature Female Pharmacist and Young Woman Using Contactless Payment NFC Smartphone to Buy Prescription Medicine, Vitamins, Beauty, Health Care Products"},{"@type":"BreadcrumbList","@id":"https:\/\/rfblegal.co.uk\/services\/business-law\/business-corporate\/commercial-regulated-sectors\/#breadcrumb","itemListElement":[{"@type":"ListItem","position":1,"name":"Home","item":"https:\/\/rfblegal.co.uk\/"},{"@type":"ListItem","position":2,"name":"Services","item":"https:\/\/rfblegal.co.uk\/services\/"},{"@type":"ListItem","position":3,"name":"Business Law","item":"https:\/\/rfblegal.co.uk\/services\/business-law\/"},{"@type":"ListItem","position":4,"name":"Business &#8211; Corporate","item":"https:\/\/rfblegal.co.uk\/services\/business-law\/business-corporate\/"},{"@type":"ListItem","position":5,"name":"Commercial Regulated Sectors"}]},{"@type":"WebSite","@id":"https:\/\/rfblegal.co.uk\/#website","url":"https:\/\/rfblegal.co.uk\/","name":"Appel d'offres juridique","description":"","publisher":{"@id":"https:\/\/rfblegal.co.uk\/#organization"},"potentialAction":[{"@type":"SearchAction","target":{"@type":"EntryPoint","urlTemplate":"https:\/\/rfblegal.co.uk\/?s={search_term_string}"},"query-input":{"@type":"PropertyValueSpecification","valueRequired":true,"valueName":"search_term_string"}}],"inLanguage":"fr-FR"},{"@type":"Organization","@id":"https:\/\/rfblegal.co.uk\/#organization","name":"Appel d'offres juridique","url":"https:\/\/rfblegal.co.uk\/","logo":{"@type":"ImageObject","inLanguage":"fr-FR","@id":"https:\/\/rfblegal.co.uk\/#\/schema\/logo\/image\/","url":"https:\/\/rfblegal.co.uk\/wp-content\/uploads\/2024\/01\/header_company_logo.svg","contentUrl":"https:\/\/rfblegal.co.uk\/wp-content\/uploads\/2024\/01\/header_company_logo.svg","caption":"RFB Legal"},"image":{"@id":"https:\/\/rfblegal.co.uk\/#\/schema\/logo\/image\/"},"sameAs":["https:\/\/www.facebook.com\/RFBLegal\/","https:\/\/www.linkedin.com\/uas\/login?session_redirect=company2012282","https:\/\/www.instagram.com\/rfb_legal\/"]}]}},"_links":{"self":[{"href":"https:\/\/rfblegal.co.uk\/fr\/wp-json\/wp\/v2\/pages\/6129","targetHints":{"allow":["GET"]}}],"collection":[{"href":"https:\/\/rfblegal.co.uk\/fr\/wp-json\/wp\/v2\/pages"}],"about":[{"href":"https:\/\/rfblegal.co.uk\/fr\/wp-json\/wp\/v2\/types\/page"}],"author":[{"embeddable":true,"href":"https:\/\/rfblegal.co.uk\/fr\/wp-json\/wp\/v2\/users\/5"}],"replies":[{"embeddable":true,"href":"https:\/\/rfblegal.co.uk\/fr\/wp-json\/wp\/v2\/comments?post=6129"}],"version-history":[{"count":1,"href":"https:\/\/rfblegal.co.uk\/fr\/wp-json\/wp\/v2\/pages\/6129\/revisions"}],"predecessor-version":[{"id":9080,"href":"https:\/\/rfblegal.co.uk\/fr\/wp-json\/wp\/v2\/pages\/6129\/revisions\/9080"}],"up":[{"embeddable":true,"href":"https:\/\/rfblegal.co.uk\/fr\/wp-json\/wp\/v2\/pages\/2597"}],"wp:featuredmedia":[{"embeddable":true,"href":"https:\/\/rfblegal.co.uk\/fr\/wp-json\/wp\/v2\/media\/6132"}],"wp:attachment":[{"href":"https:\/\/rfblegal.co.uk\/fr\/wp-json\/wp\/v2\/media?parent=6129"}],"curies":[{"name":"wp","href":"https:\/\/api.w.org\/{rel}","templated":true}]}}