{"id":6118,"date":"2025-04-10T11:50:19","date_gmt":"2025-04-10T11:50:19","guid":{"rendered":"https:\/\/rfblegal.co.uk\/?page_id=6118"},"modified":"2026-03-26T10:58:30","modified_gmt":"2026-03-26T10:58:30","slug":"franchise","status":"publish","type":"page","link":"https:\/\/rfblegal.co.uk\/fr\/services\/droit-des-affaires\/entreprise-entreprise\/franchise\/","title":{"rendered":"Franchise"},"content":{"rendered":"<h2 class=\"wp-block-heading\"><strong>Services juridiques pour le franchisage<\/strong><\/h2>\n\n\n\n<p>Le d\u00e9veloppement de votre entreprise par le biais de la franchise est un moyen strat\u00e9gique d'\u00e9tendre vos activit\u00e9s, d'am\u00e9liorer l'exp\u00e9rience de vos clients, de renforcer la reconnaissance de votre marque et de g\u00e9n\u00e9rer des flux de revenus suppl\u00e9mentaires. Le secteur de la franchise continue de cro\u00eetre d'ann\u00e9e en ann\u00e9e, le mod\u00e8le s\u00e9duisant \u00e0 la fois les entreprises existantes et celles qui cherchent une alternative \u00e0 la cr\u00e9ation de leur propre entreprise. Le mod\u00e8le commercial s'est av\u00e9r\u00e9 fructueux pour de nombreuses entreprises, mais comme toute autre entreprise, une franchise n\u00e9cessite une r\u00e9flexion, une planification et une gestion approfondies pour r\u00e9ussir. Nos juristes experts en franchisage fournissent des services juridiques complets pour guider les entreprises \u00e0 chaque \u00e9tape du processus de franchisage.<\/p>\n\n\n\n<h2 class=\"wp-block-heading\"><strong>Nos services de franchisage<\/strong><\/h2>\n\n\n\n<h3 class=\"wp-block-heading\"><strong>R\u00e9daction et r\u00e9vision de l'accord de franchise<\/strong><\/h3>\n\n\n\n<p>Le contrat de franchise est le fondement de toute relation de franchise. Nos avocats r\u00e9digent et examinent les contrats afin de s'assurer qu'ils sont juridiquement solides, conformes aux lois britanniques sur la franchise et qu'ils prot\u00e8gent vos int\u00e9r\u00eats tout en pr\u00e9servant l'\u00e9quit\u00e9 pour les franchis\u00e9s.<\/p>\n\n\n\n<h3 class=\"wp-block-heading\"><strong>Documents d'information sur les franchises<\/strong><\/h3>\n\n\n\n<p>La fourniture d'une documentation claire et transparente sur la franchise est essentielle pour <a href=\"https:\/\/rfblegal.co.uk\/fr\/services\/droit-des-personnes\/droit-reglementaire\/\">r\u00e9glementaire<\/a> la conformit\u00e9 et l'instauration d'un climat de confiance avec les franchis\u00e9s potentiels. Nous participons \u00e0 la pr\u00e9paration et \u00e0 la r\u00e9vision de ces documents afin d'en garantir l'exactitude et l'int\u00e9grit\u00e9 juridique.<\/p>\n\n\n\n<h3 class=\"wp-block-heading\"><strong>Protection de la propri\u00e9t\u00e9 intellectuelle<\/strong><\/h3>\n\n\n\n<p>L'identit\u00e9 de votre marque, vos valeurs fondamentales, vos marques d\u00e9pos\u00e9es et votre mod\u00e8le d'entreprise sont des atouts essentiels. Nous vous aidons \u00e0 prot\u00e9ger votre propri\u00e9t\u00e9 intellectuelle, en veillant \u00e0 ce que l'identit\u00e9 de votre marque et vos m\u00e9thodes commerciales restent s\u00e9curis\u00e9es dans le cadre de la franchise.<\/p>\n\n\n\n<h3 class=\"wp-block-heading\"><strong>Conformit\u00e9 des franchises et conseils en mati\u00e8re de r\u00e9glementation<\/strong><\/h3>\n\n\n\n<p>Le franchisage au Royaume-Uni est r\u00e9gi par diverses lois et par les meilleures pratiques du secteur. L'\u00e9quipe de RFB veille \u00e0 ce que votre mod\u00e8le de franchise respecte toutes les normes juridiques et \u00e9thiques pertinentes, y compris la conformit\u00e9 \u00e0 la marque et au code de d\u00e9ontologie de la British Franchise Association (BFA).<\/p>\n\n\n\n<h3 class=\"wp-block-heading\"><strong>R\u00e9solution des litiges en mati\u00e8re de franchise<\/strong><\/h3>\n\n\n\n<p>Des conflits peuvent survenir dans toute relation d'affaires. Nous apportons un soutien juridique sp\u00e9cialis\u00e9 dans la r\u00e9solution des conflits entre franchiseurs et franchis\u00e9s par la n\u00e9gociation, la m\u00e9diation ou le contentieux si n\u00e9cessaire. RFB dispose d'un service de contentieux qui collabore avec notre \u00e9quipe commerciale et d'entreprise pour soutenir la m\u00e9diation et l'arbitrage, ainsi que pour fournir des conseils sur les sorties de partenaires franchis\u00e9s et les r\u00e8glements si la question ne peut \u00eatre r\u00e9solue.<\/p>\n\n\n\n<h3 class=\"wp-block-heading\"><strong>Strat\u00e9gies de revente et de sortie de franchise<\/strong><\/h3>\n\n\n\n<p>Lorsque les franchis\u00e9s souhaitent vendre leur entreprise ou sortir du contrat, nous facilitons les transitions en douceur, en veillant au respect de la l\u00e9gislation et en prot\u00e9geant les int\u00e9r\u00eats des deux parties.<\/p>\n\n\n\n<h2 class=\"wp-block-heading\"><strong>Pourquoi nous choisir ?<\/strong><\/h2>\n\n\n\n<ul class=\"wp-block-list\">\n<li><strong>Expertise sp\u00e9cialis\u00e9e<\/strong> - Nos avocats ont une grande exp\u00e9rience du droit de la franchise et du droit immobilier et peuvent donc comprendre le contrat de franchise et le contrat immobilier sous-jacent qui va de pair avec les diff\u00e9rents secteurs qui offrent des opportunit\u00e9s de franchise.&nbsp;<\/li>\n\n\n\n<li><strong>Soutien juridique sur mesure<\/strong> - Nous proposons une structure d'honoraires comp\u00e9titive et, gr\u00e2ce \u00e0 nos bureaux dans tout le pays, nous pouvons fournir des conseils et des structures de co\u00fbts adapt\u00e9s \u00e0 votre mod\u00e8le d'entreprise et \u00e0 vos objectifs, y compris des structures d'honoraires fixes.&nbsp;<\/li>\n\n\n\n<li><strong>Approche centr\u00e9e sur le client<\/strong> - Nous privil\u00e9gions une communication claire, la transparence et l'efficacit\u00e9 dans tous nos services juridiques.<\/li>\n<\/ul>\n\n\n\n<p>Si vous envisagez de franchiser votre entreprise ou si vous avez besoin de conseils juridiques sp\u00e9cialis\u00e9s sur les contrats de franchise, la conformit\u00e9 ou l'utilisation de l'internet, vous pouvez vous adresser \u00e0 la Commission europ\u00e9enne pour obtenir des informations sur la franchise. <a href=\"https:\/\/rfblegal.co.uk\/fr\/services\/droit-des-affaires\/contentieux-immobilier-affaires\/reglement-alternatif-des-litiges-en-matiere-de-propriete-commerciale\/\">r\u00e8glement des litiges<\/a> pour attirer des clients fid\u00e8les, contactez-nous d\u00e8s aujourd'hui pour une consultation.<\/p>\n\n\n\n<p>Nos avocats ont de l'exp\u00e9rience dans tous les aspects de la franchise. Voici quelques exemples des services que peuvent fournir les avocats de notre \u00e9quipe de droit des soci\u00e9t\u00e9s et de droit commercial :<\/p>\n\n\n\n<h2 class=\"wp-block-heading\"><strong>Franchiseurs<\/strong><\/h2>\n\n\n\n<ul class=\"wp-block-list\">\n<li>R\u00e9daction de contrats de franchise et aide \u00e0 la pr\u00e9paration de manuels d'exploitation<\/li>\n\n\n\n<li>R\u00e9daction, n\u00e9gociation et ex\u00e9cution des contrats de franchise associ\u00e9s, y compris les baux commerciaux, les contrats de travail, les contrats d'approvisionnement et les contrats commerciaux avec des tiers.<\/li>\n\n\n\n<li>Entreprendre des r\u00e9visions de contrats pour s'assurer de leur conformit\u00e9 avec les changements de l\u00e9gislation<\/li>\n\n\n\n<li>Conseiller et faire respecter la propri\u00e9t\u00e9 intellectuelle et les marques d\u00e9pos\u00e9es afin de prot\u00e9ger votre entreprise<\/li>\n\n\n\n<li>Conseiller sur les questions de protection des donn\u00e9es au sein d'un r\u00e9seau de franchise<\/li>\n\n\n\n<li>R\u00e9solution des litiges avec les franchis\u00e9s concernant des all\u00e9gations de non-ex\u00e9cution, de rupture de contrat, de fausses d\u00e9clarations et de r\u00e9siliation ou de sortie anticip\u00e9e.<\/li>\n\n\n\n<li>Conseiller et, le cas \u00e9ch\u00e9ant, prendre des mesures pour faire respecter les clauses restrictives \u00e0 l'encontre des franchis\u00e9s qui agissent en violation des clauses de restriction du commerce, telles que la non-concurrence, le d\u00e9bauchage d'employ\u00e9s et\/ou de clients.<\/li>\n\n\n\n<li>Poursuivre des r\u00e9clamations contre des tiers \u00e0 la suite de litiges li\u00e9s \u00e0 votre franchise<\/li>\n\n\n\n<li>Conseiller et agir dans le cadre de l'expansion ou de la vente de votre entreprise franchis\u00e9e<\/li>\n\n\n\n<li>R\u00e9daction de contrats de travail et conseils en mati\u00e8re d'emploi, y compris lorsque les franchises sont ramen\u00e9es en interne par les franchiseurs.<\/li>\n<\/ul>\n\n\n\n<h2 class=\"wp-block-heading\"><strong>Franchis\u00e9s<\/strong><\/h2>\n\n\n\n<ul class=\"wp-block-list\">\n<li>Examiner votre nouveau contrat de franchise et vous conseiller sur vos obligations et vos droits<\/li>\n\n\n\n<li>Conseiller et, le cas \u00e9ch\u00e9ant, prendre des mesures pour emp\u00eacher l'application de clauses restrictives on\u00e9reuses visant \u00e0 restreindre votre activit\u00e9 commerciale pendant et apr\u00e8s la r\u00e9siliation de la franchise.<\/li>\n\n\n\n<li>Conseils sur votre droit de sortir de la franchise ou d'y mettre fin, y compris les r\u00e9clamations pour fausses d\u00e9clarations et le recouvrement de dommages-int\u00e9r\u00eats.<\/li>\n\n\n\n<li>conseiller et, le cas \u00e9ch\u00e9ant, prendre des mesures juridiques ou commerciales pour r\u00e9soudre les litiges avec votre franchiseur<\/li>\n\n\n\n<li>Conseiller sur les questions de protection des donn\u00e9es au sein d'un r\u00e9seau de franchise<\/li>\n<\/ul>\n\n\n\n<h2 class=\"wp-block-heading\"><strong>Qui pouvons-nous aider et comment ?<\/strong><\/h2>\n\n\n\n<p>Notre \u00e9quipe d'avocats sp\u00e9cialis\u00e9s en droit des soci\u00e9t\u00e9s et en droit commercial, ainsi que nos experts en droit du travail, en droit commercial et en droit de la concurrence, sont \u00e0 votre disposition pour r\u00e9pondre \u00e0 vos questions. <a href=\"https:\/\/rfblegal.co.uk\/fr\/services\/droit-des-affaires\/contentieux-immobilier-affaires\/\">contentieux immobilier<\/a> peuvent assister les franchiseurs et les franchis\u00e9s dans un large \u00e9ventail de domaines.<\/p>\n\n\n\n<p>Nous travaillons \u00e9galement avec d'autres tiers, tels que des comptables, des consultants en franchise et des agents de gestion immobili\u00e8re, afin de garantir \u00e0 nos clients un service complet en mati\u00e8re de franchisage.<\/p>\n\n\n\n<p>Notre \u00e9quipe commerciale est tr\u00e8s comp\u00e9tente et adaptable pour r\u00e9pondre \u00e0 vos besoins sp\u00e9cifiques, y compris le maintien de la coh\u00e9rence de la marque, m\u00eame si votre secteur d'activit\u00e9 n'entre pas dans la liste ci-dessus.<\/p>\n\n\n\n<p>Contactez-nous au num\u00e9ro g\u00e9n\u00e9ral de notre bureau au <a href=\"tel:020 7613 1402\">020 7613 1402<\/a> ou directement \u00e0 notre <a href=\"https:\/\/rfblegal.co.uk\/fr\/services\/droit-des-personnes\/dentreprise\/\">L'\u00e9quipe commerciale et d'entreprise de RFB<\/a>.<\/p>","protected":false},"excerpt":{"rendered":"<p>Franchise Services juridiques D\u00e9velopper son entreprise par le biais de la franchise est un moyen strat\u00e9gique d'\u00e9tendre ses activit\u00e9s, d'am\u00e9liorer l'exp\u00e9rience des clients, de renforcer la reconnaissance de la marque et de g\u00e9n\u00e9rer des flux de revenus suppl\u00e9mentaires. Le secteur de la franchise continue de cro\u00eetre d'ann\u00e9e en ann\u00e9e, le mod\u00e8le s\u00e9duisant \u00e0 la fois les entreprises existantes et celles qui cherchent une alternative \u00e0 la cr\u00e9ation ... <a href=\"https:\/\/rfblegal.co.uk\/fr\/services\/droit-des-affaires\/entreprise-entreprise\/franchise\/\">Suite<\/a><\/p>","protected":false},"author":5,"featured_media":6120,"parent":2597,"menu_order":0,"comment_status":"closed","ping_status":"closed","template":"tier3-template.blade.php","meta":{"_acf_changed":false,"om_disable_all_campaigns":false,"_uf_show_specific_survey":0,"_uf_disable_surveys":false,"footnotes":""},"class_list":["post-6118","page","type-page","status-publish","has-post-thumbnail","hentry"],"acf":[],"aioseo_notices":[],"yoast_head":"<!-- This site is optimized with the Yoast SEO plugin v27.2 - https:\/\/yoast.com\/product\/yoast-seo-wordpress\/ -->\n<title>Franchising - RFB Legal<\/title>\n<meta name=\"description\" content=\"Franchising Legal Services Expanding your business through franchising is a strategic way to scale operations, enhance customer experience and further\" \/>\n<meta name=\"robots\" content=\"index, follow, max-snippet:-1, max-image-preview:large, max-video-preview:-1\" \/>\n<link rel=\"canonical\" href=\"https:\/\/rfblegal.co.uk\/fr\/services\/droit-des-affaires\/entreprise-entreprise\/franchise\/\" \/>\n<meta property=\"og:locale\" content=\"fr_FR\" \/>\n<meta property=\"og:type\" content=\"article\" \/>\n<meta property=\"og:title\" content=\"Franchising - RFB Legal\" \/>\n<meta property=\"og:description\" content=\"Franchising Legal Services Expanding your business through franchising is a strategic way to scale operations, enhance customer experience and further\" \/>\n<meta property=\"og:url\" content=\"https:\/\/rfblegal.co.uk\/fr\/services\/droit-des-affaires\/entreprise-entreprise\/franchise\/\" \/>\n<meta property=\"og:site_name\" content=\"RFB Legal\" \/>\n<meta property=\"article:publisher\" content=\"https:\/\/www.facebook.com\/RFBLegal\/\" \/>\n<meta property=\"article:modified_time\" content=\"2026-03-26T10:58:30+00:00\" \/>\n<meta property=\"og:image\" content=\"https:\/\/rfblegal.co.uk\/wp-content\/uploads\/2025\/04\/AdobeStock_647543102-scaled.jpeg\" \/>\n\t<meta property=\"og:image:width\" content=\"2120\" \/>\n\t<meta property=\"og:image:height\" content=\"1131\" \/>\n\t<meta property=\"og:image:type\" content=\"image\/jpeg\" \/>\n<meta name=\"twitter:card\" content=\"summary_large_image\" \/>\n<meta name=\"twitter:label1\" content=\"Est. reading time\" \/>\n\t<meta name=\"twitter:data1\" content=\"4 minutes\" \/>\n<script type=\"application\/ld+json\" class=\"yoast-schema-graph\">{\"@context\":\"https:\/\/schema.org\",\"@graph\":[{\"@type\":\"WebPage\",\"@id\":\"https:\/\/rfblegal.co.uk\/services\/business-law\/business-corporate\/franchising\/\",\"url\":\"https:\/\/rfblegal.co.uk\/services\/business-law\/business-corporate\/franchising\/\",\"name\":\"Franchising - RFB Legal\",\"isPartOf\":{\"@id\":\"https:\/\/rfblegal.co.uk\/#website\"},\"primaryImageOfPage\":{\"@id\":\"https:\/\/rfblegal.co.uk\/services\/business-law\/business-corporate\/franchising\/#primaryimage\"},\"image\":{\"@id\":\"https:\/\/rfblegal.co.uk\/services\/business-law\/business-corporate\/franchising\/#primaryimage\"},\"thumbnailUrl\":\"https:\/\/rfblegal.co.uk\/wp-content\/uploads\/2025\/04\/AdobeStock_647543102-scaled.jpeg\",\"datePublished\":\"2025-04-10T11:50:19+00:00\",\"dateModified\":\"2026-03-26T10:58:30+00:00\",\"description\":\"Franchising Legal Services Expanding your business through franchising is a strategic way to scale operations, enhance customer experience and further\",\"breadcrumb\":{\"@id\":\"https:\/\/rfblegal.co.uk\/services\/business-law\/business-corporate\/franchising\/#breadcrumb\"},\"inLanguage\":\"fr-FR\",\"potentialAction\":[{\"@type\":\"ReadAction\",\"target\":[\"https:\/\/rfblegal.co.uk\/services\/business-law\/business-corporate\/franchising\/\"]}]},{\"@type\":\"ImageObject\",\"inLanguage\":\"fr-FR\",\"@id\":\"https:\/\/rfblegal.co.uk\/services\/business-law\/business-corporate\/franchising\/#primaryimage\",\"url\":\"https:\/\/rfblegal.co.uk\/wp-content\/uploads\/2025\/04\/AdobeStock_647543102-scaled.jpeg\",\"contentUrl\":\"https:\/\/rfblegal.co.uk\/wp-content\/uploads\/2025\/04\/AdobeStock_647543102-scaled.jpeg\",\"width\":2120,\"height\":1131,\"caption\":\"Business sale growth and expand shop franchise concept, Store connection link with others shop and supermarket.\"},{\"@type\":\"BreadcrumbList\",\"@id\":\"https:\/\/rfblegal.co.uk\/services\/business-law\/business-corporate\/franchising\/#breadcrumb\",\"itemListElement\":[{\"@type\":\"ListItem\",\"position\":1,\"name\":\"Home\",\"item\":\"https:\/\/rfblegal.co.uk\/\"},{\"@type\":\"ListItem\",\"position\":2,\"name\":\"Services\",\"item\":\"https:\/\/rfblegal.co.uk\/services\/\"},{\"@type\":\"ListItem\",\"position\":3,\"name\":\"Business Law\",\"item\":\"https:\/\/rfblegal.co.uk\/services\/business-law\/\"},{\"@type\":\"ListItem\",\"position\":4,\"name\":\"Business &#8211; Corporate\",\"item\":\"https:\/\/rfblegal.co.uk\/services\/business-law\/business-corporate\/\"},{\"@type\":\"ListItem\",\"position\":5,\"name\":\"Franchising\"}]},{\"@type\":\"WebSite\",\"@id\":\"https:\/\/rfblegal.co.uk\/#website\",\"url\":\"https:\/\/rfblegal.co.uk\/\",\"name\":\"RFB Legal\",\"description\":\"\",\"publisher\":{\"@id\":\"https:\/\/rfblegal.co.uk\/#organization\"},\"potentialAction\":[{\"@type\":\"SearchAction\",\"target\":{\"@type\":\"EntryPoint\",\"urlTemplate\":\"https:\/\/rfblegal.co.uk\/?s={search_term_string}\"},\"query-input\":{\"@type\":\"PropertyValueSpecification\",\"valueRequired\":true,\"valueName\":\"search_term_string\"}}],\"inLanguage\":\"fr-FR\"},{\"@type\":\"Organization\",\"@id\":\"https:\/\/rfblegal.co.uk\/#organization\",\"name\":\"RFB Legal\",\"url\":\"https:\/\/rfblegal.co.uk\/\",\"logo\":{\"@type\":\"ImageObject\",\"inLanguage\":\"fr-FR\",\"@id\":\"https:\/\/rfblegal.co.uk\/#\/schema\/logo\/image\/\",\"url\":\"https:\/\/rfblegal.co.uk\/wp-content\/uploads\/2024\/01\/header_company_logo.svg\",\"contentUrl\":\"https:\/\/rfblegal.co.uk\/wp-content\/uploads\/2024\/01\/header_company_logo.svg\",\"caption\":\"RFB Legal\"},\"image\":{\"@id\":\"https:\/\/rfblegal.co.uk\/#\/schema\/logo\/image\/\"},\"sameAs\":[\"https:\/\/www.facebook.com\/RFBLegal\/\",\"https:\/\/www.linkedin.com\/uas\/login?session_redirect=company2012282\",\"https:\/\/www.instagram.com\/rfb_legal\/\"]}]}<\/script>\n<!-- \/ Yoast SEO plugin. -->","yoast_head_json":{"title":"Franchise - RFB Legal","description":"Franchise Services juridiques Le d\u00e9veloppement de votre entreprise par le biais de la franchise est un moyen strat\u00e9gique d'\u00e9tendre vos activit\u00e9s, d'am\u00e9liorer l'exp\u00e9rience de vos clients et d'aller plus loin.","robots":{"index":"index","follow":"follow","max-snippet":"max-snippet:-1","max-image-preview":"max-image-preview:large","max-video-preview":"max-video-preview:-1"},"canonical":"https:\/\/rfblegal.co.uk\/fr\/services\/droit-des-affaires\/entreprise-entreprise\/franchise\/","og_locale":"fr_FR","og_type":"article","og_title":"Franchising - RFB Legal","og_description":"Franchising Legal Services Expanding your business through franchising is a strategic way to scale operations, enhance customer experience and further","og_url":"https:\/\/rfblegal.co.uk\/fr\/services\/droit-des-affaires\/entreprise-entreprise\/franchise\/","og_site_name":"RFB Legal","article_publisher":"https:\/\/www.facebook.com\/RFBLegal\/","article_modified_time":"2026-03-26T10:58:30+00:00","og_image":[{"width":2120,"height":1131,"url":"https:\/\/rfblegal.co.uk\/wp-content\/uploads\/2025\/04\/AdobeStock_647543102-scaled.jpeg","type":"image\/jpeg"}],"twitter_card":"summary_large_image","twitter_misc":{"Est. reading time":"4 minutes"},"schema":{"@context":"https:\/\/schema.org","@graph":[{"@type":"WebPage","@id":"https:\/\/rfblegal.co.uk\/services\/business-law\/business-corporate\/franchising\/","url":"https:\/\/rfblegal.co.uk\/services\/business-law\/business-corporate\/franchising\/","name":"Franchise - RFB Legal","isPartOf":{"@id":"https:\/\/rfblegal.co.uk\/#website"},"primaryImageOfPage":{"@id":"https:\/\/rfblegal.co.uk\/services\/business-law\/business-corporate\/franchising\/#primaryimage"},"image":{"@id":"https:\/\/rfblegal.co.uk\/services\/business-law\/business-corporate\/franchising\/#primaryimage"},"thumbnailUrl":"https:\/\/rfblegal.co.uk\/wp-content\/uploads\/2025\/04\/AdobeStock_647543102-scaled.jpeg","datePublished":"2025-04-10T11:50:19+00:00","dateModified":"2026-03-26T10:58:30+00:00","description":"Franchise Services juridiques Le d\u00e9veloppement de votre entreprise par le biais de la franchise est un moyen strat\u00e9gique d'\u00e9tendre vos activit\u00e9s, d'am\u00e9liorer l'exp\u00e9rience de vos clients et d'aller plus loin.","breadcrumb":{"@id":"https:\/\/rfblegal.co.uk\/services\/business-law\/business-corporate\/franchising\/#breadcrumb"},"inLanguage":"fr-FR","potentialAction":[{"@type":"ReadAction","target":["https:\/\/rfblegal.co.uk\/services\/business-law\/business-corporate\/franchising\/"]}]},{"@type":"ImageObject","inLanguage":"fr-FR","@id":"https:\/\/rfblegal.co.uk\/services\/business-law\/business-corporate\/franchising\/#primaryimage","url":"https:\/\/rfblegal.co.uk\/wp-content\/uploads\/2025\/04\/AdobeStock_647543102-scaled.jpeg","contentUrl":"https:\/\/rfblegal.co.uk\/wp-content\/uploads\/2025\/04\/AdobeStock_647543102-scaled.jpeg","width":2120,"height":1131,"caption":"Business sale growth and expand shop franchise concept, Store connection link with others shop and supermarket."},{"@type":"BreadcrumbList","@id":"https:\/\/rfblegal.co.uk\/services\/business-law\/business-corporate\/franchising\/#breadcrumb","itemListElement":[{"@type":"ListItem","position":1,"name":"Home","item":"https:\/\/rfblegal.co.uk\/"},{"@type":"ListItem","position":2,"name":"Services","item":"https:\/\/rfblegal.co.uk\/services\/"},{"@type":"ListItem","position":3,"name":"Business Law","item":"https:\/\/rfblegal.co.uk\/services\/business-law\/"},{"@type":"ListItem","position":4,"name":"Business &#8211; Corporate","item":"https:\/\/rfblegal.co.uk\/services\/business-law\/business-corporate\/"},{"@type":"ListItem","position":5,"name":"Franchising"}]},{"@type":"WebSite","@id":"https:\/\/rfblegal.co.uk\/#website","url":"https:\/\/rfblegal.co.uk\/","name":"Appel d'offres juridique","description":"","publisher":{"@id":"https:\/\/rfblegal.co.uk\/#organization"},"potentialAction":[{"@type":"SearchAction","target":{"@type":"EntryPoint","urlTemplate":"https:\/\/rfblegal.co.uk\/?s={search_term_string}"},"query-input":{"@type":"PropertyValueSpecification","valueRequired":true,"valueName":"search_term_string"}}],"inLanguage":"fr-FR"},{"@type":"Organization","@id":"https:\/\/rfblegal.co.uk\/#organization","name":"Appel d'offres juridique","url":"https:\/\/rfblegal.co.uk\/","logo":{"@type":"ImageObject","inLanguage":"fr-FR","@id":"https:\/\/rfblegal.co.uk\/#\/schema\/logo\/image\/","url":"https:\/\/rfblegal.co.uk\/wp-content\/uploads\/2024\/01\/header_company_logo.svg","contentUrl":"https:\/\/rfblegal.co.uk\/wp-content\/uploads\/2024\/01\/header_company_logo.svg","caption":"RFB Legal"},"image":{"@id":"https:\/\/rfblegal.co.uk\/#\/schema\/logo\/image\/"},"sameAs":["https:\/\/www.facebook.com\/RFBLegal\/","https:\/\/www.linkedin.com\/uas\/login?session_redirect=company2012282","https:\/\/www.instagram.com\/rfb_legal\/"]}]}},"_links":{"self":[{"href":"https:\/\/rfblegal.co.uk\/fr\/wp-json\/wp\/v2\/pages\/6118","targetHints":{"allow":["GET"]}}],"collection":[{"href":"https:\/\/rfblegal.co.uk\/fr\/wp-json\/wp\/v2\/pages"}],"about":[{"href":"https:\/\/rfblegal.co.uk\/fr\/wp-json\/wp\/v2\/types\/page"}],"author":[{"embeddable":true,"href":"https:\/\/rfblegal.co.uk\/fr\/wp-json\/wp\/v2\/users\/5"}],"replies":[{"embeddable":true,"href":"https:\/\/rfblegal.co.uk\/fr\/wp-json\/wp\/v2\/comments?post=6118"}],"version-history":[{"count":1,"href":"https:\/\/rfblegal.co.uk\/fr\/wp-json\/wp\/v2\/pages\/6118\/revisions"}],"predecessor-version":[{"id":9082,"href":"https:\/\/rfblegal.co.uk\/fr\/wp-json\/wp\/v2\/pages\/6118\/revisions\/9082"}],"up":[{"embeddable":true,"href":"https:\/\/rfblegal.co.uk\/fr\/wp-json\/wp\/v2\/pages\/2597"}],"wp:featuredmedia":[{"embeddable":true,"href":"https:\/\/rfblegal.co.uk\/fr\/wp-json\/wp\/v2\/media\/6120"}],"wp:attachment":[{"href":"https:\/\/rfblegal.co.uk\/fr\/wp-json\/wp\/v2\/media?parent=6118"}],"curies":[{"name":"wp","href":"https:\/\/api.w.org\/{rel}","templated":true}]}}