{"id":6091,"date":"2025-04-10T10:41:20","date_gmt":"2025-04-10T10:41:20","guid":{"rendered":"https:\/\/rfblegal.co.uk\/?page_id=6091"},"modified":"2026-03-26T10:51:00","modified_gmt":"2026-03-26T10:51:00","slug":"contrats-commerciaux-2","status":"publish","type":"page","link":"https:\/\/rfblegal.co.uk\/fr\/services\/droit-des-personnes\/dentreprise\/contrats-commerciaux-2\/","title":{"rendered":"Contrats d'entreprise"},"content":{"rendered":"<h2 class=\"wp-block-heading\"><strong>Contrats commerciaux et conditions g\u00e9n\u00e9rales de vente<\/strong><\/h2>\n\n\n\n<p>Chez Ronald Fletcher Baker, notre \u00e9quipe de sp\u00e9cialistes fournit des conseils juridiques ax\u00e9s sur le commerce et adapt\u00e9s \u00e0 vos besoins personnels et \u00e0 ceux de votre entreprise. Nous r\u00e9digeons, examinons et n\u00e9gocions les contrats auxquels vous pourriez \u00eatre associ\u00e9 lors du d\u00e9veloppement de votre entreprise ou de l'obtention de contrats commerciaux afin de vous aider \u00e0 g\u00e9rer efficacement les relations avec les clients, les fournisseurs et les partenaires, en veillant \u00e0 ce que votre entreprise et les services dont vous b\u00e9n\u00e9ficiez fonctionnent dans la clart\u00e9 et la confiance.<\/p>\n\n\n\n<h2 class=\"wp-block-heading\"><strong>Comment nous pouvons vous aider<\/strong><\/h2>\n\n\n\n<p>Chez RFB, notre <a href=\"https:\/\/rfblegal.co.uk\/fr\/services\/droit-des-personnes\/dentreprise\/\">L'\u00e9quipe Corporate &amp; Commercial<\/a> ont une expertise sur un large \u00e9ventail d'accords commerciaux, y compris:- les contrats de travail et les contrats d'entreprise<\/p>\n\n\n\n<ul class=\"wp-block-list\">\n<li>Accords avec les fournisseurs, les fabricants et les distributeurs<\/li>\n\n\n\n<li>Accords-cadres complexes<\/li>\n\n\n\n<li>Accords de licence de marque et de franchise<\/li>\n\n\n\n<li>Accords de parrainage<\/li>\n\n\n\n<li>Conditions g\u00e9n\u00e9rales pour les entreprises<\/li>\n\n\n\n<li>Politiques du site web et contrats en ligne<\/li>\n\n\n\n<li><a href=\"https:\/\/rfblegal.co.uk\/fr\/services\/droit-des-affaires\/entreprise-entreprise\/\">Documents commerciaux g\u00e9n\u00e9raux (NDA, NCA, contrats de pr\u00eat, contrats de service)<\/a><\/li>\n<\/ul>\n\n\n\n<h2 class=\"wp-block-heading\"><strong>Pourquoi choisir Ronald Fletcher Baker (RFB) ?<\/strong><\/h2>\n\n\n\n<h3 class=\"wp-block-heading\"><strong>Soutien juridique sur mesure<\/strong><\/h3>\n\n\n\n<p>Nous comprenons que chaque entreprise est unique. Notre \u00e9quipe fournit des conseils juridiques clairs, concis et pratiques, garantissant que vos accords s'alignent sur vos objectifs strat\u00e9giques tout en r\u00e9duisant les risques.<\/p>\n\n\n\n<h3 class=\"wp-block-heading\"><strong>Expertise sectorielle<\/strong><\/h3>\n\n\n\n<p>Nous avons une grande exp\u00e9rience en mati\u00e8re de conseil aux clients sur des accords dans divers secteurs, y compris :<\/p>\n\n\n\n<ul class=\"wp-block-list\">\n<li>Technologie, m\u00e9dias et t\u00e9l\u00e9communications (TMT)<\/li>\n\n\n\n<li>Commerce de d\u00e9tail et loisirs<\/li>\n\n\n\n<li>Recrutement et emploi<\/li>\n\n\n\n<li>L'\u00e9ducation<\/li>\n\n\n\n<li>Biens de consommation<\/li>\n\n\n\n<li>Soins de sant\u00e9, y compris le contrat de pharmacie communautaire du NHS<\/li>\n\n\n\n<li><a href=\"https:\/\/rfblegal.co.uk\/fr\/services\/droit-des-affaires\/services-immobiliers-commerciaux\/developpement-de-limmobilier-commercial\/\">D\u00e9veloppement immobilier<\/a><\/li>\n<\/ul>\n\n\n\n<h2 class=\"wp-block-heading\"><strong>Notre exp\u00e9rience<\/strong><\/h2>\n\n\n\n<h3 class=\"wp-block-heading\"><strong>Contrats avec les clients<\/strong><\/h3>\n\n\n\n<p>\u00c9laboration de conditions g\u00e9n\u00e9rales pour un d\u00e9taillant de maquillage et de produits de beaut\u00e9 en ligne dont les produits sont devenus viraux apr\u00e8s avoir \u00e9t\u00e9 promus sur TikTok.&nbsp;<\/p>\n\n\n\n<p>Cr\u00e9ation de conditions g\u00e9n\u00e9rales pour un cabinet de conseil en \u00e9tat des b\u00e2timents et en d\u00e9fauts de construction qui souhaitait d\u00e9velopper ses domaines d'activit\u00e9 en r\u00e9alisant des \u00e9tudes avant achat et en donnant des conseils sur les contrats de garantie collat\u00e9rale.<\/p>\n\n\n\n<h3 class=\"wp-block-heading\"><strong>Transformation num\u00e9rique<\/strong><\/h3>\n\n\n\n<p>Examen des conditions g\u00e9n\u00e9rales d'un fournisseur de gestion de cas dans le cadre d'un contrat SAAS pour une entreprise sp\u00e9cialis\u00e9e dans l'\u00e9tanch\u00e9it\u00e9 et les rev\u00eatements de sol qui fournit de grands constructeurs de maisons, accordant des modifications significatives aux dispositions de suivi en temps r\u00e9el du fournisseur et aux remboursements en cas de panne.<\/p>\n\n\n\n<h3 class=\"wp-block-heading\"><strong>Startups et entreprises en croissance<\/strong><\/h3>\n\n\n\n<p>Fournir des accords commerciaux et de consommation essentiels aux entreprises en phase de d\u00e9marrage, y compris les entreprises d'investissement immobilier, de location et de logement pour \u00e9tudiants, les agences immobili\u00e8res, les entreprises de commerce \u00e9lectronique et les prestataires de services.<\/p>\n\n\n\n<p>Chez Ronald Fletcher Baker, nous combinons l'expertise juridique avec une approche commerciale, aidant les entreprises \u00e0 naviguer dans des accords complexes en toute confiance. Prenez contact avec nous pour savoir comment nous pouvons r\u00e9pondre \u00e0 vos besoins en mati\u00e8re de contrats commerciaux.<\/p>","protected":false},"excerpt":{"rendered":"<p>Contrats commerciaux et conditions g\u00e9n\u00e9rales de vente Chez Ronald Fletcher Baker, notre \u00e9quipe de sp\u00e9cialistes fournit des conseils juridiques ax\u00e9s sur le commerce et adapt\u00e9s \u00e0 vos besoins personnels et \u00e0 ceux de votre entreprise. Nous r\u00e9digeons, r\u00e9visons et n\u00e9gocions les contrats auxquels vous pourriez \u00eatre associ\u00e9 lors du d\u00e9veloppement de votre entreprise ou de la r\u00e9ception de contrats commerciaux afin de vous aider \u00e0 g\u00e9rer efficacement vos relations avec les clients, les fournisseurs et ... <a href=\"https:\/\/rfblegal.co.uk\/fr\/services\/droit-des-personnes\/dentreprise\/contrats-commerciaux-2\/\">Suite<\/a><\/p>","protected":false},"author":5,"featured_media":6097,"parent":2385,"menu_order":0,"comment_status":"closed","ping_status":"closed","template":"tier3-template.blade.php","meta":{"_acf_changed":false,"om_disable_all_campaigns":false,"_uf_show_specific_survey":0,"_uf_disable_surveys":false,"footnotes":""},"class_list":["post-6091","page","type-page","status-publish","has-post-thumbnail","hentry"],"acf":[],"aioseo_notices":[],"yoast_head":"<!-- This site is optimized with the Yoast SEO plugin v27.2 - https:\/\/yoast.com\/product\/yoast-seo-wordpress\/ -->\n<title>Business Contracts - RFB Legal<\/title>\n<meta name=\"description\" content=\"Commercial Contracts &amp; Terms of Business At Ronald Fletcher Baker, our specialist team provides commercially focused legal advice tailored to your\" \/>\n<meta name=\"robots\" content=\"index, follow, max-snippet:-1, max-image-preview:large, max-video-preview:-1\" \/>\n<link rel=\"canonical\" href=\"https:\/\/rfblegal.co.uk\/fr\/services\/droit-des-personnes\/dentreprise\/contrats-commerciaux-2\/\" \/>\n<meta property=\"og:locale\" content=\"fr_FR\" \/>\n<meta property=\"og:type\" content=\"article\" \/>\n<meta property=\"og:title\" content=\"Business Contracts - RFB Legal\" \/>\n<meta property=\"og:description\" content=\"Commercial Contracts &amp; Terms of Business At Ronald Fletcher Baker, our specialist team provides commercially focused legal advice tailored to your\" \/>\n<meta property=\"og:url\" content=\"https:\/\/rfblegal.co.uk\/fr\/services\/droit-des-personnes\/dentreprise\/contrats-commerciaux-2\/\" \/>\n<meta property=\"og:site_name\" content=\"RFB Legal\" \/>\n<meta property=\"article:publisher\" content=\"https:\/\/www.facebook.com\/RFBLegal\/\" \/>\n<meta property=\"article:modified_time\" content=\"2026-03-26T10:51:00+00:00\" \/>\n<meta property=\"og:image\" content=\"https:\/\/rfblegal.co.uk\/wp-content\/uploads\/2025\/04\/AdobeStock_249073275-scaled.jpeg\" \/>\n\t<meta property=\"og:image:width\" content=\"2120\" \/>\n\t<meta property=\"og:image:height\" content=\"1415\" \/>\n\t<meta property=\"og:image:type\" content=\"image\/jpeg\" \/>\n<meta name=\"twitter:card\" content=\"summary_large_image\" \/>\n<meta name=\"twitter:label1\" content=\"Est. reading time\" \/>\n\t<meta name=\"twitter:data1\" content=\"2 minutes\" \/>\n<script type=\"application\/ld+json\" class=\"yoast-schema-graph\">{\"@context\":\"https:\/\/schema.org\",\"@graph\":[{\"@type\":\"WebPage\",\"@id\":\"https:\/\/rfblegal.co.uk\/services\/personal-law\/corporate\/business-contracts\/\",\"url\":\"https:\/\/rfblegal.co.uk\/services\/personal-law\/corporate\/business-contracts\/\",\"name\":\"Business Contracts - RFB Legal\",\"isPartOf\":{\"@id\":\"https:\/\/rfblegal.co.uk\/#website\"},\"primaryImageOfPage\":{\"@id\":\"https:\/\/rfblegal.co.uk\/services\/personal-law\/corporate\/business-contracts\/#primaryimage\"},\"image\":{\"@id\":\"https:\/\/rfblegal.co.uk\/services\/personal-law\/corporate\/business-contracts\/#primaryimage\"},\"thumbnailUrl\":\"https:\/\/rfblegal.co.uk\/wp-content\/uploads\/2025\/04\/AdobeStock_249073275-scaled.jpeg\",\"datePublished\":\"2025-04-10T10:41:20+00:00\",\"dateModified\":\"2026-03-26T10:51:00+00:00\",\"description\":\"Commercial Contracts &amp; Terms of Business At Ronald Fletcher Baker, our specialist team provides commercially focused legal advice tailored to your\",\"breadcrumb\":{\"@id\":\"https:\/\/rfblegal.co.uk\/services\/personal-law\/corporate\/business-contracts\/#breadcrumb\"},\"inLanguage\":\"fr-FR\",\"potentialAction\":[{\"@type\":\"ReadAction\",\"target\":[\"https:\/\/rfblegal.co.uk\/services\/personal-law\/corporate\/business-contracts\/\"]}]},{\"@type\":\"ImageObject\",\"inLanguage\":\"fr-FR\",\"@id\":\"https:\/\/rfblegal.co.uk\/services\/personal-law\/corporate\/business-contracts\/#primaryimage\",\"url\":\"https:\/\/rfblegal.co.uk\/wp-content\/uploads\/2025\/04\/AdobeStock_249073275-scaled.jpeg\",\"contentUrl\":\"https:\/\/rfblegal.co.uk\/wp-content\/uploads\/2025\/04\/AdobeStock_249073275-scaled.jpeg\",\"width\":2120,\"height\":1415,\"caption\":\"Businessmen handshaking over signed contract.\"},{\"@type\":\"BreadcrumbList\",\"@id\":\"https:\/\/rfblegal.co.uk\/services\/personal-law\/corporate\/business-contracts\/#breadcrumb\",\"itemListElement\":[{\"@type\":\"ListItem\",\"position\":1,\"name\":\"Home\",\"item\":\"https:\/\/rfblegal.co.uk\/\"},{\"@type\":\"ListItem\",\"position\":2,\"name\":\"Services\",\"item\":\"https:\/\/rfblegal.co.uk\/services\/\"},{\"@type\":\"ListItem\",\"position\":3,\"name\":\"Personal Law Services\",\"item\":\"https:\/\/rfblegal.co.uk\/services\/personal-law\/\"},{\"@type\":\"ListItem\",\"position\":4,\"name\":\"Corporate\",\"item\":\"https:\/\/rfblegal.co.uk\/services\/personal-law\/corporate\/\"},{\"@type\":\"ListItem\",\"position\":5,\"name\":\"Business Contracts\"}]},{\"@type\":\"WebSite\",\"@id\":\"https:\/\/rfblegal.co.uk\/#website\",\"url\":\"https:\/\/rfblegal.co.uk\/\",\"name\":\"RFB Legal\",\"description\":\"\",\"publisher\":{\"@id\":\"https:\/\/rfblegal.co.uk\/#organization\"},\"potentialAction\":[{\"@type\":\"SearchAction\",\"target\":{\"@type\":\"EntryPoint\",\"urlTemplate\":\"https:\/\/rfblegal.co.uk\/?s={search_term_string}\"},\"query-input\":{\"@type\":\"PropertyValueSpecification\",\"valueRequired\":true,\"valueName\":\"search_term_string\"}}],\"inLanguage\":\"fr-FR\"},{\"@type\":\"Organization\",\"@id\":\"https:\/\/rfblegal.co.uk\/#organization\",\"name\":\"RFB Legal\",\"url\":\"https:\/\/rfblegal.co.uk\/\",\"logo\":{\"@type\":\"ImageObject\",\"inLanguage\":\"fr-FR\",\"@id\":\"https:\/\/rfblegal.co.uk\/#\/schema\/logo\/image\/\",\"url\":\"https:\/\/rfblegal.co.uk\/wp-content\/uploads\/2024\/01\/header_company_logo.svg\",\"contentUrl\":\"https:\/\/rfblegal.co.uk\/wp-content\/uploads\/2024\/01\/header_company_logo.svg\",\"caption\":\"RFB Legal\"},\"image\":{\"@id\":\"https:\/\/rfblegal.co.uk\/#\/schema\/logo\/image\/\"},\"sameAs\":[\"https:\/\/www.facebook.com\/RFBLegal\/\",\"https:\/\/www.linkedin.com\/uas\/login?session_redirect=company2012282\",\"https:\/\/www.instagram.com\/rfb_legal\/\"]}]}<\/script>\n<!-- \/ Yoast SEO plugin. -->","yoast_head_json":{"title":"Contrats d'entreprise - RFB Legal","description":"Contrats commerciaux et conditions g\u00e9n\u00e9rales de vente Chez Ronald Fletcher Baker, notre \u00e9quipe de sp\u00e9cialistes fournit des conseils juridiques ax\u00e9s sur le commerce et adapt\u00e9s \u00e0 vos besoins.","robots":{"index":"index","follow":"follow","max-snippet":"max-snippet:-1","max-image-preview":"max-image-preview:large","max-video-preview":"max-video-preview:-1"},"canonical":"https:\/\/rfblegal.co.uk\/fr\/services\/droit-des-personnes\/dentreprise\/contrats-commerciaux-2\/","og_locale":"fr_FR","og_type":"article","og_title":"Business Contracts - RFB Legal","og_description":"Commercial Contracts &amp; Terms of Business At Ronald Fletcher Baker, our specialist team provides commercially focused legal advice tailored to your","og_url":"https:\/\/rfblegal.co.uk\/fr\/services\/droit-des-personnes\/dentreprise\/contrats-commerciaux-2\/","og_site_name":"RFB Legal","article_publisher":"https:\/\/www.facebook.com\/RFBLegal\/","article_modified_time":"2026-03-26T10:51:00+00:00","og_image":[{"width":2120,"height":1415,"url":"https:\/\/rfblegal.co.uk\/wp-content\/uploads\/2025\/04\/AdobeStock_249073275-scaled.jpeg","type":"image\/jpeg"}],"twitter_card":"summary_large_image","twitter_misc":{"Est. reading time":"2 minutes"},"schema":{"@context":"https:\/\/schema.org","@graph":[{"@type":"WebPage","@id":"https:\/\/rfblegal.co.uk\/services\/personal-law\/corporate\/business-contracts\/","url":"https:\/\/rfblegal.co.uk\/services\/personal-law\/corporate\/business-contracts\/","name":"Contrats d'entreprise - RFB Legal","isPartOf":{"@id":"https:\/\/rfblegal.co.uk\/#website"},"primaryImageOfPage":{"@id":"https:\/\/rfblegal.co.uk\/services\/personal-law\/corporate\/business-contracts\/#primaryimage"},"image":{"@id":"https:\/\/rfblegal.co.uk\/services\/personal-law\/corporate\/business-contracts\/#primaryimage"},"thumbnailUrl":"https:\/\/rfblegal.co.uk\/wp-content\/uploads\/2025\/04\/AdobeStock_249073275-scaled.jpeg","datePublished":"2025-04-10T10:41:20+00:00","dateModified":"2026-03-26T10:51:00+00:00","description":"Contrats commerciaux et conditions g\u00e9n\u00e9rales de vente Chez Ronald Fletcher Baker, notre \u00e9quipe de sp\u00e9cialistes fournit des conseils juridiques ax\u00e9s sur le commerce et adapt\u00e9s \u00e0 vos besoins.","breadcrumb":{"@id":"https:\/\/rfblegal.co.uk\/services\/personal-law\/corporate\/business-contracts\/#breadcrumb"},"inLanguage":"fr-FR","potentialAction":[{"@type":"ReadAction","target":["https:\/\/rfblegal.co.uk\/services\/personal-law\/corporate\/business-contracts\/"]}]},{"@type":"ImageObject","inLanguage":"fr-FR","@id":"https:\/\/rfblegal.co.uk\/services\/personal-law\/corporate\/business-contracts\/#primaryimage","url":"https:\/\/rfblegal.co.uk\/wp-content\/uploads\/2025\/04\/AdobeStock_249073275-scaled.jpeg","contentUrl":"https:\/\/rfblegal.co.uk\/wp-content\/uploads\/2025\/04\/AdobeStock_249073275-scaled.jpeg","width":2120,"height":1415,"caption":"Businessmen handshaking over signed contract."},{"@type":"BreadcrumbList","@id":"https:\/\/rfblegal.co.uk\/services\/personal-law\/corporate\/business-contracts\/#breadcrumb","itemListElement":[{"@type":"ListItem","position":1,"name":"Home","item":"https:\/\/rfblegal.co.uk\/"},{"@type":"ListItem","position":2,"name":"Services","item":"https:\/\/rfblegal.co.uk\/services\/"},{"@type":"ListItem","position":3,"name":"Personal Law Services","item":"https:\/\/rfblegal.co.uk\/services\/personal-law\/"},{"@type":"ListItem","position":4,"name":"Corporate","item":"https:\/\/rfblegal.co.uk\/services\/personal-law\/corporate\/"},{"@type":"ListItem","position":5,"name":"Business Contracts"}]},{"@type":"WebSite","@id":"https:\/\/rfblegal.co.uk\/#website","url":"https:\/\/rfblegal.co.uk\/","name":"Appel d'offres juridique","description":"","publisher":{"@id":"https:\/\/rfblegal.co.uk\/#organization"},"potentialAction":[{"@type":"SearchAction","target":{"@type":"EntryPoint","urlTemplate":"https:\/\/rfblegal.co.uk\/?s={search_term_string}"},"query-input":{"@type":"PropertyValueSpecification","valueRequired":true,"valueName":"search_term_string"}}],"inLanguage":"fr-FR"},{"@type":"Organization","@id":"https:\/\/rfblegal.co.uk\/#organization","name":"Appel d'offres juridique","url":"https:\/\/rfblegal.co.uk\/","logo":{"@type":"ImageObject","inLanguage":"fr-FR","@id":"https:\/\/rfblegal.co.uk\/#\/schema\/logo\/image\/","url":"https:\/\/rfblegal.co.uk\/wp-content\/uploads\/2024\/01\/header_company_logo.svg","contentUrl":"https:\/\/rfblegal.co.uk\/wp-content\/uploads\/2024\/01\/header_company_logo.svg","caption":"RFB Legal"},"image":{"@id":"https:\/\/rfblegal.co.uk\/#\/schema\/logo\/image\/"},"sameAs":["https:\/\/www.facebook.com\/RFBLegal\/","https:\/\/www.linkedin.com\/uas\/login?session_redirect=company2012282","https:\/\/www.instagram.com\/rfb_legal\/"]}]}},"_links":{"self":[{"href":"https:\/\/rfblegal.co.uk\/fr\/wp-json\/wp\/v2\/pages\/6091","targetHints":{"allow":["GET"]}}],"collection":[{"href":"https:\/\/rfblegal.co.uk\/fr\/wp-json\/wp\/v2\/pages"}],"about":[{"href":"https:\/\/rfblegal.co.uk\/fr\/wp-json\/wp\/v2\/types\/page"}],"author":[{"embeddable":true,"href":"https:\/\/rfblegal.co.uk\/fr\/wp-json\/wp\/v2\/users\/5"}],"replies":[{"embeddable":true,"href":"https:\/\/rfblegal.co.uk\/fr\/wp-json\/wp\/v2\/comments?post=6091"}],"version-history":[{"count":1,"href":"https:\/\/rfblegal.co.uk\/fr\/wp-json\/wp\/v2\/pages\/6091\/revisions"}],"predecessor-version":[{"id":9074,"href":"https:\/\/rfblegal.co.uk\/fr\/wp-json\/wp\/v2\/pages\/6091\/revisions\/9074"}],"up":[{"embeddable":true,"href":"https:\/\/rfblegal.co.uk\/fr\/wp-json\/wp\/v2\/pages\/2385"}],"wp:featuredmedia":[{"embeddable":true,"href":"https:\/\/rfblegal.co.uk\/fr\/wp-json\/wp\/v2\/media\/6097"}],"wp:attachment":[{"href":"https:\/\/rfblegal.co.uk\/fr\/wp-json\/wp\/v2\/media?parent=6091"}],"curies":[{"name":"wp","href":"https:\/\/api.w.org\/{rel}","templated":true}]}}