{"id":528,"date":"2023-12-27T14:49:06","date_gmt":"2023-12-27T14:49:06","guid":{"rendered":"https:\/\/rfblegal.co.uk\/?page_id=528"},"modified":"2024-02-02T11:22:44","modified_gmt":"2024-02-02T11:22:44","slug":"statut-et-droits-des-employes","status":"publish","type":"page","link":"https:\/\/rfblegal.co.uk\/fr\/services\/droit-des-personnes\/lemploi\/statut-et-droits-des-employes\/","title":{"rendered":"Statut et droits des employ\u00e9s"},"content":{"rendered":"<p>Nous disposons d'une grande exp\u00e9rience en mati\u00e8re de conseil sur l'ensemble des questions auxquelles sont confront\u00e9s les employeurs et les employ\u00e9s.<br>Il s'agit notamment des questions relatives aux licenciements abusifs, aux licenciements et aux restructurations (y compris les demandes de dommages-int\u00e9r\u00eats), aux modifications des conditions de travail, \u00e0 la discrimination (y compris le sexe, l'orientation sexuelle, la grossesse et la maternit\u00e9, la race, le handicap, l'\u00e2ge, la religion et les convictions), au harc\u00e8lement et \u00e0 la victimisation, \u00e0 la d\u00e9nonciation, \u00e0 TUPE, \u00e0 l'\u00e9galit\u00e9 de r\u00e9mun\u00e9ration, aux cong\u00e9s pay\u00e9s et au temps de travail, au salaire minimum national, au statut des employ\u00e9s, aux questions li\u00e9es aux syndicats et \u00e0 l'IR35.<br>Le fait que nous repr\u00e9sentions \u00e0 la fois des employeurs et des employ\u00e9s nous permet d'envisager les questions d'emploi de mani\u00e8re globale. Le fait de savoir comment les processus internes doivent \u00eatre ex\u00e9cut\u00e9s correctement profite \u00e0 nos clients employ\u00e9s, car nous sommes en mesure de rep\u00e9rer les cas o\u00f9 ces processus n'ont pas \u00e9t\u00e9 ex\u00e9cut\u00e9s. Cela nous permet \u00e9galement de d\u00e9fendre nos clients employeurs, mais aussi de fournir des conseils proactifs afin d'\u00e9viter que de tels probl\u00e8mes ne se posent.<br>Nous avons de l'exp\u00e9rience dans la gestion d'affaires devant le tribunal du travail, le tribunal d'appel du travail et la cour d'appel. Nous avons trait\u00e9 des affaires d'une dur\u00e9e variable allant jusqu'\u00e0 25 jours et avons de l'exp\u00e9rience dans la gestion de litiges individuels et multipartites, ayant agi dans des affaires d\u00e9passant les 500 plaignants.<\/p>\n\n\n\n<p><\/p>\n\n\n\n<p class=\"has-lg-font-size\" style=\"padding-top:var(--wp--preset--spacing--30);padding-right:var(--wp--preset--spacing--30);padding-bottom:var(--wp--preset--spacing--30);padding-left:var(--wp--preset--spacing--30)\">Q&amp;R. Statut et droits des employ\u00e9s<\/p>\n\n\n\n<p>Vous trouverez des r\u00e9ponses aux questions les plus courantes sur le statut et les droits des salari\u00e9s. Parcourez les complexit\u00e9s du droit du travail en toute confiance gr\u00e2ce \u00e0 notre guide de questions-r\u00e9ponses concis.<\/p>\n\n\n\n\r\n<script type=\"text\/javascript\">\r\n\t\r\n\t\tfunction do_resize(){\r\n\r\n\t\t\tvar width=jQuery( '.wpsm_panel .wpsm_panel-body iframe' ).width();\r\n\t\t\tvar height=jQuery( '.wpsm_panel .wpsm_panel-body iframe' ).height();\r\n\r\n\t\t\tvar toggleSize = true;\r\n\t\t\tjQuery('iframe').animate({\r\n\t\t\t    width: toggleSize ? width : 640,\r\n\t\t\t    height: toggleSize ? height : 360\r\n\t\t\t  }, 250);\r\n\r\n\t\t\t  toggleSize = !toggleSize;\r\n\t\t}\r\n\t\t\r\n<\/script>","protected":false},"excerpt":{"rendered":"<p>We have a wealth of experience in advising on the full range of issues faced by employers and employees.This includes matters relating to unfair dismissal, redundancy and restructuring (including protective award claims), changes to terms and conditions, discrimination (including sex, sexual orientation, pregnancy and maternity, race, disability, age, and religion and belief), harassment and victimisation, &hellip; <a href=\"https:\/\/rfblegal.co.uk\/fr\/services\/droit-des-personnes\/lemploi\/statut-et-droits-des-employes\/\">Suite<\/a><\/p>","protected":false},"author":1,"featured_media":496,"parent":478,"menu_order":0,"comment_status":"closed","ping_status":"closed","template":"tier3-template.blade.php","meta":{"_acf_changed":false,"om_disable_all_campaigns":false,"_uf_show_specific_survey":0,"_uf_disable_surveys":false,"footnotes":""},"class_list":["post-528","page","type-page","status-publish","has-post-thumbnail","hentry"],"acf":[],"aioseo_notices":[],"yoast_head":"<!-- This site is optimized with the Yoast SEO plugin v27.2 - https:\/\/yoast.com\/product\/yoast-seo-wordpress\/ -->\n<title>Employee Status and Rights - RFB Legal<\/title>\n<meta name=\"description\" content=\"We have a wealth of experience in advising on the full range of issues faced by employers and employees.This includes matters relating to unfair\" \/>\n<meta name=\"robots\" content=\"index, follow, max-snippet:-1, max-image-preview:large, max-video-preview:-1\" \/>\n<link rel=\"canonical\" href=\"https:\/\/rfblegal.co.uk\/fr\/services\/droit-des-personnes\/lemploi\/statut-et-droits-des-employes\/\" \/>\n<meta property=\"og:locale\" content=\"fr_FR\" \/>\n<meta property=\"og:type\" content=\"article\" \/>\n<meta property=\"og:title\" content=\"Employee Status and Rights - RFB Legal\" \/>\n<meta property=\"og:description\" content=\"We have a wealth of experience in advising on the full range of issues faced by employers and employees.This includes matters relating to unfair\" \/>\n<meta property=\"og:url\" content=\"https:\/\/rfblegal.co.uk\/fr\/services\/droit-des-personnes\/lemploi\/statut-et-droits-des-employes\/\" \/>\n<meta property=\"og:site_name\" content=\"RFB Legal\" \/>\n<meta property=\"article:publisher\" content=\"https:\/\/www.facebook.com\/RFBLegal\/\" \/>\n<meta property=\"article:modified_time\" content=\"2024-02-02T11:22:44+00:00\" \/>\n<meta property=\"og:image\" content=\"https:\/\/rfblegal.co.uk\/wp-content\/uploads\/2023\/12\/kt-likes-coffee-PP7DbxeRjLM-unsplash.jpg\" \/>\n\t<meta property=\"og:image:width\" content=\"1920\" \/>\n\t<meta property=\"og:image:height\" content=\"1440\" \/>\n\t<meta property=\"og:image:type\" content=\"image\/jpeg\" \/>\n<meta name=\"twitter:card\" content=\"summary_large_image\" \/>\n<meta name=\"twitter:label1\" content=\"Est. reading time\" \/>\n\t<meta name=\"twitter:data1\" content=\"2 minutes\" \/>\n<script type=\"application\/ld+json\" class=\"yoast-schema-graph\">{\"@context\":\"https:\/\/schema.org\",\"@graph\":[{\"@type\":\"WebPage\",\"@id\":\"https:\/\/rfblegal.co.uk\/services\/personal-law\/employment\/employee-status-and-rights\/\",\"url\":\"https:\/\/rfblegal.co.uk\/services\/personal-law\/employment\/employee-status-and-rights\/\",\"name\":\"Employee Status and Rights - RFB Legal\",\"isPartOf\":{\"@id\":\"https:\/\/rfblegal.co.uk\/#website\"},\"primaryImageOfPage\":{\"@id\":\"https:\/\/rfblegal.co.uk\/services\/personal-law\/employment\/employee-status-and-rights\/#primaryimage\"},\"image\":{\"@id\":\"https:\/\/rfblegal.co.uk\/services\/personal-law\/employment\/employee-status-and-rights\/#primaryimage\"},\"thumbnailUrl\":\"https:\/\/rfblegal.co.uk\/wp-content\/uploads\/2023\/12\/kt-likes-coffee-PP7DbxeRjLM-unsplash.jpg\",\"datePublished\":\"2023-12-27T14:49:06+00:00\",\"dateModified\":\"2024-02-02T11:22:44+00:00\",\"description\":\"We have a wealth of experience in advising on the full range of issues faced by employers and employees.This includes matters relating to unfair\",\"breadcrumb\":{\"@id\":\"https:\/\/rfblegal.co.uk\/services\/personal-law\/employment\/employee-status-and-rights\/#breadcrumb\"},\"inLanguage\":\"fr-FR\",\"potentialAction\":[{\"@type\":\"ReadAction\",\"target\":[\"https:\/\/rfblegal.co.uk\/services\/personal-law\/employment\/employee-status-and-rights\/\"]}]},{\"@type\":\"ImageObject\",\"inLanguage\":\"fr-FR\",\"@id\":\"https:\/\/rfblegal.co.uk\/services\/personal-law\/employment\/employee-status-and-rights\/#primaryimage\",\"url\":\"https:\/\/rfblegal.co.uk\/wp-content\/uploads\/2023\/12\/kt-likes-coffee-PP7DbxeRjLM-unsplash.jpg\",\"contentUrl\":\"https:\/\/rfblegal.co.uk\/wp-content\/uploads\/2023\/12\/kt-likes-coffee-PP7DbxeRjLM-unsplash.jpg\",\"width\":1920,\"height\":1440},{\"@type\":\"BreadcrumbList\",\"@id\":\"https:\/\/rfblegal.co.uk\/services\/personal-law\/employment\/employee-status-and-rights\/#breadcrumb\",\"itemListElement\":[{\"@type\":\"ListItem\",\"position\":1,\"name\":\"Home\",\"item\":\"https:\/\/rfblegal.co.uk\/\"},{\"@type\":\"ListItem\",\"position\":2,\"name\":\"Services\",\"item\":\"https:\/\/rfblegal.co.uk\/services\/\"},{\"@type\":\"ListItem\",\"position\":3,\"name\":\"Personal Law Services\",\"item\":\"https:\/\/rfblegal.co.uk\/services\/personal-law\/\"},{\"@type\":\"ListItem\",\"position\":4,\"name\":\"Employment\",\"item\":\"https:\/\/rfblegal.co.uk\/services\/personal-law\/employment\/\"},{\"@type\":\"ListItem\",\"position\":5,\"name\":\"Employee Status and Rights\"}]},{\"@type\":\"WebSite\",\"@id\":\"https:\/\/rfblegal.co.uk\/#website\",\"url\":\"https:\/\/rfblegal.co.uk\/\",\"name\":\"RFB Legal\",\"description\":\"\",\"publisher\":{\"@id\":\"https:\/\/rfblegal.co.uk\/#organization\"},\"potentialAction\":[{\"@type\":\"SearchAction\",\"target\":{\"@type\":\"EntryPoint\",\"urlTemplate\":\"https:\/\/rfblegal.co.uk\/?s={search_term_string}\"},\"query-input\":{\"@type\":\"PropertyValueSpecification\",\"valueRequired\":true,\"valueName\":\"search_term_string\"}}],\"inLanguage\":\"fr-FR\"},{\"@type\":\"Organization\",\"@id\":\"https:\/\/rfblegal.co.uk\/#organization\",\"name\":\"RFB Legal\",\"url\":\"https:\/\/rfblegal.co.uk\/\",\"logo\":{\"@type\":\"ImageObject\",\"inLanguage\":\"fr-FR\",\"@id\":\"https:\/\/rfblegal.co.uk\/#\/schema\/logo\/image\/\",\"url\":\"https:\/\/rfblegal.co.uk\/wp-content\/uploads\/2024\/01\/header_company_logo.svg\",\"contentUrl\":\"https:\/\/rfblegal.co.uk\/wp-content\/uploads\/2024\/01\/header_company_logo.svg\",\"caption\":\"RFB Legal\"},\"image\":{\"@id\":\"https:\/\/rfblegal.co.uk\/#\/schema\/logo\/image\/\"},\"sameAs\":[\"https:\/\/www.facebook.com\/RFBLegal\/\",\"https:\/\/www.linkedin.com\/uas\/login?session_redirect=company2012282\",\"https:\/\/www.instagram.com\/rfb_legal\/\"]}]}<\/script>\n<!-- \/ Yoast SEO plugin. -->","yoast_head_json":{"title":"Statut et droits des employ\u00e9s - RFB Legal","description":"Nous poss\u00e9dons une grande exp\u00e9rience en mati\u00e8re de conseil sur l'ensemble des questions auxquelles sont confront\u00e9s les employeurs et les employ\u00e9s, y compris les questions relatives aux pratiques d\u00e9loyales, \u00e0 la corruption et \u00e0 l'abus de pouvoir.","robots":{"index":"index","follow":"follow","max-snippet":"max-snippet:-1","max-image-preview":"max-image-preview:large","max-video-preview":"max-video-preview:-1"},"canonical":"https:\/\/rfblegal.co.uk\/fr\/services\/droit-des-personnes\/lemploi\/statut-et-droits-des-employes\/","og_locale":"fr_FR","og_type":"article","og_title":"Employee Status and Rights - RFB Legal","og_description":"We have a wealth of experience in advising on the full range of issues faced by employers and employees.This includes matters relating to unfair","og_url":"https:\/\/rfblegal.co.uk\/fr\/services\/droit-des-personnes\/lemploi\/statut-et-droits-des-employes\/","og_site_name":"RFB Legal","article_publisher":"https:\/\/www.facebook.com\/RFBLegal\/","article_modified_time":"2024-02-02T11:22:44+00:00","og_image":[{"width":1920,"height":1440,"url":"https:\/\/rfblegal.co.uk\/wp-content\/uploads\/2023\/12\/kt-likes-coffee-PP7DbxeRjLM-unsplash.jpg","type":"image\/jpeg"}],"twitter_card":"summary_large_image","twitter_misc":{"Est. reading time":"2 minutes"},"schema":{"@context":"https:\/\/schema.org","@graph":[{"@type":"WebPage","@id":"https:\/\/rfblegal.co.uk\/services\/personal-law\/employment\/employee-status-and-rights\/","url":"https:\/\/rfblegal.co.uk\/services\/personal-law\/employment\/employee-status-and-rights\/","name":"Statut et droits des employ\u00e9s - RFB Legal","isPartOf":{"@id":"https:\/\/rfblegal.co.uk\/#website"},"primaryImageOfPage":{"@id":"https:\/\/rfblegal.co.uk\/services\/personal-law\/employment\/employee-status-and-rights\/#primaryimage"},"image":{"@id":"https:\/\/rfblegal.co.uk\/services\/personal-law\/employment\/employee-status-and-rights\/#primaryimage"},"thumbnailUrl":"https:\/\/rfblegal.co.uk\/wp-content\/uploads\/2023\/12\/kt-likes-coffee-PP7DbxeRjLM-unsplash.jpg","datePublished":"2023-12-27T14:49:06+00:00","dateModified":"2024-02-02T11:22:44+00:00","description":"Nous poss\u00e9dons une grande exp\u00e9rience en mati\u00e8re de conseil sur l'ensemble des questions auxquelles sont confront\u00e9s les employeurs et les employ\u00e9s, y compris les questions relatives aux pratiques d\u00e9loyales, \u00e0 la corruption et \u00e0 l'abus de pouvoir.","breadcrumb":{"@id":"https:\/\/rfblegal.co.uk\/services\/personal-law\/employment\/employee-status-and-rights\/#breadcrumb"},"inLanguage":"fr-FR","potentialAction":[{"@type":"ReadAction","target":["https:\/\/rfblegal.co.uk\/services\/personal-law\/employment\/employee-status-and-rights\/"]}]},{"@type":"ImageObject","inLanguage":"fr-FR","@id":"https:\/\/rfblegal.co.uk\/services\/personal-law\/employment\/employee-status-and-rights\/#primaryimage","url":"https:\/\/rfblegal.co.uk\/wp-content\/uploads\/2023\/12\/kt-likes-coffee-PP7DbxeRjLM-unsplash.jpg","contentUrl":"https:\/\/rfblegal.co.uk\/wp-content\/uploads\/2023\/12\/kt-likes-coffee-PP7DbxeRjLM-unsplash.jpg","width":1920,"height":1440},{"@type":"BreadcrumbList","@id":"https:\/\/rfblegal.co.uk\/services\/personal-law\/employment\/employee-status-and-rights\/#breadcrumb","itemListElement":[{"@type":"ListItem","position":1,"name":"Home","item":"https:\/\/rfblegal.co.uk\/"},{"@type":"ListItem","position":2,"name":"Services","item":"https:\/\/rfblegal.co.uk\/services\/"},{"@type":"ListItem","position":3,"name":"Personal Law Services","item":"https:\/\/rfblegal.co.uk\/services\/personal-law\/"},{"@type":"ListItem","position":4,"name":"Employment","item":"https:\/\/rfblegal.co.uk\/services\/personal-law\/employment\/"},{"@type":"ListItem","position":5,"name":"Employee Status and Rights"}]},{"@type":"WebSite","@id":"https:\/\/rfblegal.co.uk\/#website","url":"https:\/\/rfblegal.co.uk\/","name":"Appel d'offres juridique","description":"","publisher":{"@id":"https:\/\/rfblegal.co.uk\/#organization"},"potentialAction":[{"@type":"SearchAction","target":{"@type":"EntryPoint","urlTemplate":"https:\/\/rfblegal.co.uk\/?s={search_term_string}"},"query-input":{"@type":"PropertyValueSpecification","valueRequired":true,"valueName":"search_term_string"}}],"inLanguage":"fr-FR"},{"@type":"Organization","@id":"https:\/\/rfblegal.co.uk\/#organization","name":"Appel d'offres juridique","url":"https:\/\/rfblegal.co.uk\/","logo":{"@type":"ImageObject","inLanguage":"fr-FR","@id":"https:\/\/rfblegal.co.uk\/#\/schema\/logo\/image\/","url":"https:\/\/rfblegal.co.uk\/wp-content\/uploads\/2024\/01\/header_company_logo.svg","contentUrl":"https:\/\/rfblegal.co.uk\/wp-content\/uploads\/2024\/01\/header_company_logo.svg","caption":"RFB Legal"},"image":{"@id":"https:\/\/rfblegal.co.uk\/#\/schema\/logo\/image\/"},"sameAs":["https:\/\/www.facebook.com\/RFBLegal\/","https:\/\/www.linkedin.com\/uas\/login?session_redirect=company2012282","https:\/\/www.instagram.com\/rfb_legal\/"]}]}},"_links":{"self":[{"href":"https:\/\/rfblegal.co.uk\/fr\/wp-json\/wp\/v2\/pages\/528","targetHints":{"allow":["GET"]}}],"collection":[{"href":"https:\/\/rfblegal.co.uk\/fr\/wp-json\/wp\/v2\/pages"}],"about":[{"href":"https:\/\/rfblegal.co.uk\/fr\/wp-json\/wp\/v2\/types\/page"}],"author":[{"embeddable":true,"href":"https:\/\/rfblegal.co.uk\/fr\/wp-json\/wp\/v2\/users\/1"}],"replies":[{"embeddable":true,"href":"https:\/\/rfblegal.co.uk\/fr\/wp-json\/wp\/v2\/comments?post=528"}],"version-history":[{"count":0,"href":"https:\/\/rfblegal.co.uk\/fr\/wp-json\/wp\/v2\/pages\/528\/revisions"}],"up":[{"embeddable":true,"href":"https:\/\/rfblegal.co.uk\/fr\/wp-json\/wp\/v2\/pages\/478"}],"wp:featuredmedia":[{"embeddable":true,"href":"https:\/\/rfblegal.co.uk\/fr\/wp-json\/wp\/v2\/media\/496"}],"wp:attachment":[{"href":"https:\/\/rfblegal.co.uk\/fr\/wp-json\/wp\/v2\/media?parent=528"}],"curies":[{"name":"wp","href":"https:\/\/api.w.org\/{rel}","templated":true}]}}