{"id":2631,"date":"2024-02-21T17:33:33","date_gmt":"2024-02-21T17:33:33","guid":{"rendered":"https:\/\/rfblegal.co.uk\/?page_id=2631"},"modified":"2024-02-23T15:27:46","modified_gmt":"2024-02-23T15:27:46","slug":"criminalite-en-col-blanc-et-criminalite-financiere","status":"publish","type":"page","link":"https:\/\/rfblegal.co.uk\/fr\/services\/droit-des-affaires\/services-de-lutte-contre-la-criminalite-en-col-blanc-et-la-criminalite-financiere\/criminalite-en-col-blanc-et-criminalite-financiere\/","title":{"rendered":"Criminalit\u00e9 en col blanc et criminalit\u00e9 financi\u00e8re"},"content":{"rendered":"<h2 class=\"wp-block-heading has-2-xl-font-size\" style=\"padding-top:var(--wp--preset--spacing--20);padding-bottom:var(--wp--preset--spacing--20);font-style:normal;font-weight:600\">Fraude complexe et criminalit\u00e9 d'entreprise<\/h2>\n\n\n\n<h4 class=\"wp-block-heading has-lg-font-size\" style=\"padding-top:var(--wp--preset--spacing--20);padding-bottom:var(--wp--preset--spacing--20)\"><strong>Ronald Fletcher Baker LLP repr\u00e9sente des PDG et des cadres sup\u00e9rieurs d'entreprises issues d'un large \u00e9ventail de secteurs financiers et commerciaux dans des affaires de fraude grave, de corruption, de d\u00e9tournement de fonds et de d\u00e9lit d'initi\u00e9.\u00a0<\/strong><\/h4>\n\n\n\n<p style=\"padding-top:var(--wp--preset--spacing--20);padding-bottom:var(--wp--preset--spacing--20)\">Notre \u00e9quipe poss\u00e8de une grande expertise dans le traitement des enqu\u00eates men\u00e9es par le Serious Fraud Office (SFO), le HM Revenue and Customs (HMRC), la Financial Conduct Authority (FCA), le Crown Prosecution Service (CPS), la City of London Police et d'autres organismes charg\u00e9s de l'application de la loi.<\/p>\n\n\n\n<p style=\"padding-top:var(--wp--preset--spacing--20);padding-bottom:var(--wp--preset--spacing--20)\">S'appuyant sur des d\u00e9cennies d'exp\u00e9rience dans le domaine et \u00e9voluant parall\u00e8lement au paysage changeant de la responsabilit\u00e9 des entreprises, nous d\u00e9ployons des comp\u00e9tences strat\u00e9giques et m\u00e9dico-l\u00e9gales sophistiqu\u00e9es pour guider nos clients dans des litiges complexes.<\/p>\n\n\n\n<p style=\"padding-top:var(--wp--preset--spacing--20);padding-bottom:var(--wp--preset--spacing--20)\">Notre objectif principal est de d\u00e9tourner les organismes d'application des poursuites judiciaires et l'\u00e9quipe est en mesure d'adapter son approche pour incorporer des conseils tactiques sur la responsabilit\u00e9 civile et p\u00e9nale.<\/p>\n\n\n\n<p style=\"padding-top:var(--wp--preset--spacing--20);padding-bottom:var(--wp--preset--spacing--20)\">Les proc\u00e9dures ont souvent pour origine une enqu\u00eate interne \u00e0 l'entreprise, et l'\u00e9quipe offre \u00e0 ses clients le b\u00e9n\u00e9fice d'un point de vue global, repr\u00e9sentant \u00e0 la fois les suspects et ceux qui d\u00e9posent une plainte.<\/p>\n\n\n\n<p style=\"padding-top:var(--wp--preset--spacing--20);padding-bottom:var(--wp--preset--spacing--20)\">Ayant agi dans des affaires impliquant des questions juridiques multi-juridictionnelles, des gouvernements nationaux et des entreprises mondiales, nous sommes en mesure de faire appel aux comp\u00e9tences d'experts de la plus haute qualit\u00e9, y compris des experts-comptables judiciaires, des tra\u00e7eurs d'actifs et des sp\u00e9cialistes du march\u00e9.<br><\/p>\n\n\n\n<h3 class=\"wp-block-heading has-lg-font-size\" style=\"padding-top:var(--wp--preset--spacing--20);padding-bottom:var(--wp--preset--spacing--20)\"><strong>Nous contacter<\/strong><\/h3>\n\n\n\n<p style=\"padding-top:var(--wp--preset--spacing--20);padding-bottom:var(--wp--preset--spacing--20)\">Pour obtenir des conseils et une repr\u00e9sentation d'experts en mati\u00e8re de fraude complexe et de criminalit\u00e9 d'entreprise, appelez-nous d\u00e8s aujourd'hui au<em><strong>\u00a0<a href=\"tel:02076131402\">020 7613 1402<\/a><\/strong><\/em>\u00a0ou\u00a0<a href=\"https:\/\/rfblegal.co.uk\/fr\/nous-contacter\/\">remplir notre formulaire de demande de renseignements en ligne<\/a>\u00a0et l'un de nos juristes vous contactera dans les plus brefs d\u00e9lais.<\/p>","protected":false},"excerpt":{"rendered":"<p>Complex Fraud and Corporate Crime Ronald Fletcher Baker LLP acts for CEOs and senior company executives from a broad range of financial and business sectors in matters concerning serious fraud, corruption, embezzlement and insider trading.\u00a0 Our team has substantial expertise in dealing with investigations by the Serious Fraud Office (SFO), HM Revenue and Customs (HMRC), &hellip; <a href=\"https:\/\/rfblegal.co.uk\/fr\/services\/droit-des-affaires\/services-de-lutte-contre-la-criminalite-en-col-blanc-et-la-criminalite-financiere\/criminalite-en-col-blanc-et-criminalite-financiere\/\">Suite<\/a><\/p>","protected":false},"author":1,"featured_media":3161,"parent":2628,"menu_order":0,"comment_status":"closed","ping_status":"closed","template":"tier3-template.blade.php","meta":{"_acf_changed":false,"om_disable_all_campaigns":false,"_uf_show_specific_survey":0,"_uf_disable_surveys":false,"footnotes":""},"class_list":["post-2631","page","type-page","status-publish","has-post-thumbnail","hentry"],"acf":[],"aioseo_notices":[],"yoast_head":"<!-- This site is optimized with the Yoast SEO plugin v27.2 - https:\/\/yoast.com\/product\/yoast-seo-wordpress\/ -->\n<title>White Collar and Financial Crime - RFB Legal<\/title>\n<meta name=\"description\" content=\"Complex Fraud and Corporate Crime Ronald Fletcher Baker LLP acts for CEOs and senior company executives from a broad range of financial and business\" \/>\n<meta name=\"robots\" content=\"index, follow, max-snippet:-1, max-image-preview:large, max-video-preview:-1\" \/>\n<link rel=\"canonical\" href=\"https:\/\/rfblegal.co.uk\/fr\/services\/droit-des-affaires\/services-de-lutte-contre-la-criminalite-en-col-blanc-et-la-criminalite-financiere\/criminalite-en-col-blanc-et-criminalite-financiere\/\" \/>\n<meta property=\"og:locale\" content=\"fr_FR\" \/>\n<meta property=\"og:type\" content=\"article\" \/>\n<meta property=\"og:title\" content=\"White Collar and Financial Crime - RFB Legal\" \/>\n<meta property=\"og:description\" content=\"Complex Fraud and Corporate Crime Ronald Fletcher Baker LLP acts for CEOs and senior company executives from a broad range of financial and business\" \/>\n<meta property=\"og:url\" content=\"https:\/\/rfblegal.co.uk\/fr\/services\/droit-des-affaires\/services-de-lutte-contre-la-criminalite-en-col-blanc-et-la-criminalite-financiere\/criminalite-en-col-blanc-et-criminalite-financiere\/\" \/>\n<meta property=\"og:site_name\" content=\"RFB Legal\" \/>\n<meta property=\"article:publisher\" content=\"https:\/\/www.facebook.com\/RFBLegal\/\" \/>\n<meta property=\"article:modified_time\" content=\"2024-02-23T15:27:46+00:00\" \/>\n<meta property=\"og:image\" content=\"https:\/\/rfblegal.co.uk\/wp-content\/uploads\/2024\/02\/Complex_Fraud_and_Financial_Crime.jpg\" \/>\n\t<meta property=\"og:image:width\" content=\"1440\" \/>\n\t<meta property=\"og:image:height\" content=\"550\" \/>\n\t<meta property=\"og:image:type\" content=\"image\/jpeg\" \/>\n<meta name=\"twitter:card\" content=\"summary_large_image\" \/>\n<meta name=\"twitter:label1\" content=\"Est. reading time\" \/>\n\t<meta name=\"twitter:data1\" content=\"2 minutes\" \/>\n<script type=\"application\/ld+json\" class=\"yoast-schema-graph\">{\"@context\":\"https:\/\/schema.org\",\"@graph\":[{\"@type\":\"WebPage\",\"@id\":\"https:\/\/rfblegal.co.uk\/services\/business-law\/white-collar-and-financial-crime-services\/white-collar-and-financial-crime\/\",\"url\":\"https:\/\/rfblegal.co.uk\/services\/business-law\/white-collar-and-financial-crime-services\/white-collar-and-financial-crime\/\",\"name\":\"White Collar and Financial Crime - RFB Legal\",\"isPartOf\":{\"@id\":\"https:\/\/rfblegal.co.uk\/#website\"},\"primaryImageOfPage\":{\"@id\":\"https:\/\/rfblegal.co.uk\/services\/business-law\/white-collar-and-financial-crime-services\/white-collar-and-financial-crime\/#primaryimage\"},\"image\":{\"@id\":\"https:\/\/rfblegal.co.uk\/services\/business-law\/white-collar-and-financial-crime-services\/white-collar-and-financial-crime\/#primaryimage\"},\"thumbnailUrl\":\"https:\/\/rfblegal.co.uk\/wp-content\/uploads\/2024\/02\/Complex_Fraud_and_Financial_Crime.jpg\",\"datePublished\":\"2024-02-21T17:33:33+00:00\",\"dateModified\":\"2024-02-23T15:27:46+00:00\",\"description\":\"Complex Fraud and Corporate Crime Ronald Fletcher Baker LLP acts for CEOs and senior company executives from a broad range of financial and business\",\"breadcrumb\":{\"@id\":\"https:\/\/rfblegal.co.uk\/services\/business-law\/white-collar-and-financial-crime-services\/white-collar-and-financial-crime\/#breadcrumb\"},\"inLanguage\":\"fr-FR\",\"potentialAction\":[{\"@type\":\"ReadAction\",\"target\":[\"https:\/\/rfblegal.co.uk\/services\/business-law\/white-collar-and-financial-crime-services\/white-collar-and-financial-crime\/\"]}]},{\"@type\":\"ImageObject\",\"inLanguage\":\"fr-FR\",\"@id\":\"https:\/\/rfblegal.co.uk\/services\/business-law\/white-collar-and-financial-crime-services\/white-collar-and-financial-crime\/#primaryimage\",\"url\":\"https:\/\/rfblegal.co.uk\/wp-content\/uploads\/2024\/02\/Complex_Fraud_and_Financial_Crime.jpg\",\"contentUrl\":\"https:\/\/rfblegal.co.uk\/wp-content\/uploads\/2024\/02\/Complex_Fraud_and_Financial_Crime.jpg\",\"width\":1440,\"height\":550},{\"@type\":\"BreadcrumbList\",\"@id\":\"https:\/\/rfblegal.co.uk\/services\/business-law\/white-collar-and-financial-crime-services\/white-collar-and-financial-crime\/#breadcrumb\",\"itemListElement\":[{\"@type\":\"ListItem\",\"position\":1,\"name\":\"Home\",\"item\":\"https:\/\/rfblegal.co.uk\/\"},{\"@type\":\"ListItem\",\"position\":2,\"name\":\"Services\",\"item\":\"https:\/\/rfblegal.co.uk\/services\/\"},{\"@type\":\"ListItem\",\"position\":3,\"name\":\"Business Law\",\"item\":\"https:\/\/rfblegal.co.uk\/services\/business-law\/\"},{\"@type\":\"ListItem\",\"position\":4,\"name\":\"Business &#8211; Criminal Litigation\",\"item\":\"https:\/\/rfblegal.co.uk\/services\/business-law\/white-collar-and-financial-crime-services\/\"},{\"@type\":\"ListItem\",\"position\":5,\"name\":\"White Collar and Financial Crime\"}]},{\"@type\":\"WebSite\",\"@id\":\"https:\/\/rfblegal.co.uk\/#website\",\"url\":\"https:\/\/rfblegal.co.uk\/\",\"name\":\"RFB Legal\",\"description\":\"\",\"publisher\":{\"@id\":\"https:\/\/rfblegal.co.uk\/#organization\"},\"potentialAction\":[{\"@type\":\"SearchAction\",\"target\":{\"@type\":\"EntryPoint\",\"urlTemplate\":\"https:\/\/rfblegal.co.uk\/?s={search_term_string}\"},\"query-input\":{\"@type\":\"PropertyValueSpecification\",\"valueRequired\":true,\"valueName\":\"search_term_string\"}}],\"inLanguage\":\"fr-FR\"},{\"@type\":\"Organization\",\"@id\":\"https:\/\/rfblegal.co.uk\/#organization\",\"name\":\"RFB Legal\",\"url\":\"https:\/\/rfblegal.co.uk\/\",\"logo\":{\"@type\":\"ImageObject\",\"inLanguage\":\"fr-FR\",\"@id\":\"https:\/\/rfblegal.co.uk\/#\/schema\/logo\/image\/\",\"url\":\"https:\/\/rfblegal.co.uk\/wp-content\/uploads\/2024\/01\/header_company_logo.svg\",\"contentUrl\":\"https:\/\/rfblegal.co.uk\/wp-content\/uploads\/2024\/01\/header_company_logo.svg\",\"caption\":\"RFB Legal\"},\"image\":{\"@id\":\"https:\/\/rfblegal.co.uk\/#\/schema\/logo\/image\/\"},\"sameAs\":[\"https:\/\/www.facebook.com\/RFBLegal\/\",\"https:\/\/www.linkedin.com\/uas\/login?session_redirect=company2012282\",\"https:\/\/www.instagram.com\/rfb_legal\/\"]}]}<\/script>\n<!-- \/ Yoast SEO plugin. -->","yoast_head_json":{"title":"Criminalit\u00e9 financi\u00e8re et criminalit\u00e9 en col blanc - RFB Legal","description":"Fraude complexe et criminalit\u00e9 d'entreprise Ronald Fletcher Baker LLP repr\u00e9sente des PDG et des cadres sup\u00e9rieurs d'entreprises d'un large \u00e9ventail de secteurs financiers et commerciaux.","robots":{"index":"index","follow":"follow","max-snippet":"max-snippet:-1","max-image-preview":"max-image-preview:large","max-video-preview":"max-video-preview:-1"},"canonical":"https:\/\/rfblegal.co.uk\/fr\/services\/droit-des-affaires\/services-de-lutte-contre-la-criminalite-en-col-blanc-et-la-criminalite-financiere\/criminalite-en-col-blanc-et-criminalite-financiere\/","og_locale":"fr_FR","og_type":"article","og_title":"White Collar and Financial Crime - RFB Legal","og_description":"Complex Fraud and Corporate Crime Ronald Fletcher Baker LLP acts for CEOs and senior company executives from a broad range of financial and business","og_url":"https:\/\/rfblegal.co.uk\/fr\/services\/droit-des-affaires\/services-de-lutte-contre-la-criminalite-en-col-blanc-et-la-criminalite-financiere\/criminalite-en-col-blanc-et-criminalite-financiere\/","og_site_name":"RFB Legal","article_publisher":"https:\/\/www.facebook.com\/RFBLegal\/","article_modified_time":"2024-02-23T15:27:46+00:00","og_image":[{"width":1440,"height":550,"url":"https:\/\/rfblegal.co.uk\/wp-content\/uploads\/2024\/02\/Complex_Fraud_and_Financial_Crime.jpg","type":"image\/jpeg"}],"twitter_card":"summary_large_image","twitter_misc":{"Est. reading time":"2 minutes"},"schema":{"@context":"https:\/\/schema.org","@graph":[{"@type":"WebPage","@id":"https:\/\/rfblegal.co.uk\/services\/business-law\/white-collar-and-financial-crime-services\/white-collar-and-financial-crime\/","url":"https:\/\/rfblegal.co.uk\/services\/business-law\/white-collar-and-financial-crime-services\/white-collar-and-financial-crime\/","name":"Criminalit\u00e9 financi\u00e8re et criminalit\u00e9 en col blanc - RFB Legal","isPartOf":{"@id":"https:\/\/rfblegal.co.uk\/#website"},"primaryImageOfPage":{"@id":"https:\/\/rfblegal.co.uk\/services\/business-law\/white-collar-and-financial-crime-services\/white-collar-and-financial-crime\/#primaryimage"},"image":{"@id":"https:\/\/rfblegal.co.uk\/services\/business-law\/white-collar-and-financial-crime-services\/white-collar-and-financial-crime\/#primaryimage"},"thumbnailUrl":"https:\/\/rfblegal.co.uk\/wp-content\/uploads\/2024\/02\/Complex_Fraud_and_Financial_Crime.jpg","datePublished":"2024-02-21T17:33:33+00:00","dateModified":"2024-02-23T15:27:46+00:00","description":"Fraude complexe et criminalit\u00e9 d'entreprise Ronald Fletcher Baker LLP repr\u00e9sente des PDG et des cadres sup\u00e9rieurs d'entreprises d'un large \u00e9ventail de secteurs financiers et commerciaux.","breadcrumb":{"@id":"https:\/\/rfblegal.co.uk\/services\/business-law\/white-collar-and-financial-crime-services\/white-collar-and-financial-crime\/#breadcrumb"},"inLanguage":"fr-FR","potentialAction":[{"@type":"ReadAction","target":["https:\/\/rfblegal.co.uk\/services\/business-law\/white-collar-and-financial-crime-services\/white-collar-and-financial-crime\/"]}]},{"@type":"ImageObject","inLanguage":"fr-FR","@id":"https:\/\/rfblegal.co.uk\/services\/business-law\/white-collar-and-financial-crime-services\/white-collar-and-financial-crime\/#primaryimage","url":"https:\/\/rfblegal.co.uk\/wp-content\/uploads\/2024\/02\/Complex_Fraud_and_Financial_Crime.jpg","contentUrl":"https:\/\/rfblegal.co.uk\/wp-content\/uploads\/2024\/02\/Complex_Fraud_and_Financial_Crime.jpg","width":1440,"height":550},{"@type":"BreadcrumbList","@id":"https:\/\/rfblegal.co.uk\/services\/business-law\/white-collar-and-financial-crime-services\/white-collar-and-financial-crime\/#breadcrumb","itemListElement":[{"@type":"ListItem","position":1,"name":"Home","item":"https:\/\/rfblegal.co.uk\/"},{"@type":"ListItem","position":2,"name":"Services","item":"https:\/\/rfblegal.co.uk\/services\/"},{"@type":"ListItem","position":3,"name":"Business Law","item":"https:\/\/rfblegal.co.uk\/services\/business-law\/"},{"@type":"ListItem","position":4,"name":"Business &#8211; Criminal Litigation","item":"https:\/\/rfblegal.co.uk\/services\/business-law\/white-collar-and-financial-crime-services\/"},{"@type":"ListItem","position":5,"name":"White Collar and Financial Crime"}]},{"@type":"WebSite","@id":"https:\/\/rfblegal.co.uk\/#website","url":"https:\/\/rfblegal.co.uk\/","name":"Appel d'offres juridique","description":"","publisher":{"@id":"https:\/\/rfblegal.co.uk\/#organization"},"potentialAction":[{"@type":"SearchAction","target":{"@type":"EntryPoint","urlTemplate":"https:\/\/rfblegal.co.uk\/?s={search_term_string}"},"query-input":{"@type":"PropertyValueSpecification","valueRequired":true,"valueName":"search_term_string"}}],"inLanguage":"fr-FR"},{"@type":"Organization","@id":"https:\/\/rfblegal.co.uk\/#organization","name":"Appel d'offres juridique","url":"https:\/\/rfblegal.co.uk\/","logo":{"@type":"ImageObject","inLanguage":"fr-FR","@id":"https:\/\/rfblegal.co.uk\/#\/schema\/logo\/image\/","url":"https:\/\/rfblegal.co.uk\/wp-content\/uploads\/2024\/01\/header_company_logo.svg","contentUrl":"https:\/\/rfblegal.co.uk\/wp-content\/uploads\/2024\/01\/header_company_logo.svg","caption":"RFB Legal"},"image":{"@id":"https:\/\/rfblegal.co.uk\/#\/schema\/logo\/image\/"},"sameAs":["https:\/\/www.facebook.com\/RFBLegal\/","https:\/\/www.linkedin.com\/uas\/login?session_redirect=company2012282","https:\/\/www.instagram.com\/rfb_legal\/"]}]}},"_links":{"self":[{"href":"https:\/\/rfblegal.co.uk\/fr\/wp-json\/wp\/v2\/pages\/2631","targetHints":{"allow":["GET"]}}],"collection":[{"href":"https:\/\/rfblegal.co.uk\/fr\/wp-json\/wp\/v2\/pages"}],"about":[{"href":"https:\/\/rfblegal.co.uk\/fr\/wp-json\/wp\/v2\/types\/page"}],"author":[{"embeddable":true,"href":"https:\/\/rfblegal.co.uk\/fr\/wp-json\/wp\/v2\/users\/1"}],"replies":[{"embeddable":true,"href":"https:\/\/rfblegal.co.uk\/fr\/wp-json\/wp\/v2\/comments?post=2631"}],"version-history":[{"count":0,"href":"https:\/\/rfblegal.co.uk\/fr\/wp-json\/wp\/v2\/pages\/2631\/revisions"}],"up":[{"embeddable":true,"href":"https:\/\/rfblegal.co.uk\/fr\/wp-json\/wp\/v2\/pages\/2628"}],"wp:featuredmedia":[{"embeddable":true,"href":"https:\/\/rfblegal.co.uk\/fr\/wp-json\/wp\/v2\/media\/3161"}],"wp:attachment":[{"href":"https:\/\/rfblegal.co.uk\/fr\/wp-json\/wp\/v2\/media?parent=2631"}],"curies":[{"name":"wp","href":"https:\/\/api.w.org\/{rel}","templated":true}]}}