{"id":2628,"date":"2024-02-21T17:32:36","date_gmt":"2024-02-21T17:32:36","guid":{"rendered":"https:\/\/rfblegal.co.uk\/?page_id=2628"},"modified":"2024-03-11T11:34:54","modified_gmt":"2024-03-11T11:34:54","slug":"services-de-lutte-contre-la-criminalite-en-col-blanc-et-la-criminalite-financiere","status":"publish","type":"page","link":"https:\/\/rfblegal.co.uk\/fr\/services\/droit-des-affaires\/services-de-lutte-contre-la-criminalite-en-col-blanc-et-la-criminalite-financiere\/","title":{"rendered":"Affaires - Contentieux p\u00e9nal"},"content":{"rendered":"<h2 class=\"wp-block-heading has-2-xl-font-size\" style=\"padding-top:var(--wp--preset--spacing--20);padding-bottom:var(--wp--preset--spacing--20);font-style:normal;font-weight:600\">Contentieux p\u00e9nal<\/h2>\n\n\n\n<h4 class=\"wp-block-heading has-lg-font-size\" style=\"padding-top:var(--wp--preset--spacing--20);padding-bottom:var(--wp--preset--spacing--20);font-style:normal;font-weight:500\"><strong>Tr\u00e8s bien class\u00e9e en\u00a0<a href=\"https:\/\/www.legal500.com\/firms\/2899-ronald-fletcher-baker-llp\/2752-london-england\/\">le Legal 500<\/a>\u00a0et avec plus de 75 ans d'exp\u00e9rience dans ce domaine, Ronald Fletcher Baker LLP est l'un des principaux cabinets d'avocats sp\u00e9cialis\u00e9s dans les affaires p\u00e9nales au Royaume-Uni.<\/strong><\/h4>\n\n\n\n<p style=\"padding-top:var(--wp--preset--spacing--20);padding-bottom:var(--wp--preset--spacing--20)\">Notre \u00e9quipe d'avocats sp\u00e9cialis\u00e9s offre un service dynamique et strat\u00e9gique aux entreprises et aux particuliers qui ont besoin de conseils en mati\u00e8re de criminalit\u00e9 \u00e9conomique et financi\u00e8re, de fraude complexe et de questions r\u00e9glementaires.<\/p>\n\n\n\n<p style=\"padding-top:var(--wp--preset--spacing--20);padding-bottom:var(--wp--preset--spacing--20)\">Ronald Fletcher Baker LLP jouit d'une r\u00e9putation internationale d'excellence et le cabinet repr\u00e9sente des clients en litige avec toutes les autorit\u00e9s charg\u00e9es des enqu\u00eates et des poursuites.<\/p>\n\n\n\n<p style=\"padding-top:var(--wp--preset--spacing--20);padding-bottom:var(--wp--preset--spacing--20)\">Un chef de file en mati\u00e8re de&nbsp;<a href=\"https:\/\/rfblegal.co.uk\/index.php\/litigation\/criminal-litigation\/investigations\">soutien \u00e0 l'enqu\u00eate<\/a>, Nos avocats assistent les clients lors des interrogatoires sous caution et tout au long de la proc\u00e9dure judiciaire. Qu'il s'agisse d'une arrestation au poste de police, d'un interrogatoire informel, d'une mise en libert\u00e9 sous caution ou d'une lib\u00e9ration sous enqu\u00eate, nous proposons une approche unique et positive pour r\u00e9sister aux enqu\u00eates de la police, du HMRC, de la Financial Conduct Authority, du Serious Fraud Office, des conseils locaux, de l'Insolvency Service et d'autres autorit\u00e9s. Nos comp\u00e9tences sont ax\u00e9es sur la recherche d'une solution rapide avant l'engagement d'une action en justice.<\/p>\n\n\n\n<p style=\"padding-top:var(--wp--preset--spacing--20);padding-bottom:var(--wp--preset--spacing--20)\">Les questions financi\u00e8res sont une sp\u00e9cialit\u00e9.&nbsp;<a href=\"https:\/\/rfblegal.co.uk\/index.php\/litigation\/criminal-litigation\/confiscation-and-asset-forfeiture\">Ordonnances de gel et de confiscation de comptes<\/a>,&nbsp;<a href=\"https:\/\/rfblegal.co.uk\/index.php\/litigation\/criminal-litigation\/cash-asset-seizures-restraint-orders\">saisies d'argent liquide<\/a>,&nbsp;<a href=\"https:\/\/rfblegal.co.uk\/index.php\/litigation\/criminal-litigation\/cash-asset-seizures-restraint-orders\">ordonnances de contrainte<\/a>&nbsp;et&nbsp;<a href=\"https:\/\/rfblegal.co.uk\/index.php\/litigation\/criminal-litigation\/proceeds-of-crime-and-money-laundering\">d\u00e9cisions de confiscation des produits du crime<\/a>&nbsp;constituent tous des domaines de pratique r\u00e9guliers. D\u00e9crit comme \u201c<em>engag\u00e9 et excellent avec les clients<\/em>\u201dl'entreprise est \u201c<em>le plus connu pour son exp\u00e9rience en mati\u00e8re de litiges transfrontaliers complexes et de grande valeur<\/em>\u201d.<\/p>\n\n\n\n<p style=\"padding-top:var(--wp--preset--spacing--20);padding-bottom:var(--wp--preset--spacing--20)\">Devant les Magistrates\u2019 Courts et les Crown Courts, l'\u00e9quipe adopte une approche tactique et m\u00e9dico-l\u00e9gale, aidant nos clients \u00e0 naviguer dans la proc\u00e9dure et \u00e0 \u00e9viter toute cons\u00e9quence dommageable. Profond\u00e9ment ancr\u00e9 dans le domaine, notre r\u00e9seau professionnel garantit l'intervention d'avocats et d'experts de premier ordre.<\/p>\n\n\n\n<p style=\"padding-top:var(--wp--preset--spacing--20);padding-bottom:var(--wp--preset--spacing--20)\">L'\u00e9quipe a \u00e9t\u00e9 d\u00e9crite comme \u00e9tant \u201c<em>extr\u00eamement comp\u00e9tent<\/em>\u201d, \u201c<em>s\u00fbr de lui<\/em>\u201d, \u201c<em>exemplaire<\/em>\u201d et d'avoir des avocats qui travaillent \u201c<em>inlassablement<\/em>\u201d tout en allant \u201c<em>se surpassent pour assurer le meilleur r\u00e9sultat \u00e0 leurs clients<\/em>\u201d.<\/p>\n\n\n\n<p style=\"padding-top:var(--wp--preset--spacing--20);padding-bottom:var(--wp--preset--spacing--20)\">Nous comptons parmi nos clients des gouvernements, des entreprises et des professionnels. Travaillant en \u00e9troite collaboration avec notre d\u00e9partement des litiges commerciaux et des entreprises, nous guidons nos clients dans des proc\u00e9dures juridiques complexes tout en offrant des services et des conseils de qualit\u00e9.<\/p>\n\n\n\n<p style=\"padding-top:var(--wp--preset--spacing--20);padding-bottom:var(--wp--preset--spacing--20)\">\t\t\t\t\t\t<style>\r\n\t\t\t\t<style>\r\n#wpsm_accordion_3160 .wpsm_panel-heading{\r\n\tpadding:0px !important;\r\n}\r\n#wpsm_accordion_3160 .wpsm_panel-title {\r\n\tmargin:0px !important; \r\n\ttext-transform:none !important;\r\n\tline-height: 1 !important;\r\n}\r\n#wpsm_accordion_3160 .wpsm_panel-title a{\r\n\ttext-decoration:none;\r\n\toverflow:hidden;\r\n\tdisplay:block;\r\n\tpadding:0px;\r\n\tfont-size: 18px !important;\r\n\tfont-family: Open Sans !important;\r\n\tcolor:#000000 !important;\r\n\tborder-bottom:0px !important;\r\n}\r\n\r\n#wpsm_accordion_3160 .wpsm_panel-title a:focus {\r\noutline: 0px !important;\r\n}\r\n\r\n#wpsm_accordion_3160 .wpsm_panel-title a:hover, #wpsm_accordion_3160 .wpsm_panel-title a:focus {\r\n\tcolor:#000000 !important;\r\n}\r\n#wpsm_accordion_3160 .acc-a{\r\n\tcolor: #000000 !important;\r\n\tbackground-color:#e8e8e8 !important;\r\n\tborder-color: #ddd;\r\n}\r\n#wpsm_accordion_3160 .wpsm_panel-default > .wpsm_panel-heading{\r\n\tcolor: #000000 !important;\r\n\tbackground-color: #e8e8e8 !important;\r\n\tborder-color: #e8e8e8 !important;\r\n\tborder-top-left-radius: 0px;\r\n\tborder-top-right-radius: 0px;\r\n}\r\n#wpsm_accordion_3160 .wpsm_panel-default {\r\n\t\tborder:1px solid transparent !important;\r\n\t}\r\n#wpsm_accordion_3160 {\r\n\tmargin-bottom: 20px;\r\n\toverflow: hidden;\r\n\tfloat: none;\r\n\twidth: 100%;\r\n\tdisplay: block;\r\n}\r\n#wpsm_accordion_3160 .ac_title_class{\r\n\tdisplay: block;\r\n\tpadding-top: 12px;\r\n\tpadding-bottom: 12px;\r\n\tpadding-left: 15px;\r\n\tpadding-right: 15px;\r\n}\r\n#wpsm_accordion_3160  .wpsm_panel {\r\n\toverflow:hidden;\r\n\t-webkit-box-shadow: 0 0px 0px rgba(0, 0, 0, .05);\r\n\tbox-shadow: 0 0px 0px rgba(0, 0, 0, .05);\r\n\t\tborder-radius: 4px;\r\n\t}\r\n#wpsm_accordion_3160  .wpsm_panel + .wpsm_panel {\r\n\t\tmargin-top: 5px;\r\n\t}\r\n#wpsm_accordion_3160  .wpsm_panel-body{\r\n\tbackground-color:#ffffff !important;\r\n\tcolor:#000000 !important;\r\n\tborder-top-color: #e8e8e8 !important;\r\n\tfont-size:16px !important;\r\n\tfont-family: Open Sans !important;\r\n\toverflow: hidden;\r\n\t\tborder: 2px solid #e8e8e8 !important;\r\n\t}\r\n\r\n#wpsm_accordion_3160 .ac_open_cl_icon{\r\n\tbackground-color:#e8e8e8 !important;\r\n\tcolor: #000000 !important;\r\n\tfloat:right !important;\r\n\tpadding-top: 12px !important;\r\n\tpadding-bottom: 12px !important;\r\n\tline-height: 1.0 !important;\r\n\tpadding-left: 15px !important;\r\n\tpadding-right: 15px !important;\r\n\tdisplay: inline-block !important;\r\n}\r\n\r\n\t\t\t\r\n\t\t\t<\/style>\t\r\n\t\t\t<\/style>\r\n\t\t\t<div class=\"wpsm_panel-group\" id=\"wpsm_accordion_3160\" >\r\n\t\t\t\t\t\t\t\t\r\n\t\t\t\t\t<!-- Inner panel Start -->\r\n\t\t\t\t\t<div class=\"wpsm_panel wpsm_panel-default\">\r\n\t\t\t\t\t\t<div class=\"wpsm_panel-heading\" role=\"tab\" >\r\n\t\t\t\t\t\t  <h4 class=\"wpsm_panel-title\">\r\n\t\t\t\t\t\t\t<a  class=\"\"  data-toggle=\"collapse\" data-parent=\"#wpsm_accordion_3160 \" href=\"javascript:void(0)\" data-target=\"#ac_3160_collapse1\" onclick=\"do_resize()\">\r\n\t\t\t\t\t\t\t\t\t\t\t\t\t\t\t\t\t<span class=\"ac_open_cl_icon fa fa-minus\"><\/span>\r\n\t\t\t\t\t\t\t\t\t\r\n\t\t\t\t\t\t\t\t \r\n\t\t\t\t\t\t\t\t<span class=\"ac_title_class\">\r\n\t\t\t\t\t\t\t\t\tEXPERTISE :\t\t\t\t\t\t\t\t<\/span>\r\n\t\t\t\t\t\t\t<\/a>\r\n\t\t\t\t\t\t  <\/h4>\r\n\t\t\t\t\t\t<\/div>\r\n\t\t\t\t\t\t<div id=\"ac_3160_collapse1\" class=\"wpsm_panel-collapse collapse in\"  >\r\n\t\t\t\t\t\t  <div class=\"wpsm_panel-body\">\r\n\t\t\t\t\t\t\tNotre \u00e9quipe exp\u00e9riment\u00e9e dispose de l'expertise n\u00e9cessaire pour vous aider dans vos d\u00e9marches :\r\n<ul>\r\n \t<li>- Enqu\u00eates<\/li>\r\n \t<li>- Fraude complexe et criminalit\u00e9 financi\u00e8re<\/li>\r\n \t<li>- Produits du crime et blanchiment d'argent<\/li>\r\n \t<li>- Ordonnances de gel et de confiscation de comptes<\/li>\r\n \t<li>- Ordonnances sur les richesses inexpliqu\u00e9es (UWO)<\/li>\r\n \t<li>- Contentieux p\u00e9nal grave<\/li>\r\n \t<li>- Infractions r\u00e9glementaires<\/li>\r\n \t<li>- Discipline professionnelle<\/li>\r\n \t<li>- Gestion de la r\u00e9putation<\/li>\r\n \t<li>- Infractions li\u00e9es \u00e0 la corruption et \u00e0 la lutte contre le blanchiment d'argent<\/li>\r\n \t<li>- Criminalit\u00e9 internationale et extradition<\/li>\r\n \t<li>- Recours<\/li>\r\n \t<li>- Poursuites priv\u00e9es<\/li>\r\n \t<li>- Enqu\u00eates de la police, des conseils locaux et d'autres autorit\u00e9s<\/li>\r\n \t<li>- Enqu\u00eates du HMRC, de la FCA, de l'Insolvency Service et du SFO<\/li>\r\n<\/ul>\t\t\t\t\t\t  <\/div>\r\n\t\t\t\t\t\t<\/div>\r\n\t\t\t\t\t<\/div>\r\n\t\t\t\t\t<!-- Inner panel End -->\r\n\t\t\t\t\t\r\n\t\t\t\t\t\t\t<\/div>\r\n\t\t\t\r\n<script type=\"text\/javascript\">\r\n\t\r\n\t\tfunction do_resize(){\r\n\r\n\t\t\tvar width=jQuery( '.wpsm_panel .wpsm_panel-body iframe' ).width();\r\n\t\t\tvar height=jQuery( '.wpsm_panel .wpsm_panel-body iframe' ).height();\r\n\r\n\t\t\tvar toggleSize = true;\r\n\t\t\tjQuery('iframe').animate({\r\n\t\t\t    width: toggleSize ? width : 640,\r\n\t\t\t    height: toggleSize ? height : 360\r\n\t\t\t  }, 250);\r\n\r\n\t\t\t  toggleSize = !toggleSize;\r\n\t\t}\r\n\t\t\r\n<\/script>\t<\/p>","protected":false},"excerpt":{"rendered":"<p>Contentieux p\u00e9nal Tr\u00e8s bien class\u00e9 dans le Legal 500 et fort de plus de 75 ans d'exp\u00e9rience dans le domaine, Ronald Fletcher Baker LLP est l'un des principaux cabinets de contentieux p\u00e9nal du Royaume-Uni. Notre \u00e9quipe d'avocats sp\u00e9cialis\u00e9s offre un service dynamique et strat\u00e9gique aux entreprises et aux particuliers qui ont besoin de conseils en mati\u00e8re de criminalit\u00e9 commerciale et financi\u00e8re, de fraude complexe et de ... <a href=\"https:\/\/rfblegal.co.uk\/fr\/?p=3160\">Suite<\/a><\/p>","protected":false},"author":1,"featured_media":2977,"parent":429,"menu_order":0,"comment_status":"closed","ping_status":"closed","template":"tier2-template.blade.php","meta":{"_acf_changed":false,"om_disable_all_campaigns":false,"_uf_show_specific_survey":0,"_uf_disable_surveys":false,"footnotes":""},"class_list":["post-2628","page","type-page","status-publish","has-post-thumbnail","hentry"],"acf":[],"aioseo_notices":[],"yoast_head":"<!-- This site is optimized with the Yoast SEO plugin v27.2 - https:\/\/yoast.com\/product\/yoast-seo-wordpress\/ -->\n<title>Business - Criminal Litigation - RFB Legal<\/title>\n<meta name=\"description\" content=\"Criminal Litigation Highly ranked in\u00a0the Legal 500\u00a0and with more than\u00a075 years\u2019 experience in the field, Ronald Fletcher Baker LLP is one of the leading\" \/>\n<meta name=\"robots\" content=\"index, follow, max-snippet:-1, max-image-preview:large, max-video-preview:-1\" \/>\n<link rel=\"canonical\" href=\"https:\/\/rfblegal.co.uk\/fr\/services\/droit-des-affaires\/services-de-lutte-contre-la-criminalite-en-col-blanc-et-la-criminalite-financiere\/\" \/>\n<meta property=\"og:locale\" content=\"fr_FR\" \/>\n<meta property=\"og:type\" content=\"article\" \/>\n<meta property=\"og:title\" content=\"Business - Criminal Litigation - RFB Legal\" \/>\n<meta property=\"og:description\" content=\"Criminal Litigation Highly ranked in\u00a0the Legal 500\u00a0and with more than\u00a075 years\u2019 experience in the field, Ronald Fletcher Baker LLP is one of the leading\" \/>\n<meta property=\"og:url\" content=\"https:\/\/rfblegal.co.uk\/fr\/services\/droit-des-affaires\/services-de-lutte-contre-la-criminalite-en-col-blanc-et-la-criminalite-financiere\/\" \/>\n<meta property=\"og:site_name\" content=\"RFB Legal\" \/>\n<meta property=\"article:publisher\" content=\"https:\/\/www.facebook.com\/RFBLegal\/\" \/>\n<meta property=\"article:modified_time\" content=\"2024-03-11T11:34:54+00:00\" \/>\n<meta property=\"og:image\" content=\"https:\/\/rfblegal.co.uk\/wp-content\/uploads\/2024\/02\/Criminal_Litigation.jpg\" \/>\n\t<meta property=\"og:image:width\" content=\"1440\" \/>\n\t<meta property=\"og:image:height\" content=\"550\" \/>\n\t<meta property=\"og:image:type\" content=\"image\/jpeg\" \/>\n<meta name=\"twitter:card\" content=\"summary_large_image\" \/>\n<meta name=\"twitter:label1\" content=\"Est. reading time\" \/>\n\t<meta name=\"twitter:data1\" content=\"2 minutes\" \/>\n<script type=\"application\/ld+json\" class=\"yoast-schema-graph\">{\"@context\":\"https:\/\/schema.org\",\"@graph\":[{\"@type\":\"WebPage\",\"@id\":\"https:\/\/rfblegal.co.uk\/services\/business-law\/white-collar-and-financial-crime-services\/\",\"url\":\"https:\/\/rfblegal.co.uk\/services\/business-law\/white-collar-and-financial-crime-services\/\",\"name\":\"Business - Criminal Litigation - RFB Legal\",\"isPartOf\":{\"@id\":\"https:\/\/rfblegal.co.uk\/#website\"},\"primaryImageOfPage\":{\"@id\":\"https:\/\/rfblegal.co.uk\/services\/business-law\/white-collar-and-financial-crime-services\/#primaryimage\"},\"image\":{\"@id\":\"https:\/\/rfblegal.co.uk\/services\/business-law\/white-collar-and-financial-crime-services\/#primaryimage\"},\"thumbnailUrl\":\"https:\/\/rfblegal.co.uk\/wp-content\/uploads\/2024\/02\/Criminal_Litigation.jpg\",\"datePublished\":\"2024-02-21T17:32:36+00:00\",\"dateModified\":\"2024-03-11T11:34:54+00:00\",\"description\":\"Criminal Litigation Highly ranked in\u00a0the Legal 500\u00a0and with more than\u00a075 years\u2019 experience in the field, Ronald Fletcher Baker LLP is one of the leading\",\"breadcrumb\":{\"@id\":\"https:\/\/rfblegal.co.uk\/services\/business-law\/white-collar-and-financial-crime-services\/#breadcrumb\"},\"inLanguage\":\"fr-FR\",\"potentialAction\":[{\"@type\":\"ReadAction\",\"target\":[\"https:\/\/rfblegal.co.uk\/services\/business-law\/white-collar-and-financial-crime-services\/\"]}]},{\"@type\":\"ImageObject\",\"inLanguage\":\"fr-FR\",\"@id\":\"https:\/\/rfblegal.co.uk\/services\/business-law\/white-collar-and-financial-crime-services\/#primaryimage\",\"url\":\"https:\/\/rfblegal.co.uk\/wp-content\/uploads\/2024\/02\/Criminal_Litigation.jpg\",\"contentUrl\":\"https:\/\/rfblegal.co.uk\/wp-content\/uploads\/2024\/02\/Criminal_Litigation.jpg\",\"width\":1440,\"height\":550},{\"@type\":\"BreadcrumbList\",\"@id\":\"https:\/\/rfblegal.co.uk\/services\/business-law\/white-collar-and-financial-crime-services\/#breadcrumb\",\"itemListElement\":[{\"@type\":\"ListItem\",\"position\":1,\"name\":\"Home\",\"item\":\"https:\/\/rfblegal.co.uk\/\"},{\"@type\":\"ListItem\",\"position\":2,\"name\":\"Services\",\"item\":\"https:\/\/rfblegal.co.uk\/services\/\"},{\"@type\":\"ListItem\",\"position\":3,\"name\":\"Business Law\",\"item\":\"https:\/\/rfblegal.co.uk\/services\/business-law\/\"},{\"@type\":\"ListItem\",\"position\":4,\"name\":\"Business &#8211; Criminal Litigation\"}]},{\"@type\":\"WebSite\",\"@id\":\"https:\/\/rfblegal.co.uk\/#website\",\"url\":\"https:\/\/rfblegal.co.uk\/\",\"name\":\"RFB Legal\",\"description\":\"\",\"publisher\":{\"@id\":\"https:\/\/rfblegal.co.uk\/#organization\"},\"potentialAction\":[{\"@type\":\"SearchAction\",\"target\":{\"@type\":\"EntryPoint\",\"urlTemplate\":\"https:\/\/rfblegal.co.uk\/?s={search_term_string}\"},\"query-input\":{\"@type\":\"PropertyValueSpecification\",\"valueRequired\":true,\"valueName\":\"search_term_string\"}}],\"inLanguage\":\"fr-FR\"},{\"@type\":\"Organization\",\"@id\":\"https:\/\/rfblegal.co.uk\/#organization\",\"name\":\"RFB Legal\",\"url\":\"https:\/\/rfblegal.co.uk\/\",\"logo\":{\"@type\":\"ImageObject\",\"inLanguage\":\"fr-FR\",\"@id\":\"https:\/\/rfblegal.co.uk\/#\/schema\/logo\/image\/\",\"url\":\"https:\/\/rfblegal.co.uk\/wp-content\/uploads\/2024\/01\/header_company_logo.svg\",\"contentUrl\":\"https:\/\/rfblegal.co.uk\/wp-content\/uploads\/2024\/01\/header_company_logo.svg\",\"caption\":\"RFB Legal\"},\"image\":{\"@id\":\"https:\/\/rfblegal.co.uk\/#\/schema\/logo\/image\/\"},\"sameAs\":[\"https:\/\/www.facebook.com\/RFBLegal\/\",\"https:\/\/www.linkedin.com\/uas\/login?session_redirect=company2012282\",\"https:\/\/www.instagram.com\/rfb_legal\/\"]}]}<\/script>\n<!-- \/ Yoast SEO plugin. -->","yoast_head_json":{"title":"Affaires - Contentieux p\u00e9nal - RFB Legal","description":"Contentieux p\u00e9nal Tr\u00e8s bien class\u00e9 dans le Legal 500 et avec plus de 75 ans d'exp\u00e9rience dans le domaine, Ronald Fletcher Baker LLP est l'un des principaux cabinets d'avocats en Europe.","robots":{"index":"index","follow":"follow","max-snippet":"max-snippet:-1","max-image-preview":"max-image-preview:large","max-video-preview":"max-video-preview:-1"},"canonical":"https:\/\/rfblegal.co.uk\/fr\/services\/droit-des-affaires\/services-de-lutte-contre-la-criminalite-en-col-blanc-et-la-criminalite-financiere\/","og_locale":"fr_FR","og_type":"article","og_title":"Business - Criminal Litigation - RFB Legal","og_description":"Criminal Litigation Highly ranked in\u00a0the Legal 500\u00a0and with more than\u00a075 years\u2019 experience in the field, Ronald Fletcher Baker LLP is one of the leading","og_url":"https:\/\/rfblegal.co.uk\/fr\/services\/droit-des-affaires\/services-de-lutte-contre-la-criminalite-en-col-blanc-et-la-criminalite-financiere\/","og_site_name":"RFB Legal","article_publisher":"https:\/\/www.facebook.com\/RFBLegal\/","article_modified_time":"2024-03-11T11:34:54+00:00","og_image":[{"width":1440,"height":550,"url":"https:\/\/rfblegal.co.uk\/wp-content\/uploads\/2024\/02\/Criminal_Litigation.jpg","type":"image\/jpeg"}],"twitter_card":"summary_large_image","twitter_misc":{"Est. reading time":"2 minutes"},"schema":{"@context":"https:\/\/schema.org","@graph":[{"@type":"WebPage","@id":"https:\/\/rfblegal.co.uk\/services\/business-law\/white-collar-and-financial-crime-services\/","url":"https:\/\/rfblegal.co.uk\/services\/business-law\/white-collar-and-financial-crime-services\/","name":"Affaires - Contentieux p\u00e9nal - RFB Legal","isPartOf":{"@id":"https:\/\/rfblegal.co.uk\/#website"},"primaryImageOfPage":{"@id":"https:\/\/rfblegal.co.uk\/services\/business-law\/white-collar-and-financial-crime-services\/#primaryimage"},"image":{"@id":"https:\/\/rfblegal.co.uk\/services\/business-law\/white-collar-and-financial-crime-services\/#primaryimage"},"thumbnailUrl":"https:\/\/rfblegal.co.uk\/wp-content\/uploads\/2024\/02\/Criminal_Litigation.jpg","datePublished":"2024-02-21T17:32:36+00:00","dateModified":"2024-03-11T11:34:54+00:00","description":"Contentieux p\u00e9nal Tr\u00e8s bien class\u00e9 dans le Legal 500 et avec plus de 75 ans d'exp\u00e9rience dans le domaine, Ronald Fletcher Baker LLP est l'un des principaux cabinets d'avocats en Europe.","breadcrumb":{"@id":"https:\/\/rfblegal.co.uk\/services\/business-law\/white-collar-and-financial-crime-services\/#breadcrumb"},"inLanguage":"fr-FR","potentialAction":[{"@type":"ReadAction","target":["https:\/\/rfblegal.co.uk\/services\/business-law\/white-collar-and-financial-crime-services\/"]}]},{"@type":"ImageObject","inLanguage":"fr-FR","@id":"https:\/\/rfblegal.co.uk\/services\/business-law\/white-collar-and-financial-crime-services\/#primaryimage","url":"https:\/\/rfblegal.co.uk\/wp-content\/uploads\/2024\/02\/Criminal_Litigation.jpg","contentUrl":"https:\/\/rfblegal.co.uk\/wp-content\/uploads\/2024\/02\/Criminal_Litigation.jpg","width":1440,"height":550},{"@type":"BreadcrumbList","@id":"https:\/\/rfblegal.co.uk\/services\/business-law\/white-collar-and-financial-crime-services\/#breadcrumb","itemListElement":[{"@type":"ListItem","position":1,"name":"Home","item":"https:\/\/rfblegal.co.uk\/"},{"@type":"ListItem","position":2,"name":"Services","item":"https:\/\/rfblegal.co.uk\/services\/"},{"@type":"ListItem","position":3,"name":"Business Law","item":"https:\/\/rfblegal.co.uk\/services\/business-law\/"},{"@type":"ListItem","position":4,"name":"Business &#8211; Criminal Litigation"}]},{"@type":"WebSite","@id":"https:\/\/rfblegal.co.uk\/#website","url":"https:\/\/rfblegal.co.uk\/","name":"Appel d'offres juridique","description":"","publisher":{"@id":"https:\/\/rfblegal.co.uk\/#organization"},"potentialAction":[{"@type":"SearchAction","target":{"@type":"EntryPoint","urlTemplate":"https:\/\/rfblegal.co.uk\/?s={search_term_string}"},"query-input":{"@type":"PropertyValueSpecification","valueRequired":true,"valueName":"search_term_string"}}],"inLanguage":"fr-FR"},{"@type":"Organization","@id":"https:\/\/rfblegal.co.uk\/#organization","name":"Appel d'offres juridique","url":"https:\/\/rfblegal.co.uk\/","logo":{"@type":"ImageObject","inLanguage":"fr-FR","@id":"https:\/\/rfblegal.co.uk\/#\/schema\/logo\/image\/","url":"https:\/\/rfblegal.co.uk\/wp-content\/uploads\/2024\/01\/header_company_logo.svg","contentUrl":"https:\/\/rfblegal.co.uk\/wp-content\/uploads\/2024\/01\/header_company_logo.svg","caption":"RFB Legal"},"image":{"@id":"https:\/\/rfblegal.co.uk\/#\/schema\/logo\/image\/"},"sameAs":["https:\/\/www.facebook.com\/RFBLegal\/","https:\/\/www.linkedin.com\/uas\/login?session_redirect=company2012282","https:\/\/www.instagram.com\/rfb_legal\/"]}]}},"_links":{"self":[{"href":"https:\/\/rfblegal.co.uk\/fr\/wp-json\/wp\/v2\/pages\/2628","targetHints":{"allow":["GET"]}}],"collection":[{"href":"https:\/\/rfblegal.co.uk\/fr\/wp-json\/wp\/v2\/pages"}],"about":[{"href":"https:\/\/rfblegal.co.uk\/fr\/wp-json\/wp\/v2\/types\/page"}],"author":[{"embeddable":true,"href":"https:\/\/rfblegal.co.uk\/fr\/wp-json\/wp\/v2\/users\/1"}],"replies":[{"embeddable":true,"href":"https:\/\/rfblegal.co.uk\/fr\/wp-json\/wp\/v2\/comments?post=2628"}],"version-history":[{"count":0,"href":"https:\/\/rfblegal.co.uk\/fr\/wp-json\/wp\/v2\/pages\/2628\/revisions"}],"up":[{"embeddable":true,"href":"https:\/\/rfblegal.co.uk\/fr\/wp-json\/wp\/v2\/pages\/429"}],"wp:featuredmedia":[{"embeddable":true,"href":"https:\/\/rfblegal.co.uk\/fr\/wp-json\/wp\/v2\/media\/2977"}],"wp:attachment":[{"href":"https:\/\/rfblegal.co.uk\/fr\/wp-json\/wp\/v2\/media?parent=2628"}],"curies":[{"name":"wp","href":"https:\/\/api.w.org\/{rel}","templated":true}]}}