{"id":2621,"date":"2024-02-21T17:30:55","date_gmt":"2024-02-21T17:30:55","guid":{"rendered":"https:\/\/rfblegal.co.uk\/?page_id=2621"},"modified":"2026-03-26T10:59:23","modified_gmt":"2026-03-26T10:59:23","slug":"fusions-et-restructurations","status":"publish","type":"page","link":"https:\/\/rfblegal.co.uk\/fr\/services\/droit-des-affaires\/entreprise-entreprise\/fusions-et-restructurations\/","title":{"rendered":"Fusions et acquisitions"},"content":{"rendered":"<h2 class=\"wp-block-heading\"><strong>Services de fusions et acquisitions<\/strong><\/h2>\n\n\n\n<p>La croissance d'une entreprise peut se faire par le biais de diff\u00e9rentes strat\u00e9gies. Certains optent pour une croissance organique en remportant des appels d'offres, en agrandissant les locaux et les effectifs et en augmentant la capacit\u00e9 de chiffre d'affaires, mais cette approche peut s'av\u00e9rer lente. En revanche, les acquisitions directes ou les fusions avec des entreprises compl\u00e9mentaires et similaires peuvent conduire \u00e0 une croissance plus rapide.<\/p>\n\n\n\n<p>Chez Ronald Fletcher Baker, nous comprenons que les clients ont des niveaux d'exp\u00e9rience vari\u00e9s en ce qui concerne les aspects juridiques de l'achat, de la vente ou de la cession d'une entreprise. Que vous soyez rompu \u00e0 ces questions ou que vous recherchiez des conseils sp\u00e9cialis\u00e9s pour la premi\u00e8re fois, notre \u00e9quipe prim\u00e9e est l\u00e0 pour vous aider. Nous avons conseill\u00e9 avec succ\u00e8s de nombreux clients dans le cadre de ventes et d'achats d'entreprises, ce qui vous permet de b\u00e9n\u00e9ficier de conseils d'experts adapt\u00e9s \u00e0 votre situation.<\/p>\n\n\n\n<h2 class=\"wp-block-heading\"><strong>Notre approche<\/strong><\/h2>\n\n\n\n<p>Nous collaborons \u00e9troitement avec les clients, les comptables et les financiers pour identifier les risques et trouver les bonnes solutions, tout en respectant le budget et le calendrier. Notre r\u00e9putation de fournir des conseils juridiques avis\u00e9s va de pair avec notre approche pragmatique. Avec des bureaux \u00e0 Londres et dans d'autres <a href=\"https:\/\/rfblegal.co.uk\/fr\/localisation\/\">lieux<\/a>, Nos avocats sp\u00e9cialis\u00e9s en fusions et acquisitions poss\u00e8dent une vaste exp\u00e9rience dans le conseil aux entreprises de divers secteurs en mati\u00e8re d'acquisitions et de cessions d'entreprises.<\/p>\n\n\n\n<h2 class=\"wp-block-heading\"><strong>Comprendre les acquisitions<\/strong><\/h2>\n\n\n\n<p>Une acquisition implique qu'une entreprise en acquiert une autre, g\u00e9n\u00e9ralement par le biais d'un achat d'actions ou d'actifs.<\/p>\n\n\n\n<ul class=\"wp-block-list\">\n<li><strong>Achat d'actions<\/strong>: Acquisition de la totalit\u00e9 du capital social d'une autre entreprise, qui conserve l'ensemble de ses activit\u00e9s, de ses actifs et de ses affaires. Cela peut conduire \u00e0 la formation d'un groupe, l'entreprise cible devenant une filiale de l'acheteur, tout en conservant l'ensemble de ses actifs et de ses passifs.<\/li>\n\n\n\n<li><strong>Achat d'actifs<\/strong>: Acquisition d'actifs et de passifs sp\u00e9cifiques d'une autre entreprise, permettant l'acquisition s\u00e9lective d'\u00e9l\u00e9ments de valeur sans prendre en charge l'ensemble de l'entit\u00e9.<\/li>\n<\/ul>\n\n\n\n<p>En revanche, la vente d'une entreprise ou l'acquisition d'actifs implique l'acquisition d'actifs s\u00e9lectionn\u00e9s ou de tous les actifs qui composent l'entreprise, plut\u00f4t que l'achat de la totalit\u00e9 du capital social d'une soci\u00e9t\u00e9.<\/p>\n\n\n\n<h2 class=\"wp-block-heading\"><strong>Quelle est la meilleure solution : achat d'actions ou achat d'actifs ?<\/strong><\/h2>\n\n\n\n<ul class=\"wp-block-list\">\n<li><strong>Achat d'actions<\/strong>: Cette m\u00e9thode permet de maintenir la continuit\u00e9 des op\u00e9rations commerciales, en conservant tous les clients, les conditions g\u00e9n\u00e9rales, les employ\u00e9s, les biens, etc. Cependant, elle maintient \u00e9galement les responsabilit\u00e9s, ce qui rend la diligence n\u00e9cessaire cruciale. Des garanties et des indemnisations \u00e9tendues dans le contrat sont n\u00e9cessaires pour faire face \u00e0 toute responsabilit\u00e9 non divulgu\u00e9e ou inattendue, en particulier en ce qui concerne la fiscalit\u00e9, puisque vous h\u00e9riterez de la situation fiscale historique de l'entreprise.<\/li>\n\n\n\n<li><strong>Achat d'actifs<\/strong>: Cette solution peut \u00eatre plus perturbante, car elle n\u00e9cessite le transfert de tous les actifs, la cession des contrats, le transfert de la propri\u00e9t\u00e9 et le respect de la l\u00e9gislation pertinente (commun\u00e9ment appel\u00e9 transfert TUPE). Toutefois, elle permet l'acquisition s\u00e9lective d'actifs, ce qui r\u00e9duit les risques de responsabilit\u00e9. La diligence raisonnable reste importante pour s'assurer que l'on acquiert tout ce qui est n\u00e9cessaire \u00e0 la gestion de l'entreprise.<\/li>\n<\/ul>\n\n\n\n<p>En fin de compte, la voie \u00e0 suivre d\u00e9pend de la propension au risque de l'acheteur et des intentions et besoins commerciaux de la transaction.<\/p>\n\n\n\n<h2 class=\"wp-block-heading\"><strong>Comprendre les fusions<\/strong><\/h2>\n\n\n\n<p>Une fusion diff\u00e8re d'une acquisition en ce sens qu'elle implique la consolidation de deux entreprises en une seule. Elle peut prendre diff\u00e9rentes formes, comme une acquisition initiale suivie d'une prise de participation de l'actionnaire vendeur dans l'acheteur, un transfert d'actifs au sein du groupe ou la cr\u00e9ation d'une soci\u00e9t\u00e9 holding qui acquiert des parts dans les deux entreprises pour cr\u00e9er une structure de groupe.<\/p>\n\n\n\n<p>La cl\u00e9 d'une fusion r\u00e9ussie est d'obtenir la bonne structure pour l'entreprise et de s'assurer qu'elle refl\u00e8te la fa\u00e7on dont l'entreprise souhaite fonctionner apr\u00e8s la fusion. La structure commerciale doit \u00eatre examin\u00e9e en m\u00eame temps que les implications juridiques et fiscales, l'autorisation du HMRC pouvant \u00eatre requise pour \u00e9viter des cons\u00e9quences fiscales inattendues.<\/p>\n\n\n\n<p>La diligence raisonnable est essentielle lors d'une fusion, les deux parties devant mener des enqu\u00eates approfondies pour assurer une transition en douceur.<\/p>\n\n\n\n<h2 class=\"wp-block-heading\"><strong>Pourquoi entreprendre une acquisition ou une fusion ?<\/strong><\/h2>\n\n\n\n<p>Une acquisition ou une fusion peut rapidement d\u00e9velopper votre activit\u00e9 en vous apportant des \u00e9quipements, du personnel, des locaux et des clients cl\u00e9s. Elle offre une meilleure visibilit\u00e9 et un acc\u00e8s imm\u00e9diat \u00e0 une activit\u00e9 \u00e9largie, souvent plus rapidement que la croissance organique. Par exemple, l'acquisition d'une soci\u00e9t\u00e9 de distribution peut apporter des avantages directs allant au-del\u00e0 des accords existants.<\/p>\n\n\n\n<p>Les acquisitions ou les fusions peuvent \u00e9galement permettre d'\u00e9largir votre offre de services ou d'introduire des aspects de votre activit\u00e9 en interne, en acqu\u00e9rant une expertise qui am\u00e9liore vos op\u00e9rations existantes. Par exemple, une entreprise de construction peut acqu\u00e9rir une entreprise de grutage pour desservir ses projets et offrir des services de grutage \u00e0 d'autres.<\/p>\n\n\n\n<h2 class=\"wp-block-heading\"><strong>Les inconv\u00e9nients des acquisitions ou des fusions<\/strong><\/h2>\n\n\n\n<p>Les transactions comportent des risques, att\u00e9nu\u00e9s par la diligence raisonnable, les indemnit\u00e9s et les garanties, mais pas enti\u00e8rement \u00e9limin\u00e9s. Elles peuvent \u00eatre d\u00e9stabilisantes, en particulier dans le cas d'acquisitions d'actifs ou d'entreprises, qui n\u00e9cessitent une int\u00e9gration et une synergie harmonieuses entre les entreprises. L'alignement de la culture d'entreprise est essentiel pour \u00e9viter une transition rat\u00e9e.<\/p>\n\n\n\n<p>Le financement est un facteur cl\u00e9, avec des co\u00fbts initiaux pour les achats, les taxes et les honoraires professionnels. Il est essentiel de choisir la bonne cible afin d'\u00e9viter des d\u00e9penses importantes sans b\u00e9n\u00e9fices \u00e0 long terme.<\/p>\n\n\n\n<h2 class=\"wp-block-heading\"><strong>Pourquoi avez-vous besoin d'un avocat sp\u00e9cialis\u00e9 en droit des soci\u00e9t\u00e9s et en droit commercial ?<\/strong><\/h2>\n\n\n\n<p>L'expansion de votre entreprise par le biais d'une fusion ou d'une acquisition comporte des risques \u00e9lev\u00e9s. Votre avocat vous aidera \u00e0 :<\/p>\n\n\n\n<ul class=\"wp-block-list\">\n<li><strong>Diligence raisonnable<\/strong>: Au-del\u00e0 de la due diligence commerciale, comprendre la structure juridique, les relations contractuelles, la conformit\u00e9 et l'impact de la transaction.<\/li>\n\n\n\n<li><strong>Contrats<\/strong>: Pr\u00e9paration et n\u00e9gociation de documents contraignants, y compris les contrats d'achat d'actions, les contrats de vente d'entreprise, les proc\u00e8s-verbaux des conseils d'administration, les r\u00e9solutions, les mises en demeure, les renonciations, les cessions, les transferts de propri\u00e9t\u00e9, les d\u00e9clarations au registre du commerce et des soci\u00e9t\u00e9s, les procurations et les indemnisations.<\/li>\n\n\n\n<li><strong>Divulgations<\/strong>: L'examen et le conseil sur les informations formelles fournies par le vendeur, g\u00e9n\u00e9ralement dans une lettre d'information, pour notifier \u00e0 l'acheteur les \u00e9l\u00e9ments incompatibles avec les garanties demand\u00e9es.<\/li>\n<\/ul>\n\n\n\n<p>Ce ne sont l\u00e0 que quelques exemples du soutien que vous apportera votre avocat. Il vous consultera tout au long du processus, discutera des diff\u00e9rentes options, travaillera avec vos autres conseillers professionnels, fera des commentaires sur l'autorisation fiscale d'un point de vue juridique, \u00e9laborera des protocoles d'accord, vous conseillera sur les documents de financement et de s\u00e9curit\u00e9 n\u00e9cessaires et vous aidera pour les questions post\u00e9rieures \u00e0 la conclusion de l'op\u00e9ration, telles que l'alignement des contrats, la gestion de toute restructuration du personnel r\u00e9sultant de l'op\u00e9ration et le transfert d'actifs au sein du groupe si n\u00e9cessaire.&nbsp;<\/p>\n\n\n\n<p>Lorsque vous choisissez un avocat, assurez-vous de vous adresser \u00e0 un cabinet qui poss\u00e8de l'expertise commerciale n\u00e9cessaire pour soutenir chaque aspect de votre transaction, qui comprend le secteur et ses particularit\u00e9s, et qui peut travailler avec vous et vos autres conseillers professionnels pour adopter une approche commerciale, en comprenant la situation dans son ensemble et vos objectifs finaux.<\/p>\n\n\n\n<p>L'entreprise et les services commerciaux, de l'emploi et de la sant\u00e9 <a href=\"https:\/\/rfblegal.co.uk\/fr\/services\/droit-des-affaires\/contentieux-commercial\/litiges-en-matiere-de-propriete-commerciale\/\">Propri\u00e9t\u00e9 commerciale<\/a> Les \u00e9quipes de Ronald Fletcher Baker sont id\u00e9alement plac\u00e9es pour vous conseiller et vous assister dans vos projets d'acquisition ou de fusion. Nous travaillons ensemble et avec vos autres conseillers professionnels pour vous assurer tout le soutien dont vous avez besoin pour votre transaction.<\/p>\n\n\n\n<p>Pour une premi\u00e8re discussion confidentielle et sans obligation sur la mani\u00e8re dont nous pourrions vous aider, veuillez contacter l'\u00e9quipe des entreprises et du commerce \u00e0 l'adresse suivante <a href=\"tel:020 7613 1402\">020 7613 1402<\/a>.<\/p>","protected":false},"excerpt":{"rendered":"<p>Mergers and Acquisitions Services Growing your business can be achieved through various strategies. While some opt for organic growth by winning tenders, expanding premises and workforce, and increasing turnover capacity, this approach can be slow. Alternatively, direct acquisitions or mergers with complementary and similar businesses can lead to more rapid growth. At Ronald Fletcher Baker, &hellip; <a href=\"https:\/\/rfblegal.co.uk\/fr\/services\/droit-des-affaires\/entreprise-entreprise\/fusions-et-restructurations\/\">Suite<\/a><\/p>","protected":false},"author":1,"featured_media":3714,"parent":2597,"menu_order":0,"comment_status":"closed","ping_status":"closed","template":"tier3-template.blade.php","meta":{"_acf_changed":false,"om_disable_all_campaigns":false,"_uf_show_specific_survey":0,"_uf_disable_surveys":false,"footnotes":""},"class_list":["post-2621","page","type-page","status-publish","has-post-thumbnail","hentry"],"acf":[],"aioseo_notices":[],"yoast_head":"<!-- This site is optimized with the Yoast SEO plugin v27.2 - https:\/\/yoast.com\/product\/yoast-seo-wordpress\/ -->\n<title>Mergers &amp; Acquisitions - RFB Legal<\/title>\n<meta name=\"description\" content=\"Mergers and Acquisitions Services Growing your business can be achieved through various strategies. While some opt for organic growth by winning tenders,\" \/>\n<meta name=\"robots\" content=\"index, follow, max-snippet:-1, max-image-preview:large, max-video-preview:-1\" \/>\n<link rel=\"canonical\" href=\"https:\/\/rfblegal.co.uk\/fr\/services\/droit-des-affaires\/entreprise-entreprise\/fusions-et-restructurations\/\" \/>\n<meta property=\"og:locale\" content=\"fr_FR\" \/>\n<meta property=\"og:type\" content=\"article\" \/>\n<meta property=\"og:title\" content=\"Mergers &amp; Acquisitions - RFB Legal\" \/>\n<meta property=\"og:description\" content=\"Mergers and Acquisitions Services Growing your business can be achieved through various strategies. While some opt for organic growth by winning tenders,\" \/>\n<meta property=\"og:url\" content=\"https:\/\/rfblegal.co.uk\/fr\/services\/droit-des-affaires\/entreprise-entreprise\/fusions-et-restructurations\/\" \/>\n<meta property=\"og:site_name\" content=\"RFB Legal\" \/>\n<meta property=\"article:publisher\" content=\"https:\/\/www.facebook.com\/RFBLegal\/\" \/>\n<meta property=\"article:modified_time\" content=\"2026-03-26T10:59:23+00:00\" \/>\n<meta property=\"og:image\" content=\"https:\/\/rfblegal.co.uk\/wp-content\/uploads\/2024\/02\/72aa47db-62bc-444f-bb73-5698b1592d56.jpeg\" \/>\n\t<meta property=\"og:image:width\" content=\"1920\" \/>\n\t<meta property=\"og:image:height\" content=\"854\" \/>\n\t<meta property=\"og:image:type\" content=\"image\/jpeg\" \/>\n<meta name=\"twitter:card\" content=\"summary_large_image\" \/>\n<meta name=\"twitter:label1\" content=\"Est. reading time\" \/>\n\t<meta name=\"twitter:data1\" content=\"5 minutes\" \/>\n<script type=\"application\/ld+json\" class=\"yoast-schema-graph\">{\"@context\":\"https:\/\/schema.org\",\"@graph\":[{\"@type\":\"WebPage\",\"@id\":\"https:\/\/rfblegal.co.uk\/services\/business-law\/business-corporate\/mergers-and-restructuring\/\",\"url\":\"https:\/\/rfblegal.co.uk\/services\/business-law\/business-corporate\/mergers-and-restructuring\/\",\"name\":\"Mergers &amp; Acquisitions - RFB Legal\",\"isPartOf\":{\"@id\":\"https:\/\/rfblegal.co.uk\/#website\"},\"primaryImageOfPage\":{\"@id\":\"https:\/\/rfblegal.co.uk\/services\/business-law\/business-corporate\/mergers-and-restructuring\/#primaryimage\"},\"image\":{\"@id\":\"https:\/\/rfblegal.co.uk\/services\/business-law\/business-corporate\/mergers-and-restructuring\/#primaryimage\"},\"thumbnailUrl\":\"https:\/\/rfblegal.co.uk\/wp-content\/uploads\/2024\/02\/72aa47db-62bc-444f-bb73-5698b1592d56.jpeg\",\"datePublished\":\"2024-02-21T17:30:55+00:00\",\"dateModified\":\"2026-03-26T10:59:23+00:00\",\"description\":\"Mergers and Acquisitions Services Growing your business can be achieved through various strategies. While some opt for organic growth by winning tenders,\",\"breadcrumb\":{\"@id\":\"https:\/\/rfblegal.co.uk\/services\/business-law\/business-corporate\/mergers-and-restructuring\/#breadcrumb\"},\"inLanguage\":\"fr-FR\",\"potentialAction\":[{\"@type\":\"ReadAction\",\"target\":[\"https:\/\/rfblegal.co.uk\/services\/business-law\/business-corporate\/mergers-and-restructuring\/\"]}]},{\"@type\":\"ImageObject\",\"inLanguage\":\"fr-FR\",\"@id\":\"https:\/\/rfblegal.co.uk\/services\/business-law\/business-corporate\/mergers-and-restructuring\/#primaryimage\",\"url\":\"https:\/\/rfblegal.co.uk\/wp-content\/uploads\/2024\/02\/72aa47db-62bc-444f-bb73-5698b1592d56.jpeg\",\"contentUrl\":\"https:\/\/rfblegal.co.uk\/wp-content\/uploads\/2024\/02\/72aa47db-62bc-444f-bb73-5698b1592d56.jpeg\",\"width\":1920,\"height\":854},{\"@type\":\"BreadcrumbList\",\"@id\":\"https:\/\/rfblegal.co.uk\/services\/business-law\/business-corporate\/mergers-and-restructuring\/#breadcrumb\",\"itemListElement\":[{\"@type\":\"ListItem\",\"position\":1,\"name\":\"Home\",\"item\":\"https:\/\/rfblegal.co.uk\/\"},{\"@type\":\"ListItem\",\"position\":2,\"name\":\"Services\",\"item\":\"https:\/\/rfblegal.co.uk\/services\/\"},{\"@type\":\"ListItem\",\"position\":3,\"name\":\"Business Law\",\"item\":\"https:\/\/rfblegal.co.uk\/services\/business-law\/\"},{\"@type\":\"ListItem\",\"position\":4,\"name\":\"Business &#8211; Corporate\",\"item\":\"https:\/\/rfblegal.co.uk\/services\/business-law\/business-corporate\/\"},{\"@type\":\"ListItem\",\"position\":5,\"name\":\"Mergers &amp; Acquisitions\"}]},{\"@type\":\"WebSite\",\"@id\":\"https:\/\/rfblegal.co.uk\/#website\",\"url\":\"https:\/\/rfblegal.co.uk\/\",\"name\":\"RFB Legal\",\"description\":\"\",\"publisher\":{\"@id\":\"https:\/\/rfblegal.co.uk\/#organization\"},\"potentialAction\":[{\"@type\":\"SearchAction\",\"target\":{\"@type\":\"EntryPoint\",\"urlTemplate\":\"https:\/\/rfblegal.co.uk\/?s={search_term_string}\"},\"query-input\":{\"@type\":\"PropertyValueSpecification\",\"valueRequired\":true,\"valueName\":\"search_term_string\"}}],\"inLanguage\":\"fr-FR\"},{\"@type\":\"Organization\",\"@id\":\"https:\/\/rfblegal.co.uk\/#organization\",\"name\":\"RFB Legal\",\"url\":\"https:\/\/rfblegal.co.uk\/\",\"logo\":{\"@type\":\"ImageObject\",\"inLanguage\":\"fr-FR\",\"@id\":\"https:\/\/rfblegal.co.uk\/#\/schema\/logo\/image\/\",\"url\":\"https:\/\/rfblegal.co.uk\/wp-content\/uploads\/2024\/01\/header_company_logo.svg\",\"contentUrl\":\"https:\/\/rfblegal.co.uk\/wp-content\/uploads\/2024\/01\/header_company_logo.svg\",\"caption\":\"RFB Legal\"},\"image\":{\"@id\":\"https:\/\/rfblegal.co.uk\/#\/schema\/logo\/image\/\"},\"sameAs\":[\"https:\/\/www.facebook.com\/RFBLegal\/\",\"https:\/\/www.linkedin.com\/uas\/login?session_redirect=company2012282\",\"https:\/\/www.instagram.com\/rfb_legal\/\"]}]}<\/script>\n<!-- \/ Yoast SEO plugin. -->","yoast_head_json":{"title":"Fusions et acquisitions - RFB Legal","description":"Services de fusions et d'acquisitions La croissance d'une entreprise peut se faire par le biais de diff\u00e9rentes strat\u00e9gies. Certains optent pour une croissance organique en remportant des appels d'offres,","robots":{"index":"index","follow":"follow","max-snippet":"max-snippet:-1","max-image-preview":"max-image-preview:large","max-video-preview":"max-video-preview:-1"},"canonical":"https:\/\/rfblegal.co.uk\/fr\/services\/droit-des-affaires\/entreprise-entreprise\/fusions-et-restructurations\/","og_locale":"fr_FR","og_type":"article","og_title":"Mergers &amp; Acquisitions - RFB Legal","og_description":"Mergers and Acquisitions Services Growing your business can be achieved through various strategies. While some opt for organic growth by winning tenders,","og_url":"https:\/\/rfblegal.co.uk\/fr\/services\/droit-des-affaires\/entreprise-entreprise\/fusions-et-restructurations\/","og_site_name":"RFB Legal","article_publisher":"https:\/\/www.facebook.com\/RFBLegal\/","article_modified_time":"2026-03-26T10:59:23+00:00","og_image":[{"width":1920,"height":854,"url":"https:\/\/rfblegal.co.uk\/wp-content\/uploads\/2024\/02\/72aa47db-62bc-444f-bb73-5698b1592d56.jpeg","type":"image\/jpeg"}],"twitter_card":"summary_large_image","twitter_misc":{"Est. reading time":"5 minutes"},"schema":{"@context":"https:\/\/schema.org","@graph":[{"@type":"WebPage","@id":"https:\/\/rfblegal.co.uk\/services\/business-law\/business-corporate\/mergers-and-restructuring\/","url":"https:\/\/rfblegal.co.uk\/services\/business-law\/business-corporate\/mergers-and-restructuring\/","name":"Fusions et acquisitions - RFB Legal","isPartOf":{"@id":"https:\/\/rfblegal.co.uk\/#website"},"primaryImageOfPage":{"@id":"https:\/\/rfblegal.co.uk\/services\/business-law\/business-corporate\/mergers-and-restructuring\/#primaryimage"},"image":{"@id":"https:\/\/rfblegal.co.uk\/services\/business-law\/business-corporate\/mergers-and-restructuring\/#primaryimage"},"thumbnailUrl":"https:\/\/rfblegal.co.uk\/wp-content\/uploads\/2024\/02\/72aa47db-62bc-444f-bb73-5698b1592d56.jpeg","datePublished":"2024-02-21T17:30:55+00:00","dateModified":"2026-03-26T10:59:23+00:00","description":"Services de fusions et d'acquisitions La croissance d'une entreprise peut se faire par le biais de diff\u00e9rentes strat\u00e9gies. Certains optent pour une croissance organique en remportant des appels d'offres,","breadcrumb":{"@id":"https:\/\/rfblegal.co.uk\/services\/business-law\/business-corporate\/mergers-and-restructuring\/#breadcrumb"},"inLanguage":"fr-FR","potentialAction":[{"@type":"ReadAction","target":["https:\/\/rfblegal.co.uk\/services\/business-law\/business-corporate\/mergers-and-restructuring\/"]}]},{"@type":"ImageObject","inLanguage":"fr-FR","@id":"https:\/\/rfblegal.co.uk\/services\/business-law\/business-corporate\/mergers-and-restructuring\/#primaryimage","url":"https:\/\/rfblegal.co.uk\/wp-content\/uploads\/2024\/02\/72aa47db-62bc-444f-bb73-5698b1592d56.jpeg","contentUrl":"https:\/\/rfblegal.co.uk\/wp-content\/uploads\/2024\/02\/72aa47db-62bc-444f-bb73-5698b1592d56.jpeg","width":1920,"height":854},{"@type":"BreadcrumbList","@id":"https:\/\/rfblegal.co.uk\/services\/business-law\/business-corporate\/mergers-and-restructuring\/#breadcrumb","itemListElement":[{"@type":"ListItem","position":1,"name":"Home","item":"https:\/\/rfblegal.co.uk\/"},{"@type":"ListItem","position":2,"name":"Services","item":"https:\/\/rfblegal.co.uk\/services\/"},{"@type":"ListItem","position":3,"name":"Business Law","item":"https:\/\/rfblegal.co.uk\/services\/business-law\/"},{"@type":"ListItem","position":4,"name":"Business &#8211; Corporate","item":"https:\/\/rfblegal.co.uk\/services\/business-law\/business-corporate\/"},{"@type":"ListItem","position":5,"name":"Mergers &amp; Acquisitions"}]},{"@type":"WebSite","@id":"https:\/\/rfblegal.co.uk\/#website","url":"https:\/\/rfblegal.co.uk\/","name":"Appel d'offres juridique","description":"","publisher":{"@id":"https:\/\/rfblegal.co.uk\/#organization"},"potentialAction":[{"@type":"SearchAction","target":{"@type":"EntryPoint","urlTemplate":"https:\/\/rfblegal.co.uk\/?s={search_term_string}"},"query-input":{"@type":"PropertyValueSpecification","valueRequired":true,"valueName":"search_term_string"}}],"inLanguage":"fr-FR"},{"@type":"Organization","@id":"https:\/\/rfblegal.co.uk\/#organization","name":"Appel d'offres juridique","url":"https:\/\/rfblegal.co.uk\/","logo":{"@type":"ImageObject","inLanguage":"fr-FR","@id":"https:\/\/rfblegal.co.uk\/#\/schema\/logo\/image\/","url":"https:\/\/rfblegal.co.uk\/wp-content\/uploads\/2024\/01\/header_company_logo.svg","contentUrl":"https:\/\/rfblegal.co.uk\/wp-content\/uploads\/2024\/01\/header_company_logo.svg","caption":"RFB Legal"},"image":{"@id":"https:\/\/rfblegal.co.uk\/#\/schema\/logo\/image\/"},"sameAs":["https:\/\/www.facebook.com\/RFBLegal\/","https:\/\/www.linkedin.com\/uas\/login?session_redirect=company2012282","https:\/\/www.instagram.com\/rfb_legal\/"]}]}},"_links":{"self":[{"href":"https:\/\/rfblegal.co.uk\/fr\/wp-json\/wp\/v2\/pages\/2621","targetHints":{"allow":["GET"]}}],"collection":[{"href":"https:\/\/rfblegal.co.uk\/fr\/wp-json\/wp\/v2\/pages"}],"about":[{"href":"https:\/\/rfblegal.co.uk\/fr\/wp-json\/wp\/v2\/types\/page"}],"author":[{"embeddable":true,"href":"https:\/\/rfblegal.co.uk\/fr\/wp-json\/wp\/v2\/users\/1"}],"replies":[{"embeddable":true,"href":"https:\/\/rfblegal.co.uk\/fr\/wp-json\/wp\/v2\/comments?post=2621"}],"version-history":[{"count":1,"href":"https:\/\/rfblegal.co.uk\/fr\/wp-json\/wp\/v2\/pages\/2621\/revisions"}],"predecessor-version":[{"id":9083,"href":"https:\/\/rfblegal.co.uk\/fr\/wp-json\/wp\/v2\/pages\/2621\/revisions\/9083"}],"up":[{"embeddable":true,"href":"https:\/\/rfblegal.co.uk\/fr\/wp-json\/wp\/v2\/pages\/2597"}],"wp:featuredmedia":[{"embeddable":true,"href":"https:\/\/rfblegal.co.uk\/fr\/wp-json\/wp\/v2\/media\/3714"}],"wp:attachment":[{"href":"https:\/\/rfblegal.co.uk\/fr\/wp-json\/wp\/v2\/media?parent=2621"}],"curies":[{"name":"wp","href":"https:\/\/api.w.org\/{rel}","templated":true}]}}