{"id":2513,"date":"2024-02-21T16:25:26","date_gmt":"2024-02-21T16:25:26","guid":{"rendered":"https:\/\/rfblegal.co.uk\/?page_id=2513"},"modified":"2025-06-19T13:00:25","modified_gmt":"2025-06-19T13:00:25","slug":"energie-et-services-publics","status":"publish","type":"page","link":"https:\/\/rfblegal.co.uk\/fr\/services\/droit-des-affaires\/contentieux-commercial\/energie-et-services-publics\/","title":{"rendered":"\u00c9nergie et services publics"},"content":{"rendered":"<h2 class=\"wp-block-heading has-2-xl-font-size\" style=\"padding-top:var(--wp--preset--spacing--20);padding-bottom:var(--wp--preset--spacing--20);font-style:normal;font-weight:600\">Litiges dans le domaine de l'\u00e9nergie et des services publics<\/h2>\n\n\n\n<h4 class=\"wp-block-heading has-lg-font-size\" style=\"padding-top:var(--wp--preset--spacing--20);padding-bottom:var(--wp--preset--spacing--20);font-style:normal;font-weight:500\"><strong>Nous sommes tr\u00e8s bien class\u00e9s par le Legal 500. Notre exp\u00e9rience et notre expertise nous ont permis de nous forger une solide r\u00e9putation en mati\u00e8re de litiges \u00e0 tous les niveaux et dans tous les forums. L'\u00e9quipe propose une gamme compl\u00e8te d'options de r\u00e9solution des litiges qui conviennent \u00e0 tous les clients pour divers litiges li\u00e9s \u00e0 l'\u00e9nergie et aux services d'utilit\u00e9 publique.\u00a0<\/strong><\/h4>\n\n\n\n<p style=\"padding-top:var(--wp--preset--spacing--20);padding-bottom:var(--wp--preset--spacing--20)\">Les cons\u00e9quences des litiges en mati\u00e8re d'\u00e9nergie et\/ou de services publics peuvent \u00eatre lourdes et peser sur n'importe quel type d'entreprise. L'\u00e9quipe charg\u00e9e des litiges en mati\u00e8re d'\u00e9nergie et de services publics s'efforce de trouver une solution qui perturbera le moins possible vos activit\u00e9s en vous offrant un service complet et rentable.&nbsp;&nbsp;<\/p>\n\n\n\n<p style=\"padding-top:var(--wp--preset--spacing--20);padding-bottom:var(--wp--preset--spacing--20)\">Les connaissances et l'exp\u00e9rience de l'\u00e9quipe en mati\u00e8re d'\u00e9nergie et de services publics peuvent vous fournir une approche personnalis\u00e9e lorsque des questions techniques sont en jeu, y compris les litiges relatifs au comptage et \u00e0 la facturation, les contrats pr\u00e9sum\u00e9s, les demandes de COT, les litiges avec les commissions secr\u00e8tes et les questions r\u00e9glementaires telles que les exigences en mati\u00e8re de licence d'approvisionnement.&nbsp;<\/p>\n\n\n\n<p style=\"padding-top:var(--wp--preset--spacing--20);padding-bottom:var(--wp--preset--spacing--20)\">Nous travaillons en collaboration avec nos clients afin de leur proposer une approche sur mesure, en mettant l'accent sur l'identification des questions cl\u00e9s \u00e0 un stade pr\u00e9coce du litige. Nous sommes fiers d'identifier, de concevoir et de mettre en \u0153uvre des strat\u00e9gies tactiques, mais pragmatiques, afin d'atteindre les objectifs de nos clients et de parvenir \u00e0 une conclusion rapide de tout litige.&nbsp;<\/p>\n\n\n\n<p style=\"padding-top:var(--wp--preset--spacing--20);padding-bottom:var(--wp--preset--spacing--20)\">\t\t\t\t\t\t<style>\r\n\t\t\t\t<style>\r\n#wpsm_accordion_3113 .wpsm_panel-heading{\r\n\tpadding:0px !important;\r\n}\r\n#wpsm_accordion_3113 .wpsm_panel-title {\r\n\tmargin:0px !important; \r\n\ttext-transform:none !important;\r\n\tline-height: 1 !important;\r\n}\r\n#wpsm_accordion_3113 .wpsm_panel-title a{\r\n\ttext-decoration:none;\r\n\toverflow:hidden;\r\n\tdisplay:block;\r\n\tpadding:0px;\r\n\tfont-size: 18px !important;\r\n\tfont-family: Open Sans !important;\r\n\tcolor:#000000 !important;\r\n\tborder-bottom:0px !important;\r\n}\r\n\r\n#wpsm_accordion_3113 .wpsm_panel-title a:focus {\r\noutline: 0px !important;\r\n}\r\n\r\n#wpsm_accordion_3113 .wpsm_panel-title a:hover, #wpsm_accordion_3113 .wpsm_panel-title a:focus {\r\n\tcolor:#000000 !important;\r\n}\r\n#wpsm_accordion_3113 .acc-a{\r\n\tcolor: #000000 !important;\r\n\tbackground-color:#e8e8e8 !important;\r\n\tborder-color: #ddd;\r\n}\r\n#wpsm_accordion_3113 .wpsm_panel-default > .wpsm_panel-heading{\r\n\tcolor: #000000 !important;\r\n\tbackground-color: #e8e8e8 !important;\r\n\tborder-color: #e8e8e8 !important;\r\n\tborder-top-left-radius: 0px;\r\n\tborder-top-right-radius: 0px;\r\n}\r\n#wpsm_accordion_3113 .wpsm_panel-default {\r\n\t\tborder:1px solid transparent !important;\r\n\t}\r\n#wpsm_accordion_3113 {\r\n\tmargin-bottom: 20px;\r\n\toverflow: hidden;\r\n\tfloat: none;\r\n\twidth: 100%;\r\n\tdisplay: block;\r\n}\r\n#wpsm_accordion_3113 .ac_title_class{\r\n\tdisplay: block;\r\n\tpadding-top: 12px;\r\n\tpadding-bottom: 12px;\r\n\tpadding-left: 15px;\r\n\tpadding-right: 15px;\r\n}\r\n#wpsm_accordion_3113  .wpsm_panel {\r\n\toverflow:hidden;\r\n\t-webkit-box-shadow: 0 0px 0px rgba(0, 0, 0, .05);\r\n\tbox-shadow: 0 0px 0px rgba(0, 0, 0, .05);\r\n\t\tborder-radius: 4px;\r\n\t}\r\n#wpsm_accordion_3113  .wpsm_panel + .wpsm_panel {\r\n\t\tmargin-top: 5px;\r\n\t}\r\n#wpsm_accordion_3113  .wpsm_panel-body{\r\n\tbackground-color:#ffffff !important;\r\n\tcolor:#000000 !important;\r\n\tborder-top-color: #e8e8e8 !important;\r\n\tfont-size:16px !important;\r\n\tfont-family: Open Sans !important;\r\n\toverflow: hidden;\r\n\t\tborder: 2px solid #e8e8e8 !important;\r\n\t}\r\n\r\n#wpsm_accordion_3113 .ac_open_cl_icon{\r\n\tbackground-color:#e8e8e8 !important;\r\n\tcolor: #000000 !important;\r\n\tfloat:right !important;\r\n\tpadding-top: 12px !important;\r\n\tpadding-bottom: 12px !important;\r\n\tline-height: 1.0 !important;\r\n\tpadding-left: 15px !important;\r\n\tpadding-right: 15px !important;\r\n\tdisplay: inline-block !important;\r\n}\r\n\r\n\t\t\t\r\n\t\t\t<\/style>\t\r\n\t\t\t<\/style>\r\n\t\t\t<div class=\"wpsm_panel-group\" id=\"wpsm_accordion_3113\" >\r\n\t\t\t\t\t\t\t\t\r\n\t\t\t\t\t<!-- Inner panel Start -->\r\n\t\t\t\t\t<div class=\"wpsm_panel wpsm_panel-default\">\r\n\t\t\t\t\t\t<div class=\"wpsm_panel-heading\" role=\"tab\" >\r\n\t\t\t\t\t\t  <h4 class=\"wpsm_panel-title\">\r\n\t\t\t\t\t\t\t<a  class=\"\"  data-toggle=\"collapse\" data-parent=\"#wpsm_accordion_3113 \" href=\"javascript:void(0)\" data-target=\"#ac_3113_collapse1\" onclick=\"do_resize()\">\r\n\t\t\t\t\t\t\t\t\t\t\t\t\t\t\t\t\t<span class=\"ac_open_cl_icon fa fa-minus\"><\/span>\r\n\t\t\t\t\t\t\t\t\t\r\n\t\t\t\t\t\t\t\t \r\n\t\t\t\t\t\t\t\t<span class=\"ac_title_class\">\r\n\t\t\t\t\t\t\t\t\tEXPERTISE :\t\t\t\t\t\t\t\t<\/span>\r\n\t\t\t\t\t\t\t<\/a>\r\n\t\t\t\t\t\t  <\/h4>\r\n\t\t\t\t\t\t<\/div>\r\n\t\t\t\t\t\t<div id=\"ac_3113_collapse1\" class=\"wpsm_panel-collapse collapse in\"  >\r\n\t\t\t\t\t\t  <div class=\"wpsm_panel-body\">\r\n\t\t\t\t\t\t\t<ul>\r\n \t<li>- Litige contre British Gas concernant un litige \u00e9nerg\u00e9tique de plusieurs millions de livres sterling<\/li>\r\n \t<li>- Litige concernant les paiements de commissions secr\u00e8tes<\/li>\r\n \t<li>- Contestation des sommes r\u00e9clam\u00e9es au titre des contrats r\u00e9put\u00e9s<\/li>\r\n \t<li>- Obtention d'injonctions pour emp\u00eacher les demandes de liquidation<\/li>\r\n \t<li>- Contestation r\u00e9ussie d'une r\u00e9clamation relative \u00e0 l'\u00e9nergie pour un grand bailleur de portefeuille<\/li>\r\n<\/ul>\t\t\t\t\t\t  <\/div>\r\n\t\t\t\t\t\t<\/div>\r\n\t\t\t\t\t<\/div>\r\n\t\t\t\t\t<!-- Inner panel End -->\r\n\t\t\t\t\t\r\n\t\t\t\t\t\t\t<\/div>\r\n\t\t\t\r\n<script type=\"text\/javascript\">\r\n\t\r\n\t\tfunction do_resize(){\r\n\r\n\t\t\tvar width=jQuery( '.wpsm_panel .wpsm_panel-body iframe' ).width();\r\n\t\t\tvar height=jQuery( '.wpsm_panel .wpsm_panel-body iframe' ).height();\r\n\r\n\t\t\tvar toggleSize = true;\r\n\t\t\tjQuery('iframe').animate({\r\n\t\t\t    width: toggleSize ? width : 640,\r\n\t\t\t    height: toggleSize ? height : 360\r\n\t\t\t  }, 250);\r\n\r\n\t\t\t  toggleSize = !toggleSize;\r\n\t\t}\r\n\t\t\r\n<\/script>\t<\/p>","protected":false},"excerpt":{"rendered":"<p>Litiges dans le domaine de l'\u00e9nergie et des services publics Nous sommes tr\u00e8s bien class\u00e9s par le Legal 500. Notre exp\u00e9rience et notre expertise nous ont permis d'\u00e9tablir une solide r\u00e9putation en mati\u00e8re de litiges \u00e0 tous les niveaux et dans tous les forums. L'\u00e9quipe propose une gamme compl\u00e8te d'options de r\u00e9solution des litiges qui conviennent \u00e0 tous les clients pour divers litiges li\u00e9s \u00e0 l'\u00e9nergie et aux services publics.  Les effets de tout litige li\u00e9 \u00e0 l'\u00e9nergie et\/ou aux ... <a href=\"https:\/\/rfblegal.co.uk\/fr\/?p=3113\">Suite<\/a><\/p>","protected":false},"author":1,"featured_media":3094,"parent":2502,"menu_order":0,"comment_status":"closed","ping_status":"closed","template":"tier3-template.blade.php","meta":{"_acf_changed":false,"om_disable_all_campaigns":false,"_uf_show_specific_survey":0,"_uf_disable_surveys":false,"footnotes":""},"class_list":["post-2513","page","type-page","status-publish","has-post-thumbnail","hentry"],"acf":[],"aioseo_notices":[],"yoast_head":"<!-- This site is optimized with the Yoast SEO plugin v27.2 - https:\/\/yoast.com\/product\/yoast-seo-wordpress\/ -->\n<title>Energy and Utilities - RFB Legal<\/title>\n<meta name=\"description\" content=\"Energy and Utilities Litigation We are\u00a0highly ranked by the Legal 500. Our experience and expertise have allowed us to establish a strong reputation in\" \/>\n<meta name=\"robots\" content=\"index, follow, max-snippet:-1, max-image-preview:large, max-video-preview:-1\" \/>\n<link rel=\"canonical\" href=\"https:\/\/rfblegal.co.uk\/fr\/services\/droit-des-affaires\/contentieux-commercial\/energie-et-services-publics\/\" \/>\n<meta property=\"og:locale\" content=\"fr_FR\" \/>\n<meta property=\"og:type\" content=\"article\" \/>\n<meta property=\"og:title\" content=\"Energy and Utilities - RFB Legal\" \/>\n<meta property=\"og:description\" content=\"Energy and Utilities Litigation We are\u00a0highly ranked by the Legal 500. Our experience and expertise have allowed us to establish a strong reputation in\" \/>\n<meta property=\"og:url\" content=\"https:\/\/rfblegal.co.uk\/fr\/services\/droit-des-affaires\/contentieux-commercial\/energie-et-services-publics\/\" \/>\n<meta property=\"og:site_name\" content=\"RFB Legal\" \/>\n<meta property=\"article:publisher\" content=\"https:\/\/www.facebook.com\/RFBLegal\/\" \/>\n<meta property=\"article:modified_time\" content=\"2025-06-19T13:00:25+00:00\" \/>\n<meta property=\"og:image\" content=\"https:\/\/rfblegal.co.uk\/wp-content\/uploads\/2024\/02\/Energy_and_Utilities_Litigation.jpg\" \/>\n\t<meta property=\"og:image:width\" content=\"1440\" \/>\n\t<meta property=\"og:image:height\" content=\"550\" \/>\n\t<meta property=\"og:image:type\" content=\"image\/jpeg\" \/>\n<meta name=\"twitter:card\" content=\"summary_large_image\" \/>\n<meta name=\"twitter:label1\" content=\"Est. reading time\" \/>\n\t<meta name=\"twitter:data1\" content=\"2 minutes\" \/>\n<script type=\"application\/ld+json\" class=\"yoast-schema-graph\">{\"@context\":\"https:\/\/schema.org\",\"@graph\":[{\"@type\":\"WebPage\",\"@id\":\"https:\/\/rfblegal.co.uk\/services\/business-law\/commercial-litigation\/energy-and-utilities\/\",\"url\":\"https:\/\/rfblegal.co.uk\/services\/business-law\/commercial-litigation\/energy-and-utilities\/\",\"name\":\"Energy and Utilities - RFB Legal\",\"isPartOf\":{\"@id\":\"https:\/\/rfblegal.co.uk\/#website\"},\"primaryImageOfPage\":{\"@id\":\"https:\/\/rfblegal.co.uk\/services\/business-law\/commercial-litigation\/energy-and-utilities\/#primaryimage\"},\"image\":{\"@id\":\"https:\/\/rfblegal.co.uk\/services\/business-law\/commercial-litigation\/energy-and-utilities\/#primaryimage\"},\"thumbnailUrl\":\"https:\/\/rfblegal.co.uk\/wp-content\/uploads\/2024\/02\/Energy_and_Utilities_Litigation.jpg\",\"datePublished\":\"2024-02-21T16:25:26+00:00\",\"dateModified\":\"2025-06-19T13:00:25+00:00\",\"description\":\"Energy and Utilities Litigation We are\u00a0highly ranked by the Legal 500. Our experience and expertise have allowed us to establish a strong reputation in\",\"breadcrumb\":{\"@id\":\"https:\/\/rfblegal.co.uk\/services\/business-law\/commercial-litigation\/energy-and-utilities\/#breadcrumb\"},\"inLanguage\":\"fr-FR\",\"potentialAction\":[{\"@type\":\"ReadAction\",\"target\":[\"https:\/\/rfblegal.co.uk\/services\/business-law\/commercial-litigation\/energy-and-utilities\/\"]}]},{\"@type\":\"ImageObject\",\"inLanguage\":\"fr-FR\",\"@id\":\"https:\/\/rfblegal.co.uk\/services\/business-law\/commercial-litigation\/energy-and-utilities\/#primaryimage\",\"url\":\"https:\/\/rfblegal.co.uk\/wp-content\/uploads\/2024\/02\/Energy_and_Utilities_Litigation.jpg\",\"contentUrl\":\"https:\/\/rfblegal.co.uk\/wp-content\/uploads\/2024\/02\/Energy_and_Utilities_Litigation.jpg\",\"width\":1440,\"height\":550},{\"@type\":\"BreadcrumbList\",\"@id\":\"https:\/\/rfblegal.co.uk\/services\/business-law\/commercial-litigation\/energy-and-utilities\/#breadcrumb\",\"itemListElement\":[{\"@type\":\"ListItem\",\"position\":1,\"name\":\"Home\",\"item\":\"https:\/\/rfblegal.co.uk\/\"},{\"@type\":\"ListItem\",\"position\":2,\"name\":\"Services\",\"item\":\"https:\/\/rfblegal.co.uk\/services\/\"},{\"@type\":\"ListItem\",\"position\":3,\"name\":\"Business Law\",\"item\":\"https:\/\/rfblegal.co.uk\/services\/business-law\/\"},{\"@type\":\"ListItem\",\"position\":4,\"name\":\"Commercial Litigation\",\"item\":\"https:\/\/rfblegal.co.uk\/services\/business-law\/commercial-litigation\/\"},{\"@type\":\"ListItem\",\"position\":5,\"name\":\"Energy and Utilities\"}]},{\"@type\":\"WebSite\",\"@id\":\"https:\/\/rfblegal.co.uk\/#website\",\"url\":\"https:\/\/rfblegal.co.uk\/\",\"name\":\"RFB Legal\",\"description\":\"\",\"publisher\":{\"@id\":\"https:\/\/rfblegal.co.uk\/#organization\"},\"potentialAction\":[{\"@type\":\"SearchAction\",\"target\":{\"@type\":\"EntryPoint\",\"urlTemplate\":\"https:\/\/rfblegal.co.uk\/?s={search_term_string}\"},\"query-input\":{\"@type\":\"PropertyValueSpecification\",\"valueRequired\":true,\"valueName\":\"search_term_string\"}}],\"inLanguage\":\"fr-FR\"},{\"@type\":\"Organization\",\"@id\":\"https:\/\/rfblegal.co.uk\/#organization\",\"name\":\"RFB Legal\",\"url\":\"https:\/\/rfblegal.co.uk\/\",\"logo\":{\"@type\":\"ImageObject\",\"inLanguage\":\"fr-FR\",\"@id\":\"https:\/\/rfblegal.co.uk\/#\/schema\/logo\/image\/\",\"url\":\"https:\/\/rfblegal.co.uk\/wp-content\/uploads\/2024\/01\/header_company_logo.svg\",\"contentUrl\":\"https:\/\/rfblegal.co.uk\/wp-content\/uploads\/2024\/01\/header_company_logo.svg\",\"caption\":\"RFB Legal\"},\"image\":{\"@id\":\"https:\/\/rfblegal.co.uk\/#\/schema\/logo\/image\/\"},\"sameAs\":[\"https:\/\/www.facebook.com\/RFBLegal\/\",\"https:\/\/www.linkedin.com\/uas\/login?session_redirect=company2012282\",\"https:\/\/www.instagram.com\/rfb_legal\/\"]}]}<\/script>\n<!-- \/ Yoast SEO plugin. -->","yoast_head_json":{"title":"\u00c9nergie et services publics - Appel d'offres juridique","description":"Litiges dans le domaine de l'\u00e9nergie et des services publics Nous sommes tr\u00e8s bien class\u00e9s par le Legal 500. Notre exp\u00e9rience et notre expertise nous ont permis d'\u00e9tablir une solide r\u00e9putation dans les domaines suivants","robots":{"index":"index","follow":"follow","max-snippet":"max-snippet:-1","max-image-preview":"max-image-preview:large","max-video-preview":"max-video-preview:-1"},"canonical":"https:\/\/rfblegal.co.uk\/fr\/services\/droit-des-affaires\/contentieux-commercial\/energie-et-services-publics\/","og_locale":"fr_FR","og_type":"article","og_title":"Energy and Utilities - RFB Legal","og_description":"Energy and Utilities Litigation We are\u00a0highly ranked by the Legal 500. Our experience and expertise have allowed us to establish a strong reputation in","og_url":"https:\/\/rfblegal.co.uk\/fr\/services\/droit-des-affaires\/contentieux-commercial\/energie-et-services-publics\/","og_site_name":"RFB Legal","article_publisher":"https:\/\/www.facebook.com\/RFBLegal\/","article_modified_time":"2025-06-19T13:00:25+00:00","og_image":[{"width":1440,"height":550,"url":"https:\/\/rfblegal.co.uk\/wp-content\/uploads\/2024\/02\/Energy_and_Utilities_Litigation.jpg","type":"image\/jpeg"}],"twitter_card":"summary_large_image","twitter_misc":{"Est. reading time":"2 minutes"},"schema":{"@context":"https:\/\/schema.org","@graph":[{"@type":"WebPage","@id":"https:\/\/rfblegal.co.uk\/services\/business-law\/commercial-litigation\/energy-and-utilities\/","url":"https:\/\/rfblegal.co.uk\/services\/business-law\/commercial-litigation\/energy-and-utilities\/","name":"\u00c9nergie et services publics - Appel d'offres juridique","isPartOf":{"@id":"https:\/\/rfblegal.co.uk\/#website"},"primaryImageOfPage":{"@id":"https:\/\/rfblegal.co.uk\/services\/business-law\/commercial-litigation\/energy-and-utilities\/#primaryimage"},"image":{"@id":"https:\/\/rfblegal.co.uk\/services\/business-law\/commercial-litigation\/energy-and-utilities\/#primaryimage"},"thumbnailUrl":"https:\/\/rfblegal.co.uk\/wp-content\/uploads\/2024\/02\/Energy_and_Utilities_Litigation.jpg","datePublished":"2024-02-21T16:25:26+00:00","dateModified":"2025-06-19T13:00:25+00:00","description":"Litiges dans le domaine de l'\u00e9nergie et des services publics Nous sommes tr\u00e8s bien class\u00e9s par le Legal 500. Notre exp\u00e9rience et notre expertise nous ont permis d'\u00e9tablir une solide r\u00e9putation dans les domaines suivants","breadcrumb":{"@id":"https:\/\/rfblegal.co.uk\/services\/business-law\/commercial-litigation\/energy-and-utilities\/#breadcrumb"},"inLanguage":"fr-FR","potentialAction":[{"@type":"ReadAction","target":["https:\/\/rfblegal.co.uk\/services\/business-law\/commercial-litigation\/energy-and-utilities\/"]}]},{"@type":"ImageObject","inLanguage":"fr-FR","@id":"https:\/\/rfblegal.co.uk\/services\/business-law\/commercial-litigation\/energy-and-utilities\/#primaryimage","url":"https:\/\/rfblegal.co.uk\/wp-content\/uploads\/2024\/02\/Energy_and_Utilities_Litigation.jpg","contentUrl":"https:\/\/rfblegal.co.uk\/wp-content\/uploads\/2024\/02\/Energy_and_Utilities_Litigation.jpg","width":1440,"height":550},{"@type":"BreadcrumbList","@id":"https:\/\/rfblegal.co.uk\/services\/business-law\/commercial-litigation\/energy-and-utilities\/#breadcrumb","itemListElement":[{"@type":"ListItem","position":1,"name":"Home","item":"https:\/\/rfblegal.co.uk\/"},{"@type":"ListItem","position":2,"name":"Services","item":"https:\/\/rfblegal.co.uk\/services\/"},{"@type":"ListItem","position":3,"name":"Business Law","item":"https:\/\/rfblegal.co.uk\/services\/business-law\/"},{"@type":"ListItem","position":4,"name":"Commercial Litigation","item":"https:\/\/rfblegal.co.uk\/services\/business-law\/commercial-litigation\/"},{"@type":"ListItem","position":5,"name":"Energy and Utilities"}]},{"@type":"WebSite","@id":"https:\/\/rfblegal.co.uk\/#website","url":"https:\/\/rfblegal.co.uk\/","name":"Appel d'offres juridique","description":"","publisher":{"@id":"https:\/\/rfblegal.co.uk\/#organization"},"potentialAction":[{"@type":"SearchAction","target":{"@type":"EntryPoint","urlTemplate":"https:\/\/rfblegal.co.uk\/?s={search_term_string}"},"query-input":{"@type":"PropertyValueSpecification","valueRequired":true,"valueName":"search_term_string"}}],"inLanguage":"fr-FR"},{"@type":"Organization","@id":"https:\/\/rfblegal.co.uk\/#organization","name":"Appel d'offres juridique","url":"https:\/\/rfblegal.co.uk\/","logo":{"@type":"ImageObject","inLanguage":"fr-FR","@id":"https:\/\/rfblegal.co.uk\/#\/schema\/logo\/image\/","url":"https:\/\/rfblegal.co.uk\/wp-content\/uploads\/2024\/01\/header_company_logo.svg","contentUrl":"https:\/\/rfblegal.co.uk\/wp-content\/uploads\/2024\/01\/header_company_logo.svg","caption":"RFB Legal"},"image":{"@id":"https:\/\/rfblegal.co.uk\/#\/schema\/logo\/image\/"},"sameAs":["https:\/\/www.facebook.com\/RFBLegal\/","https:\/\/www.linkedin.com\/uas\/login?session_redirect=company2012282","https:\/\/www.instagram.com\/rfb_legal\/"]}]}},"_links":{"self":[{"href":"https:\/\/rfblegal.co.uk\/fr\/wp-json\/wp\/v2\/pages\/2513","targetHints":{"allow":["GET"]}}],"collection":[{"href":"https:\/\/rfblegal.co.uk\/fr\/wp-json\/wp\/v2\/pages"}],"about":[{"href":"https:\/\/rfblegal.co.uk\/fr\/wp-json\/wp\/v2\/types\/page"}],"author":[{"embeddable":true,"href":"https:\/\/rfblegal.co.uk\/fr\/wp-json\/wp\/v2\/users\/1"}],"replies":[{"embeddable":true,"href":"https:\/\/rfblegal.co.uk\/fr\/wp-json\/wp\/v2\/comments?post=2513"}],"version-history":[{"count":0,"href":"https:\/\/rfblegal.co.uk\/fr\/wp-json\/wp\/v2\/pages\/2513\/revisions"}],"up":[{"embeddable":true,"href":"https:\/\/rfblegal.co.uk\/fr\/wp-json\/wp\/v2\/pages\/2502"}],"wp:featuredmedia":[{"embeddable":true,"href":"https:\/\/rfblegal.co.uk\/fr\/wp-json\/wp\/v2\/media\/3094"}],"wp:attachment":[{"href":"https:\/\/rfblegal.co.uk\/fr\/wp-json\/wp\/v2\/media?parent=2513"}],"curies":[{"name":"wp","href":"https:\/\/api.w.org\/{rel}","templated":true}]}}