{"id":2502,"date":"2024-02-21T16:22:10","date_gmt":"2024-02-21T16:22:10","guid":{"rendered":"https:\/\/rfblegal.co.uk\/?page_id=2502"},"modified":"2026-04-22T10:04:17","modified_gmt":"2026-04-22T10:04:17","slug":"contentieux-commercial","status":"publish","type":"page","link":"https:\/\/rfblegal.co.uk\/fr\/services\/droit-des-affaires\/contentieux-commercial\/","title":{"rendered":"Litiges commerciaux"},"content":{"rendered":"<h2 class=\"wp-block-heading\">Litiges commerciaux<\/h2>\n\n\n\n<p>Chez Ronald Fletcher Baker LLP, notre <strong>L'\u00e9quipe du contentieux commercial<\/strong> est connu pour sa capacit\u00e9 \u00e0 r\u00e9soudre des probl\u00e8mes complexes de <strong>litiges commerciaux<\/strong> avec clart\u00e9, agilit\u00e9 et excellence technique. Que ce soit pour des multinationales, des PME ou des clients priv\u00e9s, nous offrons un soutien strat\u00e9gique \u00e0 chaque \u00e9tape du cycle de vie d'un litige, depuis les conseils avant l'action jusqu'au proc\u00e8s et \u00e0 l'appel. Nos avocats sp\u00e9cialis\u00e9s dans les litiges commerciaux sont fr\u00e9quemment sollicit\u00e9s dans une grande vari\u00e9t\u00e9 de cas <strong>litiges commerciaux<\/strong>, y compris <strong>litiges contractuels<\/strong>, <strong>litiges entre actionnaires<\/strong>, et <strong>litiges de partenariat<\/strong>, Toutes ces questions requi\u00e8rent \u00e0 la fois une pr\u00e9cision juridique et une compr\u00e9hension commerciale.&nbsp;<\/p>\n\n\n\n<p>Nous comprenons que <strong>litiges juridiques<\/strong> peuvent perturber les activit\u00e9s de votre entreprise et nuire \u00e0 votre r\u00e9putation. C'est pourquoi nous nous effor\u00e7ons toujours de r\u00e9soudre les probl\u00e8mes rapidement et efficacement, que ce soit par une n\u00e9gociation solide ou, le cas \u00e9ch\u00e9ant, par des mesures d\u00e9cisives. <strong>action en justice<\/strong>. Nos clients comptent sur nous pour leur fournir des conseils tactiques et avant-gardistes qui r\u00e9duisent les risques tout en recherchant le meilleur r\u00e9sultat possible.&nbsp;<\/p>\n\n\n\n<p>Nous avons de l'exp\u00e9rience dans la r\u00e9solution de probl\u00e8mes par <strong>R\u00e8glement extrajudiciaire des litiges<\/strong>, Nous avons recours \u00e0 la m\u00e9diation et \u00e0 l'arbitrage lorsque ces m\u00e9thodes correspondent mieux aux objectifs de nos clients. Ces m\u00e9thodes offrent souvent des solutions plus rapides et plus rentables, tout en pr\u00e9servant les relations commerciales.&nbsp;<\/p>\n\n\n\n<p>Outre les litiges commerciaux classiques, nous intervenons r\u00e9guli\u00e8rement dans des domaines sp\u00e9cialis\u00e9s tels que <strong>n\u00e9gligence professionnelle<\/strong>, <strong>insolvabilit\u00e9<\/strong>, <strong>injonctions d'urgence<\/strong>, <strong>r\u00e9clamations collectives<\/strong>, et <strong>contr\u00f4le juridictionnel<\/strong>. Notre force r\u00e9side dans notre compr\u00e9hension du contexte commercial au sens large, ce qui nous permet d'obtenir des r\u00e9sultats qui soutiennent les objectifs strat\u00e9giques de nos clients - et pas seulement des victoires juridiques.&nbsp;<\/p>\n\n\n\n<p>L'h\u00e9ritage de notre entreprise en <strong>contentieux commercial<\/strong> s'\u00e9tend sur plus de 75 ans. Nous avons b\u00e2ti notre r\u00e9putation sur l'excellence technique, le d\u00e9vouement des clients et des r\u00e9sultats qui parlent d'eux-m\u00eames. Que vous soyez confront\u00e9 \u00e0 un litige concernant des contrats commerciaux, des questions de gouvernance interne ou des menaces pour votre r\u00e9putation, RFB Legal est votre partenaire de confiance en mati\u00e8re de litiges et vous propose des solutions juridiques adapt\u00e9es \u00e0 votre entreprise.&nbsp;<\/p>\n\n\n\n<p><strong>Notre d\u00e9partement de contentieux commercial, \u2018exceptionnellement talentueux\u2019 et \u2018r\u00e9actif et strat\u00e9gique\u2019, a fait ses preuves dans les affaires les plus complexes. Le contentieux est l'une des priorit\u00e9s du cabinet depuis sa cr\u00e9ation en 1948, et notre \u00e9quipe tr\u00e8s exp\u00e9riment\u00e9e est largement reconnue pour ses comp\u00e9tences dans ce domaine.<\/strong>&nbsp;<\/p>\n\n\n\n<p>Nous comprenons que les enjeux peuvent \u00eatre \u00e9lev\u00e9s dans tout litige commercial. Notre \u00e9quipe a l'habitude de proposer des solutions intelligentes et tactiques qui nous permettent de r\u00e9soudre les litiges dans les meilleurs d\u00e9lais, tout en veillant \u00e0 ce que les int\u00e9r\u00eats de nos clients soient toujours prot\u00e9g\u00e9s.&nbsp;<\/p>\n\n\n\n<p>Nous repr\u00e9sentons des particuliers, des institutions et des entreprises \u00e0 tous les stades d'un litige ou d'une proc\u00e9dure alternative. <a href=\"https:\/\/rfblegal.co.uk\/fr\/services\/droit-des-affaires\/contentieux-immobilier-affaires\/reglement-alternatif-des-litiges-en-matiere-de-propriete-commerciale\/\" target=\"_blank\" rel=\"noreferrer noopener\">r\u00e8glement des litiges<\/a>. Notre travail consiste souvent \u00e0 intervenir dans des litiges commerciaux et d'entreprise de grande qualit\u00e9, souvent avec un \u00e9l\u00e9ment transfrontalier ou multi-juridictionnel.&nbsp;<\/p>\n\n\n\n<p>Notre \u00e9quipe poss\u00e8de des connaissances techniques in\u00e9gal\u00e9es, une vision strat\u00e9gique et une exp\u00e9rience pratique dans la conduite de litiges complexes \u00e0 tous les niveaux. Nous sommes souvent sollicit\u00e9s pour des diff\u00e9rends et des litiges relatifs \u00e0 des contrats, des accords d'actionnaires et de partenariat, l'insolvabilit\u00e9, et des r\u00e9clamations collectives\/actions de groupe. Nous pouvons \u00e9galement fournir des conseils dans des domaines sp\u00e9cialis\u00e9s tels que les litiges relatifs \u00e0 l'enseignement sup\u00e9rieur, les litiges relatifs au droit de l'art, les litiges relatifs aux associations caritatives, les proc\u00e9dures de contr\u00f4le judiciaire et les sanctions internationales.&nbsp;<\/p>\n\n\n\n<p>Nous travaillons en collaboration avec nos clients afin de leur proposer une approche sur mesure, en mettant l'accent sur l'identification des probl\u00e8mes cl\u00e9s \u00e0 un stade pr\u00e9coce. Nous sommes fiers de concevoir et de mettre en \u0153uvre des solutions strat\u00e9giques et pragmatiques afin d'atteindre les objectifs de nos clients et de parvenir \u00e0 une conclusion rapide de tout litige.&nbsp;<\/p>\n\n\n\n<p><strong><em>R\u00e9soudre les litiges commerciaux complexes avec une pr\u00e9cision strat\u00e9gique<\/em><\/strong>&nbsp;<\/p>\n\n\n\n<p style=\"padding-top:var(--wp--preset--spacing--20);padding-bottom:var(--wp--preset--spacing--20)\">\t\t\t\t\t\t<style>\r\n\t\t\t\t<style>\r\n#wpsm_accordion_3103 .wpsm_panel-heading{\r\n\tpadding:0px !important;\r\n}\r\n#wpsm_accordion_3103 .wpsm_panel-title {\r\n\tmargin:0px !important; \r\n\ttext-transform:none !important;\r\n\tline-height: 1 !important;\r\n}\r\n#wpsm_accordion_3103 .wpsm_panel-title a{\r\n\ttext-decoration:none;\r\n\toverflow:hidden;\r\n\tdisplay:block;\r\n\tpadding:0px;\r\n\tfont-size: 18px !important;\r\n\tfont-family: Open Sans !important;\r\n\tcolor:#000000 !important;\r\n\tborder-bottom:0px !important;\r\n}\r\n\r\n#wpsm_accordion_3103 .wpsm_panel-title a:focus {\r\noutline: 0px !important;\r\n}\r\n\r\n#wpsm_accordion_3103 .wpsm_panel-title a:hover, #wpsm_accordion_3103 .wpsm_panel-title a:focus {\r\n\tcolor:#000000 !important;\r\n}\r\n#wpsm_accordion_3103 .acc-a{\r\n\tcolor: #000000 !important;\r\n\tbackground-color:#e8e8e8 !important;\r\n\tborder-color: #ddd;\r\n}\r\n#wpsm_accordion_3103 .wpsm_panel-default > .wpsm_panel-heading{\r\n\tcolor: #000000 !important;\r\n\tbackground-color: #e8e8e8 !important;\r\n\tborder-color: #e8e8e8 !important;\r\n\tborder-top-left-radius: 0px;\r\n\tborder-top-right-radius: 0px;\r\n}\r\n#wpsm_accordion_3103 .wpsm_panel-default {\r\n\t\tborder:1px solid transparent !important;\r\n\t}\r\n#wpsm_accordion_3103 {\r\n\tmargin-bottom: 20px;\r\n\toverflow: hidden;\r\n\tfloat: none;\r\n\twidth: 100%;\r\n\tdisplay: block;\r\n}\r\n#wpsm_accordion_3103 .ac_title_class{\r\n\tdisplay: block;\r\n\tpadding-top: 12px;\r\n\tpadding-bottom: 12px;\r\n\tpadding-left: 15px;\r\n\tpadding-right: 15px;\r\n}\r\n#wpsm_accordion_3103  .wpsm_panel {\r\n\toverflow:hidden;\r\n\t-webkit-box-shadow: 0 0px 0px rgba(0, 0, 0, .05);\r\n\tbox-shadow: 0 0px 0px rgba(0, 0, 0, .05);\r\n\t\tborder-radius: 4px;\r\n\t}\r\n#wpsm_accordion_3103  .wpsm_panel + .wpsm_panel {\r\n\t\tmargin-top: 5px;\r\n\t}\r\n#wpsm_accordion_3103  .wpsm_panel-body{\r\n\tbackground-color:#ffffff !important;\r\n\tcolor:#000000 !important;\r\n\tborder-top-color: #e8e8e8 !important;\r\n\tfont-size:16px !important;\r\n\tfont-family: Open Sans !important;\r\n\toverflow: hidden;\r\n\t\tborder: 2px solid #e8e8e8 !important;\r\n\t}\r\n\r\n#wpsm_accordion_3103 .ac_open_cl_icon{\r\n\tbackground-color:#e8e8e8 !important;\r\n\tcolor: #000000 !important;\r\n\tfloat:right !important;\r\n\tpadding-top: 12px !important;\r\n\tpadding-bottom: 12px !important;\r\n\tline-height: 1.0 !important;\r\n\tpadding-left: 15px !important;\r\n\tpadding-right: 15px !important;\r\n\tdisplay: inline-block !important;\r\n}\r\n\r\n\t\t\t\r\n\t\t\t<\/style>\t\r\n\t\t\t<\/style>\r\n\t\t\t<div class=\"wpsm_panel-group\" id=\"wpsm_accordion_3103\" >\r\n\t\t\t\t\t\t\t\t\r\n\t\t\t\t\t<!-- Inner panel Start -->\r\n\t\t\t\t\t<div class=\"wpsm_panel wpsm_panel-default\">\r\n\t\t\t\t\t\t<div class=\"wpsm_panel-heading\" role=\"tab\" >\r\n\t\t\t\t\t\t  <h4 class=\"wpsm_panel-title\">\r\n\t\t\t\t\t\t\t<a  class=\"\"  data-toggle=\"collapse\" data-parent=\"#wpsm_accordion_3103 \" href=\"javascript:void(0)\" data-target=\"#ac_3103_collapse1\" onclick=\"do_resize()\">\r\n\t\t\t\t\t\t\t\t\t\t\t\t\t\t\t\t\t<span class=\"ac_open_cl_icon fa fa-minus\"><\/span>\r\n\t\t\t\t\t\t\t\t\t\r\n\t\t\t\t\t\t\t\t \r\n\t\t\t\t\t\t\t\t<span class=\"ac_title_class\">\r\n\t\t\t\t\t\t\t\t\tEXPERTISE :\t\t\t\t\t\t\t\t<\/span>\r\n\t\t\t\t\t\t\t<\/a>\r\n\t\t\t\t\t\t  <\/h4>\r\n\t\t\t\t\t\t<\/div>\r\n\t\t\t\t\t\t<div id=\"ac_3103_collapse1\" class=\"wpsm_panel-collapse collapse in\"  >\r\n\t\t\t\t\t\t  <div class=\"wpsm_panel-body\">\r\n\t\t\t\t\t\t\t<ul>\r\n \t<li>- R\u00e8glement extrajudiciaire des litiges<\/li>\r\n \t<li>- Litiges en mati\u00e8re de droit de l'art<\/li>\r\n \t<li>- Recouvrement des actifs<\/li>\r\n \t<li>- Contentieux caritatif<\/li>\r\n \t<li>- Recours collectifs\/r\u00e9clamations collectives<\/li>\r\n \t<li>- Diff\u00e9rends contractuels<\/li>\r\n \t<li>- Recouvrement de cr\u00e9ances<\/li>\r\n \t<li>- Injonctions d'urgence<\/li>\r\n \t<li>- Sanctions internationales<\/li>\r\n \t<li>- Contr\u00f4le judiciaire<\/li>\r\n \t<li>- Diff\u00e9rends entre actionnaires et soci\u00e9t\u00e9s de personnes<\/li>\r\n \t<li><a href=\"https:\/\/rfblegal.co.uk\/index.php\/litigation\/commercial-litigation\/insolvency\">- Insolvabilit\u00e9<\/a><\/li>\r\n \t<li><a href=\"https:\/\/rfblegal.co.uk\/index.php\/litigation\/commercial-litigation\/energy-utilities-litigation\">- Litiges dans le domaine de l'\u00e9nergie et des services publics<\/a><\/li>\r\n \t<li><a href=\"https:\/\/rfblegal.co.uk\/index.php\/litigation\/commercial-litigation\/alternative-dispute-resolution\">- R\u00e8glement extrajudiciaire des litiges<\/a><\/li>\r\n \t<li><a href=\"https:\/\/rfblegal.co.uk\/index.php\/litigation\/commercial-litigation\/copyright-media-ip\">- Droits d'auteur, m\u00e9dias et propri\u00e9t\u00e9 intellectuelle<\/a><\/li>\r\n \t<li><a href=\"https:\/\/rfblegal.co.uk\/index.php\/litigation\/commercial-litigation\/charity-litigation\">- Contentieux caritatif<\/a><\/li>\r\n<\/ul>\t\t\t\t\t\t  <\/div>\r\n\t\t\t\t\t\t<\/div>\r\n\t\t\t\t\t<\/div>\r\n\t\t\t\t\t<!-- Inner panel End -->\r\n\t\t\t\t\t\r\n\t\t\t\t\t\t\t<\/div>\r\n\t\t\t\r\n<script type=\"text\/javascript\">\r\n\t\r\n\t\tfunction do_resize(){\r\n\r\n\t\t\tvar width=jQuery( '.wpsm_panel .wpsm_panel-body iframe' ).width();\r\n\t\t\tvar height=jQuery( '.wpsm_panel .wpsm_panel-body iframe' ).height();\r\n\r\n\t\t\tvar toggleSize = true;\r\n\t\t\tjQuery('iframe').animate({\r\n\t\t\t    width: toggleSize ? width : 640,\r\n\t\t\t    height: toggleSize ? height : 360\r\n\t\t\t  }, 250);\r\n\r\n\t\t\t  toggleSize = !toggleSize;\r\n\t\t}\r\n\t\t\r\n<\/script>\t<\/p>","protected":false},"excerpt":{"rendered":"<p>Commercial Litigation At Ronald Fletcher Baker LLP, our Commercial Litigation team is known for resolving complex business disputes with clarity, agility, and technical excellence. Whether acting for multinational corporations, SMEs, or private clients, we offer strategic support at every stage of the litigation lifecycle\u2014from pre-action advice to trial and appeal. Our commercial litigators are frequently &hellip; <a href=\"https:\/\/rfblegal.co.uk\/fr\/?p=3103\">Suite<\/a><\/p>","protected":false},"author":1,"featured_media":3404,"parent":429,"menu_order":0,"comment_status":"closed","ping_status":"closed","template":"tier2-template.blade.php","meta":{"_acf_changed":false,"om_disable_all_campaigns":false,"_uf_show_specific_survey":0,"_uf_disable_surveys":false,"footnotes":""},"class_list":["post-2502","page","type-page","status-publish","has-post-thumbnail","hentry"],"acf":[],"aioseo_notices":[],"yoast_head":"<!-- This site is optimized with the Yoast SEO plugin v27.2 - https:\/\/yoast.com\/product\/yoast-seo-wordpress\/ -->\n<title>Commercial Litigation - RFB Legal<\/title>\n<meta name=\"description\" content=\"Commercial Litigation At Ronald Fletcher Baker LLP, our Commercial Litigation team is known for resolving complex business disputes with clarity, agility,\" \/>\n<meta name=\"robots\" content=\"index, follow, max-snippet:-1, max-image-preview:large, max-video-preview:-1\" \/>\n<link rel=\"canonical\" href=\"https:\/\/rfblegal.co.uk\/fr\/services\/droit-des-affaires\/contentieux-commercial\/\" \/>\n<meta property=\"og:locale\" content=\"fr_FR\" \/>\n<meta property=\"og:type\" content=\"article\" \/>\n<meta property=\"og:title\" content=\"Commercial Litigation - RFB Legal\" \/>\n<meta property=\"og:description\" content=\"Commercial Litigation At Ronald Fletcher Baker LLP, our Commercial Litigation team is known for resolving complex business disputes with clarity, agility,\" \/>\n<meta property=\"og:url\" content=\"https:\/\/rfblegal.co.uk\/fr\/services\/droit-des-affaires\/contentieux-commercial\/\" \/>\n<meta property=\"og:site_name\" content=\"RFB Legal\" \/>\n<meta property=\"article:publisher\" content=\"https:\/\/www.facebook.com\/RFBLegal\/\" \/>\n<meta property=\"article:modified_time\" content=\"2026-04-22T10:04:17+00:00\" \/>\n<meta property=\"og:image\" content=\"https:\/\/rfblegal.co.uk\/wp-content\/uploads\/2024\/02\/Screenshot-2024-02-27-at-10.57.28-1024x574.png\" \/>\n\t<meta property=\"og:image:width\" content=\"1024\" \/>\n\t<meta property=\"og:image:height\" content=\"574\" \/>\n\t<meta property=\"og:image:type\" content=\"image\/png\" \/>\n<meta name=\"twitter:card\" content=\"summary_large_image\" \/>\n<meta name=\"twitter:label1\" content=\"Est. reading time\" \/>\n\t<meta name=\"twitter:data1\" content=\"3 minutes\" \/>\n<script type=\"application\/ld+json\" class=\"yoast-schema-graph\">{\"@context\":\"https:\/\/schema.org\",\"@graph\":[{\"@type\":\"WebPage\",\"@id\":\"https:\/\/rfblegal.co.uk\/services\/business-law\/commercial-litigation\/\",\"url\":\"https:\/\/rfblegal.co.uk\/services\/business-law\/commercial-litigation\/\",\"name\":\"Commercial Litigation - RFB Legal\",\"isPartOf\":{\"@id\":\"https:\/\/rfblegal.co.uk\/#website\"},\"primaryImageOfPage\":{\"@id\":\"https:\/\/rfblegal.co.uk\/services\/business-law\/commercial-litigation\/#primaryimage\"},\"image\":{\"@id\":\"https:\/\/rfblegal.co.uk\/services\/business-law\/commercial-litigation\/#primaryimage\"},\"thumbnailUrl\":\"https:\/\/rfblegal.co.uk\/wp-content\/uploads\/2024\/02\/Screenshot-2024-02-27-at-10.57.28.png\",\"datePublished\":\"2024-02-21T16:22:10+00:00\",\"dateModified\":\"2026-04-22T10:04:17+00:00\",\"description\":\"Commercial Litigation At Ronald Fletcher Baker LLP, our Commercial Litigation team is known for resolving complex business disputes with clarity, agility,\",\"breadcrumb\":{\"@id\":\"https:\/\/rfblegal.co.uk\/services\/business-law\/commercial-litigation\/#breadcrumb\"},\"inLanguage\":\"fr-FR\",\"potentialAction\":[{\"@type\":\"ReadAction\",\"target\":[\"https:\/\/rfblegal.co.uk\/services\/business-law\/commercial-litigation\/\"]}]},{\"@type\":\"ImageObject\",\"inLanguage\":\"fr-FR\",\"@id\":\"https:\/\/rfblegal.co.uk\/services\/business-law\/commercial-litigation\/#primaryimage\",\"url\":\"https:\/\/rfblegal.co.uk\/wp-content\/uploads\/2024\/02\/Screenshot-2024-02-27-at-10.57.28.png\",\"contentUrl\":\"https:\/\/rfblegal.co.uk\/wp-content\/uploads\/2024\/02\/Screenshot-2024-02-27-at-10.57.28.png\",\"width\":2120,\"height\":1188},{\"@type\":\"BreadcrumbList\",\"@id\":\"https:\/\/rfblegal.co.uk\/services\/business-law\/commercial-litigation\/#breadcrumb\",\"itemListElement\":[{\"@type\":\"ListItem\",\"position\":1,\"name\":\"Home\",\"item\":\"https:\/\/rfblegal.co.uk\/\"},{\"@type\":\"ListItem\",\"position\":2,\"name\":\"Services\",\"item\":\"https:\/\/rfblegal.co.uk\/services\/\"},{\"@type\":\"ListItem\",\"position\":3,\"name\":\"Business Law\",\"item\":\"https:\/\/rfblegal.co.uk\/services\/business-law\/\"},{\"@type\":\"ListItem\",\"position\":4,\"name\":\"Commercial Litigation\"}]},{\"@type\":\"WebSite\",\"@id\":\"https:\/\/rfblegal.co.uk\/#website\",\"url\":\"https:\/\/rfblegal.co.uk\/\",\"name\":\"RFB Legal\",\"description\":\"\",\"publisher\":{\"@id\":\"https:\/\/rfblegal.co.uk\/#organization\"},\"potentialAction\":[{\"@type\":\"SearchAction\",\"target\":{\"@type\":\"EntryPoint\",\"urlTemplate\":\"https:\/\/rfblegal.co.uk\/?s={search_term_string}\"},\"query-input\":{\"@type\":\"PropertyValueSpecification\",\"valueRequired\":true,\"valueName\":\"search_term_string\"}}],\"inLanguage\":\"fr-FR\"},{\"@type\":\"Organization\",\"@id\":\"https:\/\/rfblegal.co.uk\/#organization\",\"name\":\"RFB Legal\",\"url\":\"https:\/\/rfblegal.co.uk\/\",\"logo\":{\"@type\":\"ImageObject\",\"inLanguage\":\"fr-FR\",\"@id\":\"https:\/\/rfblegal.co.uk\/#\/schema\/logo\/image\/\",\"url\":\"https:\/\/rfblegal.co.uk\/wp-content\/uploads\/2024\/01\/header_company_logo.svg\",\"contentUrl\":\"https:\/\/rfblegal.co.uk\/wp-content\/uploads\/2024\/01\/header_company_logo.svg\",\"caption\":\"RFB Legal\"},\"image\":{\"@id\":\"https:\/\/rfblegal.co.uk\/#\/schema\/logo\/image\/\"},\"sameAs\":[\"https:\/\/www.facebook.com\/RFBLegal\/\",\"https:\/\/www.linkedin.com\/uas\/login?session_redirect=company2012282\",\"https:\/\/www.instagram.com\/rfb_legal\/\"]}]}<\/script>\n<!-- \/ Yoast SEO plugin. -->","yoast_head_json":{"title":"Contentieux commercial - RFB Legal","description":"Contentieux commercial Chez Ronald Fletcher Baker LLP, notre \u00e9quipe de contentieux commercial est r\u00e9put\u00e9e pour r\u00e9soudre les litiges commerciaux complexes avec clart\u00e9 et agilit\u00e9,","robots":{"index":"index","follow":"follow","max-snippet":"max-snippet:-1","max-image-preview":"max-image-preview:large","max-video-preview":"max-video-preview:-1"},"canonical":"https:\/\/rfblegal.co.uk\/fr\/services\/droit-des-affaires\/contentieux-commercial\/","og_locale":"fr_FR","og_type":"article","og_title":"Commercial Litigation - RFB Legal","og_description":"Commercial Litigation At Ronald Fletcher Baker LLP, our Commercial Litigation team is known for resolving complex business disputes with clarity, agility,","og_url":"https:\/\/rfblegal.co.uk\/fr\/services\/droit-des-affaires\/contentieux-commercial\/","og_site_name":"RFB Legal","article_publisher":"https:\/\/www.facebook.com\/RFBLegal\/","article_modified_time":"2026-04-22T10:04:17+00:00","og_image":[{"width":1024,"height":574,"url":"https:\/\/rfblegal.co.uk\/wp-content\/uploads\/2024\/02\/Screenshot-2024-02-27-at-10.57.28-1024x574.png","type":"image\/png"}],"twitter_card":"summary_large_image","twitter_misc":{"Est. reading time":"3 minutes"},"schema":{"@context":"https:\/\/schema.org","@graph":[{"@type":"WebPage","@id":"https:\/\/rfblegal.co.uk\/services\/business-law\/commercial-litigation\/","url":"https:\/\/rfblegal.co.uk\/services\/business-law\/commercial-litigation\/","name":"Contentieux commercial - RFB Legal","isPartOf":{"@id":"https:\/\/rfblegal.co.uk\/#website"},"primaryImageOfPage":{"@id":"https:\/\/rfblegal.co.uk\/services\/business-law\/commercial-litigation\/#primaryimage"},"image":{"@id":"https:\/\/rfblegal.co.uk\/services\/business-law\/commercial-litigation\/#primaryimage"},"thumbnailUrl":"https:\/\/rfblegal.co.uk\/wp-content\/uploads\/2024\/02\/Screenshot-2024-02-27-at-10.57.28.png","datePublished":"2024-02-21T16:22:10+00:00","dateModified":"2026-04-22T10:04:17+00:00","description":"Contentieux commercial Chez Ronald Fletcher Baker LLP, notre \u00e9quipe de contentieux commercial est r\u00e9put\u00e9e pour r\u00e9soudre les litiges commerciaux complexes avec clart\u00e9 et agilit\u00e9,","breadcrumb":{"@id":"https:\/\/rfblegal.co.uk\/services\/business-law\/commercial-litigation\/#breadcrumb"},"inLanguage":"fr-FR","potentialAction":[{"@type":"ReadAction","target":["https:\/\/rfblegal.co.uk\/services\/business-law\/commercial-litigation\/"]}]},{"@type":"ImageObject","inLanguage":"fr-FR","@id":"https:\/\/rfblegal.co.uk\/services\/business-law\/commercial-litigation\/#primaryimage","url":"https:\/\/rfblegal.co.uk\/wp-content\/uploads\/2024\/02\/Screenshot-2024-02-27-at-10.57.28.png","contentUrl":"https:\/\/rfblegal.co.uk\/wp-content\/uploads\/2024\/02\/Screenshot-2024-02-27-at-10.57.28.png","width":2120,"height":1188},{"@type":"BreadcrumbList","@id":"https:\/\/rfblegal.co.uk\/services\/business-law\/commercial-litigation\/#breadcrumb","itemListElement":[{"@type":"ListItem","position":1,"name":"Home","item":"https:\/\/rfblegal.co.uk\/"},{"@type":"ListItem","position":2,"name":"Services","item":"https:\/\/rfblegal.co.uk\/services\/"},{"@type":"ListItem","position":3,"name":"Business Law","item":"https:\/\/rfblegal.co.uk\/services\/business-law\/"},{"@type":"ListItem","position":4,"name":"Commercial Litigation"}]},{"@type":"WebSite","@id":"https:\/\/rfblegal.co.uk\/#website","url":"https:\/\/rfblegal.co.uk\/","name":"Appel d'offres juridique","description":"","publisher":{"@id":"https:\/\/rfblegal.co.uk\/#organization"},"potentialAction":[{"@type":"SearchAction","target":{"@type":"EntryPoint","urlTemplate":"https:\/\/rfblegal.co.uk\/?s={search_term_string}"},"query-input":{"@type":"PropertyValueSpecification","valueRequired":true,"valueName":"search_term_string"}}],"inLanguage":"fr-FR"},{"@type":"Organization","@id":"https:\/\/rfblegal.co.uk\/#organization","name":"Appel d'offres juridique","url":"https:\/\/rfblegal.co.uk\/","logo":{"@type":"ImageObject","inLanguage":"fr-FR","@id":"https:\/\/rfblegal.co.uk\/#\/schema\/logo\/image\/","url":"https:\/\/rfblegal.co.uk\/wp-content\/uploads\/2024\/01\/header_company_logo.svg","contentUrl":"https:\/\/rfblegal.co.uk\/wp-content\/uploads\/2024\/01\/header_company_logo.svg","caption":"RFB Legal"},"image":{"@id":"https:\/\/rfblegal.co.uk\/#\/schema\/logo\/image\/"},"sameAs":["https:\/\/www.facebook.com\/RFBLegal\/","https:\/\/www.linkedin.com\/uas\/login?session_redirect=company2012282","https:\/\/www.instagram.com\/rfb_legal\/"]}]}},"_links":{"self":[{"href":"https:\/\/rfblegal.co.uk\/fr\/wp-json\/wp\/v2\/pages\/2502","targetHints":{"allow":["GET"]}}],"collection":[{"href":"https:\/\/rfblegal.co.uk\/fr\/wp-json\/wp\/v2\/pages"}],"about":[{"href":"https:\/\/rfblegal.co.uk\/fr\/wp-json\/wp\/v2\/types\/page"}],"author":[{"embeddable":true,"href":"https:\/\/rfblegal.co.uk\/fr\/wp-json\/wp\/v2\/users\/1"}],"replies":[{"embeddable":true,"href":"https:\/\/rfblegal.co.uk\/fr\/wp-json\/wp\/v2\/comments?post=2502"}],"version-history":[{"count":2,"href":"https:\/\/rfblegal.co.uk\/fr\/wp-json\/wp\/v2\/pages\/2502\/revisions"}],"predecessor-version":[{"id":9325,"href":"https:\/\/rfblegal.co.uk\/fr\/wp-json\/wp\/v2\/pages\/2502\/revisions\/9325"}],"up":[{"embeddable":true,"href":"https:\/\/rfblegal.co.uk\/fr\/wp-json\/wp\/v2\/pages\/429"}],"wp:featuredmedia":[{"embeddable":true,"href":"https:\/\/rfblegal.co.uk\/fr\/wp-json\/wp\/v2\/media\/3404"}],"wp:attachment":[{"href":"https:\/\/rfblegal.co.uk\/fr\/wp-json\/wp\/v2\/media?parent=2502"}],"curies":[{"name":"wp","href":"https:\/\/api.w.org\/{rel}","templated":true}]}}