{"id":2493,"date":"2024-02-21T16:18:31","date_gmt":"2024-02-21T16:18:31","guid":{"rendered":"https:\/\/rfblegal.co.uk\/?page_id=2493"},"modified":"2025-03-14T15:46:34","modified_gmt":"2025-03-14T15:46:34","slug":"entreprises-occupantes","status":"publish","type":"page","link":"https:\/\/rfblegal.co.uk\/fr\/services\/droit-des-affaires\/contentieux-immobilier-affaires\/entreprises-occupantes\/","title":{"rendered":"Entreprises occupantes"},"content":{"rendered":"<h2 class=\"wp-block-heading has-2-xl-font-size\" style=\"padding-top:var(--wp--preset--spacing--20);padding-bottom:var(--wp--preset--spacing--20);font-style:normal;font-weight:600\">Entreprises occupantes<\/h2>\n\n\n\n<h4 class=\"wp-block-heading has-lg-font-size\" style=\"padding-top:var(--wp--preset--spacing--20);padding-bottom:var(--wp--preset--spacing--20);font-style:normal;font-weight:500\"><strong>Nous sommes principalement r\u00e9put\u00e9s pour notre travail aupr\u00e8s des entreprises occupantes, qui comprend des baux de grande valeur pour les si\u00e8ges sociaux, des refinancements de portefeuilles, des ventes et des cessions-bail. L'\u00e9quipe offre une gamme compl\u00e8te de conseils aux propri\u00e9taires et aux locataires et a conseill\u00e9 certaines des plus grandes transactions de location commerciale.<\/strong><\/h4>\n\n\n\n<p style=\"padding-top:var(--wp--preset--spacing--20);padding-bottom:var(--wp--preset--spacing--20)\"><a href=\"\/fr\/les-personnes\/david-burns\/\"><em><strong>Rudi Ramdarshan<\/strong><\/em><\/a>\u00a0agit pour le compte de clients tels que des particuliers fortun\u00e9s, des organisations caritatives et des soci\u00e9t\u00e9s d'investissement.\u00a0<a href=\"\/fr\/les-personnes\/simon-lawrence\/\"><em><strong>David Burns<\/strong><\/em><\/a>\u00a0is a go-to for advice on enfranchisement and residential lease extensions. In addition, another key individual is senior associate<em><strong>\u00a0<a href=\"\/fr\/les-personnes\/simon-lawrence\/\">Simon Lawrence<\/a><\/strong><\/em>, qui \u2018<em>garde toujours les meilleurs int\u00e9r\u00eats du client au premier plan des transactions<\/em>\u2019.\u00a0<\/p>\n\n\n\n<p style=\"padding-top:var(--wp--preset--spacing--20);padding-bottom:var(--wp--preset--spacing--20)\">La pratique du cabinet en mati\u00e8re d'occupation d'entreprises est ax\u00e9e sur la gestion de portefeuilles tels que les baux de grande valeur, le refinancement, les transactions de vente et de cession-bail et l'ensemble des conseils aux propri\u00e9taires et aux locataires. Les instructions dans les secteurs de l'h\u00f4tellerie et des loisirs englobent les questions de location, les d\u00e9veloppements h\u00f4teliers, le travail pour les restaurateurs et les litiges, entre autres.<\/p>\n\n\n\n<p style=\"padding-top:var(--wp--preset--spacing--20);padding-bottom:var(--wp--preset--spacing--20)\">Le cabinet attire une client\u00e8le vari\u00e9e comprenant des institutions financi\u00e8res, des particuliers fortun\u00e9s et d'importants investisseurs en pleine propri\u00e9t\u00e9, dont beaucoup sont bas\u00e9s \u00e0 l'\u00e9tranger. Par cons\u00e9quent, le cabinet dispose d'une expertise consid\u00e9rable dans la repr\u00e9sentation d'investisseurs corporatifs bas\u00e9s aux BVI, aux Bahamas, \u00e0 l'\u00eele Maurice, aux Seychelles, en Turquie et sur l'\u00eele de Man. Notre expertise et notre exp\u00e9rience dans ce type de transactions nous permettent de respecter notre engagement \u00e0 prot\u00e9ger vos int\u00e9r\u00eats et \u00e0 vous fournir les meilleurs conseils possibles.<\/p>\n\n\n\n<p style=\"padding-top:var(--wp--preset--spacing--20);padding-bottom:var(--wp--preset--spacing--20)\">\t\t\t\t\t\t<style>\r\n\t\t\t\t<style>\r\n#wpsm_accordion_3070 .wpsm_panel-heading{\r\n\tpadding:0px !important;\r\n}\r\n#wpsm_accordion_3070 .wpsm_panel-title {\r\n\tmargin:0px !important; \r\n\ttext-transform:none !important;\r\n\tline-height: 1 !important;\r\n}\r\n#wpsm_accordion_3070 .wpsm_panel-title a{\r\n\ttext-decoration:none;\r\n\toverflow:hidden;\r\n\tdisplay:block;\r\n\tpadding:0px;\r\n\tfont-size: 18px !important;\r\n\tfont-family: Open Sans !important;\r\n\tcolor:#000000 !important;\r\n\tborder-bottom:0px !important;\r\n}\r\n\r\n#wpsm_accordion_3070 .wpsm_panel-title a:focus {\r\noutline: 0px !important;\r\n}\r\n\r\n#wpsm_accordion_3070 .wpsm_panel-title a:hover, #wpsm_accordion_3070 .wpsm_panel-title a:focus {\r\n\tcolor:#000000 !important;\r\n}\r\n#wpsm_accordion_3070 .acc-a{\r\n\tcolor: #000000 !important;\r\n\tbackground-color:#e8e8e8 !important;\r\n\tborder-color: #ddd;\r\n}\r\n#wpsm_accordion_3070 .wpsm_panel-default > .wpsm_panel-heading{\r\n\tcolor: #000000 !important;\r\n\tbackground-color: #e8e8e8 !important;\r\n\tborder-color: #e8e8e8 !important;\r\n\tborder-top-left-radius: 0px;\r\n\tborder-top-right-radius: 0px;\r\n}\r\n#wpsm_accordion_3070 .wpsm_panel-default {\r\n\t\tborder:1px solid transparent !important;\r\n\t}\r\n#wpsm_accordion_3070 {\r\n\tmargin-bottom: 20px;\r\n\toverflow: hidden;\r\n\tfloat: none;\r\n\twidth: 100%;\r\n\tdisplay: block;\r\n}\r\n#wpsm_accordion_3070 .ac_title_class{\r\n\tdisplay: block;\r\n\tpadding-top: 12px;\r\n\tpadding-bottom: 12px;\r\n\tpadding-left: 15px;\r\n\tpadding-right: 15px;\r\n}\r\n#wpsm_accordion_3070  .wpsm_panel {\r\n\toverflow:hidden;\r\n\t-webkit-box-shadow: 0 0px 0px rgba(0, 0, 0, .05);\r\n\tbox-shadow: 0 0px 0px rgba(0, 0, 0, .05);\r\n\t\tborder-radius: 4px;\r\n\t}\r\n#wpsm_accordion_3070  .wpsm_panel + .wpsm_panel {\r\n\t\tmargin-top: 5px;\r\n\t}\r\n#wpsm_accordion_3070  .wpsm_panel-body{\r\n\tbackground-color:#ffffff !important;\r\n\tcolor:#000000 !important;\r\n\tborder-top-color: #e8e8e8 !important;\r\n\tfont-size:16px !important;\r\n\tfont-family: Open Sans !important;\r\n\toverflow: hidden;\r\n\t\tborder: 2px solid #e8e8e8 !important;\r\n\t}\r\n\r\n#wpsm_accordion_3070 .ac_open_cl_icon{\r\n\tbackground-color:#e8e8e8 !important;\r\n\tcolor: #000000 !important;\r\n\tfloat:right !important;\r\n\tpadding-top: 12px !important;\r\n\tpadding-bottom: 12px !important;\r\n\tline-height: 1.0 !important;\r\n\tpadding-left: 15px !important;\r\n\tpadding-right: 15px !important;\r\n\tdisplay: inline-block !important;\r\n}\r\n\r\n\t\t\t\r\n\t\t\t<\/style>\t\r\n\t\t\t<\/style>\r\n\t\t\t<div class=\"wpsm_panel-group\" id=\"wpsm_accordion_3070\" >\r\n\t\t\t\t\t\t\t\t\r\n\t\t\t\t\t<!-- Inner panel Start -->\r\n\t\t\t\t\t<div class=\"wpsm_panel wpsm_panel-default\">\r\n\t\t\t\t\t\t<div class=\"wpsm_panel-heading\" role=\"tab\" >\r\n\t\t\t\t\t\t  <h4 class=\"wpsm_panel-title\">\r\n\t\t\t\t\t\t\t<a  class=\"\"  data-toggle=\"collapse\" data-parent=\"#wpsm_accordion_3070 \" href=\"javascript:void(0)\" data-target=\"#ac_3070_collapse1\" onclick=\"do_resize()\">\r\n\t\t\t\t\t\t\t\t\t\t\t\t\t\t\t\t\t<span class=\"ac_open_cl_icon fa fa-minus\"><\/span>\r\n\t\t\t\t\t\t\t\t\t\r\n\t\t\t\t\t\t\t\t \r\n\t\t\t\t\t\t\t\t<span class=\"ac_title_class\">\r\n\t\t\t\t\t\t\t\t\tEXPERTISE :\t\t\t\t\t\t\t\t<\/span>\r\n\t\t\t\t\t\t\t<\/a>\r\n\t\t\t\t\t\t  <\/h4>\r\n\t\t\t\t\t\t<\/div>\r\n\t\t\t\t\t\t<div id=\"ac_3070_collapse1\" class=\"wpsm_panel-collapse collapse in\"  >\r\n\t\t\t\t\t\t  <div class=\"wpsm_panel-body\">\r\n\t\t\t\t\t\t\t<ul>\r\n \t<li>- Gestion du portefeuille immobilier<\/li>\r\n \t<li>- Conseils aux propri\u00e9taires et aux locataires<\/li>\r\n \t<li>- Fusions et acquisitions<\/li>\r\n \t<li>- Location ou construction de nouveaux locaux<\/li>\r\n \t<li>- Dispute resolution<\/li>\r\n \t<li>- Property Development<\/li>\r\n \t<li>- Travaux importants de r\u00e9novation ou de modification des locaux existants<\/li>\r\n \t<li>- Sale and Purchase of commercial properties,<\/li>\r\n \t<li>- D\u00e9veloppement des propri\u00e9t\u00e9s<\/li>\r\n \t<li>- Octroi de baux commerciaux<\/li>\r\n \t<li>- Vente et achat d'entreprises<\/li>\r\n \t<li>- Commercial lease assignments<\/li>\r\n \t<li>- Octroi de nouveaux baux commerciaux<\/li>\r\n \t<li>- Location d'unit\u00e9s commerciales, de bureaux et industrielles<\/li>\r\n \t<li>- Les secteurs de la restauration, de l'h\u00f4tellerie et du divertissement<\/li>\r\n \t<li>- Pr\u00eats garantis et refinancement<\/li>\r\n \t<li>- Transactions offshore<\/li>\r\n \t<li>- Ventes et achats aux ench\u00e8res<\/li>\r\n \t<li>- Renouvellement des baux en vertu de la loi de 1954 sur les propri\u00e9taires et les locataires (Landlord and Tenant Act)<\/li>\r\n<\/ul>\t\t\t\t\t\t  <\/div>\r\n\t\t\t\t\t\t<\/div>\r\n\t\t\t\t\t<\/div>\r\n\t\t\t\t\t<!-- Inner panel End -->\r\n\t\t\t\t\t\r\n\t\t\t\t\t\t\t<\/div>\r\n\t\t\t\r\n<script type=\"text\/javascript\">\r\n\t\r\n\t\tfunction do_resize(){\r\n\r\n\t\t\tvar width=jQuery( '.wpsm_panel .wpsm_panel-body iframe' ).width();\r\n\t\t\tvar height=jQuery( '.wpsm_panel .wpsm_panel-body iframe' ).height();\r\n\r\n\t\t\tvar toggleSize = true;\r\n\t\t\tjQuery('iframe').animate({\r\n\t\t\t    width: toggleSize ? width : 640,\r\n\t\t\t    height: toggleSize ? height : 360\r\n\t\t\t  }, 250);\r\n\r\n\t\t\t  toggleSize = !toggleSize;\r\n\t\t}\r\n\t\t\r\n<\/script>\t<\/p>","protected":false},"excerpt":{"rendered":"<p>Corporate Occupiers We are principally reputed for our corporate occupier work, which spans high-value headquarters leases, portfolio refinances, and sales and leasebacks. The team provides the full spread of landlord and tenant advice and has advised on some of the largest\u00a0commercial leasing transactions. Rudi Ramdarshan\u00a0acts for clients such as high-net-worth individuals, charities, and corporate investors.\u00a0David &hellip; <a href=\"https:\/\/rfblegal.co.uk\/fr\/?p=3070\">Suite<\/a><\/p>","protected":false},"author":1,"featured_media":2744,"parent":2476,"menu_order":0,"comment_status":"closed","ping_status":"closed","template":"tier3-template.blade.php","meta":{"_acf_changed":false,"om_disable_all_campaigns":false,"_uf_show_specific_survey":0,"_uf_disable_surveys":false,"footnotes":""},"class_list":["post-2493","page","type-page","status-publish","has-post-thumbnail","hentry"],"acf":[],"aioseo_notices":[],"yoast_head":"<!-- This site is optimized with the Yoast SEO plugin v27.2 - https:\/\/yoast.com\/product\/yoast-seo-wordpress\/ -->\n<title>Corporate Occupiers RFB Legal<\/title>\n<meta name=\"description\" content=\"Corporate Occupiers We are principally reputed for our corporate occupier work, which spans high-value headquarters leases, portfolio refinances, and\" \/>\n<meta name=\"robots\" content=\"index, follow, max-snippet:-1, max-image-preview:large, max-video-preview:-1\" \/>\n<link rel=\"canonical\" href=\"https:\/\/rfblegal.co.uk\/fr\/services\/droit-des-affaires\/contentieux-immobilier-affaires\/entreprises-occupantes\/\" \/>\n<meta property=\"og:locale\" content=\"fr_FR\" \/>\n<meta property=\"og:type\" content=\"article\" \/>\n<meta property=\"og:title\" content=\"Corporate Occupiers RFB Legal\" \/>\n<meta property=\"og:description\" content=\"Corporate Occupiers We are principally reputed for our corporate occupier work, which spans high-value headquarters leases, portfolio refinances, and\" \/>\n<meta property=\"og:url\" content=\"https:\/\/rfblegal.co.uk\/fr\/services\/droit-des-affaires\/contentieux-immobilier-affaires\/entreprises-occupantes\/\" \/>\n<meta property=\"og:site_name\" content=\"RFB Legal\" \/>\n<meta property=\"article:publisher\" content=\"https:\/\/www.facebook.com\/RFBLegal\/\" \/>\n<meta property=\"article:modified_time\" content=\"2025-03-14T15:46:34+00:00\" \/>\n<meta property=\"og:image\" content=\"https:\/\/rfblegal.co.uk\/wp-content\/uploads\/2024\/02\/Corporate_Occupiers.jpg\" \/>\n\t<meta property=\"og:image:width\" content=\"1440\" \/>\n\t<meta property=\"og:image:height\" content=\"550\" \/>\n\t<meta property=\"og:image:type\" content=\"image\/jpeg\" \/>\n<meta name=\"twitter:card\" content=\"summary_large_image\" \/>\n<meta name=\"twitter:label1\" content=\"Est. reading time\" \/>\n\t<meta name=\"twitter:data1\" content=\"2 minutes\" \/>\n<script type=\"application\/ld+json\" class=\"yoast-schema-graph\">{\"@context\":\"https:\/\/schema.org\",\"@graph\":[{\"@type\":\"WebPage\",\"@id\":\"https:\/\/rfblegal.co.uk\/services\/business-law\/property-litigation-business\/corporate-occupiers\/\",\"url\":\"https:\/\/rfblegal.co.uk\/services\/business-law\/property-litigation-business\/corporate-occupiers\/\",\"name\":\"Corporate Occupiers RFB Legal\",\"isPartOf\":{\"@id\":\"https:\/\/rfblegal.co.uk\/#website\"},\"primaryImageOfPage\":{\"@id\":\"https:\/\/rfblegal.co.uk\/services\/business-law\/property-litigation-business\/corporate-occupiers\/#primaryimage\"},\"image\":{\"@id\":\"https:\/\/rfblegal.co.uk\/services\/business-law\/property-litigation-business\/corporate-occupiers\/#primaryimage\"},\"thumbnailUrl\":\"https:\/\/rfblegal.co.uk\/wp-content\/uploads\/2024\/02\/Corporate_Occupiers.jpg\",\"datePublished\":\"2024-02-21T16:18:31+00:00\",\"dateModified\":\"2025-03-14T15:46:34+00:00\",\"description\":\"Corporate Occupiers We are principally reputed for our corporate occupier work, which spans high-value headquarters leases, portfolio refinances, and\",\"breadcrumb\":{\"@id\":\"https:\/\/rfblegal.co.uk\/services\/business-law\/property-litigation-business\/corporate-occupiers\/#breadcrumb\"},\"inLanguage\":\"fr-FR\",\"potentialAction\":[{\"@type\":\"ReadAction\",\"target\":[\"https:\/\/rfblegal.co.uk\/services\/business-law\/property-litigation-business\/corporate-occupiers\/\"]}]},{\"@type\":\"ImageObject\",\"inLanguage\":\"fr-FR\",\"@id\":\"https:\/\/rfblegal.co.uk\/services\/business-law\/property-litigation-business\/corporate-occupiers\/#primaryimage\",\"url\":\"https:\/\/rfblegal.co.uk\/wp-content\/uploads\/2024\/02\/Corporate_Occupiers.jpg\",\"contentUrl\":\"https:\/\/rfblegal.co.uk\/wp-content\/uploads\/2024\/02\/Corporate_Occupiers.jpg\",\"width\":1440,\"height\":550},{\"@type\":\"BreadcrumbList\",\"@id\":\"https:\/\/rfblegal.co.uk\/services\/business-law\/property-litigation-business\/corporate-occupiers\/#breadcrumb\",\"itemListElement\":[{\"@type\":\"ListItem\",\"position\":1,\"name\":\"Home\",\"item\":\"https:\/\/rfblegal.co.uk\/\"},{\"@type\":\"ListItem\",\"position\":2,\"name\":\"Services\",\"item\":\"https:\/\/rfblegal.co.uk\/services\/\"},{\"@type\":\"ListItem\",\"position\":3,\"name\":\"Business Law\",\"item\":\"https:\/\/rfblegal.co.uk\/services\/business-law\/\"},{\"@type\":\"ListItem\",\"position\":4,\"name\":\"Commercial Property Litigation\",\"item\":\"https:\/\/rfblegal.co.uk\/services\/business-law\/property-litigation-business\/\"},{\"@type\":\"ListItem\",\"position\":5,\"name\":\"Corporate Occupiers\"}]},{\"@type\":\"WebSite\",\"@id\":\"https:\/\/rfblegal.co.uk\/#website\",\"url\":\"https:\/\/rfblegal.co.uk\/\",\"name\":\"RFB Legal\",\"description\":\"\",\"publisher\":{\"@id\":\"https:\/\/rfblegal.co.uk\/#organization\"},\"potentialAction\":[{\"@type\":\"SearchAction\",\"target\":{\"@type\":\"EntryPoint\",\"urlTemplate\":\"https:\/\/rfblegal.co.uk\/?s={search_term_string}\"},\"query-input\":{\"@type\":\"PropertyValueSpecification\",\"valueRequired\":true,\"valueName\":\"search_term_string\"}}],\"inLanguage\":\"fr-FR\"},{\"@type\":\"Organization\",\"@id\":\"https:\/\/rfblegal.co.uk\/#organization\",\"name\":\"RFB Legal\",\"url\":\"https:\/\/rfblegal.co.uk\/\",\"logo\":{\"@type\":\"ImageObject\",\"inLanguage\":\"fr-FR\",\"@id\":\"https:\/\/rfblegal.co.uk\/#\/schema\/logo\/image\/\",\"url\":\"https:\/\/rfblegal.co.uk\/wp-content\/uploads\/2024\/01\/header_company_logo.svg\",\"contentUrl\":\"https:\/\/rfblegal.co.uk\/wp-content\/uploads\/2024\/01\/header_company_logo.svg\",\"caption\":\"RFB Legal\"},\"image\":{\"@id\":\"https:\/\/rfblegal.co.uk\/#\/schema\/logo\/image\/\"},\"sameAs\":[\"https:\/\/www.facebook.com\/RFBLegal\/\",\"https:\/\/www.linkedin.com\/uas\/login?session_redirect=company2012282\",\"https:\/\/www.instagram.com\/rfb_legal\/\"]}]}<\/script>\n<!-- \/ Yoast SEO plugin. -->","yoast_head_json":{"title":"Entreprises occupantes RFB Legal","description":"Entreprises occupantes Nous sommes principalement r\u00e9put\u00e9s pour notre travail aupr\u00e8s des entreprises occupantes, qui comprend la location de si\u00e8ges sociaux de grande valeur, les refinancements de portefeuilles et les contrats de location \u00e0 long terme.","robots":{"index":"index","follow":"follow","max-snippet":"max-snippet:-1","max-image-preview":"max-image-preview:large","max-video-preview":"max-video-preview:-1"},"canonical":"https:\/\/rfblegal.co.uk\/fr\/services\/droit-des-affaires\/contentieux-immobilier-affaires\/entreprises-occupantes\/","og_locale":"fr_FR","og_type":"article","og_title":"Corporate Occupiers RFB Legal","og_description":"Corporate Occupiers We are principally reputed for our corporate occupier work, which spans high-value headquarters leases, portfolio refinances, and","og_url":"https:\/\/rfblegal.co.uk\/fr\/services\/droit-des-affaires\/contentieux-immobilier-affaires\/entreprises-occupantes\/","og_site_name":"RFB Legal","article_publisher":"https:\/\/www.facebook.com\/RFBLegal\/","article_modified_time":"2025-03-14T15:46:34+00:00","og_image":[{"width":1440,"height":550,"url":"https:\/\/rfblegal.co.uk\/wp-content\/uploads\/2024\/02\/Corporate_Occupiers.jpg","type":"image\/jpeg"}],"twitter_card":"summary_large_image","twitter_misc":{"Est. reading time":"2 minutes"},"schema":{"@context":"https:\/\/schema.org","@graph":[{"@type":"WebPage","@id":"https:\/\/rfblegal.co.uk\/services\/business-law\/property-litigation-business\/corporate-occupiers\/","url":"https:\/\/rfblegal.co.uk\/services\/business-law\/property-litigation-business\/corporate-occupiers\/","name":"Entreprises occupantes RFB Legal","isPartOf":{"@id":"https:\/\/rfblegal.co.uk\/#website"},"primaryImageOfPage":{"@id":"https:\/\/rfblegal.co.uk\/services\/business-law\/property-litigation-business\/corporate-occupiers\/#primaryimage"},"image":{"@id":"https:\/\/rfblegal.co.uk\/services\/business-law\/property-litigation-business\/corporate-occupiers\/#primaryimage"},"thumbnailUrl":"https:\/\/rfblegal.co.uk\/wp-content\/uploads\/2024\/02\/Corporate_Occupiers.jpg","datePublished":"2024-02-21T16:18:31+00:00","dateModified":"2025-03-14T15:46:34+00:00","description":"Entreprises occupantes Nous sommes principalement r\u00e9put\u00e9s pour notre travail aupr\u00e8s des entreprises occupantes, qui comprend la location de si\u00e8ges sociaux de grande valeur, les refinancements de portefeuilles et les contrats de location \u00e0 long terme.","breadcrumb":{"@id":"https:\/\/rfblegal.co.uk\/services\/business-law\/property-litigation-business\/corporate-occupiers\/#breadcrumb"},"inLanguage":"fr-FR","potentialAction":[{"@type":"ReadAction","target":["https:\/\/rfblegal.co.uk\/services\/business-law\/property-litigation-business\/corporate-occupiers\/"]}]},{"@type":"ImageObject","inLanguage":"fr-FR","@id":"https:\/\/rfblegal.co.uk\/services\/business-law\/property-litigation-business\/corporate-occupiers\/#primaryimage","url":"https:\/\/rfblegal.co.uk\/wp-content\/uploads\/2024\/02\/Corporate_Occupiers.jpg","contentUrl":"https:\/\/rfblegal.co.uk\/wp-content\/uploads\/2024\/02\/Corporate_Occupiers.jpg","width":1440,"height":550},{"@type":"BreadcrumbList","@id":"https:\/\/rfblegal.co.uk\/services\/business-law\/property-litigation-business\/corporate-occupiers\/#breadcrumb","itemListElement":[{"@type":"ListItem","position":1,"name":"Home","item":"https:\/\/rfblegal.co.uk\/"},{"@type":"ListItem","position":2,"name":"Services","item":"https:\/\/rfblegal.co.uk\/services\/"},{"@type":"ListItem","position":3,"name":"Business Law","item":"https:\/\/rfblegal.co.uk\/services\/business-law\/"},{"@type":"ListItem","position":4,"name":"Commercial Property Litigation","item":"https:\/\/rfblegal.co.uk\/services\/business-law\/property-litigation-business\/"},{"@type":"ListItem","position":5,"name":"Corporate Occupiers"}]},{"@type":"WebSite","@id":"https:\/\/rfblegal.co.uk\/#website","url":"https:\/\/rfblegal.co.uk\/","name":"Appel d'offres juridique","description":"","publisher":{"@id":"https:\/\/rfblegal.co.uk\/#organization"},"potentialAction":[{"@type":"SearchAction","target":{"@type":"EntryPoint","urlTemplate":"https:\/\/rfblegal.co.uk\/?s={search_term_string}"},"query-input":{"@type":"PropertyValueSpecification","valueRequired":true,"valueName":"search_term_string"}}],"inLanguage":"fr-FR"},{"@type":"Organization","@id":"https:\/\/rfblegal.co.uk\/#organization","name":"Appel d'offres juridique","url":"https:\/\/rfblegal.co.uk\/","logo":{"@type":"ImageObject","inLanguage":"fr-FR","@id":"https:\/\/rfblegal.co.uk\/#\/schema\/logo\/image\/","url":"https:\/\/rfblegal.co.uk\/wp-content\/uploads\/2024\/01\/header_company_logo.svg","contentUrl":"https:\/\/rfblegal.co.uk\/wp-content\/uploads\/2024\/01\/header_company_logo.svg","caption":"RFB Legal"},"image":{"@id":"https:\/\/rfblegal.co.uk\/#\/schema\/logo\/image\/"},"sameAs":["https:\/\/www.facebook.com\/RFBLegal\/","https:\/\/www.linkedin.com\/uas\/login?session_redirect=company2012282","https:\/\/www.instagram.com\/rfb_legal\/"]}]}},"_links":{"self":[{"href":"https:\/\/rfblegal.co.uk\/fr\/wp-json\/wp\/v2\/pages\/2493","targetHints":{"allow":["GET"]}}],"collection":[{"href":"https:\/\/rfblegal.co.uk\/fr\/wp-json\/wp\/v2\/pages"}],"about":[{"href":"https:\/\/rfblegal.co.uk\/fr\/wp-json\/wp\/v2\/types\/page"}],"author":[{"embeddable":true,"href":"https:\/\/rfblegal.co.uk\/fr\/wp-json\/wp\/v2\/users\/1"}],"replies":[{"embeddable":true,"href":"https:\/\/rfblegal.co.uk\/fr\/wp-json\/wp\/v2\/comments?post=2493"}],"version-history":[{"count":0,"href":"https:\/\/rfblegal.co.uk\/fr\/wp-json\/wp\/v2\/pages\/2493\/revisions"}],"up":[{"embeddable":true,"href":"https:\/\/rfblegal.co.uk\/fr\/wp-json\/wp\/v2\/pages\/2476"}],"wp:featuredmedia":[{"embeddable":true,"href":"https:\/\/rfblegal.co.uk\/fr\/wp-json\/wp\/v2\/media\/2744"}],"wp:attachment":[{"href":"https:\/\/rfblegal.co.uk\/fr\/wp-json\/wp\/v2\/media?parent=2493"}],"curies":[{"name":"wp","href":"https:\/\/api.w.org\/{rel}","templated":true}]}}