{"id":2476,"date":"2024-02-21T16:14:04","date_gmt":"2024-02-21T16:14:04","guid":{"rendered":"https:\/\/rfblegal.co.uk\/?page_id=2476"},"modified":"2026-04-22T10:08:49","modified_gmt":"2026-04-22T10:08:49","slug":"contentieux-immobilier-affaires","status":"publish","type":"page","link":"https:\/\/rfblegal.co.uk\/fr\/services\/droit-des-affaires\/contentieux-immobilier-affaires\/","title":{"rendered":"Contentieux de la propri\u00e9t\u00e9 commerciale"},"content":{"rendered":"<h2 class=\"wp-block-heading has-2-xl-font-size\" style=\"padding-top:var(--wp--preset--spacing--20);padding-bottom:var(--wp--preset--spacing--20);font-style:normal;font-weight:600\">Litiges en mati\u00e8re de propri\u00e9t\u00e9 commerciale<\/h2>\n\n\n\n<h4 class=\"wp-block-heading has-lg-font-size\" style=\"padding-top:var(--wp--preset--spacing--20);padding-bottom:var(--wp--preset--spacing--20);font-style:normal;font-weight:500\"><strong>Le&nbsp;<em>\u2018tr\u00e8s technique, tr\u00e8s r\u00e9actif et strat\u00e9gique\u2019.\u2019<\/em>&nbsp;L'\u00e9quipe charg\u00e9e du contentieux des biens est tr\u00e8s r\u00e9put\u00e9e dans le secteur.  L'\u00e9quipe est exceptionnellement talentueuse \u00e0 tous les niveaux et ses associ\u00e9s sont des leaders dans les questions relatives \u00e0 la propri\u00e9t\u00e9 commerciale, r\u00e9sidentielle et \u00e0 usage mixte, aux entreprises occupantes, \u00e0 la possession d\u00e9favorable, \u00e0 l'affranchissement et aux servitudes, y compris les litiges relatifs au droit \u00e0 l'\u00e9clairage.<\/strong><\/h4>\n\n\n\n<p style=\"padding-top:var(--wp--preset--spacing--20);padding-bottom:var(--wp--preset--spacing--20)\">Nous avons acquis la r\u00e9putation d'\u00eatre capables de r\u00e9soudre des probl\u00e8mes apparemment insolubles en adoptant des approches novatrices et tactiquement astucieuses des litiges. Souvent sollicit\u00e9e par des gestionnaires d'actifs, des investisseurs, des entreprises sociales et des organisations caritatives, des promoteurs et des particuliers (y compris des personnes tr\u00e8s fortun\u00e9es) \u00e0 la recherche d'une assistance dans les domaines r\u00e9sidentiel et commercial, l'\u00e9quipe est r\u00e9guli\u00e8rement consult\u00e9e sur une vari\u00e9t\u00e9 de questions relatives au travail sur les portefeuilles immobiliers, au d\u00e9veloppement et aux r\u00e9am\u00e9nagements, tels que les strat\u00e9gies de possession vacante, les litiges de d\u00e9limitation et les proc\u00e9dures de confiscation\/possession.<\/p>\n\n\n\n<p style=\"padding-top:var(--wp--preset--spacing--20);padding-bottom:var(--wp--preset--spacing--20)\">En tant que plaideurs hautement qualifi\u00e9s, nous sommes fr\u00e9quemment charg\u00e9s de plaider devant les County Courts, les High Courts, les Tribunaux, la Cour d'appel et la Cour supr\u00eame. L'\u00e9quipe est \u00e9galement tr\u00e8s consciente du fait qu'un litige devant les cours et les tribunaux est souvent le dernier recours d'un client. Elle conna\u00eet bien tous les aspects de la r\u00e9solution alternative des litiges, y compris la r\u00e9solution des probl\u00e8mes \u00e0 un stade ant\u00e9rieur \u00e0 l'action, la m\u00e9diation, la d\u00e9termination des experts, l'arbitrage et d'autres formes de r\u00e9solution alternative des litiges.<\/p>\n\n\n\n<p style=\"padding-top:var(--wp--preset--spacing--20);padding-bottom:var(--wp--preset--spacing--20)\">Nos clients appr\u00e9cient notre exp\u00e9rience, notre connaissance du secteur et notre approche collaborative qui nous permet de nous immerger en tant que partie int\u00e9grante de leur \u00e9quipe afin d'atteindre leurs objectifs et de fournir les r\u00e9sultats dont ils ont besoin, ind\u00e9pendamment du calendrier requis par notre client et\/ou de la taille et de la complexit\u00e9 du litige.<\/p>\n\n\n\n<p style=\"padding-top:var(--wp--preset--spacing--20);padding-bottom:var(--wp--preset--spacing--20)\">\t\t\t\t\t\t<style>\r\n\t\t\t\t<style>\r\n#wpsm_accordion_3028 .wpsm_panel-heading{\r\n\tpadding:0px !important;\r\n}\r\n#wpsm_accordion_3028 .wpsm_panel-title {\r\n\tmargin:0px !important; \r\n\ttext-transform:none !important;\r\n\tline-height: 1 !important;\r\n}\r\n#wpsm_accordion_3028 .wpsm_panel-title a{\r\n\ttext-decoration:none;\r\n\toverflow:hidden;\r\n\tdisplay:block;\r\n\tpadding:0px;\r\n\tfont-size: 18px !important;\r\n\tfont-family: Open Sans !important;\r\n\tcolor:#000000 !important;\r\n\tborder-bottom:0px !important;\r\n}\r\n\r\n#wpsm_accordion_3028 .wpsm_panel-title a:focus {\r\noutline: 0px !important;\r\n}\r\n\r\n#wpsm_accordion_3028 .wpsm_panel-title a:hover, #wpsm_accordion_3028 .wpsm_panel-title a:focus {\r\n\tcolor:#000000 !important;\r\n}\r\n#wpsm_accordion_3028 .acc-a{\r\n\tcolor: #000000 !important;\r\n\tbackground-color:#e8e8e8 !important;\r\n\tborder-color: #ddd;\r\n}\r\n#wpsm_accordion_3028 .wpsm_panel-default > .wpsm_panel-heading{\r\n\tcolor: #000000 !important;\r\n\tbackground-color: #e8e8e8 !important;\r\n\tborder-color: #e8e8e8 !important;\r\n\tborder-top-left-radius: 0px;\r\n\tborder-top-right-radius: 0px;\r\n}\r\n#wpsm_accordion_3028 .wpsm_panel-default {\r\n\t\tborder:1px solid transparent !important;\r\n\t}\r\n#wpsm_accordion_3028 {\r\n\tmargin-bottom: 20px;\r\n\toverflow: hidden;\r\n\tfloat: none;\r\n\twidth: 100%;\r\n\tdisplay: block;\r\n}\r\n#wpsm_accordion_3028 .ac_title_class{\r\n\tdisplay: block;\r\n\tpadding-top: 12px;\r\n\tpadding-bottom: 12px;\r\n\tpadding-left: 15px;\r\n\tpadding-right: 15px;\r\n}\r\n#wpsm_accordion_3028  .wpsm_panel {\r\n\toverflow:hidden;\r\n\t-webkit-box-shadow: 0 0px 0px rgba(0, 0, 0, .05);\r\n\tbox-shadow: 0 0px 0px rgba(0, 0, 0, .05);\r\n\t\tborder-radius: 4px;\r\n\t}\r\n#wpsm_accordion_3028  .wpsm_panel + .wpsm_panel {\r\n\t\tmargin-top: 5px;\r\n\t}\r\n#wpsm_accordion_3028  .wpsm_panel-body{\r\n\tbackground-color:#ffffff !important;\r\n\tcolor:#000000 !important;\r\n\tborder-top-color: #e8e8e8 !important;\r\n\tfont-size:16px !important;\r\n\tfont-family: Open Sans !important;\r\n\toverflow: hidden;\r\n\t\tborder: 2px solid #e8e8e8 !important;\r\n\t}\r\n\r\n#wpsm_accordion_3028 .ac_open_cl_icon{\r\n\tbackground-color:#e8e8e8 !important;\r\n\tcolor: #000000 !important;\r\n\tfloat:right !important;\r\n\tpadding-top: 12px !important;\r\n\tpadding-bottom: 12px !important;\r\n\tline-height: 1.0 !important;\r\n\tpadding-left: 15px !important;\r\n\tpadding-right: 15px !important;\r\n\tdisplay: inline-block !important;\r\n}\r\n\r\n\t\t\t\r\n\t\t\t<\/style>\t\r\n\t\t\t<\/style>\r\n\t\t\t<div class=\"wpsm_panel-group\" id=\"wpsm_accordion_3028\" >\r\n\t\t\t\t\t\t\t\t\r\n\t\t\t\t\t<!-- Inner panel Start -->\r\n\t\t\t\t\t<div class=\"wpsm_panel wpsm_panel-default\">\r\n\t\t\t\t\t\t<div class=\"wpsm_panel-heading\" role=\"tab\" >\r\n\t\t\t\t\t\t  <h4 class=\"wpsm_panel-title\">\r\n\t\t\t\t\t\t\t<a  class=\"\"  data-toggle=\"collapse\" data-parent=\"#wpsm_accordion_3028 \" href=\"javascript:void(0)\" data-target=\"#ac_3028_collapse1\" onclick=\"do_resize()\">\r\n\t\t\t\t\t\t\t\t\t\t\t\t\t\t\t\t\t<span class=\"ac_open_cl_icon fa fa-minus\"><\/span>\r\n\t\t\t\t\t\t\t\t\t\r\n\t\t\t\t\t\t\t\t \r\n\t\t\t\t\t\t\t\t<span class=\"ac_title_class\">\r\n\t\t\t\t\t\t\t\t\tEXPERTISE :\t\t\t\t\t\t\t\t<\/span>\r\n\t\t\t\t\t\t\t<\/a>\r\n\t\t\t\t\t\t  <\/h4>\r\n\t\t\t\t\t\t<\/div>\r\n\t\t\t\t\t\t<div id=\"ac_3028_collapse1\" class=\"wpsm_panel-collapse collapse in\"  >\r\n\t\t\t\t\t\t  <div class=\"wpsm_panel-body\">\r\n\t\t\t\t\t\t\t<ul>\r\n \t<li>- L'arbitrage<\/li>\r\n \t<li>- Possession indue<\/li>\r\n \t<li>- Renouvellements de baux contest\u00e9s et incontest\u00e9s<\/li>\r\n \t<li>- R\u00e9clamations pour v\u00e9tust\u00e9 et\/ou d\u00e9t\u00e9rioration<\/li>\r\n \t<li>- Confiscation<\/li>\r\n \t<li>- Conflits de copropri\u00e9t\u00e9<\/li>\r\n \t<li>- Litiges relatifs aux entreprises conjointes<\/li>\r\n \t<li>- Litiges concernant les murs mitoyens<\/li>\r\n \t<li>- Mise en location et prolongation des baux<\/li>\r\n \t<li>- Contentieux entre propri\u00e9taires et locataires (commercial et r\u00e9sidentiel)<\/li>\r\n \t<li>- M\u00e9diation<\/li>\r\n \t<li>- Proc\u00e9dures de prise de possession<\/li>\r\n \t<li>- Droits de lumi\u00e8re et droits de passage<\/li>\r\n \t<li>- Litiges concernant les charges et les arri\u00e9r\u00e9s de loyer<\/li>\r\n \t<li>- Litiges en mati\u00e8re de t\u00e9l\u00e9communications<\/li>\r\n \t<li>- Strat\u00e9gies en mati\u00e8re de possession de biens vacants<\/li>\r\n \t<li><a href=\"https:\/\/rfblegal.co.uk\/index.php\/litigation\/property-litigation\/contentious-probate-litigation\">- Contentieux des successions<\/a><\/li>\r\n \t<li><a href=\"https:\/\/rfblegal.co.uk\/index.php\/litigation\/property-litigation\/construction\">- La construction<\/a><\/li>\r\n \t<li>- Renouvellement des baux en vertu de la loi de 1954 sur les propri\u00e9taires et les locataires (Landlord and Tenant Act)<\/li>\r\n<\/ul>\t\t\t\t\t\t  <\/div>\r\n\t\t\t\t\t\t<\/div>\r\n\t\t\t\t\t<\/div>\r\n\t\t\t\t\t<!-- Inner panel End -->\r\n\t\t\t\t\t\r\n\t\t\t\t\t\t\t<\/div>\r\n\t\t\t\r\n<script type=\"text\/javascript\">\r\n\t\r\n\t\tfunction do_resize(){\r\n\r\n\t\t\tvar width=jQuery( '.wpsm_panel .wpsm_panel-body iframe' ).width();\r\n\t\t\tvar height=jQuery( '.wpsm_panel .wpsm_panel-body iframe' ).height();\r\n\r\n\t\t\tvar toggleSize = true;\r\n\t\t\tjQuery('iframe').animate({\r\n\t\t\t    width: toggleSize ? width : 640,\r\n\t\t\t    height: toggleSize ? height : 360\r\n\t\t\t  }, 250);\r\n\r\n\t\t\t  toggleSize = !toggleSize;\r\n\t\t}\r\n\t\t\r\n<\/script>\t<\/p>","protected":false},"excerpt":{"rendered":"<p>Contentieux de la propri\u00e9t\u00e9 commerciale L'\u00e9quipe de contentieux de la propri\u00e9t\u00e9, qui fait preuve d'un grand sens technique, d'une grande r\u00e9activit\u00e9 et d'une grande strat\u00e9gie, jouit d'une excellente r\u00e9putation dans le secteur.  L'\u00e9quipe est exceptionnellement talentueuse \u00e0 tous les niveaux et ses associ\u00e9s sont des leaders dans les questions relatives \u00e0 la propri\u00e9t\u00e9 commerciale, r\u00e9sidentielle et \u00e0 usage mixte, aux entreprises occupantes, \u00e0 la possession d\u00e9favorable, \u00e0 l'affranchissement et aux servitudes, y compris les litiges relatifs au droit \u00e0 l'\u00e9clairage. Nous avons acquis une r\u00e9putation de ... <a href=\"https:\/\/rfblegal.co.uk\/fr\/?p=3028\">Suite<\/a><\/p>","protected":false},"author":1,"featured_media":5857,"parent":429,"menu_order":0,"comment_status":"closed","ping_status":"closed","template":"tier2-template.blade.php","meta":{"_acf_changed":false,"om_disable_all_campaigns":false,"_uf_show_specific_survey":0,"_uf_disable_surveys":false,"footnotes":""},"class_list":["post-2476","page","type-page","status-publish","has-post-thumbnail","hentry"],"acf":[],"aioseo_notices":[],"yoast_head":"<!-- This site is optimized with the Yoast SEO plugin v27.2 - https:\/\/yoast.com\/product\/yoast-seo-wordpress\/ -->\n<title>Commercial Property Litigation - RFB Legal<\/title>\n<meta name=\"description\" content=\"Commercial Property litigation The&nbsp;&#039;technically-minded, very responsive and strategic&#039;&nbsp;Property Litigation Team are highly regarded in the\" \/>\n<meta name=\"robots\" content=\"index, follow, max-snippet:-1, max-image-preview:large, max-video-preview:-1\" \/>\n<link rel=\"canonical\" href=\"https:\/\/rfblegal.co.uk\/fr\/services\/droit-des-affaires\/contentieux-immobilier-affaires\/\" \/>\n<meta property=\"og:locale\" content=\"fr_FR\" \/>\n<meta property=\"og:type\" content=\"article\" \/>\n<meta property=\"og:title\" content=\"Commercial Property Litigation - RFB Legal\" \/>\n<meta property=\"og:description\" content=\"Commercial Property litigation The&nbsp;&#039;technically-minded, very responsive and strategic&#039;&nbsp;Property Litigation Team are highly regarded in the\" \/>\n<meta property=\"og:url\" content=\"https:\/\/rfblegal.co.uk\/fr\/services\/droit-des-affaires\/contentieux-immobilier-affaires\/\" \/>\n<meta property=\"og:site_name\" content=\"RFB Legal\" \/>\n<meta property=\"article:publisher\" content=\"https:\/\/www.facebook.com\/RFBLegal\/\" \/>\n<meta property=\"article:modified_time\" content=\"2026-04-22T10:08:49+00:00\" \/>\n<meta property=\"og:image\" content=\"https:\/\/rfblegal.co.uk\/wp-content\/uploads\/2025\/03\/AdobeStock_1322515562.jpg\" \/>\n\t<meta property=\"og:image:width\" content=\"2016\" \/>\n\t<meta property=\"og:image:height\" content=\"1344\" \/>\n\t<meta property=\"og:image:type\" content=\"image\/jpeg\" \/>\n<meta name=\"twitter:card\" content=\"summary_large_image\" \/>\n<meta name=\"twitter:label1\" content=\"Est. reading time\" \/>\n\t<meta name=\"twitter:data1\" content=\"2 minutes\" \/>\n<script type=\"application\/ld+json\" class=\"yoast-schema-graph\">{\"@context\":\"https:\/\/schema.org\",\"@graph\":[{\"@type\":\"WebPage\",\"@id\":\"https:\/\/rfblegal.co.uk\/services\/business-law\/property-litigation-business\/\",\"url\":\"https:\/\/rfblegal.co.uk\/services\/business-law\/property-litigation-business\/\",\"name\":\"Commercial Property Litigation - RFB Legal\",\"isPartOf\":{\"@id\":\"https:\/\/rfblegal.co.uk\/#website\"},\"primaryImageOfPage\":{\"@id\":\"https:\/\/rfblegal.co.uk\/services\/business-law\/property-litigation-business\/#primaryimage\"},\"image\":{\"@id\":\"https:\/\/rfblegal.co.uk\/services\/business-law\/property-litigation-business\/#primaryimage\"},\"thumbnailUrl\":\"https:\/\/rfblegal.co.uk\/wp-content\/uploads\/2025\/03\/AdobeStock_1322515562.jpg\",\"datePublished\":\"2024-02-21T16:14:04+00:00\",\"dateModified\":\"2026-04-22T10:08:49+00:00\",\"description\":\"Commercial Property litigation The&nbsp;'technically-minded, very responsive and strategic'&nbsp;Property Litigation Team are highly regarded in the\",\"breadcrumb\":{\"@id\":\"https:\/\/rfblegal.co.uk\/services\/business-law\/property-litigation-business\/#breadcrumb\"},\"inLanguage\":\"fr-FR\",\"potentialAction\":[{\"@type\":\"ReadAction\",\"target\":[\"https:\/\/rfblegal.co.uk\/services\/business-law\/property-litigation-business\/\"]}]},{\"@type\":\"ImageObject\",\"inLanguage\":\"fr-FR\",\"@id\":\"https:\/\/rfblegal.co.uk\/services\/business-law\/property-litigation-business\/#primaryimage\",\"url\":\"https:\/\/rfblegal.co.uk\/wp-content\/uploads\/2025\/03\/AdobeStock_1322515562.jpg\",\"contentUrl\":\"https:\/\/rfblegal.co.uk\/wp-content\/uploads\/2025\/03\/AdobeStock_1322515562.jpg\",\"width\":2016,\"height\":1344},{\"@type\":\"BreadcrumbList\",\"@id\":\"https:\/\/rfblegal.co.uk\/services\/business-law\/property-litigation-business\/#breadcrumb\",\"itemListElement\":[{\"@type\":\"ListItem\",\"position\":1,\"name\":\"Home\",\"item\":\"https:\/\/rfblegal.co.uk\/\"},{\"@type\":\"ListItem\",\"position\":2,\"name\":\"Services\",\"item\":\"https:\/\/rfblegal.co.uk\/services\/\"},{\"@type\":\"ListItem\",\"position\":3,\"name\":\"Business Law\",\"item\":\"https:\/\/rfblegal.co.uk\/services\/business-law\/\"},{\"@type\":\"ListItem\",\"position\":4,\"name\":\"Commercial Property Litigation\"}]},{\"@type\":\"WebSite\",\"@id\":\"https:\/\/rfblegal.co.uk\/#website\",\"url\":\"https:\/\/rfblegal.co.uk\/\",\"name\":\"RFB Legal\",\"description\":\"\",\"publisher\":{\"@id\":\"https:\/\/rfblegal.co.uk\/#organization\"},\"potentialAction\":[{\"@type\":\"SearchAction\",\"target\":{\"@type\":\"EntryPoint\",\"urlTemplate\":\"https:\/\/rfblegal.co.uk\/?s={search_term_string}\"},\"query-input\":{\"@type\":\"PropertyValueSpecification\",\"valueRequired\":true,\"valueName\":\"search_term_string\"}}],\"inLanguage\":\"fr-FR\"},{\"@type\":\"Organization\",\"@id\":\"https:\/\/rfblegal.co.uk\/#organization\",\"name\":\"RFB Legal\",\"url\":\"https:\/\/rfblegal.co.uk\/\",\"logo\":{\"@type\":\"ImageObject\",\"inLanguage\":\"fr-FR\",\"@id\":\"https:\/\/rfblegal.co.uk\/#\/schema\/logo\/image\/\",\"url\":\"https:\/\/rfblegal.co.uk\/wp-content\/uploads\/2024\/01\/header_company_logo.svg\",\"contentUrl\":\"https:\/\/rfblegal.co.uk\/wp-content\/uploads\/2024\/01\/header_company_logo.svg\",\"caption\":\"RFB Legal\"},\"image\":{\"@id\":\"https:\/\/rfblegal.co.uk\/#\/schema\/logo\/image\/\"},\"sameAs\":[\"https:\/\/www.facebook.com\/RFBLegal\/\",\"https:\/\/www.linkedin.com\/uas\/login?session_redirect=company2012282\",\"https:\/\/www.instagram.com\/rfb_legal\/\"]}]}<\/script>\n<!-- \/ Yoast SEO plugin. -->","yoast_head_json":{"title":"Contentieux de la propri\u00e9t\u00e9 commerciale - RFB Legal","description":"L'\u00e9quipe de contentieux de la propri\u00e9t\u00e9 commerciale est tr\u00e8s appr\u00e9ci\u00e9e dans le monde entier pour ses comp\u00e9tences techniques, sa r\u00e9activit\u00e9 et sa strat\u00e9gie.","robots":{"index":"index","follow":"follow","max-snippet":"max-snippet:-1","max-image-preview":"max-image-preview:large","max-video-preview":"max-video-preview:-1"},"canonical":"https:\/\/rfblegal.co.uk\/fr\/services\/droit-des-affaires\/contentieux-immobilier-affaires\/","og_locale":"fr_FR","og_type":"article","og_title":"Commercial Property Litigation - RFB Legal","og_description":"Commercial Property litigation The&nbsp;'technically-minded, very responsive and strategic'&nbsp;Property Litigation Team are highly regarded in the","og_url":"https:\/\/rfblegal.co.uk\/fr\/services\/droit-des-affaires\/contentieux-immobilier-affaires\/","og_site_name":"RFB Legal","article_publisher":"https:\/\/www.facebook.com\/RFBLegal\/","article_modified_time":"2026-04-22T10:08:49+00:00","og_image":[{"width":2016,"height":1344,"url":"https:\/\/rfblegal.co.uk\/wp-content\/uploads\/2025\/03\/AdobeStock_1322515562.jpg","type":"image\/jpeg"}],"twitter_card":"summary_large_image","twitter_misc":{"Est. reading time":"2 minutes"},"schema":{"@context":"https:\/\/schema.org","@graph":[{"@type":"WebPage","@id":"https:\/\/rfblegal.co.uk\/services\/business-law\/property-litigation-business\/","url":"https:\/\/rfblegal.co.uk\/services\/business-law\/property-litigation-business\/","name":"Contentieux de la propri\u00e9t\u00e9 commerciale - RFB Legal","isPartOf":{"@id":"https:\/\/rfblegal.co.uk\/#website"},"primaryImageOfPage":{"@id":"https:\/\/rfblegal.co.uk\/services\/business-law\/property-litigation-business\/#primaryimage"},"image":{"@id":"https:\/\/rfblegal.co.uk\/services\/business-law\/property-litigation-business\/#primaryimage"},"thumbnailUrl":"https:\/\/rfblegal.co.uk\/wp-content\/uploads\/2025\/03\/AdobeStock_1322515562.jpg","datePublished":"2024-02-21T16:14:04+00:00","dateModified":"2026-04-22T10:08:49+00:00","description":"L'\u00e9quipe de contentieux de la propri\u00e9t\u00e9 commerciale est tr\u00e8s appr\u00e9ci\u00e9e dans le monde entier pour ses comp\u00e9tences techniques, sa r\u00e9activit\u00e9 et sa strat\u00e9gie.","breadcrumb":{"@id":"https:\/\/rfblegal.co.uk\/services\/business-law\/property-litigation-business\/#breadcrumb"},"inLanguage":"fr-FR","potentialAction":[{"@type":"ReadAction","target":["https:\/\/rfblegal.co.uk\/services\/business-law\/property-litigation-business\/"]}]},{"@type":"ImageObject","inLanguage":"fr-FR","@id":"https:\/\/rfblegal.co.uk\/services\/business-law\/property-litigation-business\/#primaryimage","url":"https:\/\/rfblegal.co.uk\/wp-content\/uploads\/2025\/03\/AdobeStock_1322515562.jpg","contentUrl":"https:\/\/rfblegal.co.uk\/wp-content\/uploads\/2025\/03\/AdobeStock_1322515562.jpg","width":2016,"height":1344},{"@type":"BreadcrumbList","@id":"https:\/\/rfblegal.co.uk\/services\/business-law\/property-litigation-business\/#breadcrumb","itemListElement":[{"@type":"ListItem","position":1,"name":"Home","item":"https:\/\/rfblegal.co.uk\/"},{"@type":"ListItem","position":2,"name":"Services","item":"https:\/\/rfblegal.co.uk\/services\/"},{"@type":"ListItem","position":3,"name":"Business Law","item":"https:\/\/rfblegal.co.uk\/services\/business-law\/"},{"@type":"ListItem","position":4,"name":"Commercial Property Litigation"}]},{"@type":"WebSite","@id":"https:\/\/rfblegal.co.uk\/#website","url":"https:\/\/rfblegal.co.uk\/","name":"Appel d'offres juridique","description":"","publisher":{"@id":"https:\/\/rfblegal.co.uk\/#organization"},"potentialAction":[{"@type":"SearchAction","target":{"@type":"EntryPoint","urlTemplate":"https:\/\/rfblegal.co.uk\/?s={search_term_string}"},"query-input":{"@type":"PropertyValueSpecification","valueRequired":true,"valueName":"search_term_string"}}],"inLanguage":"fr-FR"},{"@type":"Organization","@id":"https:\/\/rfblegal.co.uk\/#organization","name":"Appel d'offres juridique","url":"https:\/\/rfblegal.co.uk\/","logo":{"@type":"ImageObject","inLanguage":"fr-FR","@id":"https:\/\/rfblegal.co.uk\/#\/schema\/logo\/image\/","url":"https:\/\/rfblegal.co.uk\/wp-content\/uploads\/2024\/01\/header_company_logo.svg","contentUrl":"https:\/\/rfblegal.co.uk\/wp-content\/uploads\/2024\/01\/header_company_logo.svg","caption":"RFB Legal"},"image":{"@id":"https:\/\/rfblegal.co.uk\/#\/schema\/logo\/image\/"},"sameAs":["https:\/\/www.facebook.com\/RFBLegal\/","https:\/\/www.linkedin.com\/uas\/login?session_redirect=company2012282","https:\/\/www.instagram.com\/rfb_legal\/"]}]}},"_links":{"self":[{"href":"https:\/\/rfblegal.co.uk\/fr\/wp-json\/wp\/v2\/pages\/2476","targetHints":{"allow":["GET"]}}],"collection":[{"href":"https:\/\/rfblegal.co.uk\/fr\/wp-json\/wp\/v2\/pages"}],"about":[{"href":"https:\/\/rfblegal.co.uk\/fr\/wp-json\/wp\/v2\/types\/page"}],"author":[{"embeddable":true,"href":"https:\/\/rfblegal.co.uk\/fr\/wp-json\/wp\/v2\/users\/1"}],"replies":[{"embeddable":true,"href":"https:\/\/rfblegal.co.uk\/fr\/wp-json\/wp\/v2\/comments?post=2476"}],"version-history":[{"count":1,"href":"https:\/\/rfblegal.co.uk\/fr\/wp-json\/wp\/v2\/pages\/2476\/revisions"}],"predecessor-version":[{"id":9327,"href":"https:\/\/rfblegal.co.uk\/fr\/wp-json\/wp\/v2\/pages\/2476\/revisions\/9327"}],"up":[{"embeddable":true,"href":"https:\/\/rfblegal.co.uk\/fr\/wp-json\/wp\/v2\/pages\/429"}],"wp:featuredmedia":[{"embeddable":true,"href":"https:\/\/rfblegal.co.uk\/fr\/wp-json\/wp\/v2\/media\/5857"}],"wp:attachment":[{"href":"https:\/\/rfblegal.co.uk\/fr\/wp-json\/wp\/v2\/media?parent=2476"}],"curies":[{"name":"wp","href":"https:\/\/api.w.org\/{rel}","templated":true}]}}