{"id":2439,"date":"2024-02-21T15:51:21","date_gmt":"2024-02-21T15:51:21","guid":{"rendered":"https:\/\/rfblegal.co.uk\/?page_id=2439"},"modified":"2025-06-19T13:21:24","modified_gmt":"2025-06-19T13:21:24","slug":"droit-reglementaire","status":"publish","type":"page","link":"https:\/\/rfblegal.co.uk\/fr\/services\/droit-des-personnes\/droit-reglementaire\/","title":{"rendered":"Droit r\u00e9glementaire"},"content":{"rendered":"<h2 class=\"wp-block-heading has-2-xl-font-size\" style=\"padding-top:var(--wp--preset--spacing--20);padding-bottom:var(--wp--preset--spacing--20);font-style:normal;font-weight:600\">Infractions r\u00e9glementaires<\/h2>\n\n\n\n<h4 class=\"wp-block-heading has-lg-font-size\" style=\"padding-top:var(--wp--preset--spacing--20);padding-bottom:var(--wp--preset--spacing--20);font-style:normal;font-weight:500\"><strong>La conformit\u00e9 r\u00e9glementaire est une consid\u00e9ration primordiale pour un grand nombre d'entreprises et de professionnels, et les risques d'infraction peuvent avoir de graves cons\u00e9quences. .<\/strong><\/h4>\n\n\n\n<p style=\"padding-top:var(--wp--preset--spacing--20);padding-bottom:var(--wp--preset--spacing--20)\">Nous soutenons les clients qui font l'objet d'enqu\u00eates et de poursuites de la part des autorit\u00e9s de r\u00e9gulation, et nous fournissons un service de conseil pour veiller \u00e0 ce qu'une diligence totale soit exerc\u00e9e afin d'\u00e9viter toute action de non-conformit\u00e9.<\/p>\n\n\n\n<p style=\"padding-top:var(--wp--preset--spacing--20);padding-bottom:var(--wp--preset--spacing--20)\">Ce domaine juridique complexe couvre une multitude d'obligations r\u00e9glementaires.<\/p>\n\n\n\n<p style=\"padding-top:var(--wp--preset--spacing--20);padding-bottom:var(--wp--preset--spacing--20)\">Nous repr\u00e9sentons r\u00e9guli\u00e8rement des gestionnaires immobiliers qui re\u00e7oivent des demandes de renseignements de la part de conseils locaux et d'arrondissements londoniens en ce qui concerne les licences d'occupation multiple (House in Multiple Occupation - HMO), ainsi que des appels et des violations de l'Enforcement Notice (avis de mise en application).<\/p>\n\n\n\n<p style=\"padding-top:var(--wp--preset--spacing--20);padding-bottom:var(--wp--preset--spacing--20)\">La Food Standards Agency (FSA) et le Health and Safety Executive (HSE) se tournent de plus en plus vers l'application de la r\u00e9glementation et nous avons souvent agi pour le compte d'entreprises confront\u00e9es \u00e0 des questions li\u00e9es aux r\u00e9glementations sur l'hygi\u00e8ne alimentaire et sur la sant\u00e9 et la s\u00e9curit\u00e9.<\/p>\n\n\n\n<p style=\"padding-top:var(--wp--preset--spacing--20);padding-bottom:var(--wp--preset--spacing--20)\">Dans le domaine financier, nous repr\u00e9sentons des directeurs et des cadres sup\u00e9rieurs soumis \u00e0 l'examen de la Financial Conduct Authority (FCA), en termes de r\u00e9sistance aux enqu\u00eates et de contestation des ordonnances d'interdiction. En adoptant une approche pluridisciplinaire, nous cherchons \u00e0 n\u00e9gocier avec l'autorit\u00e9 pour parvenir \u00e0 un r\u00e8glement ou adopter une sanction civile, le cas \u00e9ch\u00e9ant.<\/p>\n\n\n\n<p style=\"padding-top:var(--wp--preset--spacing--20);padding-bottom:var(--wp--preset--spacing--20)\">Les all\u00e9gations de conduite professionnelle peuvent \u00eatre profond\u00e9ment pr\u00e9judiciables et p\u00e9nibles pour les personnes concern\u00e9es et nous poss\u00e9dons une vaste exp\u00e9rience de la d\u00e9fense des individus dans ce domaine. Nous veillons \u00e0 ce que la r\u00e9putation de nos clients soit prot\u00e9g\u00e9e au mieux et pouvons les aider dans les affaires concernant le General Medical Council (GMC), le General Dental Council (GDC), le Nursing and Midwifery Council (NMC), le Solicitors Disciplinary Tribunal (SDT) et le Bar Standards Board (BSB).<\/p>","protected":false},"excerpt":{"rendered":"<p>Infractions r\u00e9glementaires La conformit\u00e9 r\u00e9glementaire est une consid\u00e9ration primordiale pour un large \u00e9ventail d'entreprises et de professionnels, et les risques d'infraction peuvent avoir de graves cons\u00e9quences. Nous soutenons les clients qui font l'objet d'enqu\u00eates et de poursuites de la part des autorit\u00e9s de r\u00e9glementation, et nous fournissons un service de conseil afin de garantir que toute la diligence n\u00e9cessaire est mise en \u0153uvre ... <a href=\"https:\/\/rfblegal.co.uk\/fr\/services\/droit-des-personnes\/droit-reglementaire\/\">Suite<\/a><\/p>","protected":false},"author":1,"featured_media":5850,"parent":357,"menu_order":0,"comment_status":"closed","ping_status":"closed","template":"tier2-template.blade.php","meta":{"_acf_changed":false,"om_disable_all_campaigns":false,"_uf_show_specific_survey":0,"_uf_disable_surveys":false,"footnotes":""},"class_list":["post-2439","page","type-page","status-publish","has-post-thumbnail","hentry"],"acf":[],"aioseo_notices":[],"yoast_head":"<!-- This site is optimized with the Yoast SEO plugin v27.2 - https:\/\/yoast.com\/product\/yoast-seo-wordpress\/ -->\n<title>Regulatory Law - RFB Legal<\/title>\n<meta name=\"description\" content=\"Regulatory Offences Regulatory compliance is a primary consideration for a broad range of businesses and professionals and the risks of falling into\" \/>\n<meta name=\"robots\" content=\"index, follow, max-snippet:-1, max-image-preview:large, max-video-preview:-1\" \/>\n<link rel=\"canonical\" href=\"https:\/\/rfblegal.co.uk\/fr\/services\/droit-des-personnes\/droit-reglementaire\/\" \/>\n<meta property=\"og:locale\" content=\"fr_FR\" \/>\n<meta property=\"og:type\" content=\"article\" \/>\n<meta property=\"og:title\" content=\"Regulatory Law - RFB Legal\" \/>\n<meta property=\"og:description\" content=\"Regulatory Offences Regulatory compliance is a primary consideration for a broad range of businesses and professionals and the risks of falling into\" \/>\n<meta property=\"og:url\" content=\"https:\/\/rfblegal.co.uk\/fr\/services\/droit-des-personnes\/droit-reglementaire\/\" \/>\n<meta property=\"og:site_name\" content=\"RFB Legal\" \/>\n<meta property=\"article:publisher\" content=\"https:\/\/www.facebook.com\/RFBLegal\/\" \/>\n<meta property=\"article:modified_time\" content=\"2025-06-19T13:21:24+00:00\" \/>\n<meta property=\"og:image\" content=\"https:\/\/rfblegal.co.uk\/wp-content\/uploads\/2025\/03\/AdobeStock_1055684817-1.jpg\" \/>\n\t<meta property=\"og:image:width\" content=\"2038\" \/>\n\t<meta property=\"og:image:height\" content=\"1142\" \/>\n\t<meta property=\"og:image:type\" content=\"image\/jpeg\" \/>\n<meta name=\"twitter:card\" content=\"summary_large_image\" \/>\n<meta name=\"twitter:label1\" content=\"Est. reading time\" \/>\n\t<meta name=\"twitter:data1\" content=\"2 minutes\" \/>\n<script type=\"application\/ld+json\" class=\"yoast-schema-graph\">{\"@context\":\"https:\/\/schema.org\",\"@graph\":[{\"@type\":\"WebPage\",\"@id\":\"https:\/\/rfblegal.co.uk\/fr\/services\/droit-des-personnes\/droit-reglementaire\/\",\"url\":\"https:\/\/rfblegal.co.uk\/fr\/services\/droit-des-personnes\/droit-reglementaire\/\",\"name\":\"Regulatory Law - RFB Legal\",\"isPartOf\":{\"@id\":\"https:\/\/rfblegal.co.uk\/#website\"},\"primaryImageOfPage\":{\"@id\":\"https:\/\/rfblegal.co.uk\/fr\/services\/droit-des-personnes\/droit-reglementaire\/#primaryimage\"},\"image\":{\"@id\":\"https:\/\/rfblegal.co.uk\/fr\/services\/droit-des-personnes\/droit-reglementaire\/#primaryimage\"},\"thumbnailUrl\":\"https:\/\/rfblegal.co.uk\/wp-content\/uploads\/2025\/03\/AdobeStock_1055684817-1.jpg\",\"datePublished\":\"2024-02-21T15:51:21+00:00\",\"dateModified\":\"2025-06-19T13:21:24+00:00\",\"description\":\"Regulatory Offences Regulatory compliance is a primary consideration for a broad range of businesses and professionals and the risks of falling into\",\"breadcrumb\":{\"@id\":\"https:\/\/rfblegal.co.uk\/fr\/services\/droit-des-personnes\/droit-reglementaire\/#breadcrumb\"},\"inLanguage\":\"fr-FR\",\"potentialAction\":[{\"@type\":\"ReadAction\",\"target\":[\"https:\/\/rfblegal.co.uk\/fr\/services\/droit-des-personnes\/droit-reglementaire\/\"]}]},{\"@type\":\"ImageObject\",\"inLanguage\":\"fr-FR\",\"@id\":\"https:\/\/rfblegal.co.uk\/fr\/services\/droit-des-personnes\/droit-reglementaire\/#primaryimage\",\"url\":\"https:\/\/rfblegal.co.uk\/wp-content\/uploads\/2025\/03\/AdobeStock_1055684817-1.jpg\",\"contentUrl\":\"https:\/\/rfblegal.co.uk\/wp-content\/uploads\/2025\/03\/AdobeStock_1055684817-1.jpg\",\"width\":2038,\"height\":1142},{\"@type\":\"BreadcrumbList\",\"@id\":\"https:\/\/rfblegal.co.uk\/fr\/services\/droit-des-personnes\/droit-reglementaire\/#breadcrumb\",\"itemListElement\":[{\"@type\":\"ListItem\",\"position\":1,\"name\":\"Home\",\"item\":\"https:\/\/rfblegal.co.uk\/\"},{\"@type\":\"ListItem\",\"position\":2,\"name\":\"Services\",\"item\":\"https:\/\/rfblegal.co.uk\/services\/\"},{\"@type\":\"ListItem\",\"position\":3,\"name\":\"Personal Law Services\",\"item\":\"https:\/\/rfblegal.co.uk\/services\/personal-law\/\"},{\"@type\":\"ListItem\",\"position\":4,\"name\":\"Regulatory Law\"}]},{\"@type\":\"WebSite\",\"@id\":\"https:\/\/rfblegal.co.uk\/#website\",\"url\":\"https:\/\/rfblegal.co.uk\/\",\"name\":\"RFB Legal\",\"description\":\"\",\"publisher\":{\"@id\":\"https:\/\/rfblegal.co.uk\/#organization\"},\"potentialAction\":[{\"@type\":\"SearchAction\",\"target\":{\"@type\":\"EntryPoint\",\"urlTemplate\":\"https:\/\/rfblegal.co.uk\/?s={search_term_string}\"},\"query-input\":{\"@type\":\"PropertyValueSpecification\",\"valueRequired\":true,\"valueName\":\"search_term_string\"}}],\"inLanguage\":\"fr-FR\"},{\"@type\":\"Organization\",\"@id\":\"https:\/\/rfblegal.co.uk\/#organization\",\"name\":\"RFB Legal\",\"url\":\"https:\/\/rfblegal.co.uk\/\",\"logo\":{\"@type\":\"ImageObject\",\"inLanguage\":\"fr-FR\",\"@id\":\"https:\/\/rfblegal.co.uk\/#\/schema\/logo\/image\/\",\"url\":\"https:\/\/rfblegal.co.uk\/wp-content\/uploads\/2024\/01\/header_company_logo.svg\",\"contentUrl\":\"https:\/\/rfblegal.co.uk\/wp-content\/uploads\/2024\/01\/header_company_logo.svg\",\"caption\":\"RFB Legal\"},\"image\":{\"@id\":\"https:\/\/rfblegal.co.uk\/#\/schema\/logo\/image\/\"},\"sameAs\":[\"https:\/\/www.facebook.com\/RFBLegal\/\",\"https:\/\/www.linkedin.com\/uas\/login?session_redirect=company2012282\",\"https:\/\/www.instagram.com\/rfb_legal\/\"]}]}<\/script>\n<!-- \/ Yoast SEO plugin. -->","yoast_head_json":{"title":"Droit r\u00e9glementaire - RFB Legal","description":"Infractions r\u00e9glementaires La conformit\u00e9 r\u00e9glementaire est une consid\u00e9ration primordiale pour un grand nombre d'entreprises et de professionnels et les risques de tomber dans des infractions r\u00e9glementaires sont importants.","robots":{"index":"index","follow":"follow","max-snippet":"max-snippet:-1","max-image-preview":"max-image-preview:large","max-video-preview":"max-video-preview:-1"},"canonical":"https:\/\/rfblegal.co.uk\/fr\/services\/droit-des-personnes\/droit-reglementaire\/","og_locale":"fr_FR","og_type":"article","og_title":"Regulatory Law - RFB Legal","og_description":"Regulatory Offences Regulatory compliance is a primary consideration for a broad range of businesses and professionals and the risks of falling into","og_url":"https:\/\/rfblegal.co.uk\/fr\/services\/droit-des-personnes\/droit-reglementaire\/","og_site_name":"RFB Legal","article_publisher":"https:\/\/www.facebook.com\/RFBLegal\/","article_modified_time":"2025-06-19T13:21:24+00:00","og_image":[{"width":2038,"height":1142,"url":"https:\/\/rfblegal.co.uk\/wp-content\/uploads\/2025\/03\/AdobeStock_1055684817-1.jpg","type":"image\/jpeg"}],"twitter_card":"summary_large_image","twitter_misc":{"Est. reading time":"2 minutes"},"schema":{"@context":"https:\/\/schema.org","@graph":[{"@type":"WebPage","@id":"https:\/\/rfblegal.co.uk\/fr\/services\/droit-des-personnes\/droit-reglementaire\/","url":"https:\/\/rfblegal.co.uk\/fr\/services\/droit-des-personnes\/droit-reglementaire\/","name":"Droit r\u00e9glementaire - RFB Legal","isPartOf":{"@id":"https:\/\/rfblegal.co.uk\/#website"},"primaryImageOfPage":{"@id":"https:\/\/rfblegal.co.uk\/fr\/services\/droit-des-personnes\/droit-reglementaire\/#primaryimage"},"image":{"@id":"https:\/\/rfblegal.co.uk\/fr\/services\/droit-des-personnes\/droit-reglementaire\/#primaryimage"},"thumbnailUrl":"https:\/\/rfblegal.co.uk\/wp-content\/uploads\/2025\/03\/AdobeStock_1055684817-1.jpg","datePublished":"2024-02-21T15:51:21+00:00","dateModified":"2025-06-19T13:21:24+00:00","description":"Infractions r\u00e9glementaires La conformit\u00e9 r\u00e9glementaire est une consid\u00e9ration primordiale pour un grand nombre d'entreprises et de professionnels et les risques de tomber dans des infractions r\u00e9glementaires sont importants.","breadcrumb":{"@id":"https:\/\/rfblegal.co.uk\/fr\/services\/droit-des-personnes\/droit-reglementaire\/#breadcrumb"},"inLanguage":"fr-FR","potentialAction":[{"@type":"ReadAction","target":["https:\/\/rfblegal.co.uk\/fr\/services\/droit-des-personnes\/droit-reglementaire\/"]}]},{"@type":"ImageObject","inLanguage":"fr-FR","@id":"https:\/\/rfblegal.co.uk\/fr\/services\/droit-des-personnes\/droit-reglementaire\/#primaryimage","url":"https:\/\/rfblegal.co.uk\/wp-content\/uploads\/2025\/03\/AdobeStock_1055684817-1.jpg","contentUrl":"https:\/\/rfblegal.co.uk\/wp-content\/uploads\/2025\/03\/AdobeStock_1055684817-1.jpg","width":2038,"height":1142},{"@type":"BreadcrumbList","@id":"https:\/\/rfblegal.co.uk\/fr\/services\/droit-des-personnes\/droit-reglementaire\/#breadcrumb","itemListElement":[{"@type":"ListItem","position":1,"name":"Home","item":"https:\/\/rfblegal.co.uk\/"},{"@type":"ListItem","position":2,"name":"Services","item":"https:\/\/rfblegal.co.uk\/services\/"},{"@type":"ListItem","position":3,"name":"Personal Law Services","item":"https:\/\/rfblegal.co.uk\/services\/personal-law\/"},{"@type":"ListItem","position":4,"name":"Regulatory Law"}]},{"@type":"WebSite","@id":"https:\/\/rfblegal.co.uk\/#website","url":"https:\/\/rfblegal.co.uk\/","name":"Appel d'offres juridique","description":"","publisher":{"@id":"https:\/\/rfblegal.co.uk\/#organization"},"potentialAction":[{"@type":"SearchAction","target":{"@type":"EntryPoint","urlTemplate":"https:\/\/rfblegal.co.uk\/?s={search_term_string}"},"query-input":{"@type":"PropertyValueSpecification","valueRequired":true,"valueName":"search_term_string"}}],"inLanguage":"fr-FR"},{"@type":"Organization","@id":"https:\/\/rfblegal.co.uk\/#organization","name":"Appel d'offres juridique","url":"https:\/\/rfblegal.co.uk\/","logo":{"@type":"ImageObject","inLanguage":"fr-FR","@id":"https:\/\/rfblegal.co.uk\/#\/schema\/logo\/image\/","url":"https:\/\/rfblegal.co.uk\/wp-content\/uploads\/2024\/01\/header_company_logo.svg","contentUrl":"https:\/\/rfblegal.co.uk\/wp-content\/uploads\/2024\/01\/header_company_logo.svg","caption":"RFB Legal"},"image":{"@id":"https:\/\/rfblegal.co.uk\/#\/schema\/logo\/image\/"},"sameAs":["https:\/\/www.facebook.com\/RFBLegal\/","https:\/\/www.linkedin.com\/uas\/login?session_redirect=company2012282","https:\/\/www.instagram.com\/rfb_legal\/"]}]}},"_links":{"self":[{"href":"https:\/\/rfblegal.co.uk\/fr\/wp-json\/wp\/v2\/pages\/2439","targetHints":{"allow":["GET"]}}],"collection":[{"href":"https:\/\/rfblegal.co.uk\/fr\/wp-json\/wp\/v2\/pages"}],"about":[{"href":"https:\/\/rfblegal.co.uk\/fr\/wp-json\/wp\/v2\/types\/page"}],"author":[{"embeddable":true,"href":"https:\/\/rfblegal.co.uk\/fr\/wp-json\/wp\/v2\/users\/1"}],"replies":[{"embeddable":true,"href":"https:\/\/rfblegal.co.uk\/fr\/wp-json\/wp\/v2\/comments?post=2439"}],"version-history":[{"count":0,"href":"https:\/\/rfblegal.co.uk\/fr\/wp-json\/wp\/v2\/pages\/2439\/revisions"}],"up":[{"embeddable":true,"href":"https:\/\/rfblegal.co.uk\/fr\/wp-json\/wp\/v2\/pages\/357"}],"wp:featuredmedia":[{"embeddable":true,"href":"https:\/\/rfblegal.co.uk\/fr\/wp-json\/wp\/v2\/media\/5850"}],"wp:attachment":[{"href":"https:\/\/rfblegal.co.uk\/fr\/wp-json\/wp\/v2\/media?parent=2439"}],"curies":[{"name":"wp","href":"https:\/\/api.w.org\/{rel}","templated":true}]}}