{"id":2415,"date":"2024-02-21T15:40:39","date_gmt":"2024-02-21T15:40:39","guid":{"rendered":"https:\/\/rfblegal.co.uk\/?page_id=2415"},"modified":"2024-07-19T09:23:18","modified_gmt":"2024-07-19T09:23:18","slug":"plaintes","status":"publish","type":"page","link":"https:\/\/rfblegal.co.uk\/fr\/plaintes\/","title":{"rendered":"Plaintes"},"content":{"rendered":"<h2 class=\"wp-block-heading has-2-xl-font-size\"><strong>Toute pr\u00e9occupation<\/strong><\/h2>\n\n\n\n<p style=\"padding-top:var(--wp--preset--spacing--20);padding-bottom:var(--wp--preset--spacing--20)\">Nous nous engageons \u00e0 fournir un service juridique de haute qualit\u00e9 \u00e0 nos clients et \u00e0 traiter tous nos clients et prospects de mani\u00e8re \u00e9quitable. Cependant, il peut arriver que les choses tournent mal. Si c'est le cas, n'h\u00e9sitez pas \u00e0 nous en faire part.<\/p>\n\n\n\n<h4 class=\"wp-block-heading has-xl-font-size\"><strong>Cette page explique comment nous traitons les pr\u00e9occupations ou les plaintes concernant nos services.<\/strong><\/h4>\n\n\n\n<p style=\"padding-top:var(--wp--preset--spacing--20);padding-bottom:var(--wp--preset--spacing--20)\">Si, en tant que client ou futur client, vous avez une pr\u00e9occupation ou une plainte concernant le service que nous avons fourni, veuillez d'abord contacter votre gestionnaire de dossier ou le superviseur de votre gestionnaire de dossier. Leurs coordonn\u00e9es figurent dans la lettre d'assistance au client que vous avez re\u00e7ue. Ils peuvent \u00eatre en mesure de r\u00e9soudre le probl\u00e8me ou la plainte. Dans le cas contraire, la pr\u00e9occupation ou la plainte sera transmise \u00e0 l'associ\u00e9e responsable de la conformit\u00e9, Rebecca Roberts, ou vous pouvez la contacter directement \u00e0 l'adresse suivante&nbsp;<a href=\"mailto:R.Roberts@rfblegal.co.uk\">R.Roberts@rfblegal.co.uk<\/a>.<\/p>\n\n\n\n<p style=\"padding-top:var(--wp--preset--spacing--20);padding-bottom:var(--wp--preset--spacing--20)\">D\u00e8s r\u00e9ception d'une plainte d'un client ou d'un client potentiel, l'associ\u00e9 responsable de la conformit\u00e9 en accusera r\u00e9ception dans les trois jours ouvrables et vous fournira une copie de notre proc\u00e9dure compl\u00e8te de traitement des plaintes. En g\u00e9n\u00e9ral, dans les 28 jours qui suivent, nous vous \u00e9crirons pour vous dire ce que nous avons fait et ce que nous nous proposons de faire pour r\u00e9soudre votre plainte.<\/p>\n\n\n\n<h4 class=\"wp-block-heading has-xl-font-size\" style=\"padding-top:var(--wp--preset--spacing--20);padding-bottom:var(--wp--preset--spacing--20)\"><strong>Que faire si nous ne parvenons pas \u00e0 r\u00e9soudre votre plainte ?<\/strong><\/h4>\n\n\n\n<p style=\"padding-top:var(--wp--preset--spacing--20);padding-bottom:var(--wp--preset--spacing--20)\">Le m\u00e9diateur juridique peut vous aider si nous ne sommes pas en mesure de r\u00e9soudre votre plainte nous-m\u00eames. Il examinera votre plainte en toute ind\u00e9pendance et cela n'affectera pas la mani\u00e8re dont nous traitons votre dossier.<\/p>\n\n\n\n<p style=\"padding-top:var(--wp--preset--spacing--20);padding-bottom:var(--wp--preset--spacing--20)\">Avant d'accepter une plainte pour enqu\u00eate, le m\u00e9diateur juridique v\u00e9rifiera que vous avez d'abord essay\u00e9 de r\u00e9soudre votre probl\u00e8me avec nous. Si c'est le cas, vous devez soumettre votre plainte au m\u00e9diateur juridique :<\/p>\n\n\n\n<p style=\"padding-top:var(--wp--preset--spacing--20);padding-right:var(--wp--preset--spacing--60);padding-bottom:var(--wp--preset--spacing--20);padding-left:var(--wp--preset--spacing--60)\">-dans les six mois suivant la r\u00e9ception de notre r\u00e9ponse finale \u00e0 votre plainte<\/p>\n\n\n\n<p style=\"padding-top:var(--wp--preset--spacing--20);padding-right:var(--wp--preset--spacing--60);padding-bottom:var(--wp--preset--spacing--20);padding-left:var(--wp--preset--spacing--60)\"><strong><em>et<\/em><\/strong><\/p>\n\n\n\n<p style=\"padding-top:var(--wp--preset--spacing--20);padding-right:var(--wp--preset--spacing--60);padding-bottom:var(--wp--preset--spacing--20);padding-left:var(--wp--preset--spacing--60)\">-pas plus d'un an \u00e0 compter de la date de l'acte ou de l'omission faisant l'objet de la plainte ; ou<\/p>\n\n\n\n<p style=\"padding-top:var(--wp--preset--spacing--20);padding-right:var(--wp--preset--spacing--60);padding-bottom:var(--wp--preset--spacing--20);padding-left:var(--wp--preset--spacing--60)\">-Pas plus d'un an \u00e0 compter de la date \u00e0 laquelle vous auriez d\u00fb raisonnablement savoir qu'il y avait lieu de d\u00e9poser une plainte.<\/p>\n\n\n\n<p class=\"has-2-xl-font-size\" style=\"padding-top:var(--wp--preset--spacing--20);padding-bottom:var(--wp--preset--spacing--20)\"><strong>M\u00e9diateur juridique - Coordonn\u00e9es :<\/strong><\/p>\n\n\n\n<p>Visiter&nbsp;<a href=\"http:\/\/www.legalombudsman.org.uk\/\">www.legalombudsman.org.uk<\/a><\/p>\n\n\n\n<p>Appeler <a href=\"tel:0300 555 0333\">0300 555 0333<\/a> entre 10h et 16h.<\/p>\n\n\n\n<p>Relay UK : 18001 0300 555 0333<\/p>\n\n\n\n<p>Courriel&nbsp;<a href=\"mailto:enquiries@legalombudsman.org.uk\">enquiries@legalombudsman.org.uk<\/a><\/p>\n\n\n\n<p>Legal Ombudsman PO BOX 6167, Slough, SL1 0EH<\/p>\n\n\n\n<h4 class=\"wp-block-heading\" id=\"behaviour\" style=\"padding-top:var(--wp--preset--spacing--20);padding-bottom:var(--wp--preset--spacing--20)\">Que faire si vous n'\u00eates pas satisfait de notre comportement ?<\/h4>\n\n\n\n<p style=\"padding-top:var(--wp--preset--spacing--20);padding-bottom:var(--wp--preset--spacing--20)\">L'autorit\u00e9 de r\u00e9gulation des avocats (Solicitors Regulation Authority) peut vous aider si vous \u00eates pr\u00e9occup\u00e9 par notre comportement. Il peut s'agir de malhonn\u00eatet\u00e9, d'avoir pris ou perdu votre argent ou de vous avoir trait\u00e9 injustement en raison de votre \u00e2ge, d'un handicap ou d'une autre caract\u00e9ristique.<\/p>\n\n\n\n<p style=\"padding-top:var(--wp--preset--spacing--20);padding-bottom:var(--wp--preset--spacing--20)\">Vous pouvez faire part de vos pr\u00e9occupations \u00e0 la&nbsp;<a href=\"https:\/\/www.sra.org.uk\/consumers\/problems\/report-solicitor\/\"><mark style=\"background-color:rgba(0, 0, 0, 0)\" class=\"has-inline-color has-blue-500-color\">Autorit\u00e9 de r\u00e9gulation des avocats (Solicitors Regulation Authority)<\/mark><\/a>&nbsp;sur leur site web.<\/p>\n\n\n\n<p style=\"padding-top:var(--wp--preset--spacing--20);padding-bottom:var(--wp--preset--spacing--20)\"><strong>Pour plus d'informations sur l'ARS, veuillez contacter<\/strong><\/p>\n\n\n\n<p style=\"padding-top:var(--wp--preset--spacing--20);padding-bottom:var(--wp--preset--spacing--20)\">Solicitors Regulation Authority, The Cube, 199 Wharfside Street,<br>Birmingham, B1 1RN ou DX 720293 BIRMINGHAM 47<br>T\u00e9l\u00e9phone : 0370 606 2555<br>Site web :&nbsp;<strong><a href=\"http:\/\/www.sra.org.uk\/\"><em><mark style=\"background-color:rgba(0, 0, 0, 0)\" class=\"has-inline-color has-blue-500-color\">http:\/\/www.sra.org.uk<\/mark><\/em><\/a><\/strong><\/p>","protected":false},"excerpt":{"rendered":"<p>Any Concerns We are committed to providing a high-quality legal service to our clients and to dealing with all our clients and prospective clients fairly. However, sometimes things can go wrong so if something has, please tell us. This page explains how we deal with concerns or complaints about our service If you as a &hellip; <a href=\"https:\/\/rfblegal.co.uk\/fr\/plaintes\/\">Suite<\/a><\/p>","protected":false},"author":5,"featured_media":3413,"parent":0,"menu_order":0,"comment_status":"closed","ping_status":"closed","template":"","meta":{"_acf_changed":false,"om_disable_all_campaigns":false,"_uf_show_specific_survey":0,"_uf_disable_surveys":false,"footnotes":""},"class_list":["post-2415","page","type-page","status-publish","has-post-thumbnail","hentry"],"acf":[],"aioseo_notices":[],"yoast_head":"<!-- This site is optimized with the Yoast SEO plugin v27.2 - https:\/\/yoast.com\/product\/yoast-seo-wordpress\/ -->\n<title>Complaints - RFB Legal<\/title>\n<meta name=\"description\" content=\"Any Concerns We are committed to providing a high-quality legal service to our clients and to dealing with all our clients and prospective clients fairly.\" \/>\n<meta name=\"robots\" content=\"index, follow, max-snippet:-1, max-image-preview:large, max-video-preview:-1\" \/>\n<link rel=\"canonical\" href=\"https:\/\/rfblegal.co.uk\/fr\/plaintes\/\" \/>\n<meta property=\"og:locale\" content=\"fr_FR\" \/>\n<meta property=\"og:type\" content=\"article\" \/>\n<meta property=\"og:title\" content=\"Complaints - RFB Legal\" \/>\n<meta property=\"og:description\" content=\"Any Concerns We are committed to providing a high-quality legal service to our clients and to dealing with all our clients and prospective clients fairly.\" \/>\n<meta property=\"og:url\" content=\"https:\/\/rfblegal.co.uk\/fr\/plaintes\/\" \/>\n<meta property=\"og:site_name\" content=\"RFB Legal\" \/>\n<meta property=\"article:publisher\" content=\"https:\/\/www.facebook.com\/RFBLegal\/\" \/>\n<meta property=\"article:modified_time\" content=\"2024-07-19T09:23:18+00:00\" \/>\n<meta property=\"og:image\" content=\"https:\/\/rfblegal.co.uk\/wp-content\/uploads\/2024\/02\/Screenshot-2024-02-27-at-11.08.45.png\" \/>\n\t<meta property=\"og:image:width\" content=\"1504\" \/>\n\t<meta property=\"og:image:height\" content=\"845\" \/>\n\t<meta property=\"og:image:type\" content=\"image\/png\" \/>\n<meta name=\"twitter:card\" content=\"summary_large_image\" \/>\n<meta name=\"twitter:label1\" content=\"Est. reading time\" \/>\n\t<meta name=\"twitter:data1\" content=\"3 minutes\" \/>\n<script type=\"application\/ld+json\" class=\"yoast-schema-graph\">{\"@context\":\"https:\/\/schema.org\",\"@graph\":[{\"@type\":\"WebPage\",\"@id\":\"https:\/\/rfblegal.co.uk\/complaints\/\",\"url\":\"https:\/\/rfblegal.co.uk\/complaints\/\",\"name\":\"Complaints - RFB Legal\",\"isPartOf\":{\"@id\":\"https:\/\/rfblegal.co.uk\/#website\"},\"primaryImageOfPage\":{\"@id\":\"https:\/\/rfblegal.co.uk\/complaints\/#primaryimage\"},\"image\":{\"@id\":\"https:\/\/rfblegal.co.uk\/complaints\/#primaryimage\"},\"thumbnailUrl\":\"https:\/\/rfblegal.co.uk\/wp-content\/uploads\/2024\/02\/Screenshot-2024-02-27-at-11.08.45.png\",\"datePublished\":\"2024-02-21T15:40:39+00:00\",\"dateModified\":\"2024-07-19T09:23:18+00:00\",\"description\":\"Any Concerns We are committed to providing a high-quality legal service to our clients and to dealing with all our clients and prospective clients fairly.\",\"breadcrumb\":{\"@id\":\"https:\/\/rfblegal.co.uk\/complaints\/#breadcrumb\"},\"inLanguage\":\"fr-FR\",\"potentialAction\":[{\"@type\":\"ReadAction\",\"target\":[\"https:\/\/rfblegal.co.uk\/complaints\/\"]}]},{\"@type\":\"ImageObject\",\"inLanguage\":\"fr-FR\",\"@id\":\"https:\/\/rfblegal.co.uk\/complaints\/#primaryimage\",\"url\":\"https:\/\/rfblegal.co.uk\/wp-content\/uploads\/2024\/02\/Screenshot-2024-02-27-at-11.08.45.png\",\"contentUrl\":\"https:\/\/rfblegal.co.uk\/wp-content\/uploads\/2024\/02\/Screenshot-2024-02-27-at-11.08.45.png\",\"width\":1504,\"height\":845},{\"@type\":\"BreadcrumbList\",\"@id\":\"https:\/\/rfblegal.co.uk\/complaints\/#breadcrumb\",\"itemListElement\":[{\"@type\":\"ListItem\",\"position\":1,\"name\":\"Home\",\"item\":\"https:\/\/rfblegal.co.uk\/\"},{\"@type\":\"ListItem\",\"position\":2,\"name\":\"Complaints\"}]},{\"@type\":\"WebSite\",\"@id\":\"https:\/\/rfblegal.co.uk\/#website\",\"url\":\"https:\/\/rfblegal.co.uk\/\",\"name\":\"RFB Legal\",\"description\":\"\",\"publisher\":{\"@id\":\"https:\/\/rfblegal.co.uk\/#organization\"},\"potentialAction\":[{\"@type\":\"SearchAction\",\"target\":{\"@type\":\"EntryPoint\",\"urlTemplate\":\"https:\/\/rfblegal.co.uk\/?s={search_term_string}\"},\"query-input\":{\"@type\":\"PropertyValueSpecification\",\"valueRequired\":true,\"valueName\":\"search_term_string\"}}],\"inLanguage\":\"fr-FR\"},{\"@type\":\"Organization\",\"@id\":\"https:\/\/rfblegal.co.uk\/#organization\",\"name\":\"RFB Legal\",\"url\":\"https:\/\/rfblegal.co.uk\/\",\"logo\":{\"@type\":\"ImageObject\",\"inLanguage\":\"fr-FR\",\"@id\":\"https:\/\/rfblegal.co.uk\/#\/schema\/logo\/image\/\",\"url\":\"https:\/\/rfblegal.co.uk\/wp-content\/uploads\/2024\/01\/header_company_logo.svg\",\"contentUrl\":\"https:\/\/rfblegal.co.uk\/wp-content\/uploads\/2024\/01\/header_company_logo.svg\",\"caption\":\"RFB Legal\"},\"image\":{\"@id\":\"https:\/\/rfblegal.co.uk\/#\/schema\/logo\/image\/\"},\"sameAs\":[\"https:\/\/www.facebook.com\/RFBLegal\/\",\"https:\/\/www.linkedin.com\/uas\/login?session_redirect=company2012282\",\"https:\/\/www.instagram.com\/rfb_legal\/\"]}]}<\/script>\n<!-- \/ Yoast SEO plugin. -->","yoast_head_json":{"title":"Plaintes - RFB Legal","description":"Toute pr\u00e9occupation Nous nous engageons \u00e0 fournir un service juridique de haute qualit\u00e9 \u00e0 nos clients et \u00e0 traiter tous nos clients et prospects de mani\u00e8re \u00e9quitable.","robots":{"index":"index","follow":"follow","max-snippet":"max-snippet:-1","max-image-preview":"max-image-preview:large","max-video-preview":"max-video-preview:-1"},"canonical":"https:\/\/rfblegal.co.uk\/fr\/plaintes\/","og_locale":"fr_FR","og_type":"article","og_title":"Complaints - RFB Legal","og_description":"Any Concerns We are committed to providing a high-quality legal service to our clients and to dealing with all our clients and prospective clients fairly.","og_url":"https:\/\/rfblegal.co.uk\/fr\/plaintes\/","og_site_name":"RFB Legal","article_publisher":"https:\/\/www.facebook.com\/RFBLegal\/","article_modified_time":"2024-07-19T09:23:18+00:00","og_image":[{"width":1504,"height":845,"url":"https:\/\/rfblegal.co.uk\/wp-content\/uploads\/2024\/02\/Screenshot-2024-02-27-at-11.08.45.png","type":"image\/png"}],"twitter_card":"summary_large_image","twitter_misc":{"Est. reading time":"3 minutes"},"schema":{"@context":"https:\/\/schema.org","@graph":[{"@type":"WebPage","@id":"https:\/\/rfblegal.co.uk\/complaints\/","url":"https:\/\/rfblegal.co.uk\/complaints\/","name":"Plaintes - RFB Legal","isPartOf":{"@id":"https:\/\/rfblegal.co.uk\/#website"},"primaryImageOfPage":{"@id":"https:\/\/rfblegal.co.uk\/complaints\/#primaryimage"},"image":{"@id":"https:\/\/rfblegal.co.uk\/complaints\/#primaryimage"},"thumbnailUrl":"https:\/\/rfblegal.co.uk\/wp-content\/uploads\/2024\/02\/Screenshot-2024-02-27-at-11.08.45.png","datePublished":"2024-02-21T15:40:39+00:00","dateModified":"2024-07-19T09:23:18+00:00","description":"Toute pr\u00e9occupation Nous nous engageons \u00e0 fournir un service juridique de haute qualit\u00e9 \u00e0 nos clients et \u00e0 traiter tous nos clients et prospects de mani\u00e8re \u00e9quitable.","breadcrumb":{"@id":"https:\/\/rfblegal.co.uk\/complaints\/#breadcrumb"},"inLanguage":"fr-FR","potentialAction":[{"@type":"ReadAction","target":["https:\/\/rfblegal.co.uk\/complaints\/"]}]},{"@type":"ImageObject","inLanguage":"fr-FR","@id":"https:\/\/rfblegal.co.uk\/complaints\/#primaryimage","url":"https:\/\/rfblegal.co.uk\/wp-content\/uploads\/2024\/02\/Screenshot-2024-02-27-at-11.08.45.png","contentUrl":"https:\/\/rfblegal.co.uk\/wp-content\/uploads\/2024\/02\/Screenshot-2024-02-27-at-11.08.45.png","width":1504,"height":845},{"@type":"BreadcrumbList","@id":"https:\/\/rfblegal.co.uk\/complaints\/#breadcrumb","itemListElement":[{"@type":"ListItem","position":1,"name":"Home","item":"https:\/\/rfblegal.co.uk\/"},{"@type":"ListItem","position":2,"name":"Complaints"}]},{"@type":"WebSite","@id":"https:\/\/rfblegal.co.uk\/#website","url":"https:\/\/rfblegal.co.uk\/","name":"Appel d'offres juridique","description":"","publisher":{"@id":"https:\/\/rfblegal.co.uk\/#organization"},"potentialAction":[{"@type":"SearchAction","target":{"@type":"EntryPoint","urlTemplate":"https:\/\/rfblegal.co.uk\/?s={search_term_string}"},"query-input":{"@type":"PropertyValueSpecification","valueRequired":true,"valueName":"search_term_string"}}],"inLanguage":"fr-FR"},{"@type":"Organization","@id":"https:\/\/rfblegal.co.uk\/#organization","name":"Appel d'offres juridique","url":"https:\/\/rfblegal.co.uk\/","logo":{"@type":"ImageObject","inLanguage":"fr-FR","@id":"https:\/\/rfblegal.co.uk\/#\/schema\/logo\/image\/","url":"https:\/\/rfblegal.co.uk\/wp-content\/uploads\/2024\/01\/header_company_logo.svg","contentUrl":"https:\/\/rfblegal.co.uk\/wp-content\/uploads\/2024\/01\/header_company_logo.svg","caption":"RFB Legal"},"image":{"@id":"https:\/\/rfblegal.co.uk\/#\/schema\/logo\/image\/"},"sameAs":["https:\/\/www.facebook.com\/RFBLegal\/","https:\/\/www.linkedin.com\/uas\/login?session_redirect=company2012282","https:\/\/www.instagram.com\/rfb_legal\/"]}]}},"_links":{"self":[{"href":"https:\/\/rfblegal.co.uk\/fr\/wp-json\/wp\/v2\/pages\/2415","targetHints":{"allow":["GET"]}}],"collection":[{"href":"https:\/\/rfblegal.co.uk\/fr\/wp-json\/wp\/v2\/pages"}],"about":[{"href":"https:\/\/rfblegal.co.uk\/fr\/wp-json\/wp\/v2\/types\/page"}],"author":[{"embeddable":true,"href":"https:\/\/rfblegal.co.uk\/fr\/wp-json\/wp\/v2\/users\/5"}],"replies":[{"embeddable":true,"href":"https:\/\/rfblegal.co.uk\/fr\/wp-json\/wp\/v2\/comments?post=2415"}],"version-history":[{"count":0,"href":"https:\/\/rfblegal.co.uk\/fr\/wp-json\/wp\/v2\/pages\/2415\/revisions"}],"wp:featuredmedia":[{"embeddable":true,"href":"https:\/\/rfblegal.co.uk\/fr\/wp-json\/wp\/v2\/media\/3413"}],"wp:attachment":[{"href":"https:\/\/rfblegal.co.uk\/fr\/wp-json\/wp\/v2\/media?parent=2415"}],"curies":[{"name":"wp","href":"https:\/\/api.w.org\/{rel}","templated":true}]}}