{"id":2399,"date":"2024-02-21T15:27:19","date_gmt":"2024-02-21T15:27:19","guid":{"rendered":"https:\/\/rfblegal.co.uk\/?page_id=2399"},"modified":"2026-03-26T10:53:38","modified_gmt":"2026-03-26T10:53:38","slug":"prets-obligations-et-capitaux-propres","status":"publish","type":"page","link":"https:\/\/rfblegal.co.uk\/fr\/services\/droit-des-personnes\/dentreprise\/prets-obligations-et-capitaux-propres\/","title":{"rendered":"Pr\u00eats et fonds propres"},"content":{"rendered":"<h2 class=\"wp-block-heading\"><strong>Une introduction et une vue d'ensemble de la collecte de fonds propres, des emprunts et des pr\u00eats<\/strong><\/h2>\n\n\n\n<p>Nous savons que le financement de votre entreprise peut \u00eatre crucial \u00e0 diff\u00e9rents stades, qu'il s'agisse d'un d\u00e9marrage, d'une croissance, d'une acquisition, d'une croissance mature ou d'un refinancement.<\/p>\n\n\n\n<p>Gr\u00e2ce \u00e0 notre vaste expertise, nos juristes d'entreprise et nos avocats peuvent anticiper les exigences et les pr\u00e9occupations des pr\u00eateurs ou des investisseurs et vous guider en cons\u00e9quence tout au long du processus, en veillant \u00e0 ce que les transactions ne d\u00e9raillent pas et ne soient pas ind\u00fbment prolong\u00e9es.<\/p>\n\n\n\n<h2 class=\"wp-block-heading\"><strong>Comment nos avocats peuvent-ils vous aider en mati\u00e8re de collecte de fonds propres, d'emprunts et de pr\u00eats ?<\/strong><\/h2>\n\n\n\n<h3 class=\"wp-block-heading\"><strong>Principaux services offerts<\/strong><\/h3>\n\n\n\n<p><strong>Nous pouvons aider les investisseurs et les entreprises \u00e0 tous les stades, qu'ils cherchent \u00e0 mettre en place des sources de financement traditionnelles ou plus innovantes :<\/strong><\/p>\n\n\n\n<ul class=\"wp-block-list\">\n<li>les pr\u00eats institutionnels (y compris les emprunts bancaires)<\/li>\n\n\n\n<li>financement par un investisseur providentiel<\/li>\n\n\n\n<li>financement par les amis et la famille<\/li>\n\n\n\n<li>le crowdfunding et les autres m\u00e9canismes d'investissement alternatifs<\/li>\n<\/ul>\n\n\n\n<h2 class=\"wp-block-heading\"><strong>Pourquoi choisir RFB Legal pour la collecte de fonds propres, les emprunts et les pr\u00eats ?<\/strong><\/h2>\n\n\n\n<h3 class=\"wp-block-heading\"><strong>\u00c0 propos de notre \u00e9quipe de droit des soci\u00e9t\u00e9s et de droit commercial<\/strong><\/h3>\n\n\n\n<p><strong>Outre des conseils sur des questions juridiques techniques (y compris la s\u00e9curit\u00e9), nous pouvons contribuer \u00e0 rationaliser le processus en fournissant une assistance plus large sur d'autres aspects, notamment :<\/strong><\/p>\n\n\n\n<ul class=\"wp-block-list\">\n<li>la structuration pour tirer le meilleur parti des all\u00e8gements et exon\u00e9rations disponibles<\/li>\n\n\n\n<li><a href=\"https:\/\/rfblegal.co.uk\/fr\/services\/droit-des-personnes\/droit-reglementaire\/\">r\u00e9glementaire<\/a> questions<\/li>\n\n\n\n<li>litiges commerciaux<\/li>\n<\/ul>\n\n\n\n<h2 class=\"wp-block-heading\"><strong>Expertise du client<\/strong><\/h2>\n\n\n\n<p><strong>Notre exp\u00e9rience r\u00e9cente comprend<\/strong><\/p>\n\n\n\n<h3 class=\"wp-block-heading\"><strong>Start-up technologique en phase de d\u00e9marrage<\/strong><\/h3>\n\n\n\n<p>Nous avons agi pour le compte d'une start-up d\u00e9veloppant une solution de technologie de la sant\u00e9 perturbatrice et transformatrice du march\u00e9, utilisant une technologie et des sciences de pointe avec les conseils de professionnels de la sant\u00e9, de consultants et l'apport d'informations provenant d'utilisateurs personnels sur leurs avantages mesurables en termes de psychologie et de sant\u00e9. L'entreprise a re\u00e7u 1 million de livres sterling de la part d'une s\u00e9rie d'investisseurs providentiels individuels. Le montant investi \u00e9tait important pour une start-up technologique et repr\u00e9sentait un d\u00e9fi int\u00e9ressant compte tenu du nombre de parties impliqu\u00e9es, de l'investissement initial d'une famille personnelle et du fait qu'un fondateur de l'entreprise exigeait d\u00e9sormais un enregistrement de son investissement en droit britannique et en droit portugais alors que l'entreprise op\u00e9rait au Royaume-Uni.<br><\/p>\n\n\n\n<h3 class=\"wp-block-heading\"><strong>Emprunts des entreprises<\/strong><\/h3>\n\n\n\n<p>Nous avons une grande exp\u00e9rience des transactions de pr\u00eat plus traditionnelles, pour les pr\u00eateurs et les emprunteurs. Nous avons une exp\u00e9rience particuli\u00e8re dans le secteur du financement immobilier, \u00e0 la fois en termes d'accords de pr\u00eat pour les soci\u00e9t\u00e9s d'investissement et de d\u00e9veloppement immobilier, d'emprunts pour financer des acquisitions, telles que des h\u00f4tels et des salles de mariage, mais aussi dans d'autres contextes connexes tels que <a href=\"https:\/\/rfblegal.co.uk\/fr\/services\/droit-des-affaires\/services-immobiliers-commerciaux\/developpement-de-limmobilier-commercial\/\">d\u00e9veloppement immobilier<\/a> et les coentreprises immobili\u00e8res. La flexibilit\u00e9 de nos avocats nous permet de conseiller sur des arrangements allant de facilit\u00e9s relativement modestes \u00e0 des pr\u00eats de plus de 100 millions de livres sterling.<\/p>\n\n\n\n<p><\/p>","protected":false},"excerpt":{"rendered":"<p>Introduction et vue d'ensemble de la collecte de fonds propres, des emprunts et des pr\u00eats Nous savons que le financement de votre entreprise peut \u00eatre crucial \u00e0 diff\u00e9rents stades, qu'il s'agisse de la cr\u00e9ation d'une entreprise, d'une entreprise en croissance, d'une acquisition, d'une croissance mature ou d'un refinancement. Gr\u00e2ce \u00e0 notre vaste expertise, nos juristes d'entreprise et nos avocats peuvent anticiper les exigences et les pr\u00e9occupations des pr\u00eateurs ou des investisseurs ... <a href=\"https:\/\/rfblegal.co.uk\/fr\/services\/droit-des-personnes\/dentreprise\/prets-obligations-et-capitaux-propres\/\">Suite<\/a><\/p>","protected":false},"author":1,"featured_media":0,"parent":2385,"menu_order":0,"comment_status":"closed","ping_status":"closed","template":"tier3-template.blade.php","meta":{"_acf_changed":false,"om_disable_all_campaigns":false,"_uf_show_specific_survey":0,"_uf_disable_surveys":false,"footnotes":""},"class_list":["post-2399","page","type-page","status-publish","hentry"],"acf":[],"aioseo_notices":[],"yoast_head":"<!-- This site is optimized with the Yoast SEO plugin v27.2 - https:\/\/yoast.com\/product\/yoast-seo-wordpress\/ -->\n<title>Loans and Equity - RFB Legal<\/title>\n<meta name=\"description\" content=\"An introduction and overview to equity fundraising, borrowing and lending We know that financing for your business can be crucial at a number of stages,\" \/>\n<meta name=\"robots\" content=\"index, follow, max-snippet:-1, max-image-preview:large, max-video-preview:-1\" \/>\n<link rel=\"canonical\" href=\"https:\/\/rfblegal.co.uk\/fr\/services\/droit-des-personnes\/dentreprise\/prets-obligations-et-capitaux-propres\/\" \/>\n<meta property=\"og:locale\" content=\"fr_FR\" \/>\n<meta property=\"og:type\" content=\"article\" \/>\n<meta property=\"og:title\" content=\"Loans and Equity - RFB Legal\" \/>\n<meta property=\"og:description\" content=\"An introduction and overview to equity fundraising, borrowing and lending We know that financing for your business can be crucial at a number of stages,\" \/>\n<meta property=\"og:url\" content=\"https:\/\/rfblegal.co.uk\/fr\/services\/droit-des-personnes\/dentreprise\/prets-obligations-et-capitaux-propres\/\" \/>\n<meta property=\"og:site_name\" content=\"RFB Legal\" \/>\n<meta property=\"article:publisher\" content=\"https:\/\/www.facebook.com\/RFBLegal\/\" \/>\n<meta property=\"article:modified_time\" content=\"2026-03-26T10:53:38+00:00\" \/>\n<meta name=\"twitter:card\" content=\"summary_large_image\" \/>\n<meta name=\"twitter:label1\" content=\"Est. reading time\" \/>\n\t<meta name=\"twitter:data1\" content=\"2 minutes\" \/>\n<script type=\"application\/ld+json\" class=\"yoast-schema-graph\">{\"@context\":\"https:\/\/schema.org\",\"@graph\":[{\"@type\":\"WebPage\",\"@id\":\"https:\/\/rfblegal.co.uk\/services\/personal-law\/corporate\/loans-bonds-and-equity\/\",\"url\":\"https:\/\/rfblegal.co.uk\/services\/personal-law\/corporate\/loans-bonds-and-equity\/\",\"name\":\"Loans and Equity - RFB Legal\",\"isPartOf\":{\"@id\":\"https:\/\/rfblegal.co.uk\/#website\"},\"datePublished\":\"2024-02-21T15:27:19+00:00\",\"dateModified\":\"2026-03-26T10:53:38+00:00\",\"description\":\"An introduction and overview to equity fundraising, borrowing and lending We know that financing for your business can be crucial at a number of stages,\",\"breadcrumb\":{\"@id\":\"https:\/\/rfblegal.co.uk\/services\/personal-law\/corporate\/loans-bonds-and-equity\/#breadcrumb\"},\"inLanguage\":\"fr-FR\",\"potentialAction\":[{\"@type\":\"ReadAction\",\"target\":[\"https:\/\/rfblegal.co.uk\/services\/personal-law\/corporate\/loans-bonds-and-equity\/\"]}]},{\"@type\":\"BreadcrumbList\",\"@id\":\"https:\/\/rfblegal.co.uk\/services\/personal-law\/corporate\/loans-bonds-and-equity\/#breadcrumb\",\"itemListElement\":[{\"@type\":\"ListItem\",\"position\":1,\"name\":\"Home\",\"item\":\"https:\/\/rfblegal.co.uk\/\"},{\"@type\":\"ListItem\",\"position\":2,\"name\":\"Services\",\"item\":\"https:\/\/rfblegal.co.uk\/services\/\"},{\"@type\":\"ListItem\",\"position\":3,\"name\":\"Personal Law Services\",\"item\":\"https:\/\/rfblegal.co.uk\/services\/personal-law\/\"},{\"@type\":\"ListItem\",\"position\":4,\"name\":\"Corporate\",\"item\":\"https:\/\/rfblegal.co.uk\/services\/personal-law\/corporate\/\"},{\"@type\":\"ListItem\",\"position\":5,\"name\":\"Loans and Equity\"}]},{\"@type\":\"WebSite\",\"@id\":\"https:\/\/rfblegal.co.uk\/#website\",\"url\":\"https:\/\/rfblegal.co.uk\/\",\"name\":\"RFB Legal\",\"description\":\"\",\"publisher\":{\"@id\":\"https:\/\/rfblegal.co.uk\/#organization\"},\"potentialAction\":[{\"@type\":\"SearchAction\",\"target\":{\"@type\":\"EntryPoint\",\"urlTemplate\":\"https:\/\/rfblegal.co.uk\/?s={search_term_string}\"},\"query-input\":{\"@type\":\"PropertyValueSpecification\",\"valueRequired\":true,\"valueName\":\"search_term_string\"}}],\"inLanguage\":\"fr-FR\"},{\"@type\":\"Organization\",\"@id\":\"https:\/\/rfblegal.co.uk\/#organization\",\"name\":\"RFB Legal\",\"url\":\"https:\/\/rfblegal.co.uk\/\",\"logo\":{\"@type\":\"ImageObject\",\"inLanguage\":\"fr-FR\",\"@id\":\"https:\/\/rfblegal.co.uk\/#\/schema\/logo\/image\/\",\"url\":\"https:\/\/rfblegal.co.uk\/wp-content\/uploads\/2024\/01\/header_company_logo.svg\",\"contentUrl\":\"https:\/\/rfblegal.co.uk\/wp-content\/uploads\/2024\/01\/header_company_logo.svg\",\"caption\":\"RFB Legal\"},\"image\":{\"@id\":\"https:\/\/rfblegal.co.uk\/#\/schema\/logo\/image\/\"},\"sameAs\":[\"https:\/\/www.facebook.com\/RFBLegal\/\",\"https:\/\/www.linkedin.com\/uas\/login?session_redirect=company2012282\",\"https:\/\/www.instagram.com\/rfb_legal\/\"]}]}<\/script>\n<!-- \/ Yoast SEO plugin. -->","yoast_head_json":{"title":"Pr\u00eats et capitaux propres - RFB Legal","description":"Introduction et vue d'ensemble de la collecte de fonds propres, des emprunts et des pr\u00eats Nous savons que le financement de votre entreprise peut \u00eatre crucial \u00e0 diff\u00e9rents stades,","robots":{"index":"index","follow":"follow","max-snippet":"max-snippet:-1","max-image-preview":"max-image-preview:large","max-video-preview":"max-video-preview:-1"},"canonical":"https:\/\/rfblegal.co.uk\/fr\/services\/droit-des-personnes\/dentreprise\/prets-obligations-et-capitaux-propres\/","og_locale":"fr_FR","og_type":"article","og_title":"Loans and Equity - RFB Legal","og_description":"An introduction and overview to equity fundraising, borrowing and lending We know that financing for your business can be crucial at a number of stages,","og_url":"https:\/\/rfblegal.co.uk\/fr\/services\/droit-des-personnes\/dentreprise\/prets-obligations-et-capitaux-propres\/","og_site_name":"RFB Legal","article_publisher":"https:\/\/www.facebook.com\/RFBLegal\/","article_modified_time":"2026-03-26T10:53:38+00:00","twitter_card":"summary_large_image","twitter_misc":{"Est. reading time":"2 minutes"},"schema":{"@context":"https:\/\/schema.org","@graph":[{"@type":"WebPage","@id":"https:\/\/rfblegal.co.uk\/services\/personal-law\/corporate\/loans-bonds-and-equity\/","url":"https:\/\/rfblegal.co.uk\/services\/personal-law\/corporate\/loans-bonds-and-equity\/","name":"Pr\u00eats et capitaux propres - RFB Legal","isPartOf":{"@id":"https:\/\/rfblegal.co.uk\/#website"},"datePublished":"2024-02-21T15:27:19+00:00","dateModified":"2026-03-26T10:53:38+00:00","description":"Introduction et vue d'ensemble de la collecte de fonds propres, des emprunts et des pr\u00eats Nous savons que le financement de votre entreprise peut \u00eatre crucial \u00e0 diff\u00e9rents stades,","breadcrumb":{"@id":"https:\/\/rfblegal.co.uk\/services\/personal-law\/corporate\/loans-bonds-and-equity\/#breadcrumb"},"inLanguage":"fr-FR","potentialAction":[{"@type":"ReadAction","target":["https:\/\/rfblegal.co.uk\/services\/personal-law\/corporate\/loans-bonds-and-equity\/"]}]},{"@type":"BreadcrumbList","@id":"https:\/\/rfblegal.co.uk\/services\/personal-law\/corporate\/loans-bonds-and-equity\/#breadcrumb","itemListElement":[{"@type":"ListItem","position":1,"name":"Home","item":"https:\/\/rfblegal.co.uk\/"},{"@type":"ListItem","position":2,"name":"Services","item":"https:\/\/rfblegal.co.uk\/services\/"},{"@type":"ListItem","position":3,"name":"Personal Law Services","item":"https:\/\/rfblegal.co.uk\/services\/personal-law\/"},{"@type":"ListItem","position":4,"name":"Corporate","item":"https:\/\/rfblegal.co.uk\/services\/personal-law\/corporate\/"},{"@type":"ListItem","position":5,"name":"Loans and Equity"}]},{"@type":"WebSite","@id":"https:\/\/rfblegal.co.uk\/#website","url":"https:\/\/rfblegal.co.uk\/","name":"Appel d'offres juridique","description":"","publisher":{"@id":"https:\/\/rfblegal.co.uk\/#organization"},"potentialAction":[{"@type":"SearchAction","target":{"@type":"EntryPoint","urlTemplate":"https:\/\/rfblegal.co.uk\/?s={search_term_string}"},"query-input":{"@type":"PropertyValueSpecification","valueRequired":true,"valueName":"search_term_string"}}],"inLanguage":"fr-FR"},{"@type":"Organization","@id":"https:\/\/rfblegal.co.uk\/#organization","name":"Appel d'offres juridique","url":"https:\/\/rfblegal.co.uk\/","logo":{"@type":"ImageObject","inLanguage":"fr-FR","@id":"https:\/\/rfblegal.co.uk\/#\/schema\/logo\/image\/","url":"https:\/\/rfblegal.co.uk\/wp-content\/uploads\/2024\/01\/header_company_logo.svg","contentUrl":"https:\/\/rfblegal.co.uk\/wp-content\/uploads\/2024\/01\/header_company_logo.svg","caption":"RFB Legal"},"image":{"@id":"https:\/\/rfblegal.co.uk\/#\/schema\/logo\/image\/"},"sameAs":["https:\/\/www.facebook.com\/RFBLegal\/","https:\/\/www.linkedin.com\/uas\/login?session_redirect=company2012282","https:\/\/www.instagram.com\/rfb_legal\/"]}]}},"_links":{"self":[{"href":"https:\/\/rfblegal.co.uk\/fr\/wp-json\/wp\/v2\/pages\/2399","targetHints":{"allow":["GET"]}}],"collection":[{"href":"https:\/\/rfblegal.co.uk\/fr\/wp-json\/wp\/v2\/pages"}],"about":[{"href":"https:\/\/rfblegal.co.uk\/fr\/wp-json\/wp\/v2\/types\/page"}],"author":[{"embeddable":true,"href":"https:\/\/rfblegal.co.uk\/fr\/wp-json\/wp\/v2\/users\/1"}],"replies":[{"embeddable":true,"href":"https:\/\/rfblegal.co.uk\/fr\/wp-json\/wp\/v2\/comments?post=2399"}],"version-history":[{"count":1,"href":"https:\/\/rfblegal.co.uk\/fr\/wp-json\/wp\/v2\/pages\/2399\/revisions"}],"predecessor-version":[{"id":9078,"href":"https:\/\/rfblegal.co.uk\/fr\/wp-json\/wp\/v2\/pages\/2399\/revisions\/9078"}],"up":[{"embeddable":true,"href":"https:\/\/rfblegal.co.uk\/fr\/wp-json\/wp\/v2\/pages\/2385"}],"wp:attachment":[{"href":"https:\/\/rfblegal.co.uk\/fr\/wp-json\/wp\/v2\/media?parent=2399"}],"curies":[{"name":"wp","href":"https:\/\/api.w.org\/{rel}","templated":true}]}}