{"id":2359,"date":"2024-02-21T15:01:29","date_gmt":"2024-02-21T15:01:29","guid":{"rendered":"https:\/\/rfblegal.co.uk\/?page_id=2359"},"modified":"2024-02-23T08:37:06","modified_gmt":"2024-02-23T08:37:06","slug":"accords-prenuptiaux-et-postnuptiaux-et-protection-du-patrimoine","status":"publish","type":"page","link":"https:\/\/rfblegal.co.uk\/fr\/services\/droit-des-personnes\/divorce-famille\/accords-prenuptiaux-et-postnuptiaux-et-protection-du-patrimoine\/","title":{"rendered":"Accords pr\u00e9nuptiaux et postnuptiaux et protection du patrimoine"},"content":{"rendered":"<h2 class=\"wp-block-heading has-2-xl-font-size\" style=\"padding-top:var(--wp--preset--spacing--20);padding-bottom:var(--wp--preset--spacing--20);font-style:normal;font-weight:600\">Accords pr\u00e9nuptiaux et postnuptiaux<\/h2>\n\n\n\n<h4 class=\"wp-block-heading has-lg-font-size\" style=\"padding-top:var(--wp--preset--spacing--20);padding-bottom:var(--wp--preset--spacing--20);font-style:normal;font-weight:500\"><strong>Les contrats de mariage sont des accords qui visent \u00e0 r\u00e9glementer la r\u00e9partition des biens lors de la rupture d'un mariage ou d'un partenariat civil. Ils peuvent \u00eatre conclus avant ou apr\u00e8s le mariage ou le partenariat civil.<\/strong><\/h4>\n\n\n\n<p style=\"padding-top:var(--wp--preset--spacing--20);padding-bottom:var(--wp--preset--spacing--20)\">Bien que les contrats de mariage gagnent en importance et en poids aupr\u00e8s des tribunaux, ils ne sont pas contraignants en Angleterre et au Pays de Galles et le tribunal conserve son pouvoir discr\u00e9tionnaire de diviser les biens des parties conform\u00e9ment \u00e0 ce qui est \u2018juste\u2019. Toutefois, lorsqu'un accord a \u00e9t\u00e9 convenablement pr\u00e9par\u00e9 et que les deux parties ont re\u00e7u des conseils juridiques sur les termes de l'accord, cela peut constituer un facteur pr\u00e9pond\u00e9rant que le tribunal doit prendre en consid\u00e9ration lorsqu'il d\u00e9cide de ce qui est \u2019juste\u2018 lors de la division des biens d'un mariage \u00e0 la fin de celui-ci.<\/p>\n\n\n\n<p style=\"padding-top:var(--wp--preset--spacing--20);padding-bottom:var(--wp--preset--spacing--20)\">Si vous envisagez de vous marier et souhaitez conclure un contrat de mariage, notre \u00e9quipe charg\u00e9e des questions familiales peut vous aider en vous conseillant et en pr\u00e9parant un contrat qui non seulement respecte les exigences des tribunaux en mati\u00e8re de contrats de mariage, mais qui vous offre \u00e9galement la s\u00e9curit\u00e9, dans la mesure o\u00f9 la loi le permet, de r\u00e9pondre \u00e0 vos attentes et \u00e0 vos souhaits en mati\u00e8re de r\u00e9partition des finances en cas de rupture du mariage ou du partenariat civil.<\/p>","protected":false},"excerpt":{"rendered":"<p>Accords pr\u00e9nuptiaux et postnuptiaux Les accords pr\u00e9nuptiaux sont des accords qui visent \u00e0 r\u00e9glementer la r\u00e9partition des biens lors de la rupture d'un mariage ou d'un partenariat civil. Ils peuvent \u00eatre conclus avant ou apr\u00e8s le mariage ou le partenariat civil. Bien que les contrats de mariage gagnent en importance et en \u2018poids\u2019 dans les tribunaux, ils ne sont pas ... <a href=\"https:\/\/rfblegal.co.uk\/fr\/services\/droit-des-personnes\/divorce-famille\/accords-prenuptiaux-et-postnuptiaux-et-protection-du-patrimoine\/\">Suite<\/a><\/p>","protected":false},"author":1,"featured_media":2931,"parent":2344,"menu_order":0,"comment_status":"closed","ping_status":"closed","template":"tier3-template.blade.php","meta":{"_acf_changed":false,"om_disable_all_campaigns":false,"_uf_show_specific_survey":0,"_uf_disable_surveys":false,"footnotes":""},"class_list":["post-2359","page","type-page","status-publish","has-post-thumbnail","hentry"],"acf":[],"aioseo_notices":[],"yoast_head":"<!-- This site is optimized with the Yoast SEO plugin v27.2 - https:\/\/yoast.com\/product\/yoast-seo-wordpress\/ -->\n<title>Pre-nuptial and Post-nuptial Agreements and Wealth Protection - RFB Legal<\/title>\n<meta name=\"description\" content=\"Pre-Nuptial and Post-Nuptial Agreements Nuptial agreements are agreements which seek to regulate the distribution of assets upon the breakdown of a\" \/>\n<meta name=\"robots\" content=\"index, follow, max-snippet:-1, max-image-preview:large, max-video-preview:-1\" \/>\n<link rel=\"canonical\" href=\"https:\/\/rfblegal.co.uk\/fr\/services\/droit-des-personnes\/divorce-famille\/accords-prenuptiaux-et-postnuptiaux-et-protection-du-patrimoine\/\" \/>\n<meta property=\"og:locale\" content=\"fr_FR\" \/>\n<meta property=\"og:type\" content=\"article\" \/>\n<meta property=\"og:title\" content=\"Pre-nuptial and Post-nuptial Agreements and Wealth Protection - RFB Legal\" \/>\n<meta property=\"og:description\" content=\"Pre-Nuptial and Post-Nuptial Agreements Nuptial agreements are agreements which seek to regulate the distribution of assets upon the breakdown of a\" \/>\n<meta property=\"og:url\" content=\"https:\/\/rfblegal.co.uk\/fr\/services\/droit-des-personnes\/divorce-famille\/accords-prenuptiaux-et-postnuptiaux-et-protection-du-patrimoine\/\" \/>\n<meta property=\"og:site_name\" content=\"RFB Legal\" \/>\n<meta property=\"article:publisher\" content=\"https:\/\/www.facebook.com\/RFBLegal\/\" \/>\n<meta property=\"article:modified_time\" content=\"2024-02-23T08:37:06+00:00\" \/>\n<meta property=\"og:image\" content=\"https:\/\/rfblegal.co.uk\/wp-content\/uploads\/2024\/02\/Pre-Nuptial_Post-Nuptial_Agreements.jpg\" \/>\n\t<meta property=\"og:image:width\" content=\"1440\" \/>\n\t<meta property=\"og:image:height\" content=\"550\" \/>\n\t<meta property=\"og:image:type\" content=\"image\/jpeg\" \/>\n<meta name=\"twitter:card\" content=\"summary_large_image\" \/>\n<meta name=\"twitter:label1\" content=\"Est. reading time\" \/>\n\t<meta name=\"twitter:data1\" content=\"2 minutes\" \/>\n<script type=\"application\/ld+json\" class=\"yoast-schema-graph\">{\"@context\":\"https:\/\/schema.org\",\"@graph\":[{\"@type\":\"WebPage\",\"@id\":\"https:\/\/rfblegal.co.uk\/services\/personal-law\/divorce-family\/pre-nuptial-and-post-nuptial-agreements-and-wealth-protection\/\",\"url\":\"https:\/\/rfblegal.co.uk\/services\/personal-law\/divorce-family\/pre-nuptial-and-post-nuptial-agreements-and-wealth-protection\/\",\"name\":\"Pre-nuptial and Post-nuptial Agreements and Wealth Protection - RFB Legal\",\"isPartOf\":{\"@id\":\"https:\/\/rfblegal.co.uk\/#website\"},\"primaryImageOfPage\":{\"@id\":\"https:\/\/rfblegal.co.uk\/services\/personal-law\/divorce-family\/pre-nuptial-and-post-nuptial-agreements-and-wealth-protection\/#primaryimage\"},\"image\":{\"@id\":\"https:\/\/rfblegal.co.uk\/services\/personal-law\/divorce-family\/pre-nuptial-and-post-nuptial-agreements-and-wealth-protection\/#primaryimage\"},\"thumbnailUrl\":\"https:\/\/rfblegal.co.uk\/wp-content\/uploads\/2024\/02\/Pre-Nuptial_Post-Nuptial_Agreements.jpg\",\"datePublished\":\"2024-02-21T15:01:29+00:00\",\"dateModified\":\"2024-02-23T08:37:06+00:00\",\"description\":\"Pre-Nuptial and Post-Nuptial Agreements Nuptial agreements are agreements which seek to regulate the distribution of assets upon the breakdown of a\",\"breadcrumb\":{\"@id\":\"https:\/\/rfblegal.co.uk\/services\/personal-law\/divorce-family\/pre-nuptial-and-post-nuptial-agreements-and-wealth-protection\/#breadcrumb\"},\"inLanguage\":\"fr-FR\",\"potentialAction\":[{\"@type\":\"ReadAction\",\"target\":[\"https:\/\/rfblegal.co.uk\/services\/personal-law\/divorce-family\/pre-nuptial-and-post-nuptial-agreements-and-wealth-protection\/\"]}]},{\"@type\":\"ImageObject\",\"inLanguage\":\"fr-FR\",\"@id\":\"https:\/\/rfblegal.co.uk\/services\/personal-law\/divorce-family\/pre-nuptial-and-post-nuptial-agreements-and-wealth-protection\/#primaryimage\",\"url\":\"https:\/\/rfblegal.co.uk\/wp-content\/uploads\/2024\/02\/Pre-Nuptial_Post-Nuptial_Agreements.jpg\",\"contentUrl\":\"https:\/\/rfblegal.co.uk\/wp-content\/uploads\/2024\/02\/Pre-Nuptial_Post-Nuptial_Agreements.jpg\",\"width\":1440,\"height\":550},{\"@type\":\"BreadcrumbList\",\"@id\":\"https:\/\/rfblegal.co.uk\/services\/personal-law\/divorce-family\/pre-nuptial-and-post-nuptial-agreements-and-wealth-protection\/#breadcrumb\",\"itemListElement\":[{\"@type\":\"ListItem\",\"position\":1,\"name\":\"Home\",\"item\":\"https:\/\/rfblegal.co.uk\/\"},{\"@type\":\"ListItem\",\"position\":2,\"name\":\"Services\",\"item\":\"https:\/\/rfblegal.co.uk\/services\/\"},{\"@type\":\"ListItem\",\"position\":3,\"name\":\"Personal Law Services\",\"item\":\"https:\/\/rfblegal.co.uk\/services\/personal-law\/\"},{\"@type\":\"ListItem\",\"position\":4,\"name\":\"Divorce &amp; Family\",\"item\":\"https:\/\/rfblegal.co.uk\/services\/personal-law\/divorce-family\/\"},{\"@type\":\"ListItem\",\"position\":5,\"name\":\"Pre-nuptial and Post-nuptial Agreements and Wealth Protection\"}]},{\"@type\":\"WebSite\",\"@id\":\"https:\/\/rfblegal.co.uk\/#website\",\"url\":\"https:\/\/rfblegal.co.uk\/\",\"name\":\"RFB Legal\",\"description\":\"\",\"publisher\":{\"@id\":\"https:\/\/rfblegal.co.uk\/#organization\"},\"potentialAction\":[{\"@type\":\"SearchAction\",\"target\":{\"@type\":\"EntryPoint\",\"urlTemplate\":\"https:\/\/rfblegal.co.uk\/?s={search_term_string}\"},\"query-input\":{\"@type\":\"PropertyValueSpecification\",\"valueRequired\":true,\"valueName\":\"search_term_string\"}}],\"inLanguage\":\"fr-FR\"},{\"@type\":\"Organization\",\"@id\":\"https:\/\/rfblegal.co.uk\/#organization\",\"name\":\"RFB Legal\",\"url\":\"https:\/\/rfblegal.co.uk\/\",\"logo\":{\"@type\":\"ImageObject\",\"inLanguage\":\"fr-FR\",\"@id\":\"https:\/\/rfblegal.co.uk\/#\/schema\/logo\/image\/\",\"url\":\"https:\/\/rfblegal.co.uk\/wp-content\/uploads\/2024\/01\/header_company_logo.svg\",\"contentUrl\":\"https:\/\/rfblegal.co.uk\/wp-content\/uploads\/2024\/01\/header_company_logo.svg\",\"caption\":\"RFB Legal\"},\"image\":{\"@id\":\"https:\/\/rfblegal.co.uk\/#\/schema\/logo\/image\/\"},\"sameAs\":[\"https:\/\/www.facebook.com\/RFBLegal\/\",\"https:\/\/www.linkedin.com\/uas\/login?session_redirect=company2012282\",\"https:\/\/www.instagram.com\/rfb_legal\/\"]}]}<\/script>\n<!-- \/ Yoast SEO plugin. -->","yoast_head_json":{"title":"Accords pr\u00e9nuptiaux et postnuptiaux et protection du patrimoine - RFB Legal","description":"Accords pr\u00e9nuptiaux et postnuptiaux Les accords pr\u00e9nuptiaux sont des accords qui visent \u00e0 r\u00e9glementer la r\u00e9partition des actifs lors de la rupture d'un mariage.","robots":{"index":"index","follow":"follow","max-snippet":"max-snippet:-1","max-image-preview":"max-image-preview:large","max-video-preview":"max-video-preview:-1"},"canonical":"https:\/\/rfblegal.co.uk\/fr\/services\/droit-des-personnes\/divorce-famille\/accords-prenuptiaux-et-postnuptiaux-et-protection-du-patrimoine\/","og_locale":"fr_FR","og_type":"article","og_title":"Pre-nuptial and Post-nuptial Agreements and Wealth Protection - RFB Legal","og_description":"Pre-Nuptial and Post-Nuptial Agreements Nuptial agreements are agreements which seek to regulate the distribution of assets upon the breakdown of a","og_url":"https:\/\/rfblegal.co.uk\/fr\/services\/droit-des-personnes\/divorce-famille\/accords-prenuptiaux-et-postnuptiaux-et-protection-du-patrimoine\/","og_site_name":"RFB Legal","article_publisher":"https:\/\/www.facebook.com\/RFBLegal\/","article_modified_time":"2024-02-23T08:37:06+00:00","og_image":[{"width":1440,"height":550,"url":"https:\/\/rfblegal.co.uk\/wp-content\/uploads\/2024\/02\/Pre-Nuptial_Post-Nuptial_Agreements.jpg","type":"image\/jpeg"}],"twitter_card":"summary_large_image","twitter_misc":{"Est. reading time":"2 minutes"},"schema":{"@context":"https:\/\/schema.org","@graph":[{"@type":"WebPage","@id":"https:\/\/rfblegal.co.uk\/services\/personal-law\/divorce-family\/pre-nuptial-and-post-nuptial-agreements-and-wealth-protection\/","url":"https:\/\/rfblegal.co.uk\/services\/personal-law\/divorce-family\/pre-nuptial-and-post-nuptial-agreements-and-wealth-protection\/","name":"Accords pr\u00e9nuptiaux et postnuptiaux et protection du patrimoine - RFB Legal","isPartOf":{"@id":"https:\/\/rfblegal.co.uk\/#website"},"primaryImageOfPage":{"@id":"https:\/\/rfblegal.co.uk\/services\/personal-law\/divorce-family\/pre-nuptial-and-post-nuptial-agreements-and-wealth-protection\/#primaryimage"},"image":{"@id":"https:\/\/rfblegal.co.uk\/services\/personal-law\/divorce-family\/pre-nuptial-and-post-nuptial-agreements-and-wealth-protection\/#primaryimage"},"thumbnailUrl":"https:\/\/rfblegal.co.uk\/wp-content\/uploads\/2024\/02\/Pre-Nuptial_Post-Nuptial_Agreements.jpg","datePublished":"2024-02-21T15:01:29+00:00","dateModified":"2024-02-23T08:37:06+00:00","description":"Accords pr\u00e9nuptiaux et postnuptiaux Les accords pr\u00e9nuptiaux sont des accords qui visent \u00e0 r\u00e9glementer la r\u00e9partition des actifs lors de la rupture d'un mariage.","breadcrumb":{"@id":"https:\/\/rfblegal.co.uk\/services\/personal-law\/divorce-family\/pre-nuptial-and-post-nuptial-agreements-and-wealth-protection\/#breadcrumb"},"inLanguage":"fr-FR","potentialAction":[{"@type":"ReadAction","target":["https:\/\/rfblegal.co.uk\/services\/personal-law\/divorce-family\/pre-nuptial-and-post-nuptial-agreements-and-wealth-protection\/"]}]},{"@type":"ImageObject","inLanguage":"fr-FR","@id":"https:\/\/rfblegal.co.uk\/services\/personal-law\/divorce-family\/pre-nuptial-and-post-nuptial-agreements-and-wealth-protection\/#primaryimage","url":"https:\/\/rfblegal.co.uk\/wp-content\/uploads\/2024\/02\/Pre-Nuptial_Post-Nuptial_Agreements.jpg","contentUrl":"https:\/\/rfblegal.co.uk\/wp-content\/uploads\/2024\/02\/Pre-Nuptial_Post-Nuptial_Agreements.jpg","width":1440,"height":550},{"@type":"BreadcrumbList","@id":"https:\/\/rfblegal.co.uk\/services\/personal-law\/divorce-family\/pre-nuptial-and-post-nuptial-agreements-and-wealth-protection\/#breadcrumb","itemListElement":[{"@type":"ListItem","position":1,"name":"Home","item":"https:\/\/rfblegal.co.uk\/"},{"@type":"ListItem","position":2,"name":"Services","item":"https:\/\/rfblegal.co.uk\/services\/"},{"@type":"ListItem","position":3,"name":"Personal Law Services","item":"https:\/\/rfblegal.co.uk\/services\/personal-law\/"},{"@type":"ListItem","position":4,"name":"Divorce &amp; Family","item":"https:\/\/rfblegal.co.uk\/services\/personal-law\/divorce-family\/"},{"@type":"ListItem","position":5,"name":"Pre-nuptial and Post-nuptial Agreements and Wealth Protection"}]},{"@type":"WebSite","@id":"https:\/\/rfblegal.co.uk\/#website","url":"https:\/\/rfblegal.co.uk\/","name":"Appel d'offres juridique","description":"","publisher":{"@id":"https:\/\/rfblegal.co.uk\/#organization"},"potentialAction":[{"@type":"SearchAction","target":{"@type":"EntryPoint","urlTemplate":"https:\/\/rfblegal.co.uk\/?s={search_term_string}"},"query-input":{"@type":"PropertyValueSpecification","valueRequired":true,"valueName":"search_term_string"}}],"inLanguage":"fr-FR"},{"@type":"Organization","@id":"https:\/\/rfblegal.co.uk\/#organization","name":"Appel d'offres juridique","url":"https:\/\/rfblegal.co.uk\/","logo":{"@type":"ImageObject","inLanguage":"fr-FR","@id":"https:\/\/rfblegal.co.uk\/#\/schema\/logo\/image\/","url":"https:\/\/rfblegal.co.uk\/wp-content\/uploads\/2024\/01\/header_company_logo.svg","contentUrl":"https:\/\/rfblegal.co.uk\/wp-content\/uploads\/2024\/01\/header_company_logo.svg","caption":"RFB Legal"},"image":{"@id":"https:\/\/rfblegal.co.uk\/#\/schema\/logo\/image\/"},"sameAs":["https:\/\/www.facebook.com\/RFBLegal\/","https:\/\/www.linkedin.com\/uas\/login?session_redirect=company2012282","https:\/\/www.instagram.com\/rfb_legal\/"]}]}},"_links":{"self":[{"href":"https:\/\/rfblegal.co.uk\/fr\/wp-json\/wp\/v2\/pages\/2359","targetHints":{"allow":["GET"]}}],"collection":[{"href":"https:\/\/rfblegal.co.uk\/fr\/wp-json\/wp\/v2\/pages"}],"about":[{"href":"https:\/\/rfblegal.co.uk\/fr\/wp-json\/wp\/v2\/types\/page"}],"author":[{"embeddable":true,"href":"https:\/\/rfblegal.co.uk\/fr\/wp-json\/wp\/v2\/users\/1"}],"replies":[{"embeddable":true,"href":"https:\/\/rfblegal.co.uk\/fr\/wp-json\/wp\/v2\/comments?post=2359"}],"version-history":[{"count":0,"href":"https:\/\/rfblegal.co.uk\/fr\/wp-json\/wp\/v2\/pages\/2359\/revisions"}],"up":[{"embeddable":true,"href":"https:\/\/rfblegal.co.uk\/fr\/wp-json\/wp\/v2\/pages\/2344"}],"wp:featuredmedia":[{"embeddable":true,"href":"https:\/\/rfblegal.co.uk\/fr\/wp-json\/wp\/v2\/media\/2931"}],"wp:attachment":[{"href":"https:\/\/rfblegal.co.uk\/fr\/wp-json\/wp\/v2\/media?parent=2359"}],"curies":[{"name":"wp","href":"https:\/\/api.w.org\/{rel}","templated":true}]}}