{"id":2347,"date":"2024-02-21T14:54:59","date_gmt":"2024-02-21T14:54:59","guid":{"rendered":"https:\/\/rfblegal.co.uk\/?page_id=2347"},"modified":"2025-06-19T13:09:08","modified_gmt":"2025-06-19T13:09:08","slug":"le-divorce-et-la-separation","status":"publish","type":"page","link":"https:\/\/rfblegal.co.uk\/fr\/services\/droit-des-personnes\/divorce-famille\/le-divorce-et-la-separation\/","title":{"rendered":"Divorce et s\u00e9paration"},"content":{"rendered":"<h2 class=\"wp-block-heading has-2-xl-font-size\" style=\"padding-top:var(--wp--preset--spacing--20);padding-bottom:var(--wp--preset--spacing--20);font-style:normal;font-weight:600\">Divorce et s\u00e9paration<\/h2>\n\n\n\n<h4 class=\"wp-block-heading has-lg-font-size\" style=\"padding-top:var(--wp--preset--spacing--20);padding-bottom:var(--wp--preset--spacing--20);font-style:normal;font-weight:500\">La proc\u00e9dure de divorce pour les mariages et de dissolution pour les partenariats civils est g\u00e9n\u00e9ralement divis\u00e9e en deux parties :<\/h4>\n\n\n\n<p>La r\u00e9partition des actifs des parties (\u2019recours financier\u2018 ou simplement \u2018finances\u2019).<\/p>\n\n\n\n<p style=\"padding-right:var(--wp--preset--spacing--50);padding-left:var(--wp--preset--spacing--50)\">1. La fin l\u00e9gale du mariage ou du partenariat civil (la proc\u00e9dure de divorce\/dissolution)<\/p>\n\n\n\n<p style=\"padding-right:var(--wp--preset--spacing--50);padding-left:var(--wp--preset--spacing--50)\">2. La r\u00e9partition des actifs des parties (\u2019recours financier\u2018 ou simplement \u2018finances\u2019).<\/p>\n\n\n\n<p style=\"padding-top:var(--wp--preset--spacing--20);padding-bottom:var(--wp--preset--spacing--20)\">En Angleterre et au Pays de Galles, il n'existe qu'un seul motif de divorce, \u00e0 savoir la rupture irr\u00e9m\u00e9diable du mariage ou du partenariat civil. Cela peut \u00eatre prouv\u00e9 par un ou plusieurs des faits suivants :<\/p>\n\n\n\n<p style=\"padding-right:var(--wp--preset--spacing--50);padding-left:var(--wp--preset--spacing--50)\">1. L'adult\u00e8re<\/p>\n\n\n\n<p style=\"padding-right:var(--wp--preset--spacing--50);padding-left:var(--wp--preset--spacing--50)\">2. Le comportement, \u00e9galement appel\u00e9 \u2018comportement d\u00e9raisonnable\u2019, peut \u00eatre utilis\u00e9 lorsque votre conjoint a agi d'une mani\u00e8re telle que l'on ne peut raisonnablement s'attendre \u00e0 ce que vous continuiez \u00e0 vivre avec lui.<\/p>\n\n\n\n<p style=\"padding-right:var(--wp--preset--spacing--50);padding-left:var(--wp--preset--spacing--50)\">3. Il y a d\u00e9sertion lorsque votre conjoint vous a abandonn\u00e9 pendant une p\u00e9riode continue de deux ans ou plus ;<\/p>\n\n\n\n<p style=\"padding-right:var(--wp--preset--spacing--50);padding-left:var(--wp--preset--spacing--50)\">4. S\u00e9paration depuis deux ans lorsque vous et votre conjoint vivez s\u00e9par\u00e9ment depuis au moins deux ans.<\/p>\n\n\n\n<p style=\"padding-right:var(--wp--preset--spacing--50);padding-left:var(--wp--preset--spacing--50)\">5. S\u00e9paration depuis cinq ans lorsque vous et votre conjoint vivez s\u00e9par\u00e9ment depuis cinq ans ou plus.<\/p>\n\n\n\n<p style=\"padding-top:var(--wp--preset--spacing--20);padding-bottom:var(--wp--preset--spacing--20)\">Si votre conjoint coop\u00e8re au divorce, la proc\u00e9dure prendra entre 4 et 6 mois. Les frais de justice pour l'\u00e9mission d'une requ\u00eate en divorce ou en dissolution sont de 593 \u00a3 et nous pouvons travailler sur la base d'un tarif fixe pour nos frais de justice, \u00e0 condition que cela soit appropri\u00e9 \u00e0 votre situation.<\/p>\n\n\n\n<p><\/p>","protected":false},"excerpt":{"rendered":"<p>Divorce and Separation The divorce process for marriages and the dissolution process for civil partnerships is usually broken down into two parts: The distribution of the parties\u2019 assets (\u2018financial remedy or simply \u2018finances\u2019). 1. The legal termination of the marriage or civil partnership (the divorce\/dissolution process) 2. The distribution of the parties\u2019 assets (\u2018financial remedy &hellip; <a href=\"https:\/\/rfblegal.co.uk\/fr\/services\/droit-des-personnes\/divorce-famille\/le-divorce-et-la-separation\/\">Suite<\/a><\/p>","protected":false},"author":1,"featured_media":2927,"parent":2344,"menu_order":0,"comment_status":"closed","ping_status":"closed","template":"tier3-template.blade.php","meta":{"_acf_changed":false,"om_disable_all_campaigns":false,"_uf_show_specific_survey":0,"_uf_disable_surveys":false,"footnotes":""},"class_list":["post-2347","page","type-page","status-publish","has-post-thumbnail","hentry"],"acf":[],"aioseo_notices":[],"yoast_head":"<!-- This site is optimized with the Yoast SEO plugin v27.2 - https:\/\/yoast.com\/product\/yoast-seo-wordpress\/ -->\n<title>Divorce and Separation - RFB Legal<\/title>\n<meta name=\"description\" content=\"Divorce and Separation The divorce process for marriages and the dissolution process for civil partnerships is usually broken down into two parts: The\" \/>\n<meta name=\"robots\" content=\"index, follow, max-snippet:-1, max-image-preview:large, max-video-preview:-1\" \/>\n<link rel=\"canonical\" href=\"https:\/\/rfblegal.co.uk\/fr\/services\/droit-des-personnes\/divorce-famille\/le-divorce-et-la-separation\/\" \/>\n<meta property=\"og:locale\" content=\"fr_FR\" \/>\n<meta property=\"og:type\" content=\"article\" \/>\n<meta property=\"og:title\" content=\"Divorce and Separation - RFB Legal\" \/>\n<meta property=\"og:description\" content=\"Divorce and Separation The divorce process for marriages and the dissolution process for civil partnerships is usually broken down into two parts: The\" \/>\n<meta property=\"og:url\" content=\"https:\/\/rfblegal.co.uk\/fr\/services\/droit-des-personnes\/divorce-famille\/le-divorce-et-la-separation\/\" \/>\n<meta property=\"og:site_name\" content=\"RFB Legal\" \/>\n<meta property=\"article:publisher\" content=\"https:\/\/www.facebook.com\/RFBLegal\/\" \/>\n<meta property=\"article:modified_time\" content=\"2025-06-19T13:09:08+00:00\" \/>\n<meta property=\"og:image\" content=\"https:\/\/rfblegal.co.uk\/wp-content\/uploads\/2024\/02\/Divorce_and_Civil_Partnership.jpg\" \/>\n\t<meta property=\"og:image:width\" content=\"1440\" \/>\n\t<meta property=\"og:image:height\" content=\"550\" \/>\n\t<meta property=\"og:image:type\" content=\"image\/jpeg\" \/>\n<meta name=\"twitter:card\" content=\"summary_large_image\" \/>\n<meta name=\"twitter:label1\" content=\"Est. reading time\" \/>\n\t<meta name=\"twitter:data1\" content=\"2 minutes\" \/>\n<script type=\"application\/ld+json\" class=\"yoast-schema-graph\">{\"@context\":\"https:\/\/schema.org\",\"@graph\":[{\"@type\":\"WebPage\",\"@id\":\"https:\/\/rfblegal.co.uk\/services\/personal-law\/divorce-family\/divorce-and-separation\/\",\"url\":\"https:\/\/rfblegal.co.uk\/services\/personal-law\/divorce-family\/divorce-and-separation\/\",\"name\":\"Divorce and Separation - RFB Legal\",\"isPartOf\":{\"@id\":\"https:\/\/rfblegal.co.uk\/#website\"},\"primaryImageOfPage\":{\"@id\":\"https:\/\/rfblegal.co.uk\/services\/personal-law\/divorce-family\/divorce-and-separation\/#primaryimage\"},\"image\":{\"@id\":\"https:\/\/rfblegal.co.uk\/services\/personal-law\/divorce-family\/divorce-and-separation\/#primaryimage\"},\"thumbnailUrl\":\"https:\/\/rfblegal.co.uk\/wp-content\/uploads\/2024\/02\/Divorce_and_Civil_Partnership.jpg\",\"datePublished\":\"2024-02-21T14:54:59+00:00\",\"dateModified\":\"2025-06-19T13:09:08+00:00\",\"description\":\"Divorce and Separation The divorce process for marriages and the dissolution process for civil partnerships is usually broken down into two parts: The\",\"breadcrumb\":{\"@id\":\"https:\/\/rfblegal.co.uk\/services\/personal-law\/divorce-family\/divorce-and-separation\/#breadcrumb\"},\"inLanguage\":\"fr-FR\",\"potentialAction\":[{\"@type\":\"ReadAction\",\"target\":[\"https:\/\/rfblegal.co.uk\/services\/personal-law\/divorce-family\/divorce-and-separation\/\"]}]},{\"@type\":\"ImageObject\",\"inLanguage\":\"fr-FR\",\"@id\":\"https:\/\/rfblegal.co.uk\/services\/personal-law\/divorce-family\/divorce-and-separation\/#primaryimage\",\"url\":\"https:\/\/rfblegal.co.uk\/wp-content\/uploads\/2024\/02\/Divorce_and_Civil_Partnership.jpg\",\"contentUrl\":\"https:\/\/rfblegal.co.uk\/wp-content\/uploads\/2024\/02\/Divorce_and_Civil_Partnership.jpg\",\"width\":1440,\"height\":550},{\"@type\":\"BreadcrumbList\",\"@id\":\"https:\/\/rfblegal.co.uk\/services\/personal-law\/divorce-family\/divorce-and-separation\/#breadcrumb\",\"itemListElement\":[{\"@type\":\"ListItem\",\"position\":1,\"name\":\"Home\",\"item\":\"https:\/\/rfblegal.co.uk\/\"},{\"@type\":\"ListItem\",\"position\":2,\"name\":\"Services\",\"item\":\"https:\/\/rfblegal.co.uk\/services\/\"},{\"@type\":\"ListItem\",\"position\":3,\"name\":\"Personal Law Services\",\"item\":\"https:\/\/rfblegal.co.uk\/services\/personal-law\/\"},{\"@type\":\"ListItem\",\"position\":4,\"name\":\"Divorce &amp; Family\",\"item\":\"https:\/\/rfblegal.co.uk\/services\/personal-law\/divorce-family\/\"},{\"@type\":\"ListItem\",\"position\":5,\"name\":\"Divorce and Separation\"}]},{\"@type\":\"WebSite\",\"@id\":\"https:\/\/rfblegal.co.uk\/#website\",\"url\":\"https:\/\/rfblegal.co.uk\/\",\"name\":\"RFB Legal\",\"description\":\"\",\"publisher\":{\"@id\":\"https:\/\/rfblegal.co.uk\/#organization\"},\"potentialAction\":[{\"@type\":\"SearchAction\",\"target\":{\"@type\":\"EntryPoint\",\"urlTemplate\":\"https:\/\/rfblegal.co.uk\/?s={search_term_string}\"},\"query-input\":{\"@type\":\"PropertyValueSpecification\",\"valueRequired\":true,\"valueName\":\"search_term_string\"}}],\"inLanguage\":\"fr-FR\"},{\"@type\":\"Organization\",\"@id\":\"https:\/\/rfblegal.co.uk\/#organization\",\"name\":\"RFB Legal\",\"url\":\"https:\/\/rfblegal.co.uk\/\",\"logo\":{\"@type\":\"ImageObject\",\"inLanguage\":\"fr-FR\",\"@id\":\"https:\/\/rfblegal.co.uk\/#\/schema\/logo\/image\/\",\"url\":\"https:\/\/rfblegal.co.uk\/wp-content\/uploads\/2024\/01\/header_company_logo.svg\",\"contentUrl\":\"https:\/\/rfblegal.co.uk\/wp-content\/uploads\/2024\/01\/header_company_logo.svg\",\"caption\":\"RFB Legal\"},\"image\":{\"@id\":\"https:\/\/rfblegal.co.uk\/#\/schema\/logo\/image\/\"},\"sameAs\":[\"https:\/\/www.facebook.com\/RFBLegal\/\",\"https:\/\/www.linkedin.com\/uas\/login?session_redirect=company2012282\",\"https:\/\/www.instagram.com\/rfb_legal\/\"]}]}<\/script>\n<!-- \/ Yoast SEO plugin. -->","yoast_head_json":{"title":"Divorce et s\u00e9paration - RFB Legal","description":"Divorce et s\u00e9paration La proc\u00e9dure de divorce pour les mariages et de dissolution pour les partenariats civils est g\u00e9n\u00e9ralement divis\u00e9e en deux parties : La","robots":{"index":"index","follow":"follow","max-snippet":"max-snippet:-1","max-image-preview":"max-image-preview:large","max-video-preview":"max-video-preview:-1"},"canonical":"https:\/\/rfblegal.co.uk\/fr\/services\/droit-des-personnes\/divorce-famille\/le-divorce-et-la-separation\/","og_locale":"fr_FR","og_type":"article","og_title":"Divorce and Separation - RFB Legal","og_description":"Divorce and Separation The divorce process for marriages and the dissolution process for civil partnerships is usually broken down into two parts: The","og_url":"https:\/\/rfblegal.co.uk\/fr\/services\/droit-des-personnes\/divorce-famille\/le-divorce-et-la-separation\/","og_site_name":"RFB Legal","article_publisher":"https:\/\/www.facebook.com\/RFBLegal\/","article_modified_time":"2025-06-19T13:09:08+00:00","og_image":[{"width":1440,"height":550,"url":"https:\/\/rfblegal.co.uk\/wp-content\/uploads\/2024\/02\/Divorce_and_Civil_Partnership.jpg","type":"image\/jpeg"}],"twitter_card":"summary_large_image","twitter_misc":{"Est. reading time":"2 minutes"},"schema":{"@context":"https:\/\/schema.org","@graph":[{"@type":"WebPage","@id":"https:\/\/rfblegal.co.uk\/services\/personal-law\/divorce-family\/divorce-and-separation\/","url":"https:\/\/rfblegal.co.uk\/services\/personal-law\/divorce-family\/divorce-and-separation\/","name":"Divorce et s\u00e9paration - RFB Legal","isPartOf":{"@id":"https:\/\/rfblegal.co.uk\/#website"},"primaryImageOfPage":{"@id":"https:\/\/rfblegal.co.uk\/services\/personal-law\/divorce-family\/divorce-and-separation\/#primaryimage"},"image":{"@id":"https:\/\/rfblegal.co.uk\/services\/personal-law\/divorce-family\/divorce-and-separation\/#primaryimage"},"thumbnailUrl":"https:\/\/rfblegal.co.uk\/wp-content\/uploads\/2024\/02\/Divorce_and_Civil_Partnership.jpg","datePublished":"2024-02-21T14:54:59+00:00","dateModified":"2025-06-19T13:09:08+00:00","description":"Divorce et s\u00e9paration La proc\u00e9dure de divorce pour les mariages et de dissolution pour les partenariats civils est g\u00e9n\u00e9ralement divis\u00e9e en deux parties : La","breadcrumb":{"@id":"https:\/\/rfblegal.co.uk\/services\/personal-law\/divorce-family\/divorce-and-separation\/#breadcrumb"},"inLanguage":"fr-FR","potentialAction":[{"@type":"ReadAction","target":["https:\/\/rfblegal.co.uk\/services\/personal-law\/divorce-family\/divorce-and-separation\/"]}]},{"@type":"ImageObject","inLanguage":"fr-FR","@id":"https:\/\/rfblegal.co.uk\/services\/personal-law\/divorce-family\/divorce-and-separation\/#primaryimage","url":"https:\/\/rfblegal.co.uk\/wp-content\/uploads\/2024\/02\/Divorce_and_Civil_Partnership.jpg","contentUrl":"https:\/\/rfblegal.co.uk\/wp-content\/uploads\/2024\/02\/Divorce_and_Civil_Partnership.jpg","width":1440,"height":550},{"@type":"BreadcrumbList","@id":"https:\/\/rfblegal.co.uk\/services\/personal-law\/divorce-family\/divorce-and-separation\/#breadcrumb","itemListElement":[{"@type":"ListItem","position":1,"name":"Home","item":"https:\/\/rfblegal.co.uk\/"},{"@type":"ListItem","position":2,"name":"Services","item":"https:\/\/rfblegal.co.uk\/services\/"},{"@type":"ListItem","position":3,"name":"Personal Law Services","item":"https:\/\/rfblegal.co.uk\/services\/personal-law\/"},{"@type":"ListItem","position":4,"name":"Divorce &amp; Family","item":"https:\/\/rfblegal.co.uk\/services\/personal-law\/divorce-family\/"},{"@type":"ListItem","position":5,"name":"Divorce and Separation"}]},{"@type":"WebSite","@id":"https:\/\/rfblegal.co.uk\/#website","url":"https:\/\/rfblegal.co.uk\/","name":"Appel d'offres juridique","description":"","publisher":{"@id":"https:\/\/rfblegal.co.uk\/#organization"},"potentialAction":[{"@type":"SearchAction","target":{"@type":"EntryPoint","urlTemplate":"https:\/\/rfblegal.co.uk\/?s={search_term_string}"},"query-input":{"@type":"PropertyValueSpecification","valueRequired":true,"valueName":"search_term_string"}}],"inLanguage":"fr-FR"},{"@type":"Organization","@id":"https:\/\/rfblegal.co.uk\/#organization","name":"Appel d'offres juridique","url":"https:\/\/rfblegal.co.uk\/","logo":{"@type":"ImageObject","inLanguage":"fr-FR","@id":"https:\/\/rfblegal.co.uk\/#\/schema\/logo\/image\/","url":"https:\/\/rfblegal.co.uk\/wp-content\/uploads\/2024\/01\/header_company_logo.svg","contentUrl":"https:\/\/rfblegal.co.uk\/wp-content\/uploads\/2024\/01\/header_company_logo.svg","caption":"RFB Legal"},"image":{"@id":"https:\/\/rfblegal.co.uk\/#\/schema\/logo\/image\/"},"sameAs":["https:\/\/www.facebook.com\/RFBLegal\/","https:\/\/www.linkedin.com\/uas\/login?session_redirect=company2012282","https:\/\/www.instagram.com\/rfb_legal\/"]}]}},"_links":{"self":[{"href":"https:\/\/rfblegal.co.uk\/fr\/wp-json\/wp\/v2\/pages\/2347","targetHints":{"allow":["GET"]}}],"collection":[{"href":"https:\/\/rfblegal.co.uk\/fr\/wp-json\/wp\/v2\/pages"}],"about":[{"href":"https:\/\/rfblegal.co.uk\/fr\/wp-json\/wp\/v2\/types\/page"}],"author":[{"embeddable":true,"href":"https:\/\/rfblegal.co.uk\/fr\/wp-json\/wp\/v2\/users\/1"}],"replies":[{"embeddable":true,"href":"https:\/\/rfblegal.co.uk\/fr\/wp-json\/wp\/v2\/comments?post=2347"}],"version-history":[{"count":0,"href":"https:\/\/rfblegal.co.uk\/fr\/wp-json\/wp\/v2\/pages\/2347\/revisions"}],"up":[{"embeddable":true,"href":"https:\/\/rfblegal.co.uk\/fr\/wp-json\/wp\/v2\/pages\/2344"}],"wp:featuredmedia":[{"embeddable":true,"href":"https:\/\/rfblegal.co.uk\/fr\/wp-json\/wp\/v2\/media\/2927"}],"wp:attachment":[{"href":"https:\/\/rfblegal.co.uk\/fr\/wp-json\/wp\/v2\/media?parent=2347"}],"curies":[{"name":"wp","href":"https:\/\/api.w.org\/{rel}","templated":true}]}}