{"id":2319,"date":"2024-02-21T14:38:15","date_gmt":"2024-02-21T14:38:15","guid":{"rendered":"https:\/\/rfblegal.co.uk\/?page_id=2319"},"modified":"2024-02-22T15:38:41","modified_gmt":"2024-02-22T15:38:41","slug":"actifs-doutre-mer-et-successions-transfrontalieres","status":"publish","type":"page","link":"https:\/\/rfblegal.co.uk\/fr\/services\/droit-des-personnes\/services-de-testament-et-dhomologation\/actifs-doutre-mer-et-successions-transfrontalieres\/","title":{"rendered":"Actifs d'outre-mer et successions transfrontali\u00e8res"},"content":{"rendered":"<h2 class=\"wp-block-heading has-2-xl-font-size\" style=\"padding-top:var(--wp--preset--spacing--20);padding-bottom:var(--wp--preset--spacing--20);font-style:normal;font-weight:600\">Succession transfrontali\u00e8re, fiscalit\u00e9 et statut du domicile<\/h2>\n\n\n\n<h4 class=\"wp-block-heading has-lg-font-size\" style=\"padding-top:var(--wp--preset--spacing--20);padding-bottom:var(--wp--preset--spacing--20);font-style:normal;font-weight:600\">Si vous poss\u00e9dez des biens \u00e0 l'\u00e9tranger, les lois de ce pays peuvent dicter qui h\u00e9ritera de ces biens \u00e0 votre d\u00e9c\u00e8s plut\u00f4t que votre testament britannique. Nous pouvons vous conseiller sur la n\u00e9cessit\u00e9 d'un testament s\u00e9par\u00e9 pour distribuer vos biens en dehors du Royaume-Uni et sur le syst\u00e8me juridique qui r\u00e9gira la distribution de vos biens en cas de conflit entre les lois des diff\u00e9rents pays.<\/h4>\n\n\n\n<p style=\"padding-top:var(--wp--preset--spacing--20);padding-bottom:var(--wp--preset--spacing--20)\">Nous pouvons \u00e9galement vous guider sur les implications fiscales de votre statut de r\u00e9sident et de domicili\u00e9 et, en particulier, sur la mani\u00e8re dont les droits de succession britanniques s'appliquent \u00e0 votre situation. Nous pouvons expliquer l'effet de la domiciliation des conjoints dans diff\u00e9rentes juridictions et les mesures qui peuvent \u00eatre prises pour faire les choix qui peuvent \u00eatre envisag\u00e9s.<\/p>","protected":false},"excerpt":{"rendered":"<p>Cross Border Succession, Taxation and Domicile Status If you own assets abroad, the laws of that country may dictate who inherits these on your death rather than your UK will. We can advise as to whether a separate will may be needed to distribute assets outside the UK and which legal system will govern the &hellip; <a href=\"https:\/\/rfblegal.co.uk\/fr\/services\/droit-des-personnes\/services-de-testament-et-dhomologation\/actifs-doutre-mer-et-successions-transfrontalieres\/\">Suite<\/a><\/p>","protected":false},"author":1,"featured_media":2864,"parent":2295,"menu_order":0,"comment_status":"closed","ping_status":"closed","template":"tier3-template.blade.php","meta":{"_acf_changed":false,"om_disable_all_campaigns":false,"_uf_show_specific_survey":0,"_uf_disable_surveys":false,"footnotes":""},"class_list":["post-2319","page","type-page","status-publish","has-post-thumbnail","hentry"],"acf":[],"aioseo_notices":[],"yoast_head":"<!-- This site is optimized with the Yoast SEO plugin v27.2 - https:\/\/yoast.com\/product\/yoast-seo-wordpress\/ -->\n<title>Overseas Assets and Cross Border Estates - RFB Legal<\/title>\n<meta name=\"description\" content=\"Cross Border Succession, Taxation and Domicile Status If you own assets abroad, the laws of that country may dictate who inherits these on your death\" \/>\n<meta name=\"robots\" content=\"index, follow, max-snippet:-1, max-image-preview:large, max-video-preview:-1\" \/>\n<link rel=\"canonical\" href=\"https:\/\/rfblegal.co.uk\/fr\/services\/droit-des-personnes\/services-de-testament-et-dhomologation\/actifs-doutre-mer-et-successions-transfrontalieres\/\" \/>\n<meta property=\"og:locale\" content=\"fr_FR\" \/>\n<meta property=\"og:type\" content=\"article\" \/>\n<meta property=\"og:title\" content=\"Overseas Assets and Cross Border Estates - RFB Legal\" \/>\n<meta property=\"og:description\" content=\"Cross Border Succession, Taxation and Domicile Status If you own assets abroad, the laws of that country may dictate who inherits these on your death\" \/>\n<meta property=\"og:url\" content=\"https:\/\/rfblegal.co.uk\/fr\/services\/droit-des-personnes\/services-de-testament-et-dhomologation\/actifs-doutre-mer-et-successions-transfrontalieres\/\" \/>\n<meta property=\"og:site_name\" content=\"RFB Legal\" \/>\n<meta property=\"article:publisher\" content=\"https:\/\/www.facebook.com\/RFBLegal\/\" \/>\n<meta property=\"article:modified_time\" content=\"2024-02-22T15:38:41+00:00\" \/>\n<meta property=\"og:image\" content=\"https:\/\/rfblegal.co.uk\/wp-content\/uploads\/2024\/02\/Unexplained_Wealth_Orders.jpg\" \/>\n\t<meta property=\"og:image:width\" content=\"1440\" \/>\n\t<meta property=\"og:image:height\" content=\"550\" \/>\n\t<meta property=\"og:image:type\" content=\"image\/jpeg\" \/>\n<meta name=\"twitter:card\" content=\"summary_large_image\" \/>\n<meta name=\"twitter:label1\" content=\"Est. reading time\" \/>\n\t<meta name=\"twitter:data1\" content=\"1 minute\" \/>\n<script type=\"application\/ld+json\" class=\"yoast-schema-graph\">{\"@context\":\"https:\/\/schema.org\",\"@graph\":[{\"@type\":\"WebPage\",\"@id\":\"https:\/\/rfblegal.co.uk\/services\/personal-law\/wills-probate-services\/overseas-assets-and-cross-border-estates\/\",\"url\":\"https:\/\/rfblegal.co.uk\/services\/personal-law\/wills-probate-services\/overseas-assets-and-cross-border-estates\/\",\"name\":\"Overseas Assets and Cross Border Estates - RFB Legal\",\"isPartOf\":{\"@id\":\"https:\/\/rfblegal.co.uk\/#website\"},\"primaryImageOfPage\":{\"@id\":\"https:\/\/rfblegal.co.uk\/services\/personal-law\/wills-probate-services\/overseas-assets-and-cross-border-estates\/#primaryimage\"},\"image\":{\"@id\":\"https:\/\/rfblegal.co.uk\/services\/personal-law\/wills-probate-services\/overseas-assets-and-cross-border-estates\/#primaryimage\"},\"thumbnailUrl\":\"https:\/\/rfblegal.co.uk\/wp-content\/uploads\/2024\/02\/Unexplained_Wealth_Orders.jpg\",\"datePublished\":\"2024-02-21T14:38:15+00:00\",\"dateModified\":\"2024-02-22T15:38:41+00:00\",\"description\":\"Cross Border Succession, Taxation and Domicile Status If you own assets abroad, the laws of that country may dictate who inherits these on your death\",\"breadcrumb\":{\"@id\":\"https:\/\/rfblegal.co.uk\/services\/personal-law\/wills-probate-services\/overseas-assets-and-cross-border-estates\/#breadcrumb\"},\"inLanguage\":\"fr-FR\",\"potentialAction\":[{\"@type\":\"ReadAction\",\"target\":[\"https:\/\/rfblegal.co.uk\/services\/personal-law\/wills-probate-services\/overseas-assets-and-cross-border-estates\/\"]}]},{\"@type\":\"ImageObject\",\"inLanguage\":\"fr-FR\",\"@id\":\"https:\/\/rfblegal.co.uk\/services\/personal-law\/wills-probate-services\/overseas-assets-and-cross-border-estates\/#primaryimage\",\"url\":\"https:\/\/rfblegal.co.uk\/wp-content\/uploads\/2024\/02\/Unexplained_Wealth_Orders.jpg\",\"contentUrl\":\"https:\/\/rfblegal.co.uk\/wp-content\/uploads\/2024\/02\/Unexplained_Wealth_Orders.jpg\",\"width\":1440,\"height\":550},{\"@type\":\"BreadcrumbList\",\"@id\":\"https:\/\/rfblegal.co.uk\/services\/personal-law\/wills-probate-services\/overseas-assets-and-cross-border-estates\/#breadcrumb\",\"itemListElement\":[{\"@type\":\"ListItem\",\"position\":1,\"name\":\"Home\",\"item\":\"https:\/\/rfblegal.co.uk\/\"},{\"@type\":\"ListItem\",\"position\":2,\"name\":\"Services\",\"item\":\"https:\/\/rfblegal.co.uk\/services\/\"},{\"@type\":\"ListItem\",\"position\":3,\"name\":\"Personal Law Services\",\"item\":\"https:\/\/rfblegal.co.uk\/services\/personal-law\/\"},{\"@type\":\"ListItem\",\"position\":4,\"name\":\"Wills &amp; Probate Services\",\"item\":\"https:\/\/rfblegal.co.uk\/services\/personal-law\/wills-probate-services\/\"},{\"@type\":\"ListItem\",\"position\":5,\"name\":\"Overseas Assets and Cross Border Estates\"}]},{\"@type\":\"WebSite\",\"@id\":\"https:\/\/rfblegal.co.uk\/#website\",\"url\":\"https:\/\/rfblegal.co.uk\/\",\"name\":\"RFB Legal\",\"description\":\"\",\"publisher\":{\"@id\":\"https:\/\/rfblegal.co.uk\/#organization\"},\"potentialAction\":[{\"@type\":\"SearchAction\",\"target\":{\"@type\":\"EntryPoint\",\"urlTemplate\":\"https:\/\/rfblegal.co.uk\/?s={search_term_string}\"},\"query-input\":{\"@type\":\"PropertyValueSpecification\",\"valueRequired\":true,\"valueName\":\"search_term_string\"}}],\"inLanguage\":\"fr-FR\"},{\"@type\":\"Organization\",\"@id\":\"https:\/\/rfblegal.co.uk\/#organization\",\"name\":\"RFB Legal\",\"url\":\"https:\/\/rfblegal.co.uk\/\",\"logo\":{\"@type\":\"ImageObject\",\"inLanguage\":\"fr-FR\",\"@id\":\"https:\/\/rfblegal.co.uk\/#\/schema\/logo\/image\/\",\"url\":\"https:\/\/rfblegal.co.uk\/wp-content\/uploads\/2024\/01\/header_company_logo.svg\",\"contentUrl\":\"https:\/\/rfblegal.co.uk\/wp-content\/uploads\/2024\/01\/header_company_logo.svg\",\"caption\":\"RFB Legal\"},\"image\":{\"@id\":\"https:\/\/rfblegal.co.uk\/#\/schema\/logo\/image\/\"},\"sameAs\":[\"https:\/\/www.facebook.com\/RFBLegal\/\",\"https:\/\/www.linkedin.com\/uas\/login?session_redirect=company2012282\",\"https:\/\/www.instagram.com\/rfb_legal\/\"]}]}<\/script>\n<!-- \/ Yoast SEO plugin. -->","yoast_head_json":{"title":"Actifs d'outre-mer et successions transfrontali\u00e8res - RFB Legal","description":"Succession transfrontali\u00e8re, fiscalit\u00e9 et statut du domicile Si vous poss\u00e9dez des biens \u00e0 l'\u00e9tranger, la l\u00e9gislation de ce pays peut dicter qui en h\u00e9ritera \u00e0 votre d\u00e9c\u00e8s","robots":{"index":"index","follow":"follow","max-snippet":"max-snippet:-1","max-image-preview":"max-image-preview:large","max-video-preview":"max-video-preview:-1"},"canonical":"https:\/\/rfblegal.co.uk\/fr\/services\/droit-des-personnes\/services-de-testament-et-dhomologation\/actifs-doutre-mer-et-successions-transfrontalieres\/","og_locale":"fr_FR","og_type":"article","og_title":"Overseas Assets and Cross Border Estates - RFB Legal","og_description":"Cross Border Succession, Taxation and Domicile Status If you own assets abroad, the laws of that country may dictate who inherits these on your death","og_url":"https:\/\/rfblegal.co.uk\/fr\/services\/droit-des-personnes\/services-de-testament-et-dhomologation\/actifs-doutre-mer-et-successions-transfrontalieres\/","og_site_name":"RFB Legal","article_publisher":"https:\/\/www.facebook.com\/RFBLegal\/","article_modified_time":"2024-02-22T15:38:41+00:00","og_image":[{"width":1440,"height":550,"url":"https:\/\/rfblegal.co.uk\/wp-content\/uploads\/2024\/02\/Unexplained_Wealth_Orders.jpg","type":"image\/jpeg"}],"twitter_card":"summary_large_image","twitter_misc":{"Est. reading time":"1 minute"},"schema":{"@context":"https:\/\/schema.org","@graph":[{"@type":"WebPage","@id":"https:\/\/rfblegal.co.uk\/services\/personal-law\/wills-probate-services\/overseas-assets-and-cross-border-estates\/","url":"https:\/\/rfblegal.co.uk\/services\/personal-law\/wills-probate-services\/overseas-assets-and-cross-border-estates\/","name":"Actifs d'outre-mer et successions transfrontali\u00e8res - RFB Legal","isPartOf":{"@id":"https:\/\/rfblegal.co.uk\/#website"},"primaryImageOfPage":{"@id":"https:\/\/rfblegal.co.uk\/services\/personal-law\/wills-probate-services\/overseas-assets-and-cross-border-estates\/#primaryimage"},"image":{"@id":"https:\/\/rfblegal.co.uk\/services\/personal-law\/wills-probate-services\/overseas-assets-and-cross-border-estates\/#primaryimage"},"thumbnailUrl":"https:\/\/rfblegal.co.uk\/wp-content\/uploads\/2024\/02\/Unexplained_Wealth_Orders.jpg","datePublished":"2024-02-21T14:38:15+00:00","dateModified":"2024-02-22T15:38:41+00:00","description":"Succession transfrontali\u00e8re, fiscalit\u00e9 et statut du domicile Si vous poss\u00e9dez des biens \u00e0 l'\u00e9tranger, la l\u00e9gislation de ce pays peut dicter qui en h\u00e9ritera \u00e0 votre d\u00e9c\u00e8s","breadcrumb":{"@id":"https:\/\/rfblegal.co.uk\/services\/personal-law\/wills-probate-services\/overseas-assets-and-cross-border-estates\/#breadcrumb"},"inLanguage":"fr-FR","potentialAction":[{"@type":"ReadAction","target":["https:\/\/rfblegal.co.uk\/services\/personal-law\/wills-probate-services\/overseas-assets-and-cross-border-estates\/"]}]},{"@type":"ImageObject","inLanguage":"fr-FR","@id":"https:\/\/rfblegal.co.uk\/services\/personal-law\/wills-probate-services\/overseas-assets-and-cross-border-estates\/#primaryimage","url":"https:\/\/rfblegal.co.uk\/wp-content\/uploads\/2024\/02\/Unexplained_Wealth_Orders.jpg","contentUrl":"https:\/\/rfblegal.co.uk\/wp-content\/uploads\/2024\/02\/Unexplained_Wealth_Orders.jpg","width":1440,"height":550},{"@type":"BreadcrumbList","@id":"https:\/\/rfblegal.co.uk\/services\/personal-law\/wills-probate-services\/overseas-assets-and-cross-border-estates\/#breadcrumb","itemListElement":[{"@type":"ListItem","position":1,"name":"Home","item":"https:\/\/rfblegal.co.uk\/"},{"@type":"ListItem","position":2,"name":"Services","item":"https:\/\/rfblegal.co.uk\/services\/"},{"@type":"ListItem","position":3,"name":"Personal Law Services","item":"https:\/\/rfblegal.co.uk\/services\/personal-law\/"},{"@type":"ListItem","position":4,"name":"Wills &amp; Probate Services","item":"https:\/\/rfblegal.co.uk\/services\/personal-law\/wills-probate-services\/"},{"@type":"ListItem","position":5,"name":"Overseas Assets and Cross Border Estates"}]},{"@type":"WebSite","@id":"https:\/\/rfblegal.co.uk\/#website","url":"https:\/\/rfblegal.co.uk\/","name":"Appel d'offres juridique","description":"","publisher":{"@id":"https:\/\/rfblegal.co.uk\/#organization"},"potentialAction":[{"@type":"SearchAction","target":{"@type":"EntryPoint","urlTemplate":"https:\/\/rfblegal.co.uk\/?s={search_term_string}"},"query-input":{"@type":"PropertyValueSpecification","valueRequired":true,"valueName":"search_term_string"}}],"inLanguage":"fr-FR"},{"@type":"Organization","@id":"https:\/\/rfblegal.co.uk\/#organization","name":"Appel d'offres juridique","url":"https:\/\/rfblegal.co.uk\/","logo":{"@type":"ImageObject","inLanguage":"fr-FR","@id":"https:\/\/rfblegal.co.uk\/#\/schema\/logo\/image\/","url":"https:\/\/rfblegal.co.uk\/wp-content\/uploads\/2024\/01\/header_company_logo.svg","contentUrl":"https:\/\/rfblegal.co.uk\/wp-content\/uploads\/2024\/01\/header_company_logo.svg","caption":"RFB Legal"},"image":{"@id":"https:\/\/rfblegal.co.uk\/#\/schema\/logo\/image\/"},"sameAs":["https:\/\/www.facebook.com\/RFBLegal\/","https:\/\/www.linkedin.com\/uas\/login?session_redirect=company2012282","https:\/\/www.instagram.com\/rfb_legal\/"]}]}},"_links":{"self":[{"href":"https:\/\/rfblegal.co.uk\/fr\/wp-json\/wp\/v2\/pages\/2319","targetHints":{"allow":["GET"]}}],"collection":[{"href":"https:\/\/rfblegal.co.uk\/fr\/wp-json\/wp\/v2\/pages"}],"about":[{"href":"https:\/\/rfblegal.co.uk\/fr\/wp-json\/wp\/v2\/types\/page"}],"author":[{"embeddable":true,"href":"https:\/\/rfblegal.co.uk\/fr\/wp-json\/wp\/v2\/users\/1"}],"replies":[{"embeddable":true,"href":"https:\/\/rfblegal.co.uk\/fr\/wp-json\/wp\/v2\/comments?post=2319"}],"version-history":[{"count":0,"href":"https:\/\/rfblegal.co.uk\/fr\/wp-json\/wp\/v2\/pages\/2319\/revisions"}],"up":[{"embeddable":true,"href":"https:\/\/rfblegal.co.uk\/fr\/wp-json\/wp\/v2\/pages\/2295"}],"wp:featuredmedia":[{"embeddable":true,"href":"https:\/\/rfblegal.co.uk\/fr\/wp-json\/wp\/v2\/media\/2864"}],"wp:attachment":[{"href":"https:\/\/rfblegal.co.uk\/fr\/wp-json\/wp\/v2\/media?parent=2319"}],"curies":[{"name":"wp","href":"https:\/\/api.w.org\/{rel}","templated":true}]}}