{"id":2313,"date":"2024-02-21T14:36:26","date_gmt":"2024-02-21T14:36:26","guid":{"rendered":"https:\/\/rfblegal.co.uk\/?page_id=2313"},"modified":"2026-04-15T11:14:20","modified_gmt":"2026-04-15T11:14:20","slug":"la-procuration","status":"publish","type":"page","link":"https:\/\/rfblegal.co.uk\/fr\/services\/droit-des-personnes\/powers-of-attorney-and-court-protection\/la-procuration\/","title":{"rendered":"Procuration"},"content":{"rendered":"<h2 class=\"wp-block-heading has-2-xl-font-size\" style=\"padding-top:var(--wp--preset--spacing--20);padding-bottom:var(--wp--preset--spacing--20);font-style:normal;font-weight:600\">Procuration perp\u00e9tuelle<\/h2>\n\n\n\n<h4 class=\"wp-block-heading has-lg-font-size\" style=\"padding-top:var(--wp--preset--spacing--20);padding-bottom:var(--wp--preset--spacing--20);font-style:normal;font-weight:500\"><strong>Nous pouvons vous aider \u00e0 pr\u00e9parer et \u00e0 enregistrer des procurations pour les biens et les affaires financi\u00e8res, ainsi que pour la sant\u00e9 et le bien-\u00eatre, afin de permettre \u00e0 des personnes de confiance de prendre des d\u00e9cisions au cas o\u00f9 vous ne seriez plus en mesure de le faire vous-m\u00eame.<\/strong><\/h4>\n\n\n\n<p style=\"padding-top:var(--wp--preset--spacing--20);padding-bottom:var(--wp--preset--spacing--20)\">Une procuration perp\u00e9tuelle relative aux biens et aux affaires financi\u00e8res peut \u00eatre utilis\u00e9e pour g\u00e9rer vos comptes bancaires, vos biens et vos investissements et pour payer vos d\u00e9penses. Elle ne peut \u00eatre utilis\u00e9e qu'avec votre consentement tant que vous \u00eates capable, mais elle peut \u00eatre utile pour permettre \u00e0 quelqu'un de faire des choses en votre nom si vous \u00eates absent ou si vous avez des difficult\u00e9s \u00e0 quitter la maison ou \u00e0 signer des documents. Si vous perdez votre capacit\u00e9, elle peut continuer \u00e0 \u00eatre utilis\u00e9e pendant toute votre vie.<\/p>\n\n\n\n<p style=\"padding-top:var(--wp--preset--spacing--20);padding-bottom:var(--wp--preset--spacing--20)\">La procuration perp\u00e9tuelle pour la sant\u00e9 et le bien-\u00eatre permet \u00e0 des personnes de prendre des d\u00e9cisions telles que votre lieu de r\u00e9sidence, vos v\u00eatements et votre alimentation, et ne peut \u00eatre utilis\u00e9e que si vous avez perdu vos capacit\u00e9s. Vous pouvez \u00e9galement choisir de donner aux mandataires le pouvoir de donner ou de refuser leur consentement \u00e0 un traitement de maintien en vie, afin que ces d\u00e9cisions soient prises par des personnes que vous connaissez et en qui vous avez confiance, plut\u00f4t que par des m\u00e9decins.<\/p>\n\n\n\n<p style=\"padding-top:var(--wp--preset--spacing--20);padding-bottom:var(--wp--preset--spacing--20)\">Si vous \u00eates propri\u00e9taire d'une entreprise, nous pouvons vous aider \u00e0 r\u00e9diger une procuration perp\u00e9tuelle relative aux biens et aux affaires financi\u00e8res afin de g\u00e9rer les actifs de votre entreprise et de permettre \u00e0 celle-ci de continuer \u00e0 fonctionner si vous tombez malade ou si vous \u00eates souvent absent.<\/p>\n\n\n\n<p style=\"padding-top:var(--wp--preset--spacing--20);padding-bottom:var(--wp--preset--spacing--20)\"><\/p>\n\n\n\n<h3 class=\"wp-block-heading\" style=\"padding-top:var(--wp--preset--spacing--20);padding-bottom:var(--wp--preset--spacing--20)\"><strong>Informations compl\u00e9mentaires<\/strong><\/h3>\n\n\n\n<ul class=\"wp-block-list\">\n<li>News Author:Chris O'Callaghan | Devorah Ormonde<\/li>\n<\/ul>","protected":false},"excerpt":{"rendered":"<p>Lasting Powers of Attorney We can assist with the preparation and registration of Lasting Powers of Attorney for Property and Financial Affairs and Health and Welfare to enable decisions to be made by people you trust in the event that you were no longer able to make these yourself. A Lasting Power of Attorney for &hellip; <a href=\"https:\/\/rfblegal.co.uk\/fr\/services\/droit-des-personnes\/powers-of-attorney-and-court-protection\/la-procuration\/\">Suite<\/a><\/p>","protected":false},"author":1,"featured_media":2861,"parent":1978,"menu_order":0,"comment_status":"closed","ping_status":"closed","template":"tier3-template.blade.php","meta":{"_acf_changed":false,"om_disable_all_campaigns":false,"_uf_show_specific_survey":0,"_uf_disable_surveys":false,"footnotes":""},"class_list":["post-2313","page","type-page","status-publish","has-post-thumbnail","hentry"],"acf":[],"aioseo_notices":[],"yoast_head":"<!-- This site is optimized with the Yoast SEO plugin v27.2 - https:\/\/yoast.com\/product\/yoast-seo-wordpress\/ -->\n<title>Power of Attorney - RFB Legal<\/title>\n<meta name=\"description\" content=\"Lasting Powers of Attorney We can assist with the preparation and registration of Lasting Powers of Attorney for Property and Financial Affairs and Health\" \/>\n<meta name=\"robots\" content=\"index, follow, max-snippet:-1, max-image-preview:large, max-video-preview:-1\" \/>\n<link rel=\"canonical\" href=\"https:\/\/rfblegal.co.uk\/fr\/services\/droit-des-personnes\/powers-of-attorney-and-court-protection\/la-procuration\/\" \/>\n<meta property=\"og:locale\" content=\"fr_FR\" \/>\n<meta property=\"og:type\" content=\"article\" \/>\n<meta property=\"og:title\" content=\"Power of Attorney - RFB Legal\" \/>\n<meta property=\"og:description\" content=\"Lasting Powers of Attorney We can assist with the preparation and registration of Lasting Powers of Attorney for Property and Financial Affairs and Health\" \/>\n<meta property=\"og:url\" content=\"https:\/\/rfblegal.co.uk\/fr\/services\/droit-des-personnes\/powers-of-attorney-and-court-protection\/la-procuration\/\" \/>\n<meta property=\"og:site_name\" content=\"RFB Legal\" \/>\n<meta property=\"article:publisher\" content=\"https:\/\/www.facebook.com\/RFBLegal\/\" \/>\n<meta property=\"article:modified_time\" content=\"2026-04-15T11:14:20+00:00\" \/>\n<meta property=\"og:image\" content=\"https:\/\/rfblegal.co.uk\/wp-content\/uploads\/2024\/02\/Probate_services.jpg\" \/>\n\t<meta property=\"og:image:width\" content=\"1440\" \/>\n\t<meta property=\"og:image:height\" content=\"550\" \/>\n\t<meta property=\"og:image:type\" content=\"image\/jpeg\" \/>\n<meta name=\"twitter:card\" content=\"summary_large_image\" \/>\n<meta name=\"twitter:label1\" content=\"Est. reading time\" \/>\n\t<meta name=\"twitter:data1\" content=\"2 minutes\" \/>\n<script type=\"application\/ld+json\" class=\"yoast-schema-graph\">{\"@context\":\"https:\/\/schema.org\",\"@graph\":[{\"@type\":\"WebPage\",\"@id\":\"https:\/\/rfblegal.co.uk\/services\/personal-law\/powers-of-attorney-and-court-protection\/power-of-attorney\/\",\"url\":\"https:\/\/rfblegal.co.uk\/services\/personal-law\/powers-of-attorney-and-court-protection\/power-of-attorney\/\",\"name\":\"Power of Attorney - RFB Legal\",\"isPartOf\":{\"@id\":\"https:\/\/rfblegal.co.uk\/#website\"},\"primaryImageOfPage\":{\"@id\":\"https:\/\/rfblegal.co.uk\/services\/personal-law\/powers-of-attorney-and-court-protection\/power-of-attorney\/#primaryimage\"},\"image\":{\"@id\":\"https:\/\/rfblegal.co.uk\/services\/personal-law\/powers-of-attorney-and-court-protection\/power-of-attorney\/#primaryimage\"},\"thumbnailUrl\":\"https:\/\/rfblegal.co.uk\/wp-content\/uploads\/2024\/02\/Probate_services.jpg\",\"datePublished\":\"2024-02-21T14:36:26+00:00\",\"dateModified\":\"2026-04-15T11:14:20+00:00\",\"description\":\"Lasting Powers of Attorney We can assist with the preparation and registration of Lasting Powers of Attorney for Property and Financial Affairs and Health\",\"breadcrumb\":{\"@id\":\"https:\/\/rfblegal.co.uk\/services\/personal-law\/powers-of-attorney-and-court-protection\/power-of-attorney\/#breadcrumb\"},\"inLanguage\":\"fr-FR\",\"potentialAction\":[{\"@type\":\"ReadAction\",\"target\":[\"https:\/\/rfblegal.co.uk\/services\/personal-law\/powers-of-attorney-and-court-protection\/power-of-attorney\/\"]}]},{\"@type\":\"ImageObject\",\"inLanguage\":\"fr-FR\",\"@id\":\"https:\/\/rfblegal.co.uk\/services\/personal-law\/powers-of-attorney-and-court-protection\/power-of-attorney\/#primaryimage\",\"url\":\"https:\/\/rfblegal.co.uk\/wp-content\/uploads\/2024\/02\/Probate_services.jpg\",\"contentUrl\":\"https:\/\/rfblegal.co.uk\/wp-content\/uploads\/2024\/02\/Probate_services.jpg\",\"width\":1440,\"height\":550},{\"@type\":\"BreadcrumbList\",\"@id\":\"https:\/\/rfblegal.co.uk\/services\/personal-law\/powers-of-attorney-and-court-protection\/power-of-attorney\/#breadcrumb\",\"itemListElement\":[{\"@type\":\"ListItem\",\"position\":1,\"name\":\"Home\",\"item\":\"https:\/\/rfblegal.co.uk\/\"},{\"@type\":\"ListItem\",\"position\":2,\"name\":\"Services\",\"item\":\"https:\/\/rfblegal.co.uk\/services\/\"},{\"@type\":\"ListItem\",\"position\":3,\"name\":\"Personal Law Services\",\"item\":\"https:\/\/rfblegal.co.uk\/services\/personal-law\/\"},{\"@type\":\"ListItem\",\"position\":4,\"name\":\"Powers of Attorney &amp; Court Protection\",\"item\":\"https:\/\/rfblegal.co.uk\/services\/personal-law\/powers-of-attorney-and-court-protection\/\"},{\"@type\":\"ListItem\",\"position\":5,\"name\":\"Power of Attorney\"}]},{\"@type\":\"WebSite\",\"@id\":\"https:\/\/rfblegal.co.uk\/#website\",\"url\":\"https:\/\/rfblegal.co.uk\/\",\"name\":\"RFB Legal\",\"description\":\"\",\"publisher\":{\"@id\":\"https:\/\/rfblegal.co.uk\/#organization\"},\"potentialAction\":[{\"@type\":\"SearchAction\",\"target\":{\"@type\":\"EntryPoint\",\"urlTemplate\":\"https:\/\/rfblegal.co.uk\/?s={search_term_string}\"},\"query-input\":{\"@type\":\"PropertyValueSpecification\",\"valueRequired\":true,\"valueName\":\"search_term_string\"}}],\"inLanguage\":\"fr-FR\"},{\"@type\":\"Organization\",\"@id\":\"https:\/\/rfblegal.co.uk\/#organization\",\"name\":\"RFB Legal\",\"url\":\"https:\/\/rfblegal.co.uk\/\",\"logo\":{\"@type\":\"ImageObject\",\"inLanguage\":\"fr-FR\",\"@id\":\"https:\/\/rfblegal.co.uk\/#\/schema\/logo\/image\/\",\"url\":\"https:\/\/rfblegal.co.uk\/wp-content\/uploads\/2024\/01\/header_company_logo.svg\",\"contentUrl\":\"https:\/\/rfblegal.co.uk\/wp-content\/uploads\/2024\/01\/header_company_logo.svg\",\"caption\":\"RFB Legal\"},\"image\":{\"@id\":\"https:\/\/rfblegal.co.uk\/#\/schema\/logo\/image\/\"},\"sameAs\":[\"https:\/\/www.facebook.com\/RFBLegal\/\",\"https:\/\/www.linkedin.com\/uas\/login?session_redirect=company2012282\",\"https:\/\/www.instagram.com\/rfb_legal\/\"]}]}<\/script>\n<!-- \/ Yoast SEO plugin. -->","yoast_head_json":{"title":"Procuration - RFB Legal","description":"Les procurations Nous pouvons vous aider \u00e0 pr\u00e9parer et \u00e0 enregistrer les procurations relatives aux biens et aux affaires financi\u00e8res et les procurations relatives \u00e0 la sant\u00e9.","robots":{"index":"index","follow":"follow","max-snippet":"max-snippet:-1","max-image-preview":"max-image-preview:large","max-video-preview":"max-video-preview:-1"},"canonical":"https:\/\/rfblegal.co.uk\/fr\/services\/droit-des-personnes\/powers-of-attorney-and-court-protection\/la-procuration\/","og_locale":"fr_FR","og_type":"article","og_title":"Power of Attorney - RFB Legal","og_description":"Lasting Powers of Attorney We can assist with the preparation and registration of Lasting Powers of Attorney for Property and Financial Affairs and Health","og_url":"https:\/\/rfblegal.co.uk\/fr\/services\/droit-des-personnes\/powers-of-attorney-and-court-protection\/la-procuration\/","og_site_name":"RFB Legal","article_publisher":"https:\/\/www.facebook.com\/RFBLegal\/","article_modified_time":"2026-04-15T11:14:20+00:00","og_image":[{"width":1440,"height":550,"url":"https:\/\/rfblegal.co.uk\/wp-content\/uploads\/2024\/02\/Probate_services.jpg","type":"image\/jpeg"}],"twitter_card":"summary_large_image","twitter_misc":{"Est. reading time":"2 minutes"},"schema":{"@context":"https:\/\/schema.org","@graph":[{"@type":"WebPage","@id":"https:\/\/rfblegal.co.uk\/services\/personal-law\/powers-of-attorney-and-court-protection\/power-of-attorney\/","url":"https:\/\/rfblegal.co.uk\/services\/personal-law\/powers-of-attorney-and-court-protection\/power-of-attorney\/","name":"Procuration - RFB Legal","isPartOf":{"@id":"https:\/\/rfblegal.co.uk\/#website"},"primaryImageOfPage":{"@id":"https:\/\/rfblegal.co.uk\/services\/personal-law\/powers-of-attorney-and-court-protection\/power-of-attorney\/#primaryimage"},"image":{"@id":"https:\/\/rfblegal.co.uk\/services\/personal-law\/powers-of-attorney-and-court-protection\/power-of-attorney\/#primaryimage"},"thumbnailUrl":"https:\/\/rfblegal.co.uk\/wp-content\/uploads\/2024\/02\/Probate_services.jpg","datePublished":"2024-02-21T14:36:26+00:00","dateModified":"2026-04-15T11:14:20+00:00","description":"Les procurations Nous pouvons vous aider \u00e0 pr\u00e9parer et \u00e0 enregistrer les procurations relatives aux biens et aux affaires financi\u00e8res et les procurations relatives \u00e0 la sant\u00e9.","breadcrumb":{"@id":"https:\/\/rfblegal.co.uk\/services\/personal-law\/powers-of-attorney-and-court-protection\/power-of-attorney\/#breadcrumb"},"inLanguage":"fr-FR","potentialAction":[{"@type":"ReadAction","target":["https:\/\/rfblegal.co.uk\/services\/personal-law\/powers-of-attorney-and-court-protection\/power-of-attorney\/"]}]},{"@type":"ImageObject","inLanguage":"fr-FR","@id":"https:\/\/rfblegal.co.uk\/services\/personal-law\/powers-of-attorney-and-court-protection\/power-of-attorney\/#primaryimage","url":"https:\/\/rfblegal.co.uk\/wp-content\/uploads\/2024\/02\/Probate_services.jpg","contentUrl":"https:\/\/rfblegal.co.uk\/wp-content\/uploads\/2024\/02\/Probate_services.jpg","width":1440,"height":550},{"@type":"BreadcrumbList","@id":"https:\/\/rfblegal.co.uk\/services\/personal-law\/powers-of-attorney-and-court-protection\/power-of-attorney\/#breadcrumb","itemListElement":[{"@type":"ListItem","position":1,"name":"Home","item":"https:\/\/rfblegal.co.uk\/"},{"@type":"ListItem","position":2,"name":"Services","item":"https:\/\/rfblegal.co.uk\/services\/"},{"@type":"ListItem","position":3,"name":"Personal Law Services","item":"https:\/\/rfblegal.co.uk\/services\/personal-law\/"},{"@type":"ListItem","position":4,"name":"Powers of Attorney &amp; Court Protection","item":"https:\/\/rfblegal.co.uk\/services\/personal-law\/powers-of-attorney-and-court-protection\/"},{"@type":"ListItem","position":5,"name":"Power of Attorney"}]},{"@type":"WebSite","@id":"https:\/\/rfblegal.co.uk\/#website","url":"https:\/\/rfblegal.co.uk\/","name":"Appel d'offres juridique","description":"","publisher":{"@id":"https:\/\/rfblegal.co.uk\/#organization"},"potentialAction":[{"@type":"SearchAction","target":{"@type":"EntryPoint","urlTemplate":"https:\/\/rfblegal.co.uk\/?s={search_term_string}"},"query-input":{"@type":"PropertyValueSpecification","valueRequired":true,"valueName":"search_term_string"}}],"inLanguage":"fr-FR"},{"@type":"Organization","@id":"https:\/\/rfblegal.co.uk\/#organization","name":"Appel d'offres juridique","url":"https:\/\/rfblegal.co.uk\/","logo":{"@type":"ImageObject","inLanguage":"fr-FR","@id":"https:\/\/rfblegal.co.uk\/#\/schema\/logo\/image\/","url":"https:\/\/rfblegal.co.uk\/wp-content\/uploads\/2024\/01\/header_company_logo.svg","contentUrl":"https:\/\/rfblegal.co.uk\/wp-content\/uploads\/2024\/01\/header_company_logo.svg","caption":"RFB Legal"},"image":{"@id":"https:\/\/rfblegal.co.uk\/#\/schema\/logo\/image\/"},"sameAs":["https:\/\/www.facebook.com\/RFBLegal\/","https:\/\/www.linkedin.com\/uas\/login?session_redirect=company2012282","https:\/\/www.instagram.com\/rfb_legal\/"]}]}},"_links":{"self":[{"href":"https:\/\/rfblegal.co.uk\/fr\/wp-json\/wp\/v2\/pages\/2313","targetHints":{"allow":["GET"]}}],"collection":[{"href":"https:\/\/rfblegal.co.uk\/fr\/wp-json\/wp\/v2\/pages"}],"about":[{"href":"https:\/\/rfblegal.co.uk\/fr\/wp-json\/wp\/v2\/types\/page"}],"author":[{"embeddable":true,"href":"https:\/\/rfblegal.co.uk\/fr\/wp-json\/wp\/v2\/users\/1"}],"replies":[{"embeddable":true,"href":"https:\/\/rfblegal.co.uk\/fr\/wp-json\/wp\/v2\/comments?post=2313"}],"version-history":[{"count":2,"href":"https:\/\/rfblegal.co.uk\/fr\/wp-json\/wp\/v2\/pages\/2313\/revisions"}],"predecessor-version":[{"id":9201,"href":"https:\/\/rfblegal.co.uk\/fr\/wp-json\/wp\/v2\/pages\/2313\/revisions\/9201"}],"up":[{"embeddable":true,"href":"https:\/\/rfblegal.co.uk\/fr\/wp-json\/wp\/v2\/pages\/1978"}],"wp:featuredmedia":[{"embeddable":true,"href":"https:\/\/rfblegal.co.uk\/fr\/wp-json\/wp\/v2\/media\/2861"}],"wp:attachment":[{"href":"https:\/\/rfblegal.co.uk\/fr\/wp-json\/wp\/v2\/media?parent=2313"}],"curies":[{"name":"wp","href":"https:\/\/api.w.org\/{rel}","templated":true}]}}