{"id":2184,"date":"2024-02-21T13:08:58","date_gmt":"2024-02-21T13:08:58","guid":{"rendered":"https:\/\/rfblegal.co.uk\/?page_id=2184"},"modified":"2026-04-20T16:26:08","modified_gmt":"2026-04-20T16:26:08","slug":"services-de-droit-du-travail","status":"publish","type":"page","link":"https:\/\/rfblegal.co.uk\/fr\/services\/droit-des-personnes\/services-de-droit-du-travail\/","title":{"rendered":"Services de droit du travail"},"content":{"rendered":"<h2 class=\"wp-block-heading has-2-xl-font-size\" style=\"padding-top:var(--wp--preset--spacing--20);padding-bottom:var(--wp--preset--spacing--20);font-style:normal;font-weight:600\">Droit du travail<\/h2>\n\n\n\n<h4 class=\"wp-block-heading has-lg-font-size\" style=\"padding-top:var(--wp--preset--spacing--20);padding-bottom:var(--wp--preset--spacing--20);font-style:normal;font-weight:500\">Le d\u00e9partement dynamique de droit du travail de Ronald Fletcher Baker, qui figure sur la liste Legal 500, repr\u00e9sente \u00e0 la fois les employeurs et les employ\u00e9s sur tous les aspects du droit du travail. Il a r\u00e9cemment conseill\u00e9 des particuliers fortun\u00e9s, une soci\u00e9t\u00e9 de production, une entreprise de construction, un club de football, une soci\u00e9t\u00e9 de transport et une organisation caritative.<\/h4>\n\n\n\n<p style=\"padding-top:var(--wp--preset--spacing--20);padding-bottom:var(--wp--preset--spacing--20)\">Nous disposons d'une grande exp\u00e9rience en mati\u00e8re de conseil sur l'ensemble des questions auxquelles sont confront\u00e9s les employeurs et les employ\u00e9s.<\/p>\n\n\n\n<p style=\"padding-top:var(--wp--preset--spacing--20);padding-bottom:var(--wp--preset--spacing--20)\">Il s'agit notamment des questions relatives aux licenciements abusifs, aux licenciements et aux restructurations (y compris les demandes de dommages-int\u00e9r\u00eats), aux modifications des conditions de travail, \u00e0 la discrimination (y compris le sexe, l'orientation sexuelle, la grossesse et la maternit\u00e9, la race, le handicap, l'\u00e2ge, la religion et les convictions), au harc\u00e8lement et \u00e0 la victimisation, \u00e0 la d\u00e9nonciation, \u00e0 TUPE, \u00e0 l'\u00e9galit\u00e9 de r\u00e9mun\u00e9ration, aux cong\u00e9s pay\u00e9s et au temps de travail, au salaire minimum national, au statut des employ\u00e9s, aux questions li\u00e9es aux syndicats et \u00e0 l'IR35.<\/p>\n\n\n\n<p style=\"padding-top:var(--wp--preset--spacing--20);padding-bottom:var(--wp--preset--spacing--20)\">Le fait que nous repr\u00e9sentions \u00e0 la fois des employeurs et des employ\u00e9s nous permet d'envisager les questions d'emploi de mani\u00e8re globale. Le fait de savoir comment les processus internes doivent \u00eatre ex\u00e9cut\u00e9s correctement profite \u00e0 nos clients employ\u00e9s, car nous sommes en mesure de rep\u00e9rer les cas o\u00f9 ces processus n'ont pas \u00e9t\u00e9 ex\u00e9cut\u00e9s. Cela nous permet \u00e9galement de d\u00e9fendre nos clients employeurs, mais aussi de fournir des conseils proactifs afin d'\u00e9viter que de tels probl\u00e8mes ne se posent.<\/p>\n\n\n\n<p style=\"padding-top:var(--wp--preset--spacing--20);padding-bottom:var(--wp--preset--spacing--20)\">Nous avons de l'exp\u00e9rience dans la gestion d'affaires devant le tribunal du travail, le tribunal d'appel du travail et la cour d'appel. Nous avons trait\u00e9 des affaires d'une dur\u00e9e variable allant jusqu'\u00e0 25 jours et avons de l'exp\u00e9rience dans la gestion de litiges individuels et multipartites, ayant agi dans des affaires d\u00e9passant les 500 plaignants.<\/p>\n\n\n\n<p style=\"padding-top:var(--wp--preset--spacing--20);padding-bottom:var(--wp--preset--spacing--20)\">Nous avons particip\u00e9 \u00e0 un certain nombre de d\u00e9cisions importantes qui ont fait \u00e9voluer la mani\u00e8re dont le droit du travail est appliqu\u00e9 au Royaume-Uni.<\/p>\n\n\n\n<p style=\"padding-top:var(--wp--preset--spacing--20);padding-bottom:var(--wp--preset--spacing--20)\">Parmi les exemples r\u00e9cents, citons le conseil \u00e0 une entreprise mondiale de logistique dans le cadre de son enqu\u00eate sur des soup\u00e7ons de mauvaise conduite de la part de ses employ\u00e9s ; le conseil \u00e0 une organisation caritative sur les aspects li\u00e9s \u00e0 l'emploi (y compris TUPE) de la restructuration de ses activit\u00e9s ; et l'assistance \u00e0 un club de football professionnel dans le cadre de la n\u00e9gociation d'un r\u00e8glement des r\u00e9clamations li\u00e9es au licenciement d'un directeur.<\/p>\n\n\n\n<p style=\"padding-top:var(--wp--preset--spacing--20);padding-bottom:var(--wp--preset--spacing--20)\">Bas\u00e9 au centre de Londres, le service a une client\u00e8le nationale compos\u00e9e de particuliers, d'entreprises et d'organisations de toutes tailles.<\/p>\n\n\n\n<p style=\"padding-top:var(--wp--preset--spacing--20);padding-bottom:var(--wp--preset--spacing--20)\">Nous avons r\u00e9cemment repr\u00e9sent\u00e9 des particuliers fortun\u00e9s, une soci\u00e9t\u00e9 de production, une entreprise de construction, un club de football, une soci\u00e9t\u00e9 de transport et une organisation caritative.<\/p>\n\n\n\n<p style=\"padding-top:var(--wp--preset--spacing--20);padding-bottom:var(--wp--preset--spacing--20)\">En cas de litige, notre objectif est de traiter les affaires rapidement et efficacement en utilisant nos comp\u00e9tences aiguis\u00e9es en mati\u00e8re de n\u00e9gociation, de m\u00e9diation et, le cas \u00e9ch\u00e9ant, d'offres de r\u00e8glement en temps opportun.<\/p>\n\n\n\n<p style=\"padding-top:var(--wp--preset--spacing--20);padding-bottom:var(--wp--preset--spacing--20)\">\t\t\t\t\t\t<style>\r\n\t\t\t\t<style>\r\n#wpsm_accordion_2840 .wpsm_panel-heading{\r\n\tpadding:0px !important;\r\n}\r\n#wpsm_accordion_2840 .wpsm_panel-title {\r\n\tmargin:0px !important; \r\n\ttext-transform:none !important;\r\n\tline-height: 1 !important;\r\n}\r\n#wpsm_accordion_2840 .wpsm_panel-title a{\r\n\ttext-decoration:none;\r\n\toverflow:hidden;\r\n\tdisplay:block;\r\n\tpadding:0px;\r\n\tfont-size: 18px !important;\r\n\tfont-family: Open Sans !important;\r\n\tcolor:#000000 !important;\r\n\tborder-bottom:0px !important;\r\n}\r\n\r\n#wpsm_accordion_2840 .wpsm_panel-title a:focus {\r\noutline: 0px !important;\r\n}\r\n\r\n#wpsm_accordion_2840 .wpsm_panel-title a:hover, #wpsm_accordion_2840 .wpsm_panel-title a:focus {\r\n\tcolor:#000000 !important;\r\n}\r\n#wpsm_accordion_2840 .acc-a{\r\n\tcolor: #000000 !important;\r\n\tbackground-color:#e8e8e8 !important;\r\n\tborder-color: #ddd;\r\n}\r\n#wpsm_accordion_2840 .wpsm_panel-default > .wpsm_panel-heading{\r\n\tcolor: #000000 !important;\r\n\tbackground-color: #e8e8e8 !important;\r\n\tborder-color: #e8e8e8 !important;\r\n\tborder-top-left-radius: 0px;\r\n\tborder-top-right-radius: 0px;\r\n}\r\n#wpsm_accordion_2840 .wpsm_panel-default {\r\n\t\tborder:1px solid transparent !important;\r\n\t}\r\n#wpsm_accordion_2840 {\r\n\tmargin-bottom: 20px;\r\n\toverflow: hidden;\r\n\tfloat: none;\r\n\twidth: 100%;\r\n\tdisplay: block;\r\n}\r\n#wpsm_accordion_2840 .ac_title_class{\r\n\tdisplay: block;\r\n\tpadding-top: 12px;\r\n\tpadding-bottom: 12px;\r\n\tpadding-left: 15px;\r\n\tpadding-right: 15px;\r\n}\r\n#wpsm_accordion_2840  .wpsm_panel {\r\n\toverflow:hidden;\r\n\t-webkit-box-shadow: 0 0px 0px rgba(0, 0, 0, .05);\r\n\tbox-shadow: 0 0px 0px rgba(0, 0, 0, .05);\r\n\t\tborder-radius: 4px;\r\n\t}\r\n#wpsm_accordion_2840  .wpsm_panel + .wpsm_panel {\r\n\t\tmargin-top: 5px;\r\n\t}\r\n#wpsm_accordion_2840  .wpsm_panel-body{\r\n\tbackground-color:#ffffff !important;\r\n\tcolor:#000000 !important;\r\n\tborder-top-color: #e8e8e8 !important;\r\n\tfont-size:16px !important;\r\n\tfont-family: Open Sans !important;\r\n\toverflow: hidden;\r\n\t\tborder: 2px solid #e8e8e8 !important;\r\n\t}\r\n\r\n#wpsm_accordion_2840 .ac_open_cl_icon{\r\n\tbackground-color:#e8e8e8 !important;\r\n\tcolor: #000000 !important;\r\n\tfloat:right !important;\r\n\tpadding-top: 12px !important;\r\n\tpadding-bottom: 12px !important;\r\n\tline-height: 1.0 !important;\r\n\tpadding-left: 15px !important;\r\n\tpadding-right: 15px !important;\r\n\tdisplay: inline-block !important;\r\n}\r\n\r\n\t\t\t\r\n\t\t\t<\/style>\t\r\n\t\t\t<\/style>\r\n\t\t\t<div class=\"wpsm_panel-group\" id=\"wpsm_accordion_2840\" >\r\n\t\t\t\t\t\t\t\t\r\n\t\t\t\t\t<!-- Inner panel Start -->\r\n\t\t\t\t\t<div class=\"wpsm_panel wpsm_panel-default\">\r\n\t\t\t\t\t\t<div class=\"wpsm_panel-heading\" role=\"tab\" >\r\n\t\t\t\t\t\t  <h4 class=\"wpsm_panel-title\">\r\n\t\t\t\t\t\t\t<a  class=\"\"  data-toggle=\"collapse\" data-parent=\"#wpsm_accordion_2840 \" href=\"javascript:void(0)\" data-target=\"#ac_2840_collapse1\" onclick=\"do_resize()\">\r\n\t\t\t\t\t\t\t\t\t\t\t\t\t\t\t\t\t<span class=\"ac_open_cl_icon fa fa-minus\"><\/span>\r\n\t\t\t\t\t\t\t\t\t\r\n\t\t\t\t\t\t\t\t \r\n\t\t\t\t\t\t\t\t<span class=\"ac_title_class\">\r\n\t\t\t\t\t\t\t\t\tEXPERTISE :\t\t\t\t\t\t\t\t<\/span>\r\n\t\t\t\t\t\t\t<\/a>\r\n\t\t\t\t\t\t  <\/h4>\r\n\t\t\t\t\t\t<\/div>\r\n\t\t\t\t\t\t<div id=\"ac_2840_collapse1\" class=\"wpsm_panel-collapse collapse in\"  >\r\n\t\t\t\t\t\t  <div class=\"wpsm_panel-body\">\r\n\t\t\t\t\t\t\t<ul>\r\n \t<li>- Statut et droits des employ\u00e9s<\/li>\r\n \t<li>- Actionnaires salari\u00e9s<\/li>\r\n \t<li>- Contrats de travail<\/li>\r\n \t<li>- Modifications des conditions d'emploi<\/li>\r\n \t<li>- Transferts d'emploi et TUPE<\/li>\r\n \t<li>- Discrimination<\/li>\r\n \t<li>- Discrimination fond\u00e9e sur le handicap<\/li>\r\n \t<li>- Droits li\u00e9s \u00e0 la grossesse<\/li>\r\n \t<li>- Licenciement abusif<\/li>\r\n \t<li>- Licenciement constructif<\/li>\r\n \t<li>- Redondance et restructurations d'entreprises<\/li>\r\n \t<li>- Emploi alternatif appropri\u00e9 et indemnit\u00e9s de licenciement<\/li>\r\n \t<li>- Consultation collective et indemnit\u00e9s de protection<\/li>\r\n \t<li>- D\u00e9nonciation<\/li>\r\n \t<li>- La proc\u00e9dure devant le tribunal du travail<\/li>\r\n \t<li>- Accords de r\u00e8glement<\/li>\r\n<\/ul>\t\t\t\t\t\t  <\/div>\r\n\t\t\t\t\t\t<\/div>\r\n\t\t\t\t\t<\/div>\r\n\t\t\t\t\t<!-- Inner panel End -->\r\n\t\t\t\t\t\r\n\t\t\t\t\t\t\t<\/div>\r\n\t\t\t\r\n<script type=\"text\/javascript\">\r\n\t\r\n\t\tfunction do_resize(){\r\n\r\n\t\t\tvar width=jQuery( '.wpsm_panel .wpsm_panel-body iframe' ).width();\r\n\t\t\tvar height=jQuery( '.wpsm_panel .wpsm_panel-body iframe' ).height();\r\n\r\n\t\t\tvar toggleSize = true;\r\n\t\t\tjQuery('iframe').animate({\r\n\t\t\t    width: toggleSize ? width : 640,\r\n\t\t\t    height: toggleSize ? height : 360\r\n\t\t\t  }, 250);\r\n\r\n\t\t\t  toggleSize = !toggleSize;\r\n\t\t}\r\n\t\t\r\n<\/script>\t<\/p>","protected":false},"excerpt":{"rendered":"<p>Employment Law Ronald Fletcher Baker\u2019s dynamic, Legal 500 listed Employment Law department acts for both employers and employees on all aspects of employment law. Recent work has included advising high net-worth individuals, a production company, a construction firm, a football club, a transportation company, and a charity. We have a wealth of experience in advising &hellip; <a href=\"https:\/\/rfblegal.co.uk\/fr\/?p=2840\">Suite<\/a><\/p>","protected":false},"author":1,"featured_media":2822,"parent":357,"menu_order":0,"comment_status":"closed","ping_status":"closed","template":"tier2-template.blade.php","meta":{"_acf_changed":false,"om_disable_all_campaigns":false,"_uf_show_specific_survey":0,"_uf_disable_surveys":false,"footnotes":""},"class_list":["post-2184","page","type-page","status-publish","has-post-thumbnail","hentry"],"acf":[],"aioseo_notices":[],"yoast_head":"<!-- This site is optimized with the Yoast SEO plugin v27.2 - https:\/\/yoast.com\/product\/yoast-seo-wordpress\/ -->\n<title>Employment Law Services - RFB Legal<\/title>\n<meta name=\"description\" content=\"Employment Law Ronald Fletcher Baker\u2019s dynamic, Legal 500 listed Employment Law department acts for both employers and employees on all aspects of\" \/>\n<meta name=\"robots\" content=\"index, follow, max-snippet:-1, max-image-preview:large, max-video-preview:-1\" \/>\n<link rel=\"canonical\" href=\"https:\/\/rfblegal.co.uk\/fr\/services\/droit-des-personnes\/services-de-droit-du-travail\/\" \/>\n<meta property=\"og:locale\" content=\"fr_FR\" \/>\n<meta property=\"og:type\" content=\"article\" \/>\n<meta property=\"og:title\" content=\"Employment Law Services - RFB Legal\" \/>\n<meta property=\"og:description\" content=\"Employment Law Ronald Fletcher Baker\u2019s dynamic, Legal 500 listed Employment Law department acts for both employers and employees on all aspects of\" \/>\n<meta property=\"og:url\" content=\"https:\/\/rfblegal.co.uk\/fr\/services\/droit-des-personnes\/services-de-droit-du-travail\/\" \/>\n<meta property=\"og:site_name\" content=\"RFB Legal\" \/>\n<meta property=\"article:publisher\" content=\"https:\/\/www.facebook.com\/RFBLegal\/\" \/>\n<meta property=\"article:modified_time\" content=\"2026-04-20T16:26:08+00:00\" \/>\n<meta property=\"og:image\" content=\"https:\/\/rfblegal.co.uk\/wp-content\/uploads\/2024\/02\/Employment.jpg\" \/>\n\t<meta property=\"og:image:width\" content=\"1440\" \/>\n\t<meta property=\"og:image:height\" content=\"550\" \/>\n\t<meta property=\"og:image:type\" content=\"image\/jpeg\" \/>\n<meta name=\"twitter:card\" content=\"summary_large_image\" \/>\n<meta name=\"twitter:label1\" content=\"Est. reading time\" \/>\n\t<meta name=\"twitter:data1\" content=\"2 minutes\" \/>\n<script type=\"application\/ld+json\" class=\"yoast-schema-graph\">{\"@context\":\"https:\/\/schema.org\",\"@graph\":[{\"@type\":\"WebPage\",\"@id\":\"https:\/\/rfblegal.co.uk\/services\/personal-law\/employment-law-services\/\",\"url\":\"https:\/\/rfblegal.co.uk\/services\/personal-law\/employment-law-services\/\",\"name\":\"Employment Law Services - RFB Legal\",\"isPartOf\":{\"@id\":\"https:\/\/rfblegal.co.uk\/#website\"},\"primaryImageOfPage\":{\"@id\":\"https:\/\/rfblegal.co.uk\/services\/personal-law\/employment-law-services\/#primaryimage\"},\"image\":{\"@id\":\"https:\/\/rfblegal.co.uk\/services\/personal-law\/employment-law-services\/#primaryimage\"},\"thumbnailUrl\":\"https:\/\/rfblegal.co.uk\/wp-content\/uploads\/2024\/02\/Employment.jpg\",\"datePublished\":\"2024-02-21T13:08:58+00:00\",\"dateModified\":\"2026-04-20T16:26:08+00:00\",\"description\":\"Employment Law Ronald Fletcher Baker\u2019s dynamic, Legal 500 listed Employment Law department acts for both employers and employees on all aspects of\",\"breadcrumb\":{\"@id\":\"https:\/\/rfblegal.co.uk\/services\/personal-law\/employment-law-services\/#breadcrumb\"},\"inLanguage\":\"fr-FR\",\"potentialAction\":[{\"@type\":\"ReadAction\",\"target\":[\"https:\/\/rfblegal.co.uk\/services\/personal-law\/employment-law-services\/\"]}]},{\"@type\":\"ImageObject\",\"inLanguage\":\"fr-FR\",\"@id\":\"https:\/\/rfblegal.co.uk\/services\/personal-law\/employment-law-services\/#primaryimage\",\"url\":\"https:\/\/rfblegal.co.uk\/wp-content\/uploads\/2024\/02\/Employment.jpg\",\"contentUrl\":\"https:\/\/rfblegal.co.uk\/wp-content\/uploads\/2024\/02\/Employment.jpg\",\"width\":1440,\"height\":550},{\"@type\":\"BreadcrumbList\",\"@id\":\"https:\/\/rfblegal.co.uk\/services\/personal-law\/employment-law-services\/#breadcrumb\",\"itemListElement\":[{\"@type\":\"ListItem\",\"position\":1,\"name\":\"Home\",\"item\":\"https:\/\/rfblegal.co.uk\/\"},{\"@type\":\"ListItem\",\"position\":2,\"name\":\"Services\",\"item\":\"https:\/\/rfblegal.co.uk\/services\/\"},{\"@type\":\"ListItem\",\"position\":3,\"name\":\"Personal Law Services\",\"item\":\"https:\/\/rfblegal.co.uk\/services\/personal-law\/\"},{\"@type\":\"ListItem\",\"position\":4,\"name\":\"Employment Law Services\"}]},{\"@type\":\"WebSite\",\"@id\":\"https:\/\/rfblegal.co.uk\/#website\",\"url\":\"https:\/\/rfblegal.co.uk\/\",\"name\":\"RFB Legal\",\"description\":\"\",\"publisher\":{\"@id\":\"https:\/\/rfblegal.co.uk\/#organization\"},\"potentialAction\":[{\"@type\":\"SearchAction\",\"target\":{\"@type\":\"EntryPoint\",\"urlTemplate\":\"https:\/\/rfblegal.co.uk\/?s={search_term_string}\"},\"query-input\":{\"@type\":\"PropertyValueSpecification\",\"valueRequired\":true,\"valueName\":\"search_term_string\"}}],\"inLanguage\":\"fr-FR\"},{\"@type\":\"Organization\",\"@id\":\"https:\/\/rfblegal.co.uk\/#organization\",\"name\":\"RFB Legal\",\"url\":\"https:\/\/rfblegal.co.uk\/\",\"logo\":{\"@type\":\"ImageObject\",\"inLanguage\":\"fr-FR\",\"@id\":\"https:\/\/rfblegal.co.uk\/#\/schema\/logo\/image\/\",\"url\":\"https:\/\/rfblegal.co.uk\/wp-content\/uploads\/2024\/01\/header_company_logo.svg\",\"contentUrl\":\"https:\/\/rfblegal.co.uk\/wp-content\/uploads\/2024\/01\/header_company_logo.svg\",\"caption\":\"RFB Legal\"},\"image\":{\"@id\":\"https:\/\/rfblegal.co.uk\/#\/schema\/logo\/image\/\"},\"sameAs\":[\"https:\/\/www.facebook.com\/RFBLegal\/\",\"https:\/\/www.linkedin.com\/uas\/login?session_redirect=company2012282\",\"https:\/\/www.instagram.com\/rfb_legal\/\"]}]}<\/script>\n<!-- \/ Yoast SEO plugin. -->","yoast_head_json":{"title":"Services de droit du travail - RFB Legal","description":"Droit du travail Ronald Le d\u00e9partement dynamique de droit du travail de Fletcher Baker, class\u00e9 au Legal 500, repr\u00e9sente les employeurs et les employ\u00e9s dans tous les aspects du droit du travail.","robots":{"index":"index","follow":"follow","max-snippet":"max-snippet:-1","max-image-preview":"max-image-preview:large","max-video-preview":"max-video-preview:-1"},"canonical":"https:\/\/rfblegal.co.uk\/fr\/services\/droit-des-personnes\/services-de-droit-du-travail\/","og_locale":"fr_FR","og_type":"article","og_title":"Employment Law Services - RFB Legal","og_description":"Employment Law Ronald Fletcher Baker\u2019s dynamic, Legal 500 listed Employment Law department acts for both employers and employees on all aspects of","og_url":"https:\/\/rfblegal.co.uk\/fr\/services\/droit-des-personnes\/services-de-droit-du-travail\/","og_site_name":"RFB Legal","article_publisher":"https:\/\/www.facebook.com\/RFBLegal\/","article_modified_time":"2026-04-20T16:26:08+00:00","og_image":[{"width":1440,"height":550,"url":"https:\/\/rfblegal.co.uk\/wp-content\/uploads\/2024\/02\/Employment.jpg","type":"image\/jpeg"}],"twitter_card":"summary_large_image","twitter_misc":{"Est. reading time":"2 minutes"},"schema":{"@context":"https:\/\/schema.org","@graph":[{"@type":"WebPage","@id":"https:\/\/rfblegal.co.uk\/services\/personal-law\/employment-law-services\/","url":"https:\/\/rfblegal.co.uk\/services\/personal-law\/employment-law-services\/","name":"Services de droit du travail - RFB Legal","isPartOf":{"@id":"https:\/\/rfblegal.co.uk\/#website"},"primaryImageOfPage":{"@id":"https:\/\/rfblegal.co.uk\/services\/personal-law\/employment-law-services\/#primaryimage"},"image":{"@id":"https:\/\/rfblegal.co.uk\/services\/personal-law\/employment-law-services\/#primaryimage"},"thumbnailUrl":"https:\/\/rfblegal.co.uk\/wp-content\/uploads\/2024\/02\/Employment.jpg","datePublished":"2024-02-21T13:08:58+00:00","dateModified":"2026-04-20T16:26:08+00:00","description":"Droit du travail Ronald Le d\u00e9partement dynamique de droit du travail de Fletcher Baker, class\u00e9 au Legal 500, repr\u00e9sente les employeurs et les employ\u00e9s dans tous les aspects du droit du travail.","breadcrumb":{"@id":"https:\/\/rfblegal.co.uk\/services\/personal-law\/employment-law-services\/#breadcrumb"},"inLanguage":"fr-FR","potentialAction":[{"@type":"ReadAction","target":["https:\/\/rfblegal.co.uk\/services\/personal-law\/employment-law-services\/"]}]},{"@type":"ImageObject","inLanguage":"fr-FR","@id":"https:\/\/rfblegal.co.uk\/services\/personal-law\/employment-law-services\/#primaryimage","url":"https:\/\/rfblegal.co.uk\/wp-content\/uploads\/2024\/02\/Employment.jpg","contentUrl":"https:\/\/rfblegal.co.uk\/wp-content\/uploads\/2024\/02\/Employment.jpg","width":1440,"height":550},{"@type":"BreadcrumbList","@id":"https:\/\/rfblegal.co.uk\/services\/personal-law\/employment-law-services\/#breadcrumb","itemListElement":[{"@type":"ListItem","position":1,"name":"Home","item":"https:\/\/rfblegal.co.uk\/"},{"@type":"ListItem","position":2,"name":"Services","item":"https:\/\/rfblegal.co.uk\/services\/"},{"@type":"ListItem","position":3,"name":"Personal Law Services","item":"https:\/\/rfblegal.co.uk\/services\/personal-law\/"},{"@type":"ListItem","position":4,"name":"Employment Law Services"}]},{"@type":"WebSite","@id":"https:\/\/rfblegal.co.uk\/#website","url":"https:\/\/rfblegal.co.uk\/","name":"Appel d'offres juridique","description":"","publisher":{"@id":"https:\/\/rfblegal.co.uk\/#organization"},"potentialAction":[{"@type":"SearchAction","target":{"@type":"EntryPoint","urlTemplate":"https:\/\/rfblegal.co.uk\/?s={search_term_string}"},"query-input":{"@type":"PropertyValueSpecification","valueRequired":true,"valueName":"search_term_string"}}],"inLanguage":"fr-FR"},{"@type":"Organization","@id":"https:\/\/rfblegal.co.uk\/#organization","name":"Appel d'offres juridique","url":"https:\/\/rfblegal.co.uk\/","logo":{"@type":"ImageObject","inLanguage":"fr-FR","@id":"https:\/\/rfblegal.co.uk\/#\/schema\/logo\/image\/","url":"https:\/\/rfblegal.co.uk\/wp-content\/uploads\/2024\/01\/header_company_logo.svg","contentUrl":"https:\/\/rfblegal.co.uk\/wp-content\/uploads\/2024\/01\/header_company_logo.svg","caption":"RFB Legal"},"image":{"@id":"https:\/\/rfblegal.co.uk\/#\/schema\/logo\/image\/"},"sameAs":["https:\/\/www.facebook.com\/RFBLegal\/","https:\/\/www.linkedin.com\/uas\/login?session_redirect=company2012282","https:\/\/www.instagram.com\/rfb_legal\/"]}]}},"_links":{"self":[{"href":"https:\/\/rfblegal.co.uk\/fr\/wp-json\/wp\/v2\/pages\/2184","targetHints":{"allow":["GET"]}}],"collection":[{"href":"https:\/\/rfblegal.co.uk\/fr\/wp-json\/wp\/v2\/pages"}],"about":[{"href":"https:\/\/rfblegal.co.uk\/fr\/wp-json\/wp\/v2\/types\/page"}],"author":[{"embeddable":true,"href":"https:\/\/rfblegal.co.uk\/fr\/wp-json\/wp\/v2\/users\/1"}],"replies":[{"embeddable":true,"href":"https:\/\/rfblegal.co.uk\/fr\/wp-json\/wp\/v2\/comments?post=2184"}],"version-history":[{"count":2,"href":"https:\/\/rfblegal.co.uk\/fr\/wp-json\/wp\/v2\/pages\/2184\/revisions"}],"predecessor-version":[{"id":9294,"href":"https:\/\/rfblegal.co.uk\/fr\/wp-json\/wp\/v2\/pages\/2184\/revisions\/9294"}],"up":[{"embeddable":true,"href":"https:\/\/rfblegal.co.uk\/fr\/wp-json\/wp\/v2\/pages\/357"}],"wp:featuredmedia":[{"embeddable":true,"href":"https:\/\/rfblegal.co.uk\/fr\/wp-json\/wp\/v2\/media\/2822"}],"wp:attachment":[{"href":"https:\/\/rfblegal.co.uk\/fr\/wp-json\/wp\/v2\/media?parent=2184"}],"curies":[{"name":"wp","href":"https:\/\/api.w.org\/{rel}","templated":true}]}}