{"id":2161,"date":"2024-02-21T12:53:12","date_gmt":"2024-02-21T12:53:12","guid":{"rendered":"https:\/\/rfblegal.co.uk\/?page_id=2161"},"modified":"2025-09-04T18:12:09","modified_gmt":"2025-09-04T18:12:09","slug":"reglement-alternatif-des-litiges-adr","status":"publish","type":"page","link":"https:\/\/rfblegal.co.uk\/fr\/services\/droit-des-personnes\/contentieux-immobilier\/reglement-alternatif-des-litiges-adr\/","title":{"rendered":"R\u00e8glement extrajudiciaire des litiges (ADR)"},"content":{"rendered":"<h2 class=\"wp-block-heading has-2-xl-font-size\" style=\"padding-top:var(--wp--preset--spacing--20);padding-bottom:var(--wp--preset--spacing--20);font-style:normal;font-weight:600\">R\u00e8glement extrajudiciaire des litiges<\/h2>\n\n\n\n<h4 class=\"wp-block-heading has-lg-font-size\" style=\"padding-top:var(--wp--preset--spacing--20);padding-bottom:var(--wp--preset--spacing--20);font-style:normal;font-weight:500\"><strong>La voie traditionnelle du contentieux pour r\u00e9soudre les litiges pr\u00e9sente de nombreux avantages, mais les co\u00fbts du contentieux peuvent \u00eatre \u00e9lev\u00e9s. Souvent, les gens veulent adopter une approche commerciale et trouver des solutions plut\u00f4t que de d\u00e9battre de questions juridiques discr\u00e8tes.<\/strong><\/h4>\n\n\n\n<p style=\"padding-top:var(--wp--preset--spacing--20);padding-bottom:var(--wp--preset--spacing--20)\">La m\u00e9diation offre une alternative qui promet d'\u00eatre rapide, peu co\u00fbteuse et confidentielle. Nous proposons des services de m\u00e9diation commerciale au niveau national depuis nos bureaux de Londres, Manchester et Exeter, et au niveau international. Nous pouvons organiser la m\u00e9diation dans vos locaux ou dans un lieu totalement neutre.<\/p>\n\n\n\n<p style=\"padding-top:var(--wp--preset--spacing--20);padding-bottom:var(--wp--preset--spacing--20)\">L'\u00e9quipe de Ronald Fletcher Baker a l'exp\u00e9rience d'un large \u00e9ventail de litiges et a la capacit\u00e9 de s'attaquer aux v\u00e9ritables probl\u00e8mes en jeu et d'aider \u00e0 trouver des solutions. Notre \u00e9quipe compte deux m\u00e9diateurs qualifi\u00e9s, \u00e0 savoir Rudi Ramdarshan, personnalit\u00e9 de premier plan, et Ben Frost, avocat recommand\u00e9.&nbsp;<\/p>\n\n\n\n<p style=\"padding-top:var(--wp--preset--spacing--20);padding-bottom:var(--wp--preset--spacing--20)\">\t\t\t\t\t\t<style>\r\n\t\t\t\t<style>\r\n#wpsm_accordion_2791 .wpsm_panel-heading{\r\n\tpadding:0px !important;\r\n}\r\n#wpsm_accordion_2791 .wpsm_panel-title {\r\n\tmargin:0px !important; \r\n\ttext-transform:none !important;\r\n\tline-height: 1 !important;\r\n}\r\n#wpsm_accordion_2791 .wpsm_panel-title a{\r\n\ttext-decoration:none;\r\n\toverflow:hidden;\r\n\tdisplay:block;\r\n\tpadding:0px;\r\n\tfont-size: 18px !important;\r\n\tfont-family: Open Sans !important;\r\n\tcolor:#000000 !important;\r\n\tborder-bottom:0px !important;\r\n}\r\n\r\n#wpsm_accordion_2791 .wpsm_panel-title a:focus {\r\noutline: 0px !important;\r\n}\r\n\r\n#wpsm_accordion_2791 .wpsm_panel-title a:hover, #wpsm_accordion_2791 .wpsm_panel-title a:focus {\r\n\tcolor:#000000 !important;\r\n}\r\n#wpsm_accordion_2791 .acc-a{\r\n\tcolor: #000000 !important;\r\n\tbackground-color:#e8e8e8 !important;\r\n\tborder-color: #ddd;\r\n}\r\n#wpsm_accordion_2791 .wpsm_panel-default > .wpsm_panel-heading{\r\n\tcolor: #000000 !important;\r\n\tbackground-color: #e8e8e8 !important;\r\n\tborder-color: #e8e8e8 !important;\r\n\tborder-top-left-radius: 0px;\r\n\tborder-top-right-radius: 0px;\r\n}\r\n#wpsm_accordion_2791 .wpsm_panel-default {\r\n\t\tborder:1px solid transparent !important;\r\n\t}\r\n#wpsm_accordion_2791 {\r\n\tmargin-bottom: 20px;\r\n\toverflow: hidden;\r\n\tfloat: none;\r\n\twidth: 100%;\r\n\tdisplay: block;\r\n}\r\n#wpsm_accordion_2791 .ac_title_class{\r\n\tdisplay: block;\r\n\tpadding-top: 12px;\r\n\tpadding-bottom: 12px;\r\n\tpadding-left: 15px;\r\n\tpadding-right: 15px;\r\n}\r\n#wpsm_accordion_2791  .wpsm_panel {\r\n\toverflow:hidden;\r\n\t-webkit-box-shadow: 0 0px 0px rgba(0, 0, 0, .05);\r\n\tbox-shadow: 0 0px 0px rgba(0, 0, 0, .05);\r\n\t\tborder-radius: 4px;\r\n\t}\r\n#wpsm_accordion_2791  .wpsm_panel + .wpsm_panel {\r\n\t\tmargin-top: 5px;\r\n\t}\r\n#wpsm_accordion_2791  .wpsm_panel-body{\r\n\tbackground-color:#ffffff !important;\r\n\tcolor:#000000 !important;\r\n\tborder-top-color: #e8e8e8 !important;\r\n\tfont-size:16px !important;\r\n\tfont-family: Open Sans !important;\r\n\toverflow: hidden;\r\n\t\tborder: 2px solid #e8e8e8 !important;\r\n\t}\r\n\r\n#wpsm_accordion_2791 .ac_open_cl_icon{\r\n\tbackground-color:#e8e8e8 !important;\r\n\tcolor: #000000 !important;\r\n\tfloat:right !important;\r\n\tpadding-top: 12px !important;\r\n\tpadding-bottom: 12px !important;\r\n\tline-height: 1.0 !important;\r\n\tpadding-left: 15px !important;\r\n\tpadding-right: 15px !important;\r\n\tdisplay: inline-block !important;\r\n}\r\n\r\n\t\t\t\r\n\t\t\t<\/style>\t\r\n\t\t\t<\/style>\r\n\t\t\t<div class=\"wpsm_panel-group\" id=\"wpsm_accordion_2791\" >\r\n\t\t\t\t\t\t\t\t\r\n\t\t\t\t\t<!-- Inner panel Start -->\r\n\t\t\t\t\t<div class=\"wpsm_panel wpsm_panel-default\">\r\n\t\t\t\t\t\t<div class=\"wpsm_panel-heading\" role=\"tab\" >\r\n\t\t\t\t\t\t  <h4 class=\"wpsm_panel-title\">\r\n\t\t\t\t\t\t\t<a  class=\"\"  data-toggle=\"collapse\" data-parent=\"#wpsm_accordion_2791 \" href=\"javascript:void(0)\" data-target=\"#ac_2791_collapse1\" onclick=\"do_resize()\">\r\n\t\t\t\t\t\t\t\t\t\t\t\t\t\t\t\t\t<span class=\"ac_open_cl_icon fa fa-minus\"><\/span>\r\n\t\t\t\t\t\t\t\t\t\r\n\t\t\t\t\t\t\t\t \r\n\t\t\t\t\t\t\t\t<span class=\"ac_title_class\">\r\n\t\t\t\t\t\t\t\t\tEXPERTISE :\t\t\t\t\t\t\t\t<\/span>\r\n\t\t\t\t\t\t\t<\/a>\r\n\t\t\t\t\t\t  <\/h4>\r\n\t\t\t\t\t\t<\/div>\r\n\t\t\t\t\t\t<div id=\"ac_2791_collapse1\" class=\"wpsm_panel-collapse collapse in\"  >\r\n\t\t\t\t\t\t  <div class=\"wpsm_panel-body\">\r\n\t\t\t\t\t\t\t<ul>\r\n \t<li>- Ventes et achats en pleine propri\u00e9t\u00e9 et en location<\/li>\r\n \t<li>- Refinancement immobilier<\/li>\r\n \t<li>- Transfert de fonds propres<\/li>\r\n \t<li>- Ventes\/achats de biens \u00e0 valeur nette \u00e9lev\u00e9e<\/li>\r\n \t<li>- Ventes\/achats aux ench\u00e8res<\/li>\r\n \t<li>- Projets d'appartements complexes et transactions locatives<\/li>\r\n<\/ul>\t\t\t\t\t\t  <\/div>\r\n\t\t\t\t\t\t<\/div>\r\n\t\t\t\t\t<\/div>\r\n\t\t\t\t\t<!-- Inner panel End -->\r\n\t\t\t\t\t\r\n\t\t\t\t\t\t\t<\/div>\r\n\t\t\t\r\n<script type=\"text\/javascript\">\r\n\t\r\n\t\tfunction do_resize(){\r\n\r\n\t\t\tvar width=jQuery( '.wpsm_panel .wpsm_panel-body iframe' ).width();\r\n\t\t\tvar height=jQuery( '.wpsm_panel .wpsm_panel-body iframe' ).height();\r\n\r\n\t\t\tvar toggleSize = true;\r\n\t\t\tjQuery('iframe').animate({\r\n\t\t\t    width: toggleSize ? width : 640,\r\n\t\t\t    height: toggleSize ? height : 360\r\n\t\t\t  }, 250);\r\n\r\n\t\t\t  toggleSize = !toggleSize;\r\n\t\t}\r\n\t\t\r\n<\/script>\t<\/p>","protected":false},"excerpt":{"rendered":"<p>R\u00e8glement extrajudiciaire des litiges La voie judiciaire traditionnelle pour r\u00e9soudre les litiges pr\u00e9sente de nombreux avantages, mais les co\u00fbts de la proc\u00e9dure peuvent \u00eatre \u00e9lev\u00e9s. Souvent, les gens veulent adopter une approche commerciale et trouver des solutions plut\u00f4t que de d\u00e9battre de questions juridiques discr\u00e8tes. La m\u00e9diation offre une alternative qui promet d'\u00eatre rapide, peu co\u00fbteuse et confidentielle. Nous proposons des services de ... <a href=\"https:\/\/rfblegal.co.uk\/fr\/?p=2791\">Suite<\/a><\/p>","protected":false},"author":1,"featured_media":2733,"parent":2126,"menu_order":0,"comment_status":"closed","ping_status":"closed","template":"tier3-template.blade.php","meta":{"_acf_changed":false,"om_disable_all_campaigns":false,"_uf_show_specific_survey":0,"_uf_disable_surveys":false,"footnotes":""},"class_list":["post-2161","page","type-page","status-publish","has-post-thumbnail","hentry"],"acf":[],"aioseo_notices":[],"yoast_head":"<!-- This site is optimized with the Yoast SEO plugin v27.2 - https:\/\/yoast.com\/product\/yoast-seo-wordpress\/ -->\n<title>Alternative Dispute Resolution (ADR) - RFB Legal<\/title>\n<meta name=\"description\" content=\"Alternative Dispute Resolution The traditional litigation route for resolving disputes\" \/>\n<meta name=\"robots\" content=\"index, follow, max-snippet:-1, max-image-preview:large, max-video-preview:-1\" \/>\n<link rel=\"canonical\" href=\"https:\/\/rfblegal.co.uk\/fr\/services\/droit-des-personnes\/contentieux-immobilier\/reglement-alternatif-des-litiges-adr\/\" \/>\n<meta property=\"og:locale\" content=\"fr_FR\" \/>\n<meta property=\"og:type\" content=\"article\" \/>\n<meta property=\"og:title\" content=\"Alternative Dispute Resolution (ADR) - RFB Legal\" \/>\n<meta property=\"og:description\" content=\"Alternative Dispute Resolution The traditional litigation route for resolving disputes\" \/>\n<meta property=\"og:url\" content=\"https:\/\/rfblegal.co.uk\/fr\/services\/droit-des-personnes\/contentieux-immobilier\/reglement-alternatif-des-litiges-adr\/\" \/>\n<meta property=\"og:site_name\" content=\"RFB Legal\" \/>\n<meta property=\"article:publisher\" content=\"https:\/\/www.facebook.com\/RFBLegal\/\" \/>\n<meta property=\"article:modified_time\" content=\"2025-09-04T18:12:09+00:00\" \/>\n<meta property=\"og:image\" content=\"https:\/\/rfblegal.co.uk\/wp-content\/uploads\/2024\/02\/Alternative_Dispute_Resolution.jpg\" \/>\n\t<meta property=\"og:image:width\" content=\"1440\" \/>\n\t<meta property=\"og:image:height\" content=\"550\" \/>\n\t<meta property=\"og:image:type\" content=\"image\/jpeg\" \/>\n<meta name=\"twitter:card\" content=\"summary_large_image\" \/>\n<meta name=\"twitter:label1\" content=\"Est. reading time\" \/>\n\t<meta name=\"twitter:data1\" content=\"1 minute\" \/>\n<script type=\"application\/ld+json\" class=\"yoast-schema-graph\">{\"@context\":\"https:\/\/schema.org\",\"@graph\":[{\"@type\":\"WebPage\",\"@id\":\"https:\/\/rfblegal.co.uk\/services\/personal-law\/property-litigation\/alternative-dispute-resolution-adr\/\",\"url\":\"https:\/\/rfblegal.co.uk\/services\/personal-law\/property-litigation\/alternative-dispute-resolution-adr\/\",\"name\":\"Alternative Dispute Resolution (ADR) - RFB Legal\",\"isPartOf\":{\"@id\":\"https:\/\/rfblegal.co.uk\/#website\"},\"primaryImageOfPage\":{\"@id\":\"https:\/\/rfblegal.co.uk\/services\/personal-law\/property-litigation\/alternative-dispute-resolution-adr\/#primaryimage\"},\"image\":{\"@id\":\"https:\/\/rfblegal.co.uk\/services\/personal-law\/property-litigation\/alternative-dispute-resolution-adr\/#primaryimage\"},\"thumbnailUrl\":\"https:\/\/rfblegal.co.uk\/wp-content\/uploads\/2024\/02\/Alternative_Dispute_Resolution.jpg\",\"datePublished\":\"2024-02-21T12:53:12+00:00\",\"dateModified\":\"2025-09-04T18:12:09+00:00\",\"description\":\"Alternative Dispute Resolution The traditional litigation route for resolving disputes\",\"breadcrumb\":{\"@id\":\"https:\/\/rfblegal.co.uk\/services\/personal-law\/property-litigation\/alternative-dispute-resolution-adr\/#breadcrumb\"},\"inLanguage\":\"fr-FR\",\"potentialAction\":[{\"@type\":\"ReadAction\",\"target\":[\"https:\/\/rfblegal.co.uk\/services\/personal-law\/property-litigation\/alternative-dispute-resolution-adr\/\"]}]},{\"@type\":\"ImageObject\",\"inLanguage\":\"fr-FR\",\"@id\":\"https:\/\/rfblegal.co.uk\/services\/personal-law\/property-litigation\/alternative-dispute-resolution-adr\/#primaryimage\",\"url\":\"https:\/\/rfblegal.co.uk\/wp-content\/uploads\/2024\/02\/Alternative_Dispute_Resolution.jpg\",\"contentUrl\":\"https:\/\/rfblegal.co.uk\/wp-content\/uploads\/2024\/02\/Alternative_Dispute_Resolution.jpg\",\"width\":1440,\"height\":550},{\"@type\":\"BreadcrumbList\",\"@id\":\"https:\/\/rfblegal.co.uk\/services\/personal-law\/property-litigation\/alternative-dispute-resolution-adr\/#breadcrumb\",\"itemListElement\":[{\"@type\":\"ListItem\",\"position\":1,\"name\":\"Home\",\"item\":\"https:\/\/rfblegal.co.uk\/\"},{\"@type\":\"ListItem\",\"position\":2,\"name\":\"Services\",\"item\":\"https:\/\/rfblegal.co.uk\/services\/\"},{\"@type\":\"ListItem\",\"position\":3,\"name\":\"Personal Law Services\",\"item\":\"https:\/\/rfblegal.co.uk\/services\/personal-law\/\"},{\"@type\":\"ListItem\",\"position\":4,\"name\":\"Property Litigation\",\"item\":\"https:\/\/rfblegal.co.uk\/services\/personal-law\/property-litigation\/\"},{\"@type\":\"ListItem\",\"position\":5,\"name\":\"Alternative Dispute Resolution (ADR)\"}]},{\"@type\":\"WebSite\",\"@id\":\"https:\/\/rfblegal.co.uk\/#website\",\"url\":\"https:\/\/rfblegal.co.uk\/\",\"name\":\"RFB Legal\",\"description\":\"\",\"publisher\":{\"@id\":\"https:\/\/rfblegal.co.uk\/#organization\"},\"potentialAction\":[{\"@type\":\"SearchAction\",\"target\":{\"@type\":\"EntryPoint\",\"urlTemplate\":\"https:\/\/rfblegal.co.uk\/?s={search_term_string}\"},\"query-input\":{\"@type\":\"PropertyValueSpecification\",\"valueRequired\":true,\"valueName\":\"search_term_string\"}}],\"inLanguage\":\"fr-FR\"},{\"@type\":\"Organization\",\"@id\":\"https:\/\/rfblegal.co.uk\/#organization\",\"name\":\"RFB Legal\",\"url\":\"https:\/\/rfblegal.co.uk\/\",\"logo\":{\"@type\":\"ImageObject\",\"inLanguage\":\"fr-FR\",\"@id\":\"https:\/\/rfblegal.co.uk\/#\/schema\/logo\/image\/\",\"url\":\"https:\/\/rfblegal.co.uk\/wp-content\/uploads\/2024\/01\/header_company_logo.svg\",\"contentUrl\":\"https:\/\/rfblegal.co.uk\/wp-content\/uploads\/2024\/01\/header_company_logo.svg\",\"caption\":\"RFB Legal\"},\"image\":{\"@id\":\"https:\/\/rfblegal.co.uk\/#\/schema\/logo\/image\/\"},\"sameAs\":[\"https:\/\/www.facebook.com\/RFBLegal\/\",\"https:\/\/www.linkedin.com\/uas\/login?session_redirect=company2012282\",\"https:\/\/www.instagram.com\/rfb_legal\/\"]}]}<\/script>\n<!-- \/ Yoast SEO plugin. -->","yoast_head_json":{"title":"R\u00e8glement extrajudiciaire des litiges (ADR) - Appel d'offres juridique","description":"R\u00e8glement extrajudiciaire des litiges La voie judiciaire traditionnelle pour r\u00e9soudre les litiges","robots":{"index":"index","follow":"follow","max-snippet":"max-snippet:-1","max-image-preview":"max-image-preview:large","max-video-preview":"max-video-preview:-1"},"canonical":"https:\/\/rfblegal.co.uk\/fr\/services\/droit-des-personnes\/contentieux-immobilier\/reglement-alternatif-des-litiges-adr\/","og_locale":"fr_FR","og_type":"article","og_title":"Alternative Dispute Resolution (ADR) - RFB Legal","og_description":"Alternative Dispute Resolution The traditional litigation route for resolving disputes","og_url":"https:\/\/rfblegal.co.uk\/fr\/services\/droit-des-personnes\/contentieux-immobilier\/reglement-alternatif-des-litiges-adr\/","og_site_name":"RFB Legal","article_publisher":"https:\/\/www.facebook.com\/RFBLegal\/","article_modified_time":"2025-09-04T18:12:09+00:00","og_image":[{"width":1440,"height":550,"url":"https:\/\/rfblegal.co.uk\/wp-content\/uploads\/2024\/02\/Alternative_Dispute_Resolution.jpg","type":"image\/jpeg"}],"twitter_card":"summary_large_image","twitter_misc":{"Est. reading time":"1 minute"},"schema":{"@context":"https:\/\/schema.org","@graph":[{"@type":"WebPage","@id":"https:\/\/rfblegal.co.uk\/services\/personal-law\/property-litigation\/alternative-dispute-resolution-adr\/","url":"https:\/\/rfblegal.co.uk\/services\/personal-law\/property-litigation\/alternative-dispute-resolution-adr\/","name":"R\u00e8glement extrajudiciaire des litiges (ADR) - Appel d'offres juridique","isPartOf":{"@id":"https:\/\/rfblegal.co.uk\/#website"},"primaryImageOfPage":{"@id":"https:\/\/rfblegal.co.uk\/services\/personal-law\/property-litigation\/alternative-dispute-resolution-adr\/#primaryimage"},"image":{"@id":"https:\/\/rfblegal.co.uk\/services\/personal-law\/property-litigation\/alternative-dispute-resolution-adr\/#primaryimage"},"thumbnailUrl":"https:\/\/rfblegal.co.uk\/wp-content\/uploads\/2024\/02\/Alternative_Dispute_Resolution.jpg","datePublished":"2024-02-21T12:53:12+00:00","dateModified":"2025-09-04T18:12:09+00:00","description":"R\u00e8glement extrajudiciaire des litiges La voie judiciaire traditionnelle pour r\u00e9soudre les litiges","breadcrumb":{"@id":"https:\/\/rfblegal.co.uk\/services\/personal-law\/property-litigation\/alternative-dispute-resolution-adr\/#breadcrumb"},"inLanguage":"fr-FR","potentialAction":[{"@type":"ReadAction","target":["https:\/\/rfblegal.co.uk\/services\/personal-law\/property-litigation\/alternative-dispute-resolution-adr\/"]}]},{"@type":"ImageObject","inLanguage":"fr-FR","@id":"https:\/\/rfblegal.co.uk\/services\/personal-law\/property-litigation\/alternative-dispute-resolution-adr\/#primaryimage","url":"https:\/\/rfblegal.co.uk\/wp-content\/uploads\/2024\/02\/Alternative_Dispute_Resolution.jpg","contentUrl":"https:\/\/rfblegal.co.uk\/wp-content\/uploads\/2024\/02\/Alternative_Dispute_Resolution.jpg","width":1440,"height":550},{"@type":"BreadcrumbList","@id":"https:\/\/rfblegal.co.uk\/services\/personal-law\/property-litigation\/alternative-dispute-resolution-adr\/#breadcrumb","itemListElement":[{"@type":"ListItem","position":1,"name":"Home","item":"https:\/\/rfblegal.co.uk\/"},{"@type":"ListItem","position":2,"name":"Services","item":"https:\/\/rfblegal.co.uk\/services\/"},{"@type":"ListItem","position":3,"name":"Personal Law Services","item":"https:\/\/rfblegal.co.uk\/services\/personal-law\/"},{"@type":"ListItem","position":4,"name":"Property Litigation","item":"https:\/\/rfblegal.co.uk\/services\/personal-law\/property-litigation\/"},{"@type":"ListItem","position":5,"name":"Alternative Dispute Resolution (ADR)"}]},{"@type":"WebSite","@id":"https:\/\/rfblegal.co.uk\/#website","url":"https:\/\/rfblegal.co.uk\/","name":"Appel d'offres juridique","description":"","publisher":{"@id":"https:\/\/rfblegal.co.uk\/#organization"},"potentialAction":[{"@type":"SearchAction","target":{"@type":"EntryPoint","urlTemplate":"https:\/\/rfblegal.co.uk\/?s={search_term_string}"},"query-input":{"@type":"PropertyValueSpecification","valueRequired":true,"valueName":"search_term_string"}}],"inLanguage":"fr-FR"},{"@type":"Organization","@id":"https:\/\/rfblegal.co.uk\/#organization","name":"Appel d'offres juridique","url":"https:\/\/rfblegal.co.uk\/","logo":{"@type":"ImageObject","inLanguage":"fr-FR","@id":"https:\/\/rfblegal.co.uk\/#\/schema\/logo\/image\/","url":"https:\/\/rfblegal.co.uk\/wp-content\/uploads\/2024\/01\/header_company_logo.svg","contentUrl":"https:\/\/rfblegal.co.uk\/wp-content\/uploads\/2024\/01\/header_company_logo.svg","caption":"RFB Legal"},"image":{"@id":"https:\/\/rfblegal.co.uk\/#\/schema\/logo\/image\/"},"sameAs":["https:\/\/www.facebook.com\/RFBLegal\/","https:\/\/www.linkedin.com\/uas\/login?session_redirect=company2012282","https:\/\/www.instagram.com\/rfb_legal\/"]}]}},"_links":{"self":[{"href":"https:\/\/rfblegal.co.uk\/fr\/wp-json\/wp\/v2\/pages\/2161","targetHints":{"allow":["GET"]}}],"collection":[{"href":"https:\/\/rfblegal.co.uk\/fr\/wp-json\/wp\/v2\/pages"}],"about":[{"href":"https:\/\/rfblegal.co.uk\/fr\/wp-json\/wp\/v2\/types\/page"}],"author":[{"embeddable":true,"href":"https:\/\/rfblegal.co.uk\/fr\/wp-json\/wp\/v2\/users\/1"}],"replies":[{"embeddable":true,"href":"https:\/\/rfblegal.co.uk\/fr\/wp-json\/wp\/v2\/comments?post=2161"}],"version-history":[{"count":1,"href":"https:\/\/rfblegal.co.uk\/fr\/wp-json\/wp\/v2\/pages\/2161\/revisions"}],"predecessor-version":[{"id":6972,"href":"https:\/\/rfblegal.co.uk\/fr\/wp-json\/wp\/v2\/pages\/2161\/revisions\/6972"}],"up":[{"embeddable":true,"href":"https:\/\/rfblegal.co.uk\/fr\/wp-json\/wp\/v2\/pages\/2126"}],"wp:featuredmedia":[{"embeddable":true,"href":"https:\/\/rfblegal.co.uk\/fr\/wp-json\/wp\/v2\/media\/2733"}],"wp:attachment":[{"href":"https:\/\/rfblegal.co.uk\/fr\/wp-json\/wp\/v2\/media?parent=2161"}],"curies":[{"name":"wp","href":"https:\/\/api.w.org\/{rel}","templated":true}]}}