{"id":1978,"date":"2024-02-14T17:14:24","date_gmt":"2024-02-14T17:14:24","guid":{"rendered":"https:\/\/rfblegal.co.uk\/?page_id=1978"},"modified":"2026-04-15T11:12:19","modified_gmt":"2026-04-15T11:12:19","slug":"powers-of-attorney-and-court-protection","status":"publish","type":"page","link":"https:\/\/rfblegal.co.uk\/fr\/services\/droit-des-personnes\/powers-of-attorney-and-court-protection\/","title":{"rendered":"Powers of Attorney &amp; Court Protection"},"content":{"rendered":"<p>Nous travaillons en \u00e9troite collaboration avec nos clients et, le cas \u00e9ch\u00e9ant, avec leurs conseillers financiers, leurs comptables et leurs avocats \u00e9trangers afin de comprendre leurs priorit\u00e9s et de pouvoir les conseiller sur les moyens les plus efficaces sur le plan fiscal de transmettre et de s\u00e9curiser le patrimoine pour les g\u00e9n\u00e9rations futures. Les trusts ne sont pas le seul outil \u00e0 la disposition des familles et l'\u00e9quipe examinera l'exposition fiscale des familles et des individus lorsqu'elle les conseillera sur les strat\u00e9gies de pr\u00e9servation du patrimoine.<\/p>\n\n\n\n<p><\/p>\n\n\n\n<p>L'\u00e9quipe s'occupe de la cr\u00e9ation et de l'enregistrement des trusts \u00e0 vie et des trusts testamentaires, en fournissant des conseils clairs et experts aux clients pour s'assurer qu'ils r\u00e9pondent au mieux \u00e0 leurs besoins individuels. L'\u00e9quipe peut \u00e9galement donner des conseils sur les modifications potentielles \u00e0 apporter aux accords de fiducie existants et sur la mani\u00e8re de traiter une fiducie \u00e9tablie dans un testament \u00e0 la suite d'un d\u00e9c\u00e8s.<\/p>\n\n\n\n<p><\/p>\n\n\n\n<p>Nous sommes \u00e9galement fr\u00e9quemment consult\u00e9s pour la gestion courante des trusts par les fiduciaires. Il peut s'agir de conseils relatifs aux obligations et d\u00e9clarations fiscales en cours, \u00e0 l'acquisition et \u00e0 la cession d'actifs, et aux distributions aux b\u00e9n\u00e9ficiaires de la fiducie. Nous pouvons \u00e9galement apporter notre aide pour la liquidation des trusts et les obligations fiscales qui en d\u00e9coulent.<\/p>\n\n\n\n<p><\/p>\n\n\n\n<p>L'\u00e9quipe pr\u00e9pare \u00e9galement des d\u00e9clarations de fiducie pour d\u00e9finir les int\u00e9r\u00eats b\u00e9n\u00e9ficiaires dans les biens immobiliers lorsque ceux-ci ne sont pas identiques \u00e0 la propri\u00e9t\u00e9 l\u00e9gale et peut aider \u00e0 enregistrer les fiducies par l'interm\u00e9diaire du service d'enregistrement des fiducies lorsque l'enregistrement est requis.<\/p>","protected":false},"excerpt":{"rendered":"<p>We work closely with our clients and where applicable their financial advisers, accountants, and foreign lawyers to understand their priorities to enable us to advise on the most tax-efficient ways of passing and securing wealth for future generations. Trusts are not the only tool available to families and the team will review the tax exposure &hellip; <a href=\"https:\/\/rfblegal.co.uk\/fr\/services\/droit-des-personnes\/powers-of-attorney-and-court-protection\/\">Continued<\/a><\/p>","protected":false},"author":5,"featured_media":0,"parent":357,"menu_order":0,"comment_status":"closed","ping_status":"closed","template":"tier2-template.blade.php","meta":{"_acf_changed":false,"om_disable_all_campaigns":false,"_uf_show_specific_survey":0,"_uf_disable_surveys":false,"footnotes":""},"class_list":["post-1978","page","type-page","status-publish","hentry"],"acf":[],"aioseo_notices":[],"yoast_head":"<!-- This site is optimized with the Yoast SEO plugin v27.2 - https:\/\/yoast.com\/product\/yoast-seo-wordpress\/ -->\n<title>Powers of Attorney &amp; Court Protection - RFB Legal<\/title>\n<meta name=\"description\" content=\"We work closely with our clients and where applicable their financial advisers, accountants, and foreign lawyers to understand their priorities to enable\" \/>\n<meta name=\"robots\" content=\"index, follow, max-snippet:-1, max-image-preview:large, max-video-preview:-1\" \/>\n<link rel=\"canonical\" href=\"https:\/\/rfblegal.co.uk\/fr\/services\/droit-des-personnes\/powers-of-attorney-and-court-protection\/\" \/>\n<meta property=\"og:locale\" content=\"fr_FR\" \/>\n<meta property=\"og:type\" content=\"article\" \/>\n<meta property=\"og:title\" content=\"Powers of Attorney &amp; Court Protection - RFB Legal\" \/>\n<meta property=\"og:description\" content=\"We work closely with our clients and where applicable their financial advisers, accountants, and foreign lawyers to understand their priorities to enable\" \/>\n<meta property=\"og:url\" content=\"https:\/\/rfblegal.co.uk\/fr\/services\/droit-des-personnes\/powers-of-attorney-and-court-protection\/\" \/>\n<meta property=\"og:site_name\" content=\"RFB Legal\" \/>\n<meta property=\"article:publisher\" content=\"https:\/\/www.facebook.com\/RFBLegal\/\" \/>\n<meta property=\"article:modified_time\" content=\"2026-04-15T11:12:19+00:00\" \/>\n<meta name=\"twitter:card\" content=\"summary_large_image\" \/>\n<meta name=\"twitter:label1\" content=\"Est. reading time\" \/>\n\t<meta name=\"twitter:data1\" content=\"1 minute\" \/>\n<script type=\"application\/ld+json\" class=\"yoast-schema-graph\">{\"@context\":\"https:\/\/schema.org\",\"@graph\":[{\"@type\":\"WebPage\",\"@id\":\"https:\/\/rfblegal.co.uk\/services\/personal-law\/powers-of-attorney-and-court-protection\/\",\"url\":\"https:\/\/rfblegal.co.uk\/services\/personal-law\/powers-of-attorney-and-court-protection\/\",\"name\":\"Powers of Attorney &amp; Court Protection - RFB Legal\",\"isPartOf\":{\"@id\":\"https:\/\/rfblegal.co.uk\/#website\"},\"datePublished\":\"2024-02-14T17:14:24+00:00\",\"dateModified\":\"2026-04-15T11:12:19+00:00\",\"description\":\"We work closely with our clients and where applicable their financial advisers, accountants, and foreign lawyers to understand their priorities to enable\",\"breadcrumb\":{\"@id\":\"https:\/\/rfblegal.co.uk\/services\/personal-law\/powers-of-attorney-and-court-protection\/#breadcrumb\"},\"inLanguage\":\"fr-FR\",\"potentialAction\":[{\"@type\":\"ReadAction\",\"target\":[\"https:\/\/rfblegal.co.uk\/services\/personal-law\/powers-of-attorney-and-court-protection\/\"]}]},{\"@type\":\"BreadcrumbList\",\"@id\":\"https:\/\/rfblegal.co.uk\/services\/personal-law\/powers-of-attorney-and-court-protection\/#breadcrumb\",\"itemListElement\":[{\"@type\":\"ListItem\",\"position\":1,\"name\":\"Home\",\"item\":\"https:\/\/rfblegal.co.uk\/\"},{\"@type\":\"ListItem\",\"position\":2,\"name\":\"Services\",\"item\":\"https:\/\/rfblegal.co.uk\/services\/\"},{\"@type\":\"ListItem\",\"position\":3,\"name\":\"Personal Law Services\",\"item\":\"https:\/\/rfblegal.co.uk\/services\/personal-law\/\"},{\"@type\":\"ListItem\",\"position\":4,\"name\":\"Powers of Attorney &amp; Court Protection\"}]},{\"@type\":\"WebSite\",\"@id\":\"https:\/\/rfblegal.co.uk\/#website\",\"url\":\"https:\/\/rfblegal.co.uk\/\",\"name\":\"RFB Legal\",\"description\":\"\",\"publisher\":{\"@id\":\"https:\/\/rfblegal.co.uk\/#organization\"},\"potentialAction\":[{\"@type\":\"SearchAction\",\"target\":{\"@type\":\"EntryPoint\",\"urlTemplate\":\"https:\/\/rfblegal.co.uk\/?s={search_term_string}\"},\"query-input\":{\"@type\":\"PropertyValueSpecification\",\"valueRequired\":true,\"valueName\":\"search_term_string\"}}],\"inLanguage\":\"fr-FR\"},{\"@type\":\"Organization\",\"@id\":\"https:\/\/rfblegal.co.uk\/#organization\",\"name\":\"RFB Legal\",\"url\":\"https:\/\/rfblegal.co.uk\/\",\"logo\":{\"@type\":\"ImageObject\",\"inLanguage\":\"fr-FR\",\"@id\":\"https:\/\/rfblegal.co.uk\/#\/schema\/logo\/image\/\",\"url\":\"https:\/\/rfblegal.co.uk\/wp-content\/uploads\/2024\/01\/header_company_logo.svg\",\"contentUrl\":\"https:\/\/rfblegal.co.uk\/wp-content\/uploads\/2024\/01\/header_company_logo.svg\",\"caption\":\"RFB Legal\"},\"image\":{\"@id\":\"https:\/\/rfblegal.co.uk\/#\/schema\/logo\/image\/\"},\"sameAs\":[\"https:\/\/www.facebook.com\/RFBLegal\/\",\"https:\/\/www.linkedin.com\/uas\/login?session_redirect=company2012282\",\"https:\/\/www.instagram.com\/rfb_legal\/\"]}]}<\/script>\n<!-- \/ Yoast SEO plugin. -->","yoast_head_json":{"title":"Powers of Attorney &amp; Court Protection - RFB Legal","description":"Nous travaillons en \u00e9troite collaboration avec nos clients et, le cas \u00e9ch\u00e9ant, avec leurs conseillers financiers, leurs comptables et leurs avocats \u00e9trangers afin de comprendre leurs priorit\u00e9s et de leur permettre de","robots":{"index":"index","follow":"follow","max-snippet":"max-snippet:-1","max-image-preview":"max-image-preview:large","max-video-preview":"max-video-preview:-1"},"canonical":"https:\/\/rfblegal.co.uk\/fr\/services\/droit-des-personnes\/powers-of-attorney-and-court-protection\/","og_locale":"fr_FR","og_type":"article","og_title":"Powers of Attorney &amp; Court Protection - RFB Legal","og_description":"We work closely with our clients and where applicable their financial advisers, accountants, and foreign lawyers to understand their priorities to enable","og_url":"https:\/\/rfblegal.co.uk\/fr\/services\/droit-des-personnes\/powers-of-attorney-and-court-protection\/","og_site_name":"RFB Legal","article_publisher":"https:\/\/www.facebook.com\/RFBLegal\/","article_modified_time":"2026-04-15T11:12:19+00:00","twitter_card":"summary_large_image","twitter_misc":{"Est. reading time":"1 minute"},"schema":{"@context":"https:\/\/schema.org","@graph":[{"@type":"WebPage","@id":"https:\/\/rfblegal.co.uk\/services\/personal-law\/powers-of-attorney-and-court-protection\/","url":"https:\/\/rfblegal.co.uk\/services\/personal-law\/powers-of-attorney-and-court-protection\/","name":"Powers of Attorney &amp; Court Protection - RFB Legal","isPartOf":{"@id":"https:\/\/rfblegal.co.uk\/#website"},"datePublished":"2024-02-14T17:14:24+00:00","dateModified":"2026-04-15T11:12:19+00:00","description":"Nous travaillons en \u00e9troite collaboration avec nos clients et, le cas \u00e9ch\u00e9ant, avec leurs conseillers financiers, leurs comptables et leurs avocats \u00e9trangers afin de comprendre leurs priorit\u00e9s et de leur permettre de","breadcrumb":{"@id":"https:\/\/rfblegal.co.uk\/services\/personal-law\/powers-of-attorney-and-court-protection\/#breadcrumb"},"inLanguage":"fr-FR","potentialAction":[{"@type":"ReadAction","target":["https:\/\/rfblegal.co.uk\/services\/personal-law\/powers-of-attorney-and-court-protection\/"]}]},{"@type":"BreadcrumbList","@id":"https:\/\/rfblegal.co.uk\/services\/personal-law\/powers-of-attorney-and-court-protection\/#breadcrumb","itemListElement":[{"@type":"ListItem","position":1,"name":"Home","item":"https:\/\/rfblegal.co.uk\/"},{"@type":"ListItem","position":2,"name":"Services","item":"https:\/\/rfblegal.co.uk\/services\/"},{"@type":"ListItem","position":3,"name":"Personal Law Services","item":"https:\/\/rfblegal.co.uk\/services\/personal-law\/"},{"@type":"ListItem","position":4,"name":"Powers of Attorney &amp; Court Protection"}]},{"@type":"WebSite","@id":"https:\/\/rfblegal.co.uk\/#website","url":"https:\/\/rfblegal.co.uk\/","name":"Appel d'offres juridique","description":"","publisher":{"@id":"https:\/\/rfblegal.co.uk\/#organization"},"potentialAction":[{"@type":"SearchAction","target":{"@type":"EntryPoint","urlTemplate":"https:\/\/rfblegal.co.uk\/?s={search_term_string}"},"query-input":{"@type":"PropertyValueSpecification","valueRequired":true,"valueName":"search_term_string"}}],"inLanguage":"fr-FR"},{"@type":"Organization","@id":"https:\/\/rfblegal.co.uk\/#organization","name":"Appel d'offres juridique","url":"https:\/\/rfblegal.co.uk\/","logo":{"@type":"ImageObject","inLanguage":"fr-FR","@id":"https:\/\/rfblegal.co.uk\/#\/schema\/logo\/image\/","url":"https:\/\/rfblegal.co.uk\/wp-content\/uploads\/2024\/01\/header_company_logo.svg","contentUrl":"https:\/\/rfblegal.co.uk\/wp-content\/uploads\/2024\/01\/header_company_logo.svg","caption":"RFB Legal"},"image":{"@id":"https:\/\/rfblegal.co.uk\/#\/schema\/logo\/image\/"},"sameAs":["https:\/\/www.facebook.com\/RFBLegal\/","https:\/\/www.linkedin.com\/uas\/login?session_redirect=company2012282","https:\/\/www.instagram.com\/rfb_legal\/"]}]}},"_links":{"self":[{"href":"https:\/\/rfblegal.co.uk\/fr\/wp-json\/wp\/v2\/pages\/1978","targetHints":{"allow":["GET"]}}],"collection":[{"href":"https:\/\/rfblegal.co.uk\/fr\/wp-json\/wp\/v2\/pages"}],"about":[{"href":"https:\/\/rfblegal.co.uk\/fr\/wp-json\/wp\/v2\/types\/page"}],"author":[{"embeddable":true,"href":"https:\/\/rfblegal.co.uk\/fr\/wp-json\/wp\/v2\/users\/5"}],"replies":[{"embeddable":true,"href":"https:\/\/rfblegal.co.uk\/fr\/wp-json\/wp\/v2\/comments?post=1978"}],"version-history":[{"count":3,"href":"https:\/\/rfblegal.co.uk\/fr\/wp-json\/wp\/v2\/pages\/1978\/revisions"}],"predecessor-version":[{"id":9197,"href":"https:\/\/rfblegal.co.uk\/fr\/wp-json\/wp\/v2\/pages\/1978\/revisions\/9197"}],"up":[{"embeddable":true,"href":"https:\/\/rfblegal.co.uk\/fr\/wp-json\/wp\/v2\/pages\/357"}],"wp:attachment":[{"href":"https:\/\/rfblegal.co.uk\/fr\/wp-json\/wp\/v2\/media?parent=1978"}],"curies":[{"name":"wp","href":"https:\/\/api.w.org\/{rel}","templated":true}]}}