{"id":6814,"date":"2025-08-11T09:15:00","date_gmt":"2025-08-11T09:15:00","guid":{"rendered":"https:\/\/rfblegal.co.uk\/?page_id=6814"},"modified":"2025-08-11T09:19:15","modified_gmt":"2025-08-11T09:19:15","slug":"prorrogas-de-contratos-de-arrendamiento-de-vivienda","status":"publish","type":"page","link":"https:\/\/rfblegal.co.uk\/es\/servicios\/derecho-personal\/litigios-inmobiliarios\/prorrogas-de-contratos-de-arrendamiento-de-vivienda\/","title":{"rendered":"Pr\u00f3rrogas de contratos de arrendamiento de vivienda"},"content":{"rendered":"<p>Somos uno de los despachos l\u00edderes en el \u00e1rea especializada y compleja del enfranchisement de arrendamientos, asesorando a propietarios y arrendatarios en una amplia gama de reclamaciones dentro de Londres y a nivel regional. Tenemos amplia experiencia en la tramitaci\u00f3n de reclamaciones de pr\u00f3rroga de arrendamiento, reclamaciones de vivienda y reclamaciones colectivas, as\u00ed como en el asesoramiento a promotores inmobiliarios sobre c\u00f3mo evitar el riesgo de enfranchisement.\u00a0<\/p>\n\n\n\n<p>El proceso de pr\u00f3rroga de un contrato de arrendamiento es complejo y t\u00e9cnico, y existe un amplio margen de error. Nuestro equipo especializado en pr\u00f3rrogas de contratos en RFB Legal act\u00faa en nombre de propietarios e inquilinos en cientos de reclamaciones de pr\u00f3rrogas de contratos cada a\u00f1o.&nbsp;<\/p>\n\n\n\n<p>El arrendatario de un inmueble puede tener derecho a prorrogar la duraci\u00f3n del contrato 90 a\u00f1os, previo pago de una prima al arrendador.&nbsp;<\/p>\n\n\n\n<p>Utilice la<a rel=\"noreferrer noopener\" target=\"_blank\" href=\"https:\/\/rfblegal.co.uk\/index.php\/property\/lease-extension-calculator\"><strong> calculadora de pr\u00f3rroga del arrendamiento<\/strong><\/a> para obtener una indicaci\u00f3n aproximada de la prima que puede tener que pagar por la pr\u00f3rroga de su contrato de arrendamiento para calcular los costes de la prima&nbsp;<\/p>\n\n\n\n<p>Los contratos de arrendamiento, por su propia naturaleza, tienen una duraci\u00f3n determinada y, a medida que disminuye la duraci\u00f3n restante del contrato de arrendamiento del arrendatario, tambi\u00e9n lo hace el valor de ese derecho de arrendamiento. Por lo tanto, a menudo interesa al arrendatario ejercer su derecho a prorrogar el contrato.&nbsp;<\/p>\n\n\n\n<p>Para tener derecho a la ayuda, el contrato de arrendamiento debe haber sido concedido inicialmente por un periodo de 21 a\u00f1os o m\u00e1s. Hay algunas excepciones si, por ejemplo, el arrendador es una fundaci\u00f3n ben\u00e9fica para la vivienda y su piso forma parte de la labor de la fundaci\u00f3n, o si se trata de una empresa o de un negocio. <a href=\"https:\/\/rfblegal.co.uk\/es\/servicios\/derecho-mercantil\/litigios-inmobiliarios-2\/prorrogas-de-arrendamientos-comerciales\/\">arrendamiento comercial<\/a>.&nbsp;<\/p>\n\n\n\n<p>El arrendatario tambi\u00e9n debe haber sido el propietario registrado del arrendamiento durante al menos 2 a\u00f1os.&nbsp;<\/p>\n\n\n\n<h2 class=\"wp-block-heading\"><strong>El procedimiento<\/strong>&nbsp;<\/h2>\n\n\n\n<h3 class=\"wp-block-heading\">Para un inquilino\u00a0<\/h3>\n\n\n\n<ul class=\"wp-block-list\">\n<li>Deber\u00e1 obtener un informe de valoraci\u00f3n\u00a0<\/li>\n\n\n\n<li>Comprobaremos su derecho a solicitar un nuevo arrendamiento\u00a0<\/li>\n\n\n\n<li>Prepararemos la notificaci\u00f3n del art\u00edculo 42, la notificaremos al propietario competente y a todas las dem\u00e1s partes interesadas, y responderemos a las notificaciones posteriores.\u00a0<\/li>\n\n\n\n<li>Inscripci\u00f3n de la Notificaci\u00f3n de la Secci\u00f3n 42 en el Registro de la Propiedad\u00a0<\/li>\n\n\n\n<li>Revisar la contranotificaci\u00f3n del arrendador\u00a0<\/li>\n\n\n\n<li>Negociar y acordar las condiciones de adquisici\u00f3n\u00a0<\/li>\n\n\n\n<li>actuar en su nombre en cualquier procedimiento ante el First-Tier Tribunal, el Upper Tribunal, el County Court y cualquier recurso\u00a0<\/li>\n<\/ul>\n\n\n\n<h3 class=\"wp-block-heading\">Para un propietario\u00a0<\/h3>\n\n\n\n<ul class=\"wp-block-list\">\n<li>Deber\u00e1 obtener un informe de valoraci\u00f3n\u00a0<\/li>\n\n\n\n<li>Preparar las notificaciones preliminares\u00a0<\/li>\n\n\n\n<li>Comprobaremos la validez de la notificaci\u00f3n del inquilino y prepararemos y notificaremos la contranotificaci\u00f3n.\u00a0<\/li>\n\n\n\n<li>Negociar y acordar las condiciones de la adquisici\u00f3n\u00a0<\/li>\n\n\n\n<li>actuar en su nombre en cualquier procedimiento ante el First-Tier Tribunal, el Upper Tribunal, el County Court y cualquier recurso\u00a0<\/li>\n<\/ul>\n\n\n\n<p>Tanto si es usted propietario como inquilino, podemos ayudarle en esta compleja y t\u00e9cnica \u00e1rea del Derecho a conseguir el mejor resultado posible.&nbsp;<\/p>\n\n\n\n<ul class=\"wp-block-list\">\n<li>Representaci\u00f3n de los propietarios desde la recepci\u00f3n de la notificaci\u00f3n del art\u00edculo 42 hasta su conclusi\u00f3n\u00a0<\/li>\n\n\n\n<li>Representaci\u00f3n del inquilino desde la preparaci\u00f3n de la Notificaci\u00f3n de la Secci\u00f3n 42 hasta su conclusi\u00f3n\u00a0<\/li>\n\n\n\n<li>Actuaci\u00f3n en relaci\u00f3n con la cesi\u00f3n del beneficio de la notificaci\u00f3n del art\u00edculo 42 para vendedores o compradores\u00a0<\/li>\n\n\n\n<li>Asesoramiento y actuaci\u00f3n ante el First Tier, Upper Tribunal, County Court y cualquier recurso en nombre de propietarios o inquilinos.\u00a0<\/li>\n\n\n\n<li>Actuar en nombre de los arrendatarios en relaci\u00f3n con reclamaciones de \u00f3rdenes de adquisici\u00f3n de derechos cuando el arrendador est\u00e1 ausente o disuelto.\u00a0<\/li>\n<\/ul>","protected":false},"excerpt":{"rendered":"<p>We are one of the leading firms in the specialist and complex area of leasehold enfranchisement, advising landlords and leaseholders on a wide range of claims within London and regionally. We have extensive experience in dealing with lease extension claims, house claims, and collective claims as well as advising developers on how to avoid the &hellip; <a href=\"https:\/\/rfblegal.co.uk\/es\/servicios\/derecho-personal\/litigios-inmobiliarios\/prorrogas-de-contratos-de-arrendamiento-de-vivienda\/\">Contin\u00faa en<\/a><\/p>","protected":false},"author":12,"featured_media":6815,"parent":2126,"menu_order":0,"comment_status":"closed","ping_status":"closed","template":"tier3-template.blade.php","meta":{"_acf_changed":false,"om_disable_all_campaigns":false,"_uf_show_specific_survey":0,"_uf_disable_surveys":false,"footnotes":""},"class_list":["post-6814","page","type-page","status-publish","has-post-thumbnail","hentry"],"acf":[],"aioseo_notices":[],"yoast_head":"<!-- This site is optimized with the Yoast SEO plugin v27.2 - https:\/\/yoast.com\/product\/yoast-seo-wordpress\/ -->\n<title>Residential Lease Extensions - RFB Legal<\/title>\n<meta name=\"description\" content=\"Specialist lease extension solicitors in London. Expert advice for landlords &amp; tenants on claims, valuations &amp; enfranchisement.\" \/>\n<meta name=\"robots\" content=\"index, follow, max-snippet:-1, max-image-preview:large, max-video-preview:-1\" \/>\n<link rel=\"canonical\" href=\"https:\/\/rfblegal.co.uk\/es\/servicios\/derecho-personal\/litigios-inmobiliarios\/prorrogas-de-contratos-de-arrendamiento-de-vivienda\/\" \/>\n<meta property=\"og:locale\" content=\"es_ES\" \/>\n<meta property=\"og:type\" content=\"article\" \/>\n<meta property=\"og:title\" content=\"Residential Lease Extensions - RFB Legal\" \/>\n<meta property=\"og:description\" content=\"Specialist lease extension solicitors in London. Expert advice for landlords &amp; tenants on claims, valuations &amp; enfranchisement.\" \/>\n<meta property=\"og:url\" content=\"https:\/\/rfblegal.co.uk\/es\/servicios\/derecho-personal\/litigios-inmobiliarios\/prorrogas-de-contratos-de-arrendamiento-de-vivienda\/\" \/>\n<meta property=\"og:site_name\" content=\"RFB Legal\" \/>\n<meta property=\"article:publisher\" content=\"https:\/\/www.facebook.com\/RFBLegal\/\" \/>\n<meta property=\"article:modified_time\" content=\"2025-08-11T09:19:15+00:00\" \/>\n<meta property=\"og:image\" content=\"https:\/\/rfblegal.co.uk\/wp-content\/uploads\/2025\/08\/AdobeStock_408890004_Preview.jpeg\" \/>\n\t<meta property=\"og:image:width\" content=\"1000\" \/>\n\t<meta property=\"og:image:height\" content=\"669\" \/>\n\t<meta property=\"og:image:type\" content=\"image\/jpeg\" \/>\n<meta name=\"twitter:card\" content=\"summary_large_image\" \/>\n<meta name=\"twitter:label1\" content=\"Est. reading time\" \/>\n\t<meta name=\"twitter:data1\" content=\"3 minutos\" \/>\n<script type=\"application\/ld+json\" class=\"yoast-schema-graph\">{\"@context\":\"https:\/\/schema.org\",\"@graph\":[{\"@type\":\"WebPage\",\"@id\":\"https:\/\/rfblegal.co.uk\/services\/personal-law\/property-litigation\/residential-lease-extensions\/\",\"url\":\"https:\/\/rfblegal.co.uk\/services\/personal-law\/property-litigation\/residential-lease-extensions\/\",\"name\":\"Residential Lease Extensions - RFB Legal\",\"isPartOf\":{\"@id\":\"https:\/\/rfblegal.co.uk\/#website\"},\"primaryImageOfPage\":{\"@id\":\"https:\/\/rfblegal.co.uk\/services\/personal-law\/property-litigation\/residential-lease-extensions\/#primaryimage\"},\"image\":{\"@id\":\"https:\/\/rfblegal.co.uk\/services\/personal-law\/property-litigation\/residential-lease-extensions\/#primaryimage\"},\"thumbnailUrl\":\"https:\/\/rfblegal.co.uk\/wp-content\/uploads\/2025\/08\/AdobeStock_408890004_Preview.jpeg\",\"datePublished\":\"2025-08-11T09:15:00+00:00\",\"dateModified\":\"2025-08-11T09:19:15+00:00\",\"description\":\"Specialist lease extension solicitors in London. Expert advice for landlords & tenants on claims, valuations & enfranchisement.\",\"breadcrumb\":{\"@id\":\"https:\/\/rfblegal.co.uk\/services\/personal-law\/property-litigation\/residential-lease-extensions\/#breadcrumb\"},\"inLanguage\":\"es\",\"potentialAction\":[{\"@type\":\"ReadAction\",\"target\":[\"https:\/\/rfblegal.co.uk\/services\/personal-law\/property-litigation\/residential-lease-extensions\/\"]}]},{\"@type\":\"ImageObject\",\"inLanguage\":\"es\",\"@id\":\"https:\/\/rfblegal.co.uk\/services\/personal-law\/property-litigation\/residential-lease-extensions\/#primaryimage\",\"url\":\"https:\/\/rfblegal.co.uk\/wp-content\/uploads\/2025\/08\/AdobeStock_408890004_Preview.jpeg\",\"contentUrl\":\"https:\/\/rfblegal.co.uk\/wp-content\/uploads\/2025\/08\/AdobeStock_408890004_Preview.jpeg\",\"width\":1000,\"height\":669},{\"@type\":\"BreadcrumbList\",\"@id\":\"https:\/\/rfblegal.co.uk\/services\/personal-law\/property-litigation\/residential-lease-extensions\/#breadcrumb\",\"itemListElement\":[{\"@type\":\"ListItem\",\"position\":1,\"name\":\"Home\",\"item\":\"https:\/\/rfblegal.co.uk\/\"},{\"@type\":\"ListItem\",\"position\":2,\"name\":\"Services\",\"item\":\"https:\/\/rfblegal.co.uk\/services\/\"},{\"@type\":\"ListItem\",\"position\":3,\"name\":\"Personal Law Services\",\"item\":\"https:\/\/rfblegal.co.uk\/services\/personal-law\/\"},{\"@type\":\"ListItem\",\"position\":4,\"name\":\"Property Litigation\",\"item\":\"https:\/\/rfblegal.co.uk\/services\/personal-law\/property-litigation\/\"},{\"@type\":\"ListItem\",\"position\":5,\"name\":\"Residential Lease Extensions\"}]},{\"@type\":\"WebSite\",\"@id\":\"https:\/\/rfblegal.co.uk\/#website\",\"url\":\"https:\/\/rfblegal.co.uk\/\",\"name\":\"RFB Legal\",\"description\":\"\",\"publisher\":{\"@id\":\"https:\/\/rfblegal.co.uk\/#organization\"},\"potentialAction\":[{\"@type\":\"SearchAction\",\"target\":{\"@type\":\"EntryPoint\",\"urlTemplate\":\"https:\/\/rfblegal.co.uk\/?s={search_term_string}\"},\"query-input\":{\"@type\":\"PropertyValueSpecification\",\"valueRequired\":true,\"valueName\":\"search_term_string\"}}],\"inLanguage\":\"es\"},{\"@type\":\"Organization\",\"@id\":\"https:\/\/rfblegal.co.uk\/#organization\",\"name\":\"RFB Legal\",\"url\":\"https:\/\/rfblegal.co.uk\/\",\"logo\":{\"@type\":\"ImageObject\",\"inLanguage\":\"es\",\"@id\":\"https:\/\/rfblegal.co.uk\/#\/schema\/logo\/image\/\",\"url\":\"https:\/\/rfblegal.co.uk\/wp-content\/uploads\/2024\/01\/header_company_logo.svg\",\"contentUrl\":\"https:\/\/rfblegal.co.uk\/wp-content\/uploads\/2024\/01\/header_company_logo.svg\",\"caption\":\"RFB Legal\"},\"image\":{\"@id\":\"https:\/\/rfblegal.co.uk\/#\/schema\/logo\/image\/\"},\"sameAs\":[\"https:\/\/www.facebook.com\/RFBLegal\/\",\"https:\/\/www.linkedin.com\/uas\/login?session_redirect=company2012282\",\"https:\/\/www.instagram.com\/rfb_legal\/\"]}]}<\/script>\n<!-- \/ Yoast SEO plugin. -->","yoast_head_json":{"title":"Pr\u00f3rrogas de contratos de arrendamiento de vivienda - RFB Legal","description":"Abogados especialistas en pr\u00f3rroga de contratos de arrendamiento en Londres. Asesoramiento experto para propietarios e inquilinos sobre reclamaciones, valoraciones y enfranchisement.","robots":{"index":"index","follow":"follow","max-snippet":"max-snippet:-1","max-image-preview":"max-image-preview:large","max-video-preview":"max-video-preview:-1"},"canonical":"https:\/\/rfblegal.co.uk\/es\/servicios\/derecho-personal\/litigios-inmobiliarios\/prorrogas-de-contratos-de-arrendamiento-de-vivienda\/","og_locale":"es_ES","og_type":"article","og_title":"Residential Lease Extensions - RFB Legal","og_description":"Specialist lease extension solicitors in London. Expert advice for landlords & tenants on claims, valuations & enfranchisement.","og_url":"https:\/\/rfblegal.co.uk\/es\/servicios\/derecho-personal\/litigios-inmobiliarios\/prorrogas-de-contratos-de-arrendamiento-de-vivienda\/","og_site_name":"RFB Legal","article_publisher":"https:\/\/www.facebook.com\/RFBLegal\/","article_modified_time":"2025-08-11T09:19:15+00:00","og_image":[{"width":1000,"height":669,"url":"https:\/\/rfblegal.co.uk\/wp-content\/uploads\/2025\/08\/AdobeStock_408890004_Preview.jpeg","type":"image\/jpeg"}],"twitter_card":"summary_large_image","twitter_misc":{"Est. reading time":"3 minutos"},"schema":{"@context":"https:\/\/schema.org","@graph":[{"@type":"WebPage","@id":"https:\/\/rfblegal.co.uk\/services\/personal-law\/property-litigation\/residential-lease-extensions\/","url":"https:\/\/rfblegal.co.uk\/services\/personal-law\/property-litigation\/residential-lease-extensions\/","name":"Pr\u00f3rrogas de contratos de arrendamiento de vivienda - RFB Legal","isPartOf":{"@id":"https:\/\/rfblegal.co.uk\/#website"},"primaryImageOfPage":{"@id":"https:\/\/rfblegal.co.uk\/services\/personal-law\/property-litigation\/residential-lease-extensions\/#primaryimage"},"image":{"@id":"https:\/\/rfblegal.co.uk\/services\/personal-law\/property-litigation\/residential-lease-extensions\/#primaryimage"},"thumbnailUrl":"https:\/\/rfblegal.co.uk\/wp-content\/uploads\/2025\/08\/AdobeStock_408890004_Preview.jpeg","datePublished":"2025-08-11T09:15:00+00:00","dateModified":"2025-08-11T09:19:15+00:00","description":"Abogados especialistas en pr\u00f3rroga de contratos de arrendamiento en Londres. Asesoramiento experto para propietarios e inquilinos sobre reclamaciones, valoraciones y enfranchisement.","breadcrumb":{"@id":"https:\/\/rfblegal.co.uk\/services\/personal-law\/property-litigation\/residential-lease-extensions\/#breadcrumb"},"inLanguage":"es","potentialAction":[{"@type":"ReadAction","target":["https:\/\/rfblegal.co.uk\/services\/personal-law\/property-litigation\/residential-lease-extensions\/"]}]},{"@type":"ImageObject","inLanguage":"es","@id":"https:\/\/rfblegal.co.uk\/services\/personal-law\/property-litigation\/residential-lease-extensions\/#primaryimage","url":"https:\/\/rfblegal.co.uk\/wp-content\/uploads\/2025\/08\/AdobeStock_408890004_Preview.jpeg","contentUrl":"https:\/\/rfblegal.co.uk\/wp-content\/uploads\/2025\/08\/AdobeStock_408890004_Preview.jpeg","width":1000,"height":669},{"@type":"BreadcrumbList","@id":"https:\/\/rfblegal.co.uk\/services\/personal-law\/property-litigation\/residential-lease-extensions\/#breadcrumb","itemListElement":[{"@type":"ListItem","position":1,"name":"Home","item":"https:\/\/rfblegal.co.uk\/"},{"@type":"ListItem","position":2,"name":"Services","item":"https:\/\/rfblegal.co.uk\/services\/"},{"@type":"ListItem","position":3,"name":"Personal Law Services","item":"https:\/\/rfblegal.co.uk\/services\/personal-law\/"},{"@type":"ListItem","position":4,"name":"Property Litigation","item":"https:\/\/rfblegal.co.uk\/services\/personal-law\/property-litigation\/"},{"@type":"ListItem","position":5,"name":"Residential Lease Extensions"}]},{"@type":"WebSite","@id":"https:\/\/rfblegal.co.uk\/#website","url":"https:\/\/rfblegal.co.uk\/","name":"RFB Legal","description":"","publisher":{"@id":"https:\/\/rfblegal.co.uk\/#organization"},"potentialAction":[{"@type":"SearchAction","target":{"@type":"EntryPoint","urlTemplate":"https:\/\/rfblegal.co.uk\/?s={search_term_string}"},"query-input":{"@type":"PropertyValueSpecification","valueRequired":true,"valueName":"search_term_string"}}],"inLanguage":"es"},{"@type":"Organization","@id":"https:\/\/rfblegal.co.uk\/#organization","name":"RFB Legal","url":"https:\/\/rfblegal.co.uk\/","logo":{"@type":"ImageObject","inLanguage":"es","@id":"https:\/\/rfblegal.co.uk\/#\/schema\/logo\/image\/","url":"https:\/\/rfblegal.co.uk\/wp-content\/uploads\/2024\/01\/header_company_logo.svg","contentUrl":"https:\/\/rfblegal.co.uk\/wp-content\/uploads\/2024\/01\/header_company_logo.svg","caption":"RFB Legal"},"image":{"@id":"https:\/\/rfblegal.co.uk\/#\/schema\/logo\/image\/"},"sameAs":["https:\/\/www.facebook.com\/RFBLegal\/","https:\/\/www.linkedin.com\/uas\/login?session_redirect=company2012282","https:\/\/www.instagram.com\/rfb_legal\/"]}]}},"_links":{"self":[{"href":"https:\/\/rfblegal.co.uk\/es\/wp-json\/wp\/v2\/pages\/6814","targetHints":{"allow":["GET"]}}],"collection":[{"href":"https:\/\/rfblegal.co.uk\/es\/wp-json\/wp\/v2\/pages"}],"about":[{"href":"https:\/\/rfblegal.co.uk\/es\/wp-json\/wp\/v2\/types\/page"}],"author":[{"embeddable":true,"href":"https:\/\/rfblegal.co.uk\/es\/wp-json\/wp\/v2\/users\/12"}],"replies":[{"embeddable":true,"href":"https:\/\/rfblegal.co.uk\/es\/wp-json\/wp\/v2\/comments?post=6814"}],"version-history":[{"count":0,"href":"https:\/\/rfblegal.co.uk\/es\/wp-json\/wp\/v2\/pages\/6814\/revisions"}],"up":[{"embeddable":true,"href":"https:\/\/rfblegal.co.uk\/es\/wp-json\/wp\/v2\/pages\/2126"}],"wp:featuredmedia":[{"embeddable":true,"href":"https:\/\/rfblegal.co.uk\/es\/wp-json\/wp\/v2\/media\/6815"}],"wp:attachment":[{"href":"https:\/\/rfblegal.co.uk\/es\/wp-json\/wp\/v2\/media?parent=6814"}],"curies":[{"name":"wp","href":"https:\/\/api.w.org\/{rel}","templated":true}]}}