{"id":6137,"date":"2025-04-10T15:26:56","date_gmt":"2025-04-10T15:26:56","guid":{"rendered":"https:\/\/rfblegal.co.uk\/?page_id=6137"},"modified":"2026-03-26T10:57:16","modified_gmt":"2026-03-26T10:57:16","slug":"transacciones-inmobiliarias-y-de-sociedades","status":"publish","type":"page","link":"https:\/\/rfblegal.co.uk\/es\/servicios\/derecho-mercantil\/negocio-corporativo\/transacciones-inmobiliarias-y-de-sociedades\/","title":{"rendered":"Transacciones inmobiliarias y de envoltura de empresas"},"content":{"rendered":"<h2 class=\"wp-block-heading\"><strong>\u00bfPor qu\u00e9 la estructura envolvente corporativa?<\/strong><\/h2>\n\n\n\n<p>En RFB, cada vez es m\u00e1s frecuente que nuestros clientes inmobiliarios realicen una operaci\u00f3n en la que el activo es un inmueble pero la operaci\u00f3n es societaria.<\/p>\n\n\n\n<p>Entendemos los requisitos y complejidades \u00fanicos que se requieren y, en particular para las fusiones y adquisiciones, las importantes ventajas fiscales de optar por adquirir o enajenar las participaciones en un veh\u00edculo corporativo en lugar de adquirir la propiedad en s\u00ed.<\/p>\n\n\n\n<p>Del mismo modo, cuando dos o m\u00e1s partes se re\u00fanen con un fin com\u00fan, como la <a href=\"https:\/\/rfblegal.co.uk\/es\/servicios\/derecho-personal\/propiedad-residencial\/\">residencial<\/a> o el desarrollo comercial de un emplazamiento, a menudo se formar\u00e1 una empresa conjunta. Cada una de las partes aportar\u00e1 conocimientos y competencias diferentes, ya sea en materia de gesti\u00f3n de activos, edificaci\u00f3n y construcci\u00f3n, conocimientos y responsabilidad de <a href=\"https:\/\/rfblegal.co.uk\/es\/servicios\/derecho-personal\/ley-reguladora\/\">normativa<\/a> licencias vinculadas a la propiedad, y\/o conocimientos de fijaci\u00f3n de precios y contabilidad. Trataremos de garantizar que cuestiones como el control, la rentabilidad y las transferencias se ajusten a sus intereses estrat\u00e9gicos y permitan que la empresa conjunta y su prop\u00f3sito relacionado con la propiedad funcionen y se cumplan de la mejor manera posible.<\/p>\n\n\n\n<p>Mantener los intereses empresariales separados, por ejemplo, las SPV puede crear m\u00e1s flexibilidad en caso de que decida vender diferentes activos, ya que le ofrece la oportunidad de considerar opciones para vender un activo o la SPV en caso de que desee realizar una inversi\u00f3n.<\/p>\n\n\n\n<h2 class=\"wp-block-heading\"><strong>Experiencia y servicios inmobiliarios para empresas<\/strong><\/h2>\n\n\n\n<p>Nuestro equipo corporativo y comercial se ocupa regularmente de transacciones de compra de activos y acciones que implican bienes inmuebles, por lo que entendemos los aspectos comerciales de garantizar que el activo se adquiere al mejor precio posible y teniendo en cuenta los objetivos clave de cada cliente.<\/p>\n\n\n\n<p>Nuestro equipo se encarga:<\/p>\n\n\n\n<ul class=\"wp-block-list\">\n<li><strong>Adquisiciones y cesiones<\/strong> - la gesti\u00f3n de sociedades instrumentales cuyo \u00fanico activo es un inmueble y de empresas comerciales del sector inmobiliario, como residencias de ancianos, hoteles y residencias de estudiantes.<\/li>\n\n\n\n<li><strong>Empresas conjuntas (<em>JVs<\/em>)<\/strong> que se crean para poseer, adquirir o desarrollar bienes inmuebles.<\/li>\n\n\n\n<li><strong>Estructuraci\u00f3n de inversiones y empr\u00e9stitos:<\/strong> gesti\u00f3n de inversiones mayoritarias y minoritarias en veh\u00edculos corporativos con activos inmobiliarios, y asesoramiento o creaci\u00f3n de acuerdos de pr\u00e9stamo a y desde SPVs<\/li>\n\n\n\n<li><strong>Reorganizaciones y reestructuraciones antes o despu\u00e9s de la adquisici\u00f3n:<\/strong> Facilitar las transferencias de acciones, los acuerdos de gesti\u00f3n de activos y las cesiones y concesiones de subarriendos para grupos de propiedades dentro de la SPV adquirida o enajenada.<\/li>\n<\/ul>\n\n\n\n<p>Nuestro enfoque consiste en trabajar sin fisuras con nuestros abogados inmobiliarios, l\u00edderes en el mercado, para ofrecer un servicio cohesionado. Nuestra importante pr\u00e1ctica inmobiliaria con servicios relacionados en materia de empleo y litigios, garantizan un apoyo integral.<\/p>","protected":false},"excerpt":{"rendered":"<p>Why the Corporate Wrapper Structure? At RFB, we find it increasingly common for our real estate clients to carry out a transaction where the asset is property but the transaction is a corporate one. We understand the unique requirements and complexities required, and in particular for mergers and acquisitions, the significant tax advantages in choosing &hellip; <a href=\"https:\/\/rfblegal.co.uk\/es\/servicios\/derecho-mercantil\/negocio-corporativo\/transacciones-inmobiliarias-y-de-sociedades\/\">Contin\u00faa en<\/a><\/p>","protected":false},"author":5,"featured_media":6138,"parent":2597,"menu_order":0,"comment_status":"closed","ping_status":"closed","template":"tier3-template.blade.php","meta":{"_acf_changed":false,"om_disable_all_campaigns":false,"_uf_show_specific_survey":0,"_uf_disable_surveys":false,"footnotes":""},"class_list":["post-6137","page","type-page","status-publish","has-post-thumbnail","hentry"],"acf":[],"aioseo_notices":[],"yoast_head":"<!-- This site is optimized with the Yoast SEO plugin v27.2 - https:\/\/yoast.com\/product\/yoast-seo-wordpress\/ -->\n<title>Corporate Real Estate and Corporate Wrapper Transactions - RFB Legal<\/title>\n<meta name=\"description\" content=\"Why the Corporate Wrapper Structure? At RFB, we find it increasingly common for our real estate clients to carry out a transaction where the asset is\" \/>\n<meta name=\"robots\" content=\"index, follow, max-snippet:-1, max-image-preview:large, max-video-preview:-1\" \/>\n<link rel=\"canonical\" href=\"https:\/\/rfblegal.co.uk\/es\/servicios\/derecho-mercantil\/negocio-corporativo\/transacciones-inmobiliarias-y-de-sociedades\/\" \/>\n<meta property=\"og:locale\" content=\"es_ES\" \/>\n<meta property=\"og:type\" content=\"article\" \/>\n<meta property=\"og:title\" content=\"Corporate Real Estate and Corporate Wrapper Transactions - RFB Legal\" \/>\n<meta property=\"og:description\" content=\"Why the Corporate Wrapper Structure? At RFB, we find it increasingly common for our real estate clients to carry out a transaction where the asset is\" \/>\n<meta property=\"og:url\" content=\"https:\/\/rfblegal.co.uk\/es\/servicios\/derecho-mercantil\/negocio-corporativo\/transacciones-inmobiliarias-y-de-sociedades\/\" \/>\n<meta property=\"og:site_name\" content=\"RFB Legal\" \/>\n<meta property=\"article:publisher\" content=\"https:\/\/www.facebook.com\/RFBLegal\/\" \/>\n<meta property=\"article:modified_time\" content=\"2026-03-26T10:57:16+00:00\" \/>\n<meta property=\"og:image\" content=\"https:\/\/rfblegal.co.uk\/wp-content\/uploads\/2025\/04\/AdobeStock_952221415-scaled.jpeg\" \/>\n\t<meta property=\"og:image:width\" content=\"2120\" \/>\n\t<meta property=\"og:image:height\" content=\"1188\" \/>\n\t<meta property=\"og:image:type\" content=\"image\/jpeg\" \/>\n<meta name=\"twitter:card\" content=\"summary_large_image\" \/>\n<meta name=\"twitter:label1\" content=\"Est. reading time\" \/>\n\t<meta name=\"twitter:data1\" content=\"2 minutos\" \/>\n<script type=\"application\/ld+json\" class=\"yoast-schema-graph\">{\"@context\":\"https:\/\/schema.org\",\"@graph\":[{\"@type\":\"WebPage\",\"@id\":\"https:\/\/rfblegal.co.uk\/services\/business-law\/business-corporate\/corporate-real-estate-and-corporate-wrapper-transactions\/\",\"url\":\"https:\/\/rfblegal.co.uk\/services\/business-law\/business-corporate\/corporate-real-estate-and-corporate-wrapper-transactions\/\",\"name\":\"Corporate Real Estate and Corporate Wrapper Transactions - RFB Legal\",\"isPartOf\":{\"@id\":\"https:\/\/rfblegal.co.uk\/#website\"},\"primaryImageOfPage\":{\"@id\":\"https:\/\/rfblegal.co.uk\/services\/business-law\/business-corporate\/corporate-real-estate-and-corporate-wrapper-transactions\/#primaryimage\"},\"image\":{\"@id\":\"https:\/\/rfblegal.co.uk\/services\/business-law\/business-corporate\/corporate-real-estate-and-corporate-wrapper-transactions\/#primaryimage\"},\"thumbnailUrl\":\"https:\/\/rfblegal.co.uk\/wp-content\/uploads\/2025\/04\/AdobeStock_952221415-scaled.jpeg\",\"datePublished\":\"2025-04-10T15:26:56+00:00\",\"dateModified\":\"2026-03-26T10:57:16+00:00\",\"description\":\"Why the Corporate Wrapper Structure? At RFB, we find it increasingly common for our real estate clients to carry out a transaction where the asset is\",\"breadcrumb\":{\"@id\":\"https:\/\/rfblegal.co.uk\/services\/business-law\/business-corporate\/corporate-real-estate-and-corporate-wrapper-transactions\/#breadcrumb\"},\"inLanguage\":\"es\",\"potentialAction\":[{\"@type\":\"ReadAction\",\"target\":[\"https:\/\/rfblegal.co.uk\/services\/business-law\/business-corporate\/corporate-real-estate-and-corporate-wrapper-transactions\/\"]}]},{\"@type\":\"ImageObject\",\"inLanguage\":\"es\",\"@id\":\"https:\/\/rfblegal.co.uk\/services\/business-law\/business-corporate\/corporate-real-estate-and-corporate-wrapper-transactions\/#primaryimage\",\"url\":\"https:\/\/rfblegal.co.uk\/wp-content\/uploads\/2025\/04\/AdobeStock_952221415-scaled.jpeg\",\"contentUrl\":\"https:\/\/rfblegal.co.uk\/wp-content\/uploads\/2025\/04\/AdobeStock_952221415-scaled.jpeg\",\"width\":2120,\"height\":1188},{\"@type\":\"BreadcrumbList\",\"@id\":\"https:\/\/rfblegal.co.uk\/services\/business-law\/business-corporate\/corporate-real-estate-and-corporate-wrapper-transactions\/#breadcrumb\",\"itemListElement\":[{\"@type\":\"ListItem\",\"position\":1,\"name\":\"Home\",\"item\":\"https:\/\/rfblegal.co.uk\/\"},{\"@type\":\"ListItem\",\"position\":2,\"name\":\"Services\",\"item\":\"https:\/\/rfblegal.co.uk\/services\/\"},{\"@type\":\"ListItem\",\"position\":3,\"name\":\"Business Law\",\"item\":\"https:\/\/rfblegal.co.uk\/services\/business-law\/\"},{\"@type\":\"ListItem\",\"position\":4,\"name\":\"Business &#8211; Corporate\",\"item\":\"https:\/\/rfblegal.co.uk\/services\/business-law\/business-corporate\/\"},{\"@type\":\"ListItem\",\"position\":5,\"name\":\"Corporate Real Estate and Corporate Wrapper Transactions\"}]},{\"@type\":\"WebSite\",\"@id\":\"https:\/\/rfblegal.co.uk\/#website\",\"url\":\"https:\/\/rfblegal.co.uk\/\",\"name\":\"RFB Legal\",\"description\":\"\",\"publisher\":{\"@id\":\"https:\/\/rfblegal.co.uk\/#organization\"},\"potentialAction\":[{\"@type\":\"SearchAction\",\"target\":{\"@type\":\"EntryPoint\",\"urlTemplate\":\"https:\/\/rfblegal.co.uk\/?s={search_term_string}\"},\"query-input\":{\"@type\":\"PropertyValueSpecification\",\"valueRequired\":true,\"valueName\":\"search_term_string\"}}],\"inLanguage\":\"es\"},{\"@type\":\"Organization\",\"@id\":\"https:\/\/rfblegal.co.uk\/#organization\",\"name\":\"RFB Legal\",\"url\":\"https:\/\/rfblegal.co.uk\/\",\"logo\":{\"@type\":\"ImageObject\",\"inLanguage\":\"es\",\"@id\":\"https:\/\/rfblegal.co.uk\/#\/schema\/logo\/image\/\",\"url\":\"https:\/\/rfblegal.co.uk\/wp-content\/uploads\/2024\/01\/header_company_logo.svg\",\"contentUrl\":\"https:\/\/rfblegal.co.uk\/wp-content\/uploads\/2024\/01\/header_company_logo.svg\",\"caption\":\"RFB Legal\"},\"image\":{\"@id\":\"https:\/\/rfblegal.co.uk\/#\/schema\/logo\/image\/\"},\"sameAs\":[\"https:\/\/www.facebook.com\/RFBLegal\/\",\"https:\/\/www.linkedin.com\/uas\/login?session_redirect=company2012282\",\"https:\/\/www.instagram.com\/rfb_legal\/\"]}]}<\/script>\n<!-- \/ Yoast SEO plugin. -->","yoast_head_json":{"title":"Transacciones corporativas inmobiliarias y corporativas envolventes - RFB Legal","description":"\u00bfPor qu\u00e9 la estructura envolvente corporativa? En RFB, cada vez es m\u00e1s frecuente que nuestros clientes inmobiliarios realicen una operaci\u00f3n en la que el activo es","robots":{"index":"index","follow":"follow","max-snippet":"max-snippet:-1","max-image-preview":"max-image-preview:large","max-video-preview":"max-video-preview:-1"},"canonical":"https:\/\/rfblegal.co.uk\/es\/servicios\/derecho-mercantil\/negocio-corporativo\/transacciones-inmobiliarias-y-de-sociedades\/","og_locale":"es_ES","og_type":"article","og_title":"Corporate Real Estate and Corporate Wrapper Transactions - RFB Legal","og_description":"Why the Corporate Wrapper Structure? At RFB, we find it increasingly common for our real estate clients to carry out a transaction where the asset is","og_url":"https:\/\/rfblegal.co.uk\/es\/servicios\/derecho-mercantil\/negocio-corporativo\/transacciones-inmobiliarias-y-de-sociedades\/","og_site_name":"RFB Legal","article_publisher":"https:\/\/www.facebook.com\/RFBLegal\/","article_modified_time":"2026-03-26T10:57:16+00:00","og_image":[{"width":2120,"height":1188,"url":"https:\/\/rfblegal.co.uk\/wp-content\/uploads\/2025\/04\/AdobeStock_952221415-scaled.jpeg","type":"image\/jpeg"}],"twitter_card":"summary_large_image","twitter_misc":{"Est. reading time":"2 minutos"},"schema":{"@context":"https:\/\/schema.org","@graph":[{"@type":"WebPage","@id":"https:\/\/rfblegal.co.uk\/services\/business-law\/business-corporate\/corporate-real-estate-and-corporate-wrapper-transactions\/","url":"https:\/\/rfblegal.co.uk\/services\/business-law\/business-corporate\/corporate-real-estate-and-corporate-wrapper-transactions\/","name":"Transacciones corporativas inmobiliarias y corporativas envolventes - RFB Legal","isPartOf":{"@id":"https:\/\/rfblegal.co.uk\/#website"},"primaryImageOfPage":{"@id":"https:\/\/rfblegal.co.uk\/services\/business-law\/business-corporate\/corporate-real-estate-and-corporate-wrapper-transactions\/#primaryimage"},"image":{"@id":"https:\/\/rfblegal.co.uk\/services\/business-law\/business-corporate\/corporate-real-estate-and-corporate-wrapper-transactions\/#primaryimage"},"thumbnailUrl":"https:\/\/rfblegal.co.uk\/wp-content\/uploads\/2025\/04\/AdobeStock_952221415-scaled.jpeg","datePublished":"2025-04-10T15:26:56+00:00","dateModified":"2026-03-26T10:57:16+00:00","description":"\u00bfPor qu\u00e9 la estructura envolvente corporativa? En RFB, cada vez es m\u00e1s frecuente que nuestros clientes inmobiliarios realicen una operaci\u00f3n en la que el activo es","breadcrumb":{"@id":"https:\/\/rfblegal.co.uk\/services\/business-law\/business-corporate\/corporate-real-estate-and-corporate-wrapper-transactions\/#breadcrumb"},"inLanguage":"es","potentialAction":[{"@type":"ReadAction","target":["https:\/\/rfblegal.co.uk\/services\/business-law\/business-corporate\/corporate-real-estate-and-corporate-wrapper-transactions\/"]}]},{"@type":"ImageObject","inLanguage":"es","@id":"https:\/\/rfblegal.co.uk\/services\/business-law\/business-corporate\/corporate-real-estate-and-corporate-wrapper-transactions\/#primaryimage","url":"https:\/\/rfblegal.co.uk\/wp-content\/uploads\/2025\/04\/AdobeStock_952221415-scaled.jpeg","contentUrl":"https:\/\/rfblegal.co.uk\/wp-content\/uploads\/2025\/04\/AdobeStock_952221415-scaled.jpeg","width":2120,"height":1188},{"@type":"BreadcrumbList","@id":"https:\/\/rfblegal.co.uk\/services\/business-law\/business-corporate\/corporate-real-estate-and-corporate-wrapper-transactions\/#breadcrumb","itemListElement":[{"@type":"ListItem","position":1,"name":"Home","item":"https:\/\/rfblegal.co.uk\/"},{"@type":"ListItem","position":2,"name":"Services","item":"https:\/\/rfblegal.co.uk\/services\/"},{"@type":"ListItem","position":3,"name":"Business Law","item":"https:\/\/rfblegal.co.uk\/services\/business-law\/"},{"@type":"ListItem","position":4,"name":"Business &#8211; Corporate","item":"https:\/\/rfblegal.co.uk\/services\/business-law\/business-corporate\/"},{"@type":"ListItem","position":5,"name":"Corporate Real Estate and Corporate Wrapper Transactions"}]},{"@type":"WebSite","@id":"https:\/\/rfblegal.co.uk\/#website","url":"https:\/\/rfblegal.co.uk\/","name":"RFB Legal","description":"","publisher":{"@id":"https:\/\/rfblegal.co.uk\/#organization"},"potentialAction":[{"@type":"SearchAction","target":{"@type":"EntryPoint","urlTemplate":"https:\/\/rfblegal.co.uk\/?s={search_term_string}"},"query-input":{"@type":"PropertyValueSpecification","valueRequired":true,"valueName":"search_term_string"}}],"inLanguage":"es"},{"@type":"Organization","@id":"https:\/\/rfblegal.co.uk\/#organization","name":"RFB Legal","url":"https:\/\/rfblegal.co.uk\/","logo":{"@type":"ImageObject","inLanguage":"es","@id":"https:\/\/rfblegal.co.uk\/#\/schema\/logo\/image\/","url":"https:\/\/rfblegal.co.uk\/wp-content\/uploads\/2024\/01\/header_company_logo.svg","contentUrl":"https:\/\/rfblegal.co.uk\/wp-content\/uploads\/2024\/01\/header_company_logo.svg","caption":"RFB Legal"},"image":{"@id":"https:\/\/rfblegal.co.uk\/#\/schema\/logo\/image\/"},"sameAs":["https:\/\/www.facebook.com\/RFBLegal\/","https:\/\/www.linkedin.com\/uas\/login?session_redirect=company2012282","https:\/\/www.instagram.com\/rfb_legal\/"]}]}},"_links":{"self":[{"href":"https:\/\/rfblegal.co.uk\/es\/wp-json\/wp\/v2\/pages\/6137","targetHints":{"allow":["GET"]}}],"collection":[{"href":"https:\/\/rfblegal.co.uk\/es\/wp-json\/wp\/v2\/pages"}],"about":[{"href":"https:\/\/rfblegal.co.uk\/es\/wp-json\/wp\/v2\/types\/page"}],"author":[{"embeddable":true,"href":"https:\/\/rfblegal.co.uk\/es\/wp-json\/wp\/v2\/users\/5"}],"replies":[{"embeddable":true,"href":"https:\/\/rfblegal.co.uk\/es\/wp-json\/wp\/v2\/comments?post=6137"}],"version-history":[{"count":1,"href":"https:\/\/rfblegal.co.uk\/es\/wp-json\/wp\/v2\/pages\/6137\/revisions"}],"predecessor-version":[{"id":9081,"href":"https:\/\/rfblegal.co.uk\/es\/wp-json\/wp\/v2\/pages\/6137\/revisions\/9081"}],"up":[{"embeddable":true,"href":"https:\/\/rfblegal.co.uk\/es\/wp-json\/wp\/v2\/pages\/2597"}],"wp:featuredmedia":[{"embeddable":true,"href":"https:\/\/rfblegal.co.uk\/es\/wp-json\/wp\/v2\/media\/6138"}],"wp:attachment":[{"href":"https:\/\/rfblegal.co.uk\/es\/wp-json\/wp\/v2\/media?parent=6137"}],"curies":[{"name":"wp","href":"https:\/\/api.w.org\/{rel}","templated":true}]}}