{"id":6118,"date":"2025-04-10T11:50:19","date_gmt":"2025-04-10T11:50:19","guid":{"rendered":"https:\/\/rfblegal.co.uk\/?page_id=6118"},"modified":"2026-03-26T10:58:30","modified_gmt":"2026-03-26T10:58:30","slug":"franquicia","status":"publish","type":"page","link":"https:\/\/rfblegal.co.uk\/es\/servicios\/derecho-mercantil\/negocio-corporativo\/franquicia\/","title":{"rendered":"Franquicia"},"content":{"rendered":"<h2 class=\"wp-block-heading\"><strong>Servicios jur\u00eddicos de franquicia<\/strong><\/h2>\n\n\n\n<p>Expandir su negocio a trav\u00e9s de franquicias es una forma estrat\u00e9gica de ampliar las operaciones, mejorar la experiencia del cliente y el reconocimiento de la marca, adem\u00e1s de generar fuentes de ingresos adicionales. El sector de la franquicia sigue creciendo a\u00f1o tras a\u00f1o y el modelo resulta atractivo tanto para las empresas existentes como para quienes buscan una alternativa a la creaci\u00f3n de su propia empresa. El modelo de negocio ha demostrado ser exitoso para muchas empresas, pero como cualquier otro negocio, una franquicia requiere una cuidadosa reflexi\u00f3n, planificaci\u00f3n y gesti\u00f3n para tener \u00e9xito. Nuestros abogados expertos en franquicias ofrecen servicios jur\u00eddicos integrales para guiar a las empresas en todas las fases del proceso de franquicia.<\/p>\n\n\n\n<h2 class=\"wp-block-heading\"><strong>Nuestros servicios de franquicia<\/strong><\/h2>\n\n\n\n<h3 class=\"wp-block-heading\"><strong>Redacci\u00f3n y revisi\u00f3n de acuerdos de franquicia<\/strong><\/h3>\n\n\n\n<p>El contrato de franquicia es la base de cualquier relaci\u00f3n de franquicia. Nuestros abogados redactan y revisan los acuerdos para garantizar su solidez jur\u00eddica, su conformidad con la legislaci\u00f3n brit\u00e1nica en materia de franquicias y la protecci\u00f3n de sus intereses, manteniendo al mismo tiempo la equidad para los franquiciados.<\/p>\n\n\n\n<h3 class=\"wp-block-heading\"><strong>Documentaci\u00f3n de divulgaci\u00f3n de la franquicia<\/strong><\/h3>\n\n\n\n<p>Proporcionar una documentaci\u00f3n clara y transparente sobre la franquicia es esencial para <a href=\"https:\/\/rfblegal.co.uk\/es\/servicios\/derecho-personal\/ley-reguladora\/\">normativa<\/a> cumplimiento y fomentar la confianza con los franquiciados potenciales. Ayudamos a preparar y revisar estos documentos para garantizar la precisi\u00f3n y la integridad jur\u00eddica.<\/p>\n\n\n\n<h3 class=\"wp-block-heading\"><strong>Protecci\u00f3n de la propiedad intelectual<\/strong><\/h3>\n\n\n\n<p>Su fuerte identidad de marca, sus valores fundamentales, sus marcas registradas y su modelo de negocio patentado son activos fundamentales. Le ayudamos a proteger su propiedad intelectual, garantizando que su identidad de marca y sus metodolog\u00edas empresariales permanezcan seguras dentro del marco de la franquicia.<\/p>\n\n\n\n<h3 class=\"wp-block-heading\"><strong>Cumplimiento de franquicias y orientaci\u00f3n normativa<\/strong><\/h3>\n\n\n\n<p>La franquicia en el Reino Unido se rige por diversas leyes y por las mejores pr\u00e1cticas del sector. Nuestro equipo en RFB se asegura de que su modelo de franquicia se adhiere a todas las normas legales y \u00e9ticas pertinentes, incluyendo el cumplimiento de la marca y el cumplimiento del C\u00f3digo de \u00c9tica de la Asociaci\u00f3n Brit\u00e1nica de Franquicias (BFA).<\/p>\n\n\n\n<h3 class=\"wp-block-heading\"><strong>Resoluci\u00f3n de litigios en materia de franquicias<\/strong><\/h3>\n\n\n\n<p>Los conflictos pueden surgir en cualquier relaci\u00f3n comercial. Proporcionamos apoyo legal experto en la resoluci\u00f3n de conflictos entre franquiciadores y franquiciados a trav\u00e9s de la negociaci\u00f3n, la mediaci\u00f3n o el litigio si es necesario. RFB cuenta con un departamento de litigios que trabaja con nuestro equipo corporativo y comercial para apoyar la mediaci\u00f3n y el arbitraje, adem\u00e1s de asesorar sobre cualquier salida del socio franquiciado y acuerdos si el asunto no puede resolverse.<\/p>\n\n\n\n<h3 class=\"wp-block-heading\"><strong>Estrategias de reventa y salida de franquicias<\/strong><\/h3>\n\n\n\n<p>Cuando los franquiciados desean vender su negocio o abandonar el acuerdo, facilitamos transiciones fluidas, garantizando el cumplimiento legal y protegiendo los intereses de ambas partes.<\/p>\n\n\n\n<h2 class=\"wp-block-heading\"><strong>\u00bfPor qu\u00e9 elegirnos?<\/strong><\/h2>\n\n\n\n<ul class=\"wp-block-list\">\n<li><strong>Conocimientos especializados<\/strong> - Nuestros abogados tienen amplia experiencia en derecho de franquicias y derecho inmobiliario, por lo que pueden entender el contrato de franquicia y el contrato inmobiliario subyacente que va de la mano con diversas industrias que ofrecen oportunidades de franquicia.&nbsp;<\/li>\n\n\n\n<li><strong>Apoyo jur\u00eddico a medida<\/strong> - Ofrecemos una estructura de honorarios competitiva y, con oficinas en todo el pa\u00eds, podemos proporcionar asesoramiento y estructuras de costes exclusivas para su modelo de negocio y sus objetivos, incluidas estructuras de honorarios fijos.&nbsp;<\/li>\n\n\n\n<li><strong>Enfoque centrado en el cliente<\/strong> - Damos prioridad a la comunicaci\u00f3n clara, la transparencia y la eficacia en todos nuestros servicios jur\u00eddicos.<\/li>\n<\/ul>\n\n\n\n<p>Si est\u00e1 considerando la posibilidad de franquiciar su negocio o necesita asesoramiento jur\u00eddico especializado sobre acuerdos de franquicia, cumplimiento o <a href=\"https:\/\/rfblegal.co.uk\/es\/servicios\/derecho-mercantil\/litigios-inmobiliarios-2\/resolucion-alternativa-de-litigios-comerciales-2\/\">resoluci\u00f3n de litigios<\/a> para atraer a clientes fieles, p\u00f3ngase en contacto con nosotros hoy mismo para una consulta.<\/p>\n\n\n\n<p>Nuestros abogados tienen experiencia en todos los aspectos del proceso de franquicia. Estos son algunos de los ejemplos de algunos de los servicios que nuestros abogados en nuestro equipo corporativo y comercial pueden proporcionar:<\/p>\n\n\n\n<h2 class=\"wp-block-heading\"><strong>Franquiciadores<\/strong><\/h2>\n\n\n\n<ul class=\"wp-block-list\">\n<li>Redacci\u00f3n de contratos de franquicia y asistencia en la elaboraci\u00f3n de manuales de explotaci\u00f3n<\/li>\n\n\n\n<li>Redacci\u00f3n, negociaci\u00f3n y ejecuci\u00f3n de contratos de franquicia asociados, incluidos arrendamientos comerciales, contratos de trabajo, contratos de suministro y contratos comerciales con terceros.<\/li>\n\n\n\n<li>Revisar los contratos para garantizar su conformidad con los cambios legislativos.<\/li>\n\n\n\n<li>Asesoramiento y defensa de la propiedad intelectual y las marcas para proteger su empresa<\/li>\n\n\n\n<li>Asesoramiento en materia de protecci\u00f3n de datos en una red de franquicias<\/li>\n\n\n\n<li>Resoluci\u00f3n de litigios con franquiciados sobre alegaciones de incumplimiento, ruptura de contrato, tergiversaci\u00f3n y rescisi\u00f3n o salida anticipada.<\/li>\n\n\n\n<li>Asesorar y, en su caso, emprender acciones para hacer cumplir pactos restrictivos contra franquiciados que incumplan pactos de restricci\u00f3n del comercio, como la no competencia, la caza furtiva de empleados y\/o clientes.<\/li>\n\n\n\n<li>Reclamaciones contra terceros derivadas de litigios relacionados con su franquicia<\/li>\n\n\n\n<li>Asesoramiento y actuaci\u00f3n en la expansi\u00f3n o venta de su negocio de franquicia<\/li>\n\n\n\n<li>Redacci\u00f3n de contratos de trabajo y asesoramiento en materia laboral, incluso cuando los franquiciadores recuperan las franquicias \u201cdentro de la empresa\u201d.<\/li>\n<\/ul>\n\n\n\n<h2 class=\"wp-block-heading\"><strong>Franquiciados<\/strong><\/h2>\n\n\n\n<ul class=\"wp-block-list\">\n<li>Revisar su nuevo contrato de franquicia y asesorarle sobre sus obligaciones y derechos<\/li>\n\n\n\n<li>Asesoramiento y, en su caso, adopci\u00f3n de medidas para impedir la aplicaci\u00f3n de pactos de restricci\u00f3n comercial onerosos que pretendan limitar su actividad empresarial durante y despu\u00e9s de la finalizaci\u00f3n de la franquicia.<\/li>\n\n\n\n<li>Asesoramiento sobre su derecho a abandonar o rescindir la franquicia, incluidas las reclamaciones por tergiversaci\u00f3n y recuperaci\u00f3n de da\u00f1os y perjuicios.<\/li>\n\n\n\n<li>Asesorar y, en su caso, emprender acciones legales o comerciales para resolver conflictos con su franquiciador.<\/li>\n\n\n\n<li>Asesoramiento en materia de protecci\u00f3n de datos en una red de franquicias<\/li>\n<\/ul>\n\n\n\n<h2 class=\"wp-block-heading\"><strong>A qui\u00e9n podemos ayudar y c\u00f3mo<\/strong><\/h2>\n\n\n\n<p>Nuestro equipo de abogados mercantiles y societarios, junto con los expertos de nuestro departamento laboral y mercantil y <a href=\"https:\/\/rfblegal.co.uk\/es\/servicios\/derecho-mercantil\/litigios-inmobiliarios-2\/\">litigios inmobiliarios<\/a> pueden ayudar tanto a franquiciadores como a franquiciados en una amplia gama de \u00e1mbitos.<\/p>\n\n\n\n<p>Tambi\u00e9n colaboramos con otros terceros, como contables, consultores de franquicias y agentes de gesti\u00f3n inmobiliaria, para garantizar que nuestros clientes obtengan un servicio de franquicia completo.<\/p>\n\n\n\n<p>Nuestro equipo comercial corporativo es muy h\u00e1bil y adaptable para satisfacer sus necesidades espec\u00edficas, incluido el mantenimiento de la coherencia de la marca, independientemente de si su sector est\u00e1 fuera de los enumerados anteriormente.<\/p>\n\n\n\n<p>P\u00f3ngase en contacto con nosotros en nuestro n\u00famero de oficina general <a href=\"tel:020 7613 1402\">020 7613 1402<\/a> o directamente a nuestro <a href=\"https:\/\/rfblegal.co.uk\/es\/servicios\/derecho-personal\/corporativo\/\">RFB Equipo Corporativo y Comercial<\/a>.<\/p>","protected":false},"excerpt":{"rendered":"<p>Franchising Legal Services Expanding your business through franchising is a strategic way to scale operations, enhance customer experience and further brand values brand recognition, and generate additional revenue streams. The franchise industry continues to grow year on year with the model appealing to both existing businesses and those looking for an alternative to starting up &hellip; <a href=\"https:\/\/rfblegal.co.uk\/es\/servicios\/derecho-mercantil\/negocio-corporativo\/franquicia\/\">Contin\u00faa en<\/a><\/p>","protected":false},"author":5,"featured_media":6120,"parent":2597,"menu_order":0,"comment_status":"closed","ping_status":"closed","template":"tier3-template.blade.php","meta":{"_acf_changed":false,"om_disable_all_campaigns":false,"_uf_show_specific_survey":0,"_uf_disable_surveys":false,"footnotes":""},"class_list":["post-6118","page","type-page","status-publish","has-post-thumbnail","hentry"],"acf":[],"aioseo_notices":[],"yoast_head":"<!-- This site is optimized with the Yoast SEO plugin v27.2 - https:\/\/yoast.com\/product\/yoast-seo-wordpress\/ -->\n<title>Franchising - RFB Legal<\/title>\n<meta name=\"description\" content=\"Franchising Legal Services Expanding your business through franchising is a strategic way to scale operations, enhance customer experience and further\" \/>\n<meta name=\"robots\" content=\"index, follow, max-snippet:-1, max-image-preview:large, max-video-preview:-1\" \/>\n<link rel=\"canonical\" href=\"https:\/\/rfblegal.co.uk\/es\/servicios\/derecho-mercantil\/negocio-corporativo\/franquicia\/\" \/>\n<meta property=\"og:locale\" content=\"es_ES\" \/>\n<meta property=\"og:type\" content=\"article\" \/>\n<meta property=\"og:title\" content=\"Franchising - RFB Legal\" \/>\n<meta property=\"og:description\" content=\"Franchising Legal Services Expanding your business through franchising is a strategic way to scale operations, enhance customer experience and further\" \/>\n<meta property=\"og:url\" content=\"https:\/\/rfblegal.co.uk\/es\/servicios\/derecho-mercantil\/negocio-corporativo\/franquicia\/\" \/>\n<meta property=\"og:site_name\" content=\"RFB Legal\" \/>\n<meta property=\"article:publisher\" content=\"https:\/\/www.facebook.com\/RFBLegal\/\" \/>\n<meta property=\"article:modified_time\" content=\"2026-03-26T10:58:30+00:00\" \/>\n<meta property=\"og:image\" content=\"https:\/\/rfblegal.co.uk\/wp-content\/uploads\/2025\/04\/AdobeStock_647543102-scaled.jpeg\" \/>\n\t<meta property=\"og:image:width\" content=\"2120\" \/>\n\t<meta property=\"og:image:height\" content=\"1131\" \/>\n\t<meta property=\"og:image:type\" content=\"image\/jpeg\" \/>\n<meta name=\"twitter:card\" content=\"summary_large_image\" \/>\n<meta name=\"twitter:label1\" content=\"Est. reading time\" \/>\n\t<meta name=\"twitter:data1\" content=\"4 minutos\" \/>\n<script type=\"application\/ld+json\" class=\"yoast-schema-graph\">{\"@context\":\"https:\/\/schema.org\",\"@graph\":[{\"@type\":\"WebPage\",\"@id\":\"https:\/\/rfblegal.co.uk\/services\/business-law\/business-corporate\/franchising\/\",\"url\":\"https:\/\/rfblegal.co.uk\/services\/business-law\/business-corporate\/franchising\/\",\"name\":\"Franchising - RFB Legal\",\"isPartOf\":{\"@id\":\"https:\/\/rfblegal.co.uk\/#website\"},\"primaryImageOfPage\":{\"@id\":\"https:\/\/rfblegal.co.uk\/services\/business-law\/business-corporate\/franchising\/#primaryimage\"},\"image\":{\"@id\":\"https:\/\/rfblegal.co.uk\/services\/business-law\/business-corporate\/franchising\/#primaryimage\"},\"thumbnailUrl\":\"https:\/\/rfblegal.co.uk\/wp-content\/uploads\/2025\/04\/AdobeStock_647543102-scaled.jpeg\",\"datePublished\":\"2025-04-10T11:50:19+00:00\",\"dateModified\":\"2026-03-26T10:58:30+00:00\",\"description\":\"Franchising Legal Services Expanding your business through franchising is a strategic way to scale operations, enhance customer experience and further\",\"breadcrumb\":{\"@id\":\"https:\/\/rfblegal.co.uk\/services\/business-law\/business-corporate\/franchising\/#breadcrumb\"},\"inLanguage\":\"es\",\"potentialAction\":[{\"@type\":\"ReadAction\",\"target\":[\"https:\/\/rfblegal.co.uk\/services\/business-law\/business-corporate\/franchising\/\"]}]},{\"@type\":\"ImageObject\",\"inLanguage\":\"es\",\"@id\":\"https:\/\/rfblegal.co.uk\/services\/business-law\/business-corporate\/franchising\/#primaryimage\",\"url\":\"https:\/\/rfblegal.co.uk\/wp-content\/uploads\/2025\/04\/AdobeStock_647543102-scaled.jpeg\",\"contentUrl\":\"https:\/\/rfblegal.co.uk\/wp-content\/uploads\/2025\/04\/AdobeStock_647543102-scaled.jpeg\",\"width\":2120,\"height\":1131,\"caption\":\"Business sale growth and expand shop franchise concept, Store connection link with others shop and supermarket.\"},{\"@type\":\"BreadcrumbList\",\"@id\":\"https:\/\/rfblegal.co.uk\/services\/business-law\/business-corporate\/franchising\/#breadcrumb\",\"itemListElement\":[{\"@type\":\"ListItem\",\"position\":1,\"name\":\"Home\",\"item\":\"https:\/\/rfblegal.co.uk\/\"},{\"@type\":\"ListItem\",\"position\":2,\"name\":\"Services\",\"item\":\"https:\/\/rfblegal.co.uk\/services\/\"},{\"@type\":\"ListItem\",\"position\":3,\"name\":\"Business Law\",\"item\":\"https:\/\/rfblegal.co.uk\/services\/business-law\/\"},{\"@type\":\"ListItem\",\"position\":4,\"name\":\"Business &#8211; Corporate\",\"item\":\"https:\/\/rfblegal.co.uk\/services\/business-law\/business-corporate\/\"},{\"@type\":\"ListItem\",\"position\":5,\"name\":\"Franchising\"}]},{\"@type\":\"WebSite\",\"@id\":\"https:\/\/rfblegal.co.uk\/#website\",\"url\":\"https:\/\/rfblegal.co.uk\/\",\"name\":\"RFB Legal\",\"description\":\"\",\"publisher\":{\"@id\":\"https:\/\/rfblegal.co.uk\/#organization\"},\"potentialAction\":[{\"@type\":\"SearchAction\",\"target\":{\"@type\":\"EntryPoint\",\"urlTemplate\":\"https:\/\/rfblegal.co.uk\/?s={search_term_string}\"},\"query-input\":{\"@type\":\"PropertyValueSpecification\",\"valueRequired\":true,\"valueName\":\"search_term_string\"}}],\"inLanguage\":\"es\"},{\"@type\":\"Organization\",\"@id\":\"https:\/\/rfblegal.co.uk\/#organization\",\"name\":\"RFB Legal\",\"url\":\"https:\/\/rfblegal.co.uk\/\",\"logo\":{\"@type\":\"ImageObject\",\"inLanguage\":\"es\",\"@id\":\"https:\/\/rfblegal.co.uk\/#\/schema\/logo\/image\/\",\"url\":\"https:\/\/rfblegal.co.uk\/wp-content\/uploads\/2024\/01\/header_company_logo.svg\",\"contentUrl\":\"https:\/\/rfblegal.co.uk\/wp-content\/uploads\/2024\/01\/header_company_logo.svg\",\"caption\":\"RFB Legal\"},\"image\":{\"@id\":\"https:\/\/rfblegal.co.uk\/#\/schema\/logo\/image\/\"},\"sameAs\":[\"https:\/\/www.facebook.com\/RFBLegal\/\",\"https:\/\/www.linkedin.com\/uas\/login?session_redirect=company2012282\",\"https:\/\/www.instagram.com\/rfb_legal\/\"]}]}<\/script>\n<!-- \/ Yoast SEO plugin. -->","yoast_head_json":{"title":"Franquicias - RFB Legal","description":"Franquicias Servicios Jur\u00eddicos Expandir su negocio a trav\u00e9s de franquicias es una forma estrat\u00e9gica de ampliar las operaciones, mejorar la experiencia del cliente y seguir creciendo.","robots":{"index":"index","follow":"follow","max-snippet":"max-snippet:-1","max-image-preview":"max-image-preview:large","max-video-preview":"max-video-preview:-1"},"canonical":"https:\/\/rfblegal.co.uk\/es\/servicios\/derecho-mercantil\/negocio-corporativo\/franquicia\/","og_locale":"es_ES","og_type":"article","og_title":"Franchising - RFB Legal","og_description":"Franchising Legal Services Expanding your business through franchising is a strategic way to scale operations, enhance customer experience and further","og_url":"https:\/\/rfblegal.co.uk\/es\/servicios\/derecho-mercantil\/negocio-corporativo\/franquicia\/","og_site_name":"RFB Legal","article_publisher":"https:\/\/www.facebook.com\/RFBLegal\/","article_modified_time":"2026-03-26T10:58:30+00:00","og_image":[{"width":2120,"height":1131,"url":"https:\/\/rfblegal.co.uk\/wp-content\/uploads\/2025\/04\/AdobeStock_647543102-scaled.jpeg","type":"image\/jpeg"}],"twitter_card":"summary_large_image","twitter_misc":{"Est. reading time":"4 minutos"},"schema":{"@context":"https:\/\/schema.org","@graph":[{"@type":"WebPage","@id":"https:\/\/rfblegal.co.uk\/services\/business-law\/business-corporate\/franchising\/","url":"https:\/\/rfblegal.co.uk\/services\/business-law\/business-corporate\/franchising\/","name":"Franquicias - RFB Legal","isPartOf":{"@id":"https:\/\/rfblegal.co.uk\/#website"},"primaryImageOfPage":{"@id":"https:\/\/rfblegal.co.uk\/services\/business-law\/business-corporate\/franchising\/#primaryimage"},"image":{"@id":"https:\/\/rfblegal.co.uk\/services\/business-law\/business-corporate\/franchising\/#primaryimage"},"thumbnailUrl":"https:\/\/rfblegal.co.uk\/wp-content\/uploads\/2025\/04\/AdobeStock_647543102-scaled.jpeg","datePublished":"2025-04-10T11:50:19+00:00","dateModified":"2026-03-26T10:58:30+00:00","description":"Franquicias Servicios Jur\u00eddicos Expandir su negocio a trav\u00e9s de franquicias es una forma estrat\u00e9gica de ampliar las operaciones, mejorar la experiencia del cliente y seguir creciendo.","breadcrumb":{"@id":"https:\/\/rfblegal.co.uk\/services\/business-law\/business-corporate\/franchising\/#breadcrumb"},"inLanguage":"es","potentialAction":[{"@type":"ReadAction","target":["https:\/\/rfblegal.co.uk\/services\/business-law\/business-corporate\/franchising\/"]}]},{"@type":"ImageObject","inLanguage":"es","@id":"https:\/\/rfblegal.co.uk\/services\/business-law\/business-corporate\/franchising\/#primaryimage","url":"https:\/\/rfblegal.co.uk\/wp-content\/uploads\/2025\/04\/AdobeStock_647543102-scaled.jpeg","contentUrl":"https:\/\/rfblegal.co.uk\/wp-content\/uploads\/2025\/04\/AdobeStock_647543102-scaled.jpeg","width":2120,"height":1131,"caption":"Business sale growth and expand shop franchise concept, Store connection link with others shop and supermarket."},{"@type":"BreadcrumbList","@id":"https:\/\/rfblegal.co.uk\/services\/business-law\/business-corporate\/franchising\/#breadcrumb","itemListElement":[{"@type":"ListItem","position":1,"name":"Home","item":"https:\/\/rfblegal.co.uk\/"},{"@type":"ListItem","position":2,"name":"Services","item":"https:\/\/rfblegal.co.uk\/services\/"},{"@type":"ListItem","position":3,"name":"Business Law","item":"https:\/\/rfblegal.co.uk\/services\/business-law\/"},{"@type":"ListItem","position":4,"name":"Business &#8211; Corporate","item":"https:\/\/rfblegal.co.uk\/services\/business-law\/business-corporate\/"},{"@type":"ListItem","position":5,"name":"Franchising"}]},{"@type":"WebSite","@id":"https:\/\/rfblegal.co.uk\/#website","url":"https:\/\/rfblegal.co.uk\/","name":"RFB Legal","description":"","publisher":{"@id":"https:\/\/rfblegal.co.uk\/#organization"},"potentialAction":[{"@type":"SearchAction","target":{"@type":"EntryPoint","urlTemplate":"https:\/\/rfblegal.co.uk\/?s={search_term_string}"},"query-input":{"@type":"PropertyValueSpecification","valueRequired":true,"valueName":"search_term_string"}}],"inLanguage":"es"},{"@type":"Organization","@id":"https:\/\/rfblegal.co.uk\/#organization","name":"RFB Legal","url":"https:\/\/rfblegal.co.uk\/","logo":{"@type":"ImageObject","inLanguage":"es","@id":"https:\/\/rfblegal.co.uk\/#\/schema\/logo\/image\/","url":"https:\/\/rfblegal.co.uk\/wp-content\/uploads\/2024\/01\/header_company_logo.svg","contentUrl":"https:\/\/rfblegal.co.uk\/wp-content\/uploads\/2024\/01\/header_company_logo.svg","caption":"RFB Legal"},"image":{"@id":"https:\/\/rfblegal.co.uk\/#\/schema\/logo\/image\/"},"sameAs":["https:\/\/www.facebook.com\/RFBLegal\/","https:\/\/www.linkedin.com\/uas\/login?session_redirect=company2012282","https:\/\/www.instagram.com\/rfb_legal\/"]}]}},"_links":{"self":[{"href":"https:\/\/rfblegal.co.uk\/es\/wp-json\/wp\/v2\/pages\/6118","targetHints":{"allow":["GET"]}}],"collection":[{"href":"https:\/\/rfblegal.co.uk\/es\/wp-json\/wp\/v2\/pages"}],"about":[{"href":"https:\/\/rfblegal.co.uk\/es\/wp-json\/wp\/v2\/types\/page"}],"author":[{"embeddable":true,"href":"https:\/\/rfblegal.co.uk\/es\/wp-json\/wp\/v2\/users\/5"}],"replies":[{"embeddable":true,"href":"https:\/\/rfblegal.co.uk\/es\/wp-json\/wp\/v2\/comments?post=6118"}],"version-history":[{"count":1,"href":"https:\/\/rfblegal.co.uk\/es\/wp-json\/wp\/v2\/pages\/6118\/revisions"}],"predecessor-version":[{"id":9082,"href":"https:\/\/rfblegal.co.uk\/es\/wp-json\/wp\/v2\/pages\/6118\/revisions\/9082"}],"up":[{"embeddable":true,"href":"https:\/\/rfblegal.co.uk\/es\/wp-json\/wp\/v2\/pages\/2597"}],"wp:featuredmedia":[{"embeddable":true,"href":"https:\/\/rfblegal.co.uk\/es\/wp-json\/wp\/v2\/media\/6120"}],"wp:attachment":[{"href":"https:\/\/rfblegal.co.uk\/es\/wp-json\/wp\/v2\/media?parent=6118"}],"curies":[{"name":"wp","href":"https:\/\/api.w.org\/{rel}","templated":true}]}}