{"id":6091,"date":"2025-04-10T10:41:20","date_gmt":"2025-04-10T10:41:20","guid":{"rendered":"https:\/\/rfblegal.co.uk\/?page_id=6091"},"modified":"2026-03-26T10:51:00","modified_gmt":"2026-03-26T10:51:00","slug":"contratos-comerciales-2","status":"publish","type":"page","link":"https:\/\/rfblegal.co.uk\/es\/servicios\/derecho-personal\/corporativo\/contratos-comerciales-2\/","title":{"rendered":"Contratos comerciales"},"content":{"rendered":"<h2 class=\"wp-block-heading\"><strong>Contratos y condiciones comerciales<\/strong><\/h2>\n\n\n\n<p>En Ronald Fletcher Baker, nuestro equipo de especialistas ofrece asesoramiento jur\u00eddico centrado en el \u00e1mbito comercial y adaptado a sus necesidades empresariales y comerciales personales. Redactamos, revisamos y negociamos los contratos en los que pueda verse involucrado al ampliar su negocio o recibir contratos comerciales para ayudarle a gestionar eficazmente las relaciones con clientes, proveedores y socios, garantizando que su negocio y los servicios que recibe funcionen con claridad y confianza.<\/p>\n\n\n\n<h2 class=\"wp-block-heading\"><strong>C\u00f3mo podemos ayudarle<\/strong><\/h2>\n\n\n\n<p>En RFB, nuestros <a href=\"https:\/\/rfblegal.co.uk\/es\/servicios\/derecho-personal\/corporativo\/\">Equipo corporativo y comercial<\/a> tienen experiencia en una amplia gama de acuerdos comerciales, entre los que se incluyen<\/p>\n\n\n\n<ul class=\"wp-block-list\">\n<li>Acuerdos con proveedores, fabricantes y distribuidores<\/li>\n\n\n\n<li>Acuerdos marco complejos<\/li>\n\n\n\n<li>Licencias de marca y acuerdos de franquicia<\/li>\n\n\n\n<li>Acuerdos de patrocinio<\/li>\n\n\n\n<li>Condiciones para las empresas<\/li>\n\n\n\n<li>Pol\u00edticas del sitio web y contratos en l\u00ednea<\/li>\n\n\n\n<li><a href=\"https:\/\/rfblegal.co.uk\/es\/servicios\/derecho-mercantil\/negocio-corporativo\/\">Documentos comerciales generales (NDA, NCA, acuerdos de pr\u00e9stamo, acuerdos de servicio)<\/a><\/li>\n<\/ul>\n\n\n\n<h2 class=\"wp-block-heading\"><strong>\u00bfPor qu\u00e9 elegir Ronald Fletcher Baker (RFB)?<\/strong><\/h2>\n\n\n\n<h3 class=\"wp-block-heading\"><strong>Apoyo jur\u00eddico a medida<\/strong><\/h3>\n\n\n\n<p>Entendemos que cada negocio es \u00fanico. Nuestro equipo ofrece asesoramiento jur\u00eddico claro, conciso y pr\u00e1ctico, garantizando que sus acuerdos se ajusten a sus objetivos estrat\u00e9gicos y mitigando los riesgos.<\/p>\n\n\n\n<h3 class=\"wp-block-heading\"><strong>Experiencia en el sector<\/strong><\/h3>\n\n\n\n<p>Tenemos amplia experiencia asesorando a clientes en acuerdos de diversos sectores, entre ellos:<\/p>\n\n\n\n<ul class=\"wp-block-list\">\n<li>Tecnolog\u00eda, medios de comunicaci\u00f3n y telecomunicaciones (TMT)<\/li>\n\n\n\n<li>Comercio y ocio<\/li>\n\n\n\n<li>Contrataci\u00f3n y empleo<\/li>\n\n\n\n<li>Educaci\u00f3n<\/li>\n\n\n\n<li>Bienes de consumo<\/li>\n\n\n\n<li>Sanidad, incluido el contrato de farmacia comunitaria del SNS<\/li>\n\n\n\n<li><a href=\"https:\/\/rfblegal.co.uk\/es\/servicios\/derecho-mercantil\/servicios-inmobiliarios-comerciales\/promocion-inmobiliaria-comercial\/\">Promoci\u00f3n inmobiliaria<\/a><\/li>\n<\/ul>\n\n\n\n<h2 class=\"wp-block-heading\"><strong>Nuestra experiencia<\/strong><\/h2>\n\n\n\n<h3 class=\"wp-block-heading\"><strong>Contratos con clientes<\/strong><\/h3>\n\n\n\n<p>Desarrollo de los t\u00e9rminos y condiciones para un minorista online de maquillaje y belleza cuyos productos se hicieron virales tras promocionarse en TikTok.&nbsp;<\/p>\n\n\n\n<p>Creaci\u00f3n de t\u00e9rminos y condiciones para una consultor\u00eda de peritaje de defectos y estado de edificios que deseaba desarrollar sus \u00e1reas de pr\u00e1ctica a peritajes previos a la compra y asesoramiento sobre contratos de garant\u00edas colaterales.<\/p>\n\n\n\n<h3 class=\"wp-block-heading\"><strong>Transformaci\u00f3n digital<\/strong><\/h3>\n\n\n\n<p>Revisi\u00f3n de los t\u00e9rminos y condiciones de un proveedor de gesti\u00f3n de casos en un contrato SAAS para una empresa especializada en impermeabilizaci\u00f3n y pavimentaci\u00f3n que suministra a grandes constructores de viviendas, acordando modificaciones significativas de las disposiciones de supervisi\u00f3n en tiempo real del proveedor y reembolsos por interrupciones.<\/p>\n\n\n\n<h3 class=\"wp-block-heading\"><strong>Startups y empresas en crecimiento<\/strong><\/h3>\n\n\n\n<p>Proporcionamos acuerdos comerciales y de consumo esenciales a empresas de nueva creaci\u00f3n, incluidas empresas de inversi\u00f3n inmobiliaria, alquiler y alojamiento para estudiantes, agencias inmobiliarias, empresas de comercio electr\u00f3nico y proveedores de servicios.<\/p>\n\n\n\n<p>En Ronald Fletcher Baker, combinamos la experiencia jur\u00eddica con un enfoque comercial, ayudando a las empresas a gestionar acuerdos complejos con confianza. P\u00f3ngase en contacto con nosotros para saber c\u00f3mo podemos ayudarle con sus necesidades de contrataci\u00f3n comercial.<\/p>","protected":false},"excerpt":{"rendered":"<p>Commercial Contracts &amp; Terms of Business At Ronald Fletcher Baker, our specialist team provides commercially focused legal advice tailored to your personal business and enterprise needs. We draft, review, and negotiate contracts you may be involved with when expanding your business or receiving business contracts to help you effectively manage relationships with customers, suppliers, and &hellip; <a href=\"https:\/\/rfblegal.co.uk\/es\/servicios\/derecho-personal\/corporativo\/contratos-comerciales-2\/\">Contin\u00faa en<\/a><\/p>","protected":false},"author":5,"featured_media":6097,"parent":2385,"menu_order":0,"comment_status":"closed","ping_status":"closed","template":"tier3-template.blade.php","meta":{"_acf_changed":false,"om_disable_all_campaigns":false,"_uf_show_specific_survey":0,"_uf_disable_surveys":false,"footnotes":""},"class_list":["post-6091","page","type-page","status-publish","has-post-thumbnail","hentry"],"acf":[],"aioseo_notices":[],"yoast_head":"<!-- This site is optimized with the Yoast SEO plugin v27.2 - https:\/\/yoast.com\/product\/yoast-seo-wordpress\/ -->\n<title>Business Contracts - RFB Legal<\/title>\n<meta name=\"description\" content=\"Commercial Contracts &amp; Terms of Business At Ronald Fletcher Baker, our specialist team provides commercially focused legal advice tailored to your\" \/>\n<meta name=\"robots\" content=\"index, follow, max-snippet:-1, max-image-preview:large, max-video-preview:-1\" \/>\n<link rel=\"canonical\" href=\"https:\/\/rfblegal.co.uk\/es\/servicios\/derecho-personal\/corporativo\/contratos-comerciales-2\/\" \/>\n<meta property=\"og:locale\" content=\"es_ES\" \/>\n<meta property=\"og:type\" content=\"article\" \/>\n<meta property=\"og:title\" content=\"Business Contracts - RFB Legal\" \/>\n<meta property=\"og:description\" content=\"Commercial Contracts &amp; Terms of Business At Ronald Fletcher Baker, our specialist team provides commercially focused legal advice tailored to your\" \/>\n<meta property=\"og:url\" content=\"https:\/\/rfblegal.co.uk\/es\/servicios\/derecho-personal\/corporativo\/contratos-comerciales-2\/\" \/>\n<meta property=\"og:site_name\" content=\"RFB Legal\" \/>\n<meta property=\"article:publisher\" content=\"https:\/\/www.facebook.com\/RFBLegal\/\" \/>\n<meta property=\"article:modified_time\" content=\"2026-03-26T10:51:00+00:00\" \/>\n<meta property=\"og:image\" content=\"https:\/\/rfblegal.co.uk\/wp-content\/uploads\/2025\/04\/AdobeStock_249073275-scaled.jpeg\" \/>\n\t<meta property=\"og:image:width\" content=\"2120\" \/>\n\t<meta property=\"og:image:height\" content=\"1415\" \/>\n\t<meta property=\"og:image:type\" content=\"image\/jpeg\" \/>\n<meta name=\"twitter:card\" content=\"summary_large_image\" \/>\n<meta name=\"twitter:label1\" content=\"Est. reading time\" \/>\n\t<meta name=\"twitter:data1\" content=\"2 minutos\" \/>\n<script type=\"application\/ld+json\" class=\"yoast-schema-graph\">{\"@context\":\"https:\/\/schema.org\",\"@graph\":[{\"@type\":\"WebPage\",\"@id\":\"https:\/\/rfblegal.co.uk\/services\/personal-law\/corporate\/business-contracts\/\",\"url\":\"https:\/\/rfblegal.co.uk\/services\/personal-law\/corporate\/business-contracts\/\",\"name\":\"Business Contracts - RFB Legal\",\"isPartOf\":{\"@id\":\"https:\/\/rfblegal.co.uk\/#website\"},\"primaryImageOfPage\":{\"@id\":\"https:\/\/rfblegal.co.uk\/services\/personal-law\/corporate\/business-contracts\/#primaryimage\"},\"image\":{\"@id\":\"https:\/\/rfblegal.co.uk\/services\/personal-law\/corporate\/business-contracts\/#primaryimage\"},\"thumbnailUrl\":\"https:\/\/rfblegal.co.uk\/wp-content\/uploads\/2025\/04\/AdobeStock_249073275-scaled.jpeg\",\"datePublished\":\"2025-04-10T10:41:20+00:00\",\"dateModified\":\"2026-03-26T10:51:00+00:00\",\"description\":\"Commercial Contracts &amp; Terms of Business At Ronald Fletcher Baker, our specialist team provides commercially focused legal advice tailored to your\",\"breadcrumb\":{\"@id\":\"https:\/\/rfblegal.co.uk\/services\/personal-law\/corporate\/business-contracts\/#breadcrumb\"},\"inLanguage\":\"es\",\"potentialAction\":[{\"@type\":\"ReadAction\",\"target\":[\"https:\/\/rfblegal.co.uk\/services\/personal-law\/corporate\/business-contracts\/\"]}]},{\"@type\":\"ImageObject\",\"inLanguage\":\"es\",\"@id\":\"https:\/\/rfblegal.co.uk\/services\/personal-law\/corporate\/business-contracts\/#primaryimage\",\"url\":\"https:\/\/rfblegal.co.uk\/wp-content\/uploads\/2025\/04\/AdobeStock_249073275-scaled.jpeg\",\"contentUrl\":\"https:\/\/rfblegal.co.uk\/wp-content\/uploads\/2025\/04\/AdobeStock_249073275-scaled.jpeg\",\"width\":2120,\"height\":1415,\"caption\":\"Businessmen handshaking over signed contract.\"},{\"@type\":\"BreadcrumbList\",\"@id\":\"https:\/\/rfblegal.co.uk\/services\/personal-law\/corporate\/business-contracts\/#breadcrumb\",\"itemListElement\":[{\"@type\":\"ListItem\",\"position\":1,\"name\":\"Home\",\"item\":\"https:\/\/rfblegal.co.uk\/\"},{\"@type\":\"ListItem\",\"position\":2,\"name\":\"Services\",\"item\":\"https:\/\/rfblegal.co.uk\/services\/\"},{\"@type\":\"ListItem\",\"position\":3,\"name\":\"Personal Law Services\",\"item\":\"https:\/\/rfblegal.co.uk\/services\/personal-law\/\"},{\"@type\":\"ListItem\",\"position\":4,\"name\":\"Corporate\",\"item\":\"https:\/\/rfblegal.co.uk\/services\/personal-law\/corporate\/\"},{\"@type\":\"ListItem\",\"position\":5,\"name\":\"Business Contracts\"}]},{\"@type\":\"WebSite\",\"@id\":\"https:\/\/rfblegal.co.uk\/#website\",\"url\":\"https:\/\/rfblegal.co.uk\/\",\"name\":\"RFB Legal\",\"description\":\"\",\"publisher\":{\"@id\":\"https:\/\/rfblegal.co.uk\/#organization\"},\"potentialAction\":[{\"@type\":\"SearchAction\",\"target\":{\"@type\":\"EntryPoint\",\"urlTemplate\":\"https:\/\/rfblegal.co.uk\/?s={search_term_string}\"},\"query-input\":{\"@type\":\"PropertyValueSpecification\",\"valueRequired\":true,\"valueName\":\"search_term_string\"}}],\"inLanguage\":\"es\"},{\"@type\":\"Organization\",\"@id\":\"https:\/\/rfblegal.co.uk\/#organization\",\"name\":\"RFB Legal\",\"url\":\"https:\/\/rfblegal.co.uk\/\",\"logo\":{\"@type\":\"ImageObject\",\"inLanguage\":\"es\",\"@id\":\"https:\/\/rfblegal.co.uk\/#\/schema\/logo\/image\/\",\"url\":\"https:\/\/rfblegal.co.uk\/wp-content\/uploads\/2024\/01\/header_company_logo.svg\",\"contentUrl\":\"https:\/\/rfblegal.co.uk\/wp-content\/uploads\/2024\/01\/header_company_logo.svg\",\"caption\":\"RFB Legal\"},\"image\":{\"@id\":\"https:\/\/rfblegal.co.uk\/#\/schema\/logo\/image\/\"},\"sameAs\":[\"https:\/\/www.facebook.com\/RFBLegal\/\",\"https:\/\/www.linkedin.com\/uas\/login?session_redirect=company2012282\",\"https:\/\/www.instagram.com\/rfb_legal\/\"]}]}<\/script>\n<!-- \/ Yoast SEO plugin. -->","yoast_head_json":{"title":"Contratos comerciales - RFB Legal","description":"Contratos comerciales y condiciones comerciales En Ronald Fletcher Baker, nuestro equipo de especialistas ofrece asesoramiento jur\u00eddico comercial adaptado a sus necesidades.","robots":{"index":"index","follow":"follow","max-snippet":"max-snippet:-1","max-image-preview":"max-image-preview:large","max-video-preview":"max-video-preview:-1"},"canonical":"https:\/\/rfblegal.co.uk\/es\/servicios\/derecho-personal\/corporativo\/contratos-comerciales-2\/","og_locale":"es_ES","og_type":"article","og_title":"Business Contracts - RFB Legal","og_description":"Commercial Contracts &amp; Terms of Business At Ronald Fletcher Baker, our specialist team provides commercially focused legal advice tailored to your","og_url":"https:\/\/rfblegal.co.uk\/es\/servicios\/derecho-personal\/corporativo\/contratos-comerciales-2\/","og_site_name":"RFB Legal","article_publisher":"https:\/\/www.facebook.com\/RFBLegal\/","article_modified_time":"2026-03-26T10:51:00+00:00","og_image":[{"width":2120,"height":1415,"url":"https:\/\/rfblegal.co.uk\/wp-content\/uploads\/2025\/04\/AdobeStock_249073275-scaled.jpeg","type":"image\/jpeg"}],"twitter_card":"summary_large_image","twitter_misc":{"Est. reading time":"2 minutos"},"schema":{"@context":"https:\/\/schema.org","@graph":[{"@type":"WebPage","@id":"https:\/\/rfblegal.co.uk\/services\/personal-law\/corporate\/business-contracts\/","url":"https:\/\/rfblegal.co.uk\/services\/personal-law\/corporate\/business-contracts\/","name":"Contratos comerciales - RFB Legal","isPartOf":{"@id":"https:\/\/rfblegal.co.uk\/#website"},"primaryImageOfPage":{"@id":"https:\/\/rfblegal.co.uk\/services\/personal-law\/corporate\/business-contracts\/#primaryimage"},"image":{"@id":"https:\/\/rfblegal.co.uk\/services\/personal-law\/corporate\/business-contracts\/#primaryimage"},"thumbnailUrl":"https:\/\/rfblegal.co.uk\/wp-content\/uploads\/2025\/04\/AdobeStock_249073275-scaled.jpeg","datePublished":"2025-04-10T10:41:20+00:00","dateModified":"2026-03-26T10:51:00+00:00","description":"Contratos comerciales y condiciones comerciales En Ronald Fletcher Baker, nuestro equipo de especialistas ofrece asesoramiento jur\u00eddico comercial adaptado a sus necesidades.","breadcrumb":{"@id":"https:\/\/rfblegal.co.uk\/services\/personal-law\/corporate\/business-contracts\/#breadcrumb"},"inLanguage":"es","potentialAction":[{"@type":"ReadAction","target":["https:\/\/rfblegal.co.uk\/services\/personal-law\/corporate\/business-contracts\/"]}]},{"@type":"ImageObject","inLanguage":"es","@id":"https:\/\/rfblegal.co.uk\/services\/personal-law\/corporate\/business-contracts\/#primaryimage","url":"https:\/\/rfblegal.co.uk\/wp-content\/uploads\/2025\/04\/AdobeStock_249073275-scaled.jpeg","contentUrl":"https:\/\/rfblegal.co.uk\/wp-content\/uploads\/2025\/04\/AdobeStock_249073275-scaled.jpeg","width":2120,"height":1415,"caption":"Businessmen handshaking over signed contract."},{"@type":"BreadcrumbList","@id":"https:\/\/rfblegal.co.uk\/services\/personal-law\/corporate\/business-contracts\/#breadcrumb","itemListElement":[{"@type":"ListItem","position":1,"name":"Home","item":"https:\/\/rfblegal.co.uk\/"},{"@type":"ListItem","position":2,"name":"Services","item":"https:\/\/rfblegal.co.uk\/services\/"},{"@type":"ListItem","position":3,"name":"Personal Law Services","item":"https:\/\/rfblegal.co.uk\/services\/personal-law\/"},{"@type":"ListItem","position":4,"name":"Corporate","item":"https:\/\/rfblegal.co.uk\/services\/personal-law\/corporate\/"},{"@type":"ListItem","position":5,"name":"Business Contracts"}]},{"@type":"WebSite","@id":"https:\/\/rfblegal.co.uk\/#website","url":"https:\/\/rfblegal.co.uk\/","name":"RFB Legal","description":"","publisher":{"@id":"https:\/\/rfblegal.co.uk\/#organization"},"potentialAction":[{"@type":"SearchAction","target":{"@type":"EntryPoint","urlTemplate":"https:\/\/rfblegal.co.uk\/?s={search_term_string}"},"query-input":{"@type":"PropertyValueSpecification","valueRequired":true,"valueName":"search_term_string"}}],"inLanguage":"es"},{"@type":"Organization","@id":"https:\/\/rfblegal.co.uk\/#organization","name":"RFB Legal","url":"https:\/\/rfblegal.co.uk\/","logo":{"@type":"ImageObject","inLanguage":"es","@id":"https:\/\/rfblegal.co.uk\/#\/schema\/logo\/image\/","url":"https:\/\/rfblegal.co.uk\/wp-content\/uploads\/2024\/01\/header_company_logo.svg","contentUrl":"https:\/\/rfblegal.co.uk\/wp-content\/uploads\/2024\/01\/header_company_logo.svg","caption":"RFB Legal"},"image":{"@id":"https:\/\/rfblegal.co.uk\/#\/schema\/logo\/image\/"},"sameAs":["https:\/\/www.facebook.com\/RFBLegal\/","https:\/\/www.linkedin.com\/uas\/login?session_redirect=company2012282","https:\/\/www.instagram.com\/rfb_legal\/"]}]}},"_links":{"self":[{"href":"https:\/\/rfblegal.co.uk\/es\/wp-json\/wp\/v2\/pages\/6091","targetHints":{"allow":["GET"]}}],"collection":[{"href":"https:\/\/rfblegal.co.uk\/es\/wp-json\/wp\/v2\/pages"}],"about":[{"href":"https:\/\/rfblegal.co.uk\/es\/wp-json\/wp\/v2\/types\/page"}],"author":[{"embeddable":true,"href":"https:\/\/rfblegal.co.uk\/es\/wp-json\/wp\/v2\/users\/5"}],"replies":[{"embeddable":true,"href":"https:\/\/rfblegal.co.uk\/es\/wp-json\/wp\/v2\/comments?post=6091"}],"version-history":[{"count":1,"href":"https:\/\/rfblegal.co.uk\/es\/wp-json\/wp\/v2\/pages\/6091\/revisions"}],"predecessor-version":[{"id":9074,"href":"https:\/\/rfblegal.co.uk\/es\/wp-json\/wp\/v2\/pages\/6091\/revisions\/9074"}],"up":[{"embeddable":true,"href":"https:\/\/rfblegal.co.uk\/es\/wp-json\/wp\/v2\/pages\/2385"}],"wp:featuredmedia":[{"embeddable":true,"href":"https:\/\/rfblegal.co.uk\/es\/wp-json\/wp\/v2\/media\/6097"}],"wp:attachment":[{"href":"https:\/\/rfblegal.co.uk\/es\/wp-json\/wp\/v2\/media?parent=6091"}],"curies":[{"name":"wp","href":"https:\/\/api.w.org\/{rel}","templated":true}]}}