{"id":528,"date":"2023-12-27T14:49:06","date_gmt":"2023-12-27T14:49:06","guid":{"rendered":"https:\/\/rfblegal.co.uk\/?page_id=528"},"modified":"2024-02-02T11:22:44","modified_gmt":"2024-02-02T11:22:44","slug":"estatuto-y-derechos-de-los-trabajadores","status":"publish","type":"page","link":"https:\/\/rfblegal.co.uk\/es\/servicios\/derecho-personal\/empleo-2\/estatuto-y-derechos-de-los-trabajadores\/","title":{"rendered":"Employee Status and Rights"},"content":{"rendered":"<p>Tenemos una amplia experiencia en el asesoramiento sobre toda la gama de cuestiones a las que se enfrentan empresarios y trabajadores.<br>Esto incluye asuntos relacionados con el despido improcedente, el despido y la reestructuraci\u00f3n (incluidas las reclamaciones de indemnizaci\u00f3n de protecci\u00f3n), los cambios en los t\u00e9rminos y condiciones, la discriminaci\u00f3n (incluido el sexo, la orientaci\u00f3n sexual, el embarazo y la maternidad, la raza, la discapacidad, la edad y la religi\u00f3n y las creencias), el acoso y la victimizaci\u00f3n, la denuncia de irregularidades, TUPE, la igualdad de remuneraci\u00f3n, el pago de vacaciones y las cuestiones de tiempo de trabajo, el Salario M\u00ednimo Nacional, el estatuto de los empleados, las cuestiones relacionadas con los sindicatos, y la IR35.<br>El hecho de que actuemos tanto para empresarios como para trabajadores nos permite tener una visi\u00f3n hol\u00edstica de los asuntos laborales. Conocer c\u00f3mo deben llevarse a cabo correctamente los procesos internos beneficia a nuestros clientes empleados, ya que somos capaces de se\u00f1alar d\u00f3nde no se han llevado a cabo estos procesos. Tambi\u00e9n nos permite no s\u00f3lo defender a nuestros clientes empresarios, sino tambi\u00e9n asesorarles de forma proactiva para evitar que surjan estos problemas.<br>Tenemos experiencia en la tramitaci\u00f3n de asuntos ante el Tribunal Laboral, el Tribunal de Apelaci\u00f3n Laboral y el Tribunal de Apelaci\u00f3n. Hemos tratado con Tribunales de Trabajo de distinta duraci\u00f3n, de hasta 25 d\u00edas, y tenemos experiencia en la tramitaci\u00f3n de litigios individuales y pluripersonales, habiendo actuado en asuntos con m\u00e1s de 500 demandantes.<\/p>\n\n\n\n<p><\/p>\n\n\n\n<p class=\"has-lg-font-size\" style=\"padding-top:var(--wp--preset--spacing--30);padding-right:var(--wp--preset--spacing--30);padding-bottom:var(--wp--preset--spacing--30);padding-left:var(--wp--preset--spacing--30)\">Q&amp;A. Employee Status and Rights<\/p>\n\n\n\n<p>Empower yourself with answers to common questions about employee status and rights. Navigate the complexities of employment law confidently with our concise Q&amp;A guide.<\/p>\n\n\n\n\r\n<script type=\"text\/javascript\">\r\n\t\r\n\t\tfunction do_resize(){\r\n\r\n\t\t\tvar width=jQuery( '.wpsm_panel .wpsm_panel-body iframe' ).width();\r\n\t\t\tvar height=jQuery( '.wpsm_panel .wpsm_panel-body iframe' ).height();\r\n\r\n\t\t\tvar toggleSize = true;\r\n\t\t\tjQuery('iframe').animate({\r\n\t\t\t    width: toggleSize ? width : 640,\r\n\t\t\t    height: toggleSize ? height : 360\r\n\t\t\t  }, 250);\r\n\r\n\t\t\t  toggleSize = !toggleSize;\r\n\t\t}\r\n\t\t\r\n<\/script>","protected":false},"excerpt":{"rendered":"<p>We have a wealth of experience in advising on the full range of issues faced by employers and employees.This includes matters relating to unfair dismissal, redundancy and restructuring (including protective award claims), changes to terms and conditions, discrimination (including sex, sexual orientation, pregnancy and maternity, race, disability, age, and religion and belief), harassment and victimisation, &hellip; <a href=\"https:\/\/rfblegal.co.uk\/es\/servicios\/derecho-personal\/empleo-2\/estatuto-y-derechos-de-los-trabajadores\/\">Contin\u00faa en<\/a><\/p>","protected":false},"author":1,"featured_media":496,"parent":478,"menu_order":0,"comment_status":"closed","ping_status":"closed","template":"tier3-template.blade.php","meta":{"_acf_changed":false,"om_disable_all_campaigns":false,"_uf_show_specific_survey":0,"_uf_disable_surveys":false,"footnotes":""},"class_list":["post-528","page","type-page","status-publish","has-post-thumbnail","hentry"],"acf":[],"aioseo_notices":[],"yoast_head":"<!-- This site is optimized with the Yoast SEO plugin v27.2 - https:\/\/yoast.com\/product\/yoast-seo-wordpress\/ -->\n<title>Employee Status and Rights - RFB Legal<\/title>\n<meta name=\"description\" content=\"We have a wealth of experience in advising on the full range of issues faced by employers and employees.This includes matters relating to unfair\" \/>\n<meta name=\"robots\" content=\"index, follow, max-snippet:-1, max-image-preview:large, max-video-preview:-1\" \/>\n<link rel=\"canonical\" href=\"https:\/\/rfblegal.co.uk\/es\/servicios\/derecho-personal\/empleo-2\/estatuto-y-derechos-de-los-trabajadores\/\" \/>\n<meta property=\"og:locale\" content=\"es_ES\" \/>\n<meta property=\"og:type\" content=\"article\" \/>\n<meta property=\"og:title\" content=\"Employee Status and Rights - RFB Legal\" \/>\n<meta property=\"og:description\" content=\"We have a wealth of experience in advising on the full range of issues faced by employers and employees.This includes matters relating to unfair\" \/>\n<meta property=\"og:url\" content=\"https:\/\/rfblegal.co.uk\/es\/servicios\/derecho-personal\/empleo-2\/estatuto-y-derechos-de-los-trabajadores\/\" \/>\n<meta property=\"og:site_name\" content=\"RFB Legal\" \/>\n<meta property=\"article:publisher\" content=\"https:\/\/www.facebook.com\/RFBLegal\/\" \/>\n<meta property=\"article:modified_time\" content=\"2024-02-02T11:22:44+00:00\" \/>\n<meta property=\"og:image\" content=\"https:\/\/rfblegal.co.uk\/wp-content\/uploads\/2023\/12\/kt-likes-coffee-PP7DbxeRjLM-unsplash.jpg\" \/>\n\t<meta property=\"og:image:width\" content=\"1920\" \/>\n\t<meta property=\"og:image:height\" content=\"1440\" \/>\n\t<meta property=\"og:image:type\" content=\"image\/jpeg\" \/>\n<meta name=\"twitter:card\" content=\"summary_large_image\" \/>\n<meta name=\"twitter:label1\" content=\"Est. reading time\" \/>\n\t<meta name=\"twitter:data1\" content=\"2 minutos\" \/>\n<script type=\"application\/ld+json\" class=\"yoast-schema-graph\">{\"@context\":\"https:\/\/schema.org\",\"@graph\":[{\"@type\":\"WebPage\",\"@id\":\"https:\/\/rfblegal.co.uk\/services\/personal-law\/employment\/employee-status-and-rights\/\",\"url\":\"https:\/\/rfblegal.co.uk\/services\/personal-law\/employment\/employee-status-and-rights\/\",\"name\":\"Employee Status and Rights - RFB Legal\",\"isPartOf\":{\"@id\":\"https:\/\/rfblegal.co.uk\/#website\"},\"primaryImageOfPage\":{\"@id\":\"https:\/\/rfblegal.co.uk\/services\/personal-law\/employment\/employee-status-and-rights\/#primaryimage\"},\"image\":{\"@id\":\"https:\/\/rfblegal.co.uk\/services\/personal-law\/employment\/employee-status-and-rights\/#primaryimage\"},\"thumbnailUrl\":\"https:\/\/rfblegal.co.uk\/wp-content\/uploads\/2023\/12\/kt-likes-coffee-PP7DbxeRjLM-unsplash.jpg\",\"datePublished\":\"2023-12-27T14:49:06+00:00\",\"dateModified\":\"2024-02-02T11:22:44+00:00\",\"description\":\"We have a wealth of experience in advising on the full range of issues faced by employers and employees.This includes matters relating to unfair\",\"breadcrumb\":{\"@id\":\"https:\/\/rfblegal.co.uk\/services\/personal-law\/employment\/employee-status-and-rights\/#breadcrumb\"},\"inLanguage\":\"es\",\"potentialAction\":[{\"@type\":\"ReadAction\",\"target\":[\"https:\/\/rfblegal.co.uk\/services\/personal-law\/employment\/employee-status-and-rights\/\"]}]},{\"@type\":\"ImageObject\",\"inLanguage\":\"es\",\"@id\":\"https:\/\/rfblegal.co.uk\/services\/personal-law\/employment\/employee-status-and-rights\/#primaryimage\",\"url\":\"https:\/\/rfblegal.co.uk\/wp-content\/uploads\/2023\/12\/kt-likes-coffee-PP7DbxeRjLM-unsplash.jpg\",\"contentUrl\":\"https:\/\/rfblegal.co.uk\/wp-content\/uploads\/2023\/12\/kt-likes-coffee-PP7DbxeRjLM-unsplash.jpg\",\"width\":1920,\"height\":1440},{\"@type\":\"BreadcrumbList\",\"@id\":\"https:\/\/rfblegal.co.uk\/services\/personal-law\/employment\/employee-status-and-rights\/#breadcrumb\",\"itemListElement\":[{\"@type\":\"ListItem\",\"position\":1,\"name\":\"Home\",\"item\":\"https:\/\/rfblegal.co.uk\/\"},{\"@type\":\"ListItem\",\"position\":2,\"name\":\"Services\",\"item\":\"https:\/\/rfblegal.co.uk\/services\/\"},{\"@type\":\"ListItem\",\"position\":3,\"name\":\"Personal Law Services\",\"item\":\"https:\/\/rfblegal.co.uk\/services\/personal-law\/\"},{\"@type\":\"ListItem\",\"position\":4,\"name\":\"Employment\",\"item\":\"https:\/\/rfblegal.co.uk\/services\/personal-law\/employment\/\"},{\"@type\":\"ListItem\",\"position\":5,\"name\":\"Employee Status and Rights\"}]},{\"@type\":\"WebSite\",\"@id\":\"https:\/\/rfblegal.co.uk\/#website\",\"url\":\"https:\/\/rfblegal.co.uk\/\",\"name\":\"RFB Legal\",\"description\":\"\",\"publisher\":{\"@id\":\"https:\/\/rfblegal.co.uk\/#organization\"},\"potentialAction\":[{\"@type\":\"SearchAction\",\"target\":{\"@type\":\"EntryPoint\",\"urlTemplate\":\"https:\/\/rfblegal.co.uk\/?s={search_term_string}\"},\"query-input\":{\"@type\":\"PropertyValueSpecification\",\"valueRequired\":true,\"valueName\":\"search_term_string\"}}],\"inLanguage\":\"es\"},{\"@type\":\"Organization\",\"@id\":\"https:\/\/rfblegal.co.uk\/#organization\",\"name\":\"RFB Legal\",\"url\":\"https:\/\/rfblegal.co.uk\/\",\"logo\":{\"@type\":\"ImageObject\",\"inLanguage\":\"es\",\"@id\":\"https:\/\/rfblegal.co.uk\/#\/schema\/logo\/image\/\",\"url\":\"https:\/\/rfblegal.co.uk\/wp-content\/uploads\/2024\/01\/header_company_logo.svg\",\"contentUrl\":\"https:\/\/rfblegal.co.uk\/wp-content\/uploads\/2024\/01\/header_company_logo.svg\",\"caption\":\"RFB Legal\"},\"image\":{\"@id\":\"https:\/\/rfblegal.co.uk\/#\/schema\/logo\/image\/\"},\"sameAs\":[\"https:\/\/www.facebook.com\/RFBLegal\/\",\"https:\/\/www.linkedin.com\/uas\/login?session_redirect=company2012282\",\"https:\/\/www.instagram.com\/rfb_legal\/\"]}]}<\/script>\n<!-- \/ Yoast SEO plugin. -->","yoast_head_json":{"title":"Employee Status and Rights - RFB Legal","description":"We have a wealth of experience in advising on the full range of issues faced by employers and employees.This includes matters relating to unfair","robots":{"index":"index","follow":"follow","max-snippet":"max-snippet:-1","max-image-preview":"max-image-preview:large","max-video-preview":"max-video-preview:-1"},"canonical":"https:\/\/rfblegal.co.uk\/es\/servicios\/derecho-personal\/empleo-2\/estatuto-y-derechos-de-los-trabajadores\/","og_locale":"es_ES","og_type":"article","og_title":"Employee Status and Rights - RFB Legal","og_description":"We have a wealth of experience in advising on the full range of issues faced by employers and employees.This includes matters relating to unfair","og_url":"https:\/\/rfblegal.co.uk\/es\/servicios\/derecho-personal\/empleo-2\/estatuto-y-derechos-de-los-trabajadores\/","og_site_name":"RFB Legal","article_publisher":"https:\/\/www.facebook.com\/RFBLegal\/","article_modified_time":"2024-02-02T11:22:44+00:00","og_image":[{"width":1920,"height":1440,"url":"https:\/\/rfblegal.co.uk\/wp-content\/uploads\/2023\/12\/kt-likes-coffee-PP7DbxeRjLM-unsplash.jpg","type":"image\/jpeg"}],"twitter_card":"summary_large_image","twitter_misc":{"Est. reading time":"2 minutos"},"schema":{"@context":"https:\/\/schema.org","@graph":[{"@type":"WebPage","@id":"https:\/\/rfblegal.co.uk\/services\/personal-law\/employment\/employee-status-and-rights\/","url":"https:\/\/rfblegal.co.uk\/services\/personal-law\/employment\/employee-status-and-rights\/","name":"Employee Status and Rights - RFB Legal","isPartOf":{"@id":"https:\/\/rfblegal.co.uk\/#website"},"primaryImageOfPage":{"@id":"https:\/\/rfblegal.co.uk\/services\/personal-law\/employment\/employee-status-and-rights\/#primaryimage"},"image":{"@id":"https:\/\/rfblegal.co.uk\/services\/personal-law\/employment\/employee-status-and-rights\/#primaryimage"},"thumbnailUrl":"https:\/\/rfblegal.co.uk\/wp-content\/uploads\/2023\/12\/kt-likes-coffee-PP7DbxeRjLM-unsplash.jpg","datePublished":"2023-12-27T14:49:06+00:00","dateModified":"2024-02-02T11:22:44+00:00","description":"We have a wealth of experience in advising on the full range of issues faced by employers and employees.This includes matters relating to unfair","breadcrumb":{"@id":"https:\/\/rfblegal.co.uk\/services\/personal-law\/employment\/employee-status-and-rights\/#breadcrumb"},"inLanguage":"es","potentialAction":[{"@type":"ReadAction","target":["https:\/\/rfblegal.co.uk\/services\/personal-law\/employment\/employee-status-and-rights\/"]}]},{"@type":"ImageObject","inLanguage":"es","@id":"https:\/\/rfblegal.co.uk\/services\/personal-law\/employment\/employee-status-and-rights\/#primaryimage","url":"https:\/\/rfblegal.co.uk\/wp-content\/uploads\/2023\/12\/kt-likes-coffee-PP7DbxeRjLM-unsplash.jpg","contentUrl":"https:\/\/rfblegal.co.uk\/wp-content\/uploads\/2023\/12\/kt-likes-coffee-PP7DbxeRjLM-unsplash.jpg","width":1920,"height":1440},{"@type":"BreadcrumbList","@id":"https:\/\/rfblegal.co.uk\/services\/personal-law\/employment\/employee-status-and-rights\/#breadcrumb","itemListElement":[{"@type":"ListItem","position":1,"name":"Home","item":"https:\/\/rfblegal.co.uk\/"},{"@type":"ListItem","position":2,"name":"Services","item":"https:\/\/rfblegal.co.uk\/services\/"},{"@type":"ListItem","position":3,"name":"Personal Law Services","item":"https:\/\/rfblegal.co.uk\/services\/personal-law\/"},{"@type":"ListItem","position":4,"name":"Employment","item":"https:\/\/rfblegal.co.uk\/services\/personal-law\/employment\/"},{"@type":"ListItem","position":5,"name":"Employee Status and Rights"}]},{"@type":"WebSite","@id":"https:\/\/rfblegal.co.uk\/#website","url":"https:\/\/rfblegal.co.uk\/","name":"RFB Legal","description":"","publisher":{"@id":"https:\/\/rfblegal.co.uk\/#organization"},"potentialAction":[{"@type":"SearchAction","target":{"@type":"EntryPoint","urlTemplate":"https:\/\/rfblegal.co.uk\/?s={search_term_string}"},"query-input":{"@type":"PropertyValueSpecification","valueRequired":true,"valueName":"search_term_string"}}],"inLanguage":"es"},{"@type":"Organization","@id":"https:\/\/rfblegal.co.uk\/#organization","name":"RFB Legal","url":"https:\/\/rfblegal.co.uk\/","logo":{"@type":"ImageObject","inLanguage":"es","@id":"https:\/\/rfblegal.co.uk\/#\/schema\/logo\/image\/","url":"https:\/\/rfblegal.co.uk\/wp-content\/uploads\/2024\/01\/header_company_logo.svg","contentUrl":"https:\/\/rfblegal.co.uk\/wp-content\/uploads\/2024\/01\/header_company_logo.svg","caption":"RFB Legal"},"image":{"@id":"https:\/\/rfblegal.co.uk\/#\/schema\/logo\/image\/"},"sameAs":["https:\/\/www.facebook.com\/RFBLegal\/","https:\/\/www.linkedin.com\/uas\/login?session_redirect=company2012282","https:\/\/www.instagram.com\/rfb_legal\/"]}]}},"_links":{"self":[{"href":"https:\/\/rfblegal.co.uk\/es\/wp-json\/wp\/v2\/pages\/528","targetHints":{"allow":["GET"]}}],"collection":[{"href":"https:\/\/rfblegal.co.uk\/es\/wp-json\/wp\/v2\/pages"}],"about":[{"href":"https:\/\/rfblegal.co.uk\/es\/wp-json\/wp\/v2\/types\/page"}],"author":[{"embeddable":true,"href":"https:\/\/rfblegal.co.uk\/es\/wp-json\/wp\/v2\/users\/1"}],"replies":[{"embeddable":true,"href":"https:\/\/rfblegal.co.uk\/es\/wp-json\/wp\/v2\/comments?post=528"}],"version-history":[{"count":0,"href":"https:\/\/rfblegal.co.uk\/es\/wp-json\/wp\/v2\/pages\/528\/revisions"}],"up":[{"embeddable":true,"href":"https:\/\/rfblegal.co.uk\/es\/wp-json\/wp\/v2\/pages\/478"}],"wp:featuredmedia":[{"embeddable":true,"href":"https:\/\/rfblegal.co.uk\/es\/wp-json\/wp\/v2\/media\/496"}],"wp:attachment":[{"href":"https:\/\/rfblegal.co.uk\/es\/wp-json\/wp\/v2\/media?parent=528"}],"curies":[{"name":"wp","href":"https:\/\/api.w.org\/{rel}","templated":true}]}}