{"id":2657,"date":"2024-02-21T17:48:55","date_gmt":"2024-02-21T17:48:55","guid":{"rendered":"https:\/\/rfblegal.co.uk\/?page_id=2657"},"modified":"2025-06-19T13:11:50","modified_gmt":"2025-06-19T13:11:50","slug":"investigaciones-reglamentarias","status":"publish","type":"page","link":"https:\/\/rfblegal.co.uk\/es\/servicios\/derecho-mercantil\/investigaciones-reglamentarias\/","title":{"rendered":"Investigaciones reglamentarias"},"content":{"rendered":"<h2 class=\"wp-block-heading has-2-xl-font-size\" style=\"padding-top:var(--wp--preset--spacing--20);padding-bottom:var(--wp--preset--spacing--20);font-style:normal;font-weight:600\">Derecho normativo<\/h2>\n\n\n\n<h4 class=\"wp-block-heading has-lg-font-size\" style=\"padding-top:var(--wp--preset--spacing--20);padding-bottom:var(--wp--preset--spacing--20)\"><strong>La creciente regulaci\u00f3n de particulares y empresas ha hecho que los organismos gubernamentales y las autoridades locales inicien procedimientos con mayor frecuencia y vigor. Puede contar con la energ\u00eda y diligencia de Ronald Fletcher Baker para proteger sus intereses en todo momento, defenderle en\u00e9rgicamente y gestionar, con la m\u00e1xima discreci\u00f3n, lo que puede ser un proceso dif\u00edcil. Nos aseguraremos de que conozca sus derechos en una fase temprana y, en la medida de lo posible, tomaremos medidas preventivas en su nombre.<\/strong><\/h4>\n\n\n\n<p style=\"padding-top:var(--wp--preset--spacing--20);padding-bottom:var(--wp--preset--spacing--20)\"><a href=\"https:\/\/rfblegal.co.uk\/es\/servicios\/derecho-personal\/ley-reguladora\/\">Normativa<\/a> El cumplimiento de la normativa es una consideraci\u00f3n primordial para una amplia gama de empresas y profesionales, y los riesgos de incurrir en infracciones pueden tener graves consecuencias.<\/p>\n\n\n\n<p style=\"padding-top:var(--wp--preset--spacing--20);padding-bottom:var(--wp--preset--spacing--20)\">Apoyamos a los clientes que se enfrentan a investigaciones y procesamientos por parte de los reguladores, adem\u00e1s de ofrecer un servicio de asesoramiento para garantizar que se lleva a cabo una diligencia debida completa para evitar cualquier acci\u00f3n por incumplimiento.<\/p>\n\n\n\n<p style=\"padding-top:var(--wp--preset--spacing--20);padding-bottom:var(--wp--preset--spacing--20)\">Este complejo \u00e1mbito del Derecho abarca un sinf\u00edn de obligaciones reglamentarias.<\/p>\n\n\n\n<p style=\"padding-top:var(--wp--preset--spacing--20);padding-bottom:var(--wp--preset--spacing--20)\">Actuamos habitualmente para administradores de fincas que reciben consultas de ayuntamientos y distritos londinenses en relaci\u00f3n con licencias de viviendas en r\u00e9gimen de ocupaci\u00f3n m\u00faltiple (HMO), as\u00ed como apelaciones e infracciones de notificaciones de ejecuci\u00f3n.<\/p>\n\n\n\n<p style=\"padding-top:var(--wp--preset--spacing--20);padding-bottom:var(--wp--preset--spacing--20)\">La Food Standards Agency (FSA) y la Health and Safety Executive (HSE) recurren cada vez m\u00e1s a la aplicaci\u00f3n de la normativa y con frecuencia hemos actuado para empresas que tratan asuntos relacionados con la normativa sobre higiene alimentaria y la normativa sobre salud y seguridad.<\/p>\n\n\n\n<p style=\"padding-top:var(--wp--preset--spacing--20);padding-bottom:var(--wp--preset--spacing--20)\">En el \u00e1mbito financiero, actuamos para directores y altos ejecutivos sometidos al escrutinio de la Autoridad de Conducta Financiera (FCA), en t\u00e9rminos de resistencia a las investigaciones e impugnaci\u00f3n de \u00f3rdenes de prohibici\u00f3n. Adoptando un enfoque multidisciplinar, nuestro objetivo es negociar con la autoridad para alcanzar un acuerdo o adoptar una sanci\u00f3n civil si procede.<\/p>\n\n\n\n<p style=\"padding-top:var(--wp--preset--spacing--20);padding-bottom:var(--wp--preset--spacing--20)\">Las acusaciones de conducta profesional pueden ser profundamente perjudiciales y angustiosas para las personas afectadas, por lo que aportamos una amplia experiencia en la defensa de particulares en este \u00e1mbito. Nos aseguramos de que la reputaci\u00f3n de nuestros clientes est\u00e9 lo mejor protegida posible y podemos ayudar en asuntos relacionados con el Consejo M\u00e9dico General (GMC), el Consejo Dental General (GDC), el Consejo de Enfermer\u00eda y Parter\u00eda (NMC), el Tribunal Disciplinario de Abogados (SDT) y el Consejo de Normas de Abogados (BSB).<\/p>\n\n\n\n<p><\/p>","protected":false},"excerpt":{"rendered":"<p>Regulatory Law The ever-increasing regulation of individuals and businesses has seen government and local authority agencies bringing proceedings with greater frequency and vigour. You can count on Ronald Fletcher Baker\u2019s energy and diligence to protect your interest throughout, to strenuously fight your corner and manage, with the utmost discretion, what can be a difficult process. &hellip; <a href=\"https:\/\/rfblegal.co.uk\/es\/servicios\/derecho-mercantil\/investigaciones-reglamentarias\/\">Contin\u00faa en<\/a><\/p>","protected":false},"author":1,"featured_media":3001,"parent":429,"menu_order":0,"comment_status":"closed","ping_status":"closed","template":"tier2-template.blade.php","meta":{"_acf_changed":false,"om_disable_all_campaigns":false,"_uf_show_specific_survey":0,"_uf_disable_surveys":false,"footnotes":""},"class_list":["post-2657","page","type-page","status-publish","has-post-thumbnail","hentry"],"acf":[],"aioseo_notices":[],"yoast_head":"<!-- This site is optimized with the Yoast SEO plugin v27.2 - https:\/\/yoast.com\/product\/yoast-seo-wordpress\/ -->\n<title>Regulatory Investigations - RFB Legal<\/title>\n<meta name=\"description\" content=\"Regulatory Law The ever-increasing regulation of individuals and businesses has seen government and local authority agencies bringing proceedings with\" \/>\n<meta name=\"robots\" content=\"index, follow, max-snippet:-1, max-image-preview:large, max-video-preview:-1\" \/>\n<link rel=\"canonical\" href=\"https:\/\/rfblegal.co.uk\/es\/servicios\/derecho-mercantil\/investigaciones-reglamentarias\/\" \/>\n<meta property=\"og:locale\" content=\"es_ES\" \/>\n<meta property=\"og:type\" content=\"article\" \/>\n<meta property=\"og:title\" content=\"Regulatory Investigations - RFB Legal\" \/>\n<meta property=\"og:description\" content=\"Regulatory Law The ever-increasing regulation of individuals and businesses has seen government and local authority agencies bringing proceedings with\" \/>\n<meta property=\"og:url\" content=\"https:\/\/rfblegal.co.uk\/es\/servicios\/derecho-mercantil\/investigaciones-reglamentarias\/\" \/>\n<meta property=\"og:site_name\" content=\"RFB Legal\" \/>\n<meta property=\"article:publisher\" content=\"https:\/\/www.facebook.com\/RFBLegal\/\" \/>\n<meta property=\"article:modified_time\" content=\"2025-06-19T13:11:50+00:00\" \/>\n<meta property=\"og:image\" content=\"https:\/\/rfblegal.co.uk\/wp-content\/uploads\/2024\/02\/Regulatory_Law.png\" \/>\n\t<meta property=\"og:image:width\" content=\"1440\" \/>\n\t<meta property=\"og:image:height\" content=\"550\" \/>\n\t<meta property=\"og:image:type\" content=\"image\/png\" \/>\n<meta name=\"twitter:card\" content=\"summary_large_image\" \/>\n<meta name=\"twitter:label1\" content=\"Est. reading time\" \/>\n\t<meta name=\"twitter:data1\" content=\"2 minutos\" \/>\n<script type=\"application\/ld+json\" class=\"yoast-schema-graph\">{\"@context\":\"https:\/\/schema.org\",\"@graph\":[{\"@type\":\"WebPage\",\"@id\":\"https:\/\/rfblegal.co.uk\/services\/business-law\/regulatory-investigations\/\",\"url\":\"https:\/\/rfblegal.co.uk\/services\/business-law\/regulatory-investigations\/\",\"name\":\"Regulatory Investigations - RFB Legal\",\"isPartOf\":{\"@id\":\"https:\/\/rfblegal.co.uk\/#website\"},\"primaryImageOfPage\":{\"@id\":\"https:\/\/rfblegal.co.uk\/services\/business-law\/regulatory-investigations\/#primaryimage\"},\"image\":{\"@id\":\"https:\/\/rfblegal.co.uk\/services\/business-law\/regulatory-investigations\/#primaryimage\"},\"thumbnailUrl\":\"https:\/\/rfblegal.co.uk\/wp-content\/uploads\/2024\/02\/Regulatory_Law.png\",\"datePublished\":\"2024-02-21T17:48:55+00:00\",\"dateModified\":\"2025-06-19T13:11:50+00:00\",\"description\":\"Regulatory Law The ever-increasing regulation of individuals and businesses has seen government and local authority agencies bringing proceedings with\",\"breadcrumb\":{\"@id\":\"https:\/\/rfblegal.co.uk\/services\/business-law\/regulatory-investigations\/#breadcrumb\"},\"inLanguage\":\"es\",\"potentialAction\":[{\"@type\":\"ReadAction\",\"target\":[\"https:\/\/rfblegal.co.uk\/services\/business-law\/regulatory-investigations\/\"]}]},{\"@type\":\"ImageObject\",\"inLanguage\":\"es\",\"@id\":\"https:\/\/rfblegal.co.uk\/services\/business-law\/regulatory-investigations\/#primaryimage\",\"url\":\"https:\/\/rfblegal.co.uk\/wp-content\/uploads\/2024\/02\/Regulatory_Law.png\",\"contentUrl\":\"https:\/\/rfblegal.co.uk\/wp-content\/uploads\/2024\/02\/Regulatory_Law.png\",\"width\":1440,\"height\":550},{\"@type\":\"BreadcrumbList\",\"@id\":\"https:\/\/rfblegal.co.uk\/services\/business-law\/regulatory-investigations\/#breadcrumb\",\"itemListElement\":[{\"@type\":\"ListItem\",\"position\":1,\"name\":\"Home\",\"item\":\"https:\/\/rfblegal.co.uk\/\"},{\"@type\":\"ListItem\",\"position\":2,\"name\":\"Services\",\"item\":\"https:\/\/rfblegal.co.uk\/services\/\"},{\"@type\":\"ListItem\",\"position\":3,\"name\":\"Business Law\",\"item\":\"https:\/\/rfblegal.co.uk\/services\/business-law\/\"},{\"@type\":\"ListItem\",\"position\":4,\"name\":\"Regulatory Investigations\"}]},{\"@type\":\"WebSite\",\"@id\":\"https:\/\/rfblegal.co.uk\/#website\",\"url\":\"https:\/\/rfblegal.co.uk\/\",\"name\":\"RFB Legal\",\"description\":\"\",\"publisher\":{\"@id\":\"https:\/\/rfblegal.co.uk\/#organization\"},\"potentialAction\":[{\"@type\":\"SearchAction\",\"target\":{\"@type\":\"EntryPoint\",\"urlTemplate\":\"https:\/\/rfblegal.co.uk\/?s={search_term_string}\"},\"query-input\":{\"@type\":\"PropertyValueSpecification\",\"valueRequired\":true,\"valueName\":\"search_term_string\"}}],\"inLanguage\":\"es\"},{\"@type\":\"Organization\",\"@id\":\"https:\/\/rfblegal.co.uk\/#organization\",\"name\":\"RFB Legal\",\"url\":\"https:\/\/rfblegal.co.uk\/\",\"logo\":{\"@type\":\"ImageObject\",\"inLanguage\":\"es\",\"@id\":\"https:\/\/rfblegal.co.uk\/#\/schema\/logo\/image\/\",\"url\":\"https:\/\/rfblegal.co.uk\/wp-content\/uploads\/2024\/01\/header_company_logo.svg\",\"contentUrl\":\"https:\/\/rfblegal.co.uk\/wp-content\/uploads\/2024\/01\/header_company_logo.svg\",\"caption\":\"RFB Legal\"},\"image\":{\"@id\":\"https:\/\/rfblegal.co.uk\/#\/schema\/logo\/image\/\"},\"sameAs\":[\"https:\/\/www.facebook.com\/RFBLegal\/\",\"https:\/\/www.linkedin.com\/uas\/login?session_redirect=company2012282\",\"https:\/\/www.instagram.com\/rfb_legal\/\"]}]}<\/script>\n<!-- \/ Yoast SEO plugin. -->","yoast_head_json":{"title":"Investigaciones reglamentarias - RFB Legal","description":"Derecho normativo La regulaci\u00f3n cada vez m\u00e1s estricta de particulares y empresas ha llevado a las administraciones p\u00fablicas y a las autoridades locales a incoar procedimientos con","robots":{"index":"index","follow":"follow","max-snippet":"max-snippet:-1","max-image-preview":"max-image-preview:large","max-video-preview":"max-video-preview:-1"},"canonical":"https:\/\/rfblegal.co.uk\/es\/servicios\/derecho-mercantil\/investigaciones-reglamentarias\/","og_locale":"es_ES","og_type":"article","og_title":"Regulatory Investigations - RFB Legal","og_description":"Regulatory Law The ever-increasing regulation of individuals and businesses has seen government and local authority agencies bringing proceedings with","og_url":"https:\/\/rfblegal.co.uk\/es\/servicios\/derecho-mercantil\/investigaciones-reglamentarias\/","og_site_name":"RFB Legal","article_publisher":"https:\/\/www.facebook.com\/RFBLegal\/","article_modified_time":"2025-06-19T13:11:50+00:00","og_image":[{"width":1440,"height":550,"url":"https:\/\/rfblegal.co.uk\/wp-content\/uploads\/2024\/02\/Regulatory_Law.png","type":"image\/png"}],"twitter_card":"summary_large_image","twitter_misc":{"Est. reading time":"2 minutos"},"schema":{"@context":"https:\/\/schema.org","@graph":[{"@type":"WebPage","@id":"https:\/\/rfblegal.co.uk\/services\/business-law\/regulatory-investigations\/","url":"https:\/\/rfblegal.co.uk\/services\/business-law\/regulatory-investigations\/","name":"Investigaciones reglamentarias - RFB Legal","isPartOf":{"@id":"https:\/\/rfblegal.co.uk\/#website"},"primaryImageOfPage":{"@id":"https:\/\/rfblegal.co.uk\/services\/business-law\/regulatory-investigations\/#primaryimage"},"image":{"@id":"https:\/\/rfblegal.co.uk\/services\/business-law\/regulatory-investigations\/#primaryimage"},"thumbnailUrl":"https:\/\/rfblegal.co.uk\/wp-content\/uploads\/2024\/02\/Regulatory_Law.png","datePublished":"2024-02-21T17:48:55+00:00","dateModified":"2025-06-19T13:11:50+00:00","description":"Derecho normativo La regulaci\u00f3n cada vez m\u00e1s estricta de particulares y empresas ha llevado a las administraciones p\u00fablicas y a las autoridades locales a incoar procedimientos con","breadcrumb":{"@id":"https:\/\/rfblegal.co.uk\/services\/business-law\/regulatory-investigations\/#breadcrumb"},"inLanguage":"es","potentialAction":[{"@type":"ReadAction","target":["https:\/\/rfblegal.co.uk\/services\/business-law\/regulatory-investigations\/"]}]},{"@type":"ImageObject","inLanguage":"es","@id":"https:\/\/rfblegal.co.uk\/services\/business-law\/regulatory-investigations\/#primaryimage","url":"https:\/\/rfblegal.co.uk\/wp-content\/uploads\/2024\/02\/Regulatory_Law.png","contentUrl":"https:\/\/rfblegal.co.uk\/wp-content\/uploads\/2024\/02\/Regulatory_Law.png","width":1440,"height":550},{"@type":"BreadcrumbList","@id":"https:\/\/rfblegal.co.uk\/services\/business-law\/regulatory-investigations\/#breadcrumb","itemListElement":[{"@type":"ListItem","position":1,"name":"Home","item":"https:\/\/rfblegal.co.uk\/"},{"@type":"ListItem","position":2,"name":"Services","item":"https:\/\/rfblegal.co.uk\/services\/"},{"@type":"ListItem","position":3,"name":"Business Law","item":"https:\/\/rfblegal.co.uk\/services\/business-law\/"},{"@type":"ListItem","position":4,"name":"Regulatory Investigations"}]},{"@type":"WebSite","@id":"https:\/\/rfblegal.co.uk\/#website","url":"https:\/\/rfblegal.co.uk\/","name":"RFB Legal","description":"","publisher":{"@id":"https:\/\/rfblegal.co.uk\/#organization"},"potentialAction":[{"@type":"SearchAction","target":{"@type":"EntryPoint","urlTemplate":"https:\/\/rfblegal.co.uk\/?s={search_term_string}"},"query-input":{"@type":"PropertyValueSpecification","valueRequired":true,"valueName":"search_term_string"}}],"inLanguage":"es"},{"@type":"Organization","@id":"https:\/\/rfblegal.co.uk\/#organization","name":"RFB Legal","url":"https:\/\/rfblegal.co.uk\/","logo":{"@type":"ImageObject","inLanguage":"es","@id":"https:\/\/rfblegal.co.uk\/#\/schema\/logo\/image\/","url":"https:\/\/rfblegal.co.uk\/wp-content\/uploads\/2024\/01\/header_company_logo.svg","contentUrl":"https:\/\/rfblegal.co.uk\/wp-content\/uploads\/2024\/01\/header_company_logo.svg","caption":"RFB Legal"},"image":{"@id":"https:\/\/rfblegal.co.uk\/#\/schema\/logo\/image\/"},"sameAs":["https:\/\/www.facebook.com\/RFBLegal\/","https:\/\/www.linkedin.com\/uas\/login?session_redirect=company2012282","https:\/\/www.instagram.com\/rfb_legal\/"]}]}},"_links":{"self":[{"href":"https:\/\/rfblegal.co.uk\/es\/wp-json\/wp\/v2\/pages\/2657","targetHints":{"allow":["GET"]}}],"collection":[{"href":"https:\/\/rfblegal.co.uk\/es\/wp-json\/wp\/v2\/pages"}],"about":[{"href":"https:\/\/rfblegal.co.uk\/es\/wp-json\/wp\/v2\/types\/page"}],"author":[{"embeddable":true,"href":"https:\/\/rfblegal.co.uk\/es\/wp-json\/wp\/v2\/users\/1"}],"replies":[{"embeddable":true,"href":"https:\/\/rfblegal.co.uk\/es\/wp-json\/wp\/v2\/comments?post=2657"}],"version-history":[{"count":0,"href":"https:\/\/rfblegal.co.uk\/es\/wp-json\/wp\/v2\/pages\/2657\/revisions"}],"up":[{"embeddable":true,"href":"https:\/\/rfblegal.co.uk\/es\/wp-json\/wp\/v2\/pages\/429"}],"wp:featuredmedia":[{"embeddable":true,"href":"https:\/\/rfblegal.co.uk\/es\/wp-json\/wp\/v2\/media\/3001"}],"wp:attachment":[{"href":"https:\/\/rfblegal.co.uk\/es\/wp-json\/wp\/v2\/media?parent=2657"}],"curies":[{"name":"wp","href":"https:\/\/api.w.org\/{rel}","templated":true}]}}