{"id":2631,"date":"2024-02-21T17:33:33","date_gmt":"2024-02-21T17:33:33","guid":{"rendered":"https:\/\/rfblegal.co.uk\/?page_id=2631"},"modified":"2024-02-23T15:27:46","modified_gmt":"2024-02-23T15:27:46","slug":"delitos-financieros-y-de-cuello-blanco","status":"publish","type":"page","link":"https:\/\/rfblegal.co.uk\/es\/servicios\/derecho-mercantil\/servicios-de-delitos-financieros-y-de-cuello-blanco\/delitos-financieros-y-de-cuello-blanco\/","title":{"rendered":"Delitos financieros y de cuello blanco"},"content":{"rendered":"<h2 class=\"wp-block-heading has-2-xl-font-size\" style=\"padding-top:var(--wp--preset--spacing--20);padding-bottom:var(--wp--preset--spacing--20);font-style:normal;font-weight:600\">Fraudes complejos y delitos societarios<\/h2>\n\n\n\n<h4 class=\"wp-block-heading has-lg-font-size\" style=\"padding-top:var(--wp--preset--spacing--20);padding-bottom:var(--wp--preset--spacing--20)\"><strong>Ronald Fletcher Baker LLP representa a presidentes y altos ejecutivos de empresas de una amplia gama de sectores financieros y empresariales en asuntos relacionados con fraudes graves, corrupci\u00f3n, malversaci\u00f3n de fondos y abuso de informaci\u00f3n privilegiada.\u00a0<\/strong><\/h4>\n\n\n\n<p style=\"padding-top:var(--wp--preset--spacing--20);padding-bottom:var(--wp--preset--spacing--20)\">Nuestro equipo tiene una gran experiencia en la gesti\u00f3n de investigaciones de la Serious Fraud Office (SFO), la HM Revenue and Customs (HMRC), la Financial Conduct Authority (FCA), la Crown Prosecution Service (CPS), la City of London Police y otros organismos encargados de velar por el cumplimiento de la ley.<\/p>\n\n\n\n<p style=\"padding-top:var(--wp--preset--spacing--20);padding-bottom:var(--wp--preset--spacing--20)\">Bas\u00e1ndonos en d\u00e9cadas de experiencia en el campo y evolucionando junto con el panorama en desarrollo de la responsabilidad corporativa, desplegamos habilidades estrat\u00e9gicas y forenses sofisticadas para guiar a los clientes a trav\u00e9s de litigios complejos.<\/p>\n\n\n\n<p style=\"padding-top:var(--wp--preset--spacing--20);padding-bottom:var(--wp--preset--spacing--20)\">Nuestro objetivo primordial es evitar que los organismos encargados de la aplicaci\u00f3n de la ley interpongan acciones judiciales, y el equipo es capaz de adaptar su enfoque para incorporar asesoramiento t\u00e1ctico sobre responsabilidad civil y penal.<\/p>\n\n\n\n<p style=\"padding-top:var(--wp--preset--spacing--20);padding-bottom:var(--wp--preset--spacing--20)\">Los procedimientos se originan a menudo en una investigaci\u00f3n interna de la empresa, y el equipo ofrece a sus clientes un punto de vista global, representando tanto a los sospechosos como a los que presentan una denuncia.<\/p>\n\n\n\n<p style=\"padding-top:var(--wp--preset--spacing--20);padding-bottom:var(--wp--preset--spacing--20)\">Habiendo actuado en casos que implican cuestiones legales multijurisdiccionales, gobiernos nacionales y corporaciones globales, somos capaces de recurrir a las habilidades de expertos de la m\u00e1s alta calidad, incluyendo contables forenses, rastreadores de activos y especialistas de mercado.<br><\/p>\n\n\n\n<h3 class=\"wp-block-heading has-lg-font-size\" style=\"padding-top:var(--wp--preset--spacing--20);padding-bottom:var(--wp--preset--spacing--20)\"><strong>Contacte con nosotros<\/strong><\/h3>\n\n\n\n<p style=\"padding-top:var(--wp--preset--spacing--20);padding-bottom:var(--wp--preset--spacing--20)\">Si desea asesoramiento y representaci\u00f3n experta en fraude complejo y delitos societarios, ll\u00e1menos hoy mismo al<em><strong>\u00a0<a href=\"tel:02076131402\">020 7613 1402<\/a><\/strong><\/em>\u00a0o\u00a0<a href=\"https:\/\/rfblegal.co.uk\/es\/contacto\/\">rellene nuestro formulario de consulta en l\u00ednea<\/a>\u00a0y uno de nuestros abogados se pondr\u00e1 en contacto con usted lo antes posible.<\/p>","protected":false},"excerpt":{"rendered":"<p>Complex Fraud and Corporate Crime Ronald Fletcher Baker LLP acts for CEOs and senior company executives from a broad range of financial and business sectors in matters concerning serious fraud, corruption, embezzlement and insider trading.\u00a0 Our team has substantial expertise in dealing with investigations by the Serious Fraud Office (SFO), HM Revenue and Customs (HMRC), &hellip; <a href=\"https:\/\/rfblegal.co.uk\/es\/servicios\/derecho-mercantil\/servicios-de-delitos-financieros-y-de-cuello-blanco\/delitos-financieros-y-de-cuello-blanco\/\">Contin\u00faa en<\/a><\/p>","protected":false},"author":1,"featured_media":3161,"parent":2628,"menu_order":0,"comment_status":"closed","ping_status":"closed","template":"tier3-template.blade.php","meta":{"_acf_changed":false,"om_disable_all_campaigns":false,"_uf_show_specific_survey":0,"_uf_disable_surveys":false,"footnotes":""},"class_list":["post-2631","page","type-page","status-publish","has-post-thumbnail","hentry"],"acf":[],"aioseo_notices":[],"yoast_head":"<!-- This site is optimized with the Yoast SEO plugin v27.2 - https:\/\/yoast.com\/product\/yoast-seo-wordpress\/ -->\n<title>White Collar and Financial Crime - RFB Legal<\/title>\n<meta name=\"description\" content=\"Complex Fraud and Corporate Crime Ronald Fletcher Baker LLP acts for CEOs and senior company executives from a broad range of financial and business\" \/>\n<meta name=\"robots\" content=\"index, follow, max-snippet:-1, max-image-preview:large, max-video-preview:-1\" \/>\n<link rel=\"canonical\" href=\"https:\/\/rfblegal.co.uk\/es\/servicios\/derecho-mercantil\/servicios-de-delitos-financieros-y-de-cuello-blanco\/delitos-financieros-y-de-cuello-blanco\/\" \/>\n<meta property=\"og:locale\" content=\"es_ES\" \/>\n<meta property=\"og:type\" content=\"article\" \/>\n<meta property=\"og:title\" content=\"White Collar and Financial Crime - RFB Legal\" \/>\n<meta property=\"og:description\" content=\"Complex Fraud and Corporate Crime Ronald Fletcher Baker LLP acts for CEOs and senior company executives from a broad range of financial and business\" \/>\n<meta property=\"og:url\" content=\"https:\/\/rfblegal.co.uk\/es\/servicios\/derecho-mercantil\/servicios-de-delitos-financieros-y-de-cuello-blanco\/delitos-financieros-y-de-cuello-blanco\/\" \/>\n<meta property=\"og:site_name\" content=\"RFB Legal\" \/>\n<meta property=\"article:publisher\" content=\"https:\/\/www.facebook.com\/RFBLegal\/\" \/>\n<meta property=\"article:modified_time\" content=\"2024-02-23T15:27:46+00:00\" \/>\n<meta property=\"og:image\" content=\"https:\/\/rfblegal.co.uk\/wp-content\/uploads\/2024\/02\/Complex_Fraud_and_Financial_Crime.jpg\" \/>\n\t<meta property=\"og:image:width\" content=\"1440\" \/>\n\t<meta property=\"og:image:height\" content=\"550\" \/>\n\t<meta property=\"og:image:type\" content=\"image\/jpeg\" \/>\n<meta name=\"twitter:card\" content=\"summary_large_image\" \/>\n<meta name=\"twitter:label1\" content=\"Est. reading time\" \/>\n\t<meta name=\"twitter:data1\" content=\"2 minutes\" \/>\n<script type=\"application\/ld+json\" class=\"yoast-schema-graph\">{\"@context\":\"https:\/\/schema.org\",\"@graph\":[{\"@type\":\"WebPage\",\"@id\":\"https:\/\/rfblegal.co.uk\/services\/business-law\/white-collar-and-financial-crime-services\/white-collar-and-financial-crime\/\",\"url\":\"https:\/\/rfblegal.co.uk\/services\/business-law\/white-collar-and-financial-crime-services\/white-collar-and-financial-crime\/\",\"name\":\"White Collar and Financial Crime - RFB Legal\",\"isPartOf\":{\"@id\":\"https:\/\/rfblegal.co.uk\/#website\"},\"primaryImageOfPage\":{\"@id\":\"https:\/\/rfblegal.co.uk\/services\/business-law\/white-collar-and-financial-crime-services\/white-collar-and-financial-crime\/#primaryimage\"},\"image\":{\"@id\":\"https:\/\/rfblegal.co.uk\/services\/business-law\/white-collar-and-financial-crime-services\/white-collar-and-financial-crime\/#primaryimage\"},\"thumbnailUrl\":\"https:\/\/rfblegal.co.uk\/wp-content\/uploads\/2024\/02\/Complex_Fraud_and_Financial_Crime.jpg\",\"datePublished\":\"2024-02-21T17:33:33+00:00\",\"dateModified\":\"2024-02-23T15:27:46+00:00\",\"description\":\"Complex Fraud and Corporate Crime Ronald Fletcher Baker LLP acts for CEOs and senior company executives from a broad range of financial and business\",\"breadcrumb\":{\"@id\":\"https:\/\/rfblegal.co.uk\/services\/business-law\/white-collar-and-financial-crime-services\/white-collar-and-financial-crime\/#breadcrumb\"},\"inLanguage\":\"es-ES\",\"potentialAction\":[{\"@type\":\"ReadAction\",\"target\":[\"https:\/\/rfblegal.co.uk\/services\/business-law\/white-collar-and-financial-crime-services\/white-collar-and-financial-crime\/\"]}]},{\"@type\":\"ImageObject\",\"inLanguage\":\"es-ES\",\"@id\":\"https:\/\/rfblegal.co.uk\/services\/business-law\/white-collar-and-financial-crime-services\/white-collar-and-financial-crime\/#primaryimage\",\"url\":\"https:\/\/rfblegal.co.uk\/wp-content\/uploads\/2024\/02\/Complex_Fraud_and_Financial_Crime.jpg\",\"contentUrl\":\"https:\/\/rfblegal.co.uk\/wp-content\/uploads\/2024\/02\/Complex_Fraud_and_Financial_Crime.jpg\",\"width\":1440,\"height\":550},{\"@type\":\"BreadcrumbList\",\"@id\":\"https:\/\/rfblegal.co.uk\/services\/business-law\/white-collar-and-financial-crime-services\/white-collar-and-financial-crime\/#breadcrumb\",\"itemListElement\":[{\"@type\":\"ListItem\",\"position\":1,\"name\":\"Home\",\"item\":\"https:\/\/rfblegal.co.uk\/\"},{\"@type\":\"ListItem\",\"position\":2,\"name\":\"Services\",\"item\":\"https:\/\/rfblegal.co.uk\/services\/\"},{\"@type\":\"ListItem\",\"position\":3,\"name\":\"Business Law\",\"item\":\"https:\/\/rfblegal.co.uk\/services\/business-law\/\"},{\"@type\":\"ListItem\",\"position\":4,\"name\":\"Business &#8211; Criminal Litigation\",\"item\":\"https:\/\/rfblegal.co.uk\/services\/business-law\/white-collar-and-financial-crime-services\/\"},{\"@type\":\"ListItem\",\"position\":5,\"name\":\"White Collar and Financial Crime\"}]},{\"@type\":\"WebSite\",\"@id\":\"https:\/\/rfblegal.co.uk\/#website\",\"url\":\"https:\/\/rfblegal.co.uk\/\",\"name\":\"RFB Legal\",\"description\":\"\",\"publisher\":{\"@id\":\"https:\/\/rfblegal.co.uk\/#organization\"},\"potentialAction\":[{\"@type\":\"SearchAction\",\"target\":{\"@type\":\"EntryPoint\",\"urlTemplate\":\"https:\/\/rfblegal.co.uk\/?s={search_term_string}\"},\"query-input\":{\"@type\":\"PropertyValueSpecification\",\"valueRequired\":true,\"valueName\":\"search_term_string\"}}],\"inLanguage\":\"es-ES\"},{\"@type\":\"Organization\",\"@id\":\"https:\/\/rfblegal.co.uk\/#organization\",\"name\":\"RFB Legal\",\"url\":\"https:\/\/rfblegal.co.uk\/\",\"logo\":{\"@type\":\"ImageObject\",\"inLanguage\":\"es-ES\",\"@id\":\"https:\/\/rfblegal.co.uk\/#\/schema\/logo\/image\/\",\"url\":\"https:\/\/rfblegal.co.uk\/wp-content\/uploads\/2024\/01\/header_company_logo.svg\",\"contentUrl\":\"https:\/\/rfblegal.co.uk\/wp-content\/uploads\/2024\/01\/header_company_logo.svg\",\"caption\":\"RFB Legal\"},\"image\":{\"@id\":\"https:\/\/rfblegal.co.uk\/#\/schema\/logo\/image\/\"},\"sameAs\":[\"https:\/\/www.facebook.com\/RFBLegal\/\",\"https:\/\/www.linkedin.com\/uas\/login?session_redirect=company2012282\",\"https:\/\/www.instagram.com\/rfb_legal\/\"]}]}<\/script>\n<!-- \/ Yoast SEO plugin. -->","yoast_head_json":{"title":"Delitos financieros y de cuello blanco - RFB Legal","description":"Ronald Fletcher Baker LLP representa a presidentes y altos ejecutivos de empresas de los sectores financiero y empresarial m\u00e1s diversos.","robots":{"index":"index","follow":"follow","max-snippet":"max-snippet:-1","max-image-preview":"max-image-preview:large","max-video-preview":"max-video-preview:-1"},"canonical":"https:\/\/rfblegal.co.uk\/es\/servicios\/derecho-mercantil\/servicios-de-delitos-financieros-y-de-cuello-blanco\/delitos-financieros-y-de-cuello-blanco\/","og_locale":"es_ES","og_type":"article","og_title":"White Collar and Financial Crime - RFB Legal","og_description":"Complex Fraud and Corporate Crime Ronald Fletcher Baker LLP acts for CEOs and senior company executives from a broad range of financial and business","og_url":"https:\/\/rfblegal.co.uk\/es\/servicios\/derecho-mercantil\/servicios-de-delitos-financieros-y-de-cuello-blanco\/delitos-financieros-y-de-cuello-blanco\/","og_site_name":"RFB Legal","article_publisher":"https:\/\/www.facebook.com\/RFBLegal\/","article_modified_time":"2024-02-23T15:27:46+00:00","og_image":[{"width":1440,"height":550,"url":"https:\/\/rfblegal.co.uk\/wp-content\/uploads\/2024\/02\/Complex_Fraud_and_Financial_Crime.jpg","type":"image\/jpeg"}],"twitter_card":"summary_large_image","twitter_misc":{"Est. reading time":"2 minutes"},"schema":{"@context":"https:\/\/schema.org","@graph":[{"@type":"WebPage","@id":"https:\/\/rfblegal.co.uk\/services\/business-law\/white-collar-and-financial-crime-services\/white-collar-and-financial-crime\/","url":"https:\/\/rfblegal.co.uk\/services\/business-law\/white-collar-and-financial-crime-services\/white-collar-and-financial-crime\/","name":"Delitos financieros y de cuello blanco - RFB Legal","isPartOf":{"@id":"https:\/\/rfblegal.co.uk\/#website"},"primaryImageOfPage":{"@id":"https:\/\/rfblegal.co.uk\/services\/business-law\/white-collar-and-financial-crime-services\/white-collar-and-financial-crime\/#primaryimage"},"image":{"@id":"https:\/\/rfblegal.co.uk\/services\/business-law\/white-collar-and-financial-crime-services\/white-collar-and-financial-crime\/#primaryimage"},"thumbnailUrl":"https:\/\/rfblegal.co.uk\/wp-content\/uploads\/2024\/02\/Complex_Fraud_and_Financial_Crime.jpg","datePublished":"2024-02-21T17:33:33+00:00","dateModified":"2024-02-23T15:27:46+00:00","description":"Ronald Fletcher Baker LLP representa a presidentes y altos ejecutivos de empresas de los sectores financiero y empresarial m\u00e1s diversos.","breadcrumb":{"@id":"https:\/\/rfblegal.co.uk\/services\/business-law\/white-collar-and-financial-crime-services\/white-collar-and-financial-crime\/#breadcrumb"},"inLanguage":"es-ES","potentialAction":[{"@type":"ReadAction","target":["https:\/\/rfblegal.co.uk\/services\/business-law\/white-collar-and-financial-crime-services\/white-collar-and-financial-crime\/"]}]},{"@type":"ImageObject","inLanguage":"es-ES","@id":"https:\/\/rfblegal.co.uk\/services\/business-law\/white-collar-and-financial-crime-services\/white-collar-and-financial-crime\/#primaryimage","url":"https:\/\/rfblegal.co.uk\/wp-content\/uploads\/2024\/02\/Complex_Fraud_and_Financial_Crime.jpg","contentUrl":"https:\/\/rfblegal.co.uk\/wp-content\/uploads\/2024\/02\/Complex_Fraud_and_Financial_Crime.jpg","width":1440,"height":550},{"@type":"BreadcrumbList","@id":"https:\/\/rfblegal.co.uk\/services\/business-law\/white-collar-and-financial-crime-services\/white-collar-and-financial-crime\/#breadcrumb","itemListElement":[{"@type":"ListItem","position":1,"name":"Home","item":"https:\/\/rfblegal.co.uk\/"},{"@type":"ListItem","position":2,"name":"Services","item":"https:\/\/rfblegal.co.uk\/services\/"},{"@type":"ListItem","position":3,"name":"Business Law","item":"https:\/\/rfblegal.co.uk\/services\/business-law\/"},{"@type":"ListItem","position":4,"name":"Business &#8211; Criminal Litigation","item":"https:\/\/rfblegal.co.uk\/services\/business-law\/white-collar-and-financial-crime-services\/"},{"@type":"ListItem","position":5,"name":"White Collar and Financial Crime"}]},{"@type":"WebSite","@id":"https:\/\/rfblegal.co.uk\/#website","url":"https:\/\/rfblegal.co.uk\/","name":"RFB Legal","description":"","publisher":{"@id":"https:\/\/rfblegal.co.uk\/#organization"},"potentialAction":[{"@type":"SearchAction","target":{"@type":"EntryPoint","urlTemplate":"https:\/\/rfblegal.co.uk\/?s={search_term_string}"},"query-input":{"@type":"PropertyValueSpecification","valueRequired":true,"valueName":"search_term_string"}}],"inLanguage":"es-ES"},{"@type":"Organization","@id":"https:\/\/rfblegal.co.uk\/#organization","name":"RFB Legal","url":"https:\/\/rfblegal.co.uk\/","logo":{"@type":"ImageObject","inLanguage":"es-ES","@id":"https:\/\/rfblegal.co.uk\/#\/schema\/logo\/image\/","url":"https:\/\/rfblegal.co.uk\/wp-content\/uploads\/2024\/01\/header_company_logo.svg","contentUrl":"https:\/\/rfblegal.co.uk\/wp-content\/uploads\/2024\/01\/header_company_logo.svg","caption":"RFB Legal"},"image":{"@id":"https:\/\/rfblegal.co.uk\/#\/schema\/logo\/image\/"},"sameAs":["https:\/\/www.facebook.com\/RFBLegal\/","https:\/\/www.linkedin.com\/uas\/login?session_redirect=company2012282","https:\/\/www.instagram.com\/rfb_legal\/"]}]}},"_links":{"self":[{"href":"https:\/\/rfblegal.co.uk\/es\/wp-json\/wp\/v2\/pages\/2631","targetHints":{"allow":["GET"]}}],"collection":[{"href":"https:\/\/rfblegal.co.uk\/es\/wp-json\/wp\/v2\/pages"}],"about":[{"href":"https:\/\/rfblegal.co.uk\/es\/wp-json\/wp\/v2\/types\/page"}],"author":[{"embeddable":true,"href":"https:\/\/rfblegal.co.uk\/es\/wp-json\/wp\/v2\/users\/1"}],"replies":[{"embeddable":true,"href":"https:\/\/rfblegal.co.uk\/es\/wp-json\/wp\/v2\/comments?post=2631"}],"version-history":[{"count":0,"href":"https:\/\/rfblegal.co.uk\/es\/wp-json\/wp\/v2\/pages\/2631\/revisions"}],"up":[{"embeddable":true,"href":"https:\/\/rfblegal.co.uk\/es\/wp-json\/wp\/v2\/pages\/2628"}],"wp:featuredmedia":[{"embeddable":true,"href":"https:\/\/rfblegal.co.uk\/es\/wp-json\/wp\/v2\/media\/3161"}],"wp:attachment":[{"href":"https:\/\/rfblegal.co.uk\/es\/wp-json\/wp\/v2\/media?parent=2631"}],"curies":[{"name":"wp","href":"https:\/\/api.w.org\/{rel}","templated":true}]}}