{"id":2522,"date":"2024-02-21T16:34:10","date_gmt":"2024-02-21T16:34:10","guid":{"rendered":"https:\/\/rfblegal.co.uk\/?page_id=2522"},"modified":"2025-09-04T18:07:20","modified_gmt":"2025-09-04T18:07:20","slug":"litigios-beneficos","status":"publish","type":"page","link":"https:\/\/rfblegal.co.uk\/es\/servicios\/derecho-mercantil\/litigios-comerciales\/litigios-beneficos\/","title":{"rendered":"Litigios ben\u00e9ficos"},"content":{"rendered":"<h2 class=\"wp-block-heading has-2-xl-font-size\" style=\"padding-top:var(--wp--preset--spacing--20);padding-bottom:var(--wp--preset--spacing--20);font-style:normal;font-weight:600\">Litigios ben\u00e9ficos<\/h2>\n\n\n\n<h4 class=\"wp-block-heading has-lg-font-size\" style=\"padding-top:var(--wp--preset--spacing--20);padding-bottom:var(--wp--preset--spacing--20);font-style:normal;font-weight:500\"><strong>Las organizaciones ben\u00e9ficas, al igual que cualquier otra organizaci\u00f3n comercial, pueden encontrarse con problemas como el incumplimiento de contratos, cuestiones laborales, disputas sobre la propiedad y muchos m\u00e1s. Las acciones legales suelen suponer un riesgo importante para una organizaci\u00f3n ben\u00e9fica, su reputaci\u00f3n y sus fideicomisarios.<\/strong><\/h4>\n\n\n\n<p style=\"padding-top:var(--wp--preset--spacing--20);padding-bottom:var(--wp--preset--spacing--20)\">Cuando se enfrentan a una posible reclamaci\u00f3n, ya sea en la interposici\u00f3n o en la defensa de una acci\u00f3n legal, los fideicomisarios de una organizaci\u00f3n ben\u00e9fica deben tomar todas las decisiones bas\u00e1ndose en lo que ser\u00eda m\u00e1s beneficioso para la organizaci\u00f3n. Esto, junto con todas las dem\u00e1s obligaciones legales que tienen los fideicomisarios, rige cada decisi\u00f3n que tomen, o dejen de tomar, los fideicomisarios, en cada momento al tratar el asunto en litigio.<\/p>\n\n\n\n<p style=\"padding-top:var(--wp--preset--spacing--20);padding-bottom:var(--wp--preset--spacing--20)\">Los fideicomisarios deben determinar si otras opciones, como la negociaci\u00f3n y la mediaci\u00f3n, son viables. Con el fin de tomar decisiones informadas, los fideicomisarios deben considerar el asesoramiento jur\u00eddico, incluso en las primeras etapas de una disputa, sobre todo si los fideicomisarios no son expertos en el \u00e1rea de la disputa. Si los fideicomisarios no reciben asesoramiento jur\u00eddico en una fase temprana, corren el riesgo de poner en peligro los intereses de la organizaci\u00f3n ben\u00e9fica. En determinadas circunstancias, puede incluso ser un requisito legal que los fideicomisarios reciban el asesoramiento adecuado.<\/p>\n\n\n\n<p style=\"padding-top:var(--wp--preset--spacing--20);padding-bottom:var(--wp--preset--spacing--20)\">Los asesores jur\u00eddicos pueden ayudar a los fideicomisarios a explorar las opciones de resoluci\u00f3n del litigio y proporcionar asesoramiento personalizado sobre las opciones disponibles para la organizaci\u00f3n ben\u00e9fica, as\u00ed como nuestra recomendaci\u00f3n experta sobre la v\u00eda m\u00e1s adecuada que debe seguir la organizaci\u00f3n ben\u00e9fica. Cuando el tiempo apremia, los fideicomisarios no deben demorar la b\u00fasqueda de asesoramiento jur\u00eddico, si es necesario.<\/p>\n\n\n\n<p style=\"padding-top:var(--wp--preset--spacing--20);padding-bottom:var(--wp--preset--spacing--20)\">Los fideicomisarios deben tener debidamente en cuenta y gestionar los posibles costes que ello conlleve. Los fideicomisarios deben solicitar a sus asesores jur\u00eddicos una estimaci\u00f3n razonable de los costes y averiguar si los gastos legales est\u00e1n cubiertos por alguna p\u00f3liza de seguro que pueda tener la organizaci\u00f3n ben\u00e9fica. Es importante que los fideicomisarios comprendan que, aunque presenten o defiendan con \u00e9xito una demanda, no todos los costes incurridos ser\u00e1n recuperables, si los hubiera.<\/p>\n\n\n\n<p style=\"padding-top:var(--wp--preset--spacing--20);padding-bottom:var(--wp--preset--spacing--20)\">En determinadas circunstancias, los fideicomisarios deben considerar si es necesario obtener el consentimiento o asesoramiento de la Comisi\u00f3n de Caridad antes de decidir litigar, como por ejemplo para obtener una orden que autorice el uso de fondos de la caridad para litigar.<\/p>\n\n\n\n<p style=\"padding-top:var(--wp--preset--spacing--20);padding-bottom:var(--wp--preset--spacing--20)\">Los fideicomisarios tambi\u00e9n deben tener en cuenta que pueden ser considerados personalmente responsables de las consecuencias o p\u00e9rdidas que puedan derivarse si incumplen sus deberes legales y toman decisiones infundadas en relaci\u00f3n con el litigio.<\/p>\n\n\n\n<p style=\"padding-top:var(--wp--preset--spacing--20);padding-bottom:var(--wp--preset--spacing--20)\">La Comisi\u00f3n de Caridad ha publicado un&nbsp;<a href=\"https:\/\/www.gov.uk\/government\/uploads\/system\/uploads\/attachment_data\/file\/543338\/CC38_Checklist.pdf\">lista de control para los administradores<\/a>&nbsp;para ayudarles a decidir si presentan o defienden una reclamaci\u00f3n.<\/p>\n\n\n\n<p style=\"padding-top:var(--wp--preset--spacing--20);padding-bottom:var(--wp--preset--spacing--20)\">La decisi\u00f3n de litigar no es f\u00e1cil de tomar para los fideicomisarios y, aunque debe sopesarse cuidadosamente con todos los factores, en la mayor\u00eda de los casos no redundar\u00e1 en beneficio de la organizaci\u00f3n ben\u00e9fica retrasar o evitar la resoluci\u00f3n del litigio o retrasar la decisi\u00f3n sobre si le conviene entablar una correspondencia previa a la acci\u00f3n o iniciar un procedimiento judicial.<\/p>\n\n\n\n<p style=\"padding-top:var(--wp--preset--spacing--20);padding-bottom:var(--wp--preset--spacing--20)\"><\/p>","protected":false},"excerpt":{"rendered":"<p>Charity Litigation Charities, just like any other commercial organisation, may come across issues such as breach of contract; employment issues, property disputes, and many more. Legal action is often likely to be a significant risk to a charity, its reputation, and its trustees. When faced with a potential claim, either in the making or defending &hellip; <a href=\"https:\/\/rfblegal.co.uk\/es\/servicios\/derecho-mercantil\/litigios-comerciales\/litigios-beneficos\/\">Contin\u00faa en<\/a><\/p>","protected":false},"author":1,"featured_media":0,"parent":2502,"menu_order":0,"comment_status":"closed","ping_status":"closed","template":"tier3-template.blade.php","meta":{"_acf_changed":false,"om_disable_all_campaigns":false,"_uf_show_specific_survey":0,"_uf_disable_surveys":false,"footnotes":""},"class_list":["post-2522","page","type-page","status-publish","hentry"],"acf":[],"aioseo_notices":[],"yoast_head":"<!-- This site is optimized with the Yoast SEO plugin v27.2 - https:\/\/yoast.com\/product\/yoast-seo-wordpress\/ -->\n<title>Charity Litigation - RFB Legal<\/title>\n<meta name=\"description\" content=\"Charity Litigation Charities, just like any other commercial organisation, may come across issues\" \/>\n<meta name=\"robots\" content=\"index, follow, max-snippet:-1, max-image-preview:large, max-video-preview:-1\" \/>\n<link rel=\"canonical\" href=\"https:\/\/rfblegal.co.uk\/es\/servicios\/derecho-mercantil\/litigios-comerciales\/litigios-beneficos\/\" \/>\n<meta property=\"og:locale\" content=\"es_ES\" \/>\n<meta property=\"og:type\" content=\"article\" \/>\n<meta property=\"og:title\" content=\"Charity Litigation - RFB Legal\" \/>\n<meta property=\"og:description\" content=\"Charity Litigation Charities, just like any other commercial organisation, may come across issues\" \/>\n<meta property=\"og:url\" content=\"https:\/\/rfblegal.co.uk\/es\/servicios\/derecho-mercantil\/litigios-comerciales\/litigios-beneficos\/\" \/>\n<meta property=\"og:site_name\" content=\"RFB Legal\" \/>\n<meta property=\"article:publisher\" content=\"https:\/\/www.facebook.com\/RFBLegal\/\" \/>\n<meta property=\"article:modified_time\" content=\"2025-09-04T18:07:20+00:00\" \/>\n<meta name=\"twitter:card\" content=\"summary_large_image\" \/>\n<meta name=\"twitter:label1\" content=\"Est. reading time\" \/>\n\t<meta name=\"twitter:data1\" content=\"3 minutos\" \/>\n<script type=\"application\/ld+json\" class=\"yoast-schema-graph\">{\"@context\":\"https:\/\/schema.org\",\"@graph\":[{\"@type\":\"WebPage\",\"@id\":\"https:\/\/rfblegal.co.uk\/services\/business-law\/commercial-litigation\/charity-litigation\/\",\"url\":\"https:\/\/rfblegal.co.uk\/services\/business-law\/commercial-litigation\/charity-litigation\/\",\"name\":\"Charity Litigation - RFB Legal\",\"isPartOf\":{\"@id\":\"https:\/\/rfblegal.co.uk\/#website\"},\"datePublished\":\"2024-02-21T16:34:10+00:00\",\"dateModified\":\"2025-09-04T18:07:20+00:00\",\"description\":\"Charity Litigation Charities, just like any other commercial organisation, may come across issues\",\"breadcrumb\":{\"@id\":\"https:\/\/rfblegal.co.uk\/services\/business-law\/commercial-litigation\/charity-litigation\/#breadcrumb\"},\"inLanguage\":\"es\",\"potentialAction\":[{\"@type\":\"ReadAction\",\"target\":[\"https:\/\/rfblegal.co.uk\/services\/business-law\/commercial-litigation\/charity-litigation\/\"]}]},{\"@type\":\"BreadcrumbList\",\"@id\":\"https:\/\/rfblegal.co.uk\/services\/business-law\/commercial-litigation\/charity-litigation\/#breadcrumb\",\"itemListElement\":[{\"@type\":\"ListItem\",\"position\":1,\"name\":\"Home\",\"item\":\"https:\/\/rfblegal.co.uk\/\"},{\"@type\":\"ListItem\",\"position\":2,\"name\":\"Services\",\"item\":\"https:\/\/rfblegal.co.uk\/services\/\"},{\"@type\":\"ListItem\",\"position\":3,\"name\":\"Business Law\",\"item\":\"https:\/\/rfblegal.co.uk\/services\/business-law\/\"},{\"@type\":\"ListItem\",\"position\":4,\"name\":\"Commercial Litigation\",\"item\":\"https:\/\/rfblegal.co.uk\/services\/business-law\/commercial-litigation\/\"},{\"@type\":\"ListItem\",\"position\":5,\"name\":\"Charity Litigation\"}]},{\"@type\":\"WebSite\",\"@id\":\"https:\/\/rfblegal.co.uk\/#website\",\"url\":\"https:\/\/rfblegal.co.uk\/\",\"name\":\"RFB Legal\",\"description\":\"\",\"publisher\":{\"@id\":\"https:\/\/rfblegal.co.uk\/#organization\"},\"potentialAction\":[{\"@type\":\"SearchAction\",\"target\":{\"@type\":\"EntryPoint\",\"urlTemplate\":\"https:\/\/rfblegal.co.uk\/?s={search_term_string}\"},\"query-input\":{\"@type\":\"PropertyValueSpecification\",\"valueRequired\":true,\"valueName\":\"search_term_string\"}}],\"inLanguage\":\"es\"},{\"@type\":\"Organization\",\"@id\":\"https:\/\/rfblegal.co.uk\/#organization\",\"name\":\"RFB Legal\",\"url\":\"https:\/\/rfblegal.co.uk\/\",\"logo\":{\"@type\":\"ImageObject\",\"inLanguage\":\"es\",\"@id\":\"https:\/\/rfblegal.co.uk\/#\/schema\/logo\/image\/\",\"url\":\"https:\/\/rfblegal.co.uk\/wp-content\/uploads\/2024\/01\/header_company_logo.svg\",\"contentUrl\":\"https:\/\/rfblegal.co.uk\/wp-content\/uploads\/2024\/01\/header_company_logo.svg\",\"caption\":\"RFB Legal\"},\"image\":{\"@id\":\"https:\/\/rfblegal.co.uk\/#\/schema\/logo\/image\/\"},\"sameAs\":[\"https:\/\/www.facebook.com\/RFBLegal\/\",\"https:\/\/www.linkedin.com\/uas\/login?session_redirect=company2012282\",\"https:\/\/www.instagram.com\/rfb_legal\/\"]}]}<\/script>\n<!-- \/ Yoast SEO plugin. -->","yoast_head_json":{"title":"Litigios ben\u00e9ficos - RFB Legal","description":"Litigios sobre organizaciones ben\u00e9ficas Las organizaciones ben\u00e9ficas, al igual que cualquier otra organizaci\u00f3n comercial, pueden encontrarse con problemas.","robots":{"index":"index","follow":"follow","max-snippet":"max-snippet:-1","max-image-preview":"max-image-preview:large","max-video-preview":"max-video-preview:-1"},"canonical":"https:\/\/rfblegal.co.uk\/es\/servicios\/derecho-mercantil\/litigios-comerciales\/litigios-beneficos\/","og_locale":"es_ES","og_type":"article","og_title":"Charity Litigation - RFB Legal","og_description":"Charity Litigation Charities, just like any other commercial organisation, may come across issues","og_url":"https:\/\/rfblegal.co.uk\/es\/servicios\/derecho-mercantil\/litigios-comerciales\/litigios-beneficos\/","og_site_name":"RFB Legal","article_publisher":"https:\/\/www.facebook.com\/RFBLegal\/","article_modified_time":"2025-09-04T18:07:20+00:00","twitter_card":"summary_large_image","twitter_misc":{"Est. reading time":"3 minutos"},"schema":{"@context":"https:\/\/schema.org","@graph":[{"@type":"WebPage","@id":"https:\/\/rfblegal.co.uk\/services\/business-law\/commercial-litigation\/charity-litigation\/","url":"https:\/\/rfblegal.co.uk\/services\/business-law\/commercial-litigation\/charity-litigation\/","name":"Litigios ben\u00e9ficos - RFB Legal","isPartOf":{"@id":"https:\/\/rfblegal.co.uk\/#website"},"datePublished":"2024-02-21T16:34:10+00:00","dateModified":"2025-09-04T18:07:20+00:00","description":"Litigios sobre organizaciones ben\u00e9ficas Las organizaciones ben\u00e9ficas, al igual que cualquier otra organizaci\u00f3n comercial, pueden encontrarse con problemas.","breadcrumb":{"@id":"https:\/\/rfblegal.co.uk\/services\/business-law\/commercial-litigation\/charity-litigation\/#breadcrumb"},"inLanguage":"es","potentialAction":[{"@type":"ReadAction","target":["https:\/\/rfblegal.co.uk\/services\/business-law\/commercial-litigation\/charity-litigation\/"]}]},{"@type":"BreadcrumbList","@id":"https:\/\/rfblegal.co.uk\/services\/business-law\/commercial-litigation\/charity-litigation\/#breadcrumb","itemListElement":[{"@type":"ListItem","position":1,"name":"Home","item":"https:\/\/rfblegal.co.uk\/"},{"@type":"ListItem","position":2,"name":"Services","item":"https:\/\/rfblegal.co.uk\/services\/"},{"@type":"ListItem","position":3,"name":"Business Law","item":"https:\/\/rfblegal.co.uk\/services\/business-law\/"},{"@type":"ListItem","position":4,"name":"Commercial Litigation","item":"https:\/\/rfblegal.co.uk\/services\/business-law\/commercial-litigation\/"},{"@type":"ListItem","position":5,"name":"Charity Litigation"}]},{"@type":"WebSite","@id":"https:\/\/rfblegal.co.uk\/#website","url":"https:\/\/rfblegal.co.uk\/","name":"RFB Legal","description":"","publisher":{"@id":"https:\/\/rfblegal.co.uk\/#organization"},"potentialAction":[{"@type":"SearchAction","target":{"@type":"EntryPoint","urlTemplate":"https:\/\/rfblegal.co.uk\/?s={search_term_string}"},"query-input":{"@type":"PropertyValueSpecification","valueRequired":true,"valueName":"search_term_string"}}],"inLanguage":"es"},{"@type":"Organization","@id":"https:\/\/rfblegal.co.uk\/#organization","name":"RFB Legal","url":"https:\/\/rfblegal.co.uk\/","logo":{"@type":"ImageObject","inLanguage":"es","@id":"https:\/\/rfblegal.co.uk\/#\/schema\/logo\/image\/","url":"https:\/\/rfblegal.co.uk\/wp-content\/uploads\/2024\/01\/header_company_logo.svg","contentUrl":"https:\/\/rfblegal.co.uk\/wp-content\/uploads\/2024\/01\/header_company_logo.svg","caption":"RFB Legal"},"image":{"@id":"https:\/\/rfblegal.co.uk\/#\/schema\/logo\/image\/"},"sameAs":["https:\/\/www.facebook.com\/RFBLegal\/","https:\/\/www.linkedin.com\/uas\/login?session_redirect=company2012282","https:\/\/www.instagram.com\/rfb_legal\/"]}]}},"_links":{"self":[{"href":"https:\/\/rfblegal.co.uk\/es\/wp-json\/wp\/v2\/pages\/2522","targetHints":{"allow":["GET"]}}],"collection":[{"href":"https:\/\/rfblegal.co.uk\/es\/wp-json\/wp\/v2\/pages"}],"about":[{"href":"https:\/\/rfblegal.co.uk\/es\/wp-json\/wp\/v2\/types\/page"}],"author":[{"embeddable":true,"href":"https:\/\/rfblegal.co.uk\/es\/wp-json\/wp\/v2\/users\/1"}],"replies":[{"embeddable":true,"href":"https:\/\/rfblegal.co.uk\/es\/wp-json\/wp\/v2\/comments?post=2522"}],"version-history":[{"count":1,"href":"https:\/\/rfblegal.co.uk\/es\/wp-json\/wp\/v2\/pages\/2522\/revisions"}],"predecessor-version":[{"id":6964,"href":"https:\/\/rfblegal.co.uk\/es\/wp-json\/wp\/v2\/pages\/2522\/revisions\/6964"}],"up":[{"embeddable":true,"href":"https:\/\/rfblegal.co.uk\/es\/wp-json\/wp\/v2\/pages\/2502"}],"wp:attachment":[{"href":"https:\/\/rfblegal.co.uk\/es\/wp-json\/wp\/v2\/media?parent=2522"}],"curies":[{"name":"wp","href":"https:\/\/api.w.org\/{rel}","templated":true}]}}