{"id":2502,"date":"2024-02-21T16:22:10","date_gmt":"2024-02-21T16:22:10","guid":{"rendered":"https:\/\/rfblegal.co.uk\/?page_id=2502"},"modified":"2025-09-30T14:01:26","modified_gmt":"2025-09-30T14:01:26","slug":"litigios-comerciales","status":"publish","type":"page","link":"https:\/\/rfblegal.co.uk\/es\/servicios\/derecho-mercantil\/litigios-comerciales\/","title":{"rendered":"Litigios comerciales"},"content":{"rendered":"<h2 class=\"wp-block-heading\">Litigios comerciales<\/h2>\n\n\n\n<p>En Ronald Fletcher Baker LLP, nuestros <strong>Equipo de litigios comerciales<\/strong> es conocido por resolver complejos <strong>litigios comerciales<\/strong> con claridad, agilidad y excelencia t\u00e9cnica. Tanto si actuamos para empresas multinacionales, PYMEs o clientes privados, ofrecemos apoyo estrat\u00e9gico en todas las fases del ciclo de vida del litigio, desde el asesoramiento previo a la acci\u00f3n hasta el juicio y la apelaci\u00f3n. Nuestros abogados especializados en litigios mercantiles suelen recibir encargos en una gran variedad de \u00e1mbitos <strong>litigios comerciales<\/strong>, incluyendo <strong>litigios contractuales<\/strong>, <strong>conflictos entre accionistas<\/strong>, y <strong>conflictos societarios<\/strong>, Todo ello requiere precisi\u00f3n jur\u00eddica y comprensi\u00f3n comercial.&nbsp;<\/p>\n\n\n\n<p>Entendemos que <strong>litigios<\/strong> puede ser perjudicial para sus operaciones comerciales y su reputaci\u00f3n. Por eso nos centramos siempre en resolver los asuntos con rapidez y eficacia, ya sea a trav\u00e9s de una negociaci\u00f3n s\u00f3lida o, cuando sea necesario, con una intervenci\u00f3n decisiva. <strong>acci\u00f3n judicial<\/strong>. Nuestros clientes conf\u00edan en nosotros para un asesoramiento t\u00e1ctico y con visi\u00f3n de futuro que mitigue el riesgo al tiempo que persigue el mejor resultado posible.&nbsp;<\/p>\n\n\n\n<p>Tenemos experiencia en resolver asuntos mediante <strong>Resoluci\u00f3n alternativa de litigios<\/strong>, La mediaci\u00f3n y el arbitraje, cuando estas v\u00edas se ajustan mejor a los objetivos de nuestros clientes. Estos m\u00e9todos suelen ofrecer resoluciones m\u00e1s r\u00e1pidas y rentables, al tiempo que preservan las relaciones comerciales.&nbsp;<\/p>\n\n\n\n<p>Adem\u00e1s de la litigaci\u00f3n comercial ordinaria, actuamos regularmente en \u00e1reas especializadas tales como <strong>negligencia profesional<\/strong>, <strong>insolvencia<\/strong>, <strong>medidas cautelares de urgencia<\/strong>, <strong>reclamaciones colectivas<\/strong>, y <strong>revisi\u00f3n judicial<\/strong>. Nuestra fuerza reside en comprender el contexto comercial m\u00e1s amplio, lo que nos permite ofrecer resultados que apoyen los objetivos estrat\u00e9gicos de nuestros clientes, no s\u00f3lo victorias jur\u00eddicas.&nbsp;<\/p>\n\n\n\n<p>El legado de nuestra empresa en <strong>litigios comerciales<\/strong> abarca m\u00e1s de 75 a\u00f1os. Hemos construido nuestra reputaci\u00f3n sobre la base de la excelencia t\u00e9cnica, la dedicaci\u00f3n al cliente y unos resultados que hablan por s\u00ed solos. Tanto si se enfrenta a un litigio sobre contratos comerciales, como a problemas de gobernanza interna o a amenazas para su reputaci\u00f3n, RFB Legal es su socio de confianza en materia de litigios y le ofrece soluciones jur\u00eddicas adaptadas a su negocio.&nbsp;<\/p>\n\n\n\n<p><strong>Nuestro departamento de Litigios Comerciales, \u2018excepcionalmente talentoso\u2019 y \u2018sensible y estrat\u00e9gico\u2019, cuenta con un s\u00f3lido historial de \u00e9xito incluso en los casos m\u00e1s complejos. Los litigios han sido uno de los pilares del bufete desde su creaci\u00f3n en 1948, y nuestro experimentado equipo goza de un amplio reconocimiento por su competencia en este \u00e1mbito.<\/strong>&nbsp;<\/p>\n\n\n\n<p>Entendemos que puede haber mucho en juego en cualquier litigio comercial. Nuestro equipo tiene experiencia en ofrecer soluciones inteligentes y t\u00e1cticas que nos permiten resolver los litigios lo antes posible, garantizando siempre la protecci\u00f3n de los intereses de nuestros clientes.&nbsp;<\/p>\n\n\n\n<p>Representamos a particulares, instituciones y empresas en todas las fases de un litigio o de un procedimiento alternativo. <a href=\"https:\/\/rfblegal.co.uk\/es\/servicios\/derecho-mercantil\/litigios-inmobiliarios-2\/resolucion-alternativa-de-litigios-comerciales-2\/\" target=\"_blank\" rel=\"noreferrer noopener\">resoluci\u00f3n de litigios<\/a>. Nuestro trabajo a menudo implica actuar en litigios comerciales y empresariales de alta calidad, muchos de ellos con un elemento transfronterizo o multijurisdiccional.&nbsp;<\/p>\n\n\n\n<p>Nuestro equipo posee unos conocimientos t\u00e9cnicos, una visi\u00f3n estrat\u00e9gica y una experiencia pr\u00e1ctica inigualables en la direcci\u00f3n de litigios complejos a todos los niveles. A menudo recibimos instrucciones sobre disputas y litigios relacionados con contratos, acuerdos de accionistas y sociedades, insolvencia y demandas colectivas. Tambi\u00e9n podemos asesorar en \u00e1reas especializadas como litigios en materia de educaci\u00f3n superior, litigios en materia de derecho del arte, litigios ben\u00e9ficos, procedimientos de revisi\u00f3n judicial y sanciones internacionales.&nbsp;<\/p>\n\n\n\n<p>Trabajamos en colaboraci\u00f3n con nuestros clientes para ofrecerles un enfoque personalizado centrado en la identificaci\u00f3n de las cuestiones clave en una fase temprana. Nos enorgullecemos de concebir y aplicar soluciones estrat\u00e9gicas y pragm\u00e1ticas para alcanzar los objetivos de nuestros clientes y resolver r\u00e1pidamente cualquier litigio.&nbsp;<\/p>\n\n\n\n<p><strong><em>Resoluci\u00f3n de litigios comerciales complejos con precisi\u00f3n estrat\u00e9gica<\/em><\/strong>&nbsp;<\/p>\n\n\n\n<p style=\"padding-top:var(--wp--preset--spacing--20);padding-bottom:var(--wp--preset--spacing--20)\">\t\t\t\t\t\t<style>\r\n\t\t\t\t<style>\r\n#wpsm_accordion_3103 .wpsm_panel-heading{\r\n\tpadding:0px !important;\r\n}\r\n#wpsm_accordion_3103 .wpsm_panel-title {\r\n\tmargin:0px !important; \r\n\ttext-transform:none !important;\r\n\tline-height: 1 !important;\r\n}\r\n#wpsm_accordion_3103 .wpsm_panel-title a{\r\n\ttext-decoration:none;\r\n\toverflow:hidden;\r\n\tdisplay:block;\r\n\tpadding:0px;\r\n\tfont-size: 18px !important;\r\n\tfont-family: Open Sans !important;\r\n\tcolor:#000000 !important;\r\n\tborder-bottom:0px !important;\r\n}\r\n\r\n#wpsm_accordion_3103 .wpsm_panel-title a:focus {\r\noutline: 0px !important;\r\n}\r\n\r\n#wpsm_accordion_3103 .wpsm_panel-title a:hover, #wpsm_accordion_3103 .wpsm_panel-title a:focus {\r\n\tcolor:#000000 !important;\r\n}\r\n#wpsm_accordion_3103 .acc-a{\r\n\tcolor: #000000 !important;\r\n\tbackground-color:#e8e8e8 !important;\r\n\tborder-color: #ddd;\r\n}\r\n#wpsm_accordion_3103 .wpsm_panel-default > .wpsm_panel-heading{\r\n\tcolor: #000000 !important;\r\n\tbackground-color: #e8e8e8 !important;\r\n\tborder-color: #e8e8e8 !important;\r\n\tborder-top-left-radius: 0px;\r\n\tborder-top-right-radius: 0px;\r\n}\r\n#wpsm_accordion_3103 .wpsm_panel-default {\r\n\t\tborder:1px solid transparent !important;\r\n\t}\r\n#wpsm_accordion_3103 {\r\n\tmargin-bottom: 20px;\r\n\toverflow: hidden;\r\n\tfloat: none;\r\n\twidth: 100%;\r\n\tdisplay: block;\r\n}\r\n#wpsm_accordion_3103 .ac_title_class{\r\n\tdisplay: block;\r\n\tpadding-top: 12px;\r\n\tpadding-bottom: 12px;\r\n\tpadding-left: 15px;\r\n\tpadding-right: 15px;\r\n}\r\n#wpsm_accordion_3103  .wpsm_panel {\r\n\toverflow:hidden;\r\n\t-webkit-box-shadow: 0 0px 0px rgba(0, 0, 0, .05);\r\n\tbox-shadow: 0 0px 0px rgba(0, 0, 0, .05);\r\n\t\tborder-radius: 4px;\r\n\t}\r\n#wpsm_accordion_3103  .wpsm_panel + .wpsm_panel {\r\n\t\tmargin-top: 5px;\r\n\t}\r\n#wpsm_accordion_3103  .wpsm_panel-body{\r\n\tbackground-color:#ffffff !important;\r\n\tcolor:#000000 !important;\r\n\tborder-top-color: #e8e8e8 !important;\r\n\tfont-size:16px !important;\r\n\tfont-family: Open Sans !important;\r\n\toverflow: hidden;\r\n\t\tborder: 2px solid #e8e8e8 !important;\r\n\t}\r\n\r\n#wpsm_accordion_3103 .ac_open_cl_icon{\r\n\tbackground-color:#e8e8e8 !important;\r\n\tcolor: #000000 !important;\r\n\tfloat:right !important;\r\n\tpadding-top: 12px !important;\r\n\tpadding-bottom: 12px !important;\r\n\tline-height: 1.0 !important;\r\n\tpadding-left: 15px !important;\r\n\tpadding-right: 15px !important;\r\n\tdisplay: inline-block !important;\r\n}\r\n\r\n\t\t\t\r\n\t\t\t<\/style>\t\r\n\t\t\t<\/style>\r\n\t\t\t<div class=\"wpsm_panel-group\" id=\"wpsm_accordion_3103\" >\r\n\t\t\t\t\t\t\t\t\r\n\t\t\t\t\t<!-- Inner panel Start -->\r\n\t\t\t\t\t<div class=\"wpsm_panel wpsm_panel-default\">\r\n\t\t\t\t\t\t<div class=\"wpsm_panel-heading\" role=\"tab\" >\r\n\t\t\t\t\t\t  <h4 class=\"wpsm_panel-title\">\r\n\t\t\t\t\t\t\t<a  class=\"\"  data-toggle=\"collapse\" data-parent=\"#wpsm_accordion_3103 \" href=\"javascript:void(0)\" data-target=\"#ac_3103_collapse1\" onclick=\"do_resize()\">\r\n\t\t\t\t\t\t\t\t\t\t\t\t\t\t\t\t\t<span class=\"ac_open_cl_icon fa fa-minus\"><\/span>\r\n\t\t\t\t\t\t\t\t\t\r\n\t\t\t\t\t\t\t\t \r\n\t\t\t\t\t\t\t\t<span class=\"ac_title_class\">\r\n\t\t\t\t\t\t\t\t\tEXPERIENCIA :\t\t\t\t\t\t\t\t<\/span>\r\n\t\t\t\t\t\t\t<\/a>\r\n\t\t\t\t\t\t  <\/h4>\r\n\t\t\t\t\t\t<\/div>\r\n\t\t\t\t\t\t<div id=\"ac_3103_collapse1\" class=\"wpsm_panel-collapse collapse in\"  >\r\n\t\t\t\t\t\t  <div class=\"wpsm_panel-body\">\r\n\t\t\t\t\t\t\t<ul>\r\n \t<li>- Resoluci\u00f3n alternativa de litigios<\/li>\r\n \t<li>- Litigios sobre Derecho del Arte<\/li>\r\n \t<li>- Recuperaci\u00f3n de activos<\/li>\r\n \t<li>- Litigios ben\u00e9ficos<\/li>\r\n \t<li>- Demandas colectivas<\/li>\r\n \t<li>- Litigios contractuales<\/li>\r\n \t<li>- Cobro de deudas<\/li>\r\n \t<li>- Medidas cautelares de urgencia<\/li>\r\n \t<li>- Sanciones internacionales<\/li>\r\n \t<li>- Revisi\u00f3n judicial<\/li>\r\n \t<li>- Conflictos entre accionistas y socios<\/li>\r\n \t<li><a href=\"https:\/\/rfblegal.co.uk\/index.php\/litigation\/commercial-litigation\/insolvency\">- Insolvencia<\/a><\/li>\r\n \t<li><a href=\"https:\/\/rfblegal.co.uk\/index.php\/litigation\/commercial-litigation\/energy-utilities-litigation\">- Litigios sobre energ\u00eda y servicios p\u00fablicos<\/a><\/li>\r\n \t<li><a href=\"https:\/\/rfblegal.co.uk\/index.php\/litigation\/commercial-litigation\/alternative-dispute-resolution\">- Resoluci\u00f3n alternativa de litigios<\/a><\/li>\r\n \t<li><a href=\"https:\/\/rfblegal.co.uk\/index.php\/litigation\/commercial-litigation\/copyright-media-ip\">- Derechos de autor, medios de comunicaci\u00f3n y propiedad intelectual<\/a><\/li>\r\n \t<li><a href=\"https:\/\/rfblegal.co.uk\/index.php\/litigation\/commercial-litigation\/charity-litigation\">- Litigios ben\u00e9ficos<\/a><\/li>\r\n<\/ul>\t\t\t\t\t\t  <\/div>\r\n\t\t\t\t\t\t<\/div>\r\n\t\t\t\t\t<\/div>\r\n\t\t\t\t\t<!-- Inner panel End -->\r\n\t\t\t\t\t\r\n\t\t\t\t\t\t\t<\/div>\r\n\t\t\t\r\n<script type=\"text\/javascript\">\r\n\t\r\n\t\tfunction do_resize(){\r\n\r\n\t\t\tvar width=jQuery( '.wpsm_panel .wpsm_panel-body iframe' ).width();\r\n\t\t\tvar height=jQuery( '.wpsm_panel .wpsm_panel-body iframe' ).height();\r\n\r\n\t\t\tvar toggleSize = true;\r\n\t\t\tjQuery('iframe').animate({\r\n\t\t\t    width: toggleSize ? width : 640,\r\n\t\t\t    height: toggleSize ? height : 360\r\n\t\t\t  }, 250);\r\n\r\n\t\t\t  toggleSize = !toggleSize;\r\n\t\t}\r\n\t\t\r\n<\/script>\t<\/p>","protected":false},"excerpt":{"rendered":"<p>Commercial Litigation At Ronald Fletcher Baker LLP, our Commercial Litigation team is known for resolving complex business disputes with clarity, agility, and technical excellence. Whether acting for multinational corporations, SMEs, or private clients, we offer strategic support at every stage of the litigation lifecycle\u2014from pre-action advice to trial and appeal. Our commercial litigators are frequently &hellip; <a href=\"https:\/\/rfblegal.co.uk\/es\/?p=3103\">Contin\u00faa en<\/a><\/p>","protected":false},"author":1,"featured_media":3404,"parent":429,"menu_order":0,"comment_status":"closed","ping_status":"closed","template":"tier2-template.blade.php","meta":{"_acf_changed":false,"om_disable_all_campaigns":false,"_uf_show_specific_survey":0,"_uf_disable_surveys":false,"footnotes":""},"class_list":["post-2502","page","type-page","status-publish","has-post-thumbnail","hentry"],"acf":[],"aioseo_notices":[],"yoast_head":"<!-- This site is optimized with the Yoast SEO plugin v27.2 - https:\/\/yoast.com\/product\/yoast-seo-wordpress\/ -->\n<title>Commercial Litigation - RFB Legal<\/title>\n<meta name=\"description\" content=\"Commercial Litigation At Ronald Fletcher Baker LLP, our Commercial Litigation team is known for resolving complex business disputes with clarity, agility,\" \/>\n<meta name=\"robots\" content=\"index, follow, max-snippet:-1, max-image-preview:large, max-video-preview:-1\" \/>\n<link rel=\"canonical\" href=\"https:\/\/rfblegal.co.uk\/es\/servicios\/derecho-mercantil\/litigios-comerciales\/\" \/>\n<meta property=\"og:locale\" content=\"es_ES\" \/>\n<meta property=\"og:type\" content=\"article\" \/>\n<meta property=\"og:title\" content=\"Commercial Litigation - RFB Legal\" \/>\n<meta property=\"og:description\" content=\"Commercial Litigation At Ronald Fletcher Baker LLP, our Commercial Litigation team is known for resolving complex business disputes with clarity, agility,\" \/>\n<meta property=\"og:url\" content=\"https:\/\/rfblegal.co.uk\/es\/servicios\/derecho-mercantil\/litigios-comerciales\/\" \/>\n<meta property=\"og:site_name\" content=\"RFB Legal\" \/>\n<meta property=\"article:publisher\" content=\"https:\/\/www.facebook.com\/RFBLegal\/\" \/>\n<meta property=\"article:modified_time\" content=\"2025-09-30T14:01:26+00:00\" \/>\n<meta property=\"og:image\" content=\"https:\/\/rfblegal.co.uk\/wp-content\/uploads\/2024\/02\/Screenshot-2024-02-27-at-10.57.28-1024x574.png\" \/>\n\t<meta property=\"og:image:width\" content=\"1024\" \/>\n\t<meta property=\"og:image:height\" content=\"574\" \/>\n\t<meta property=\"og:image:type\" content=\"image\/png\" \/>\n<meta name=\"twitter:card\" content=\"summary_large_image\" \/>\n<meta name=\"twitter:label1\" content=\"Est. reading time\" \/>\n\t<meta name=\"twitter:data1\" content=\"3 minutos\" \/>\n<script type=\"application\/ld+json\" class=\"yoast-schema-graph\">{\"@context\":\"https:\/\/schema.org\",\"@graph\":[{\"@type\":\"WebPage\",\"@id\":\"https:\/\/rfblegal.co.uk\/services\/business-law\/commercial-litigation\/\",\"url\":\"https:\/\/rfblegal.co.uk\/services\/business-law\/commercial-litigation\/\",\"name\":\"Commercial Litigation - RFB Legal\",\"isPartOf\":{\"@id\":\"https:\/\/rfblegal.co.uk\/#website\"},\"primaryImageOfPage\":{\"@id\":\"https:\/\/rfblegal.co.uk\/services\/business-law\/commercial-litigation\/#primaryimage\"},\"image\":{\"@id\":\"https:\/\/rfblegal.co.uk\/services\/business-law\/commercial-litigation\/#primaryimage\"},\"thumbnailUrl\":\"https:\/\/rfblegal.co.uk\/wp-content\/uploads\/2024\/02\/Screenshot-2024-02-27-at-10.57.28.png\",\"datePublished\":\"2024-02-21T16:22:10+00:00\",\"dateModified\":\"2025-09-30T14:01:26+00:00\",\"description\":\"Commercial Litigation At Ronald Fletcher Baker LLP, our Commercial Litigation team is known for resolving complex business disputes with clarity, agility,\",\"breadcrumb\":{\"@id\":\"https:\/\/rfblegal.co.uk\/services\/business-law\/commercial-litigation\/#breadcrumb\"},\"inLanguage\":\"es\",\"potentialAction\":[{\"@type\":\"ReadAction\",\"target\":[\"https:\/\/rfblegal.co.uk\/services\/business-law\/commercial-litigation\/\"]}]},{\"@type\":\"ImageObject\",\"inLanguage\":\"es\",\"@id\":\"https:\/\/rfblegal.co.uk\/services\/business-law\/commercial-litigation\/#primaryimage\",\"url\":\"https:\/\/rfblegal.co.uk\/wp-content\/uploads\/2024\/02\/Screenshot-2024-02-27-at-10.57.28.png\",\"contentUrl\":\"https:\/\/rfblegal.co.uk\/wp-content\/uploads\/2024\/02\/Screenshot-2024-02-27-at-10.57.28.png\",\"width\":2120,\"height\":1188},{\"@type\":\"BreadcrumbList\",\"@id\":\"https:\/\/rfblegal.co.uk\/services\/business-law\/commercial-litigation\/#breadcrumb\",\"itemListElement\":[{\"@type\":\"ListItem\",\"position\":1,\"name\":\"Home\",\"item\":\"https:\/\/rfblegal.co.uk\/\"},{\"@type\":\"ListItem\",\"position\":2,\"name\":\"Services\",\"item\":\"https:\/\/rfblegal.co.uk\/services\/\"},{\"@type\":\"ListItem\",\"position\":3,\"name\":\"Business Law\",\"item\":\"https:\/\/rfblegal.co.uk\/services\/business-law\/\"},{\"@type\":\"ListItem\",\"position\":4,\"name\":\"Commercial Litigation\"}]},{\"@type\":\"WebSite\",\"@id\":\"https:\/\/rfblegal.co.uk\/#website\",\"url\":\"https:\/\/rfblegal.co.uk\/\",\"name\":\"RFB Legal\",\"description\":\"\",\"publisher\":{\"@id\":\"https:\/\/rfblegal.co.uk\/#organization\"},\"potentialAction\":[{\"@type\":\"SearchAction\",\"target\":{\"@type\":\"EntryPoint\",\"urlTemplate\":\"https:\/\/rfblegal.co.uk\/?s={search_term_string}\"},\"query-input\":{\"@type\":\"PropertyValueSpecification\",\"valueRequired\":true,\"valueName\":\"search_term_string\"}}],\"inLanguage\":\"es\"},{\"@type\":\"Organization\",\"@id\":\"https:\/\/rfblegal.co.uk\/#organization\",\"name\":\"RFB Legal\",\"url\":\"https:\/\/rfblegal.co.uk\/\",\"logo\":{\"@type\":\"ImageObject\",\"inLanguage\":\"es\",\"@id\":\"https:\/\/rfblegal.co.uk\/#\/schema\/logo\/image\/\",\"url\":\"https:\/\/rfblegal.co.uk\/wp-content\/uploads\/2024\/01\/header_company_logo.svg\",\"contentUrl\":\"https:\/\/rfblegal.co.uk\/wp-content\/uploads\/2024\/01\/header_company_logo.svg\",\"caption\":\"RFB Legal\"},\"image\":{\"@id\":\"https:\/\/rfblegal.co.uk\/#\/schema\/logo\/image\/\"},\"sameAs\":[\"https:\/\/www.facebook.com\/RFBLegal\/\",\"https:\/\/www.linkedin.com\/uas\/login?session_redirect=company2012282\",\"https:\/\/www.instagram.com\/rfb_legal\/\"]}]}<\/script>\n<!-- \/ Yoast SEO plugin. -->","yoast_head_json":{"title":"Litigios Comerciales - RFB Legal","description":"Litigios Comerciales En Ronald Fletcher Baker LLP, nuestro equipo de Litigios Comerciales es conocido por resolver complejas disputas comerciales con claridad, agilidad,","robots":{"index":"index","follow":"follow","max-snippet":"max-snippet:-1","max-image-preview":"max-image-preview:large","max-video-preview":"max-video-preview:-1"},"canonical":"https:\/\/rfblegal.co.uk\/es\/servicios\/derecho-mercantil\/litigios-comerciales\/","og_locale":"es_ES","og_type":"article","og_title":"Commercial Litigation - RFB Legal","og_description":"Commercial Litigation At Ronald Fletcher Baker LLP, our Commercial Litigation team is known for resolving complex business disputes with clarity, agility,","og_url":"https:\/\/rfblegal.co.uk\/es\/servicios\/derecho-mercantil\/litigios-comerciales\/","og_site_name":"RFB Legal","article_publisher":"https:\/\/www.facebook.com\/RFBLegal\/","article_modified_time":"2025-09-30T14:01:26+00:00","og_image":[{"width":1024,"height":574,"url":"https:\/\/rfblegal.co.uk\/wp-content\/uploads\/2024\/02\/Screenshot-2024-02-27-at-10.57.28-1024x574.png","type":"image\/png"}],"twitter_card":"summary_large_image","twitter_misc":{"Est. reading time":"3 minutos"},"schema":{"@context":"https:\/\/schema.org","@graph":[{"@type":"WebPage","@id":"https:\/\/rfblegal.co.uk\/services\/business-law\/commercial-litigation\/","url":"https:\/\/rfblegal.co.uk\/services\/business-law\/commercial-litigation\/","name":"Litigios Comerciales - RFB Legal","isPartOf":{"@id":"https:\/\/rfblegal.co.uk\/#website"},"primaryImageOfPage":{"@id":"https:\/\/rfblegal.co.uk\/services\/business-law\/commercial-litigation\/#primaryimage"},"image":{"@id":"https:\/\/rfblegal.co.uk\/services\/business-law\/commercial-litigation\/#primaryimage"},"thumbnailUrl":"https:\/\/rfblegal.co.uk\/wp-content\/uploads\/2024\/02\/Screenshot-2024-02-27-at-10.57.28.png","datePublished":"2024-02-21T16:22:10+00:00","dateModified":"2025-09-30T14:01:26+00:00","description":"Litigios Comerciales En Ronald Fletcher Baker LLP, nuestro equipo de Litigios Comerciales es conocido por resolver complejas disputas comerciales con claridad, agilidad,","breadcrumb":{"@id":"https:\/\/rfblegal.co.uk\/services\/business-law\/commercial-litigation\/#breadcrumb"},"inLanguage":"es","potentialAction":[{"@type":"ReadAction","target":["https:\/\/rfblegal.co.uk\/services\/business-law\/commercial-litigation\/"]}]},{"@type":"ImageObject","inLanguage":"es","@id":"https:\/\/rfblegal.co.uk\/services\/business-law\/commercial-litigation\/#primaryimage","url":"https:\/\/rfblegal.co.uk\/wp-content\/uploads\/2024\/02\/Screenshot-2024-02-27-at-10.57.28.png","contentUrl":"https:\/\/rfblegal.co.uk\/wp-content\/uploads\/2024\/02\/Screenshot-2024-02-27-at-10.57.28.png","width":2120,"height":1188},{"@type":"BreadcrumbList","@id":"https:\/\/rfblegal.co.uk\/services\/business-law\/commercial-litigation\/#breadcrumb","itemListElement":[{"@type":"ListItem","position":1,"name":"Home","item":"https:\/\/rfblegal.co.uk\/"},{"@type":"ListItem","position":2,"name":"Services","item":"https:\/\/rfblegal.co.uk\/services\/"},{"@type":"ListItem","position":3,"name":"Business Law","item":"https:\/\/rfblegal.co.uk\/services\/business-law\/"},{"@type":"ListItem","position":4,"name":"Commercial Litigation"}]},{"@type":"WebSite","@id":"https:\/\/rfblegal.co.uk\/#website","url":"https:\/\/rfblegal.co.uk\/","name":"RFB Legal","description":"","publisher":{"@id":"https:\/\/rfblegal.co.uk\/#organization"},"potentialAction":[{"@type":"SearchAction","target":{"@type":"EntryPoint","urlTemplate":"https:\/\/rfblegal.co.uk\/?s={search_term_string}"},"query-input":{"@type":"PropertyValueSpecification","valueRequired":true,"valueName":"search_term_string"}}],"inLanguage":"es"},{"@type":"Organization","@id":"https:\/\/rfblegal.co.uk\/#organization","name":"RFB Legal","url":"https:\/\/rfblegal.co.uk\/","logo":{"@type":"ImageObject","inLanguage":"es","@id":"https:\/\/rfblegal.co.uk\/#\/schema\/logo\/image\/","url":"https:\/\/rfblegal.co.uk\/wp-content\/uploads\/2024\/01\/header_company_logo.svg","contentUrl":"https:\/\/rfblegal.co.uk\/wp-content\/uploads\/2024\/01\/header_company_logo.svg","caption":"RFB Legal"},"image":{"@id":"https:\/\/rfblegal.co.uk\/#\/schema\/logo\/image\/"},"sameAs":["https:\/\/www.facebook.com\/RFBLegal\/","https:\/\/www.linkedin.com\/uas\/login?session_redirect=company2012282","https:\/\/www.instagram.com\/rfb_legal\/"]}]}},"_links":{"self":[{"href":"https:\/\/rfblegal.co.uk\/es\/wp-json\/wp\/v2\/pages\/2502","targetHints":{"allow":["GET"]}}],"collection":[{"href":"https:\/\/rfblegal.co.uk\/es\/wp-json\/wp\/v2\/pages"}],"about":[{"href":"https:\/\/rfblegal.co.uk\/es\/wp-json\/wp\/v2\/types\/page"}],"author":[{"embeddable":true,"href":"https:\/\/rfblegal.co.uk\/es\/wp-json\/wp\/v2\/users\/1"}],"replies":[{"embeddable":true,"href":"https:\/\/rfblegal.co.uk\/es\/wp-json\/wp\/v2\/comments?post=2502"}],"version-history":[{"count":1,"href":"https:\/\/rfblegal.co.uk\/es\/wp-json\/wp\/v2\/pages\/2502\/revisions"}],"predecessor-version":[{"id":7251,"href":"https:\/\/rfblegal.co.uk\/es\/wp-json\/wp\/v2\/pages\/2502\/revisions\/7251"}],"up":[{"embeddable":true,"href":"https:\/\/rfblegal.co.uk\/es\/wp-json\/wp\/v2\/pages\/429"}],"wp:featuredmedia":[{"embeddable":true,"href":"https:\/\/rfblegal.co.uk\/es\/wp-json\/wp\/v2\/media\/3404"}],"wp:attachment":[{"href":"https:\/\/rfblegal.co.uk\/es\/wp-json\/wp\/v2\/media?parent=2502"}],"curies":[{"name":"wp","href":"https:\/\/api.w.org\/{rel}","templated":true}]}}