{"id":2429,"date":"2024-02-21T15:43:30","date_gmt":"2024-02-21T15:43:30","guid":{"rendered":"https:\/\/rfblegal.co.uk\/?page_id=2429"},"modified":"2025-07-02T09:35:55","modified_gmt":"2025-07-02T09:35:55","slug":"diversidad","status":"publish","type":"page","link":"https:\/\/rfblegal.co.uk\/es\/diversidad\/","title":{"rendered":"Diversidad"},"content":{"rendered":"<p style=\"padding-top:var(--wp--preset--spacing--20);padding-bottom:var(--wp--preset--spacing--20)\">En Ronald Fletcher Baker, creemos firmemente que fomentar un enfoque que apoye la diversidad, incorpore la equidad y promueva la inclusi\u00f3n es un entorno que beneficia no s\u00f3lo a nuestro bufete, a nuestros colegas y a nuestros clientes, sino, lo que es m\u00e1s importante, a la sociedad. Por esta raz\u00f3n, la diversidad, la equidad y la inclusi\u00f3n son un principio b\u00e1sico de la empresa y una prioridad fundamental para nosotros.<\/p>\n\n\n\n<p style=\"padding-top:var(--wp--preset--spacing--20);padding-bottom:var(--wp--preset--spacing--20)\">Nos comprometemos a mantener una cultura progresista centrada en el Derecho y en las personas. Tenemos un enfoque proactivo de la diversidad, la equidad y la inclusi\u00f3n dirigido por nuestros socios, que garantiza su promoci\u00f3n e integraci\u00f3n en toda la empresa y a todos los niveles. Al valorar las diversas experiencias y diferencias, y no s\u00f3lo las acad\u00e9micas, somos capaces de crear un entorno aut\u00e9ntico que permite a las personas innovar y crear sin restricciones.<\/p>\n\n\n\n<p style=\"padding-top:var(--wp--preset--spacing--20);padding-bottom:var(--wp--preset--spacing--20)\">Nuestras convicciones y valores fundamentales para promover la diversidad, la equidad y la inclusi\u00f3n est\u00e1n consagrados en nuestras pol\u00edticas vigentes, que se revisan y actualizan peri\u00f3dicamente para garantizar que esta empresa siga promoviendo un entorno progresista que celebre la diversidad, la equidad y la inclusi\u00f3n.<\/p>\n\n\n\n<p style=\"padding-top:var(--wp--preset--spacing--20);padding-bottom:var(--wp--preset--spacing--20)\">No podemos ignorar el inmenso valor que tiene para nosotros la diversidad, la equidad y la inclusi\u00f3n, ya que nos permite impulsar la innovaci\u00f3n y centrarnos en los resultados, lo que no s\u00f3lo beneficia a nuestro personal y a nuestros clientes, sino que tambi\u00e9n nos ayuda a tener un impacto positivo en la sociedad.<\/p>\n\n\n\n<h3 class=\"wp-block-heading\"><strong><span style=\"text-decoration: underline;\"><a href=\"https:\/\/drive.google.com\/file\/d\/17hp2vqDXCknw0CG1dOUz1hjOrYZfBuGj\/view?usp=sharing\">Ver el Informe de Diversidad de RFB (2025)<\/a><\/span><\/strong><\/h3>","protected":false},"excerpt":{"rendered":"<p>At Ronald Fletcher Baker, we strongly believe that by fostering an approach which supports diversity, embeds equity, and promotes inclusion is an environment which benefits not only our firm, our colleagues and our clients but more importantly society. For this reason, Diversity Equity and Inclusion is a core tenet of the firm and a fundamental &hellip; <a href=\"https:\/\/rfblegal.co.uk\/es\/diversidad\/\">Contin\u00faa en<\/a><\/p>","protected":false},"author":5,"featured_media":2822,"parent":0,"menu_order":0,"comment_status":"closed","ping_status":"closed","template":"","meta":{"_acf_changed":false,"om_disable_all_campaigns":false,"_uf_show_specific_survey":0,"_uf_disable_surveys":false,"footnotes":""},"class_list":["post-2429","page","type-page","status-publish","has-post-thumbnail","hentry"],"acf":[],"aioseo_notices":[],"yoast_head":"<!-- This site is optimized with the Yoast SEO plugin v27.2 - https:\/\/yoast.com\/product\/yoast-seo-wordpress\/ -->\n<title>Diversity - RFB Legal<\/title>\n<meta name=\"description\" content=\"At Ronald Fletcher Baker, we strongly believe that by fostering an approach which supports diversity, embeds equity, and promotes inclusion is an\" \/>\n<meta name=\"robots\" content=\"index, follow, max-snippet:-1, max-image-preview:large, max-video-preview:-1\" \/>\n<link rel=\"canonical\" href=\"https:\/\/rfblegal.co.uk\/es\/diversidad\/\" \/>\n<meta property=\"og:locale\" content=\"es_ES\" \/>\n<meta property=\"og:type\" content=\"article\" \/>\n<meta property=\"og:title\" content=\"Diversity - RFB Legal\" \/>\n<meta property=\"og:description\" content=\"At Ronald Fletcher Baker, we strongly believe that by fostering an approach which supports diversity, embeds equity, and promotes inclusion is an\" \/>\n<meta property=\"og:url\" content=\"https:\/\/rfblegal.co.uk\/es\/diversidad\/\" \/>\n<meta property=\"og:site_name\" content=\"RFB Legal\" \/>\n<meta property=\"article:publisher\" content=\"https:\/\/www.facebook.com\/RFBLegal\/\" \/>\n<meta property=\"article:modified_time\" content=\"2025-07-02T09:35:55+00:00\" \/>\n<meta property=\"og:image\" content=\"https:\/\/rfblegal.co.uk\/wp-content\/uploads\/2024\/02\/Employment.jpg\" \/>\n\t<meta property=\"og:image:width\" content=\"1440\" \/>\n\t<meta property=\"og:image:height\" content=\"550\" \/>\n\t<meta property=\"og:image:type\" content=\"image\/jpeg\" \/>\n<meta name=\"twitter:card\" content=\"summary_large_image\" \/>\n<meta name=\"twitter:label1\" content=\"Est. reading time\" \/>\n\t<meta name=\"twitter:data1\" content=\"2 minutos\" \/>\n<script type=\"application\/ld+json\" class=\"yoast-schema-graph\">{\"@context\":\"https:\/\/schema.org\",\"@graph\":[{\"@type\":\"WebPage\",\"@id\":\"https:\/\/rfblegal.co.uk\/diversity\/\",\"url\":\"https:\/\/rfblegal.co.uk\/diversity\/\",\"name\":\"Diversity - RFB Legal\",\"isPartOf\":{\"@id\":\"https:\/\/rfblegal.co.uk\/#website\"},\"primaryImageOfPage\":{\"@id\":\"https:\/\/rfblegal.co.uk\/diversity\/#primaryimage\"},\"image\":{\"@id\":\"https:\/\/rfblegal.co.uk\/diversity\/#primaryimage\"},\"thumbnailUrl\":\"https:\/\/rfblegal.co.uk\/wp-content\/uploads\/2024\/02\/Employment.jpg\",\"datePublished\":\"2024-02-21T15:43:30+00:00\",\"dateModified\":\"2025-07-02T09:35:55+00:00\",\"description\":\"At Ronald Fletcher Baker, we strongly believe that by fostering an approach which supports diversity, embeds equity, and promotes inclusion is an\",\"breadcrumb\":{\"@id\":\"https:\/\/rfblegal.co.uk\/diversity\/#breadcrumb\"},\"inLanguage\":\"es\",\"potentialAction\":[{\"@type\":\"ReadAction\",\"target\":[\"https:\/\/rfblegal.co.uk\/diversity\/\"]}]},{\"@type\":\"ImageObject\",\"inLanguage\":\"es\",\"@id\":\"https:\/\/rfblegal.co.uk\/diversity\/#primaryimage\",\"url\":\"https:\/\/rfblegal.co.uk\/wp-content\/uploads\/2024\/02\/Employment.jpg\",\"contentUrl\":\"https:\/\/rfblegal.co.uk\/wp-content\/uploads\/2024\/02\/Employment.jpg\",\"width\":1440,\"height\":550},{\"@type\":\"BreadcrumbList\",\"@id\":\"https:\/\/rfblegal.co.uk\/diversity\/#breadcrumb\",\"itemListElement\":[{\"@type\":\"ListItem\",\"position\":1,\"name\":\"Home\",\"item\":\"https:\/\/rfblegal.co.uk\/\"},{\"@type\":\"ListItem\",\"position\":2,\"name\":\"Diversity\"}]},{\"@type\":\"WebSite\",\"@id\":\"https:\/\/rfblegal.co.uk\/#website\",\"url\":\"https:\/\/rfblegal.co.uk\/\",\"name\":\"RFB Legal\",\"description\":\"\",\"publisher\":{\"@id\":\"https:\/\/rfblegal.co.uk\/#organization\"},\"potentialAction\":[{\"@type\":\"SearchAction\",\"target\":{\"@type\":\"EntryPoint\",\"urlTemplate\":\"https:\/\/rfblegal.co.uk\/?s={search_term_string}\"},\"query-input\":{\"@type\":\"PropertyValueSpecification\",\"valueRequired\":true,\"valueName\":\"search_term_string\"}}],\"inLanguage\":\"es\"},{\"@type\":\"Organization\",\"@id\":\"https:\/\/rfblegal.co.uk\/#organization\",\"name\":\"RFB Legal\",\"url\":\"https:\/\/rfblegal.co.uk\/\",\"logo\":{\"@type\":\"ImageObject\",\"inLanguage\":\"es\",\"@id\":\"https:\/\/rfblegal.co.uk\/#\/schema\/logo\/image\/\",\"url\":\"https:\/\/rfblegal.co.uk\/wp-content\/uploads\/2024\/01\/header_company_logo.svg\",\"contentUrl\":\"https:\/\/rfblegal.co.uk\/wp-content\/uploads\/2024\/01\/header_company_logo.svg\",\"caption\":\"RFB Legal\"},\"image\":{\"@id\":\"https:\/\/rfblegal.co.uk\/#\/schema\/logo\/image\/\"},\"sameAs\":[\"https:\/\/www.facebook.com\/RFBLegal\/\",\"https:\/\/www.linkedin.com\/uas\/login?session_redirect=company2012282\",\"https:\/\/www.instagram.com\/rfb_legal\/\"]}]}<\/script>\n<!-- \/ Yoast SEO plugin. -->","yoast_head_json":{"title":"Diversidad - RFB Legal","description":"En Ronald Fletcher Baker, creemos firmemente que fomentar un enfoque que apoye la diversidad, incorpore la equidad y promueva la inclusi\u00f3n es una","robots":{"index":"index","follow":"follow","max-snippet":"max-snippet:-1","max-image-preview":"max-image-preview:large","max-video-preview":"max-video-preview:-1"},"canonical":"https:\/\/rfblegal.co.uk\/es\/diversidad\/","og_locale":"es_ES","og_type":"article","og_title":"Diversity - RFB Legal","og_description":"At Ronald Fletcher Baker, we strongly believe that by fostering an approach which supports diversity, embeds equity, and promotes inclusion is an","og_url":"https:\/\/rfblegal.co.uk\/es\/diversidad\/","og_site_name":"RFB Legal","article_publisher":"https:\/\/www.facebook.com\/RFBLegal\/","article_modified_time":"2025-07-02T09:35:55+00:00","og_image":[{"width":1440,"height":550,"url":"https:\/\/rfblegal.co.uk\/wp-content\/uploads\/2024\/02\/Employment.jpg","type":"image\/jpeg"}],"twitter_card":"summary_large_image","twitter_misc":{"Est. reading time":"2 minutos"},"schema":{"@context":"https:\/\/schema.org","@graph":[{"@type":"WebPage","@id":"https:\/\/rfblegal.co.uk\/diversity\/","url":"https:\/\/rfblegal.co.uk\/diversity\/","name":"Diversidad - RFB Legal","isPartOf":{"@id":"https:\/\/rfblegal.co.uk\/#website"},"primaryImageOfPage":{"@id":"https:\/\/rfblegal.co.uk\/diversity\/#primaryimage"},"image":{"@id":"https:\/\/rfblegal.co.uk\/diversity\/#primaryimage"},"thumbnailUrl":"https:\/\/rfblegal.co.uk\/wp-content\/uploads\/2024\/02\/Employment.jpg","datePublished":"2024-02-21T15:43:30+00:00","dateModified":"2025-07-02T09:35:55+00:00","description":"En Ronald Fletcher Baker, creemos firmemente que fomentar un enfoque que apoye la diversidad, incorpore la equidad y promueva la inclusi\u00f3n es una","breadcrumb":{"@id":"https:\/\/rfblegal.co.uk\/diversity\/#breadcrumb"},"inLanguage":"es","potentialAction":[{"@type":"ReadAction","target":["https:\/\/rfblegal.co.uk\/diversity\/"]}]},{"@type":"ImageObject","inLanguage":"es","@id":"https:\/\/rfblegal.co.uk\/diversity\/#primaryimage","url":"https:\/\/rfblegal.co.uk\/wp-content\/uploads\/2024\/02\/Employment.jpg","contentUrl":"https:\/\/rfblegal.co.uk\/wp-content\/uploads\/2024\/02\/Employment.jpg","width":1440,"height":550},{"@type":"BreadcrumbList","@id":"https:\/\/rfblegal.co.uk\/diversity\/#breadcrumb","itemListElement":[{"@type":"ListItem","position":1,"name":"Home","item":"https:\/\/rfblegal.co.uk\/"},{"@type":"ListItem","position":2,"name":"Diversity"}]},{"@type":"WebSite","@id":"https:\/\/rfblegal.co.uk\/#website","url":"https:\/\/rfblegal.co.uk\/","name":"RFB Legal","description":"","publisher":{"@id":"https:\/\/rfblegal.co.uk\/#organization"},"potentialAction":[{"@type":"SearchAction","target":{"@type":"EntryPoint","urlTemplate":"https:\/\/rfblegal.co.uk\/?s={search_term_string}"},"query-input":{"@type":"PropertyValueSpecification","valueRequired":true,"valueName":"search_term_string"}}],"inLanguage":"es"},{"@type":"Organization","@id":"https:\/\/rfblegal.co.uk\/#organization","name":"RFB Legal","url":"https:\/\/rfblegal.co.uk\/","logo":{"@type":"ImageObject","inLanguage":"es","@id":"https:\/\/rfblegal.co.uk\/#\/schema\/logo\/image\/","url":"https:\/\/rfblegal.co.uk\/wp-content\/uploads\/2024\/01\/header_company_logo.svg","contentUrl":"https:\/\/rfblegal.co.uk\/wp-content\/uploads\/2024\/01\/header_company_logo.svg","caption":"RFB Legal"},"image":{"@id":"https:\/\/rfblegal.co.uk\/#\/schema\/logo\/image\/"},"sameAs":["https:\/\/www.facebook.com\/RFBLegal\/","https:\/\/www.linkedin.com\/uas\/login?session_redirect=company2012282","https:\/\/www.instagram.com\/rfb_legal\/"]}]}},"_links":{"self":[{"href":"https:\/\/rfblegal.co.uk\/es\/wp-json\/wp\/v2\/pages\/2429","targetHints":{"allow":["GET"]}}],"collection":[{"href":"https:\/\/rfblegal.co.uk\/es\/wp-json\/wp\/v2\/pages"}],"about":[{"href":"https:\/\/rfblegal.co.uk\/es\/wp-json\/wp\/v2\/types\/page"}],"author":[{"embeddable":true,"href":"https:\/\/rfblegal.co.uk\/es\/wp-json\/wp\/v2\/users\/5"}],"replies":[{"embeddable":true,"href":"https:\/\/rfblegal.co.uk\/es\/wp-json\/wp\/v2\/comments?post=2429"}],"version-history":[{"count":0,"href":"https:\/\/rfblegal.co.uk\/es\/wp-json\/wp\/v2\/pages\/2429\/revisions"}],"wp:featuredmedia":[{"embeddable":true,"href":"https:\/\/rfblegal.co.uk\/es\/wp-json\/wp\/v2\/media\/2822"}],"wp:attachment":[{"href":"https:\/\/rfblegal.co.uk\/es\/wp-json\/wp\/v2\/media?parent=2429"}],"curies":[{"name":"wp","href":"https:\/\/api.w.org\/{rel}","templated":true}]}}