{"id":2415,"date":"2024-02-21T15:40:39","date_gmt":"2024-02-21T15:40:39","guid":{"rendered":"https:\/\/rfblegal.co.uk\/?page_id=2415"},"modified":"2024-07-19T09:23:18","modified_gmt":"2024-07-19T09:23:18","slug":"reclamaciones","status":"publish","type":"page","link":"https:\/\/rfblegal.co.uk\/es\/reclamaciones\/","title":{"rendered":"Quejas"},"content":{"rendered":"<h2 class=\"wp-block-heading has-2-xl-font-size\"><strong>Cualquier duda<\/strong><\/h2>\n\n\n\n<p style=\"padding-top:var(--wp--preset--spacing--20);padding-bottom:var(--wp--preset--spacing--20)\">Nos comprometemos a prestar un servicio jur\u00eddico de alta calidad a nuestros clientes y a tratar con equidad a todos nuestros clientes y posibles clientes. Sin embargo, a veces las cosas pueden salir mal, as\u00ed que si algo ha sucedido, por favor d\u00edganoslo.<\/p>\n\n\n\n<h4 class=\"wp-block-heading has-xl-font-size\"><strong>Esta p\u00e1gina explica c\u00f3mo tratamos las preocupaciones o quejas sobre nuestro servicio<\/strong><\/h4>\n\n\n\n<p style=\"padding-top:var(--wp--preset--spacing--20);padding-bottom:var(--wp--preset--spacing--20)\">Si, como cliente o posible cliente, tiene alguna duda o queja sobre el servicio que le hemos prestado, p\u00f3ngase primero en contacto con el responsable de su caso o con su supervisor. Sus datos figuran en la carta de atenci\u00f3n al cliente que ha recibido. Es posible que puedan resolver el problema o la queja. Si no pueden hacerlo, el problema o la queja se remitir\u00e1 a Rebecca Roberts, Compliance Partner, o puede dirigirse directamente a ella en la siguiente direcci\u00f3n&nbsp;<a href=\"mailto:R.Roberts@rfblegal.co.uk\">R.Roberts@rfblegal.co.uk<\/a>.<\/p>\n\n\n\n<p style=\"padding-top:var(--wp--preset--spacing--20);padding-bottom:var(--wp--preset--spacing--20)\">El Compliance Partner, al recibir una reclamaci\u00f3n de un cliente o posible cliente, confirmar\u00e1 su recepci\u00f3n en un plazo de tres d\u00edas laborables y le facilitar\u00e1 una copia de nuestro procedimiento de reclamaciones completo. Normalmente, no m\u00e1s de 28 d\u00edas despu\u00e9s, le escribiremos para informarle de lo que hemos hecho y de lo que nos proponemos hacer para resolver su queja.<\/p>\n\n\n\n<h4 class=\"wp-block-heading has-xl-font-size\" style=\"padding-top:var(--wp--preset--spacing--20);padding-bottom:var(--wp--preset--spacing--20)\"><strong>Qu\u00e9 hacer si no podemos resolver su queja<\/strong><\/h4>\n\n\n\n<p style=\"padding-top:var(--wp--preset--spacing--20);padding-bottom:var(--wp--preset--spacing--20)\">El Defensor del Pueblo puede ayudarle si no somos capaces de resolver su reclamaci\u00f3n nosotros mismos. El Defensor del Pueblo examinar\u00e1 su reclamaci\u00f3n de forma independiente y no afectar\u00e1 a la forma en que tramitamos su caso.<\/p>\n\n\n\n<p style=\"padding-top:var(--wp--preset--spacing--20);padding-bottom:var(--wp--preset--spacing--20)\">Antes de aceptar una reclamaci\u00f3n para su investigaci\u00f3n, el Defensor del Pueblo comprobar\u00e1 que usted ha intentado resolver su reclamaci\u00f3n con nosotros en primer lugar. Si lo ha hecho, deber\u00e1 presentar su reclamaci\u00f3n al Defensor del Pueblo:<\/p>\n\n\n\n<p style=\"padding-top:var(--wp--preset--spacing--20);padding-right:var(--wp--preset--spacing--60);padding-bottom:var(--wp--preset--spacing--20);padding-left:var(--wp--preset--spacing--60)\">-En un plazo de seis meses desde la recepci\u00f3n de nuestra respuesta definitiva a su reclamaci\u00f3n<\/p>\n\n\n\n<p style=\"padding-top:var(--wp--preset--spacing--20);padding-right:var(--wp--preset--spacing--60);padding-bottom:var(--wp--preset--spacing--20);padding-left:var(--wp--preset--spacing--60)\"><strong><em>y<\/em><\/strong><\/p>\n\n\n\n<p style=\"padding-top:var(--wp--preset--spacing--20);padding-right:var(--wp--preset--spacing--60);padding-bottom:var(--wp--preset--spacing--20);padding-left:var(--wp--preset--spacing--60)\">-No m\u00e1s de un a\u00f1o desde la fecha del acto u omisi\u00f3n objeto de la reclamaci\u00f3n; o<\/p>\n\n\n\n<p style=\"padding-top:var(--wp--preset--spacing--20);padding-right:var(--wp--preset--spacing--60);padding-bottom:var(--wp--preset--spacing--20);padding-left:var(--wp--preset--spacing--60)\">-No m\u00e1s de un a\u00f1o a partir de la fecha en que deber\u00eda haber sabido razonablemente que hab\u00eda motivos para reclamar.<\/p>\n\n\n\n<p class=\"has-2-xl-font-size\" style=\"padding-top:var(--wp--preset--spacing--20);padding-bottom:var(--wp--preset--spacing--20)\"><strong>Defensor del Pueblo - Datos de contacto:<\/strong><\/p>\n\n\n\n<p>Visite&nbsp;<a href=\"http:\/\/www.legalombudsman.org.uk\/\">www.legalombudsman.org.uk<\/a><\/p>\n\n\n\n<p>Llame a <a href=\"tel:0300 555 0333\">0300 555 0333<\/a> entre las 10.00 y las 16.00 horas.<\/p>\n\n\n\n<p>Relay UK: 18001 0300 555 0333<\/p>\n\n\n\n<p>Correo electr\u00f3nico&nbsp;<a href=\"mailto:enquiries@legalombudsman.org.uk\">enquiries@legalombudsman.org.uk<\/a><\/p>\n\n\n\n<p>Defensor del Pueblo PO BOX 6167, Slough, SL1 0EH<\/p>\n\n\n\n<h4 class=\"wp-block-heading\" id=\"behaviour\" style=\"padding-top:var(--wp--preset--spacing--20);padding-bottom:var(--wp--preset--spacing--20)\">Qu\u00e9 hacer si no est\u00e1 satisfecho con nuestro comportamiento<\/h4>\n\n\n\n<p style=\"padding-top:var(--wp--preset--spacing--20);padding-bottom:var(--wp--preset--spacing--20)\">La Autoridad de Regulaci\u00f3n de Abogados puede ayudarle si le preocupa nuestro comportamiento. Por ejemplo, por falta de honradez, por apropiarse o perder su dinero o por tratarle injustamente debido a su edad, discapacidad u otra caracter\u00edstica.<\/p>\n\n\n\n<p style=\"padding-top:var(--wp--preset--spacing--20);padding-bottom:var(--wp--preset--spacing--20)\">Puede plantear sus dudas a la&nbsp;<a href=\"https:\/\/www.sra.org.uk\/consumers\/problems\/report-solicitor\/\"><mark style=\"background-color:rgba(0, 0, 0, 0)\" class=\"has-inline-color has-blue-500-color\">Autoridad de Regulaci\u00f3n de Abogados<\/mark><\/a>&nbsp;en su p\u00e1gina web.<\/p>\n\n\n\n<p style=\"padding-top:var(--wp--preset--spacing--20);padding-bottom:var(--wp--preset--spacing--20)\"><strong>Para m\u00e1s informaci\u00f3n sobre la SRA, p\u00f3ngase en contacto con<\/strong><\/p>\n\n\n\n<p style=\"padding-top:var(--wp--preset--spacing--20);padding-bottom:var(--wp--preset--spacing--20)\">Solicitors Regulation Authority, The Cube, 199 Wharfside Street,<br>Birmingham, B1 1RN o DX 720293 BIRMINGHAM 47<br>Tel\u00e9fono: 0370 606 2555<br>P\u00e1gina web:&nbsp;<strong><a href=\"http:\/\/www.sra.org.uk\/\"><em><mark style=\"background-color:rgba(0, 0, 0, 0)\" class=\"has-inline-color has-blue-500-color\">http:\/\/www.sra.org.uk<\/mark><\/em><\/a><\/strong><\/p>","protected":false},"excerpt":{"rendered":"<p>Cualquier duda Nos comprometemos a prestar un servicio jur\u00eddico de alta calidad a nuestros clientes y a tratar a todos nuestros clientes y posibles clientes con equidad. Sin embargo, a veces las cosas pueden ir mal, as\u00ed que si algo va mal, por favor, d\u00edganoslo. Esta p\u00e1gina explica c\u00f3mo tratamos las preocupaciones o quejas sobre nuestro servicio Si usted como ... <a href=\"https:\/\/rfblegal.co.uk\/es\/reclamaciones\/\">Contin\u00faa en<\/a><\/p>","protected":false},"author":5,"featured_media":3413,"parent":0,"menu_order":0,"comment_status":"closed","ping_status":"closed","template":"","meta":{"_acf_changed":false,"om_disable_all_campaigns":false,"_uf_show_specific_survey":0,"_uf_disable_surveys":false,"footnotes":""},"class_list":["post-2415","page","type-page","status-publish","has-post-thumbnail","hentry"],"acf":[],"aioseo_notices":[],"yoast_head":"<!-- This site is optimized with the Yoast SEO plugin v27.2 - https:\/\/yoast.com\/product\/yoast-seo-wordpress\/ -->\n<title>Complaints - RFB Legal<\/title>\n<meta name=\"description\" content=\"Any Concerns We are committed to providing a high-quality legal service to our clients and to dealing with all our clients and prospective clients fairly.\" \/>\n<meta name=\"robots\" content=\"index, follow, max-snippet:-1, max-image-preview:large, max-video-preview:-1\" \/>\n<link rel=\"canonical\" href=\"https:\/\/rfblegal.co.uk\/es\/reclamaciones\/\" \/>\n<meta property=\"og:locale\" content=\"es_ES\" \/>\n<meta property=\"og:type\" content=\"article\" \/>\n<meta property=\"og:title\" content=\"Complaints - RFB Legal\" \/>\n<meta property=\"og:description\" content=\"Any Concerns We are committed to providing a high-quality legal service to our clients and to dealing with all our clients and prospective clients fairly.\" \/>\n<meta property=\"og:url\" content=\"https:\/\/rfblegal.co.uk\/es\/reclamaciones\/\" \/>\n<meta property=\"og:site_name\" content=\"RFB Legal\" \/>\n<meta property=\"article:publisher\" content=\"https:\/\/www.facebook.com\/RFBLegal\/\" \/>\n<meta property=\"article:modified_time\" content=\"2024-07-19T09:23:18+00:00\" \/>\n<meta property=\"og:image\" content=\"https:\/\/rfblegal.co.uk\/wp-content\/uploads\/2024\/02\/Screenshot-2024-02-27-at-11.08.45.png\" \/>\n\t<meta property=\"og:image:width\" content=\"1504\" \/>\n\t<meta property=\"og:image:height\" content=\"845\" \/>\n\t<meta property=\"og:image:type\" content=\"image\/png\" \/>\n<meta name=\"twitter:card\" content=\"summary_large_image\" \/>\n<meta name=\"twitter:label1\" content=\"Est. reading time\" \/>\n\t<meta name=\"twitter:data1\" content=\"3 minutos\" \/>\n<script type=\"application\/ld+json\" class=\"yoast-schema-graph\">{\"@context\":\"https:\/\/schema.org\",\"@graph\":[{\"@type\":\"WebPage\",\"@id\":\"https:\/\/rfblegal.co.uk\/complaints\/\",\"url\":\"https:\/\/rfblegal.co.uk\/complaints\/\",\"name\":\"Complaints - RFB Legal\",\"isPartOf\":{\"@id\":\"https:\/\/rfblegal.co.uk\/#website\"},\"primaryImageOfPage\":{\"@id\":\"https:\/\/rfblegal.co.uk\/complaints\/#primaryimage\"},\"image\":{\"@id\":\"https:\/\/rfblegal.co.uk\/complaints\/#primaryimage\"},\"thumbnailUrl\":\"https:\/\/rfblegal.co.uk\/wp-content\/uploads\/2024\/02\/Screenshot-2024-02-27-at-11.08.45.png\",\"datePublished\":\"2024-02-21T15:40:39+00:00\",\"dateModified\":\"2024-07-19T09:23:18+00:00\",\"description\":\"Any Concerns We are committed to providing a high-quality legal service to our clients and to dealing with all our clients and prospective clients fairly.\",\"breadcrumb\":{\"@id\":\"https:\/\/rfblegal.co.uk\/complaints\/#breadcrumb\"},\"inLanguage\":\"es\",\"potentialAction\":[{\"@type\":\"ReadAction\",\"target\":[\"https:\/\/rfblegal.co.uk\/complaints\/\"]}]},{\"@type\":\"ImageObject\",\"inLanguage\":\"es\",\"@id\":\"https:\/\/rfblegal.co.uk\/complaints\/#primaryimage\",\"url\":\"https:\/\/rfblegal.co.uk\/wp-content\/uploads\/2024\/02\/Screenshot-2024-02-27-at-11.08.45.png\",\"contentUrl\":\"https:\/\/rfblegal.co.uk\/wp-content\/uploads\/2024\/02\/Screenshot-2024-02-27-at-11.08.45.png\",\"width\":1504,\"height\":845},{\"@type\":\"BreadcrumbList\",\"@id\":\"https:\/\/rfblegal.co.uk\/complaints\/#breadcrumb\",\"itemListElement\":[{\"@type\":\"ListItem\",\"position\":1,\"name\":\"Home\",\"item\":\"https:\/\/rfblegal.co.uk\/\"},{\"@type\":\"ListItem\",\"position\":2,\"name\":\"Complaints\"}]},{\"@type\":\"WebSite\",\"@id\":\"https:\/\/rfblegal.co.uk\/#website\",\"url\":\"https:\/\/rfblegal.co.uk\/\",\"name\":\"RFB Legal\",\"description\":\"\",\"publisher\":{\"@id\":\"https:\/\/rfblegal.co.uk\/#organization\"},\"potentialAction\":[{\"@type\":\"SearchAction\",\"target\":{\"@type\":\"EntryPoint\",\"urlTemplate\":\"https:\/\/rfblegal.co.uk\/?s={search_term_string}\"},\"query-input\":{\"@type\":\"PropertyValueSpecification\",\"valueRequired\":true,\"valueName\":\"search_term_string\"}}],\"inLanguage\":\"es\"},{\"@type\":\"Organization\",\"@id\":\"https:\/\/rfblegal.co.uk\/#organization\",\"name\":\"RFB Legal\",\"url\":\"https:\/\/rfblegal.co.uk\/\",\"logo\":{\"@type\":\"ImageObject\",\"inLanguage\":\"es\",\"@id\":\"https:\/\/rfblegal.co.uk\/#\/schema\/logo\/image\/\",\"url\":\"https:\/\/rfblegal.co.uk\/wp-content\/uploads\/2024\/01\/header_company_logo.svg\",\"contentUrl\":\"https:\/\/rfblegal.co.uk\/wp-content\/uploads\/2024\/01\/header_company_logo.svg\",\"caption\":\"RFB Legal\"},\"image\":{\"@id\":\"https:\/\/rfblegal.co.uk\/#\/schema\/logo\/image\/\"},\"sameAs\":[\"https:\/\/www.facebook.com\/RFBLegal\/\",\"https:\/\/www.linkedin.com\/uas\/login?session_redirect=company2012282\",\"https:\/\/www.instagram.com\/rfb_legal\/\"]}]}<\/script>\n<!-- \/ Yoast SEO plugin. -->","yoast_head_json":{"title":"Reclamaciones - RFB Legal","description":"Cualquier inquietud Nos comprometemos a prestar un servicio jur\u00eddico de alta calidad a nuestros clientes y a tratar con equidad a todos nuestros clientes y posibles clientes.","robots":{"index":"index","follow":"follow","max-snippet":"max-snippet:-1","max-image-preview":"max-image-preview:large","max-video-preview":"max-video-preview:-1"},"canonical":"https:\/\/rfblegal.co.uk\/es\/reclamaciones\/","og_locale":"es_ES","og_type":"article","og_title":"Complaints - RFB Legal","og_description":"Any Concerns We are committed to providing a high-quality legal service to our clients and to dealing with all our clients and prospective clients fairly.","og_url":"https:\/\/rfblegal.co.uk\/es\/reclamaciones\/","og_site_name":"RFB Legal","article_publisher":"https:\/\/www.facebook.com\/RFBLegal\/","article_modified_time":"2024-07-19T09:23:18+00:00","og_image":[{"width":1504,"height":845,"url":"https:\/\/rfblegal.co.uk\/wp-content\/uploads\/2024\/02\/Screenshot-2024-02-27-at-11.08.45.png","type":"image\/png"}],"twitter_card":"summary_large_image","twitter_misc":{"Est. reading time":"3 minutos"},"schema":{"@context":"https:\/\/schema.org","@graph":[{"@type":"WebPage","@id":"https:\/\/rfblegal.co.uk\/complaints\/","url":"https:\/\/rfblegal.co.uk\/complaints\/","name":"Reclamaciones - RFB Legal","isPartOf":{"@id":"https:\/\/rfblegal.co.uk\/#website"},"primaryImageOfPage":{"@id":"https:\/\/rfblegal.co.uk\/complaints\/#primaryimage"},"image":{"@id":"https:\/\/rfblegal.co.uk\/complaints\/#primaryimage"},"thumbnailUrl":"https:\/\/rfblegal.co.uk\/wp-content\/uploads\/2024\/02\/Screenshot-2024-02-27-at-11.08.45.png","datePublished":"2024-02-21T15:40:39+00:00","dateModified":"2024-07-19T09:23:18+00:00","description":"Cualquier inquietud Nos comprometemos a prestar un servicio jur\u00eddico de alta calidad a nuestros clientes y a tratar con equidad a todos nuestros clientes y posibles clientes.","breadcrumb":{"@id":"https:\/\/rfblegal.co.uk\/complaints\/#breadcrumb"},"inLanguage":"es","potentialAction":[{"@type":"ReadAction","target":["https:\/\/rfblegal.co.uk\/complaints\/"]}]},{"@type":"ImageObject","inLanguage":"es","@id":"https:\/\/rfblegal.co.uk\/complaints\/#primaryimage","url":"https:\/\/rfblegal.co.uk\/wp-content\/uploads\/2024\/02\/Screenshot-2024-02-27-at-11.08.45.png","contentUrl":"https:\/\/rfblegal.co.uk\/wp-content\/uploads\/2024\/02\/Screenshot-2024-02-27-at-11.08.45.png","width":1504,"height":845},{"@type":"BreadcrumbList","@id":"https:\/\/rfblegal.co.uk\/complaints\/#breadcrumb","itemListElement":[{"@type":"ListItem","position":1,"name":"Home","item":"https:\/\/rfblegal.co.uk\/"},{"@type":"ListItem","position":2,"name":"Complaints"}]},{"@type":"WebSite","@id":"https:\/\/rfblegal.co.uk\/#website","url":"https:\/\/rfblegal.co.uk\/","name":"RFB Legal","description":"","publisher":{"@id":"https:\/\/rfblegal.co.uk\/#organization"},"potentialAction":[{"@type":"SearchAction","target":{"@type":"EntryPoint","urlTemplate":"https:\/\/rfblegal.co.uk\/?s={search_term_string}"},"query-input":{"@type":"PropertyValueSpecification","valueRequired":true,"valueName":"search_term_string"}}],"inLanguage":"es"},{"@type":"Organization","@id":"https:\/\/rfblegal.co.uk\/#organization","name":"RFB Legal","url":"https:\/\/rfblegal.co.uk\/","logo":{"@type":"ImageObject","inLanguage":"es","@id":"https:\/\/rfblegal.co.uk\/#\/schema\/logo\/image\/","url":"https:\/\/rfblegal.co.uk\/wp-content\/uploads\/2024\/01\/header_company_logo.svg","contentUrl":"https:\/\/rfblegal.co.uk\/wp-content\/uploads\/2024\/01\/header_company_logo.svg","caption":"RFB Legal"},"image":{"@id":"https:\/\/rfblegal.co.uk\/#\/schema\/logo\/image\/"},"sameAs":["https:\/\/www.facebook.com\/RFBLegal\/","https:\/\/www.linkedin.com\/uas\/login?session_redirect=company2012282","https:\/\/www.instagram.com\/rfb_legal\/"]}]}},"_links":{"self":[{"href":"https:\/\/rfblegal.co.uk\/es\/wp-json\/wp\/v2\/pages\/2415","targetHints":{"allow":["GET"]}}],"collection":[{"href":"https:\/\/rfblegal.co.uk\/es\/wp-json\/wp\/v2\/pages"}],"about":[{"href":"https:\/\/rfblegal.co.uk\/es\/wp-json\/wp\/v2\/types\/page"}],"author":[{"embeddable":true,"href":"https:\/\/rfblegal.co.uk\/es\/wp-json\/wp\/v2\/users\/5"}],"replies":[{"embeddable":true,"href":"https:\/\/rfblegal.co.uk\/es\/wp-json\/wp\/v2\/comments?post=2415"}],"version-history":[{"count":0,"href":"https:\/\/rfblegal.co.uk\/es\/wp-json\/wp\/v2\/pages\/2415\/revisions"}],"wp:featuredmedia":[{"embeddable":true,"href":"https:\/\/rfblegal.co.uk\/es\/wp-json\/wp\/v2\/media\/3413"}],"wp:attachment":[{"href":"https:\/\/rfblegal.co.uk\/es\/wp-json\/wp\/v2\/media?parent=2415"}],"curies":[{"name":"wp","href":"https:\/\/api.w.org\/{rel}","templated":true}]}}