{"id":2399,"date":"2024-02-21T15:27:19","date_gmt":"2024-02-21T15:27:19","guid":{"rendered":"https:\/\/rfblegal.co.uk\/?page_id=2399"},"modified":"2026-03-26T10:53:38","modified_gmt":"2026-03-26T10:53:38","slug":"prestamos-obligaciones-y-acciones","status":"publish","type":"page","link":"https:\/\/rfblegal.co.uk\/es\/servicios\/derecho-personal\/corporativo\/prestamos-obligaciones-y-acciones\/","title":{"rendered":"Pr\u00e9stamos y capital"},"content":{"rendered":"<h2 class=\"wp-block-heading\"><strong>Introducci\u00f3n y visi\u00f3n general de la captaci\u00f3n de fondos propios, los empr\u00e9stitos y los pr\u00e9stamos<\/strong><\/h2>\n\n\n\n<p>Sabemos que la financiaci\u00f3n de su empresa puede ser crucial en diversas etapas, desde la puesta en marcha y el crecimiento de la empresa hasta las adquisiciones, el crecimiento maduro y la refinanciaci\u00f3n.<\/p>\n\n\n\n<p>Gracias a nuestra amplia experiencia, nuestros abogados y procuradores pueden anticiparse a los requisitos y preocupaciones de los prestamistas o inversores para guiarle a lo largo del proceso en consecuencia, garantizando que las transacciones no descarrilen ni se prolonguen indebidamente.<\/p>\n\n\n\n<h2 class=\"wp-block-heading\"><strong>C\u00f3mo pueden ayudarle nuestros abogados en la obtenci\u00f3n de fondos propios, pr\u00e9stamos y cr\u00e9ditos<\/strong><\/h2>\n\n\n\n<h3 class=\"wp-block-heading\"><strong>Principales servicios ofrecidos<\/strong><\/h3>\n\n\n\n<p><strong>Podemos ayudar tanto a los inversores como a las empresas en todas sus fases, tanto si desean poner en marcha fuentes de financiaci\u00f3n tradicionales como m\u00e1s innovadoras:<\/strong><\/p>\n\n\n\n<ul class=\"wp-block-list\">\n<li>pr\u00e9stamos institucionales (incluidos los pr\u00e9stamos bancarios)<\/li>\n\n\n\n<li>financiaci\u00f3n de inversores \u00e1ngeles<\/li>\n\n\n\n<li>financiaci\u00f3n de amigos y familiares<\/li>\n\n\n\n<li>crowdfunding y otros mecanismos alternativos de inversi\u00f3n<\/li>\n<\/ul>\n\n\n\n<h2 class=\"wp-block-heading\"><strong>Por qu\u00e9 elegir RFB Legal para la obtenci\u00f3n de fondos propios, pr\u00e9stamos y cr\u00e9ditos<\/strong><\/h2>\n\n\n\n<h3 class=\"wp-block-heading\"><strong>Acerca de nuestro equipo de Derecho Mercantil y Societario<\/strong><\/h3>\n\n\n\n<p><strong>Adem\u00e1s de asesorar sobre cuestiones jur\u00eddicas t\u00e9cnicas (incluida la seguridad), podemos contribuir a agilizar el proceso prestando una asistencia m\u00e1s amplia en otros aspectos, como:<\/strong><\/p>\n\n\n\n<ul class=\"wp-block-list\">\n<li>estructuraci\u00f3n para aprovechar al m\u00e1ximo las desgravaciones y exenciones disponibles<\/li>\n\n\n\n<li><a href=\"https:\/\/rfblegal.co.uk\/es\/servicios\/derecho-personal\/ley-reguladora\/\">normativa<\/a> cuestiones<\/li>\n\n\n\n<li>litigios comerciales<\/li>\n<\/ul>\n\n\n\n<h2 class=\"wp-block-heading\"><strong>Experiencia del cliente<\/strong><\/h2>\n\n\n\n<p><strong>Nuestra experiencia reciente incluye:<\/strong><\/p>\n\n\n\n<h3 class=\"wp-block-heading\"><strong>Empresa tecnol\u00f3gica en fase inicial<\/strong><\/h3>\n\n\n\n<p>Actuamos para una empresa emergente que desarrolla una soluci\u00f3n tecnol\u00f3gica para la salud disruptiva y transformadora del mercado utilizando tecnolog\u00eda y ciencias de vanguardia con la orientaci\u00f3n de profesionales de la salud, consultores y la aportaci\u00f3n de informaci\u00f3n de usuarios personales sobre sus beneficios psicol\u00f3gicos y para la salud mensurables. La empresa recibi\u00f3 un mill\u00f3n de libras de una serie de inversores providenciales. La cantidad invertida era significativa para una empresa tecnol\u00f3gica de nueva creaci\u00f3n y representaba un reto interesante dado el n\u00famero de partes implicadas, la inversi\u00f3n inicial familiar y el hecho de que uno de los fundadores de la empresa exig\u00eda ahora el registro de su inversi\u00f3n en la legislaci\u00f3n brit\u00e1nica y portuguesa mientras la empresa operaba en el Reino Unido.<br><\/p>\n\n\n\n<h3 class=\"wp-block-heading\"><strong>Pr\u00e9stamos a empresas<\/strong><\/h3>\n\n\n\n<p>Tenemos una amplia experiencia en operaciones de pr\u00e9stamo m\u00e1s tradicionales, tanto para prestamistas como para prestatarios. Tenemos especial experiencia en el sector de la financiaci\u00f3n inmobiliaria, tanto en lo que se refiere a contratos de pr\u00e9stamo de directores para empresas de inversi\u00f3n y promoci\u00f3n inmobiliaria, pr\u00e9stamos para financiar adquisiciones, como negocios hoteleros y de celebraci\u00f3n de bodas, pero tambi\u00e9n en otros contextos relacionados, tales como <a href=\"https:\/\/rfblegal.co.uk\/es\/servicios\/derecho-mercantil\/servicios-inmobiliarios-comerciales\/promocion-inmobiliaria-comercial\/\">promoci\u00f3n inmobiliaria<\/a> y joint ventures inmobiliarias. La flexibilidad de nuestros abogados significa que asesoramos en acuerdos que van desde facilidades relativamente peque\u00f1as hasta pr\u00e9stamos de m\u00e1s de 100 millones de libras esterlinas.<\/p>\n\n\n\n<p><\/p>","protected":false},"excerpt":{"rendered":"<p>An introduction and overview to equity fundraising, borrowing and lending We know that financing for your business can be crucial at a number of stages, from startups and growing businesses to acquisitions to mature growth and refinancing. Our extensive expertise means that our corporate lawyers and solicitors can anticipate lenders\u2019 or investors\u2019 requirements and concerns &hellip; <a href=\"https:\/\/rfblegal.co.uk\/es\/servicios\/derecho-personal\/corporativo\/prestamos-obligaciones-y-acciones\/\">Contin\u00faa en<\/a><\/p>","protected":false},"author":1,"featured_media":0,"parent":2385,"menu_order":0,"comment_status":"closed","ping_status":"closed","template":"tier3-template.blade.php","meta":{"_acf_changed":false,"om_disable_all_campaigns":false,"_uf_show_specific_survey":0,"_uf_disable_surveys":false,"footnotes":""},"class_list":["post-2399","page","type-page","status-publish","hentry"],"acf":[],"aioseo_notices":[],"yoast_head":"<!-- This site is optimized with the Yoast SEO plugin v27.2 - https:\/\/yoast.com\/product\/yoast-seo-wordpress\/ -->\n<title>Loans and Equity - RFB Legal<\/title>\n<meta name=\"description\" content=\"An introduction and overview to equity fundraising, borrowing and lending We know that financing for your business can be crucial at a number of stages,\" \/>\n<meta name=\"robots\" content=\"index, follow, max-snippet:-1, max-image-preview:large, max-video-preview:-1\" \/>\n<link rel=\"canonical\" href=\"https:\/\/rfblegal.co.uk\/es\/servicios\/derecho-personal\/corporativo\/prestamos-obligaciones-y-acciones\/\" \/>\n<meta property=\"og:locale\" content=\"es_ES\" \/>\n<meta property=\"og:type\" content=\"article\" \/>\n<meta property=\"og:title\" content=\"Loans and Equity - RFB Legal\" \/>\n<meta property=\"og:description\" content=\"An introduction and overview to equity fundraising, borrowing and lending We know that financing for your business can be crucial at a number of stages,\" \/>\n<meta property=\"og:url\" content=\"https:\/\/rfblegal.co.uk\/es\/servicios\/derecho-personal\/corporativo\/prestamos-obligaciones-y-acciones\/\" \/>\n<meta property=\"og:site_name\" content=\"RFB Legal\" \/>\n<meta property=\"article:publisher\" content=\"https:\/\/www.facebook.com\/RFBLegal\/\" \/>\n<meta property=\"article:modified_time\" content=\"2026-03-26T10:53:38+00:00\" \/>\n<meta name=\"twitter:card\" content=\"summary_large_image\" \/>\n<meta name=\"twitter:label1\" content=\"Est. reading time\" \/>\n\t<meta name=\"twitter:data1\" content=\"2 minutos\" \/>\n<script type=\"application\/ld+json\" class=\"yoast-schema-graph\">{\"@context\":\"https:\/\/schema.org\",\"@graph\":[{\"@type\":\"WebPage\",\"@id\":\"https:\/\/rfblegal.co.uk\/services\/personal-law\/corporate\/loans-bonds-and-equity\/\",\"url\":\"https:\/\/rfblegal.co.uk\/services\/personal-law\/corporate\/loans-bonds-and-equity\/\",\"name\":\"Loans and Equity - RFB Legal\",\"isPartOf\":{\"@id\":\"https:\/\/rfblegal.co.uk\/#website\"},\"datePublished\":\"2024-02-21T15:27:19+00:00\",\"dateModified\":\"2026-03-26T10:53:38+00:00\",\"description\":\"An introduction and overview to equity fundraising, borrowing and lending We know that financing for your business can be crucial at a number of stages,\",\"breadcrumb\":{\"@id\":\"https:\/\/rfblegal.co.uk\/services\/personal-law\/corporate\/loans-bonds-and-equity\/#breadcrumb\"},\"inLanguage\":\"es\",\"potentialAction\":[{\"@type\":\"ReadAction\",\"target\":[\"https:\/\/rfblegal.co.uk\/services\/personal-law\/corporate\/loans-bonds-and-equity\/\"]}]},{\"@type\":\"BreadcrumbList\",\"@id\":\"https:\/\/rfblegal.co.uk\/services\/personal-law\/corporate\/loans-bonds-and-equity\/#breadcrumb\",\"itemListElement\":[{\"@type\":\"ListItem\",\"position\":1,\"name\":\"Home\",\"item\":\"https:\/\/rfblegal.co.uk\/\"},{\"@type\":\"ListItem\",\"position\":2,\"name\":\"Services\",\"item\":\"https:\/\/rfblegal.co.uk\/services\/\"},{\"@type\":\"ListItem\",\"position\":3,\"name\":\"Personal Law Services\",\"item\":\"https:\/\/rfblegal.co.uk\/services\/personal-law\/\"},{\"@type\":\"ListItem\",\"position\":4,\"name\":\"Corporate\",\"item\":\"https:\/\/rfblegal.co.uk\/services\/personal-law\/corporate\/\"},{\"@type\":\"ListItem\",\"position\":5,\"name\":\"Loans and Equity\"}]},{\"@type\":\"WebSite\",\"@id\":\"https:\/\/rfblegal.co.uk\/#website\",\"url\":\"https:\/\/rfblegal.co.uk\/\",\"name\":\"RFB Legal\",\"description\":\"\",\"publisher\":{\"@id\":\"https:\/\/rfblegal.co.uk\/#organization\"},\"potentialAction\":[{\"@type\":\"SearchAction\",\"target\":{\"@type\":\"EntryPoint\",\"urlTemplate\":\"https:\/\/rfblegal.co.uk\/?s={search_term_string}\"},\"query-input\":{\"@type\":\"PropertyValueSpecification\",\"valueRequired\":true,\"valueName\":\"search_term_string\"}}],\"inLanguage\":\"es\"},{\"@type\":\"Organization\",\"@id\":\"https:\/\/rfblegal.co.uk\/#organization\",\"name\":\"RFB Legal\",\"url\":\"https:\/\/rfblegal.co.uk\/\",\"logo\":{\"@type\":\"ImageObject\",\"inLanguage\":\"es\",\"@id\":\"https:\/\/rfblegal.co.uk\/#\/schema\/logo\/image\/\",\"url\":\"https:\/\/rfblegal.co.uk\/wp-content\/uploads\/2024\/01\/header_company_logo.svg\",\"contentUrl\":\"https:\/\/rfblegal.co.uk\/wp-content\/uploads\/2024\/01\/header_company_logo.svg\",\"caption\":\"RFB Legal\"},\"image\":{\"@id\":\"https:\/\/rfblegal.co.uk\/#\/schema\/logo\/image\/\"},\"sameAs\":[\"https:\/\/www.facebook.com\/RFBLegal\/\",\"https:\/\/www.linkedin.com\/uas\/login?session_redirect=company2012282\",\"https:\/\/www.instagram.com\/rfb_legal\/\"]}]}<\/script>\n<!-- \/ Yoast SEO plugin. -->","yoast_head_json":{"title":"Pr\u00e9stamos y capital - RFB Legal","description":"Introducci\u00f3n y visi\u00f3n general de la captaci\u00f3n de fondos propios, los empr\u00e9stitos y los pr\u00e9stamos Sabemos que la financiaci\u00f3n de su empresa puede ser crucial en varias etapas,","robots":{"index":"index","follow":"follow","max-snippet":"max-snippet:-1","max-image-preview":"max-image-preview:large","max-video-preview":"max-video-preview:-1"},"canonical":"https:\/\/rfblegal.co.uk\/es\/servicios\/derecho-personal\/corporativo\/prestamos-obligaciones-y-acciones\/","og_locale":"es_ES","og_type":"article","og_title":"Loans and Equity - RFB Legal","og_description":"An introduction and overview to equity fundraising, borrowing and lending We know that financing for your business can be crucial at a number of stages,","og_url":"https:\/\/rfblegal.co.uk\/es\/servicios\/derecho-personal\/corporativo\/prestamos-obligaciones-y-acciones\/","og_site_name":"RFB Legal","article_publisher":"https:\/\/www.facebook.com\/RFBLegal\/","article_modified_time":"2026-03-26T10:53:38+00:00","twitter_card":"summary_large_image","twitter_misc":{"Est. reading time":"2 minutos"},"schema":{"@context":"https:\/\/schema.org","@graph":[{"@type":"WebPage","@id":"https:\/\/rfblegal.co.uk\/services\/personal-law\/corporate\/loans-bonds-and-equity\/","url":"https:\/\/rfblegal.co.uk\/services\/personal-law\/corporate\/loans-bonds-and-equity\/","name":"Pr\u00e9stamos y capital - RFB Legal","isPartOf":{"@id":"https:\/\/rfblegal.co.uk\/#website"},"datePublished":"2024-02-21T15:27:19+00:00","dateModified":"2026-03-26T10:53:38+00:00","description":"Introducci\u00f3n y visi\u00f3n general de la captaci\u00f3n de fondos propios, los empr\u00e9stitos y los pr\u00e9stamos Sabemos que la financiaci\u00f3n de su empresa puede ser crucial en varias etapas,","breadcrumb":{"@id":"https:\/\/rfblegal.co.uk\/services\/personal-law\/corporate\/loans-bonds-and-equity\/#breadcrumb"},"inLanguage":"es","potentialAction":[{"@type":"ReadAction","target":["https:\/\/rfblegal.co.uk\/services\/personal-law\/corporate\/loans-bonds-and-equity\/"]}]},{"@type":"BreadcrumbList","@id":"https:\/\/rfblegal.co.uk\/services\/personal-law\/corporate\/loans-bonds-and-equity\/#breadcrumb","itemListElement":[{"@type":"ListItem","position":1,"name":"Home","item":"https:\/\/rfblegal.co.uk\/"},{"@type":"ListItem","position":2,"name":"Services","item":"https:\/\/rfblegal.co.uk\/services\/"},{"@type":"ListItem","position":3,"name":"Personal Law Services","item":"https:\/\/rfblegal.co.uk\/services\/personal-law\/"},{"@type":"ListItem","position":4,"name":"Corporate","item":"https:\/\/rfblegal.co.uk\/services\/personal-law\/corporate\/"},{"@type":"ListItem","position":5,"name":"Loans and Equity"}]},{"@type":"WebSite","@id":"https:\/\/rfblegal.co.uk\/#website","url":"https:\/\/rfblegal.co.uk\/","name":"RFB Legal","description":"","publisher":{"@id":"https:\/\/rfblegal.co.uk\/#organization"},"potentialAction":[{"@type":"SearchAction","target":{"@type":"EntryPoint","urlTemplate":"https:\/\/rfblegal.co.uk\/?s={search_term_string}"},"query-input":{"@type":"PropertyValueSpecification","valueRequired":true,"valueName":"search_term_string"}}],"inLanguage":"es"},{"@type":"Organization","@id":"https:\/\/rfblegal.co.uk\/#organization","name":"RFB Legal","url":"https:\/\/rfblegal.co.uk\/","logo":{"@type":"ImageObject","inLanguage":"es","@id":"https:\/\/rfblegal.co.uk\/#\/schema\/logo\/image\/","url":"https:\/\/rfblegal.co.uk\/wp-content\/uploads\/2024\/01\/header_company_logo.svg","contentUrl":"https:\/\/rfblegal.co.uk\/wp-content\/uploads\/2024\/01\/header_company_logo.svg","caption":"RFB Legal"},"image":{"@id":"https:\/\/rfblegal.co.uk\/#\/schema\/logo\/image\/"},"sameAs":["https:\/\/www.facebook.com\/RFBLegal\/","https:\/\/www.linkedin.com\/uas\/login?session_redirect=company2012282","https:\/\/www.instagram.com\/rfb_legal\/"]}]}},"_links":{"self":[{"href":"https:\/\/rfblegal.co.uk\/es\/wp-json\/wp\/v2\/pages\/2399","targetHints":{"allow":["GET"]}}],"collection":[{"href":"https:\/\/rfblegal.co.uk\/es\/wp-json\/wp\/v2\/pages"}],"about":[{"href":"https:\/\/rfblegal.co.uk\/es\/wp-json\/wp\/v2\/types\/page"}],"author":[{"embeddable":true,"href":"https:\/\/rfblegal.co.uk\/es\/wp-json\/wp\/v2\/users\/1"}],"replies":[{"embeddable":true,"href":"https:\/\/rfblegal.co.uk\/es\/wp-json\/wp\/v2\/comments?post=2399"}],"version-history":[{"count":1,"href":"https:\/\/rfblegal.co.uk\/es\/wp-json\/wp\/v2\/pages\/2399\/revisions"}],"predecessor-version":[{"id":9078,"href":"https:\/\/rfblegal.co.uk\/es\/wp-json\/wp\/v2\/pages\/2399\/revisions\/9078"}],"up":[{"embeddable":true,"href":"https:\/\/rfblegal.co.uk\/es\/wp-json\/wp\/v2\/pages\/2385"}],"wp:attachment":[{"href":"https:\/\/rfblegal.co.uk\/es\/wp-json\/wp\/v2\/media?parent=2399"}],"curies":[{"name":"wp","href":"https:\/\/api.w.org\/{rel}","templated":true}]}}