{"id":2369,"date":"2024-02-21T15:05:40","date_gmt":"2024-02-21T15:05:40","guid":{"rendered":"https:\/\/rfblegal.co.uk\/?page_id=2369"},"modified":"2025-09-04T18:11:58","modified_gmt":"2025-09-04T18:11:58","slug":"gestacion-subrogada-fertilidad-y-adopcion","status":"publish","type":"page","link":"https:\/\/rfblegal.co.uk\/es\/servicios\/derecho-personal\/divorcio-familia\/gestacion-subrogada-fertilidad-y-adopcion\/","title":{"rendered":"Gestaci\u00f3n subrogada, fertilidad y adopci\u00f3n"},"content":{"rendered":"<h2 class=\"wp-block-heading has-2-xl-font-size\" style=\"padding-top:var(--wp--preset--spacing--20);padding-bottom:var(--wp--preset--spacing--20);font-style:normal;font-weight:600\">Gestaci\u00f3n subrogada, fertilidad y adopci\u00f3n<\/h2>\n\n\n\n<h4 class=\"wp-block-heading has-lg-font-size\" style=\"padding-top:var(--wp--preset--spacing--20);padding-bottom:var(--wp--preset--spacing--20);font-style:normal;font-weight:500\"><strong>La maternidad subrogada es la pr\u00e1ctica por la que una mujer gesta un hijo con la intenci\u00f3n de que le sea entregado al nacer. Es una forma cada vez m\u00e1s popular de ampliar la familia. Hay dos tipos distintos de gestaci\u00f3n subrogada:<\/strong><\/h4>\n\n\n\n<p style=\"padding-top:var(--wp--preset--spacing--20);padding-right:var(--wp--preset--spacing--50);padding-bottom:var(--wp--preset--spacing--20);padding-left:var(--wp--preset--spacing--50)\"><strong>- Gestaci\u00f3n subrogada tradicional<\/strong>\u00a0- se utilizan los \u00f3vulos de la madre de alquiler, por lo que est\u00e1 biol\u00f3gicamente emparentada con el ni\u00f1o<\/p>\n\n\n\n<p style=\"padding-top:var(--wp--preset--spacing--20);padding-right:var(--wp--preset--spacing--50);padding-bottom:var(--wp--preset--spacing--20);padding-left:var(--wp--preset--spacing--50)\"><strong>- Gestaci\u00f3n subrogada de acogida<\/strong>\u00a0- la madre de alquiler no est\u00e1 biol\u00f3gicamente emparentada con el ni\u00f1o y se utilizan los \u00f3vulos de la madre intencional o de una donante de \u00f3vulos<\/p>\n\n\n\n<p style=\"padding-top:var(--wp--preset--spacing--20);padding-bottom:var(--wp--preset--spacing--20)\">Ambos tipos de gestaci\u00f3n subrogada est\u00e1n permitidos por la legislaci\u00f3n inglesa, con ciertas limitaciones. Sin embargo, es ilegal pagar a una madre de alquiler con fines comerciales, lo que significa que no es posible realizar pagos comerciales para que alguien act\u00fae como madre de alquiler.<\/p>\n\n\n\n<p style=\"padding-top:var(--wp--preset--spacing--20);padding-bottom:var(--wp--preset--spacing--20)\">Es vital obtener asesoramiento jur\u00eddico desde el principio de su viaje. Nuestros experimentados abogados de familia pueden proporcionarle todo el asesoramiento y el apoyo que necesita para que un proceso dif\u00edcil no le cause estr\u00e9s.<\/p>\n\n\n\n<p style=\"padding-top:var(--wp--preset--spacing--20);padding-bottom:var(--wp--preset--spacing--20)\">Nuestros abogados especializados en fertilidad y maternidad subrogada en RFB tienen una amplia experiencia en todos los asuntos legales relacionados con la maternidad subrogada, la fertilidad y la adopci\u00f3n.<\/p>","protected":false},"excerpt":{"rendered":"<p>Surrogacy, Fertility and Adoption Surrogacy is the practise whereby a woman carries a child with the intention that the child should be handed over at birth. It is an increasingly popular way for people to extend their families. There are two different types of surrogacy: &#8211; Traditional surrogacy\u00a0&#8211; the surrogate&#8217;s own eggs are used, so &hellip; <a href=\"https:\/\/rfblegal.co.uk\/es\/servicios\/derecho-personal\/divorcio-familia\/gestacion-subrogada-fertilidad-y-adopcion\/\">Contin\u00faa en<\/a><\/p>","protected":false},"author":1,"featured_media":2934,"parent":2344,"menu_order":0,"comment_status":"closed","ping_status":"closed","template":"tier3-template.blade.php","meta":{"_acf_changed":false,"om_disable_all_campaigns":false,"_uf_show_specific_survey":0,"_uf_disable_surveys":false,"footnotes":""},"class_list":["post-2369","page","type-page","status-publish","has-post-thumbnail","hentry"],"acf":[],"aioseo_notices":[],"yoast_head":"<!-- This site is optimized with the Yoast SEO plugin v27.2 - https:\/\/yoast.com\/product\/yoast-seo-wordpress\/ -->\n<title>Surrogacy, Fertility and Adoption - RFB Legal<\/title>\n<meta name=\"description\" content=\"Surrogacy, Fertility and Adoption Surrogacy is the practise whereby a woman carries a child with the intention that the child should be handed over\" \/>\n<meta name=\"robots\" content=\"index, follow, max-snippet:-1, max-image-preview:large, max-video-preview:-1\" \/>\n<link rel=\"canonical\" href=\"https:\/\/rfblegal.co.uk\/es\/servicios\/derecho-personal\/divorcio-familia\/gestacion-subrogada-fertilidad-y-adopcion\/\" \/>\n<meta property=\"og:locale\" content=\"es_ES\" \/>\n<meta property=\"og:type\" content=\"article\" \/>\n<meta property=\"og:title\" content=\"Surrogacy, Fertility and Adoption - RFB Legal\" \/>\n<meta property=\"og:description\" content=\"Surrogacy, Fertility and Adoption Surrogacy is the practise whereby a woman carries a child with the intention that the child should be handed over\" \/>\n<meta property=\"og:url\" content=\"https:\/\/rfblegal.co.uk\/es\/servicios\/derecho-personal\/divorcio-familia\/gestacion-subrogada-fertilidad-y-adopcion\/\" \/>\n<meta property=\"og:site_name\" content=\"RFB Legal\" \/>\n<meta property=\"article:publisher\" content=\"https:\/\/www.facebook.com\/RFBLegal\/\" \/>\n<meta property=\"article:modified_time\" content=\"2025-09-04T18:11:58+00:00\" \/>\n<meta property=\"og:image\" content=\"https:\/\/rfblegal.co.uk\/wp-content\/uploads\/2024\/02\/Surrogacy_Fertility_Adoption_and_LGBTQI.jpg\" \/>\n\t<meta property=\"og:image:width\" content=\"1440\" \/>\n\t<meta property=\"og:image:height\" content=\"550\" \/>\n\t<meta property=\"og:image:type\" content=\"image\/jpeg\" \/>\n<meta name=\"twitter:card\" content=\"summary_large_image\" \/>\n<meta name=\"twitter:label1\" content=\"Est. reading time\" \/>\n\t<meta name=\"twitter:data1\" content=\"1 minuto\" \/>\n<script type=\"application\/ld+json\" class=\"yoast-schema-graph\">{\"@context\":\"https:\/\/schema.org\",\"@graph\":[{\"@type\":\"WebPage\",\"@id\":\"https:\/\/rfblegal.co.uk\/services\/personal-law\/divorce-family\/surrogacy-fertility-and-adoption\/\",\"url\":\"https:\/\/rfblegal.co.uk\/services\/personal-law\/divorce-family\/surrogacy-fertility-and-adoption\/\",\"name\":\"Surrogacy, Fertility and Adoption - RFB Legal\",\"isPartOf\":{\"@id\":\"https:\/\/rfblegal.co.uk\/#website\"},\"primaryImageOfPage\":{\"@id\":\"https:\/\/rfblegal.co.uk\/services\/personal-law\/divorce-family\/surrogacy-fertility-and-adoption\/#primaryimage\"},\"image\":{\"@id\":\"https:\/\/rfblegal.co.uk\/services\/personal-law\/divorce-family\/surrogacy-fertility-and-adoption\/#primaryimage\"},\"thumbnailUrl\":\"https:\/\/rfblegal.co.uk\/wp-content\/uploads\/2024\/02\/Surrogacy_Fertility_Adoption_and_LGBTQI.jpg\",\"datePublished\":\"2024-02-21T15:05:40+00:00\",\"dateModified\":\"2025-09-04T18:11:58+00:00\",\"description\":\"Surrogacy, Fertility and Adoption Surrogacy is the practise whereby a woman carries a child with the intention that the child should be handed over\",\"breadcrumb\":{\"@id\":\"https:\/\/rfblegal.co.uk\/services\/personal-law\/divorce-family\/surrogacy-fertility-and-adoption\/#breadcrumb\"},\"inLanguage\":\"es\",\"potentialAction\":[{\"@type\":\"ReadAction\",\"target\":[\"https:\/\/rfblegal.co.uk\/services\/personal-law\/divorce-family\/surrogacy-fertility-and-adoption\/\"]}]},{\"@type\":\"ImageObject\",\"inLanguage\":\"es\",\"@id\":\"https:\/\/rfblegal.co.uk\/services\/personal-law\/divorce-family\/surrogacy-fertility-and-adoption\/#primaryimage\",\"url\":\"https:\/\/rfblegal.co.uk\/wp-content\/uploads\/2024\/02\/Surrogacy_Fertility_Adoption_and_LGBTQI.jpg\",\"contentUrl\":\"https:\/\/rfblegal.co.uk\/wp-content\/uploads\/2024\/02\/Surrogacy_Fertility_Adoption_and_LGBTQI.jpg\",\"width\":1440,\"height\":550},{\"@type\":\"BreadcrumbList\",\"@id\":\"https:\/\/rfblegal.co.uk\/services\/personal-law\/divorce-family\/surrogacy-fertility-and-adoption\/#breadcrumb\",\"itemListElement\":[{\"@type\":\"ListItem\",\"position\":1,\"name\":\"Home\",\"item\":\"https:\/\/rfblegal.co.uk\/\"},{\"@type\":\"ListItem\",\"position\":2,\"name\":\"Services\",\"item\":\"https:\/\/rfblegal.co.uk\/services\/\"},{\"@type\":\"ListItem\",\"position\":3,\"name\":\"Personal Law Services\",\"item\":\"https:\/\/rfblegal.co.uk\/services\/personal-law\/\"},{\"@type\":\"ListItem\",\"position\":4,\"name\":\"Divorce &amp; Family\",\"item\":\"https:\/\/rfblegal.co.uk\/services\/personal-law\/divorce-family\/\"},{\"@type\":\"ListItem\",\"position\":5,\"name\":\"Surrogacy, Fertility and Adoption\"}]},{\"@type\":\"WebSite\",\"@id\":\"https:\/\/rfblegal.co.uk\/#website\",\"url\":\"https:\/\/rfblegal.co.uk\/\",\"name\":\"RFB Legal\",\"description\":\"\",\"publisher\":{\"@id\":\"https:\/\/rfblegal.co.uk\/#organization\"},\"potentialAction\":[{\"@type\":\"SearchAction\",\"target\":{\"@type\":\"EntryPoint\",\"urlTemplate\":\"https:\/\/rfblegal.co.uk\/?s={search_term_string}\"},\"query-input\":{\"@type\":\"PropertyValueSpecification\",\"valueRequired\":true,\"valueName\":\"search_term_string\"}}],\"inLanguage\":\"es\"},{\"@type\":\"Organization\",\"@id\":\"https:\/\/rfblegal.co.uk\/#organization\",\"name\":\"RFB Legal\",\"url\":\"https:\/\/rfblegal.co.uk\/\",\"logo\":{\"@type\":\"ImageObject\",\"inLanguage\":\"es\",\"@id\":\"https:\/\/rfblegal.co.uk\/#\/schema\/logo\/image\/\",\"url\":\"https:\/\/rfblegal.co.uk\/wp-content\/uploads\/2024\/01\/header_company_logo.svg\",\"contentUrl\":\"https:\/\/rfblegal.co.uk\/wp-content\/uploads\/2024\/01\/header_company_logo.svg\",\"caption\":\"RFB Legal\"},\"image\":{\"@id\":\"https:\/\/rfblegal.co.uk\/#\/schema\/logo\/image\/\"},\"sameAs\":[\"https:\/\/www.facebook.com\/RFBLegal\/\",\"https:\/\/www.linkedin.com\/uas\/login?session_redirect=company2012282\",\"https:\/\/www.instagram.com\/rfb_legal\/\"]}]}<\/script>\n<!-- \/ Yoast SEO plugin. -->","yoast_head_json":{"title":"Gestaci\u00f3n subrogada, fertilidad y adopci\u00f3n - RFB Legal","description":"Gestaci\u00f3n subrogada, fertilidad y adopci\u00f3n La gestaci\u00f3n subrogada es la pr\u00e1ctica mediante la cual una mujer gesta un hijo con la intenci\u00f3n de que \u00e9ste sea entregado","robots":{"index":"index","follow":"follow","max-snippet":"max-snippet:-1","max-image-preview":"max-image-preview:large","max-video-preview":"max-video-preview:-1"},"canonical":"https:\/\/rfblegal.co.uk\/es\/servicios\/derecho-personal\/divorcio-familia\/gestacion-subrogada-fertilidad-y-adopcion\/","og_locale":"es_ES","og_type":"article","og_title":"Surrogacy, Fertility and Adoption - RFB Legal","og_description":"Surrogacy, Fertility and Adoption Surrogacy is the practise whereby a woman carries a child with the intention that the child should be handed over","og_url":"https:\/\/rfblegal.co.uk\/es\/servicios\/derecho-personal\/divorcio-familia\/gestacion-subrogada-fertilidad-y-adopcion\/","og_site_name":"RFB Legal","article_publisher":"https:\/\/www.facebook.com\/RFBLegal\/","article_modified_time":"2025-09-04T18:11:58+00:00","og_image":[{"width":1440,"height":550,"url":"https:\/\/rfblegal.co.uk\/wp-content\/uploads\/2024\/02\/Surrogacy_Fertility_Adoption_and_LGBTQI.jpg","type":"image\/jpeg"}],"twitter_card":"summary_large_image","twitter_misc":{"Est. reading time":"1 minuto"},"schema":{"@context":"https:\/\/schema.org","@graph":[{"@type":"WebPage","@id":"https:\/\/rfblegal.co.uk\/services\/personal-law\/divorce-family\/surrogacy-fertility-and-adoption\/","url":"https:\/\/rfblegal.co.uk\/services\/personal-law\/divorce-family\/surrogacy-fertility-and-adoption\/","name":"Gestaci\u00f3n subrogada, fertilidad y adopci\u00f3n - RFB Legal","isPartOf":{"@id":"https:\/\/rfblegal.co.uk\/#website"},"primaryImageOfPage":{"@id":"https:\/\/rfblegal.co.uk\/services\/personal-law\/divorce-family\/surrogacy-fertility-and-adoption\/#primaryimage"},"image":{"@id":"https:\/\/rfblegal.co.uk\/services\/personal-law\/divorce-family\/surrogacy-fertility-and-adoption\/#primaryimage"},"thumbnailUrl":"https:\/\/rfblegal.co.uk\/wp-content\/uploads\/2024\/02\/Surrogacy_Fertility_Adoption_and_LGBTQI.jpg","datePublished":"2024-02-21T15:05:40+00:00","dateModified":"2025-09-04T18:11:58+00:00","description":"Gestaci\u00f3n subrogada, fertilidad y adopci\u00f3n La gestaci\u00f3n subrogada es la pr\u00e1ctica mediante la cual una mujer gesta un hijo con la intenci\u00f3n de que \u00e9ste sea entregado","breadcrumb":{"@id":"https:\/\/rfblegal.co.uk\/services\/personal-law\/divorce-family\/surrogacy-fertility-and-adoption\/#breadcrumb"},"inLanguage":"es","potentialAction":[{"@type":"ReadAction","target":["https:\/\/rfblegal.co.uk\/services\/personal-law\/divorce-family\/surrogacy-fertility-and-adoption\/"]}]},{"@type":"ImageObject","inLanguage":"es","@id":"https:\/\/rfblegal.co.uk\/services\/personal-law\/divorce-family\/surrogacy-fertility-and-adoption\/#primaryimage","url":"https:\/\/rfblegal.co.uk\/wp-content\/uploads\/2024\/02\/Surrogacy_Fertility_Adoption_and_LGBTQI.jpg","contentUrl":"https:\/\/rfblegal.co.uk\/wp-content\/uploads\/2024\/02\/Surrogacy_Fertility_Adoption_and_LGBTQI.jpg","width":1440,"height":550},{"@type":"BreadcrumbList","@id":"https:\/\/rfblegal.co.uk\/services\/personal-law\/divorce-family\/surrogacy-fertility-and-adoption\/#breadcrumb","itemListElement":[{"@type":"ListItem","position":1,"name":"Home","item":"https:\/\/rfblegal.co.uk\/"},{"@type":"ListItem","position":2,"name":"Services","item":"https:\/\/rfblegal.co.uk\/services\/"},{"@type":"ListItem","position":3,"name":"Personal Law Services","item":"https:\/\/rfblegal.co.uk\/services\/personal-law\/"},{"@type":"ListItem","position":4,"name":"Divorce &amp; Family","item":"https:\/\/rfblegal.co.uk\/services\/personal-law\/divorce-family\/"},{"@type":"ListItem","position":5,"name":"Surrogacy, Fertility and Adoption"}]},{"@type":"WebSite","@id":"https:\/\/rfblegal.co.uk\/#website","url":"https:\/\/rfblegal.co.uk\/","name":"RFB Legal","description":"","publisher":{"@id":"https:\/\/rfblegal.co.uk\/#organization"},"potentialAction":[{"@type":"SearchAction","target":{"@type":"EntryPoint","urlTemplate":"https:\/\/rfblegal.co.uk\/?s={search_term_string}"},"query-input":{"@type":"PropertyValueSpecification","valueRequired":true,"valueName":"search_term_string"}}],"inLanguage":"es"},{"@type":"Organization","@id":"https:\/\/rfblegal.co.uk\/#organization","name":"RFB Legal","url":"https:\/\/rfblegal.co.uk\/","logo":{"@type":"ImageObject","inLanguage":"es","@id":"https:\/\/rfblegal.co.uk\/#\/schema\/logo\/image\/","url":"https:\/\/rfblegal.co.uk\/wp-content\/uploads\/2024\/01\/header_company_logo.svg","contentUrl":"https:\/\/rfblegal.co.uk\/wp-content\/uploads\/2024\/01\/header_company_logo.svg","caption":"RFB Legal"},"image":{"@id":"https:\/\/rfblegal.co.uk\/#\/schema\/logo\/image\/"},"sameAs":["https:\/\/www.facebook.com\/RFBLegal\/","https:\/\/www.linkedin.com\/uas\/login?session_redirect=company2012282","https:\/\/www.instagram.com\/rfb_legal\/"]}]}},"_links":{"self":[{"href":"https:\/\/rfblegal.co.uk\/es\/wp-json\/wp\/v2\/pages\/2369","targetHints":{"allow":["GET"]}}],"collection":[{"href":"https:\/\/rfblegal.co.uk\/es\/wp-json\/wp\/v2\/pages"}],"about":[{"href":"https:\/\/rfblegal.co.uk\/es\/wp-json\/wp\/v2\/types\/page"}],"author":[{"embeddable":true,"href":"https:\/\/rfblegal.co.uk\/es\/wp-json\/wp\/v2\/users\/1"}],"replies":[{"embeddable":true,"href":"https:\/\/rfblegal.co.uk\/es\/wp-json\/wp\/v2\/comments?post=2369"}],"version-history":[{"count":1,"href":"https:\/\/rfblegal.co.uk\/es\/wp-json\/wp\/v2\/pages\/2369\/revisions"}],"predecessor-version":[{"id":6971,"href":"https:\/\/rfblegal.co.uk\/es\/wp-json\/wp\/v2\/pages\/2369\/revisions\/6971"}],"up":[{"embeddable":true,"href":"https:\/\/rfblegal.co.uk\/es\/wp-json\/wp\/v2\/pages\/2344"}],"wp:featuredmedia":[{"embeddable":true,"href":"https:\/\/rfblegal.co.uk\/es\/wp-json\/wp\/v2\/media\/2934"}],"wp:attachment":[{"href":"https:\/\/rfblegal.co.uk\/es\/wp-json\/wp\/v2\/media?parent=2369"}],"curies":[{"name":"wp","href":"https:\/\/api.w.org\/{rel}","templated":true}]}}