{"id":2362,"date":"2024-02-21T15:03:14","date_gmt":"2024-02-21T15:03:14","guid":{"rendered":"https:\/\/rfblegal.co.uk\/?page_id=2362"},"modified":"2025-06-19T13:10:37","modified_gmt":"2025-06-19T13:10:37","slug":"cohabitacion-familias-no-casadas","status":"publish","type":"page","link":"https:\/\/rfblegal.co.uk\/es\/servicios\/derecho-personal\/divorcio-familia\/cohabitacion-familias-no-casadas\/","title":{"rendered":"Cohabitaci\u00f3n y familias no casadas"},"content":{"rendered":"<h2 class=\"wp-block-heading has-2-xl-font-size\" style=\"padding-top:var(--wp--preset--spacing--20);padding-bottom:var(--wp--preset--spacing--20);font-style:normal;font-weight:600\">Disputas de parejas no casadas\/convivientes<\/h2>\n\n\n\n<h4 class=\"wp-block-heading has-lg-font-size\" style=\"padding-top:var(--wp--preset--spacing--20);padding-bottom:var(--wp--preset--spacing--20);font-style:normal;font-weight:500\"><strong>Cuando las cosas se rompen en las parejas de hecho, es f\u00e1cil sentirse abrumado y no saber cu\u00e1les son sus derechos. Sin embargo, el equipo de familia est\u00e1 aqu\u00ed para guiarte.<\/strong><\/h4>\n\n\n\n<p style=\"padding-top:var(--wp--preset--spacing--20);padding-bottom:var(--wp--preset--spacing--20)\">La ruptura de la relaci\u00f3n de las parejas no casadas tiene implicaciones diferentes. A diferencia de las parejas casadas, usted no tiene derecho autom\u00e1ticamente a ayuda econ\u00f3mica, pensi\u00f3n de jubilaci\u00f3n o manutenci\u00f3n conyugal. Cuando se trata de propiedades como el hogar familiar, los litigios derivados de estos asuntos tendr\u00e1n que basarse en la Trust of Land and Appointments of Trustees Act 1996.<\/p>\n\n\n\n<p style=\"padding-top:var(--wp--preset--spacing--20);padding-bottom:var(--wp--preset--spacing--20)\">Cuando se trata de ni\u00f1os, nuestro equipo familiar puede apoyarle a lo largo del proceso asesor\u00e1ndole con confianza sobre cu\u00e1l debe ser el siguiente paso.<\/p>","protected":false},"excerpt":{"rendered":"<p>Unmarried Couples\/Cohabitee Disputes When things break apart for cohabiting couples, it is easy to become overwhelmed and not know what your rights are. However, the family team is here to guide you through it. The relationship breakdown of unmarried couples holds different implications. Unlike married couples, you are not automatically entitled to financial support, pension &hellip; <a href=\"https:\/\/rfblegal.co.uk\/es\/servicios\/derecho-personal\/divorcio-familia\/cohabitacion-familias-no-casadas\/\">Contin\u00faa en<\/a><\/p>","protected":false},"author":1,"featured_media":2932,"parent":2344,"menu_order":0,"comment_status":"closed","ping_status":"closed","template":"tier3-template.blade.php","meta":{"_acf_changed":false,"om_disable_all_campaigns":false,"_uf_show_specific_survey":0,"_uf_disable_surveys":false,"footnotes":""},"class_list":["post-2362","page","type-page","status-publish","has-post-thumbnail","hentry"],"acf":[],"aioseo_notices":[],"yoast_head":"<!-- This site is optimized with the Yoast SEO plugin v27.2 - https:\/\/yoast.com\/product\/yoast-seo-wordpress\/ -->\n<title>Cohabitation &amp; Unmarried Families - RFB Legal<\/title>\n<meta name=\"description\" content=\"Unmarried Couples\/Cohabitee Disputes When things break apart for cohabiting couples, it is easy to become overwhelmed and not know what your rights are.\" \/>\n<meta name=\"robots\" content=\"index, follow, max-snippet:-1, max-image-preview:large, max-video-preview:-1\" \/>\n<link rel=\"canonical\" href=\"https:\/\/rfblegal.co.uk\/es\/servicios\/derecho-personal\/divorcio-familia\/cohabitacion-familias-no-casadas\/\" \/>\n<meta property=\"og:locale\" content=\"es_ES\" \/>\n<meta property=\"og:type\" content=\"article\" \/>\n<meta property=\"og:title\" content=\"Cohabitation &amp; Unmarried Families - RFB Legal\" \/>\n<meta property=\"og:description\" content=\"Unmarried Couples\/Cohabitee Disputes When things break apart for cohabiting couples, it is easy to become overwhelmed and not know what your rights are.\" \/>\n<meta property=\"og:url\" content=\"https:\/\/rfblegal.co.uk\/es\/servicios\/derecho-personal\/divorcio-familia\/cohabitacion-familias-no-casadas\/\" \/>\n<meta property=\"og:site_name\" content=\"RFB Legal\" \/>\n<meta property=\"article:publisher\" content=\"https:\/\/www.facebook.com\/RFBLegal\/\" \/>\n<meta property=\"article:modified_time\" content=\"2025-06-19T13:10:37+00:00\" \/>\n<meta property=\"og:image\" content=\"https:\/\/rfblegal.co.uk\/wp-content\/uploads\/2024\/02\/Unmarried_Couples_Cohabitee_Disputes.jpg\" \/>\n\t<meta property=\"og:image:width\" content=\"1440\" \/>\n\t<meta property=\"og:image:height\" content=\"550\" \/>\n\t<meta property=\"og:image:type\" content=\"image\/jpeg\" \/>\n<meta name=\"twitter:card\" content=\"summary_large_image\" \/>\n<meta name=\"twitter:label1\" content=\"Est. reading time\" \/>\n\t<meta name=\"twitter:data1\" content=\"1 minuto\" \/>\n<script type=\"application\/ld+json\" class=\"yoast-schema-graph\">{\"@context\":\"https:\/\/schema.org\",\"@graph\":[{\"@type\":\"WebPage\",\"@id\":\"https:\/\/rfblegal.co.uk\/fr\/services\/droit-des-personnes\/divorce-famille\/cohabitation-familles-non-mariees\/\",\"url\":\"https:\/\/rfblegal.co.uk\/fr\/services\/droit-des-personnes\/divorce-famille\/cohabitation-familles-non-mariees\/\",\"name\":\"Cohabitation &amp; Unmarried Families - RFB Legal\",\"isPartOf\":{\"@id\":\"https:\/\/rfblegal.co.uk\/#website\"},\"primaryImageOfPage\":{\"@id\":\"https:\/\/rfblegal.co.uk\/fr\/services\/droit-des-personnes\/divorce-famille\/cohabitation-familles-non-mariees\/#primaryimage\"},\"image\":{\"@id\":\"https:\/\/rfblegal.co.uk\/fr\/services\/droit-des-personnes\/divorce-famille\/cohabitation-familles-non-mariees\/#primaryimage\"},\"thumbnailUrl\":\"https:\/\/rfblegal.co.uk\/wp-content\/uploads\/2024\/02\/Unmarried_Couples_Cohabitee_Disputes.jpg\",\"datePublished\":\"2024-02-21T15:03:14+00:00\",\"dateModified\":\"2025-06-19T13:10:37+00:00\",\"description\":\"Unmarried Couples\/Cohabitee Disputes When things break apart for cohabiting couples, it is easy to become overwhelmed and not know what your rights are.\",\"breadcrumb\":{\"@id\":\"https:\/\/rfblegal.co.uk\/fr\/services\/droit-des-personnes\/divorce-famille\/cohabitation-familles-non-mariees\/#breadcrumb\"},\"inLanguage\":\"es\",\"potentialAction\":[{\"@type\":\"ReadAction\",\"target\":[\"https:\/\/rfblegal.co.uk\/fr\/services\/droit-des-personnes\/divorce-famille\/cohabitation-familles-non-mariees\/\"]}]},{\"@type\":\"ImageObject\",\"inLanguage\":\"es\",\"@id\":\"https:\/\/rfblegal.co.uk\/fr\/services\/droit-des-personnes\/divorce-famille\/cohabitation-familles-non-mariees\/#primaryimage\",\"url\":\"https:\/\/rfblegal.co.uk\/wp-content\/uploads\/2024\/02\/Unmarried_Couples_Cohabitee_Disputes.jpg\",\"contentUrl\":\"https:\/\/rfblegal.co.uk\/wp-content\/uploads\/2024\/02\/Unmarried_Couples_Cohabitee_Disputes.jpg\",\"width\":1440,\"height\":550},{\"@type\":\"BreadcrumbList\",\"@id\":\"https:\/\/rfblegal.co.uk\/fr\/services\/droit-des-personnes\/divorce-famille\/cohabitation-familles-non-mariees\/#breadcrumb\",\"itemListElement\":[{\"@type\":\"ListItem\",\"position\":1,\"name\":\"Home\",\"item\":\"https:\/\/rfblegal.co.uk\/\"},{\"@type\":\"ListItem\",\"position\":2,\"name\":\"Services\",\"item\":\"https:\/\/rfblegal.co.uk\/services\/\"},{\"@type\":\"ListItem\",\"position\":3,\"name\":\"Personal Law Services\",\"item\":\"https:\/\/rfblegal.co.uk\/services\/personal-law\/\"},{\"@type\":\"ListItem\",\"position\":4,\"name\":\"Divorce &amp; Family\",\"item\":\"https:\/\/rfblegal.co.uk\/services\/personal-law\/divorce-family\/\"},{\"@type\":\"ListItem\",\"position\":5,\"name\":\"Cohabitation &amp; Unmarried Families\"}]},{\"@type\":\"WebSite\",\"@id\":\"https:\/\/rfblegal.co.uk\/#website\",\"url\":\"https:\/\/rfblegal.co.uk\/\",\"name\":\"RFB Legal\",\"description\":\"\",\"publisher\":{\"@id\":\"https:\/\/rfblegal.co.uk\/#organization\"},\"potentialAction\":[{\"@type\":\"SearchAction\",\"target\":{\"@type\":\"EntryPoint\",\"urlTemplate\":\"https:\/\/rfblegal.co.uk\/?s={search_term_string}\"},\"query-input\":{\"@type\":\"PropertyValueSpecification\",\"valueRequired\":true,\"valueName\":\"search_term_string\"}}],\"inLanguage\":\"es\"},{\"@type\":\"Organization\",\"@id\":\"https:\/\/rfblegal.co.uk\/#organization\",\"name\":\"RFB Legal\",\"url\":\"https:\/\/rfblegal.co.uk\/\",\"logo\":{\"@type\":\"ImageObject\",\"inLanguage\":\"es\",\"@id\":\"https:\/\/rfblegal.co.uk\/#\/schema\/logo\/image\/\",\"url\":\"https:\/\/rfblegal.co.uk\/wp-content\/uploads\/2024\/01\/header_company_logo.svg\",\"contentUrl\":\"https:\/\/rfblegal.co.uk\/wp-content\/uploads\/2024\/01\/header_company_logo.svg\",\"caption\":\"RFB Legal\"},\"image\":{\"@id\":\"https:\/\/rfblegal.co.uk\/#\/schema\/logo\/image\/\"},\"sameAs\":[\"https:\/\/www.facebook.com\/RFBLegal\/\",\"https:\/\/www.linkedin.com\/uas\/login?session_redirect=company2012282\",\"https:\/\/www.instagram.com\/rfb_legal\/\"]}]}<\/script>\n<!-- \/ Yoast SEO plugin. -->","yoast_head_json":{"title":"Cohabitaci\u00f3n y familias no casadas - RFB Legal","description":"Disputas de parejas de hecho\/convivientes Cuando las cosas se rompen en las parejas de hecho, es f\u00e1cil sentirse abrumado y no saber cu\u00e1les son sus derechos.","robots":{"index":"index","follow":"follow","max-snippet":"max-snippet:-1","max-image-preview":"max-image-preview:large","max-video-preview":"max-video-preview:-1"},"canonical":"https:\/\/rfblegal.co.uk\/es\/servicios\/derecho-personal\/divorcio-familia\/cohabitacion-familias-no-casadas\/","og_locale":"es_ES","og_type":"article","og_title":"Cohabitation &amp; Unmarried Families - RFB Legal","og_description":"Unmarried Couples\/Cohabitee Disputes When things break apart for cohabiting couples, it is easy to become overwhelmed and not know what your rights are.","og_url":"https:\/\/rfblegal.co.uk\/es\/servicios\/derecho-personal\/divorcio-familia\/cohabitacion-familias-no-casadas\/","og_site_name":"RFB Legal","article_publisher":"https:\/\/www.facebook.com\/RFBLegal\/","article_modified_time":"2025-06-19T13:10:37+00:00","og_image":[{"width":1440,"height":550,"url":"https:\/\/rfblegal.co.uk\/wp-content\/uploads\/2024\/02\/Unmarried_Couples_Cohabitee_Disputes.jpg","type":"image\/jpeg"}],"twitter_card":"summary_large_image","twitter_misc":{"Est. reading time":"1 minuto"},"schema":{"@context":"https:\/\/schema.org","@graph":[{"@type":"WebPage","@id":"https:\/\/rfblegal.co.uk\/fr\/services\/droit-des-personnes\/divorce-famille\/cohabitation-familles-non-mariees\/","url":"https:\/\/rfblegal.co.uk\/fr\/services\/droit-des-personnes\/divorce-famille\/cohabitation-familles-non-mariees\/","name":"Cohabitaci\u00f3n y familias no casadas - RFB Legal","isPartOf":{"@id":"https:\/\/rfblegal.co.uk\/#website"},"primaryImageOfPage":{"@id":"https:\/\/rfblegal.co.uk\/fr\/services\/droit-des-personnes\/divorce-famille\/cohabitation-familles-non-mariees\/#primaryimage"},"image":{"@id":"https:\/\/rfblegal.co.uk\/fr\/services\/droit-des-personnes\/divorce-famille\/cohabitation-familles-non-mariees\/#primaryimage"},"thumbnailUrl":"https:\/\/rfblegal.co.uk\/wp-content\/uploads\/2024\/02\/Unmarried_Couples_Cohabitee_Disputes.jpg","datePublished":"2024-02-21T15:03:14+00:00","dateModified":"2025-06-19T13:10:37+00:00","description":"Disputas de parejas de hecho\/convivientes Cuando las cosas se rompen en las parejas de hecho, es f\u00e1cil sentirse abrumado y no saber cu\u00e1les son sus derechos.","breadcrumb":{"@id":"https:\/\/rfblegal.co.uk\/fr\/services\/droit-des-personnes\/divorce-famille\/cohabitation-familles-non-mariees\/#breadcrumb"},"inLanguage":"es","potentialAction":[{"@type":"ReadAction","target":["https:\/\/rfblegal.co.uk\/fr\/services\/droit-des-personnes\/divorce-famille\/cohabitation-familles-non-mariees\/"]}]},{"@type":"ImageObject","inLanguage":"es","@id":"https:\/\/rfblegal.co.uk\/fr\/services\/droit-des-personnes\/divorce-famille\/cohabitation-familles-non-mariees\/#primaryimage","url":"https:\/\/rfblegal.co.uk\/wp-content\/uploads\/2024\/02\/Unmarried_Couples_Cohabitee_Disputes.jpg","contentUrl":"https:\/\/rfblegal.co.uk\/wp-content\/uploads\/2024\/02\/Unmarried_Couples_Cohabitee_Disputes.jpg","width":1440,"height":550},{"@type":"BreadcrumbList","@id":"https:\/\/rfblegal.co.uk\/fr\/services\/droit-des-personnes\/divorce-famille\/cohabitation-familles-non-mariees\/#breadcrumb","itemListElement":[{"@type":"ListItem","position":1,"name":"Home","item":"https:\/\/rfblegal.co.uk\/"},{"@type":"ListItem","position":2,"name":"Services","item":"https:\/\/rfblegal.co.uk\/services\/"},{"@type":"ListItem","position":3,"name":"Personal Law Services","item":"https:\/\/rfblegal.co.uk\/services\/personal-law\/"},{"@type":"ListItem","position":4,"name":"Divorce &amp; Family","item":"https:\/\/rfblegal.co.uk\/services\/personal-law\/divorce-family\/"},{"@type":"ListItem","position":5,"name":"Cohabitation &amp; Unmarried Families"}]},{"@type":"WebSite","@id":"https:\/\/rfblegal.co.uk\/#website","url":"https:\/\/rfblegal.co.uk\/","name":"RFB Legal","description":"","publisher":{"@id":"https:\/\/rfblegal.co.uk\/#organization"},"potentialAction":[{"@type":"SearchAction","target":{"@type":"EntryPoint","urlTemplate":"https:\/\/rfblegal.co.uk\/?s={search_term_string}"},"query-input":{"@type":"PropertyValueSpecification","valueRequired":true,"valueName":"search_term_string"}}],"inLanguage":"es"},{"@type":"Organization","@id":"https:\/\/rfblegal.co.uk\/#organization","name":"RFB Legal","url":"https:\/\/rfblegal.co.uk\/","logo":{"@type":"ImageObject","inLanguage":"es","@id":"https:\/\/rfblegal.co.uk\/#\/schema\/logo\/image\/","url":"https:\/\/rfblegal.co.uk\/wp-content\/uploads\/2024\/01\/header_company_logo.svg","contentUrl":"https:\/\/rfblegal.co.uk\/wp-content\/uploads\/2024\/01\/header_company_logo.svg","caption":"RFB Legal"},"image":{"@id":"https:\/\/rfblegal.co.uk\/#\/schema\/logo\/image\/"},"sameAs":["https:\/\/www.facebook.com\/RFBLegal\/","https:\/\/www.linkedin.com\/uas\/login?session_redirect=company2012282","https:\/\/www.instagram.com\/rfb_legal\/"]}]}},"_links":{"self":[{"href":"https:\/\/rfblegal.co.uk\/es\/wp-json\/wp\/v2\/pages\/2362","targetHints":{"allow":["GET"]}}],"collection":[{"href":"https:\/\/rfblegal.co.uk\/es\/wp-json\/wp\/v2\/pages"}],"about":[{"href":"https:\/\/rfblegal.co.uk\/es\/wp-json\/wp\/v2\/types\/page"}],"author":[{"embeddable":true,"href":"https:\/\/rfblegal.co.uk\/es\/wp-json\/wp\/v2\/users\/1"}],"replies":[{"embeddable":true,"href":"https:\/\/rfblegal.co.uk\/es\/wp-json\/wp\/v2\/comments?post=2362"}],"version-history":[{"count":0,"href":"https:\/\/rfblegal.co.uk\/es\/wp-json\/wp\/v2\/pages\/2362\/revisions"}],"up":[{"embeddable":true,"href":"https:\/\/rfblegal.co.uk\/es\/wp-json\/wp\/v2\/pages\/2344"}],"wp:featuredmedia":[{"embeddable":true,"href":"https:\/\/rfblegal.co.uk\/es\/wp-json\/wp\/v2\/media\/2932"}],"wp:attachment":[{"href":"https:\/\/rfblegal.co.uk\/es\/wp-json\/wp\/v2\/media?parent=2362"}],"curies":[{"name":"wp","href":"https:\/\/api.w.org\/{rel}","templated":true}]}}