{"id":2359,"date":"2024-02-21T15:01:29","date_gmt":"2024-02-21T15:01:29","guid":{"rendered":"https:\/\/rfblegal.co.uk\/?page_id=2359"},"modified":"2024-02-23T08:37:06","modified_gmt":"2024-02-23T08:37:06","slug":"acuerdos-prenupciales-y-postnupciales-y-proteccion-del-patrimonio","status":"publish","type":"page","link":"https:\/\/rfblegal.co.uk\/es\/servicios\/derecho-personal\/divorcio-familia\/acuerdos-prenupciales-y-postnupciales-y-proteccion-del-patrimonio\/","title":{"rendered":"Acuerdos prenupciales y postnupciales y protecci\u00f3n del patrimonio"},"content":{"rendered":"<h2 class=\"wp-block-heading has-2-xl-font-size\" style=\"padding-top:var(--wp--preset--spacing--20);padding-bottom:var(--wp--preset--spacing--20);font-style:normal;font-weight:600\">Acuerdos prenupciales y postnupciales<\/h2>\n\n\n\n<h4 class=\"wp-block-heading has-lg-font-size\" style=\"padding-top:var(--wp--preset--spacing--20);padding-bottom:var(--wp--preset--spacing--20);font-style:normal;font-weight:500\"><strong>Los acuerdos nupciales son acuerdos que pretenden regular el reparto de bienes en caso de ruptura de un matrimonio o de una uni\u00f3n civil. Pueden celebrarse antes o despu\u00e9s del matrimonio o la uni\u00f3n civil.<\/strong><\/h4>\n\n\n\n<p style=\"padding-top:var(--wp--preset--spacing--20);padding-bottom:var(--wp--preset--spacing--20)\">Aunque los acuerdos nupciales est\u00e1n ganando impulso y \u2018peso\u2019 en los tribunales, no son vinculantes en Inglaterra y Gales y el tribunal conserva su discreci\u00f3n para dividir los bienes de las partes de acuerdo con lo que es \u2019justo\u2018. Sin embargo, cuando un acuerdo se ha preparado adecuadamente y ambas partes han recibido asesoramiento jur\u00eddico sobre los t\u00e9rminos del acuerdo, esto puede formar un factor primordial para que el tribunal considere al decidir lo que es \u2019justo\u2018 al dividir los bienes de un matrimonio a su conclusi\u00f3n.<\/p>\n\n\n\n<p style=\"padding-top:var(--wp--preset--spacing--20);padding-bottom:var(--wp--preset--spacing--20)\">Si est\u00e1 pensando en casarse y desea celebrar un acuerdo nupcial, nuestro equipo de familia puede ayudarle asesor\u00e1ndole y preparando un acuerdo que no s\u00f3lo cumpla los requisitos de los acuerdos nupciales dictados por los tribunales, sino que tambi\u00e9n le proporcione la seguridad, en la medida en que la ley lo permita, de satisfacer sus expectativas y deseos sobre el reparto de las finanzas si el matrimonio o la uni\u00f3n civil se rompieran.<\/p>","protected":false},"excerpt":{"rendered":"<p>Pre-Nuptial and Post-Nuptial Agreements Nuptial agreements are agreements which seek to regulate the distribution of assets upon the breakdown of a marriage or civil partnership. They can be made before or after two people marry or enter into a civil partnership. Whilst nuptial agreements are gaining momentum and \u2018weight\u2019 within the courts, they are not &hellip; <a href=\"https:\/\/rfblegal.co.uk\/es\/servicios\/derecho-personal\/divorcio-familia\/acuerdos-prenupciales-y-postnupciales-y-proteccion-del-patrimonio\/\">Contin\u00faa en<\/a><\/p>","protected":false},"author":1,"featured_media":2931,"parent":2344,"menu_order":0,"comment_status":"closed","ping_status":"closed","template":"tier3-template.blade.php","meta":{"_acf_changed":false,"om_disable_all_campaigns":false,"_uf_show_specific_survey":0,"_uf_disable_surveys":false,"footnotes":""},"class_list":["post-2359","page","type-page","status-publish","has-post-thumbnail","hentry"],"acf":[],"aioseo_notices":[],"yoast_head":"<!-- This site is optimized with the Yoast SEO plugin v27.2 - https:\/\/yoast.com\/product\/yoast-seo-wordpress\/ -->\n<title>Pre-nuptial and Post-nuptial Agreements and Wealth Protection - RFB Legal<\/title>\n<meta name=\"description\" content=\"Pre-Nuptial and Post-Nuptial Agreements Nuptial agreements are agreements which seek to regulate the distribution of assets upon the breakdown of a\" \/>\n<meta name=\"robots\" content=\"index, follow, max-snippet:-1, max-image-preview:large, max-video-preview:-1\" \/>\n<link rel=\"canonical\" href=\"https:\/\/rfblegal.co.uk\/es\/servicios\/derecho-personal\/divorcio-familia\/acuerdos-prenupciales-y-postnupciales-y-proteccion-del-patrimonio\/\" \/>\n<meta property=\"og:locale\" content=\"es_ES\" \/>\n<meta property=\"og:type\" content=\"article\" \/>\n<meta property=\"og:title\" content=\"Pre-nuptial and Post-nuptial Agreements and Wealth Protection - RFB Legal\" \/>\n<meta property=\"og:description\" content=\"Pre-Nuptial and Post-Nuptial Agreements Nuptial agreements are agreements which seek to regulate the distribution of assets upon the breakdown of a\" \/>\n<meta property=\"og:url\" content=\"https:\/\/rfblegal.co.uk\/es\/servicios\/derecho-personal\/divorcio-familia\/acuerdos-prenupciales-y-postnupciales-y-proteccion-del-patrimonio\/\" \/>\n<meta property=\"og:site_name\" content=\"RFB Legal\" \/>\n<meta property=\"article:publisher\" content=\"https:\/\/www.facebook.com\/RFBLegal\/\" \/>\n<meta property=\"article:modified_time\" content=\"2024-02-23T08:37:06+00:00\" \/>\n<meta property=\"og:image\" content=\"https:\/\/rfblegal.co.uk\/wp-content\/uploads\/2024\/02\/Pre-Nuptial_Post-Nuptial_Agreements.jpg\" \/>\n\t<meta property=\"og:image:width\" content=\"1440\" \/>\n\t<meta property=\"og:image:height\" content=\"550\" \/>\n\t<meta property=\"og:image:type\" content=\"image\/jpeg\" \/>\n<meta name=\"twitter:card\" content=\"summary_large_image\" \/>\n<meta name=\"twitter:label1\" content=\"Est. reading time\" \/>\n\t<meta name=\"twitter:data1\" content=\"2 minutos\" \/>\n<script type=\"application\/ld+json\" class=\"yoast-schema-graph\">{\"@context\":\"https:\/\/schema.org\",\"@graph\":[{\"@type\":\"WebPage\",\"@id\":\"https:\/\/rfblegal.co.uk\/services\/personal-law\/divorce-family\/pre-nuptial-and-post-nuptial-agreements-and-wealth-protection\/\",\"url\":\"https:\/\/rfblegal.co.uk\/services\/personal-law\/divorce-family\/pre-nuptial-and-post-nuptial-agreements-and-wealth-protection\/\",\"name\":\"Pre-nuptial and Post-nuptial Agreements and Wealth Protection - RFB Legal\",\"isPartOf\":{\"@id\":\"https:\/\/rfblegal.co.uk\/#website\"},\"primaryImageOfPage\":{\"@id\":\"https:\/\/rfblegal.co.uk\/services\/personal-law\/divorce-family\/pre-nuptial-and-post-nuptial-agreements-and-wealth-protection\/#primaryimage\"},\"image\":{\"@id\":\"https:\/\/rfblegal.co.uk\/services\/personal-law\/divorce-family\/pre-nuptial-and-post-nuptial-agreements-and-wealth-protection\/#primaryimage\"},\"thumbnailUrl\":\"https:\/\/rfblegal.co.uk\/wp-content\/uploads\/2024\/02\/Pre-Nuptial_Post-Nuptial_Agreements.jpg\",\"datePublished\":\"2024-02-21T15:01:29+00:00\",\"dateModified\":\"2024-02-23T08:37:06+00:00\",\"description\":\"Pre-Nuptial and Post-Nuptial Agreements Nuptial agreements are agreements which seek to regulate the distribution of assets upon the breakdown of a\",\"breadcrumb\":{\"@id\":\"https:\/\/rfblegal.co.uk\/services\/personal-law\/divorce-family\/pre-nuptial-and-post-nuptial-agreements-and-wealth-protection\/#breadcrumb\"},\"inLanguage\":\"es\",\"potentialAction\":[{\"@type\":\"ReadAction\",\"target\":[\"https:\/\/rfblegal.co.uk\/services\/personal-law\/divorce-family\/pre-nuptial-and-post-nuptial-agreements-and-wealth-protection\/\"]}]},{\"@type\":\"ImageObject\",\"inLanguage\":\"es\",\"@id\":\"https:\/\/rfblegal.co.uk\/services\/personal-law\/divorce-family\/pre-nuptial-and-post-nuptial-agreements-and-wealth-protection\/#primaryimage\",\"url\":\"https:\/\/rfblegal.co.uk\/wp-content\/uploads\/2024\/02\/Pre-Nuptial_Post-Nuptial_Agreements.jpg\",\"contentUrl\":\"https:\/\/rfblegal.co.uk\/wp-content\/uploads\/2024\/02\/Pre-Nuptial_Post-Nuptial_Agreements.jpg\",\"width\":1440,\"height\":550},{\"@type\":\"BreadcrumbList\",\"@id\":\"https:\/\/rfblegal.co.uk\/services\/personal-law\/divorce-family\/pre-nuptial-and-post-nuptial-agreements-and-wealth-protection\/#breadcrumb\",\"itemListElement\":[{\"@type\":\"ListItem\",\"position\":1,\"name\":\"Home\",\"item\":\"https:\/\/rfblegal.co.uk\/\"},{\"@type\":\"ListItem\",\"position\":2,\"name\":\"Services\",\"item\":\"https:\/\/rfblegal.co.uk\/services\/\"},{\"@type\":\"ListItem\",\"position\":3,\"name\":\"Personal Law Services\",\"item\":\"https:\/\/rfblegal.co.uk\/services\/personal-law\/\"},{\"@type\":\"ListItem\",\"position\":4,\"name\":\"Divorce &amp; Family\",\"item\":\"https:\/\/rfblegal.co.uk\/services\/personal-law\/divorce-family\/\"},{\"@type\":\"ListItem\",\"position\":5,\"name\":\"Pre-nuptial and Post-nuptial Agreements and Wealth Protection\"}]},{\"@type\":\"WebSite\",\"@id\":\"https:\/\/rfblegal.co.uk\/#website\",\"url\":\"https:\/\/rfblegal.co.uk\/\",\"name\":\"RFB Legal\",\"description\":\"\",\"publisher\":{\"@id\":\"https:\/\/rfblegal.co.uk\/#organization\"},\"potentialAction\":[{\"@type\":\"SearchAction\",\"target\":{\"@type\":\"EntryPoint\",\"urlTemplate\":\"https:\/\/rfblegal.co.uk\/?s={search_term_string}\"},\"query-input\":{\"@type\":\"PropertyValueSpecification\",\"valueRequired\":true,\"valueName\":\"search_term_string\"}}],\"inLanguage\":\"es\"},{\"@type\":\"Organization\",\"@id\":\"https:\/\/rfblegal.co.uk\/#organization\",\"name\":\"RFB Legal\",\"url\":\"https:\/\/rfblegal.co.uk\/\",\"logo\":{\"@type\":\"ImageObject\",\"inLanguage\":\"es\",\"@id\":\"https:\/\/rfblegal.co.uk\/#\/schema\/logo\/image\/\",\"url\":\"https:\/\/rfblegal.co.uk\/wp-content\/uploads\/2024\/01\/header_company_logo.svg\",\"contentUrl\":\"https:\/\/rfblegal.co.uk\/wp-content\/uploads\/2024\/01\/header_company_logo.svg\",\"caption\":\"RFB Legal\"},\"image\":{\"@id\":\"https:\/\/rfblegal.co.uk\/#\/schema\/logo\/image\/\"},\"sameAs\":[\"https:\/\/www.facebook.com\/RFBLegal\/\",\"https:\/\/www.linkedin.com\/uas\/login?session_redirect=company2012282\",\"https:\/\/www.instagram.com\/rfb_legal\/\"]}]}<\/script>\n<!-- \/ Yoast SEO plugin. -->","yoast_head_json":{"title":"Acuerdos prenupciales y postnupciales y protecci\u00f3n del patrimonio - RFB Legal","description":"Acuerdos prematrimoniales y postnupciales Los acuerdos prematrimoniales son acuerdos que tienen por objeto regular la distribuci\u00f3n de los bienes en caso de ruptura de la pareja.","robots":{"index":"index","follow":"follow","max-snippet":"max-snippet:-1","max-image-preview":"max-image-preview:large","max-video-preview":"max-video-preview:-1"},"canonical":"https:\/\/rfblegal.co.uk\/es\/servicios\/derecho-personal\/divorcio-familia\/acuerdos-prenupciales-y-postnupciales-y-proteccion-del-patrimonio\/","og_locale":"es_ES","og_type":"article","og_title":"Pre-nuptial and Post-nuptial Agreements and Wealth Protection - RFB Legal","og_description":"Pre-Nuptial and Post-Nuptial Agreements Nuptial agreements are agreements which seek to regulate the distribution of assets upon the breakdown of a","og_url":"https:\/\/rfblegal.co.uk\/es\/servicios\/derecho-personal\/divorcio-familia\/acuerdos-prenupciales-y-postnupciales-y-proteccion-del-patrimonio\/","og_site_name":"RFB Legal","article_publisher":"https:\/\/www.facebook.com\/RFBLegal\/","article_modified_time":"2024-02-23T08:37:06+00:00","og_image":[{"width":1440,"height":550,"url":"https:\/\/rfblegal.co.uk\/wp-content\/uploads\/2024\/02\/Pre-Nuptial_Post-Nuptial_Agreements.jpg","type":"image\/jpeg"}],"twitter_card":"summary_large_image","twitter_misc":{"Est. reading time":"2 minutos"},"schema":{"@context":"https:\/\/schema.org","@graph":[{"@type":"WebPage","@id":"https:\/\/rfblegal.co.uk\/services\/personal-law\/divorce-family\/pre-nuptial-and-post-nuptial-agreements-and-wealth-protection\/","url":"https:\/\/rfblegal.co.uk\/services\/personal-law\/divorce-family\/pre-nuptial-and-post-nuptial-agreements-and-wealth-protection\/","name":"Acuerdos prenupciales y postnupciales y protecci\u00f3n del patrimonio - RFB Legal","isPartOf":{"@id":"https:\/\/rfblegal.co.uk\/#website"},"primaryImageOfPage":{"@id":"https:\/\/rfblegal.co.uk\/services\/personal-law\/divorce-family\/pre-nuptial-and-post-nuptial-agreements-and-wealth-protection\/#primaryimage"},"image":{"@id":"https:\/\/rfblegal.co.uk\/services\/personal-law\/divorce-family\/pre-nuptial-and-post-nuptial-agreements-and-wealth-protection\/#primaryimage"},"thumbnailUrl":"https:\/\/rfblegal.co.uk\/wp-content\/uploads\/2024\/02\/Pre-Nuptial_Post-Nuptial_Agreements.jpg","datePublished":"2024-02-21T15:01:29+00:00","dateModified":"2024-02-23T08:37:06+00:00","description":"Acuerdos prematrimoniales y postnupciales Los acuerdos prematrimoniales son acuerdos que tienen por objeto regular la distribuci\u00f3n de los bienes en caso de ruptura de la pareja.","breadcrumb":{"@id":"https:\/\/rfblegal.co.uk\/services\/personal-law\/divorce-family\/pre-nuptial-and-post-nuptial-agreements-and-wealth-protection\/#breadcrumb"},"inLanguage":"es","potentialAction":[{"@type":"ReadAction","target":["https:\/\/rfblegal.co.uk\/services\/personal-law\/divorce-family\/pre-nuptial-and-post-nuptial-agreements-and-wealth-protection\/"]}]},{"@type":"ImageObject","inLanguage":"es","@id":"https:\/\/rfblegal.co.uk\/services\/personal-law\/divorce-family\/pre-nuptial-and-post-nuptial-agreements-and-wealth-protection\/#primaryimage","url":"https:\/\/rfblegal.co.uk\/wp-content\/uploads\/2024\/02\/Pre-Nuptial_Post-Nuptial_Agreements.jpg","contentUrl":"https:\/\/rfblegal.co.uk\/wp-content\/uploads\/2024\/02\/Pre-Nuptial_Post-Nuptial_Agreements.jpg","width":1440,"height":550},{"@type":"BreadcrumbList","@id":"https:\/\/rfblegal.co.uk\/services\/personal-law\/divorce-family\/pre-nuptial-and-post-nuptial-agreements-and-wealth-protection\/#breadcrumb","itemListElement":[{"@type":"ListItem","position":1,"name":"Home","item":"https:\/\/rfblegal.co.uk\/"},{"@type":"ListItem","position":2,"name":"Services","item":"https:\/\/rfblegal.co.uk\/services\/"},{"@type":"ListItem","position":3,"name":"Personal Law Services","item":"https:\/\/rfblegal.co.uk\/services\/personal-law\/"},{"@type":"ListItem","position":4,"name":"Divorce &amp; Family","item":"https:\/\/rfblegal.co.uk\/services\/personal-law\/divorce-family\/"},{"@type":"ListItem","position":5,"name":"Pre-nuptial and Post-nuptial Agreements and Wealth Protection"}]},{"@type":"WebSite","@id":"https:\/\/rfblegal.co.uk\/#website","url":"https:\/\/rfblegal.co.uk\/","name":"RFB Legal","description":"","publisher":{"@id":"https:\/\/rfblegal.co.uk\/#organization"},"potentialAction":[{"@type":"SearchAction","target":{"@type":"EntryPoint","urlTemplate":"https:\/\/rfblegal.co.uk\/?s={search_term_string}"},"query-input":{"@type":"PropertyValueSpecification","valueRequired":true,"valueName":"search_term_string"}}],"inLanguage":"es"},{"@type":"Organization","@id":"https:\/\/rfblegal.co.uk\/#organization","name":"RFB Legal","url":"https:\/\/rfblegal.co.uk\/","logo":{"@type":"ImageObject","inLanguage":"es","@id":"https:\/\/rfblegal.co.uk\/#\/schema\/logo\/image\/","url":"https:\/\/rfblegal.co.uk\/wp-content\/uploads\/2024\/01\/header_company_logo.svg","contentUrl":"https:\/\/rfblegal.co.uk\/wp-content\/uploads\/2024\/01\/header_company_logo.svg","caption":"RFB Legal"},"image":{"@id":"https:\/\/rfblegal.co.uk\/#\/schema\/logo\/image\/"},"sameAs":["https:\/\/www.facebook.com\/RFBLegal\/","https:\/\/www.linkedin.com\/uas\/login?session_redirect=company2012282","https:\/\/www.instagram.com\/rfb_legal\/"]}]}},"_links":{"self":[{"href":"https:\/\/rfblegal.co.uk\/es\/wp-json\/wp\/v2\/pages\/2359","targetHints":{"allow":["GET"]}}],"collection":[{"href":"https:\/\/rfblegal.co.uk\/es\/wp-json\/wp\/v2\/pages"}],"about":[{"href":"https:\/\/rfblegal.co.uk\/es\/wp-json\/wp\/v2\/types\/page"}],"author":[{"embeddable":true,"href":"https:\/\/rfblegal.co.uk\/es\/wp-json\/wp\/v2\/users\/1"}],"replies":[{"embeddable":true,"href":"https:\/\/rfblegal.co.uk\/es\/wp-json\/wp\/v2\/comments?post=2359"}],"version-history":[{"count":0,"href":"https:\/\/rfblegal.co.uk\/es\/wp-json\/wp\/v2\/pages\/2359\/revisions"}],"up":[{"embeddable":true,"href":"https:\/\/rfblegal.co.uk\/es\/wp-json\/wp\/v2\/pages\/2344"}],"wp:featuredmedia":[{"embeddable":true,"href":"https:\/\/rfblegal.co.uk\/es\/wp-json\/wp\/v2\/media\/2931"}],"wp:attachment":[{"href":"https:\/\/rfblegal.co.uk\/es\/wp-json\/wp\/v2\/media?parent=2359"}],"curies":[{"name":"wp","href":"https:\/\/api.w.org\/{rel}","templated":true}]}}