{"id":2316,"date":"2024-02-21T14:37:17","date_gmt":"2024-02-21T14:37:17","guid":{"rendered":"https:\/\/rfblegal.co.uk\/?page_id=2316"},"modified":"2026-04-15T11:14:16","modified_gmt":"2026-04-15T11:14:16","slug":"solicitudes-ante-el-tribunal-de-proteccion","status":"publish","type":"page","link":"https:\/\/rfblegal.co.uk\/es\/servicios\/derecho-personal\/powers-of-attorney-and-court-protection\/solicitudes-ante-el-tribunal-de-proteccion\/","title":{"rendered":"Solicitudes al Tribunal de Protecci\u00f3n"},"content":{"rendered":"<h2 class=\"wp-block-heading has-2-xl-font-size\" style=\"padding-top:var(--wp--preset--spacing--20);padding-bottom:var(--wp--preset--spacing--20);font-style:normal;font-weight:600\">Solicitud ante el Tribunal de Protecci\u00f3n<\/h2>\n\n\n\n<h4 class=\"wp-block-heading has-lg-font-size\" style=\"padding-top:var(--wp--preset--spacing--20);padding-bottom:var(--wp--preset--spacing--20);font-style:normal;font-weight:600\">El Tribunal de Protecci\u00f3n se ocupa de la propiedad, los asuntos financieros y el bienestar personal de las personas que carecen de capacidad mental para tomar esas decisiones por s\u00ed mismas.<\/h4>\n\n\n\n<p>Podemos ayudarle con todo tipo de solicitudes ante el Tribunal de Protecci\u00f3n, incluyendo pero no limitado a:<\/p>\n\n\n\n<p style=\"padding-top:var(--wp--preset--spacing--20);padding-bottom:var(--wp--preset--spacing--20)\"><strong>Diputado<\/strong><\/p>\n\n\n\n<p style=\"padding-top:var(--wp--preset--spacing--20);padding-bottom:var(--wp--preset--spacing--20)\">Si una persona carece de capacidad para otorgar un poder de \u00faltima voluntad o para gestionar sus asuntos, se puede presentar una solicitud ante el Tribunal de Protecci\u00f3n para que se designe a alguien que tome decisiones en su nombre, y nosotros podemos ayudarle a hacerlo. Tambi\u00e9n podemos ayudar a los delegados a presentar un informe anual a la Oficina del Tutor P\u00fablico explicando las decisiones tomadas en el \u00faltimo a\u00f1o.<\/p>\n\n\n\n<p style=\"padding-top:var(--wp--preset--spacing--20);padding-bottom:var(--wp--preset--spacing--20)\"><strong>Decisiones puntuales<\/strong><\/p>\n\n\n\n<p style=\"padding-top:var(--wp--preset--spacing--20);padding-bottom:var(--wp--preset--spacing--20)\">Si desea obtener autoridad para tomar una decisi\u00f3n en nombre de una persona que carece de capacidad, puede solicitar al Tribunal de Protecci\u00f3n una orden \u00fanica. Esto podr\u00eda ser necesario cuando se desea hacer una donaci\u00f3n para reducir la carga fiscal de su herencia, solicitar el pago de cuidados familiares o autoridad en relaci\u00f3n con un tratamiento m\u00e9dico concreto.<\/p>\n\n\n\n<p style=\"padding-top:var(--wp--preset--spacing--20);padding-bottom:var(--wp--preset--spacing--20)\"><strong>Aplicaciones de la Ley fiduciaria<\/strong><\/p>\n\n\n\n<p style=\"padding-top:var(--wp--preset--spacing--20);padding-bottom:var(--wp--preset--spacing--20)\">Si un inmueble es de propiedad conjunta y uno de los propietarios carece de capacidad para participar en la venta y no dispone de un poder notarial permanente, puede ser necesario solicitar que se le sustituya como fideicomisario para poder vender el inmueble. Esto no afectar\u00eda a su derecho a prestaciones.<\/p>\n\n\n\n<p style=\"padding-top:var(--wp--preset--spacing--20);padding-bottom:var(--wp--preset--spacing--20)\"><strong>Testamento legal<\/strong><\/p>\n\n\n\n<p style=\"padding-top:var(--wp--preset--spacing--20);padding-bottom:var(--wp--preset--spacing--20)\">Si una persona no tiene capacidad mental para hacer testamento y usted considera que no le conviene que la herencia se distribuya con arreglo al testamento existente o a las disposiciones sobre sucesi\u00f3n intestada, puede solicitar al Tribunal de Protecci\u00f3n que se haga un testamento legal en su nombre.<\/p>\n\n\n\n<p style=\"padding-top:var(--wp--preset--spacing--20);padding-bottom:var(--wp--preset--spacing--20)\"><\/p>","protected":false},"excerpt":{"rendered":"<p>Court of Protection application The Court of Protection deals with the property, financial affairs, and personal welfare of people who lack the mental capacity to make those decisions themselves. We can assist you with all types of applications to the Court of Protection including but not limited to: Deputyship If a person lacks the capacity &hellip; <a href=\"https:\/\/rfblegal.co.uk\/es\/servicios\/derecho-personal\/powers-of-attorney-and-court-protection\/solicitudes-ante-el-tribunal-de-proteccion\/\">Contin\u00faa en<\/a><\/p>","protected":false},"author":1,"featured_media":2863,"parent":1978,"menu_order":0,"comment_status":"closed","ping_status":"closed","template":"tier3-template.blade.php","meta":{"_acf_changed":false,"om_disable_all_campaigns":false,"_uf_show_specific_survey":0,"_uf_disable_surveys":false,"footnotes":""},"class_list":["post-2316","page","type-page","status-publish","has-post-thumbnail","hentry"],"acf":[],"aioseo_notices":[],"yoast_head":"<!-- This site is optimized with the Yoast SEO plugin v27.2 - https:\/\/yoast.com\/product\/yoast-seo-wordpress\/ -->\n<title>Court of Protection Applications - RFB Legal<\/title>\n<meta name=\"description\" content=\"Court of Protection application The Court of Protection deals with the property, financial affairs, and personal welfare of people who lack the mental\" \/>\n<meta name=\"robots\" content=\"index, follow, max-snippet:-1, max-image-preview:large, max-video-preview:-1\" \/>\n<link rel=\"canonical\" href=\"https:\/\/rfblegal.co.uk\/es\/servicios\/derecho-personal\/powers-of-attorney-and-court-protection\/solicitudes-ante-el-tribunal-de-proteccion\/\" \/>\n<meta property=\"og:locale\" content=\"es_ES\" \/>\n<meta property=\"og:type\" content=\"article\" \/>\n<meta property=\"og:title\" content=\"Court of Protection Applications - RFB Legal\" \/>\n<meta property=\"og:description\" content=\"Court of Protection application The Court of Protection deals with the property, financial affairs, and personal welfare of people who lack the mental\" \/>\n<meta property=\"og:url\" content=\"https:\/\/rfblegal.co.uk\/es\/servicios\/derecho-personal\/powers-of-attorney-and-court-protection\/solicitudes-ante-el-tribunal-de-proteccion\/\" \/>\n<meta property=\"og:site_name\" content=\"RFB Legal\" \/>\n<meta property=\"article:publisher\" content=\"https:\/\/www.facebook.com\/RFBLegal\/\" \/>\n<meta property=\"article:modified_time\" content=\"2026-04-15T11:14:16+00:00\" \/>\n<meta property=\"og:image\" content=\"https:\/\/rfblegal.co.uk\/wp-content\/uploads\/2024\/02\/Contentious_Trusts_and_Probate-1.jpg\" \/>\n\t<meta property=\"og:image:width\" content=\"1440\" \/>\n\t<meta property=\"og:image:height\" content=\"550\" \/>\n\t<meta property=\"og:image:type\" content=\"image\/jpeg\" \/>\n<meta name=\"twitter:card\" content=\"summary_large_image\" \/>\n<meta name=\"twitter:label1\" content=\"Est. reading time\" \/>\n\t<meta name=\"twitter:data1\" content=\"2 minutos\" \/>\n<script type=\"application\/ld+json\" class=\"yoast-schema-graph\">{\"@context\":\"https:\/\/schema.org\",\"@graph\":[{\"@type\":\"WebPage\",\"@id\":\"https:\/\/rfblegal.co.uk\/services\/personal-law\/powers-of-attorney-and-court-protection\/court-of-protection-applications\/\",\"url\":\"https:\/\/rfblegal.co.uk\/services\/personal-law\/powers-of-attorney-and-court-protection\/court-of-protection-applications\/\",\"name\":\"Court of Protection Applications - RFB Legal\",\"isPartOf\":{\"@id\":\"https:\/\/rfblegal.co.uk\/#website\"},\"primaryImageOfPage\":{\"@id\":\"https:\/\/rfblegal.co.uk\/services\/personal-law\/powers-of-attorney-and-court-protection\/court-of-protection-applications\/#primaryimage\"},\"image\":{\"@id\":\"https:\/\/rfblegal.co.uk\/services\/personal-law\/powers-of-attorney-and-court-protection\/court-of-protection-applications\/#primaryimage\"},\"thumbnailUrl\":\"https:\/\/rfblegal.co.uk\/wp-content\/uploads\/2024\/02\/Contentious_Trusts_and_Probate-1.jpg\",\"datePublished\":\"2024-02-21T14:37:17+00:00\",\"dateModified\":\"2026-04-15T11:14:16+00:00\",\"description\":\"Court of Protection application The Court of Protection deals with the property, financial affairs, and personal welfare of people who lack the mental\",\"breadcrumb\":{\"@id\":\"https:\/\/rfblegal.co.uk\/services\/personal-law\/powers-of-attorney-and-court-protection\/court-of-protection-applications\/#breadcrumb\"},\"inLanguage\":\"es\",\"potentialAction\":[{\"@type\":\"ReadAction\",\"target\":[\"https:\/\/rfblegal.co.uk\/services\/personal-law\/powers-of-attorney-and-court-protection\/court-of-protection-applications\/\"]}]},{\"@type\":\"ImageObject\",\"inLanguage\":\"es\",\"@id\":\"https:\/\/rfblegal.co.uk\/services\/personal-law\/powers-of-attorney-and-court-protection\/court-of-protection-applications\/#primaryimage\",\"url\":\"https:\/\/rfblegal.co.uk\/wp-content\/uploads\/2024\/02\/Contentious_Trusts_and_Probate-1.jpg\",\"contentUrl\":\"https:\/\/rfblegal.co.uk\/wp-content\/uploads\/2024\/02\/Contentious_Trusts_and_Probate-1.jpg\",\"width\":1440,\"height\":550},{\"@type\":\"BreadcrumbList\",\"@id\":\"https:\/\/rfblegal.co.uk\/services\/personal-law\/powers-of-attorney-and-court-protection\/court-of-protection-applications\/#breadcrumb\",\"itemListElement\":[{\"@type\":\"ListItem\",\"position\":1,\"name\":\"Home\",\"item\":\"https:\/\/rfblegal.co.uk\/\"},{\"@type\":\"ListItem\",\"position\":2,\"name\":\"Services\",\"item\":\"https:\/\/rfblegal.co.uk\/services\/\"},{\"@type\":\"ListItem\",\"position\":3,\"name\":\"Personal Law Services\",\"item\":\"https:\/\/rfblegal.co.uk\/services\/personal-law\/\"},{\"@type\":\"ListItem\",\"position\":4,\"name\":\"Powers of Attorney &amp; Court Protection\",\"item\":\"https:\/\/rfblegal.co.uk\/services\/personal-law\/powers-of-attorney-and-court-protection\/\"},{\"@type\":\"ListItem\",\"position\":5,\"name\":\"Court of Protection Applications\"}]},{\"@type\":\"WebSite\",\"@id\":\"https:\/\/rfblegal.co.uk\/#website\",\"url\":\"https:\/\/rfblegal.co.uk\/\",\"name\":\"RFB Legal\",\"description\":\"\",\"publisher\":{\"@id\":\"https:\/\/rfblegal.co.uk\/#organization\"},\"potentialAction\":[{\"@type\":\"SearchAction\",\"target\":{\"@type\":\"EntryPoint\",\"urlTemplate\":\"https:\/\/rfblegal.co.uk\/?s={search_term_string}\"},\"query-input\":{\"@type\":\"PropertyValueSpecification\",\"valueRequired\":true,\"valueName\":\"search_term_string\"}}],\"inLanguage\":\"es\"},{\"@type\":\"Organization\",\"@id\":\"https:\/\/rfblegal.co.uk\/#organization\",\"name\":\"RFB Legal\",\"url\":\"https:\/\/rfblegal.co.uk\/\",\"logo\":{\"@type\":\"ImageObject\",\"inLanguage\":\"es\",\"@id\":\"https:\/\/rfblegal.co.uk\/#\/schema\/logo\/image\/\",\"url\":\"https:\/\/rfblegal.co.uk\/wp-content\/uploads\/2024\/01\/header_company_logo.svg\",\"contentUrl\":\"https:\/\/rfblegal.co.uk\/wp-content\/uploads\/2024\/01\/header_company_logo.svg\",\"caption\":\"RFB Legal\"},\"image\":{\"@id\":\"https:\/\/rfblegal.co.uk\/#\/schema\/logo\/image\/\"},\"sameAs\":[\"https:\/\/www.facebook.com\/RFBLegal\/\",\"https:\/\/www.linkedin.com\/uas\/login?session_redirect=company2012282\",\"https:\/\/www.instagram.com\/rfb_legal\/\"]}]}<\/script>\n<!-- \/ Yoast SEO plugin. -->","yoast_head_json":{"title":"Solicitudes al Tribunal de Protecci\u00f3n - RFB Legal","description":"Solicitud ante el Tribunal de Protecci\u00f3n El Tribunal de Protecci\u00f3n se ocupa de la propiedad, los asuntos financieros y el bienestar personal de las personas que carecen de la capacidad mental para hacerlo.","robots":{"index":"index","follow":"follow","max-snippet":"max-snippet:-1","max-image-preview":"max-image-preview:large","max-video-preview":"max-video-preview:-1"},"canonical":"https:\/\/rfblegal.co.uk\/es\/servicios\/derecho-personal\/powers-of-attorney-and-court-protection\/solicitudes-ante-el-tribunal-de-proteccion\/","og_locale":"es_ES","og_type":"article","og_title":"Court of Protection Applications - RFB Legal","og_description":"Court of Protection application The Court of Protection deals with the property, financial affairs, and personal welfare of people who lack the mental","og_url":"https:\/\/rfblegal.co.uk\/es\/servicios\/derecho-personal\/powers-of-attorney-and-court-protection\/solicitudes-ante-el-tribunal-de-proteccion\/","og_site_name":"RFB Legal","article_publisher":"https:\/\/www.facebook.com\/RFBLegal\/","article_modified_time":"2026-04-15T11:14:16+00:00","og_image":[{"width":1440,"height":550,"url":"https:\/\/rfblegal.co.uk\/wp-content\/uploads\/2024\/02\/Contentious_Trusts_and_Probate-1.jpg","type":"image\/jpeg"}],"twitter_card":"summary_large_image","twitter_misc":{"Est. reading time":"2 minutos"},"schema":{"@context":"https:\/\/schema.org","@graph":[{"@type":"WebPage","@id":"https:\/\/rfblegal.co.uk\/services\/personal-law\/powers-of-attorney-and-court-protection\/court-of-protection-applications\/","url":"https:\/\/rfblegal.co.uk\/services\/personal-law\/powers-of-attorney-and-court-protection\/court-of-protection-applications\/","name":"Solicitudes al Tribunal de Protecci\u00f3n - RFB Legal","isPartOf":{"@id":"https:\/\/rfblegal.co.uk\/#website"},"primaryImageOfPage":{"@id":"https:\/\/rfblegal.co.uk\/services\/personal-law\/powers-of-attorney-and-court-protection\/court-of-protection-applications\/#primaryimage"},"image":{"@id":"https:\/\/rfblegal.co.uk\/services\/personal-law\/powers-of-attorney-and-court-protection\/court-of-protection-applications\/#primaryimage"},"thumbnailUrl":"https:\/\/rfblegal.co.uk\/wp-content\/uploads\/2024\/02\/Contentious_Trusts_and_Probate-1.jpg","datePublished":"2024-02-21T14:37:17+00:00","dateModified":"2026-04-15T11:14:16+00:00","description":"Solicitud ante el Tribunal de Protecci\u00f3n El Tribunal de Protecci\u00f3n se ocupa de la propiedad, los asuntos financieros y el bienestar personal de las personas que carecen de la capacidad mental para hacerlo.","breadcrumb":{"@id":"https:\/\/rfblegal.co.uk\/services\/personal-law\/powers-of-attorney-and-court-protection\/court-of-protection-applications\/#breadcrumb"},"inLanguage":"es","potentialAction":[{"@type":"ReadAction","target":["https:\/\/rfblegal.co.uk\/services\/personal-law\/powers-of-attorney-and-court-protection\/court-of-protection-applications\/"]}]},{"@type":"ImageObject","inLanguage":"es","@id":"https:\/\/rfblegal.co.uk\/services\/personal-law\/powers-of-attorney-and-court-protection\/court-of-protection-applications\/#primaryimage","url":"https:\/\/rfblegal.co.uk\/wp-content\/uploads\/2024\/02\/Contentious_Trusts_and_Probate-1.jpg","contentUrl":"https:\/\/rfblegal.co.uk\/wp-content\/uploads\/2024\/02\/Contentious_Trusts_and_Probate-1.jpg","width":1440,"height":550},{"@type":"BreadcrumbList","@id":"https:\/\/rfblegal.co.uk\/services\/personal-law\/powers-of-attorney-and-court-protection\/court-of-protection-applications\/#breadcrumb","itemListElement":[{"@type":"ListItem","position":1,"name":"Home","item":"https:\/\/rfblegal.co.uk\/"},{"@type":"ListItem","position":2,"name":"Services","item":"https:\/\/rfblegal.co.uk\/services\/"},{"@type":"ListItem","position":3,"name":"Personal Law Services","item":"https:\/\/rfblegal.co.uk\/services\/personal-law\/"},{"@type":"ListItem","position":4,"name":"Powers of Attorney &amp; Court Protection","item":"https:\/\/rfblegal.co.uk\/services\/personal-law\/powers-of-attorney-and-court-protection\/"},{"@type":"ListItem","position":5,"name":"Court of Protection Applications"}]},{"@type":"WebSite","@id":"https:\/\/rfblegal.co.uk\/#website","url":"https:\/\/rfblegal.co.uk\/","name":"RFB Legal","description":"","publisher":{"@id":"https:\/\/rfblegal.co.uk\/#organization"},"potentialAction":[{"@type":"SearchAction","target":{"@type":"EntryPoint","urlTemplate":"https:\/\/rfblegal.co.uk\/?s={search_term_string}"},"query-input":{"@type":"PropertyValueSpecification","valueRequired":true,"valueName":"search_term_string"}}],"inLanguage":"es"},{"@type":"Organization","@id":"https:\/\/rfblegal.co.uk\/#organization","name":"RFB Legal","url":"https:\/\/rfblegal.co.uk\/","logo":{"@type":"ImageObject","inLanguage":"es","@id":"https:\/\/rfblegal.co.uk\/#\/schema\/logo\/image\/","url":"https:\/\/rfblegal.co.uk\/wp-content\/uploads\/2024\/01\/header_company_logo.svg","contentUrl":"https:\/\/rfblegal.co.uk\/wp-content\/uploads\/2024\/01\/header_company_logo.svg","caption":"RFB Legal"},"image":{"@id":"https:\/\/rfblegal.co.uk\/#\/schema\/logo\/image\/"},"sameAs":["https:\/\/www.facebook.com\/RFBLegal\/","https:\/\/www.linkedin.com\/uas\/login?session_redirect=company2012282","https:\/\/www.instagram.com\/rfb_legal\/"]}]}},"_links":{"self":[{"href":"https:\/\/rfblegal.co.uk\/es\/wp-json\/wp\/v2\/pages\/2316","targetHints":{"allow":["GET"]}}],"collection":[{"href":"https:\/\/rfblegal.co.uk\/es\/wp-json\/wp\/v2\/pages"}],"about":[{"href":"https:\/\/rfblegal.co.uk\/es\/wp-json\/wp\/v2\/types\/page"}],"author":[{"embeddable":true,"href":"https:\/\/rfblegal.co.uk\/es\/wp-json\/wp\/v2\/users\/1"}],"replies":[{"embeddable":true,"href":"https:\/\/rfblegal.co.uk\/es\/wp-json\/wp\/v2\/comments?post=2316"}],"version-history":[{"count":2,"href":"https:\/\/rfblegal.co.uk\/es\/wp-json\/wp\/v2\/pages\/2316\/revisions"}],"predecessor-version":[{"id":9200,"href":"https:\/\/rfblegal.co.uk\/es\/wp-json\/wp\/v2\/pages\/2316\/revisions\/9200"}],"up":[{"embeddable":true,"href":"https:\/\/rfblegal.co.uk\/es\/wp-json\/wp\/v2\/pages\/1978"}],"wp:featuredmedia":[{"embeddable":true,"href":"https:\/\/rfblegal.co.uk\/es\/wp-json\/wp\/v2\/media\/2863"}],"wp:attachment":[{"href":"https:\/\/rfblegal.co.uk\/es\/wp-json\/wp\/v2\/media?parent=2316"}],"curies":[{"name":"wp","href":"https:\/\/api.w.org\/{rel}","templated":true}]}}