{"id":2169,"date":"2024-02-21T12:56:55","date_gmt":"2024-02-21T12:56:55","guid":{"rendered":"https:\/\/rfblegal.co.uk\/?page_id=2169"},"modified":"2025-09-04T18:32:51","modified_gmt":"2025-09-04T18:32:51","slug":"construccion-e-ingenieria","status":"publish","type":"page","link":"https:\/\/rfblegal.co.uk\/es\/servicios\/derecho-personal\/litigios-inmobiliarios\/construccion-e-ingenieria\/","title":{"rendered":"Construcci\u00f3n e ingenier\u00eda"},"content":{"rendered":"<h2 class=\"wp-block-heading has-2-xl-font-size\" style=\"padding-top:var(--wp--preset--spacing--20);padding-bottom:var(--wp--preset--spacing--20);font-style:normal;font-weight:600\">Construcci\u00f3n<\/h2>\n\n\n\n<h4 class=\"wp-block-heading has-lg-font-size\" style=\"padding-top:var(--wp--preset--spacing--20);padding-bottom:var(--wp--preset--spacing--20);font-style:normal;font-weight:500\"><strong>Nuestro consolidado equipo de Construcci\u00f3n cuenta con una amplia experiencia en el asesoramiento a empresarios, contratistas principales y subcontratistas en una amplia gama de litigios de construcci\u00f3n.<\/strong><\/h4>\n\n\n\n<p style=\"padding-top:var(--wp--preset--spacing--20);padding-bottom:var(--wp--preset--spacing--20)\">Nuestros clientes abarcan todo el sector de la construcci\u00f3n, incluidos empresarios, contratistas principales y subcontratistas, y profesionales de la construcci\u00f3n (como arquitectos). Tenemos experiencia en actuar y asesorar en multitud de litigios de construcci\u00f3n derivados de todo el espectro de contratos de construcci\u00f3n, as\u00ed como de acuerdos escritos (u orales) a medida. Somos expertos en la gesti\u00f3n de litigios que van desde la adjudicaci\u00f3n de la \u2018cuenta final\u2019 hasta el asesoramiento a clientes en relaci\u00f3n con reclamaciones por retrasos, as\u00ed como en el \u00e1mbito muy pol\u00e9mico de la rescisi\u00f3n.<\/p>\n\n\n\n<p style=\"padding-top:var(--wp--preset--spacing--20);padding-bottom:var(--wp--preset--spacing--20)\">Evaluamos el objetivo de cada cliente y dise\u00f1amos una estrategia pr\u00e1ctica y viable que sea la m\u00e1s adecuada para lograr el resultado deseado, ya sea mediante negociaciones, mediaci\u00f3n, adjudicaci\u00f3n o, en su caso, incoando un procedimiento ante el Tribunal de Tecnolog\u00eda y Construcci\u00f3n. &nbsp;<\/p>\n\n\n\n<p style=\"padding-top:var(--wp--preset--spacing--20);padding-bottom:var(--wp--preset--spacing--20)\">\t\t\t\t\t\t<style>\r\n\t\t\t\t<style>\r\n#wpsm_accordion_2740 .wpsm_panel-heading{\r\n\tpadding:0px !important;\r\n}\r\n#wpsm_accordion_2740 .wpsm_panel-title {\r\n\tmargin:0px !important; \r\n\ttext-transform:none !important;\r\n\tline-height: 1 !important;\r\n}\r\n#wpsm_accordion_2740 .wpsm_panel-title a{\r\n\ttext-decoration:none;\r\n\toverflow:hidden;\r\n\tdisplay:block;\r\n\tpadding:0px;\r\n\tfont-size: 18px !important;\r\n\tfont-family: Open Sans !important;\r\n\tcolor:#000000 !important;\r\n\tborder-bottom:0px !important;\r\n}\r\n\r\n#wpsm_accordion_2740 .wpsm_panel-title a:focus {\r\noutline: 0px !important;\r\n}\r\n\r\n#wpsm_accordion_2740 .wpsm_panel-title a:hover, #wpsm_accordion_2740 .wpsm_panel-title a:focus {\r\n\tcolor:#000000 !important;\r\n}\r\n#wpsm_accordion_2740 .acc-a{\r\n\tcolor: #000000 !important;\r\n\tbackground-color:#e8e8e8 !important;\r\n\tborder-color: #ddd;\r\n}\r\n#wpsm_accordion_2740 .wpsm_panel-default > .wpsm_panel-heading{\r\n\tcolor: #000000 !important;\r\n\tbackground-color: #e8e8e8 !important;\r\n\tborder-color: #e8e8e8 !important;\r\n\tborder-top-left-radius: 0px;\r\n\tborder-top-right-radius: 0px;\r\n}\r\n#wpsm_accordion_2740 .wpsm_panel-default {\r\n\t\tborder:1px solid transparent !important;\r\n\t}\r\n#wpsm_accordion_2740 {\r\n\tmargin-bottom: 20px;\r\n\toverflow: hidden;\r\n\tfloat: none;\r\n\twidth: 100%;\r\n\tdisplay: block;\r\n}\r\n#wpsm_accordion_2740 .ac_title_class{\r\n\tdisplay: block;\r\n\tpadding-top: 12px;\r\n\tpadding-bottom: 12px;\r\n\tpadding-left: 15px;\r\n\tpadding-right: 15px;\r\n}\r\n#wpsm_accordion_2740  .wpsm_panel {\r\n\toverflow:hidden;\r\n\t-webkit-box-shadow: 0 0px 0px rgba(0, 0, 0, .05);\r\n\tbox-shadow: 0 0px 0px rgba(0, 0, 0, .05);\r\n\t\tborder-radius: 4px;\r\n\t}\r\n#wpsm_accordion_2740  .wpsm_panel + .wpsm_panel {\r\n\t\tmargin-top: 5px;\r\n\t}\r\n#wpsm_accordion_2740  .wpsm_panel-body{\r\n\tbackground-color:#ffffff !important;\r\n\tcolor:#000000 !important;\r\n\tborder-top-color: #e8e8e8 !important;\r\n\tfont-size:16px !important;\r\n\tfont-family: Open Sans !important;\r\n\toverflow: hidden;\r\n\t\tborder: 2px solid #e8e8e8 !important;\r\n\t}\r\n\r\n#wpsm_accordion_2740 .ac_open_cl_icon{\r\n\tbackground-color:#e8e8e8 !important;\r\n\tcolor: #000000 !important;\r\n\tfloat:right !important;\r\n\tpadding-top: 12px !important;\r\n\tpadding-bottom: 12px !important;\r\n\tline-height: 1.0 !important;\r\n\tpadding-left: 15px !important;\r\n\tpadding-right: 15px !important;\r\n\tdisplay: inline-block !important;\r\n}\r\n\r\n\t\t\t\r\n\t\t\t<\/style>\t\r\n\t\t\t<\/style>\r\n\t\t\t<div class=\"wpsm_panel-group\" id=\"wpsm_accordion_2740\" >\r\n\t\t\t\t\t\t\t\t\r\n\t\t\t\t\t<!-- Inner panel Start -->\r\n\t\t\t\t\t<div class=\"wpsm_panel wpsm_panel-default\">\r\n\t\t\t\t\t\t<div class=\"wpsm_panel-heading\" role=\"tab\" >\r\n\t\t\t\t\t\t  <h4 class=\"wpsm_panel-title\">\r\n\t\t\t\t\t\t\t<a  class=\"\"  data-toggle=\"collapse\" data-parent=\"#wpsm_accordion_2740 \" href=\"javascript:void(0)\" data-target=\"#ac_2740_collapse1\" onclick=\"do_resize()\">\r\n\t\t\t\t\t\t\t\t\t\t\t\t\t\t\t\t\t<span class=\"ac_open_cl_icon fa fa-minus\"><\/span>\r\n\t\t\t\t\t\t\t\t\t\r\n\t\t\t\t\t\t\t\t \r\n\t\t\t\t\t\t\t\t<span class=\"ac_title_class\">\r\n\t\t\t\t\t\t\t\t\tEntre los casos m\u00e1s recientes figuran:\t\t\t\t\t\t\t\t<\/span>\r\n\t\t\t\t\t\t\t<\/a>\r\n\t\t\t\t\t\t  <\/h4>\r\n\t\t\t\t\t\t<\/div>\r\n\t\t\t\t\t\t<div id=\"ac_2740_collapse1\" class=\"wpsm_panel-collapse collapse in\"  >\r\n\t\t\t\t\t\t  <div class=\"wpsm_panel-body\">\r\n\t\t\t\t\t\t\t<ul>\r\n \t<li>- Defensa de un empleador con sede en el extranjero en un procedimiento de adjudicaci\u00f3n de varios millones de libras interpuesto contra \u00e9l por el contratista principal por las obras realizadas en una propiedad residencial en Mayfair, Londres. En colaboraci\u00f3n con abogados especializados, defendimos con \u00e9xito la demanda en su totalidad.<\/li>\r\n \t<li>- Representaci\u00f3n de un contratista en procedimientos de adjudicaci\u00f3n concurrentes: uno, una adjudicaci\u00f3n de cuenta final relativa a obras realizadas en una propiedad comercial en una ubicaci\u00f3n privilegiada en el centro de Londres, de conformidad con los t\u00e9rminos de un contrato escrito a medida; y el segundo, una adjudicaci\u00f3n de obra en un local en el suroeste de Londres, de conformidad con los t\u00e9rminos de un contrato verbal.<\/li>\r\n \t<li>- Defensa con \u00e9xito de un contratista principal en un procedimiento de adjudicaci\u00f3n iniciado contra \u00e9l por un subcontratista, en relaci\u00f3n con las obras realizadas en un gran complejo residencial en Eastbourne, East Sussex. La parte remitente solicitaba el pago de m\u00e1s de 150.000 libras esterlinas, lo que inclu\u00eda argumentos relativos a la validez de una notificaci\u00f3n de pago aplazado.<\/li>\r\n \t<li>- Mediaci\u00f3n en nombre de una empresa de log\u00edstica de la construcci\u00f3n en un litigio de pago contra uno de los mayores contratistas privados del Reino Unido, relativo al suministro de mano de obra para varios proyectos de construcci\u00f3n en todo el Reino Unido.<\/li>\r\n \t<li>- Actuaci\u00f3n en nombre de dos personas con grandes patrimonios en una demanda por incumplimiento de contrato\/representaci\u00f3n falsa contra un gran promotor del Reino Unido por valor de m\u00e1s de un mill\u00f3n de libras esterlinas, en relaci\u00f3n con obras defectuosas realizadas en una urbanizaci\u00f3n de alto nivel en Bath.<\/li>\r\n<\/ul>\t\t\t\t\t\t  <\/div>\r\n\t\t\t\t\t\t<\/div>\r\n\t\t\t\t\t<\/div>\r\n\t\t\t\t\t<!-- Inner panel End -->\r\n\t\t\t\t\t\r\n\t\t\t\t\t\t\t\t\r\n\t\t\t\t\t<!-- Inner panel Start -->\r\n\t\t\t\t\t<div class=\"wpsm_panel wpsm_panel-default\">\r\n\t\t\t\t\t\t<div class=\"wpsm_panel-heading\" role=\"tab\" >\r\n\t\t\t\t\t\t  <h4 class=\"wpsm_panel-title\">\r\n\t\t\t\t\t\t\t<a  class=\"collapsed\"  data-toggle=\"collapse\" data-parent=\"#wpsm_accordion_2740 \" href=\"javascript:void(0)\" data-target=\"#ac_2740_collapse2\" onclick=\"do_resize()\">\r\n\t\t\t\t\t\t\t\t\t\t\t\t\t\t\t\t\t<span class=\"ac_open_cl_icon fa fa-plus\"><\/span>\r\n\t\t\t\t\t\t\t\t\t\r\n\t\t\t\t\t\t\t\t \r\n\t\t\t\t\t\t\t\t<span class=\"ac_title_class\">\r\n\t\t\t\t\t\t\t\t\tEXPERIENCIA:\t\t\t\t\t\t\t\t<\/span>\r\n\t\t\t\t\t\t\t<\/a>\r\n\t\t\t\t\t\t  <\/h4>\r\n\t\t\t\t\t\t<\/div>\r\n\t\t\t\t\t\t<div id=\"ac_2740_collapse2\" class=\"wpsm_panel-collapse collapse\"  >\r\n\t\t\t\t\t\t  <div class=\"wpsm_panel-body\">\r\n\t\t\t\t\t\t\t<ul>\r\n \t<li>- Compraventa de inmuebles en propiedad y arrendamiento<\/li>\r\n \t<li>- Refinanciaci\u00f3n inmobiliaria<\/li>\r\n \t<li>- Transferencia de fondos propios<\/li>\r\n \t<li>- Compraventas de grandes patrimonios<\/li>\r\n \t<li>- Ventas\/compras en subasta<\/li>\r\n \t<li>- Planes de pisos complejos y operaciones de arrendamiento<\/li>\r\n<\/ul>\t\t\t\t\t\t  <\/div>\r\n\t\t\t\t\t\t<\/div>\r\n\t\t\t\t\t<\/div>\r\n\t\t\t\t\t<!-- Inner panel End -->\r\n\t\t\t\t\t\r\n\t\t\t\t\t\t\t<\/div>\r\n\t\t\t\r\n<script type=\"text\/javascript\">\r\n\t\r\n\t\tfunction do_resize(){\r\n\r\n\t\t\tvar width=jQuery( '.wpsm_panel .wpsm_panel-body iframe' ).width();\r\n\t\t\tvar height=jQuery( '.wpsm_panel .wpsm_panel-body iframe' ).height();\r\n\r\n\t\t\tvar toggleSize = true;\r\n\t\t\tjQuery('iframe').animate({\r\n\t\t\t    width: toggleSize ? width : 640,\r\n\t\t\t    height: toggleSize ? height : 360\r\n\t\t\t  }, 250);\r\n\r\n\t\t\t  toggleSize = !toggleSize;\r\n\t\t}\r\n\t\t\r\n<\/script>\t<\/p>","protected":false},"excerpt":{"rendered":"<p>Construcci\u00f3n Nuestro consolidado equipo de Construcci\u00f3n cuenta con una amplia experiencia en el asesoramiento a empresarios, contratistas principales y subcontratistas en una gran variedad de litigios relacionados con la construcci\u00f3n. Nuestros clientes abarcan todo el sector de la construcci\u00f3n, incluidos empresarios, contratistas principales y subcontratistas, y profesionales de la construcci\u00f3n (como arquitectos). Tenemos experiencia en actuar y asesorar en multitud de litigios de construcci\u00f3n derivados de la ... <a href=\"https:\/\/rfblegal.co.uk\/es\/?p=2740\">Contin\u00faa en<\/a><\/p>","protected":false},"author":1,"featured_media":2739,"parent":2126,"menu_order":0,"comment_status":"closed","ping_status":"closed","template":"tier3-template.blade.php","meta":{"_acf_changed":false,"om_disable_all_campaigns":false,"_uf_show_specific_survey":0,"_uf_disable_surveys":false,"footnotes":""},"class_list":["post-2169","page","type-page","status-publish","has-post-thumbnail","hentry"],"acf":[],"aioseo_notices":[],"yoast_head":"<!-- This site is optimized with the Yoast SEO plugin v27.2 - https:\/\/yoast.com\/product\/yoast-seo-wordpress\/ -->\n<title>Construction and Engineering - RFB Legal<\/title>\n<meta name=\"description\" content=\"Construction Our well established Construction team has extensive experience in advising employers\" \/>\n<meta name=\"robots\" content=\"index, follow, max-snippet:-1, max-image-preview:large, max-video-preview:-1\" \/>\n<link rel=\"canonical\" href=\"https:\/\/rfblegal.co.uk\/es\/servicios\/derecho-personal\/litigios-inmobiliarios\/construccion-e-ingenieria\/\" \/>\n<meta property=\"og:locale\" content=\"es_ES\" \/>\n<meta property=\"og:type\" content=\"article\" \/>\n<meta property=\"og:title\" content=\"Construction and Engineering - RFB Legal\" \/>\n<meta property=\"og:description\" content=\"Construction Our well established Construction team has extensive experience in advising employers\" \/>\n<meta property=\"og:url\" content=\"https:\/\/rfblegal.co.uk\/es\/servicios\/derecho-personal\/litigios-inmobiliarios\/construccion-e-ingenieria\/\" \/>\n<meta property=\"og:site_name\" content=\"RFB Legal\" \/>\n<meta property=\"article:publisher\" content=\"https:\/\/www.facebook.com\/RFBLegal\/\" \/>\n<meta property=\"article:modified_time\" content=\"2025-09-04T18:32:51+00:00\" \/>\n<meta property=\"og:image\" content=\"https:\/\/rfblegal.co.uk\/wp-content\/uploads\/2024\/02\/Construction.jpg\" \/>\n\t<meta property=\"og:image:width\" content=\"1440\" \/>\n\t<meta property=\"og:image:height\" content=\"550\" \/>\n\t<meta property=\"og:image:type\" content=\"image\/jpeg\" \/>\n<meta name=\"twitter:card\" content=\"summary_large_image\" \/>\n<meta name=\"twitter:label1\" content=\"Est. reading time\" \/>\n\t<meta name=\"twitter:data1\" content=\"1 minuto\" \/>\n<script type=\"application\/ld+json\" class=\"yoast-schema-graph\">{\"@context\":\"https:\/\/schema.org\",\"@graph\":[{\"@type\":\"WebPage\",\"@id\":\"https:\/\/rfblegal.co.uk\/services\/personal-law\/property-litigation\/construction-and-engineering\/\",\"url\":\"https:\/\/rfblegal.co.uk\/services\/personal-law\/property-litigation\/construction-and-engineering\/\",\"name\":\"Construction and Engineering - RFB Legal\",\"isPartOf\":{\"@id\":\"https:\/\/rfblegal.co.uk\/#website\"},\"primaryImageOfPage\":{\"@id\":\"https:\/\/rfblegal.co.uk\/services\/personal-law\/property-litigation\/construction-and-engineering\/#primaryimage\"},\"image\":{\"@id\":\"https:\/\/rfblegal.co.uk\/services\/personal-law\/property-litigation\/construction-and-engineering\/#primaryimage\"},\"thumbnailUrl\":\"https:\/\/rfblegal.co.uk\/wp-content\/uploads\/2024\/02\/Construction.jpg\",\"datePublished\":\"2024-02-21T12:56:55+00:00\",\"dateModified\":\"2025-09-04T18:32:51+00:00\",\"description\":\"Construction Our well established Construction team has extensive experience in advising employers\",\"breadcrumb\":{\"@id\":\"https:\/\/rfblegal.co.uk\/services\/personal-law\/property-litigation\/construction-and-engineering\/#breadcrumb\"},\"inLanguage\":\"es\",\"potentialAction\":[{\"@type\":\"ReadAction\",\"target\":[\"https:\/\/rfblegal.co.uk\/services\/personal-law\/property-litigation\/construction-and-engineering\/\"]}]},{\"@type\":\"ImageObject\",\"inLanguage\":\"es\",\"@id\":\"https:\/\/rfblegal.co.uk\/services\/personal-law\/property-litigation\/construction-and-engineering\/#primaryimage\",\"url\":\"https:\/\/rfblegal.co.uk\/wp-content\/uploads\/2024\/02\/Construction.jpg\",\"contentUrl\":\"https:\/\/rfblegal.co.uk\/wp-content\/uploads\/2024\/02\/Construction.jpg\",\"width\":1440,\"height\":550},{\"@type\":\"BreadcrumbList\",\"@id\":\"https:\/\/rfblegal.co.uk\/services\/personal-law\/property-litigation\/construction-and-engineering\/#breadcrumb\",\"itemListElement\":[{\"@type\":\"ListItem\",\"position\":1,\"name\":\"Home\",\"item\":\"https:\/\/rfblegal.co.uk\/\"},{\"@type\":\"ListItem\",\"position\":2,\"name\":\"Services\",\"item\":\"https:\/\/rfblegal.co.uk\/services\/\"},{\"@type\":\"ListItem\",\"position\":3,\"name\":\"Personal Law Services\",\"item\":\"https:\/\/rfblegal.co.uk\/services\/personal-law\/\"},{\"@type\":\"ListItem\",\"position\":4,\"name\":\"Property Litigation\",\"item\":\"https:\/\/rfblegal.co.uk\/services\/personal-law\/property-litigation\/\"},{\"@type\":\"ListItem\",\"position\":5,\"name\":\"Construction and Engineering\"}]},{\"@type\":\"WebSite\",\"@id\":\"https:\/\/rfblegal.co.uk\/#website\",\"url\":\"https:\/\/rfblegal.co.uk\/\",\"name\":\"RFB Legal\",\"description\":\"\",\"publisher\":{\"@id\":\"https:\/\/rfblegal.co.uk\/#organization\"},\"potentialAction\":[{\"@type\":\"SearchAction\",\"target\":{\"@type\":\"EntryPoint\",\"urlTemplate\":\"https:\/\/rfblegal.co.uk\/?s={search_term_string}\"},\"query-input\":{\"@type\":\"PropertyValueSpecification\",\"valueRequired\":true,\"valueName\":\"search_term_string\"}}],\"inLanguage\":\"es\"},{\"@type\":\"Organization\",\"@id\":\"https:\/\/rfblegal.co.uk\/#organization\",\"name\":\"RFB Legal\",\"url\":\"https:\/\/rfblegal.co.uk\/\",\"logo\":{\"@type\":\"ImageObject\",\"inLanguage\":\"es\",\"@id\":\"https:\/\/rfblegal.co.uk\/#\/schema\/logo\/image\/\",\"url\":\"https:\/\/rfblegal.co.uk\/wp-content\/uploads\/2024\/01\/header_company_logo.svg\",\"contentUrl\":\"https:\/\/rfblegal.co.uk\/wp-content\/uploads\/2024\/01\/header_company_logo.svg\",\"caption\":\"RFB Legal\"},\"image\":{\"@id\":\"https:\/\/rfblegal.co.uk\/#\/schema\/logo\/image\/\"},\"sameAs\":[\"https:\/\/www.facebook.com\/RFBLegal\/\",\"https:\/\/www.linkedin.com\/uas\/login?session_redirect=company2012282\",\"https:\/\/www.instagram.com\/rfb_legal\/\"]}]}<\/script>\n<!-- \/ Yoast SEO plugin. -->","yoast_head_json":{"title":"Construcci\u00f3n e ingenier\u00eda - RFB Legal","description":"Construcci\u00f3n Nuestro consolidado equipo de Construcci\u00f3n cuenta con una amplia experiencia en el asesoramiento a empresarios","robots":{"index":"index","follow":"follow","max-snippet":"max-snippet:-1","max-image-preview":"max-image-preview:large","max-video-preview":"max-video-preview:-1"},"canonical":"https:\/\/rfblegal.co.uk\/es\/servicios\/derecho-personal\/litigios-inmobiliarios\/construccion-e-ingenieria\/","og_locale":"es_ES","og_type":"article","og_title":"Construction and Engineering - RFB Legal","og_description":"Construction Our well established Construction team has extensive experience in advising employers","og_url":"https:\/\/rfblegal.co.uk\/es\/servicios\/derecho-personal\/litigios-inmobiliarios\/construccion-e-ingenieria\/","og_site_name":"RFB Legal","article_publisher":"https:\/\/www.facebook.com\/RFBLegal\/","article_modified_time":"2025-09-04T18:32:51+00:00","og_image":[{"width":1440,"height":550,"url":"https:\/\/rfblegal.co.uk\/wp-content\/uploads\/2024\/02\/Construction.jpg","type":"image\/jpeg"}],"twitter_card":"summary_large_image","twitter_misc":{"Est. reading time":"1 minuto"},"schema":{"@context":"https:\/\/schema.org","@graph":[{"@type":"WebPage","@id":"https:\/\/rfblegal.co.uk\/services\/personal-law\/property-litigation\/construction-and-engineering\/","url":"https:\/\/rfblegal.co.uk\/services\/personal-law\/property-litigation\/construction-and-engineering\/","name":"Construcci\u00f3n e ingenier\u00eda - RFB Legal","isPartOf":{"@id":"https:\/\/rfblegal.co.uk\/#website"},"primaryImageOfPage":{"@id":"https:\/\/rfblegal.co.uk\/services\/personal-law\/property-litigation\/construction-and-engineering\/#primaryimage"},"image":{"@id":"https:\/\/rfblegal.co.uk\/services\/personal-law\/property-litigation\/construction-and-engineering\/#primaryimage"},"thumbnailUrl":"https:\/\/rfblegal.co.uk\/wp-content\/uploads\/2024\/02\/Construction.jpg","datePublished":"2024-02-21T12:56:55+00:00","dateModified":"2025-09-04T18:32:51+00:00","description":"Construcci\u00f3n Nuestro consolidado equipo de Construcci\u00f3n cuenta con una amplia experiencia en el asesoramiento a empresarios","breadcrumb":{"@id":"https:\/\/rfblegal.co.uk\/services\/personal-law\/property-litigation\/construction-and-engineering\/#breadcrumb"},"inLanguage":"es","potentialAction":[{"@type":"ReadAction","target":["https:\/\/rfblegal.co.uk\/services\/personal-law\/property-litigation\/construction-and-engineering\/"]}]},{"@type":"ImageObject","inLanguage":"es","@id":"https:\/\/rfblegal.co.uk\/services\/personal-law\/property-litigation\/construction-and-engineering\/#primaryimage","url":"https:\/\/rfblegal.co.uk\/wp-content\/uploads\/2024\/02\/Construction.jpg","contentUrl":"https:\/\/rfblegal.co.uk\/wp-content\/uploads\/2024\/02\/Construction.jpg","width":1440,"height":550},{"@type":"BreadcrumbList","@id":"https:\/\/rfblegal.co.uk\/services\/personal-law\/property-litigation\/construction-and-engineering\/#breadcrumb","itemListElement":[{"@type":"ListItem","position":1,"name":"Home","item":"https:\/\/rfblegal.co.uk\/"},{"@type":"ListItem","position":2,"name":"Services","item":"https:\/\/rfblegal.co.uk\/services\/"},{"@type":"ListItem","position":3,"name":"Personal Law Services","item":"https:\/\/rfblegal.co.uk\/services\/personal-law\/"},{"@type":"ListItem","position":4,"name":"Property Litigation","item":"https:\/\/rfblegal.co.uk\/services\/personal-law\/property-litigation\/"},{"@type":"ListItem","position":5,"name":"Construction and Engineering"}]},{"@type":"WebSite","@id":"https:\/\/rfblegal.co.uk\/#website","url":"https:\/\/rfblegal.co.uk\/","name":"RFB Legal","description":"","publisher":{"@id":"https:\/\/rfblegal.co.uk\/#organization"},"potentialAction":[{"@type":"SearchAction","target":{"@type":"EntryPoint","urlTemplate":"https:\/\/rfblegal.co.uk\/?s={search_term_string}"},"query-input":{"@type":"PropertyValueSpecification","valueRequired":true,"valueName":"search_term_string"}}],"inLanguage":"es"},{"@type":"Organization","@id":"https:\/\/rfblegal.co.uk\/#organization","name":"RFB Legal","url":"https:\/\/rfblegal.co.uk\/","logo":{"@type":"ImageObject","inLanguage":"es","@id":"https:\/\/rfblegal.co.uk\/#\/schema\/logo\/image\/","url":"https:\/\/rfblegal.co.uk\/wp-content\/uploads\/2024\/01\/header_company_logo.svg","contentUrl":"https:\/\/rfblegal.co.uk\/wp-content\/uploads\/2024\/01\/header_company_logo.svg","caption":"RFB Legal"},"image":{"@id":"https:\/\/rfblegal.co.uk\/#\/schema\/logo\/image\/"},"sameAs":["https:\/\/www.facebook.com\/RFBLegal\/","https:\/\/www.linkedin.com\/uas\/login?session_redirect=company2012282","https:\/\/www.instagram.com\/rfb_legal\/"]}]}},"_links":{"self":[{"href":"https:\/\/rfblegal.co.uk\/es\/wp-json\/wp\/v2\/pages\/2169","targetHints":{"allow":["GET"]}}],"collection":[{"href":"https:\/\/rfblegal.co.uk\/es\/wp-json\/wp\/v2\/pages"}],"about":[{"href":"https:\/\/rfblegal.co.uk\/es\/wp-json\/wp\/v2\/types\/page"}],"author":[{"embeddable":true,"href":"https:\/\/rfblegal.co.uk\/es\/wp-json\/wp\/v2\/users\/1"}],"replies":[{"embeddable":true,"href":"https:\/\/rfblegal.co.uk\/es\/wp-json\/wp\/v2\/comments?post=2169"}],"version-history":[{"count":1,"href":"https:\/\/rfblegal.co.uk\/es\/wp-json\/wp\/v2\/pages\/2169\/revisions"}],"predecessor-version":[{"id":6973,"href":"https:\/\/rfblegal.co.uk\/es\/wp-json\/wp\/v2\/pages\/2169\/revisions\/6973"}],"up":[{"embeddable":true,"href":"https:\/\/rfblegal.co.uk\/es\/wp-json\/wp\/v2\/pages\/2126"}],"wp:featuredmedia":[{"embeddable":true,"href":"https:\/\/rfblegal.co.uk\/es\/wp-json\/wp\/v2\/media\/2739"}],"wp:attachment":[{"href":"https:\/\/rfblegal.co.uk\/es\/wp-json\/wp\/v2\/media?parent=2169"}],"curies":[{"name":"wp","href":"https:\/\/api.w.org\/{rel}","templated":true}]}}