{"id":1978,"date":"2024-02-14T17:14:24","date_gmt":"2024-02-14T17:14:24","guid":{"rendered":"https:\/\/rfblegal.co.uk\/?page_id=1978"},"modified":"2026-04-15T11:12:19","modified_gmt":"2026-04-15T11:12:19","slug":"powers-of-attorney-and-court-protection","status":"publish","type":"page","link":"https:\/\/rfblegal.co.uk\/es\/servicios\/derecho-personal\/powers-of-attorney-and-court-protection\/","title":{"rendered":"Powers of Attorney &amp; Court Protection"},"content":{"rendered":"<p>Colaboramos estrechamente con nuestros clientes y, en su caso, con sus asesores financieros, contables y abogados extranjeros para comprender sus prioridades y poder asesorarles sobre las formas m\u00e1s eficientes desde el punto de vista fiscal de transmitir y asegurar el patrimonio para las generaciones futuras. Los fideicomisos no son la \u00fanica herramienta disponible para las familias y el equipo revisar\u00e1 la exposici\u00f3n fiscal de las familias y los individuos al asesorar sobre estrategias de preservaci\u00f3n del patrimonio.<\/p>\n\n\n\n<p><\/p>\n\n\n\n<p>El equipo se ocupa de la creaci\u00f3n y registro tanto de fideicomisos vitalicios como de fideicomisos testamentarios, proporcionando asesoramiento experto y claro a los clientes para garantizar la mejor adaptaci\u00f3n a las necesidades individuales del cliente. El equipo tambi\u00e9n puede asesorar sobre posibles cambios en los acuerdos de fideicomiso existentes y sobre c\u00f3mo gestionar un fideicomiso establecido en un testamento tras un fallecimiento.<\/p>\n\n\n\n<p><\/p>\n\n\n\n<p>Tambi\u00e9n se nos consulta con frecuencia en relaci\u00f3n con la gesti\u00f3n continua de los fideicomisos por parte de los fideicomisarios. Esto puede incluir el asesoramiento en relaci\u00f3n con las obligaciones y declaraciones fiscales en curso, la adquisici\u00f3n y enajenaci\u00f3n de activos, y las distribuciones a las personas con derecho a beneficiarse del fideicomiso. Tambi\u00e9n podemos ayudarle con la liquidaci\u00f3n de fideicomisos y las obligaciones fiscales resultantes.<\/p>\n\n\n\n<p><\/p>\n\n\n\n<p>El equipo tambi\u00e9n prepara declaraciones de fideicomiso para establecer los intereses usufructuarios en propiedades cuando no coinciden con la titularidad legal y puede ayudar a registrar fideicomisos a trav\u00e9s del Servicio de Registro de Fideicomisos cuando se requiera el registro.<\/p>","protected":false},"excerpt":{"rendered":"<p>We work closely with our clients and where applicable their financial advisers, accountants, and foreign lawyers to understand their priorities to enable us to advise on the most tax-efficient ways of passing and securing wealth for future generations. Trusts are not the only tool available to families and the team will review the tax exposure &hellip; <a href=\"https:\/\/rfblegal.co.uk\/es\/servicios\/derecho-personal\/powers-of-attorney-and-court-protection\/\">Contin\u00faa en<\/a><\/p>","protected":false},"author":5,"featured_media":0,"parent":357,"menu_order":0,"comment_status":"closed","ping_status":"closed","template":"tier2-template.blade.php","meta":{"_acf_changed":false,"om_disable_all_campaigns":false,"_uf_show_specific_survey":0,"_uf_disable_surveys":false,"footnotes":""},"class_list":["post-1978","page","type-page","status-publish","hentry"],"acf":[],"aioseo_notices":[],"yoast_head":"<!-- This site is optimized with the Yoast SEO plugin v27.2 - https:\/\/yoast.com\/product\/yoast-seo-wordpress\/ -->\n<title>Powers of Attorney &amp; Court Protection - RFB Legal<\/title>\n<meta name=\"description\" content=\"We work closely with our clients and where applicable their financial advisers, accountants, and foreign lawyers to understand their priorities to enable\" \/>\n<meta name=\"robots\" content=\"index, follow, max-snippet:-1, max-image-preview:large, max-video-preview:-1\" \/>\n<link rel=\"canonical\" href=\"https:\/\/rfblegal.co.uk\/es\/servicios\/derecho-personal\/powers-of-attorney-and-court-protection\/\" \/>\n<meta property=\"og:locale\" content=\"es_ES\" \/>\n<meta property=\"og:type\" content=\"article\" \/>\n<meta property=\"og:title\" content=\"Powers of Attorney &amp; Court Protection - RFB Legal\" \/>\n<meta property=\"og:description\" content=\"We work closely with our clients and where applicable their financial advisers, accountants, and foreign lawyers to understand their priorities to enable\" \/>\n<meta property=\"og:url\" content=\"https:\/\/rfblegal.co.uk\/es\/servicios\/derecho-personal\/powers-of-attorney-and-court-protection\/\" \/>\n<meta property=\"og:site_name\" content=\"RFB Legal\" \/>\n<meta property=\"article:publisher\" content=\"https:\/\/www.facebook.com\/RFBLegal\/\" \/>\n<meta property=\"article:modified_time\" content=\"2026-04-15T11:12:19+00:00\" \/>\n<meta name=\"twitter:card\" content=\"summary_large_image\" \/>\n<meta name=\"twitter:label1\" content=\"Est. reading time\" \/>\n\t<meta name=\"twitter:data1\" content=\"1 minuto\" \/>\n<script type=\"application\/ld+json\" class=\"yoast-schema-graph\">{\"@context\":\"https:\/\/schema.org\",\"@graph\":[{\"@type\":\"WebPage\",\"@id\":\"https:\/\/rfblegal.co.uk\/services\/personal-law\/powers-of-attorney-and-court-protection\/\",\"url\":\"https:\/\/rfblegal.co.uk\/services\/personal-law\/powers-of-attorney-and-court-protection\/\",\"name\":\"Powers of Attorney &amp; Court Protection - RFB Legal\",\"isPartOf\":{\"@id\":\"https:\/\/rfblegal.co.uk\/#website\"},\"datePublished\":\"2024-02-14T17:14:24+00:00\",\"dateModified\":\"2026-04-15T11:12:19+00:00\",\"description\":\"We work closely with our clients and where applicable their financial advisers, accountants, and foreign lawyers to understand their priorities to enable\",\"breadcrumb\":{\"@id\":\"https:\/\/rfblegal.co.uk\/services\/personal-law\/powers-of-attorney-and-court-protection\/#breadcrumb\"},\"inLanguage\":\"es\",\"potentialAction\":[{\"@type\":\"ReadAction\",\"target\":[\"https:\/\/rfblegal.co.uk\/services\/personal-law\/powers-of-attorney-and-court-protection\/\"]}]},{\"@type\":\"BreadcrumbList\",\"@id\":\"https:\/\/rfblegal.co.uk\/services\/personal-law\/powers-of-attorney-and-court-protection\/#breadcrumb\",\"itemListElement\":[{\"@type\":\"ListItem\",\"position\":1,\"name\":\"Home\",\"item\":\"https:\/\/rfblegal.co.uk\/\"},{\"@type\":\"ListItem\",\"position\":2,\"name\":\"Services\",\"item\":\"https:\/\/rfblegal.co.uk\/services\/\"},{\"@type\":\"ListItem\",\"position\":3,\"name\":\"Personal Law Services\",\"item\":\"https:\/\/rfblegal.co.uk\/services\/personal-law\/\"},{\"@type\":\"ListItem\",\"position\":4,\"name\":\"Powers of Attorney &amp; Court Protection\"}]},{\"@type\":\"WebSite\",\"@id\":\"https:\/\/rfblegal.co.uk\/#website\",\"url\":\"https:\/\/rfblegal.co.uk\/\",\"name\":\"RFB Legal\",\"description\":\"\",\"publisher\":{\"@id\":\"https:\/\/rfblegal.co.uk\/#organization\"},\"potentialAction\":[{\"@type\":\"SearchAction\",\"target\":{\"@type\":\"EntryPoint\",\"urlTemplate\":\"https:\/\/rfblegal.co.uk\/?s={search_term_string}\"},\"query-input\":{\"@type\":\"PropertyValueSpecification\",\"valueRequired\":true,\"valueName\":\"search_term_string\"}}],\"inLanguage\":\"es\"},{\"@type\":\"Organization\",\"@id\":\"https:\/\/rfblegal.co.uk\/#organization\",\"name\":\"RFB Legal\",\"url\":\"https:\/\/rfblegal.co.uk\/\",\"logo\":{\"@type\":\"ImageObject\",\"inLanguage\":\"es\",\"@id\":\"https:\/\/rfblegal.co.uk\/#\/schema\/logo\/image\/\",\"url\":\"https:\/\/rfblegal.co.uk\/wp-content\/uploads\/2024\/01\/header_company_logo.svg\",\"contentUrl\":\"https:\/\/rfblegal.co.uk\/wp-content\/uploads\/2024\/01\/header_company_logo.svg\",\"caption\":\"RFB Legal\"},\"image\":{\"@id\":\"https:\/\/rfblegal.co.uk\/#\/schema\/logo\/image\/\"},\"sameAs\":[\"https:\/\/www.facebook.com\/RFBLegal\/\",\"https:\/\/www.linkedin.com\/uas\/login?session_redirect=company2012282\",\"https:\/\/www.instagram.com\/rfb_legal\/\"]}]}<\/script>\n<!-- \/ Yoast SEO plugin. -->","yoast_head_json":{"title":"Powers of Attorney &amp; Court Protection - RFB Legal","description":"We work closely with our clients and where applicable their financial advisers, accountants, and foreign lawyers to understand their priorities to enable","robots":{"index":"index","follow":"follow","max-snippet":"max-snippet:-1","max-image-preview":"max-image-preview:large","max-video-preview":"max-video-preview:-1"},"canonical":"https:\/\/rfblegal.co.uk\/es\/servicios\/derecho-personal\/powers-of-attorney-and-court-protection\/","og_locale":"es_ES","og_type":"article","og_title":"Powers of Attorney &amp; Court Protection - RFB Legal","og_description":"We work closely with our clients and where applicable their financial advisers, accountants, and foreign lawyers to understand their priorities to enable","og_url":"https:\/\/rfblegal.co.uk\/es\/servicios\/derecho-personal\/powers-of-attorney-and-court-protection\/","og_site_name":"RFB Legal","article_publisher":"https:\/\/www.facebook.com\/RFBLegal\/","article_modified_time":"2026-04-15T11:12:19+00:00","twitter_card":"summary_large_image","twitter_misc":{"Est. reading time":"1 minuto"},"schema":{"@context":"https:\/\/schema.org","@graph":[{"@type":"WebPage","@id":"https:\/\/rfblegal.co.uk\/services\/personal-law\/powers-of-attorney-and-court-protection\/","url":"https:\/\/rfblegal.co.uk\/services\/personal-law\/powers-of-attorney-and-court-protection\/","name":"Powers of Attorney &amp; Court Protection - RFB Legal","isPartOf":{"@id":"https:\/\/rfblegal.co.uk\/#website"},"datePublished":"2024-02-14T17:14:24+00:00","dateModified":"2026-04-15T11:12:19+00:00","description":"We work closely with our clients and where applicable their financial advisers, accountants, and foreign lawyers to understand their priorities to enable","breadcrumb":{"@id":"https:\/\/rfblegal.co.uk\/services\/personal-law\/powers-of-attorney-and-court-protection\/#breadcrumb"},"inLanguage":"es","potentialAction":[{"@type":"ReadAction","target":["https:\/\/rfblegal.co.uk\/services\/personal-law\/powers-of-attorney-and-court-protection\/"]}]},{"@type":"BreadcrumbList","@id":"https:\/\/rfblegal.co.uk\/services\/personal-law\/powers-of-attorney-and-court-protection\/#breadcrumb","itemListElement":[{"@type":"ListItem","position":1,"name":"Home","item":"https:\/\/rfblegal.co.uk\/"},{"@type":"ListItem","position":2,"name":"Services","item":"https:\/\/rfblegal.co.uk\/services\/"},{"@type":"ListItem","position":3,"name":"Personal Law Services","item":"https:\/\/rfblegal.co.uk\/services\/personal-law\/"},{"@type":"ListItem","position":4,"name":"Powers of Attorney &amp; Court Protection"}]},{"@type":"WebSite","@id":"https:\/\/rfblegal.co.uk\/#website","url":"https:\/\/rfblegal.co.uk\/","name":"RFB Legal","description":"","publisher":{"@id":"https:\/\/rfblegal.co.uk\/#organization"},"potentialAction":[{"@type":"SearchAction","target":{"@type":"EntryPoint","urlTemplate":"https:\/\/rfblegal.co.uk\/?s={search_term_string}"},"query-input":{"@type":"PropertyValueSpecification","valueRequired":true,"valueName":"search_term_string"}}],"inLanguage":"es"},{"@type":"Organization","@id":"https:\/\/rfblegal.co.uk\/#organization","name":"RFB Legal","url":"https:\/\/rfblegal.co.uk\/","logo":{"@type":"ImageObject","inLanguage":"es","@id":"https:\/\/rfblegal.co.uk\/#\/schema\/logo\/image\/","url":"https:\/\/rfblegal.co.uk\/wp-content\/uploads\/2024\/01\/header_company_logo.svg","contentUrl":"https:\/\/rfblegal.co.uk\/wp-content\/uploads\/2024\/01\/header_company_logo.svg","caption":"RFB Legal"},"image":{"@id":"https:\/\/rfblegal.co.uk\/#\/schema\/logo\/image\/"},"sameAs":["https:\/\/www.facebook.com\/RFBLegal\/","https:\/\/www.linkedin.com\/uas\/login?session_redirect=company2012282","https:\/\/www.instagram.com\/rfb_legal\/"]}]}},"_links":{"self":[{"href":"https:\/\/rfblegal.co.uk\/es\/wp-json\/wp\/v2\/pages\/1978","targetHints":{"allow":["GET"]}}],"collection":[{"href":"https:\/\/rfblegal.co.uk\/es\/wp-json\/wp\/v2\/pages"}],"about":[{"href":"https:\/\/rfblegal.co.uk\/es\/wp-json\/wp\/v2\/types\/page"}],"author":[{"embeddable":true,"href":"https:\/\/rfblegal.co.uk\/es\/wp-json\/wp\/v2\/users\/5"}],"replies":[{"embeddable":true,"href":"https:\/\/rfblegal.co.uk\/es\/wp-json\/wp\/v2\/comments?post=1978"}],"version-history":[{"count":3,"href":"https:\/\/rfblegal.co.uk\/es\/wp-json\/wp\/v2\/pages\/1978\/revisions"}],"predecessor-version":[{"id":9197,"href":"https:\/\/rfblegal.co.uk\/es\/wp-json\/wp\/v2\/pages\/1978\/revisions\/9197"}],"up":[{"embeddable":true,"href":"https:\/\/rfblegal.co.uk\/es\/wp-json\/wp\/v2\/pages\/357"}],"wp:attachment":[{"href":"https:\/\/rfblegal.co.uk\/es\/wp-json\/wp\/v2\/media?parent=1978"}],"curies":[{"name":"wp","href":"https:\/\/api.w.org\/{rel}","templated":true}]}}