{"id":6814,"date":"2025-08-11T09:15:00","date_gmt":"2025-08-11T09:15:00","guid":{"rendered":"https:\/\/rfblegal.co.uk\/?page_id=6814"},"modified":"2025-08-11T09:19:15","modified_gmt":"2025-08-11T09:19:15","slug":"mietvertragsverlangerungen-fur-wohnungen","status":"publish","type":"page","link":"https:\/\/rfblegal.co.uk\/de\/dienstleistungen\/personenrecht\/vermogensrechtliche-streitigkeiten\/mietvertragsverlangerungen-fur-wohnungen\/","title":{"rendered":"Verl\u00e4ngerung von Mietvertr\u00e4gen f\u00fcr Wohnungen"},"content":{"rendered":"<p>Wir sind eine der f\u00fchrenden Kanzleien auf dem spezialisierten und komplexen Gebiet der Erbpachtvergabe und beraten Vermieter und Erbp\u00e4chter bei einer Vielzahl von Anspr\u00fcchen in London und in der Region. Wir verf\u00fcgen \u00fcber umfassende Erfahrung im Umgang mit Anspr\u00fcchen aus Mietverl\u00e4ngerungen, Hausforderungen und Sammelklagen sowie in der Beratung von Bautr\u00e4gern zur Vermeidung des Risikos der Enfranchisement.\u00a0<\/p>\n\n\n\n<p>Der Prozess der Mietvertragsverl\u00e4ngerung ist komplex und technisch, und es besteht ein erheblicher Spielraum f\u00fcr Fehler. Unser auf Mietvertragsverl\u00e4ngerungen spezialisiertes Team bei RFB Legal vertritt Vermieter und Mieter bei Hunderten von Mietvertragsverl\u00e4ngerungsantr\u00e4gen pro Jahr.&nbsp;<\/p>\n\n\n\n<p>A leaseholder of a property may have a right to extend the term of the lease by 90 years upon payment of a premium to the landlord.&nbsp;<\/p>\n\n\n\n<p>Verwenden Sie die<a rel=\"noreferrer noopener\" target=\"_blank\" href=\"https:\/\/rfblegal.co.uk\/index.php\/property\/lease-extension-calculator\"><strong> Mietverl\u00e4ngerungs-Rechner<\/strong><\/a> um eine ungef\u00e4hre Angabe der Pr\u00e4mie zu erhalten, die f\u00fcr Ihre Mietvertragsverl\u00e4ngerung zu zahlen sein k\u00f6nnte, um Ihre Pr\u00e4mienkosten zu sch\u00e4tzen&nbsp;<\/p>\n\n\n\n<p>Leases, by their very nature, are for a fixed term and as the remaining term of a leaseholder&#8217;s lease decreases so too will the value of that leasehold interest. It is, therefore, often in the leaseholder&#8217;s interest to exercise the right to a lease extension.&nbsp;<\/p>\n\n\n\n<p>To qualify, the leaseholder&#8217;s lease must have initially been granted for a term of 21 years or more. There are some exceptions if, for example, the landlord is a charitable housing trust and your flat is provided as part of the charity&#8217;s work, or it is a business or <a href=\"https:\/\/rfblegal.co.uk\/de\/dienstleistungen\/wirtschaftsrecht\/geschaft-mit-immobilienstreitigkeiten\/kommerzielle-mietverlangerungen\/\">Gesch\u00e4ftsmiete<\/a>.&nbsp;<\/p>\n\n\n\n<p>Der Erbp\u00e4chter muss au\u00dferdem seit mindestens 2 Jahren als Inhaber des Erbpachtvertrags eingetragen sein.&nbsp;<\/p>\n\n\n\n<h2 class=\"wp-block-heading\"><strong>Das Verfahren<\/strong>&nbsp;<\/h2>\n\n\n\n<h3 class=\"wp-block-heading\">F\u00fcr einen P\u00e4chter\u00a0<\/h3>\n\n\n\n<ul class=\"wp-block-list\">\n<li>Sie m\u00fcssen ein Wertgutachten einholen\u00a0<\/li>\n\n\n\n<li>Wir pr\u00fcfen, ob Sie Anspruch auf einen neuen Mietvertrag haben.\u00a0<\/li>\n\n\n\n<li>Wir bereiten die \u00a7-42-K\u00fcndigung vor, stellen sie dem zust\u00e4ndigen Vermieter und allen anderen relevanten Parteien zu und reagieren auf nachfolgende K\u00fcndigungen\u00a0<\/li>\n\n\n\n<li>Eintragung der Section 42 Notice beim Grundbuchamt\u00a0<\/li>\n\n\n\n<li>Review the landlord&#8217;s counter-notice\u00a0<\/li>\n\n\n\n<li>Aushandeln und Vereinbaren der \u00dcbernahmebedingungen\u00a0<\/li>\n\n\n\n<li>in Ihrem Namen bei allen Verfahren vor dem First-Tier Tribunal, dem Upper Tribunal, dem County Court und bei Rechtsmitteln zu handeln\u00a0<\/li>\n<\/ul>\n\n\n\n<h3 class=\"wp-block-heading\">F\u00fcr einen Vermieter\u00a0<\/h3>\n\n\n\n<ul class=\"wp-block-list\">\n<li>Sie m\u00fcssen ein Wertgutachten einholen\u00a0<\/li>\n\n\n\n<li>Vorabbekanntmachungen vorbereiten\u00a0<\/li>\n\n\n\n<li>Wir pr\u00fcfen die G\u00fcltigkeit der Mieterk\u00fcndigung und bereiten die Gegenk\u00fcndigung vor und stellen sie zu.\u00a0<\/li>\n\n\n\n<li>Aushandeln und Vereinbaren der Bedingungen f\u00fcr den Erwerb\u00a0<\/li>\n\n\n\n<li>in Ihrem Namen bei allen Verfahren vor dem First-Tier Tribunal, dem Upper Tribunal, dem County Court und bei Rechtsmitteln zu handeln\u00a0<\/li>\n<\/ul>\n\n\n\n<p>Whether you are a landlord or tenant, we can assist you through this complex and technical area of law to achieve the best result possible.&nbsp;<\/p>\n\n\n\n<ul class=\"wp-block-list\">\n<li>Acting for landlords from receipt of Section 42 Notice to conclusion\u00a0<\/li>\n\n\n\n<li>Acting for tenant from preparation of Section 42 Notice to conclusion\u00a0<\/li>\n\n\n\n<li>Acting in relation to the assignment of the benefit of the Section 42 Notice for sellers or purchasers\u00a0<\/li>\n\n\n\n<li>Advising and acting in the First Tier, Upper Tribunal, County Court and any appeals on behalf of landlords or tenants\u00a0<\/li>\n\n\n\n<li>Acting on behalf of tenants in relation to claims for vesting orders where the landlord is absent or dissolved\u00a0<\/li>\n<\/ul>","protected":false},"excerpt":{"rendered":"<p>We are one of the leading firms in the specialist and complex area of leasehold enfranchisement, advising landlords and leaseholders on a wide range of claims within London and regionally. We have extensive experience in dealing with lease extension claims, house claims, and collective claims as well as advising developers on how to avoid the &hellip; <a href=\"https:\/\/rfblegal.co.uk\/de\/dienstleistungen\/personenrecht\/vermogensrechtliche-streitigkeiten\/mietvertragsverlangerungen-fur-wohnungen\/\">Fortsetzung<\/a><\/p>","protected":false},"author":12,"featured_media":6815,"parent":2126,"menu_order":0,"comment_status":"closed","ping_status":"closed","template":"tier3-template.blade.php","meta":{"_acf_changed":false,"om_disable_all_campaigns":false,"_uf_show_specific_survey":0,"_uf_disable_surveys":false,"footnotes":""},"class_list":["post-6814","page","type-page","status-publish","has-post-thumbnail","hentry"],"acf":[],"aioseo_notices":[],"yoast_head":"<!-- This site is optimized with the Yoast SEO plugin v27.2 - https:\/\/yoast.com\/product\/yoast-seo-wordpress\/ -->\n<title>Residential Lease Extensions - RFB Legal<\/title>\n<meta name=\"description\" content=\"Specialist lease extension solicitors in London. Expert advice for landlords &amp; tenants on claims, valuations &amp; enfranchisement.\" \/>\n<meta name=\"robots\" content=\"index, follow, max-snippet:-1, max-image-preview:large, max-video-preview:-1\" \/>\n<link rel=\"canonical\" href=\"https:\/\/rfblegal.co.uk\/de\/dienstleistungen\/personenrecht\/vermogensrechtliche-streitigkeiten\/mietvertragsverlangerungen-fur-wohnungen\/\" \/>\n<meta property=\"og:locale\" content=\"de_DE\" \/>\n<meta property=\"og:type\" content=\"article\" \/>\n<meta property=\"og:title\" content=\"Residential Lease Extensions - RFB Legal\" \/>\n<meta property=\"og:description\" content=\"Specialist lease extension solicitors in London. Expert advice for landlords &amp; tenants on claims, valuations &amp; enfranchisement.\" \/>\n<meta property=\"og:url\" content=\"https:\/\/rfblegal.co.uk\/de\/dienstleistungen\/personenrecht\/vermogensrechtliche-streitigkeiten\/mietvertragsverlangerungen-fur-wohnungen\/\" \/>\n<meta property=\"og:site_name\" content=\"RFB Legal\" \/>\n<meta property=\"article:publisher\" content=\"https:\/\/www.facebook.com\/RFBLegal\/\" \/>\n<meta property=\"article:modified_time\" content=\"2025-08-11T09:19:15+00:00\" \/>\n<meta property=\"og:image\" content=\"https:\/\/rfblegal.co.uk\/wp-content\/uploads\/2025\/08\/AdobeStock_408890004_Preview.jpeg\" \/>\n\t<meta property=\"og:image:width\" content=\"1000\" \/>\n\t<meta property=\"og:image:height\" content=\"669\" \/>\n\t<meta property=\"og:image:type\" content=\"image\/jpeg\" \/>\n<meta name=\"twitter:card\" content=\"summary_large_image\" \/>\n<meta name=\"twitter:label1\" content=\"Est. reading time\" \/>\n\t<meta name=\"twitter:data1\" content=\"3\u00a0Minuten\" \/>\n<script type=\"application\/ld+json\" class=\"yoast-schema-graph\">{\"@context\":\"https:\/\/schema.org\",\"@graph\":[{\"@type\":\"WebPage\",\"@id\":\"https:\/\/rfblegal.co.uk\/services\/personal-law\/property-litigation\/residential-lease-extensions\/\",\"url\":\"https:\/\/rfblegal.co.uk\/services\/personal-law\/property-litigation\/residential-lease-extensions\/\",\"name\":\"Residential Lease Extensions - RFB Legal\",\"isPartOf\":{\"@id\":\"https:\/\/rfblegal.co.uk\/#website\"},\"primaryImageOfPage\":{\"@id\":\"https:\/\/rfblegal.co.uk\/services\/personal-law\/property-litigation\/residential-lease-extensions\/#primaryimage\"},\"image\":{\"@id\":\"https:\/\/rfblegal.co.uk\/services\/personal-law\/property-litigation\/residential-lease-extensions\/#primaryimage\"},\"thumbnailUrl\":\"https:\/\/rfblegal.co.uk\/wp-content\/uploads\/2025\/08\/AdobeStock_408890004_Preview.jpeg\",\"datePublished\":\"2025-08-11T09:15:00+00:00\",\"dateModified\":\"2025-08-11T09:19:15+00:00\",\"description\":\"Specialist lease extension solicitors in London. Expert advice for landlords & tenants on claims, valuations & enfranchisement.\",\"breadcrumb\":{\"@id\":\"https:\/\/rfblegal.co.uk\/services\/personal-law\/property-litigation\/residential-lease-extensions\/#breadcrumb\"},\"inLanguage\":\"de\",\"potentialAction\":[{\"@type\":\"ReadAction\",\"target\":[\"https:\/\/rfblegal.co.uk\/services\/personal-law\/property-litigation\/residential-lease-extensions\/\"]}]},{\"@type\":\"ImageObject\",\"inLanguage\":\"de\",\"@id\":\"https:\/\/rfblegal.co.uk\/services\/personal-law\/property-litigation\/residential-lease-extensions\/#primaryimage\",\"url\":\"https:\/\/rfblegal.co.uk\/wp-content\/uploads\/2025\/08\/AdobeStock_408890004_Preview.jpeg\",\"contentUrl\":\"https:\/\/rfblegal.co.uk\/wp-content\/uploads\/2025\/08\/AdobeStock_408890004_Preview.jpeg\",\"width\":1000,\"height\":669},{\"@type\":\"BreadcrumbList\",\"@id\":\"https:\/\/rfblegal.co.uk\/services\/personal-law\/property-litigation\/residential-lease-extensions\/#breadcrumb\",\"itemListElement\":[{\"@type\":\"ListItem\",\"position\":1,\"name\":\"Home\",\"item\":\"https:\/\/rfblegal.co.uk\/\"},{\"@type\":\"ListItem\",\"position\":2,\"name\":\"Services\",\"item\":\"https:\/\/rfblegal.co.uk\/services\/\"},{\"@type\":\"ListItem\",\"position\":3,\"name\":\"Personal Law Services\",\"item\":\"https:\/\/rfblegal.co.uk\/services\/personal-law\/\"},{\"@type\":\"ListItem\",\"position\":4,\"name\":\"Property Litigation\",\"item\":\"https:\/\/rfblegal.co.uk\/services\/personal-law\/property-litigation\/\"},{\"@type\":\"ListItem\",\"position\":5,\"name\":\"Residential Lease Extensions\"}]},{\"@type\":\"WebSite\",\"@id\":\"https:\/\/rfblegal.co.uk\/#website\",\"url\":\"https:\/\/rfblegal.co.uk\/\",\"name\":\"RFB Legal\",\"description\":\"\",\"publisher\":{\"@id\":\"https:\/\/rfblegal.co.uk\/#organization\"},\"potentialAction\":[{\"@type\":\"SearchAction\",\"target\":{\"@type\":\"EntryPoint\",\"urlTemplate\":\"https:\/\/rfblegal.co.uk\/?s={search_term_string}\"},\"query-input\":{\"@type\":\"PropertyValueSpecification\",\"valueRequired\":true,\"valueName\":\"search_term_string\"}}],\"inLanguage\":\"de\"},{\"@type\":\"Organization\",\"@id\":\"https:\/\/rfblegal.co.uk\/#organization\",\"name\":\"RFB Legal\",\"url\":\"https:\/\/rfblegal.co.uk\/\",\"logo\":{\"@type\":\"ImageObject\",\"inLanguage\":\"de\",\"@id\":\"https:\/\/rfblegal.co.uk\/#\/schema\/logo\/image\/\",\"url\":\"https:\/\/rfblegal.co.uk\/wp-content\/uploads\/2024\/01\/header_company_logo.svg\",\"contentUrl\":\"https:\/\/rfblegal.co.uk\/wp-content\/uploads\/2024\/01\/header_company_logo.svg\",\"caption\":\"RFB Legal\"},\"image\":{\"@id\":\"https:\/\/rfblegal.co.uk\/#\/schema\/logo\/image\/\"},\"sameAs\":[\"https:\/\/www.facebook.com\/RFBLegal\/\",\"https:\/\/www.linkedin.com\/uas\/login?session_redirect=company2012282\",\"https:\/\/www.instagram.com\/rfb_legal\/\"]}]}<\/script>\n<!-- \/ Yoast SEO plugin. -->","yoast_head_json":{"title":"Verl\u00e4ngerung von Mietvertr\u00e4gen f\u00fcr Wohnungen - RFB Legal","description":"Specialist lease extension solicitors in London. Expert advice for landlords & tenants on claims, valuations & enfranchisement.","robots":{"index":"index","follow":"follow","max-snippet":"max-snippet:-1","max-image-preview":"max-image-preview:large","max-video-preview":"max-video-preview:-1"},"canonical":"https:\/\/rfblegal.co.uk\/de\/dienstleistungen\/personenrecht\/vermogensrechtliche-streitigkeiten\/mietvertragsverlangerungen-fur-wohnungen\/","og_locale":"de_DE","og_type":"article","og_title":"Residential Lease Extensions - RFB Legal","og_description":"Specialist lease extension solicitors in London. Expert advice for landlords & tenants on claims, valuations & enfranchisement.","og_url":"https:\/\/rfblegal.co.uk\/de\/dienstleistungen\/personenrecht\/vermogensrechtliche-streitigkeiten\/mietvertragsverlangerungen-fur-wohnungen\/","og_site_name":"RFB Legal","article_publisher":"https:\/\/www.facebook.com\/RFBLegal\/","article_modified_time":"2025-08-11T09:19:15+00:00","og_image":[{"width":1000,"height":669,"url":"https:\/\/rfblegal.co.uk\/wp-content\/uploads\/2025\/08\/AdobeStock_408890004_Preview.jpeg","type":"image\/jpeg"}],"twitter_card":"summary_large_image","twitter_misc":{"Est. reading time":"3\u00a0Minuten"},"schema":{"@context":"https:\/\/schema.org","@graph":[{"@type":"WebPage","@id":"https:\/\/rfblegal.co.uk\/services\/personal-law\/property-litigation\/residential-lease-extensions\/","url":"https:\/\/rfblegal.co.uk\/services\/personal-law\/property-litigation\/residential-lease-extensions\/","name":"Verl\u00e4ngerung von Mietvertr\u00e4gen f\u00fcr Wohnungen - RFB Legal","isPartOf":{"@id":"https:\/\/rfblegal.co.uk\/#website"},"primaryImageOfPage":{"@id":"https:\/\/rfblegal.co.uk\/services\/personal-law\/property-litigation\/residential-lease-extensions\/#primaryimage"},"image":{"@id":"https:\/\/rfblegal.co.uk\/services\/personal-law\/property-litigation\/residential-lease-extensions\/#primaryimage"},"thumbnailUrl":"https:\/\/rfblegal.co.uk\/wp-content\/uploads\/2025\/08\/AdobeStock_408890004_Preview.jpeg","datePublished":"2025-08-11T09:15:00+00:00","dateModified":"2025-08-11T09:19:15+00:00","description":"Specialist lease extension solicitors in London. Expert advice for landlords & tenants on claims, valuations & enfranchisement.","breadcrumb":{"@id":"https:\/\/rfblegal.co.uk\/services\/personal-law\/property-litigation\/residential-lease-extensions\/#breadcrumb"},"inLanguage":"de","potentialAction":[{"@type":"ReadAction","target":["https:\/\/rfblegal.co.uk\/services\/personal-law\/property-litigation\/residential-lease-extensions\/"]}]},{"@type":"ImageObject","inLanguage":"de","@id":"https:\/\/rfblegal.co.uk\/services\/personal-law\/property-litigation\/residential-lease-extensions\/#primaryimage","url":"https:\/\/rfblegal.co.uk\/wp-content\/uploads\/2025\/08\/AdobeStock_408890004_Preview.jpeg","contentUrl":"https:\/\/rfblegal.co.uk\/wp-content\/uploads\/2025\/08\/AdobeStock_408890004_Preview.jpeg","width":1000,"height":669},{"@type":"BreadcrumbList","@id":"https:\/\/rfblegal.co.uk\/services\/personal-law\/property-litigation\/residential-lease-extensions\/#breadcrumb","itemListElement":[{"@type":"ListItem","position":1,"name":"Home","item":"https:\/\/rfblegal.co.uk\/"},{"@type":"ListItem","position":2,"name":"Services","item":"https:\/\/rfblegal.co.uk\/services\/"},{"@type":"ListItem","position":3,"name":"Personal Law Services","item":"https:\/\/rfblegal.co.uk\/services\/personal-law\/"},{"@type":"ListItem","position":4,"name":"Property Litigation","item":"https:\/\/rfblegal.co.uk\/services\/personal-law\/property-litigation\/"},{"@type":"ListItem","position":5,"name":"Residential Lease Extensions"}]},{"@type":"WebSite","@id":"https:\/\/rfblegal.co.uk\/#website","url":"https:\/\/rfblegal.co.uk\/","name":"RFB Legal","description":"","publisher":{"@id":"https:\/\/rfblegal.co.uk\/#organization"},"potentialAction":[{"@type":"SearchAction","target":{"@type":"EntryPoint","urlTemplate":"https:\/\/rfblegal.co.uk\/?s={search_term_string}"},"query-input":{"@type":"PropertyValueSpecification","valueRequired":true,"valueName":"search_term_string"}}],"inLanguage":"de"},{"@type":"Organization","@id":"https:\/\/rfblegal.co.uk\/#organization","name":"RFB Legal","url":"https:\/\/rfblegal.co.uk\/","logo":{"@type":"ImageObject","inLanguage":"de","@id":"https:\/\/rfblegal.co.uk\/#\/schema\/logo\/image\/","url":"https:\/\/rfblegal.co.uk\/wp-content\/uploads\/2024\/01\/header_company_logo.svg","contentUrl":"https:\/\/rfblegal.co.uk\/wp-content\/uploads\/2024\/01\/header_company_logo.svg","caption":"RFB Legal"},"image":{"@id":"https:\/\/rfblegal.co.uk\/#\/schema\/logo\/image\/"},"sameAs":["https:\/\/www.facebook.com\/RFBLegal\/","https:\/\/www.linkedin.com\/uas\/login?session_redirect=company2012282","https:\/\/www.instagram.com\/rfb_legal\/"]}]}},"_links":{"self":[{"href":"https:\/\/rfblegal.co.uk\/de\/wp-json\/wp\/v2\/pages\/6814","targetHints":{"allow":["GET"]}}],"collection":[{"href":"https:\/\/rfblegal.co.uk\/de\/wp-json\/wp\/v2\/pages"}],"about":[{"href":"https:\/\/rfblegal.co.uk\/de\/wp-json\/wp\/v2\/types\/page"}],"author":[{"embeddable":true,"href":"https:\/\/rfblegal.co.uk\/de\/wp-json\/wp\/v2\/users\/12"}],"replies":[{"embeddable":true,"href":"https:\/\/rfblegal.co.uk\/de\/wp-json\/wp\/v2\/comments?post=6814"}],"version-history":[{"count":0,"href":"https:\/\/rfblegal.co.uk\/de\/wp-json\/wp\/v2\/pages\/6814\/revisions"}],"up":[{"embeddable":true,"href":"https:\/\/rfblegal.co.uk\/de\/wp-json\/wp\/v2\/pages\/2126"}],"wp:featuredmedia":[{"embeddable":true,"href":"https:\/\/rfblegal.co.uk\/de\/wp-json\/wp\/v2\/media\/6815"}],"wp:attachment":[{"href":"https:\/\/rfblegal.co.uk\/de\/wp-json\/wp\/v2\/media?parent=6814"}],"curies":[{"name":"wp","href":"https:\/\/api.w.org\/{rel}","templated":true}]}}