{"id":6137,"date":"2025-04-10T15:26:56","date_gmt":"2025-04-10T15:26:56","guid":{"rendered":"https:\/\/rfblegal.co.uk\/?page_id=6137"},"modified":"2026-03-26T10:57:16","modified_gmt":"2026-03-26T10:57:16","slug":"unternehmensimmobilien-und-corporate-wrapper-transaktionen","status":"publish","type":"page","link":"https:\/\/rfblegal.co.uk\/de\/dienstleistungen\/wirtschaftsrecht\/unternehmen\/unternehmensimmobilien-und-corporate-wrapper-transaktionen\/","title":{"rendered":"Corporate Real Estate und Corporate Wrapper-Transaktionen"},"content":{"rendered":"<h2 class=\"wp-block-heading\"><strong>Warum die Corporate Wrapper Struktur?<\/strong><\/h2>\n\n\n\n<p>Bei RFB stellen wir immer h\u00e4ufiger fest, dass unsere Immobilienkunden eine Transaktion durchf\u00fchren, bei der der Verm\u00f6genswert eine Immobilie ist, die Transaktion aber ein Unternehmen betrifft.<\/p>\n\n\n\n<p>Wir wissen um die besonderen Anforderungen und die Komplexit\u00e4t, die erforderlich sind, und insbesondere bei Fusionen und \u00dcbernahmen um die erheblichen steuerlichen Vorteile, die sich ergeben, wenn man sich f\u00fcr den Erwerb oder die Ver\u00e4u\u00dferung der Anteile an einem Unternehmensvehikel entscheidet, anstatt die Immobilie selbst zu erwerben.<\/p>\n\n\n\n<p>\u00c4hnlich verh\u00e4lt es sich, wenn zwei oder mehr Parteien zu einem gemeinsamen Zweck zusammenkommen, wie z. B. <a href=\"https:\/\/rfblegal.co.uk\/de\/dienstleistungen\/personenrecht\/wohneigentum\/\">Wohnen<\/a> oder kommerziellen Entwicklung eines Standorts wird h\u00e4ufig ein Joint Venture gegr\u00fcndet. Jede Partei bringt unterschiedliche Kenntnisse und F\u00e4higkeiten mit, sei es im Bereich der Verm\u00f6gensverwaltung, des Bauwesens und der Konstruktion, der Kenntnis und Verantwortung f\u00fcr <a href=\"https:\/\/rfblegal.co.uk\/de\/dienstleistungen\/personenrecht\/ordnungsrecht\/\">Regulierung<\/a> Lizenzen im Zusammenhang mit der Immobilie und\/oder Kenntnisse in Preisgestaltung und Buchhaltung. Wir werden uns bem\u00fchen, sicherzustellen, dass Fragen wie Kontrolle, R\u00fcckgabe und \u00dcbertragung Ihren strategischen Interessen entsprechen und es dem Joint Venture und seinem immobilienbezogenen Zweck erm\u00f6glichen, bestm\u00f6glich zu funktionieren und umgesetzt zu werden.<\/p>\n\n\n\n<p>Die Trennung von Gesch\u00e4ftsinteressen, z. B. in Form von Zweckgesellschaften, kann mehr Flexibilit\u00e4t schaffen, wenn Sie sich entscheiden, verschiedene Verm\u00f6genswerte zu ver\u00e4u\u00dfern, da Sie die M\u00f6glichkeit haben, Optionen f\u00fcr den Verkauf eines Verm\u00f6genswerts oder der Zweckgesellschaft zu pr\u00fcfen, wenn Sie eine Investition realisieren m\u00f6chten.<\/p>\n\n\n\n<h2 class=\"wp-block-heading\"><strong>Kompetenz und Dienstleistungen im Bereich Corporate Real Estate<\/strong><\/h2>\n\n\n\n<p>Unser Team f\u00fcr Unternehmens- und Handelsrecht befasst sich regelm\u00e4\u00dfig mit Transaktionen zum Erwerb von Verm\u00f6genswerten und Anteilen an Immobilien, so dass wir die kommerziellen Aspekte verstehen, um sicherzustellen, dass der Verm\u00f6genswert zum bestm\u00f6glichen Preis und unter Ber\u00fccksichtigung der wichtigsten Ziele jedes Kunden erworben wird.<\/p>\n\n\n\n<p>Unser Team handhabt:<\/p>\n\n\n\n<ul class=\"wp-block-list\">\n<li><strong>Akquisitionen und Ver\u00e4usserungen<\/strong> - Abwicklung von Zweckgesellschaften, deren einziger Verm\u00f6genswert eine Immobilie ist, sowie von Handelsunternehmen im Immobiliensektor wie Pflegeheime, Hotels und Studentenwohnheime.<\/li>\n\n\n\n<li><strong>Joint Ventures (<em>JVs<\/em>)<\/strong> die gegr\u00fcndet wurden, um Immobilien zu halten, zu erwerben oder zu entwickeln.<\/li>\n\n\n\n<li><strong>Strukturierung von Investitionen und Kreditaufnahme:<\/strong> Verwaltung von Mehrheits- und Minderheitsbeteiligungen an Unternehmensvehikeln mit Immobilienverm\u00f6gen und Beratung oder Erstellung von Darlehensvertr\u00e4gen mit und von SPVs<\/li>\n\n\n\n<li><strong>Reorganisationen und Umstrukturierungen vor oder nach der \u00dcbernahme:<\/strong> Erleichterung von Anteils\u00fcbertragungen, Verm\u00f6gensverwaltungsvertr\u00e4gen und Abtretungen sowie Gew\u00e4hrung von Untermietvertr\u00e4gen f\u00fcr Immobiliengruppen innerhalb der erworbenen oder ver\u00e4u\u00dferten Zweckgesellschaft<\/li>\n<\/ul>\n\n\n\n<p>Unser Ansatz besteht darin, nahtlos mit unseren marktf\u00fchrenden Immobilienanw\u00e4lten zusammenzuarbeiten, um einen koh\u00e4renten Service zu bieten. Unsere umfangreiche Immobilienpraxis und die damit verbundenen Dienstleistungen in den Bereichen Arbeitsrecht und Rechtsstreitigkeiten gew\u00e4hrleisten eine umfassende Unterst\u00fctzung.<\/p>","protected":false},"excerpt":{"rendered":"<p>Warum die Corporate Wrapper Struktur? Bei RFB stellen wir immer h\u00e4ufiger fest, dass unsere Immobilienkunden eine Transaktion durchf\u00fchren, bei der der Verm\u00f6genswert eine Immobilie ist, die Transaktion aber eine Gesellschaft ist. Wir kennen die besonderen Anforderungen und die Komplexit\u00e4t, die damit verbunden sind, und insbesondere bei Fusionen und \u00dcbernahmen die erheblichen Steuervorteile, die sich aus der Wahl einer ... <a href=\"https:\/\/rfblegal.co.uk\/de\/dienstleistungen\/wirtschaftsrecht\/unternehmen\/unternehmensimmobilien-und-corporate-wrapper-transaktionen\/\">Fortsetzung<\/a><\/p>","protected":false},"author":5,"featured_media":6138,"parent":2597,"menu_order":0,"comment_status":"closed","ping_status":"closed","template":"tier3-template.blade.php","meta":{"_acf_changed":false,"om_disable_all_campaigns":false,"_uf_show_specific_survey":0,"_uf_disable_surveys":false,"footnotes":""},"class_list":["post-6137","page","type-page","status-publish","has-post-thumbnail","hentry"],"acf":[],"aioseo_notices":[],"yoast_head":"<!-- This site is optimized with the Yoast SEO plugin v27.2 - https:\/\/yoast.com\/product\/yoast-seo-wordpress\/ -->\n<title>Corporate Real Estate and Corporate Wrapper Transactions - RFB Legal<\/title>\n<meta name=\"description\" content=\"Why the Corporate Wrapper Structure? At RFB, we find it increasingly common for our real estate clients to carry out a transaction where the asset is\" \/>\n<meta name=\"robots\" content=\"index, follow, max-snippet:-1, max-image-preview:large, max-video-preview:-1\" \/>\n<link rel=\"canonical\" href=\"https:\/\/rfblegal.co.uk\/de\/dienstleistungen\/wirtschaftsrecht\/unternehmen\/unternehmensimmobilien-und-corporate-wrapper-transaktionen\/\" \/>\n<meta property=\"og:locale\" content=\"de_DE\" \/>\n<meta property=\"og:type\" content=\"article\" \/>\n<meta property=\"og:title\" content=\"Corporate Real Estate and Corporate Wrapper Transactions - RFB Legal\" \/>\n<meta property=\"og:description\" content=\"Why the Corporate Wrapper Structure? At RFB, we find it increasingly common for our real estate clients to carry out a transaction where the asset is\" \/>\n<meta property=\"og:url\" content=\"https:\/\/rfblegal.co.uk\/de\/dienstleistungen\/wirtschaftsrecht\/unternehmen\/unternehmensimmobilien-und-corporate-wrapper-transaktionen\/\" \/>\n<meta property=\"og:site_name\" content=\"RFB Legal\" \/>\n<meta property=\"article:publisher\" content=\"https:\/\/www.facebook.com\/RFBLegal\/\" \/>\n<meta property=\"article:modified_time\" content=\"2026-03-26T10:57:16+00:00\" \/>\n<meta property=\"og:image\" content=\"https:\/\/rfblegal.co.uk\/wp-content\/uploads\/2025\/04\/AdobeStock_952221415-scaled.jpeg\" \/>\n\t<meta property=\"og:image:width\" content=\"2120\" \/>\n\t<meta property=\"og:image:height\" content=\"1188\" \/>\n\t<meta property=\"og:image:type\" content=\"image\/jpeg\" \/>\n<meta name=\"twitter:card\" content=\"summary_large_image\" \/>\n<meta name=\"twitter:label1\" content=\"Est. reading time\" \/>\n\t<meta name=\"twitter:data1\" content=\"2\u00a0Minuten\" \/>\n<script type=\"application\/ld+json\" class=\"yoast-schema-graph\">{\"@context\":\"https:\/\/schema.org\",\"@graph\":[{\"@type\":\"WebPage\",\"@id\":\"https:\/\/rfblegal.co.uk\/services\/business-law\/business-corporate\/corporate-real-estate-and-corporate-wrapper-transactions\/\",\"url\":\"https:\/\/rfblegal.co.uk\/services\/business-law\/business-corporate\/corporate-real-estate-and-corporate-wrapper-transactions\/\",\"name\":\"Corporate Real Estate and Corporate Wrapper Transactions - RFB Legal\",\"isPartOf\":{\"@id\":\"https:\/\/rfblegal.co.uk\/#website\"},\"primaryImageOfPage\":{\"@id\":\"https:\/\/rfblegal.co.uk\/services\/business-law\/business-corporate\/corporate-real-estate-and-corporate-wrapper-transactions\/#primaryimage\"},\"image\":{\"@id\":\"https:\/\/rfblegal.co.uk\/services\/business-law\/business-corporate\/corporate-real-estate-and-corporate-wrapper-transactions\/#primaryimage\"},\"thumbnailUrl\":\"https:\/\/rfblegal.co.uk\/wp-content\/uploads\/2025\/04\/AdobeStock_952221415-scaled.jpeg\",\"datePublished\":\"2025-04-10T15:26:56+00:00\",\"dateModified\":\"2026-03-26T10:57:16+00:00\",\"description\":\"Why the Corporate Wrapper Structure? At RFB, we find it increasingly common for our real estate clients to carry out a transaction where the asset is\",\"breadcrumb\":{\"@id\":\"https:\/\/rfblegal.co.uk\/services\/business-law\/business-corporate\/corporate-real-estate-and-corporate-wrapper-transactions\/#breadcrumb\"},\"inLanguage\":\"de\",\"potentialAction\":[{\"@type\":\"ReadAction\",\"target\":[\"https:\/\/rfblegal.co.uk\/services\/business-law\/business-corporate\/corporate-real-estate-and-corporate-wrapper-transactions\/\"]}]},{\"@type\":\"ImageObject\",\"inLanguage\":\"de\",\"@id\":\"https:\/\/rfblegal.co.uk\/services\/business-law\/business-corporate\/corporate-real-estate-and-corporate-wrapper-transactions\/#primaryimage\",\"url\":\"https:\/\/rfblegal.co.uk\/wp-content\/uploads\/2025\/04\/AdobeStock_952221415-scaled.jpeg\",\"contentUrl\":\"https:\/\/rfblegal.co.uk\/wp-content\/uploads\/2025\/04\/AdobeStock_952221415-scaled.jpeg\",\"width\":2120,\"height\":1188},{\"@type\":\"BreadcrumbList\",\"@id\":\"https:\/\/rfblegal.co.uk\/services\/business-law\/business-corporate\/corporate-real-estate-and-corporate-wrapper-transactions\/#breadcrumb\",\"itemListElement\":[{\"@type\":\"ListItem\",\"position\":1,\"name\":\"Home\",\"item\":\"https:\/\/rfblegal.co.uk\/\"},{\"@type\":\"ListItem\",\"position\":2,\"name\":\"Services\",\"item\":\"https:\/\/rfblegal.co.uk\/services\/\"},{\"@type\":\"ListItem\",\"position\":3,\"name\":\"Business Law\",\"item\":\"https:\/\/rfblegal.co.uk\/services\/business-law\/\"},{\"@type\":\"ListItem\",\"position\":4,\"name\":\"Business &#8211; Corporate\",\"item\":\"https:\/\/rfblegal.co.uk\/services\/business-law\/business-corporate\/\"},{\"@type\":\"ListItem\",\"position\":5,\"name\":\"Corporate Real Estate and Corporate Wrapper Transactions\"}]},{\"@type\":\"WebSite\",\"@id\":\"https:\/\/rfblegal.co.uk\/#website\",\"url\":\"https:\/\/rfblegal.co.uk\/\",\"name\":\"RFB Legal\",\"description\":\"\",\"publisher\":{\"@id\":\"https:\/\/rfblegal.co.uk\/#organization\"},\"potentialAction\":[{\"@type\":\"SearchAction\",\"target\":{\"@type\":\"EntryPoint\",\"urlTemplate\":\"https:\/\/rfblegal.co.uk\/?s={search_term_string}\"},\"query-input\":{\"@type\":\"PropertyValueSpecification\",\"valueRequired\":true,\"valueName\":\"search_term_string\"}}],\"inLanguage\":\"de\"},{\"@type\":\"Organization\",\"@id\":\"https:\/\/rfblegal.co.uk\/#organization\",\"name\":\"RFB Legal\",\"url\":\"https:\/\/rfblegal.co.uk\/\",\"logo\":{\"@type\":\"ImageObject\",\"inLanguage\":\"de\",\"@id\":\"https:\/\/rfblegal.co.uk\/#\/schema\/logo\/image\/\",\"url\":\"https:\/\/rfblegal.co.uk\/wp-content\/uploads\/2024\/01\/header_company_logo.svg\",\"contentUrl\":\"https:\/\/rfblegal.co.uk\/wp-content\/uploads\/2024\/01\/header_company_logo.svg\",\"caption\":\"RFB Legal\"},\"image\":{\"@id\":\"https:\/\/rfblegal.co.uk\/#\/schema\/logo\/image\/\"},\"sameAs\":[\"https:\/\/www.facebook.com\/RFBLegal\/\",\"https:\/\/www.linkedin.com\/uas\/login?session_redirect=company2012282\",\"https:\/\/www.instagram.com\/rfb_legal\/\"]}]}<\/script>\n<!-- \/ Yoast SEO plugin. -->","yoast_head_json":{"title":"Corporate Real Estate und Corporate Wrapper-Transaktionen - RFB Legal","description":"Warum die Corporate Wrapper Struktur? Bei RFB stellen wir immer h\u00e4ufiger fest, dass unsere Immobilienkunden eine Transaktion durchf\u00fchren, bei der der Verm\u00f6genswert","robots":{"index":"index","follow":"follow","max-snippet":"max-snippet:-1","max-image-preview":"max-image-preview:large","max-video-preview":"max-video-preview:-1"},"canonical":"https:\/\/rfblegal.co.uk\/de\/dienstleistungen\/wirtschaftsrecht\/unternehmen\/unternehmensimmobilien-und-corporate-wrapper-transaktionen\/","og_locale":"de_DE","og_type":"article","og_title":"Corporate Real Estate and Corporate Wrapper Transactions - RFB Legal","og_description":"Why the Corporate Wrapper Structure? At RFB, we find it increasingly common for our real estate clients to carry out a transaction where the asset is","og_url":"https:\/\/rfblegal.co.uk\/de\/dienstleistungen\/wirtschaftsrecht\/unternehmen\/unternehmensimmobilien-und-corporate-wrapper-transaktionen\/","og_site_name":"RFB Legal","article_publisher":"https:\/\/www.facebook.com\/RFBLegal\/","article_modified_time":"2026-03-26T10:57:16+00:00","og_image":[{"width":2120,"height":1188,"url":"https:\/\/rfblegal.co.uk\/wp-content\/uploads\/2025\/04\/AdobeStock_952221415-scaled.jpeg","type":"image\/jpeg"}],"twitter_card":"summary_large_image","twitter_misc":{"Est. reading time":"2\u00a0Minuten"},"schema":{"@context":"https:\/\/schema.org","@graph":[{"@type":"WebPage","@id":"https:\/\/rfblegal.co.uk\/services\/business-law\/business-corporate\/corporate-real-estate-and-corporate-wrapper-transactions\/","url":"https:\/\/rfblegal.co.uk\/services\/business-law\/business-corporate\/corporate-real-estate-and-corporate-wrapper-transactions\/","name":"Corporate Real Estate und Corporate Wrapper-Transaktionen - RFB Legal","isPartOf":{"@id":"https:\/\/rfblegal.co.uk\/#website"},"primaryImageOfPage":{"@id":"https:\/\/rfblegal.co.uk\/services\/business-law\/business-corporate\/corporate-real-estate-and-corporate-wrapper-transactions\/#primaryimage"},"image":{"@id":"https:\/\/rfblegal.co.uk\/services\/business-law\/business-corporate\/corporate-real-estate-and-corporate-wrapper-transactions\/#primaryimage"},"thumbnailUrl":"https:\/\/rfblegal.co.uk\/wp-content\/uploads\/2025\/04\/AdobeStock_952221415-scaled.jpeg","datePublished":"2025-04-10T15:26:56+00:00","dateModified":"2026-03-26T10:57:16+00:00","description":"Warum die Corporate Wrapper Struktur? Bei RFB stellen wir immer h\u00e4ufiger fest, dass unsere Immobilienkunden eine Transaktion durchf\u00fchren, bei der der Verm\u00f6genswert","breadcrumb":{"@id":"https:\/\/rfblegal.co.uk\/services\/business-law\/business-corporate\/corporate-real-estate-and-corporate-wrapper-transactions\/#breadcrumb"},"inLanguage":"de","potentialAction":[{"@type":"ReadAction","target":["https:\/\/rfblegal.co.uk\/services\/business-law\/business-corporate\/corporate-real-estate-and-corporate-wrapper-transactions\/"]}]},{"@type":"ImageObject","inLanguage":"de","@id":"https:\/\/rfblegal.co.uk\/services\/business-law\/business-corporate\/corporate-real-estate-and-corporate-wrapper-transactions\/#primaryimage","url":"https:\/\/rfblegal.co.uk\/wp-content\/uploads\/2025\/04\/AdobeStock_952221415-scaled.jpeg","contentUrl":"https:\/\/rfblegal.co.uk\/wp-content\/uploads\/2025\/04\/AdobeStock_952221415-scaled.jpeg","width":2120,"height":1188},{"@type":"BreadcrumbList","@id":"https:\/\/rfblegal.co.uk\/services\/business-law\/business-corporate\/corporate-real-estate-and-corporate-wrapper-transactions\/#breadcrumb","itemListElement":[{"@type":"ListItem","position":1,"name":"Home","item":"https:\/\/rfblegal.co.uk\/"},{"@type":"ListItem","position":2,"name":"Services","item":"https:\/\/rfblegal.co.uk\/services\/"},{"@type":"ListItem","position":3,"name":"Business Law","item":"https:\/\/rfblegal.co.uk\/services\/business-law\/"},{"@type":"ListItem","position":4,"name":"Business &#8211; Corporate","item":"https:\/\/rfblegal.co.uk\/services\/business-law\/business-corporate\/"},{"@type":"ListItem","position":5,"name":"Corporate Real Estate and Corporate Wrapper Transactions"}]},{"@type":"WebSite","@id":"https:\/\/rfblegal.co.uk\/#website","url":"https:\/\/rfblegal.co.uk\/","name":"RFB Legal","description":"","publisher":{"@id":"https:\/\/rfblegal.co.uk\/#organization"},"potentialAction":[{"@type":"SearchAction","target":{"@type":"EntryPoint","urlTemplate":"https:\/\/rfblegal.co.uk\/?s={search_term_string}"},"query-input":{"@type":"PropertyValueSpecification","valueRequired":true,"valueName":"search_term_string"}}],"inLanguage":"de"},{"@type":"Organization","@id":"https:\/\/rfblegal.co.uk\/#organization","name":"RFB Legal","url":"https:\/\/rfblegal.co.uk\/","logo":{"@type":"ImageObject","inLanguage":"de","@id":"https:\/\/rfblegal.co.uk\/#\/schema\/logo\/image\/","url":"https:\/\/rfblegal.co.uk\/wp-content\/uploads\/2024\/01\/header_company_logo.svg","contentUrl":"https:\/\/rfblegal.co.uk\/wp-content\/uploads\/2024\/01\/header_company_logo.svg","caption":"RFB Legal"},"image":{"@id":"https:\/\/rfblegal.co.uk\/#\/schema\/logo\/image\/"},"sameAs":["https:\/\/www.facebook.com\/RFBLegal\/","https:\/\/www.linkedin.com\/uas\/login?session_redirect=company2012282","https:\/\/www.instagram.com\/rfb_legal\/"]}]}},"_links":{"self":[{"href":"https:\/\/rfblegal.co.uk\/de\/wp-json\/wp\/v2\/pages\/6137","targetHints":{"allow":["GET"]}}],"collection":[{"href":"https:\/\/rfblegal.co.uk\/de\/wp-json\/wp\/v2\/pages"}],"about":[{"href":"https:\/\/rfblegal.co.uk\/de\/wp-json\/wp\/v2\/types\/page"}],"author":[{"embeddable":true,"href":"https:\/\/rfblegal.co.uk\/de\/wp-json\/wp\/v2\/users\/5"}],"replies":[{"embeddable":true,"href":"https:\/\/rfblegal.co.uk\/de\/wp-json\/wp\/v2\/comments?post=6137"}],"version-history":[{"count":1,"href":"https:\/\/rfblegal.co.uk\/de\/wp-json\/wp\/v2\/pages\/6137\/revisions"}],"predecessor-version":[{"id":9081,"href":"https:\/\/rfblegal.co.uk\/de\/wp-json\/wp\/v2\/pages\/6137\/revisions\/9081"}],"up":[{"embeddable":true,"href":"https:\/\/rfblegal.co.uk\/de\/wp-json\/wp\/v2\/pages\/2597"}],"wp:featuredmedia":[{"embeddable":true,"href":"https:\/\/rfblegal.co.uk\/de\/wp-json\/wp\/v2\/media\/6138"}],"wp:attachment":[{"href":"https:\/\/rfblegal.co.uk\/de\/wp-json\/wp\/v2\/media?parent=6137"}],"curies":[{"name":"wp","href":"https:\/\/api.w.org\/{rel}","templated":true}]}}