{"id":6129,"date":"2025-04-10T14:44:42","date_gmt":"2025-04-10T14:44:42","guid":{"rendered":"https:\/\/rfblegal.co.uk\/?page_id=6129"},"modified":"2026-03-26T10:56:21","modified_gmt":"2026-03-26T10:56:21","slug":"kommerzielle-regulierte-sektoren","status":"publish","type":"page","link":"https:\/\/rfblegal.co.uk\/de\/dienstleistungen\/wirtschaftsrecht\/unternehmen\/kommerzielle-regulierte-sektoren\/","title":{"rendered":"Kommerzielle regulierte Sektoren"},"content":{"rendered":"<p>Wir bieten ein umfassendes Angebot an wirtschaftsrechtlichen Dienstleistungen f\u00fcr regulierte Unternehmen wie Pflegeheime, Optiker, Apotheken und Tierarztpraxen, um Ihre Interessen zu sch\u00fctzen, Ihre Ziele zu unterst\u00fctzen und die Einhaltung der Vorschriften in jeder Phase sicherzustellen. Ganz gleich, ob Sie ein aufstrebendes Start-up oder ein etabliertes Unternehmen sind und eine Praxis kaufen oder verkaufen m\u00f6chten, unsere Beratung ist auf Ihre Bed\u00fcrfnisse zugeschnitten.<\/p>\n\n\n\n<p>Unser Team f\u00fcr Unternehmens- und Wirtschaftsfragen begleitet Sie bei jeder Entscheidung und hilft Ihnen, sichere und fundierte Entscheidungen zu treffen, z. B. in folgenden Bereichen<\/p>\n\n\n\n<ul class=\"wp-block-list\">\n<li>Verst\u00e4ndnis des Gesch\u00e4fts- oder Firmenwerts und der Beteiligung und deren Bedeutung in Kaufvertr\u00e4gen<\/li>\n\n\n\n<li>Chirurgie - Eigentum und Entwicklung<\/li>\n\n\n\n<li>Firmengr\u00fcndung, LLP-Gr\u00fcndung<\/li>\n\n\n\n<li>Partnerschafts- und Kostenteilungsvereinbarungen und Vertr\u00e4ge mit Auftragnehmern<\/li>\n\n\n\n<li>Berufliche Regulierung und Registrierung:<br>Verfahren der Care Quality Commission (CQC), Eignungspr\u00fcfungen und RVCS-Angelegenheiten, GPhc-Angelegenheiten, Vorschriften f\u00fcr Eigent\u00fcmerwechsel und Standortwechsel, NHS <a href=\"https:\/\/rfblegal.co.uk\/de\/dienstleistungen\/personenrecht\/ordnungsrecht\/\">Regulierung<\/a> und Vertragsangelegenheiten,\u00a0<\/li>\n\n\n\n<li>Verk\u00e4ufe &amp; Eink\u00e4ufe<\/li>\n\n\n\n<li>Anforderungen an Gesundheit und Sicherheit<\/li>\n<\/ul>\n\n\n\n<h2 class=\"wp-block-heading\">Verkauf und Kauf von verschiedenen Berufspraxen&nbsp;<\/h2>\n\n\n\n<p>Wir unterst\u00fctzen Sie beim Verkauf und Kauf von NHS- und privaten Pflegeheimen, Apotheken und Tierarztpraxen. Wir k\u00f6nnen Sie fachkundig beraten zu:<\/p>\n\n\n\n<ul class=\"wp-block-list\">\n<li>Due-Diligence-Pr\u00fcfung - Bewertung des Datenraums und der wichtigsten \u00dcberlegungen zu dem Verm\u00f6genswert und dem Unternehmen, das Sie erwerben oder verkaufen m\u00f6chten, sowie zu den Angaben, die Sie machen m\u00fcssen, um Ihre Interessen zu sch\u00fctzen<\/li>\n\n\n\n<li>\u00dcbertragung von NHS-Vertr\u00e4gen<\/li>\n\n\n\n<li>CQC-Registrierungsprozess<\/li>\n\n\n\n<li>Personalversetzungen und die Frage, ob TUPE Anwendung finden kann<\/li>\n\n\n\n<li>Begrenzung der Haftung<\/li>\n\n\n\n<li>\u00dcbertragung von Eigentum<\/li>\n\n\n\n<li>Bank- und Finanzdienstleistungen<\/li>\n<\/ul>\n\n\n\n<p>Um zu besprechen, wie unsere Anw\u00e4lte f\u00fcr Gesellschafts- und Handelsrecht bei RFB Ihnen und Ihrem Unternehmen helfen k\u00f6nnen, kontaktieren Sie bitte unser Team unter <a href=\"tel:020 7613 1402\">020 7613 1402<\/a>.<\/p>","protected":false},"excerpt":{"rendered":"<p>Wir bieten ein umfassendes Angebot an wirtschaftsrechtlichen Dienstleistungen f\u00fcr regulierte Unternehmen wie Pflegeheime, Optiker, Apotheken und Tierarztpraxen, um Ihre Interessen zu sch\u00fctzen, Ihre Ziele zu unterst\u00fctzen und die Einhaltung von Vorschriften in jeder Phase sicherzustellen. Ganz gleich, ob Sie ein ehrgeiziges Start-up oder ein etabliertes Unternehmen sind und eine Praxis kaufen oder verkaufen wollen, unsere Beratung ist auf ... <a href=\"https:\/\/rfblegal.co.uk\/de\/dienstleistungen\/wirtschaftsrecht\/unternehmen\/kommerzielle-regulierte-sektoren\/\">Fortsetzung<\/a><\/p>","protected":false},"author":5,"featured_media":6132,"parent":2597,"menu_order":0,"comment_status":"closed","ping_status":"closed","template":"tier3-template.blade.php","meta":{"_acf_changed":false,"om_disable_all_campaigns":false,"_uf_show_specific_survey":0,"_uf_disable_surveys":false,"footnotes":""},"class_list":["post-6129","page","type-page","status-publish","has-post-thumbnail","hentry"],"acf":[],"aioseo_notices":[],"yoast_head":"<!-- This site is optimized with the Yoast SEO plugin v27.2 - https:\/\/yoast.com\/product\/yoast-seo-wordpress\/ -->\n<title>Commercial Regulated Sectors - RFB Legal<\/title>\n<meta name=\"description\" content=\"We offer a comprehensive range of business law services for regulated businesses such as care homes, opticians, pharmacies, and veterinary practices,\" \/>\n<meta name=\"robots\" content=\"index, follow, max-snippet:-1, max-image-preview:large, max-video-preview:-1\" \/>\n<link rel=\"canonical\" href=\"https:\/\/rfblegal.co.uk\/de\/dienstleistungen\/wirtschaftsrecht\/unternehmen\/kommerzielle-regulierte-sektoren\/\" \/>\n<meta property=\"og:locale\" content=\"de_DE\" \/>\n<meta property=\"og:type\" content=\"article\" \/>\n<meta property=\"og:title\" content=\"Commercial Regulated Sectors - RFB Legal\" \/>\n<meta property=\"og:description\" content=\"We offer a comprehensive range of business law services for regulated businesses such as care homes, opticians, pharmacies, and veterinary practices,\" \/>\n<meta property=\"og:url\" content=\"https:\/\/rfblegal.co.uk\/de\/dienstleistungen\/wirtschaftsrecht\/unternehmen\/kommerzielle-regulierte-sektoren\/\" \/>\n<meta property=\"og:site_name\" content=\"RFB Legal\" \/>\n<meta property=\"article:publisher\" content=\"https:\/\/www.facebook.com\/RFBLegal\/\" \/>\n<meta property=\"article:modified_time\" content=\"2026-03-26T10:56:21+00:00\" \/>\n<meta property=\"og:image\" content=\"https:\/\/rfblegal.co.uk\/wp-content\/uploads\/2025\/04\/AdobeStock_400427216-scaled.jpeg\" \/>\n\t<meta property=\"og:image:width\" content=\"2120\" \/>\n\t<meta property=\"og:image:height\" content=\"1193\" \/>\n\t<meta property=\"og:image:type\" content=\"image\/jpeg\" \/>\n<meta name=\"twitter:card\" content=\"summary_large_image\" \/>\n<meta name=\"twitter:label1\" content=\"Est. reading time\" \/>\n\t<meta name=\"twitter:data1\" content=\"2\u00a0Minuten\" \/>\n<script type=\"application\/ld+json\" class=\"yoast-schema-graph\">{\"@context\":\"https:\/\/schema.org\",\"@graph\":[{\"@type\":\"WebPage\",\"@id\":\"https:\/\/rfblegal.co.uk\/services\/business-law\/business-corporate\/commercial-regulated-sectors\/\",\"url\":\"https:\/\/rfblegal.co.uk\/services\/business-law\/business-corporate\/commercial-regulated-sectors\/\",\"name\":\"Commercial Regulated Sectors - RFB Legal\",\"isPartOf\":{\"@id\":\"https:\/\/rfblegal.co.uk\/#website\"},\"primaryImageOfPage\":{\"@id\":\"https:\/\/rfblegal.co.uk\/services\/business-law\/business-corporate\/commercial-regulated-sectors\/#primaryimage\"},\"image\":{\"@id\":\"https:\/\/rfblegal.co.uk\/services\/business-law\/business-corporate\/commercial-regulated-sectors\/#primaryimage\"},\"thumbnailUrl\":\"https:\/\/rfblegal.co.uk\/wp-content\/uploads\/2025\/04\/AdobeStock_400427216-scaled.jpeg\",\"datePublished\":\"2025-04-10T14:44:42+00:00\",\"dateModified\":\"2026-03-26T10:56:21+00:00\",\"description\":\"We offer a comprehensive range of business law services for regulated businesses such as care homes, opticians, pharmacies, and veterinary practices,\",\"breadcrumb\":{\"@id\":\"https:\/\/rfblegal.co.uk\/services\/business-law\/business-corporate\/commercial-regulated-sectors\/#breadcrumb\"},\"inLanguage\":\"de\",\"potentialAction\":[{\"@type\":\"ReadAction\",\"target\":[\"https:\/\/rfblegal.co.uk\/services\/business-law\/business-corporate\/commercial-regulated-sectors\/\"]}]},{\"@type\":\"ImageObject\",\"inLanguage\":\"de\",\"@id\":\"https:\/\/rfblegal.co.uk\/services\/business-law\/business-corporate\/commercial-regulated-sectors\/#primaryimage\",\"url\":\"https:\/\/rfblegal.co.uk\/wp-content\/uploads\/2025\/04\/AdobeStock_400427216-scaled.jpeg\",\"contentUrl\":\"https:\/\/rfblegal.co.uk\/wp-content\/uploads\/2025\/04\/AdobeStock_400427216-scaled.jpeg\",\"width\":2120,\"height\":1193,\"caption\":\"Pharmacy Drugstore Checkout Cashier Counter: Mature Female Pharmacist and Young Woman Using Contactless Payment NFC Smartphone to Buy Prescription Medicine, Vitamins, Beauty, Health Care Products\"},{\"@type\":\"BreadcrumbList\",\"@id\":\"https:\/\/rfblegal.co.uk\/services\/business-law\/business-corporate\/commercial-regulated-sectors\/#breadcrumb\",\"itemListElement\":[{\"@type\":\"ListItem\",\"position\":1,\"name\":\"Home\",\"item\":\"https:\/\/rfblegal.co.uk\/\"},{\"@type\":\"ListItem\",\"position\":2,\"name\":\"Services\",\"item\":\"https:\/\/rfblegal.co.uk\/services\/\"},{\"@type\":\"ListItem\",\"position\":3,\"name\":\"Business Law\",\"item\":\"https:\/\/rfblegal.co.uk\/services\/business-law\/\"},{\"@type\":\"ListItem\",\"position\":4,\"name\":\"Business &#8211; Corporate\",\"item\":\"https:\/\/rfblegal.co.uk\/services\/business-law\/business-corporate\/\"},{\"@type\":\"ListItem\",\"position\":5,\"name\":\"Commercial Regulated Sectors\"}]},{\"@type\":\"WebSite\",\"@id\":\"https:\/\/rfblegal.co.uk\/#website\",\"url\":\"https:\/\/rfblegal.co.uk\/\",\"name\":\"RFB Legal\",\"description\":\"\",\"publisher\":{\"@id\":\"https:\/\/rfblegal.co.uk\/#organization\"},\"potentialAction\":[{\"@type\":\"SearchAction\",\"target\":{\"@type\":\"EntryPoint\",\"urlTemplate\":\"https:\/\/rfblegal.co.uk\/?s={search_term_string}\"},\"query-input\":{\"@type\":\"PropertyValueSpecification\",\"valueRequired\":true,\"valueName\":\"search_term_string\"}}],\"inLanguage\":\"de\"},{\"@type\":\"Organization\",\"@id\":\"https:\/\/rfblegal.co.uk\/#organization\",\"name\":\"RFB Legal\",\"url\":\"https:\/\/rfblegal.co.uk\/\",\"logo\":{\"@type\":\"ImageObject\",\"inLanguage\":\"de\",\"@id\":\"https:\/\/rfblegal.co.uk\/#\/schema\/logo\/image\/\",\"url\":\"https:\/\/rfblegal.co.uk\/wp-content\/uploads\/2024\/01\/header_company_logo.svg\",\"contentUrl\":\"https:\/\/rfblegal.co.uk\/wp-content\/uploads\/2024\/01\/header_company_logo.svg\",\"caption\":\"RFB Legal\"},\"image\":{\"@id\":\"https:\/\/rfblegal.co.uk\/#\/schema\/logo\/image\/\"},\"sameAs\":[\"https:\/\/www.facebook.com\/RFBLegal\/\",\"https:\/\/www.linkedin.com\/uas\/login?session_redirect=company2012282\",\"https:\/\/www.instagram.com\/rfb_legal\/\"]}]}<\/script>\n<!-- \/ Yoast SEO plugin. -->","yoast_head_json":{"title":"Kommerziell regulierte Sektoren - RFB Legal","description":"Wir bieten ein umfassendes Angebot an wirtschaftsrechtlichen Dienstleistungen f\u00fcr regulierte Unternehmen wie Pflegeheime, Optiker, Apotheken und Tierarztpraxen,","robots":{"index":"index","follow":"follow","max-snippet":"max-snippet:-1","max-image-preview":"max-image-preview:large","max-video-preview":"max-video-preview:-1"},"canonical":"https:\/\/rfblegal.co.uk\/de\/dienstleistungen\/wirtschaftsrecht\/unternehmen\/kommerzielle-regulierte-sektoren\/","og_locale":"de_DE","og_type":"article","og_title":"Commercial Regulated Sectors - RFB Legal","og_description":"We offer a comprehensive range of business law services for regulated businesses such as care homes, opticians, pharmacies, and veterinary practices,","og_url":"https:\/\/rfblegal.co.uk\/de\/dienstleistungen\/wirtschaftsrecht\/unternehmen\/kommerzielle-regulierte-sektoren\/","og_site_name":"RFB Legal","article_publisher":"https:\/\/www.facebook.com\/RFBLegal\/","article_modified_time":"2026-03-26T10:56:21+00:00","og_image":[{"width":2120,"height":1193,"url":"https:\/\/rfblegal.co.uk\/wp-content\/uploads\/2025\/04\/AdobeStock_400427216-scaled.jpeg","type":"image\/jpeg"}],"twitter_card":"summary_large_image","twitter_misc":{"Est. reading time":"2\u00a0Minuten"},"schema":{"@context":"https:\/\/schema.org","@graph":[{"@type":"WebPage","@id":"https:\/\/rfblegal.co.uk\/services\/business-law\/business-corporate\/commercial-regulated-sectors\/","url":"https:\/\/rfblegal.co.uk\/services\/business-law\/business-corporate\/commercial-regulated-sectors\/","name":"Kommerziell regulierte Sektoren - RFB Legal","isPartOf":{"@id":"https:\/\/rfblegal.co.uk\/#website"},"primaryImageOfPage":{"@id":"https:\/\/rfblegal.co.uk\/services\/business-law\/business-corporate\/commercial-regulated-sectors\/#primaryimage"},"image":{"@id":"https:\/\/rfblegal.co.uk\/services\/business-law\/business-corporate\/commercial-regulated-sectors\/#primaryimage"},"thumbnailUrl":"https:\/\/rfblegal.co.uk\/wp-content\/uploads\/2025\/04\/AdobeStock_400427216-scaled.jpeg","datePublished":"2025-04-10T14:44:42+00:00","dateModified":"2026-03-26T10:56:21+00:00","description":"Wir bieten ein umfassendes Angebot an wirtschaftsrechtlichen Dienstleistungen f\u00fcr regulierte Unternehmen wie Pflegeheime, Optiker, Apotheken und Tierarztpraxen,","breadcrumb":{"@id":"https:\/\/rfblegal.co.uk\/services\/business-law\/business-corporate\/commercial-regulated-sectors\/#breadcrumb"},"inLanguage":"de","potentialAction":[{"@type":"ReadAction","target":["https:\/\/rfblegal.co.uk\/services\/business-law\/business-corporate\/commercial-regulated-sectors\/"]}]},{"@type":"ImageObject","inLanguage":"de","@id":"https:\/\/rfblegal.co.uk\/services\/business-law\/business-corporate\/commercial-regulated-sectors\/#primaryimage","url":"https:\/\/rfblegal.co.uk\/wp-content\/uploads\/2025\/04\/AdobeStock_400427216-scaled.jpeg","contentUrl":"https:\/\/rfblegal.co.uk\/wp-content\/uploads\/2025\/04\/AdobeStock_400427216-scaled.jpeg","width":2120,"height":1193,"caption":"Pharmacy Drugstore Checkout Cashier Counter: Mature Female Pharmacist and Young Woman Using Contactless Payment NFC Smartphone to Buy Prescription Medicine, Vitamins, Beauty, Health Care Products"},{"@type":"BreadcrumbList","@id":"https:\/\/rfblegal.co.uk\/services\/business-law\/business-corporate\/commercial-regulated-sectors\/#breadcrumb","itemListElement":[{"@type":"ListItem","position":1,"name":"Home","item":"https:\/\/rfblegal.co.uk\/"},{"@type":"ListItem","position":2,"name":"Services","item":"https:\/\/rfblegal.co.uk\/services\/"},{"@type":"ListItem","position":3,"name":"Business Law","item":"https:\/\/rfblegal.co.uk\/services\/business-law\/"},{"@type":"ListItem","position":4,"name":"Business &#8211; Corporate","item":"https:\/\/rfblegal.co.uk\/services\/business-law\/business-corporate\/"},{"@type":"ListItem","position":5,"name":"Commercial Regulated Sectors"}]},{"@type":"WebSite","@id":"https:\/\/rfblegal.co.uk\/#website","url":"https:\/\/rfblegal.co.uk\/","name":"RFB Legal","description":"","publisher":{"@id":"https:\/\/rfblegal.co.uk\/#organization"},"potentialAction":[{"@type":"SearchAction","target":{"@type":"EntryPoint","urlTemplate":"https:\/\/rfblegal.co.uk\/?s={search_term_string}"},"query-input":{"@type":"PropertyValueSpecification","valueRequired":true,"valueName":"search_term_string"}}],"inLanguage":"de"},{"@type":"Organization","@id":"https:\/\/rfblegal.co.uk\/#organization","name":"RFB Legal","url":"https:\/\/rfblegal.co.uk\/","logo":{"@type":"ImageObject","inLanguage":"de","@id":"https:\/\/rfblegal.co.uk\/#\/schema\/logo\/image\/","url":"https:\/\/rfblegal.co.uk\/wp-content\/uploads\/2024\/01\/header_company_logo.svg","contentUrl":"https:\/\/rfblegal.co.uk\/wp-content\/uploads\/2024\/01\/header_company_logo.svg","caption":"RFB Legal"},"image":{"@id":"https:\/\/rfblegal.co.uk\/#\/schema\/logo\/image\/"},"sameAs":["https:\/\/www.facebook.com\/RFBLegal\/","https:\/\/www.linkedin.com\/uas\/login?session_redirect=company2012282","https:\/\/www.instagram.com\/rfb_legal\/"]}]}},"_links":{"self":[{"href":"https:\/\/rfblegal.co.uk\/de\/wp-json\/wp\/v2\/pages\/6129","targetHints":{"allow":["GET"]}}],"collection":[{"href":"https:\/\/rfblegal.co.uk\/de\/wp-json\/wp\/v2\/pages"}],"about":[{"href":"https:\/\/rfblegal.co.uk\/de\/wp-json\/wp\/v2\/types\/page"}],"author":[{"embeddable":true,"href":"https:\/\/rfblegal.co.uk\/de\/wp-json\/wp\/v2\/users\/5"}],"replies":[{"embeddable":true,"href":"https:\/\/rfblegal.co.uk\/de\/wp-json\/wp\/v2\/comments?post=6129"}],"version-history":[{"count":1,"href":"https:\/\/rfblegal.co.uk\/de\/wp-json\/wp\/v2\/pages\/6129\/revisions"}],"predecessor-version":[{"id":9080,"href":"https:\/\/rfblegal.co.uk\/de\/wp-json\/wp\/v2\/pages\/6129\/revisions\/9080"}],"up":[{"embeddable":true,"href":"https:\/\/rfblegal.co.uk\/de\/wp-json\/wp\/v2\/pages\/2597"}],"wp:featuredmedia":[{"embeddable":true,"href":"https:\/\/rfblegal.co.uk\/de\/wp-json\/wp\/v2\/media\/6132"}],"wp:attachment":[{"href":"https:\/\/rfblegal.co.uk\/de\/wp-json\/wp\/v2\/media?parent=6129"}],"curies":[{"name":"wp","href":"https:\/\/api.w.org\/{rel}","templated":true}]}}