{"id":6091,"date":"2025-04-10T10:41:20","date_gmt":"2025-04-10T10:41:20","guid":{"rendered":"https:\/\/rfblegal.co.uk\/?page_id=6091"},"modified":"2026-03-26T10:51:00","modified_gmt":"2026-03-26T10:51:00","slug":"geschaftsvertrage","status":"publish","type":"page","link":"https:\/\/rfblegal.co.uk\/de\/dienstleistungen\/personenrecht\/unternehmen-2\/geschaftsvertrage\/","title":{"rendered":"Business-Vertr\u00e4ge"},"content":{"rendered":"<h2 class=\"wp-block-heading\"><strong>Handelsvertr\u00e4ge &amp; Gesch\u00e4ftsbedingungen<\/strong><\/h2>\n\n\n\n<p>Unser spezialisiertes Team bei Ronald Fletcher Baker bietet Ihnen eine wirtschaftlich orientierte Rechtsberatung, die auf Ihre pers\u00f6nlichen gesch\u00e4ftlichen und unternehmerischen Bed\u00fcrfnisse zugeschnitten ist. Wir entwerfen, pr\u00fcfen und verhandeln Vertr\u00e4ge, mit denen Sie bei der Erweiterung Ihres Unternehmens oder beim Erhalt von Gesch\u00e4ftsvertr\u00e4gen konfrontiert werden k\u00f6nnten, um Sie bei der effektiven Verwaltung Ihrer Beziehungen zu Kunden, Lieferanten und Partnern zu unterst\u00fctzen und sicherzustellen, dass Ihr Unternehmen und die Dienstleistungen, die Sie erhalten, mit Klarheit und Vertrauen funktionieren.<\/p>\n\n\n\n<h2 class=\"wp-block-heading\"><strong>Wie wir Sie unterst\u00fctzen k\u00f6nnen<\/strong><\/h2>\n\n\n\n<p>Bei RFB, unser <a href=\"https:\/\/rfblegal.co.uk\/de\/dienstleistungen\/personenrecht\/unternehmen-2\/\">Team Unternehmen &amp; Handel<\/a> verf\u00fcgen \u00fcber Fachwissen zu einer breiten Palette von Handelsvertr\u00e4gen, darunter<\/p>\n\n\n\n<ul class=\"wp-block-list\">\n<li>Lieferanten-, Herstellungs- und Vertriebsvereinbarungen<\/li>\n\n\n\n<li>Komplexe Rahmenvertr\u00e4ge<\/li>\n\n\n\n<li>Markenlizenz- und Franchisingvereinbarungen<\/li>\n\n\n\n<li>Sponsoring-Vereinbarungen<\/li>\n\n\n\n<li>Bedingungen und Konditionen f\u00fcr Unternehmen<\/li>\n\n\n\n<li>Website-Richtlinien und Online-Vertr\u00e4ge<\/li>\n\n\n\n<li><a href=\"https:\/\/rfblegal.co.uk\/de\/dienstleistungen\/wirtschaftsrecht\/unternehmen\/\">Allgemeine Handelsdokumente (NDAs, NCAs, Kreditvertr\u00e4ge, Dienstleistungsvertr\u00e4ge)<\/a><\/li>\n<\/ul>\n\n\n\n<h2 class=\"wp-block-heading\"><strong>Warum Ronald Fletcher Baker (RFB) w\u00e4hlen?<\/strong><\/h2>\n\n\n\n<h3 class=\"wp-block-heading\"><strong>Ma\u00dfgeschneiderte rechtliche Unterst\u00fctzung<\/strong><\/h3>\n\n\n\n<p>Wir wissen, dass jedes Unternehmen einzigartig ist. Unser Team bietet eine klare, pr\u00e4zise und praktische Rechtsberatung, die sicherstellt, dass Ihre Vertr\u00e4ge mit Ihren strategischen Zielen \u00fcbereinstimmen und gleichzeitig die Risiken minimieren.<\/p>\n\n\n\n<h3 class=\"wp-block-heading\"><strong>Kompetenz in der Industrie<\/strong><\/h3>\n\n\n\n<p>Wir verf\u00fcgen \u00fcber umfassende Erfahrung in der Beratung von Kunden zu Vertr\u00e4gen in verschiedenen Sektoren, darunter auch in der Beratung von Unternehmen:<\/p>\n\n\n\n<ul class=\"wp-block-list\">\n<li>Technologie, Medien und Telekommunikation (TMT)<\/li>\n\n\n\n<li>Einzelhandel und Freizeit<\/li>\n\n\n\n<li>Anwerbung und Besch\u00e4ftigung<\/li>\n\n\n\n<li>Bildung<\/li>\n\n\n\n<li>Konsumg\u00fcter<\/li>\n\n\n\n<li>Gesundheitswesen einschlie\u00dflich des NHS Community Pharmacy Contract<\/li>\n\n\n\n<li><a href=\"https:\/\/rfblegal.co.uk\/de\/dienstleistungen\/wirtschaftsrecht\/dienstleistungen-fur-gewerbeimmobilien\/gewerbliche-immobilienentwicklung\/\">Entwicklung von Immobilien<\/a><\/li>\n<\/ul>\n\n\n\n<h2 class=\"wp-block-heading\"><strong>Unsere Erfahrung<\/strong><\/h2>\n\n\n\n<h3 class=\"wp-block-heading\"><strong>Kundenvertr\u00e4ge<\/strong><\/h3>\n\n\n\n<p>Ausarbeitung von Allgemeinen Gesch\u00e4ftsbedingungen f\u00fcr einen Online-H\u00e4ndler f\u00fcr Make-up und Sch\u00f6nheitspflege, dessen Produkte nach der Werbung auf TikTok viral wurden.&nbsp;<\/p>\n\n\n\n<p>Erstellung von Allgemeinen Gesch\u00e4ftsbedingungen f\u00fcr ein Sachverst\u00e4ndigenb\u00fcro f\u00fcr Baubeschaffenheit und Baum\u00e4ngel, das seinen T\u00e4tigkeitsbereich auf die Erstellung von Gutachten vor dem Kauf und die Beratung zu Vertr\u00e4gen \u00fcber Nebengarantien ausweiten wollte.<\/p>\n\n\n\n<h3 class=\"wp-block-heading\"><strong>Digitale Transformation<\/strong><\/h3>\n\n\n\n<p>\u00dcberpr\u00fcfung der Gesch\u00e4ftsbedingungen eines Case-Management-Anbieters im Rahmen eines SAAS-Vertrags f\u00fcr ein spezialisiertes Abdichtungs- und Bodenbelagsunternehmen, das gro\u00dfe Hausbauer beliefert, wobei erhebliche \u00c4nderungen der Echtzeit\u00fcberwachungsbestimmungen des Anbieters und Erstattungen f\u00fcr Ausf\u00e4lle vereinbart wurden.<\/p>\n\n\n\n<h3 class=\"wp-block-heading\"><strong>Startups &amp; Wachstumsunternehmen<\/strong><\/h3>\n\n\n\n<p>Bereitstellung von wichtigen Handels- und Verbrauchervertr\u00e4gen f\u00fcr Existenzgr\u00fcnder, einschlie\u00dflich Unternehmen in den Bereichen Immobilieninvestitionen, Vermietung und Studentenunterk\u00fcnfte, Immobilienmakler, E-Commerce-Unternehmen und Dienstleister.<\/p>\n\n\n\n<p>Bei Ronald Fletcher Baker verbinden wir juristisches Fachwissen mit einem wirtschaftlichen Ansatz und helfen Unternehmen, komplexe Vertr\u00e4ge sicher zu navigieren. Setzen Sie sich mit uns in Verbindung, um zu besprechen, wie wir Sie bei Ihren kommerziellen Vertragsangelegenheiten unterst\u00fctzen k\u00f6nnen.<\/p>","protected":false},"excerpt":{"rendered":"<p>Commercial Contracts &amp; Terms of Business At Ronald Fletcher Baker, our specialist team provides commercially focused legal advice tailored to your personal business and enterprise needs. We draft, review, and negotiate contracts you may be involved with when expanding your business or receiving business contracts to help you effectively manage relationships with customers, suppliers, and &hellip; <a href=\"https:\/\/rfblegal.co.uk\/de\/dienstleistungen\/personenrecht\/unternehmen-2\/geschaftsvertrage\/\">Continued<\/a><\/p>","protected":false},"author":5,"featured_media":6097,"parent":2385,"menu_order":0,"comment_status":"closed","ping_status":"closed","template":"tier3-template.blade.php","meta":{"_acf_changed":false,"om_disable_all_campaigns":false,"_uf_show_specific_survey":0,"_uf_disable_surveys":false,"footnotes":""},"class_list":["post-6091","page","type-page","status-publish","has-post-thumbnail","hentry"],"acf":[],"aioseo_notices":[],"yoast_head":"<!-- This site is optimized with the Yoast SEO plugin v27.2 - https:\/\/yoast.com\/product\/yoast-seo-wordpress\/ -->\n<title>Business Contracts - RFB Legal<\/title>\n<meta name=\"description\" content=\"Commercial Contracts &amp; Terms of Business At Ronald Fletcher Baker, our specialist team provides commercially focused legal advice tailored to your\" \/>\n<meta name=\"robots\" content=\"index, follow, max-snippet:-1, max-image-preview:large, max-video-preview:-1\" \/>\n<link rel=\"canonical\" href=\"https:\/\/rfblegal.co.uk\/de\/dienstleistungen\/personenrecht\/unternehmen-2\/geschaftsvertrage\/\" \/>\n<meta property=\"og:locale\" content=\"de_DE\" \/>\n<meta property=\"og:type\" content=\"article\" \/>\n<meta property=\"og:title\" content=\"Business Contracts - RFB Legal\" \/>\n<meta property=\"og:description\" content=\"Commercial Contracts &amp; Terms of Business At Ronald Fletcher Baker, our specialist team provides commercially focused legal advice tailored to your\" \/>\n<meta property=\"og:url\" content=\"https:\/\/rfblegal.co.uk\/de\/dienstleistungen\/personenrecht\/unternehmen-2\/geschaftsvertrage\/\" \/>\n<meta property=\"og:site_name\" content=\"RFB Legal\" \/>\n<meta property=\"article:publisher\" content=\"https:\/\/www.facebook.com\/RFBLegal\/\" \/>\n<meta property=\"article:modified_time\" content=\"2026-03-26T10:51:00+00:00\" \/>\n<meta property=\"og:image\" content=\"https:\/\/rfblegal.co.uk\/wp-content\/uploads\/2025\/04\/AdobeStock_249073275-scaled.jpeg\" \/>\n\t<meta property=\"og:image:width\" content=\"2120\" \/>\n\t<meta property=\"og:image:height\" content=\"1415\" \/>\n\t<meta property=\"og:image:type\" content=\"image\/jpeg\" \/>\n<meta name=\"twitter:card\" content=\"summary_large_image\" \/>\n<meta name=\"twitter:label1\" content=\"Est. reading time\" \/>\n\t<meta name=\"twitter:data1\" content=\"2\u00a0Minuten\" \/>\n<script type=\"application\/ld+json\" class=\"yoast-schema-graph\">{\"@context\":\"https:\/\/schema.org\",\"@graph\":[{\"@type\":\"WebPage\",\"@id\":\"https:\/\/rfblegal.co.uk\/services\/personal-law\/corporate\/business-contracts\/\",\"url\":\"https:\/\/rfblegal.co.uk\/services\/personal-law\/corporate\/business-contracts\/\",\"name\":\"Business Contracts - RFB Legal\",\"isPartOf\":{\"@id\":\"https:\/\/rfblegal.co.uk\/#website\"},\"primaryImageOfPage\":{\"@id\":\"https:\/\/rfblegal.co.uk\/services\/personal-law\/corporate\/business-contracts\/#primaryimage\"},\"image\":{\"@id\":\"https:\/\/rfblegal.co.uk\/services\/personal-law\/corporate\/business-contracts\/#primaryimage\"},\"thumbnailUrl\":\"https:\/\/rfblegal.co.uk\/wp-content\/uploads\/2025\/04\/AdobeStock_249073275-scaled.jpeg\",\"datePublished\":\"2025-04-10T10:41:20+00:00\",\"dateModified\":\"2026-03-26T10:51:00+00:00\",\"description\":\"Commercial Contracts &amp; Terms of Business At Ronald Fletcher Baker, our specialist team provides commercially focused legal advice tailored to your\",\"breadcrumb\":{\"@id\":\"https:\/\/rfblegal.co.uk\/services\/personal-law\/corporate\/business-contracts\/#breadcrumb\"},\"inLanguage\":\"de\",\"potentialAction\":[{\"@type\":\"ReadAction\",\"target\":[\"https:\/\/rfblegal.co.uk\/services\/personal-law\/corporate\/business-contracts\/\"]}]},{\"@type\":\"ImageObject\",\"inLanguage\":\"de\",\"@id\":\"https:\/\/rfblegal.co.uk\/services\/personal-law\/corporate\/business-contracts\/#primaryimage\",\"url\":\"https:\/\/rfblegal.co.uk\/wp-content\/uploads\/2025\/04\/AdobeStock_249073275-scaled.jpeg\",\"contentUrl\":\"https:\/\/rfblegal.co.uk\/wp-content\/uploads\/2025\/04\/AdobeStock_249073275-scaled.jpeg\",\"width\":2120,\"height\":1415,\"caption\":\"Businessmen handshaking over signed contract.\"},{\"@type\":\"BreadcrumbList\",\"@id\":\"https:\/\/rfblegal.co.uk\/services\/personal-law\/corporate\/business-contracts\/#breadcrumb\",\"itemListElement\":[{\"@type\":\"ListItem\",\"position\":1,\"name\":\"Home\",\"item\":\"https:\/\/rfblegal.co.uk\/\"},{\"@type\":\"ListItem\",\"position\":2,\"name\":\"Services\",\"item\":\"https:\/\/rfblegal.co.uk\/services\/\"},{\"@type\":\"ListItem\",\"position\":3,\"name\":\"Personal Law Services\",\"item\":\"https:\/\/rfblegal.co.uk\/services\/personal-law\/\"},{\"@type\":\"ListItem\",\"position\":4,\"name\":\"Corporate\",\"item\":\"https:\/\/rfblegal.co.uk\/services\/personal-law\/corporate\/\"},{\"@type\":\"ListItem\",\"position\":5,\"name\":\"Business Contracts\"}]},{\"@type\":\"WebSite\",\"@id\":\"https:\/\/rfblegal.co.uk\/#website\",\"url\":\"https:\/\/rfblegal.co.uk\/\",\"name\":\"RFB Legal\",\"description\":\"\",\"publisher\":{\"@id\":\"https:\/\/rfblegal.co.uk\/#organization\"},\"potentialAction\":[{\"@type\":\"SearchAction\",\"target\":{\"@type\":\"EntryPoint\",\"urlTemplate\":\"https:\/\/rfblegal.co.uk\/?s={search_term_string}\"},\"query-input\":{\"@type\":\"PropertyValueSpecification\",\"valueRequired\":true,\"valueName\":\"search_term_string\"}}],\"inLanguage\":\"de\"},{\"@type\":\"Organization\",\"@id\":\"https:\/\/rfblegal.co.uk\/#organization\",\"name\":\"RFB Legal\",\"url\":\"https:\/\/rfblegal.co.uk\/\",\"logo\":{\"@type\":\"ImageObject\",\"inLanguage\":\"de\",\"@id\":\"https:\/\/rfblegal.co.uk\/#\/schema\/logo\/image\/\",\"url\":\"https:\/\/rfblegal.co.uk\/wp-content\/uploads\/2024\/01\/header_company_logo.svg\",\"contentUrl\":\"https:\/\/rfblegal.co.uk\/wp-content\/uploads\/2024\/01\/header_company_logo.svg\",\"caption\":\"RFB Legal\"},\"image\":{\"@id\":\"https:\/\/rfblegal.co.uk\/#\/schema\/logo\/image\/\"},\"sameAs\":[\"https:\/\/www.facebook.com\/RFBLegal\/\",\"https:\/\/www.linkedin.com\/uas\/login?session_redirect=company2012282\",\"https:\/\/www.instagram.com\/rfb_legal\/\"]}]}<\/script>\n<!-- \/ Yoast SEO plugin. -->","yoast_head_json":{"title":"Vertr\u00e4ge f\u00fcr Unternehmen - RFB Legal","description":"Kommerzielle Vertr\u00e4ge &amp; Gesch\u00e4ftsbedingungen Bei Ronald Fletcher Baker bietet unser Spezialistenteam kommerziell ausgerichtete Rechtsberatung, die auf Ihre","robots":{"index":"index","follow":"follow","max-snippet":"max-snippet:-1","max-image-preview":"max-image-preview:large","max-video-preview":"max-video-preview:-1"},"canonical":"https:\/\/rfblegal.co.uk\/de\/dienstleistungen\/personenrecht\/unternehmen-2\/geschaftsvertrage\/","og_locale":"de_DE","og_type":"article","og_title":"Business Contracts - RFB Legal","og_description":"Commercial Contracts &amp; Terms of Business At Ronald Fletcher Baker, our specialist team provides commercially focused legal advice tailored to your","og_url":"https:\/\/rfblegal.co.uk\/de\/dienstleistungen\/personenrecht\/unternehmen-2\/geschaftsvertrage\/","og_site_name":"RFB Legal","article_publisher":"https:\/\/www.facebook.com\/RFBLegal\/","article_modified_time":"2026-03-26T10:51:00+00:00","og_image":[{"width":2120,"height":1415,"url":"https:\/\/rfblegal.co.uk\/wp-content\/uploads\/2025\/04\/AdobeStock_249073275-scaled.jpeg","type":"image\/jpeg"}],"twitter_card":"summary_large_image","twitter_misc":{"Est. reading time":"2\u00a0Minuten"},"schema":{"@context":"https:\/\/schema.org","@graph":[{"@type":"WebPage","@id":"https:\/\/rfblegal.co.uk\/services\/personal-law\/corporate\/business-contracts\/","url":"https:\/\/rfblegal.co.uk\/services\/personal-law\/corporate\/business-contracts\/","name":"Vertr\u00e4ge f\u00fcr Unternehmen - RFB Legal","isPartOf":{"@id":"https:\/\/rfblegal.co.uk\/#website"},"primaryImageOfPage":{"@id":"https:\/\/rfblegal.co.uk\/services\/personal-law\/corporate\/business-contracts\/#primaryimage"},"image":{"@id":"https:\/\/rfblegal.co.uk\/services\/personal-law\/corporate\/business-contracts\/#primaryimage"},"thumbnailUrl":"https:\/\/rfblegal.co.uk\/wp-content\/uploads\/2025\/04\/AdobeStock_249073275-scaled.jpeg","datePublished":"2025-04-10T10:41:20+00:00","dateModified":"2026-03-26T10:51:00+00:00","description":"Kommerzielle Vertr\u00e4ge &amp; Gesch\u00e4ftsbedingungen Bei Ronald Fletcher Baker bietet unser Spezialistenteam kommerziell ausgerichtete Rechtsberatung, die auf Ihre","breadcrumb":{"@id":"https:\/\/rfblegal.co.uk\/services\/personal-law\/corporate\/business-contracts\/#breadcrumb"},"inLanguage":"de","potentialAction":[{"@type":"ReadAction","target":["https:\/\/rfblegal.co.uk\/services\/personal-law\/corporate\/business-contracts\/"]}]},{"@type":"ImageObject","inLanguage":"de","@id":"https:\/\/rfblegal.co.uk\/services\/personal-law\/corporate\/business-contracts\/#primaryimage","url":"https:\/\/rfblegal.co.uk\/wp-content\/uploads\/2025\/04\/AdobeStock_249073275-scaled.jpeg","contentUrl":"https:\/\/rfblegal.co.uk\/wp-content\/uploads\/2025\/04\/AdobeStock_249073275-scaled.jpeg","width":2120,"height":1415,"caption":"Businessmen handshaking over signed contract."},{"@type":"BreadcrumbList","@id":"https:\/\/rfblegal.co.uk\/services\/personal-law\/corporate\/business-contracts\/#breadcrumb","itemListElement":[{"@type":"ListItem","position":1,"name":"Home","item":"https:\/\/rfblegal.co.uk\/"},{"@type":"ListItem","position":2,"name":"Services","item":"https:\/\/rfblegal.co.uk\/services\/"},{"@type":"ListItem","position":3,"name":"Personal Law Services","item":"https:\/\/rfblegal.co.uk\/services\/personal-law\/"},{"@type":"ListItem","position":4,"name":"Corporate","item":"https:\/\/rfblegal.co.uk\/services\/personal-law\/corporate\/"},{"@type":"ListItem","position":5,"name":"Business Contracts"}]},{"@type":"WebSite","@id":"https:\/\/rfblegal.co.uk\/#website","url":"https:\/\/rfblegal.co.uk\/","name":"RFB Legal","description":"","publisher":{"@id":"https:\/\/rfblegal.co.uk\/#organization"},"potentialAction":[{"@type":"SearchAction","target":{"@type":"EntryPoint","urlTemplate":"https:\/\/rfblegal.co.uk\/?s={search_term_string}"},"query-input":{"@type":"PropertyValueSpecification","valueRequired":true,"valueName":"search_term_string"}}],"inLanguage":"de"},{"@type":"Organization","@id":"https:\/\/rfblegal.co.uk\/#organization","name":"RFB Legal","url":"https:\/\/rfblegal.co.uk\/","logo":{"@type":"ImageObject","inLanguage":"de","@id":"https:\/\/rfblegal.co.uk\/#\/schema\/logo\/image\/","url":"https:\/\/rfblegal.co.uk\/wp-content\/uploads\/2024\/01\/header_company_logo.svg","contentUrl":"https:\/\/rfblegal.co.uk\/wp-content\/uploads\/2024\/01\/header_company_logo.svg","caption":"RFB Legal"},"image":{"@id":"https:\/\/rfblegal.co.uk\/#\/schema\/logo\/image\/"},"sameAs":["https:\/\/www.facebook.com\/RFBLegal\/","https:\/\/www.linkedin.com\/uas\/login?session_redirect=company2012282","https:\/\/www.instagram.com\/rfb_legal\/"]}]}},"_links":{"self":[{"href":"https:\/\/rfblegal.co.uk\/de\/wp-json\/wp\/v2\/pages\/6091","targetHints":{"allow":["GET"]}}],"collection":[{"href":"https:\/\/rfblegal.co.uk\/de\/wp-json\/wp\/v2\/pages"}],"about":[{"href":"https:\/\/rfblegal.co.uk\/de\/wp-json\/wp\/v2\/types\/page"}],"author":[{"embeddable":true,"href":"https:\/\/rfblegal.co.uk\/de\/wp-json\/wp\/v2\/users\/5"}],"replies":[{"embeddable":true,"href":"https:\/\/rfblegal.co.uk\/de\/wp-json\/wp\/v2\/comments?post=6091"}],"version-history":[{"count":1,"href":"https:\/\/rfblegal.co.uk\/de\/wp-json\/wp\/v2\/pages\/6091\/revisions"}],"predecessor-version":[{"id":9074,"href":"https:\/\/rfblegal.co.uk\/de\/wp-json\/wp\/v2\/pages\/6091\/revisions\/9074"}],"up":[{"embeddable":true,"href":"https:\/\/rfblegal.co.uk\/de\/wp-json\/wp\/v2\/pages\/2385"}],"wp:featuredmedia":[{"embeddable":true,"href":"https:\/\/rfblegal.co.uk\/de\/wp-json\/wp\/v2\/media\/6097"}],"wp:attachment":[{"href":"https:\/\/rfblegal.co.uk\/de\/wp-json\/wp\/v2\/media?parent=6091"}],"curies":[{"name":"wp","href":"https:\/\/api.w.org\/{rel}","templated":true}]}}