{"id":528,"date":"2023-12-27T14:49:06","date_gmt":"2023-12-27T14:49:06","guid":{"rendered":"https:\/\/rfblegal.co.uk\/?page_id=528"},"modified":"2024-02-02T11:22:44","modified_gmt":"2024-02-02T11:22:44","slug":"arbeitnehmerstatus-und-rechte","status":"publish","type":"page","link":"https:\/\/rfblegal.co.uk\/de\/dienstleistungen\/personenrecht\/beschaftigung\/arbeitnehmerstatus-und-rechte\/","title":{"rendered":"Employee Status and Rights"},"content":{"rendered":"<p>Wir verf\u00fcgen \u00fcber umfangreiche Erfahrung in der Beratung zu allen Fragen, mit denen Arbeitgeber und Arbeitnehmer konfrontiert sind.<br>Dazu geh\u00f6ren Angelegenheiten im Zusammenhang mit ungerechtfertigter Entlassung, Entlassung und Umstrukturierung (einschlie\u00dflich Anspr\u00fcchen auf Schutzpr\u00e4mien), \u00c4nderungen der Arbeitsbedingungen, Diskriminierung (einschlie\u00dflich Geschlecht, sexuelle Ausrichtung, Schwangerschaft und Mutterschaft, Ethnie, Behinderung, Alter sowie Religion und Weltanschauung), Bel\u00e4stigung und Viktimisierung, Whistleblowing, TUPE, gleiches Entgelt, Urlaubsgeld und Arbeitszeitfragen, nationaler Mindestlohn, Arbeitnehmerstatus, gewerkschaftsbezogene Fragen und IR35.<br>Die Tatsache, dass wir sowohl f\u00fcr Arbeitgeber als auch f\u00fcr Arbeitnehmer t\u00e4tig sind, gibt uns die M\u00f6glichkeit, arbeitsrechtliche Angelegenheiten ganzheitlich zu betrachten. Das Wissen um die korrekte Durchf\u00fchrung interner Prozesse kommt unseren Arbeitnehmerkunden zugute, da wir in der Lage sind, festzustellen, wo diese Prozesse nicht durchgef\u00fchrt wurden. Dies erm\u00f6glicht uns nicht nur die Verteidigung von Arbeitgebern, sondern auch eine proaktive Beratung, um das Auftreten solcher Probleme zu vermeiden.<br>We have experience in handling cases in the Employment Tribunal, Employment Appeal Tribunal, and the Court of Appeal. We have handled Employment Tribunals of varying lengths up to 25 days and have experience in handling both individual and multi-party litigation, having acted in matters exceeding 500 claimants.<\/p>\n\n\n\n<p><\/p>\n\n\n\n<p class=\"has-lg-font-size\" style=\"padding-top:var(--wp--preset--spacing--30);padding-right:var(--wp--preset--spacing--30);padding-bottom:var(--wp--preset--spacing--30);padding-left:var(--wp--preset--spacing--30)\">Q&amp;A. Employee Status and Rights<\/p>\n\n\n\n<p>Empower yourself with answers to common questions about employee status and rights. Navigate the complexities of employment law confidently with our concise Q&amp;A guide.<\/p>\n\n\n\n\r\n<script type=\"text\/javascript\">\r\n\t\r\n\t\tfunction do_resize(){\r\n\r\n\t\t\tvar width=jQuery( '.wpsm_panel .wpsm_panel-body iframe' ).width();\r\n\t\t\tvar height=jQuery( '.wpsm_panel .wpsm_panel-body iframe' ).height();\r\n\r\n\t\t\tvar toggleSize = true;\r\n\t\t\tjQuery('iframe').animate({\r\n\t\t\t    width: toggleSize ? width : 640,\r\n\t\t\t    height: toggleSize ? height : 360\r\n\t\t\t  }, 250);\r\n\r\n\t\t\t  toggleSize = !toggleSize;\r\n\t\t}\r\n\t\t\r\n<\/script>","protected":false},"excerpt":{"rendered":"<p>We have a wealth of experience in advising on the full range of issues faced by employers and employees.This includes matters relating to unfair dismissal, redundancy and restructuring (including protective award claims), changes to terms and conditions, discrimination (including sex, sexual orientation, pregnancy and maternity, race, disability, age, and religion and belief), harassment and victimisation, &hellip; <a href=\"https:\/\/rfblegal.co.uk\/de\/dienstleistungen\/personenrecht\/beschaftigung\/arbeitnehmerstatus-und-rechte\/\">Fortsetzung<\/a><\/p>","protected":false},"author":1,"featured_media":496,"parent":478,"menu_order":0,"comment_status":"closed","ping_status":"closed","template":"tier3-template.blade.php","meta":{"_acf_changed":false,"om_disable_all_campaigns":false,"_uf_show_specific_survey":0,"_uf_disable_surveys":false,"footnotes":""},"class_list":["post-528","page","type-page","status-publish","has-post-thumbnail","hentry"],"acf":[],"aioseo_notices":[],"yoast_head":"<!-- This site is optimized with the Yoast SEO plugin v27.2 - https:\/\/yoast.com\/product\/yoast-seo-wordpress\/ -->\n<title>Employee Status and Rights - RFB Legal<\/title>\n<meta name=\"description\" content=\"We have a wealth of experience in advising on the full range of issues faced by employers and employees.This includes matters relating to unfair\" \/>\n<meta name=\"robots\" content=\"index, follow, max-snippet:-1, max-image-preview:large, max-video-preview:-1\" \/>\n<link rel=\"canonical\" href=\"https:\/\/rfblegal.co.uk\/de\/dienstleistungen\/personenrecht\/beschaftigung\/arbeitnehmerstatus-und-rechte\/\" \/>\n<meta property=\"og:locale\" content=\"de_DE\" \/>\n<meta property=\"og:type\" content=\"article\" \/>\n<meta property=\"og:title\" content=\"Employee Status and Rights - RFB Legal\" \/>\n<meta property=\"og:description\" content=\"We have a wealth of experience in advising on the full range of issues faced by employers and employees.This includes matters relating to unfair\" \/>\n<meta property=\"og:url\" content=\"https:\/\/rfblegal.co.uk\/de\/dienstleistungen\/personenrecht\/beschaftigung\/arbeitnehmerstatus-und-rechte\/\" \/>\n<meta property=\"og:site_name\" content=\"RFB Legal\" \/>\n<meta property=\"article:publisher\" content=\"https:\/\/www.facebook.com\/RFBLegal\/\" \/>\n<meta property=\"article:modified_time\" content=\"2024-02-02T11:22:44+00:00\" \/>\n<meta property=\"og:image\" content=\"https:\/\/rfblegal.co.uk\/wp-content\/uploads\/2023\/12\/kt-likes-coffee-PP7DbxeRjLM-unsplash.jpg\" \/>\n\t<meta property=\"og:image:width\" content=\"1920\" \/>\n\t<meta property=\"og:image:height\" content=\"1440\" \/>\n\t<meta property=\"og:image:type\" content=\"image\/jpeg\" \/>\n<meta name=\"twitter:card\" content=\"summary_large_image\" \/>\n<meta name=\"twitter:label1\" content=\"Est. reading time\" \/>\n\t<meta name=\"twitter:data1\" content=\"2\u00a0Minuten\" \/>\n<script type=\"application\/ld+json\" class=\"yoast-schema-graph\">{\"@context\":\"https:\/\/schema.org\",\"@graph\":[{\"@type\":\"WebPage\",\"@id\":\"https:\/\/rfblegal.co.uk\/services\/personal-law\/employment\/employee-status-and-rights\/\",\"url\":\"https:\/\/rfblegal.co.uk\/services\/personal-law\/employment\/employee-status-and-rights\/\",\"name\":\"Employee Status and Rights - RFB Legal\",\"isPartOf\":{\"@id\":\"https:\/\/rfblegal.co.uk\/#website\"},\"primaryImageOfPage\":{\"@id\":\"https:\/\/rfblegal.co.uk\/services\/personal-law\/employment\/employee-status-and-rights\/#primaryimage\"},\"image\":{\"@id\":\"https:\/\/rfblegal.co.uk\/services\/personal-law\/employment\/employee-status-and-rights\/#primaryimage\"},\"thumbnailUrl\":\"https:\/\/rfblegal.co.uk\/wp-content\/uploads\/2023\/12\/kt-likes-coffee-PP7DbxeRjLM-unsplash.jpg\",\"datePublished\":\"2023-12-27T14:49:06+00:00\",\"dateModified\":\"2024-02-02T11:22:44+00:00\",\"description\":\"We have a wealth of experience in advising on the full range of issues faced by employers and employees.This includes matters relating to unfair\",\"breadcrumb\":{\"@id\":\"https:\/\/rfblegal.co.uk\/services\/personal-law\/employment\/employee-status-and-rights\/#breadcrumb\"},\"inLanguage\":\"de\",\"potentialAction\":[{\"@type\":\"ReadAction\",\"target\":[\"https:\/\/rfblegal.co.uk\/services\/personal-law\/employment\/employee-status-and-rights\/\"]}]},{\"@type\":\"ImageObject\",\"inLanguage\":\"de\",\"@id\":\"https:\/\/rfblegal.co.uk\/services\/personal-law\/employment\/employee-status-and-rights\/#primaryimage\",\"url\":\"https:\/\/rfblegal.co.uk\/wp-content\/uploads\/2023\/12\/kt-likes-coffee-PP7DbxeRjLM-unsplash.jpg\",\"contentUrl\":\"https:\/\/rfblegal.co.uk\/wp-content\/uploads\/2023\/12\/kt-likes-coffee-PP7DbxeRjLM-unsplash.jpg\",\"width\":1920,\"height\":1440},{\"@type\":\"BreadcrumbList\",\"@id\":\"https:\/\/rfblegal.co.uk\/services\/personal-law\/employment\/employee-status-and-rights\/#breadcrumb\",\"itemListElement\":[{\"@type\":\"ListItem\",\"position\":1,\"name\":\"Home\",\"item\":\"https:\/\/rfblegal.co.uk\/\"},{\"@type\":\"ListItem\",\"position\":2,\"name\":\"Services\",\"item\":\"https:\/\/rfblegal.co.uk\/services\/\"},{\"@type\":\"ListItem\",\"position\":3,\"name\":\"Personal Law Services\",\"item\":\"https:\/\/rfblegal.co.uk\/services\/personal-law\/\"},{\"@type\":\"ListItem\",\"position\":4,\"name\":\"Employment\",\"item\":\"https:\/\/rfblegal.co.uk\/services\/personal-law\/employment\/\"},{\"@type\":\"ListItem\",\"position\":5,\"name\":\"Employee Status and Rights\"}]},{\"@type\":\"WebSite\",\"@id\":\"https:\/\/rfblegal.co.uk\/#website\",\"url\":\"https:\/\/rfblegal.co.uk\/\",\"name\":\"RFB Legal\",\"description\":\"\",\"publisher\":{\"@id\":\"https:\/\/rfblegal.co.uk\/#organization\"},\"potentialAction\":[{\"@type\":\"SearchAction\",\"target\":{\"@type\":\"EntryPoint\",\"urlTemplate\":\"https:\/\/rfblegal.co.uk\/?s={search_term_string}\"},\"query-input\":{\"@type\":\"PropertyValueSpecification\",\"valueRequired\":true,\"valueName\":\"search_term_string\"}}],\"inLanguage\":\"de\"},{\"@type\":\"Organization\",\"@id\":\"https:\/\/rfblegal.co.uk\/#organization\",\"name\":\"RFB Legal\",\"url\":\"https:\/\/rfblegal.co.uk\/\",\"logo\":{\"@type\":\"ImageObject\",\"inLanguage\":\"de\",\"@id\":\"https:\/\/rfblegal.co.uk\/#\/schema\/logo\/image\/\",\"url\":\"https:\/\/rfblegal.co.uk\/wp-content\/uploads\/2024\/01\/header_company_logo.svg\",\"contentUrl\":\"https:\/\/rfblegal.co.uk\/wp-content\/uploads\/2024\/01\/header_company_logo.svg\",\"caption\":\"RFB Legal\"},\"image\":{\"@id\":\"https:\/\/rfblegal.co.uk\/#\/schema\/logo\/image\/\"},\"sameAs\":[\"https:\/\/www.facebook.com\/RFBLegal\/\",\"https:\/\/www.linkedin.com\/uas\/login?session_redirect=company2012282\",\"https:\/\/www.instagram.com\/rfb_legal\/\"]}]}<\/script>\n<!-- \/ Yoast SEO plugin. -->","yoast_head_json":{"title":"Employee Status and Rights - RFB Legal","description":"We have a wealth of experience in advising on the full range of issues faced by employers and employees.This includes matters relating to unfair","robots":{"index":"index","follow":"follow","max-snippet":"max-snippet:-1","max-image-preview":"max-image-preview:large","max-video-preview":"max-video-preview:-1"},"canonical":"https:\/\/rfblegal.co.uk\/de\/dienstleistungen\/personenrecht\/beschaftigung\/arbeitnehmerstatus-und-rechte\/","og_locale":"de_DE","og_type":"article","og_title":"Employee Status and Rights - RFB Legal","og_description":"We have a wealth of experience in advising on the full range of issues faced by employers and employees.This includes matters relating to unfair","og_url":"https:\/\/rfblegal.co.uk\/de\/dienstleistungen\/personenrecht\/beschaftigung\/arbeitnehmerstatus-und-rechte\/","og_site_name":"RFB Legal","article_publisher":"https:\/\/www.facebook.com\/RFBLegal\/","article_modified_time":"2024-02-02T11:22:44+00:00","og_image":[{"width":1920,"height":1440,"url":"https:\/\/rfblegal.co.uk\/wp-content\/uploads\/2023\/12\/kt-likes-coffee-PP7DbxeRjLM-unsplash.jpg","type":"image\/jpeg"}],"twitter_card":"summary_large_image","twitter_misc":{"Est. reading time":"2\u00a0Minuten"},"schema":{"@context":"https:\/\/schema.org","@graph":[{"@type":"WebPage","@id":"https:\/\/rfblegal.co.uk\/services\/personal-law\/employment\/employee-status-and-rights\/","url":"https:\/\/rfblegal.co.uk\/services\/personal-law\/employment\/employee-status-and-rights\/","name":"Employee Status and Rights - RFB Legal","isPartOf":{"@id":"https:\/\/rfblegal.co.uk\/#website"},"primaryImageOfPage":{"@id":"https:\/\/rfblegal.co.uk\/services\/personal-law\/employment\/employee-status-and-rights\/#primaryimage"},"image":{"@id":"https:\/\/rfblegal.co.uk\/services\/personal-law\/employment\/employee-status-and-rights\/#primaryimage"},"thumbnailUrl":"https:\/\/rfblegal.co.uk\/wp-content\/uploads\/2023\/12\/kt-likes-coffee-PP7DbxeRjLM-unsplash.jpg","datePublished":"2023-12-27T14:49:06+00:00","dateModified":"2024-02-02T11:22:44+00:00","description":"We have a wealth of experience in advising on the full range of issues faced by employers and employees.This includes matters relating to unfair","breadcrumb":{"@id":"https:\/\/rfblegal.co.uk\/services\/personal-law\/employment\/employee-status-and-rights\/#breadcrumb"},"inLanguage":"de","potentialAction":[{"@type":"ReadAction","target":["https:\/\/rfblegal.co.uk\/services\/personal-law\/employment\/employee-status-and-rights\/"]}]},{"@type":"ImageObject","inLanguage":"de","@id":"https:\/\/rfblegal.co.uk\/services\/personal-law\/employment\/employee-status-and-rights\/#primaryimage","url":"https:\/\/rfblegal.co.uk\/wp-content\/uploads\/2023\/12\/kt-likes-coffee-PP7DbxeRjLM-unsplash.jpg","contentUrl":"https:\/\/rfblegal.co.uk\/wp-content\/uploads\/2023\/12\/kt-likes-coffee-PP7DbxeRjLM-unsplash.jpg","width":1920,"height":1440},{"@type":"BreadcrumbList","@id":"https:\/\/rfblegal.co.uk\/services\/personal-law\/employment\/employee-status-and-rights\/#breadcrumb","itemListElement":[{"@type":"ListItem","position":1,"name":"Home","item":"https:\/\/rfblegal.co.uk\/"},{"@type":"ListItem","position":2,"name":"Services","item":"https:\/\/rfblegal.co.uk\/services\/"},{"@type":"ListItem","position":3,"name":"Personal Law Services","item":"https:\/\/rfblegal.co.uk\/services\/personal-law\/"},{"@type":"ListItem","position":4,"name":"Employment","item":"https:\/\/rfblegal.co.uk\/services\/personal-law\/employment\/"},{"@type":"ListItem","position":5,"name":"Employee Status and Rights"}]},{"@type":"WebSite","@id":"https:\/\/rfblegal.co.uk\/#website","url":"https:\/\/rfblegal.co.uk\/","name":"RFB Legal","description":"","publisher":{"@id":"https:\/\/rfblegal.co.uk\/#organization"},"potentialAction":[{"@type":"SearchAction","target":{"@type":"EntryPoint","urlTemplate":"https:\/\/rfblegal.co.uk\/?s={search_term_string}"},"query-input":{"@type":"PropertyValueSpecification","valueRequired":true,"valueName":"search_term_string"}}],"inLanguage":"de"},{"@type":"Organization","@id":"https:\/\/rfblegal.co.uk\/#organization","name":"RFB Legal","url":"https:\/\/rfblegal.co.uk\/","logo":{"@type":"ImageObject","inLanguage":"de","@id":"https:\/\/rfblegal.co.uk\/#\/schema\/logo\/image\/","url":"https:\/\/rfblegal.co.uk\/wp-content\/uploads\/2024\/01\/header_company_logo.svg","contentUrl":"https:\/\/rfblegal.co.uk\/wp-content\/uploads\/2024\/01\/header_company_logo.svg","caption":"RFB Legal"},"image":{"@id":"https:\/\/rfblegal.co.uk\/#\/schema\/logo\/image\/"},"sameAs":["https:\/\/www.facebook.com\/RFBLegal\/","https:\/\/www.linkedin.com\/uas\/login?session_redirect=company2012282","https:\/\/www.instagram.com\/rfb_legal\/"]}]}},"_links":{"self":[{"href":"https:\/\/rfblegal.co.uk\/de\/wp-json\/wp\/v2\/pages\/528","targetHints":{"allow":["GET"]}}],"collection":[{"href":"https:\/\/rfblegal.co.uk\/de\/wp-json\/wp\/v2\/pages"}],"about":[{"href":"https:\/\/rfblegal.co.uk\/de\/wp-json\/wp\/v2\/types\/page"}],"author":[{"embeddable":true,"href":"https:\/\/rfblegal.co.uk\/de\/wp-json\/wp\/v2\/users\/1"}],"replies":[{"embeddable":true,"href":"https:\/\/rfblegal.co.uk\/de\/wp-json\/wp\/v2\/comments?post=528"}],"version-history":[{"count":0,"href":"https:\/\/rfblegal.co.uk\/de\/wp-json\/wp\/v2\/pages\/528\/revisions"}],"up":[{"embeddable":true,"href":"https:\/\/rfblegal.co.uk\/de\/wp-json\/wp\/v2\/pages\/478"}],"wp:featuredmedia":[{"embeddable":true,"href":"https:\/\/rfblegal.co.uk\/de\/wp-json\/wp\/v2\/media\/496"}],"wp:attachment":[{"href":"https:\/\/rfblegal.co.uk\/de\/wp-json\/wp\/v2\/media?parent=528"}],"curies":[{"name":"wp","href":"https:\/\/api.w.org\/{rel}","templated":true}]}}