{"id":2657,"date":"2024-02-21T17:48:55","date_gmt":"2024-02-21T17:48:55","guid":{"rendered":"https:\/\/rfblegal.co.uk\/?page_id=2657"},"modified":"2025-06-19T13:11:50","modified_gmt":"2025-06-19T13:11:50","slug":"behordliche-untersuchungen","status":"publish","type":"page","link":"https:\/\/rfblegal.co.uk\/de\/dienstleistungen\/wirtschaftsrecht\/behordliche-untersuchungen\/","title":{"rendered":"Regulatorische Ermittlungen"},"content":{"rendered":"<h2 class=\"wp-block-heading has-2-xl-font-size\" style=\"padding-top:var(--wp--preset--spacing--20);padding-bottom:var(--wp--preset--spacing--20);font-style:normal;font-weight:600\">Ordnungsrecht<\/h2>\n\n\n\n<h4 class=\"wp-block-heading has-lg-font-size\" style=\"padding-top:var(--wp--preset--spacing--20);padding-bottom:var(--wp--preset--spacing--20)\"><strong>Die zunehmende Regulierung von Privatpersonen und Unternehmen hat dazu gef\u00fchrt, dass staatliche und kommunale Beh\u00f6rden immer h\u00e4ufiger und mit gr\u00f6\u00dferem Nachdruck Verfahren einleiten. Sie k\u00f6nnen sich darauf verlassen, dass Ronald Fletcher Baker Ihre Interessen w\u00e4hrend des gesamten Prozesses mit Energie und Sorgfalt vertritt, mit Nachdruck f\u00fcr Sie k\u00e4mpft und mit \u00e4u\u00dferster Diskretion ein mitunter schwieriges Verfahren f\u00fchrt. Wir sorgen daf\u00fcr, dass Sie fr\u00fchzeitig \u00fcber Ihre Rechte informiert werden und ergreifen nach M\u00f6glichkeit pr\u00e4ventive Ma\u00dfnahmen in Ihrem Namen.<\/strong><\/h4>\n\n\n\n<p style=\"padding-top:var(--wp--preset--spacing--20);padding-bottom:var(--wp--preset--spacing--20)\"><a href=\"https:\/\/rfblegal.co.uk\/de\/dienstleistungen\/personenrecht\/ordnungsrecht\/\">Gesetzliche Bestimmungen<\/a> Die Einhaltung der Vorschriften ist f\u00fcr eine Vielzahl von Unternehmen und Fachleuten von gr\u00f6\u00dfter Bedeutung, und die Gefahr eines Versto\u00dfes kann schwerwiegende Folgen haben.<\/p>\n\n\n\n<p style=\"padding-top:var(--wp--preset--spacing--20);padding-bottom:var(--wp--preset--spacing--20)\">Wir unterst\u00fctzen Kunden, die mit Ermittlungen und strafrechtlichen Verfolgungen durch die Aufsichtsbeh\u00f6rden konfrontiert sind, und bieten einen Beratungsservice an, um sicherzustellen, dass eine umfassende Sorgfaltspr\u00fcfung durchgef\u00fchrt wird, um Verst\u00f6\u00dfe gegen die Vorschriften zu vermeiden.<\/p>\n\n\n\n<p style=\"padding-top:var(--wp--preset--spacing--20);padding-bottom:var(--wp--preset--spacing--20)\">Dieser komplexe Rechtsbereich umfasst eine Vielzahl von rechtlichen Verpflichtungen.<\/p>\n\n\n\n<p style=\"padding-top:var(--wp--preset--spacing--20);padding-bottom:var(--wp--preset--spacing--20)\">Wir vertreten routinem\u00e4\u00dfig Hausverwaltungen, die Anfragen von Gemeinder\u00e4ten und Londoner Stadtbezirken in Bezug auf Genehmigungen f\u00fcr Mehrfamilienh\u00e4user (House in Multiple Occupation, HMO) erhalten, sowie Einspr\u00fcche gegen Vollstreckungsbescheide und Verst\u00f6\u00dfe.<\/p>\n\n\n\n<p style=\"padding-top:var(--wp--preset--spacing--20);padding-bottom:var(--wp--preset--spacing--20)\">Die Food Standards Agency (FSA) und die Health and Safety Executive (HSE) wenden sich zunehmend der Durchsetzung von Vorschriften zu, und wir haben h\u00e4ufig f\u00fcr Unternehmen gehandelt, die mit Angelegenheiten im Zusammenhang mit den Lebensmittelhygienevorschriften und den Gesundheits- und Sicherheitsvorschriften zu tun hatten.<\/p>\n\n\n\n<p style=\"padding-top:var(--wp--preset--spacing--20);padding-bottom:var(--wp--preset--spacing--20)\">Im Finanzbereich vertreten wir Direktoren und leitende Angestellte, die von der Financial Conduct Authority (FCA) \u00fcberpr\u00fcft werden, indem wir uns gegen Ermittlungen wehren und Untersagungsverf\u00fcgungen anfechten. Mit einem multidisziplin\u00e4ren Ansatz streben wir Verhandlungen mit der Beh\u00f6rde an, um einen Vergleich zu erzielen oder gegebenenfalls eine zivilrechtliche Strafe zu verh\u00e4ngen.<\/p>\n\n\n\n<p style=\"padding-top:var(--wp--preset--spacing--20);padding-bottom:var(--wp--preset--spacing--20)\">Anschuldigungen im Zusammenhang mit beruflichem Verhalten k\u00f6nnen f\u00fcr die Betroffenen \u00e4u\u00dferst sch\u00e4dlich und belastend sein, und wir verf\u00fcgen \u00fcber umfassende Erfahrung in der Verteidigung von Personen in diesem Bereich. Wir stellen sicher, dass der Ruf unserer Mandanten bestm\u00f6glich gesch\u00fctzt wird, und k\u00f6nnen in Angelegenheiten, die den General Medical Council (GMC), den General Dental Council (GDC), den Nursing and Midwifery Council (NMC), das Solicitors Disciplinary Tribunal (SDT) und den Bar Standards Board (BSB) betreffen, helfen.<\/p>\n\n\n\n<p><\/p>","protected":false},"excerpt":{"rendered":"<p>Regulierungsrecht Die immer st\u00e4rkere Regulierung von Privatpersonen und Unternehmen hat dazu gef\u00fchrt, dass die Beh\u00f6rden und Gebietsk\u00f6rperschaften immer h\u00e4ufiger und mit gr\u00f6\u00dferem Nachdruck Verfahren einleiten. Sie k\u00f6nnen sich darauf verlassen, dass Ronald Fletcher Baker Ihre Interessen w\u00e4hrend des gesamten Prozesses mit Energie und Sorgfalt vertritt, mit Nachdruck f\u00fcr Sie k\u00e4mpft und mit \u00e4u\u00dferster Diskretion ein mitunter schwieriges Verfahren f\u00fchrt. ... <a href=\"https:\/\/rfblegal.co.uk\/de\/dienstleistungen\/wirtschaftsrecht\/behordliche-untersuchungen\/\">Fortsetzung<\/a><\/p>","protected":false},"author":1,"featured_media":3001,"parent":429,"menu_order":0,"comment_status":"closed","ping_status":"closed","template":"tier2-template.blade.php","meta":{"_acf_changed":false,"om_disable_all_campaigns":false,"_uf_show_specific_survey":0,"_uf_disable_surveys":false,"footnotes":""},"class_list":["post-2657","page","type-page","status-publish","has-post-thumbnail","hentry"],"acf":[],"aioseo_notices":[],"yoast_head":"<!-- This site is optimized with the Yoast SEO plugin v27.2 - https:\/\/yoast.com\/product\/yoast-seo-wordpress\/ -->\n<title>Regulatory Investigations - RFB Legal<\/title>\n<meta name=\"description\" content=\"Regulatory Law The ever-increasing regulation of individuals and businesses has seen government and local authority agencies bringing proceedings with\" \/>\n<meta name=\"robots\" content=\"index, follow, max-snippet:-1, max-image-preview:large, max-video-preview:-1\" \/>\n<link rel=\"canonical\" href=\"https:\/\/rfblegal.co.uk\/de\/dienstleistungen\/wirtschaftsrecht\/behordliche-untersuchungen\/\" \/>\n<meta property=\"og:locale\" content=\"de_DE\" \/>\n<meta property=\"og:type\" content=\"article\" \/>\n<meta property=\"og:title\" content=\"Regulatory Investigations - RFB Legal\" \/>\n<meta property=\"og:description\" content=\"Regulatory Law The ever-increasing regulation of individuals and businesses has seen government and local authority agencies bringing proceedings with\" \/>\n<meta property=\"og:url\" content=\"https:\/\/rfblegal.co.uk\/de\/dienstleistungen\/wirtschaftsrecht\/behordliche-untersuchungen\/\" \/>\n<meta property=\"og:site_name\" content=\"RFB Legal\" \/>\n<meta property=\"article:publisher\" content=\"https:\/\/www.facebook.com\/RFBLegal\/\" \/>\n<meta property=\"article:modified_time\" content=\"2025-06-19T13:11:50+00:00\" \/>\n<meta property=\"og:image\" content=\"https:\/\/rfblegal.co.uk\/wp-content\/uploads\/2024\/02\/Regulatory_Law.png\" \/>\n\t<meta property=\"og:image:width\" content=\"1440\" \/>\n\t<meta property=\"og:image:height\" content=\"550\" \/>\n\t<meta property=\"og:image:type\" content=\"image\/png\" \/>\n<meta name=\"twitter:card\" content=\"summary_large_image\" \/>\n<meta name=\"twitter:label1\" content=\"Est. reading time\" \/>\n\t<meta name=\"twitter:data1\" content=\"2\u00a0Minuten\" \/>\n<script type=\"application\/ld+json\" class=\"yoast-schema-graph\">{\"@context\":\"https:\/\/schema.org\",\"@graph\":[{\"@type\":\"WebPage\",\"@id\":\"https:\/\/rfblegal.co.uk\/services\/business-law\/regulatory-investigations\/\",\"url\":\"https:\/\/rfblegal.co.uk\/services\/business-law\/regulatory-investigations\/\",\"name\":\"Regulatory Investigations - RFB Legal\",\"isPartOf\":{\"@id\":\"https:\/\/rfblegal.co.uk\/#website\"},\"primaryImageOfPage\":{\"@id\":\"https:\/\/rfblegal.co.uk\/services\/business-law\/regulatory-investigations\/#primaryimage\"},\"image\":{\"@id\":\"https:\/\/rfblegal.co.uk\/services\/business-law\/regulatory-investigations\/#primaryimage\"},\"thumbnailUrl\":\"https:\/\/rfblegal.co.uk\/wp-content\/uploads\/2024\/02\/Regulatory_Law.png\",\"datePublished\":\"2024-02-21T17:48:55+00:00\",\"dateModified\":\"2025-06-19T13:11:50+00:00\",\"description\":\"Regulatory Law The ever-increasing regulation of individuals and businesses has seen government and local authority agencies bringing proceedings with\",\"breadcrumb\":{\"@id\":\"https:\/\/rfblegal.co.uk\/services\/business-law\/regulatory-investigations\/#breadcrumb\"},\"inLanguage\":\"de\",\"potentialAction\":[{\"@type\":\"ReadAction\",\"target\":[\"https:\/\/rfblegal.co.uk\/services\/business-law\/regulatory-investigations\/\"]}]},{\"@type\":\"ImageObject\",\"inLanguage\":\"de\",\"@id\":\"https:\/\/rfblegal.co.uk\/services\/business-law\/regulatory-investigations\/#primaryimage\",\"url\":\"https:\/\/rfblegal.co.uk\/wp-content\/uploads\/2024\/02\/Regulatory_Law.png\",\"contentUrl\":\"https:\/\/rfblegal.co.uk\/wp-content\/uploads\/2024\/02\/Regulatory_Law.png\",\"width\":1440,\"height\":550},{\"@type\":\"BreadcrumbList\",\"@id\":\"https:\/\/rfblegal.co.uk\/services\/business-law\/regulatory-investigations\/#breadcrumb\",\"itemListElement\":[{\"@type\":\"ListItem\",\"position\":1,\"name\":\"Home\",\"item\":\"https:\/\/rfblegal.co.uk\/\"},{\"@type\":\"ListItem\",\"position\":2,\"name\":\"Services\",\"item\":\"https:\/\/rfblegal.co.uk\/services\/\"},{\"@type\":\"ListItem\",\"position\":3,\"name\":\"Business Law\",\"item\":\"https:\/\/rfblegal.co.uk\/services\/business-law\/\"},{\"@type\":\"ListItem\",\"position\":4,\"name\":\"Regulatory Investigations\"}]},{\"@type\":\"WebSite\",\"@id\":\"https:\/\/rfblegal.co.uk\/#website\",\"url\":\"https:\/\/rfblegal.co.uk\/\",\"name\":\"RFB Legal\",\"description\":\"\",\"publisher\":{\"@id\":\"https:\/\/rfblegal.co.uk\/#organization\"},\"potentialAction\":[{\"@type\":\"SearchAction\",\"target\":{\"@type\":\"EntryPoint\",\"urlTemplate\":\"https:\/\/rfblegal.co.uk\/?s={search_term_string}\"},\"query-input\":{\"@type\":\"PropertyValueSpecification\",\"valueRequired\":true,\"valueName\":\"search_term_string\"}}],\"inLanguage\":\"de\"},{\"@type\":\"Organization\",\"@id\":\"https:\/\/rfblegal.co.uk\/#organization\",\"name\":\"RFB Legal\",\"url\":\"https:\/\/rfblegal.co.uk\/\",\"logo\":{\"@type\":\"ImageObject\",\"inLanguage\":\"de\",\"@id\":\"https:\/\/rfblegal.co.uk\/#\/schema\/logo\/image\/\",\"url\":\"https:\/\/rfblegal.co.uk\/wp-content\/uploads\/2024\/01\/header_company_logo.svg\",\"contentUrl\":\"https:\/\/rfblegal.co.uk\/wp-content\/uploads\/2024\/01\/header_company_logo.svg\",\"caption\":\"RFB Legal\"},\"image\":{\"@id\":\"https:\/\/rfblegal.co.uk\/#\/schema\/logo\/image\/\"},\"sameAs\":[\"https:\/\/www.facebook.com\/RFBLegal\/\",\"https:\/\/www.linkedin.com\/uas\/login?session_redirect=company2012282\",\"https:\/\/www.instagram.com\/rfb_legal\/\"]}]}<\/script>\n<!-- \/ Yoast SEO plugin. -->","yoast_head_json":{"title":"Regulatorische Ermittlungen - RFB Legal","description":"Regulierungsrecht Die immer st\u00e4rkere Regulierung von Privatpersonen und Unternehmen hat dazu gef\u00fchrt, dass staatliche und kommunale Beh\u00f6rden Verfahren mit","robots":{"index":"index","follow":"follow","max-snippet":"max-snippet:-1","max-image-preview":"max-image-preview:large","max-video-preview":"max-video-preview:-1"},"canonical":"https:\/\/rfblegal.co.uk\/de\/dienstleistungen\/wirtschaftsrecht\/behordliche-untersuchungen\/","og_locale":"de_DE","og_type":"article","og_title":"Regulatory Investigations - RFB Legal","og_description":"Regulatory Law The ever-increasing regulation of individuals and businesses has seen government and local authority agencies bringing proceedings with","og_url":"https:\/\/rfblegal.co.uk\/de\/dienstleistungen\/wirtschaftsrecht\/behordliche-untersuchungen\/","og_site_name":"RFB Legal","article_publisher":"https:\/\/www.facebook.com\/RFBLegal\/","article_modified_time":"2025-06-19T13:11:50+00:00","og_image":[{"width":1440,"height":550,"url":"https:\/\/rfblegal.co.uk\/wp-content\/uploads\/2024\/02\/Regulatory_Law.png","type":"image\/png"}],"twitter_card":"summary_large_image","twitter_misc":{"Est. reading time":"2\u00a0Minuten"},"schema":{"@context":"https:\/\/schema.org","@graph":[{"@type":"WebPage","@id":"https:\/\/rfblegal.co.uk\/services\/business-law\/regulatory-investigations\/","url":"https:\/\/rfblegal.co.uk\/services\/business-law\/regulatory-investigations\/","name":"Regulatorische Ermittlungen - RFB Legal","isPartOf":{"@id":"https:\/\/rfblegal.co.uk\/#website"},"primaryImageOfPage":{"@id":"https:\/\/rfblegal.co.uk\/services\/business-law\/regulatory-investigations\/#primaryimage"},"image":{"@id":"https:\/\/rfblegal.co.uk\/services\/business-law\/regulatory-investigations\/#primaryimage"},"thumbnailUrl":"https:\/\/rfblegal.co.uk\/wp-content\/uploads\/2024\/02\/Regulatory_Law.png","datePublished":"2024-02-21T17:48:55+00:00","dateModified":"2025-06-19T13:11:50+00:00","description":"Regulierungsrecht Die immer st\u00e4rkere Regulierung von Privatpersonen und Unternehmen hat dazu gef\u00fchrt, dass staatliche und kommunale Beh\u00f6rden Verfahren mit","breadcrumb":{"@id":"https:\/\/rfblegal.co.uk\/services\/business-law\/regulatory-investigations\/#breadcrumb"},"inLanguage":"de","potentialAction":[{"@type":"ReadAction","target":["https:\/\/rfblegal.co.uk\/services\/business-law\/regulatory-investigations\/"]}]},{"@type":"ImageObject","inLanguage":"de","@id":"https:\/\/rfblegal.co.uk\/services\/business-law\/regulatory-investigations\/#primaryimage","url":"https:\/\/rfblegal.co.uk\/wp-content\/uploads\/2024\/02\/Regulatory_Law.png","contentUrl":"https:\/\/rfblegal.co.uk\/wp-content\/uploads\/2024\/02\/Regulatory_Law.png","width":1440,"height":550},{"@type":"BreadcrumbList","@id":"https:\/\/rfblegal.co.uk\/services\/business-law\/regulatory-investigations\/#breadcrumb","itemListElement":[{"@type":"ListItem","position":1,"name":"Home","item":"https:\/\/rfblegal.co.uk\/"},{"@type":"ListItem","position":2,"name":"Services","item":"https:\/\/rfblegal.co.uk\/services\/"},{"@type":"ListItem","position":3,"name":"Business Law","item":"https:\/\/rfblegal.co.uk\/services\/business-law\/"},{"@type":"ListItem","position":4,"name":"Regulatory Investigations"}]},{"@type":"WebSite","@id":"https:\/\/rfblegal.co.uk\/#website","url":"https:\/\/rfblegal.co.uk\/","name":"RFB Legal","description":"","publisher":{"@id":"https:\/\/rfblegal.co.uk\/#organization"},"potentialAction":[{"@type":"SearchAction","target":{"@type":"EntryPoint","urlTemplate":"https:\/\/rfblegal.co.uk\/?s={search_term_string}"},"query-input":{"@type":"PropertyValueSpecification","valueRequired":true,"valueName":"search_term_string"}}],"inLanguage":"de"},{"@type":"Organization","@id":"https:\/\/rfblegal.co.uk\/#organization","name":"RFB Legal","url":"https:\/\/rfblegal.co.uk\/","logo":{"@type":"ImageObject","inLanguage":"de","@id":"https:\/\/rfblegal.co.uk\/#\/schema\/logo\/image\/","url":"https:\/\/rfblegal.co.uk\/wp-content\/uploads\/2024\/01\/header_company_logo.svg","contentUrl":"https:\/\/rfblegal.co.uk\/wp-content\/uploads\/2024\/01\/header_company_logo.svg","caption":"RFB Legal"},"image":{"@id":"https:\/\/rfblegal.co.uk\/#\/schema\/logo\/image\/"},"sameAs":["https:\/\/www.facebook.com\/RFBLegal\/","https:\/\/www.linkedin.com\/uas\/login?session_redirect=company2012282","https:\/\/www.instagram.com\/rfb_legal\/"]}]}},"_links":{"self":[{"href":"https:\/\/rfblegal.co.uk\/de\/wp-json\/wp\/v2\/pages\/2657","targetHints":{"allow":["GET"]}}],"collection":[{"href":"https:\/\/rfblegal.co.uk\/de\/wp-json\/wp\/v2\/pages"}],"about":[{"href":"https:\/\/rfblegal.co.uk\/de\/wp-json\/wp\/v2\/types\/page"}],"author":[{"embeddable":true,"href":"https:\/\/rfblegal.co.uk\/de\/wp-json\/wp\/v2\/users\/1"}],"replies":[{"embeddable":true,"href":"https:\/\/rfblegal.co.uk\/de\/wp-json\/wp\/v2\/comments?post=2657"}],"version-history":[{"count":0,"href":"https:\/\/rfblegal.co.uk\/de\/wp-json\/wp\/v2\/pages\/2657\/revisions"}],"up":[{"embeddable":true,"href":"https:\/\/rfblegal.co.uk\/de\/wp-json\/wp\/v2\/pages\/429"}],"wp:featuredmedia":[{"embeddable":true,"href":"https:\/\/rfblegal.co.uk\/de\/wp-json\/wp\/v2\/media\/3001"}],"wp:attachment":[{"href":"https:\/\/rfblegal.co.uk\/de\/wp-json\/wp\/v2\/media?parent=2657"}],"curies":[{"name":"wp","href":"https:\/\/api.w.org\/{rel}","templated":true}]}}