{"id":2635,"date":"2024-02-21T17:34:29","date_gmt":"2024-02-21T17:34:29","guid":{"rendered":"https:\/\/rfblegal.co.uk\/?page_id=2635"},"modified":"2024-02-23T15:33:32","modified_gmt":"2024-02-23T15:33:32","slug":"wirtschaftskriminalitat","status":"publish","type":"page","link":"https:\/\/rfblegal.co.uk\/de\/dienstleistungen\/wirtschaftsrecht\/dienstleistungen-im-bereich-wirtschaftskriminalitat-und-finanzkriminalitat\/wirtschaftskriminalitat\/","title":{"rendered":"Wirtschaftskriminalit\u00e4t"},"content":{"rendered":"<h2 class=\"wp-block-heading has-2-xl-font-size\" style=\"padding-top:var(--wp--preset--spacing--20);padding-bottom:var(--wp--preset--spacing--20);font-style:normal;font-weight:600\">Komplexe Betrugsf\u00e4lle und Unternehmenskriminalit\u00e4t<\/h2>\n\n\n\n<h4 class=\"wp-block-heading has-lg-font-size\" style=\"padding-top:var(--wp--preset--spacing--20);padding-bottom:var(--wp--preset--spacing--20)\"><strong>Ronald Fletcher Baker LLP vertritt Gesch\u00e4ftsf\u00fchrer und leitende Angestellte aus einer Vielzahl von Finanz- und Wirtschaftssektoren in F\u00e4llen von schwerem Betrug, Korruption, Veruntreuung und Insiderhandel.&nbsp;<\/strong><\/h4>\n\n\n\n<p style=\"padding-top:var(--wp--preset--spacing--20);padding-bottom:var(--wp--preset--spacing--20)\">Unser Team verf\u00fcgt \u00fcber umfangreiche Erfahrung im Umgang mit Ermittlungen des Serious Fraud Office (SFO), der HM Revenue and Customs (HMRC), der Financial Conduct Authority (FCA), des Crown Prosecution Service (CPS), der City of London Police und anderer Vollzugsbeh\u00f6rden.<\/p>\n\n\n\n<p style=\"padding-top:var(--wp--preset--spacing--20);padding-bottom:var(--wp--preset--spacing--20)\">Wir verf\u00fcgen \u00fcber jahrzehntelange Erfahrung in diesem Bereich und entwickeln uns mit der sich entwickelnden Landschaft der Unternehmenshaftung weiter. Wir setzen strategische und forensisch ausgefeilte F\u00e4higkeiten ein, um unsere Kunden durch komplexe Rechtsstreitigkeiten zu f\u00fchren.<\/p>\n\n\n\n<p style=\"padding-top:var(--wp--preset--spacing--20);padding-bottom:var(--wp--preset--spacing--20)\">Unser \u00fcbergeordnetes Ziel ist es, die Vollstreckungsbeh\u00f6rden von der Strafverfolgung abzuhalten, und das Team ist in der Lage, seinen Ansatz so zu gestalten, dass er taktische Ratschl\u00e4ge zur zivil- und strafrechtlichen Haftung enth\u00e4lt.<\/p>\n\n\n\n<p style=\"padding-top:var(--wp--preset--spacing--20);padding-bottom:var(--wp--preset--spacing--20)\">Die Verfahren beginnen h\u00e4ufig mit einer unternehmensinternen Untersuchung, und das Team bietet seinen Mandanten eine umfassende Sichtweise, indem es sowohl Verd\u00e4chtige als auch Beschwerdef\u00fchrer vertritt.<\/p>\n\n\n\n<p style=\"padding-top:var(--wp--preset--spacing--20);padding-bottom:var(--wp--preset--spacing--20)\">Da wir in F\u00e4llen t\u00e4tig waren, die mehrere Gerichtsbarkeiten, nationale Regierungen und globale Unternehmen betrafen, sind wir in der Lage, auf die F\u00e4higkeiten der besten Experten zur\u00fcckzugreifen, darunter forensische Wirtschaftspr\u00fcfer, Asset Tracer und Marktspezialisten.<br><\/p>\n\n\n\n<h3 class=\"wp-block-heading has-lg-font-size\" style=\"padding-top:var(--wp--preset--spacing--20);padding-bottom:var(--wp--preset--spacing--20)\"><strong>Kontakt<\/strong><\/h3>\n\n\n\n<p style=\"padding-top:var(--wp--preset--spacing--20);padding-bottom:var(--wp--preset--spacing--20)\">Rufen Sie uns noch heute an, wenn Sie eine fachkundige Beratung und Vertretung in den Bereichen komplexer Betrug und Wirtschaftskriminalit\u00e4t w\u00fcnschen.<em><strong>&nbsp;<a href=\"tel:02076131402\">020 7613 1402<\/a><\/strong><\/em>&nbsp;oder&nbsp;<a href=\"https:\/\/rfblegal.co.uk\/de\/kontaktieren-sie-uns\/\">unser Online-Anfrageformular ausf\u00fcllen<\/a>&nbsp;und einer unserer Anw\u00e4lte wird sich so bald wie m\u00f6glich mit Ihnen in Verbindung setzen.<\/p>","protected":false},"excerpt":{"rendered":"<p>Komplexe Betrugsf\u00e4lle und Unternehmenskriminalit\u00e4t Ronald Fletcher Baker LLP vertritt Gesch\u00e4ftsf\u00fchrer und leitende Angestellte von Unternehmen aus einem breiten Spektrum von Finanz- und Wirtschaftssektoren in F\u00e4llen von schwerem Betrug, Korruption, Veruntreuung und Insiderhandel.  Unser Team verf\u00fcgt \u00fcber umfangreiche Erfahrung im Umgang mit Ermittlungen des Serious Fraud Office (SFO), HM Revenue and Customs (HMRC), ... <a href=\"https:\/\/rfblegal.co.uk\/de\/dienstleistungen\/wirtschaftsrecht\/dienstleistungen-im-bereich-wirtschaftskriminalitat-und-finanzkriminalitat\/wirtschaftskriminalitat\/\">Fortsetzung<\/a><\/p>","protected":false},"author":1,"featured_media":3161,"parent":2628,"menu_order":0,"comment_status":"closed","ping_status":"closed","template":"tier3-template.blade.php","meta":{"_acf_changed":false,"om_disable_all_campaigns":false,"_uf_show_specific_survey":0,"_uf_disable_surveys":false,"footnotes":""},"class_list":["post-2635","page","type-page","status-publish","has-post-thumbnail","hentry"],"acf":[],"aioseo_notices":[],"yoast_head":"<!-- This site is optimized with the Yoast SEO plugin v27.2 - https:\/\/yoast.com\/product\/yoast-seo-wordpress\/ -->\n<title>Corporate Crime - RFB Legal<\/title>\n<meta name=\"description\" content=\"Complex Fraud and Corporate Crime Ronald Fletcher Baker LLP acts for CEOs and senior company executives from a broad range of financial and business\" \/>\n<meta name=\"robots\" content=\"index, follow, max-snippet:-1, max-image-preview:large, max-video-preview:-1\" \/>\n<link rel=\"canonical\" href=\"https:\/\/rfblegal.co.uk\/de\/dienstleistungen\/wirtschaftsrecht\/dienstleistungen-im-bereich-wirtschaftskriminalitat-und-finanzkriminalitat\/wirtschaftskriminalitat\/\" \/>\n<meta property=\"og:locale\" content=\"de_DE\" \/>\n<meta property=\"og:type\" content=\"article\" \/>\n<meta property=\"og:title\" content=\"Corporate Crime - RFB Legal\" \/>\n<meta property=\"og:description\" content=\"Complex Fraud and Corporate Crime Ronald Fletcher Baker LLP acts for CEOs and senior company executives from a broad range of financial and business\" \/>\n<meta property=\"og:url\" content=\"https:\/\/rfblegal.co.uk\/de\/dienstleistungen\/wirtschaftsrecht\/dienstleistungen-im-bereich-wirtschaftskriminalitat-und-finanzkriminalitat\/wirtschaftskriminalitat\/\" \/>\n<meta property=\"og:site_name\" content=\"RFB Legal\" \/>\n<meta property=\"article:publisher\" content=\"https:\/\/www.facebook.com\/RFBLegal\/\" \/>\n<meta property=\"article:modified_time\" content=\"2024-02-23T15:33:32+00:00\" \/>\n<meta property=\"og:image\" content=\"https:\/\/rfblegal.co.uk\/wp-content\/uploads\/2024\/02\/Complex_Fraud_and_Financial_Crime.jpg\" \/>\n\t<meta property=\"og:image:width\" content=\"1440\" \/>\n\t<meta property=\"og:image:height\" content=\"550\" \/>\n\t<meta property=\"og:image:type\" content=\"image\/jpeg\" \/>\n<meta name=\"twitter:card\" content=\"summary_large_image\" \/>\n<meta name=\"twitter:label1\" content=\"Est. reading time\" \/>\n\t<meta name=\"twitter:data1\" content=\"2\u00a0Minuten\" \/>\n<script type=\"application\/ld+json\" class=\"yoast-schema-graph\">{\"@context\":\"https:\/\/schema.org\",\"@graph\":[{\"@type\":\"WebPage\",\"@id\":\"https:\/\/rfblegal.co.uk\/services\/business-law\/white-collar-and-financial-crime-services\/corporate-crime\/\",\"url\":\"https:\/\/rfblegal.co.uk\/services\/business-law\/white-collar-and-financial-crime-services\/corporate-crime\/\",\"name\":\"Corporate Crime - RFB Legal\",\"isPartOf\":{\"@id\":\"https:\/\/rfblegal.co.uk\/#website\"},\"primaryImageOfPage\":{\"@id\":\"https:\/\/rfblegal.co.uk\/services\/business-law\/white-collar-and-financial-crime-services\/corporate-crime\/#primaryimage\"},\"image\":{\"@id\":\"https:\/\/rfblegal.co.uk\/services\/business-law\/white-collar-and-financial-crime-services\/corporate-crime\/#primaryimage\"},\"thumbnailUrl\":\"https:\/\/rfblegal.co.uk\/wp-content\/uploads\/2024\/02\/Complex_Fraud_and_Financial_Crime.jpg\",\"datePublished\":\"2024-02-21T17:34:29+00:00\",\"dateModified\":\"2024-02-23T15:33:32+00:00\",\"description\":\"Complex Fraud and Corporate Crime Ronald Fletcher Baker LLP acts for CEOs and senior company executives from a broad range of financial and business\",\"breadcrumb\":{\"@id\":\"https:\/\/rfblegal.co.uk\/services\/business-law\/white-collar-and-financial-crime-services\/corporate-crime\/#breadcrumb\"},\"inLanguage\":\"de\",\"potentialAction\":[{\"@type\":\"ReadAction\",\"target\":[\"https:\/\/rfblegal.co.uk\/services\/business-law\/white-collar-and-financial-crime-services\/corporate-crime\/\"]}]},{\"@type\":\"ImageObject\",\"inLanguage\":\"de\",\"@id\":\"https:\/\/rfblegal.co.uk\/services\/business-law\/white-collar-and-financial-crime-services\/corporate-crime\/#primaryimage\",\"url\":\"https:\/\/rfblegal.co.uk\/wp-content\/uploads\/2024\/02\/Complex_Fraud_and_Financial_Crime.jpg\",\"contentUrl\":\"https:\/\/rfblegal.co.uk\/wp-content\/uploads\/2024\/02\/Complex_Fraud_and_Financial_Crime.jpg\",\"width\":1440,\"height\":550},{\"@type\":\"BreadcrumbList\",\"@id\":\"https:\/\/rfblegal.co.uk\/services\/business-law\/white-collar-and-financial-crime-services\/corporate-crime\/#breadcrumb\",\"itemListElement\":[{\"@type\":\"ListItem\",\"position\":1,\"name\":\"Home\",\"item\":\"https:\/\/rfblegal.co.uk\/\"},{\"@type\":\"ListItem\",\"position\":2,\"name\":\"Services\",\"item\":\"https:\/\/rfblegal.co.uk\/services\/\"},{\"@type\":\"ListItem\",\"position\":3,\"name\":\"Business Law\",\"item\":\"https:\/\/rfblegal.co.uk\/services\/business-law\/\"},{\"@type\":\"ListItem\",\"position\":4,\"name\":\"Business &#8211; Criminal Litigation\",\"item\":\"https:\/\/rfblegal.co.uk\/services\/business-law\/white-collar-and-financial-crime-services\/\"},{\"@type\":\"ListItem\",\"position\":5,\"name\":\"Corporate Crime\"}]},{\"@type\":\"WebSite\",\"@id\":\"https:\/\/rfblegal.co.uk\/#website\",\"url\":\"https:\/\/rfblegal.co.uk\/\",\"name\":\"RFB Legal\",\"description\":\"\",\"publisher\":{\"@id\":\"https:\/\/rfblegal.co.uk\/#organization\"},\"potentialAction\":[{\"@type\":\"SearchAction\",\"target\":{\"@type\":\"EntryPoint\",\"urlTemplate\":\"https:\/\/rfblegal.co.uk\/?s={search_term_string}\"},\"query-input\":{\"@type\":\"PropertyValueSpecification\",\"valueRequired\":true,\"valueName\":\"search_term_string\"}}],\"inLanguage\":\"de\"},{\"@type\":\"Organization\",\"@id\":\"https:\/\/rfblegal.co.uk\/#organization\",\"name\":\"RFB Legal\",\"url\":\"https:\/\/rfblegal.co.uk\/\",\"logo\":{\"@type\":\"ImageObject\",\"inLanguage\":\"de\",\"@id\":\"https:\/\/rfblegal.co.uk\/#\/schema\/logo\/image\/\",\"url\":\"https:\/\/rfblegal.co.uk\/wp-content\/uploads\/2024\/01\/header_company_logo.svg\",\"contentUrl\":\"https:\/\/rfblegal.co.uk\/wp-content\/uploads\/2024\/01\/header_company_logo.svg\",\"caption\":\"RFB Legal\"},\"image\":{\"@id\":\"https:\/\/rfblegal.co.uk\/#\/schema\/logo\/image\/\"},\"sameAs\":[\"https:\/\/www.facebook.com\/RFBLegal\/\",\"https:\/\/www.linkedin.com\/uas\/login?session_redirect=company2012282\",\"https:\/\/www.instagram.com\/rfb_legal\/\"]}]}<\/script>\n<!-- \/ Yoast SEO plugin. -->","yoast_head_json":{"title":"Wirtschaftskriminalit\u00e4t - RFB Legal","description":"Komplexe Betrugsf\u00e4lle und Wirtschaftskriminalit\u00e4t Ronald Fletcher Baker LLP vertritt Gesch\u00e4ftsf\u00fchrer und leitende Angestellte aus einer Vielzahl von Finanz- und Wirtschaftsunternehmen.","robots":{"index":"index","follow":"follow","max-snippet":"max-snippet:-1","max-image-preview":"max-image-preview:large","max-video-preview":"max-video-preview:-1"},"canonical":"https:\/\/rfblegal.co.uk\/de\/dienstleistungen\/wirtschaftsrecht\/dienstleistungen-im-bereich-wirtschaftskriminalitat-und-finanzkriminalitat\/wirtschaftskriminalitat\/","og_locale":"de_DE","og_type":"article","og_title":"Corporate Crime - RFB Legal","og_description":"Complex Fraud and Corporate Crime Ronald Fletcher Baker LLP acts for CEOs and senior company executives from a broad range of financial and business","og_url":"https:\/\/rfblegal.co.uk\/de\/dienstleistungen\/wirtschaftsrecht\/dienstleistungen-im-bereich-wirtschaftskriminalitat-und-finanzkriminalitat\/wirtschaftskriminalitat\/","og_site_name":"RFB Legal","article_publisher":"https:\/\/www.facebook.com\/RFBLegal\/","article_modified_time":"2024-02-23T15:33:32+00:00","og_image":[{"width":1440,"height":550,"url":"https:\/\/rfblegal.co.uk\/wp-content\/uploads\/2024\/02\/Complex_Fraud_and_Financial_Crime.jpg","type":"image\/jpeg"}],"twitter_card":"summary_large_image","twitter_misc":{"Est. reading time":"2\u00a0Minuten"},"schema":{"@context":"https:\/\/schema.org","@graph":[{"@type":"WebPage","@id":"https:\/\/rfblegal.co.uk\/services\/business-law\/white-collar-and-financial-crime-services\/corporate-crime\/","url":"https:\/\/rfblegal.co.uk\/services\/business-law\/white-collar-and-financial-crime-services\/corporate-crime\/","name":"Wirtschaftskriminalit\u00e4t - RFB Legal","isPartOf":{"@id":"https:\/\/rfblegal.co.uk\/#website"},"primaryImageOfPage":{"@id":"https:\/\/rfblegal.co.uk\/services\/business-law\/white-collar-and-financial-crime-services\/corporate-crime\/#primaryimage"},"image":{"@id":"https:\/\/rfblegal.co.uk\/services\/business-law\/white-collar-and-financial-crime-services\/corporate-crime\/#primaryimage"},"thumbnailUrl":"https:\/\/rfblegal.co.uk\/wp-content\/uploads\/2024\/02\/Complex_Fraud_and_Financial_Crime.jpg","datePublished":"2024-02-21T17:34:29+00:00","dateModified":"2024-02-23T15:33:32+00:00","description":"Komplexe Betrugsf\u00e4lle und Wirtschaftskriminalit\u00e4t Ronald Fletcher Baker LLP vertritt Gesch\u00e4ftsf\u00fchrer und leitende Angestellte aus einer Vielzahl von Finanz- und Wirtschaftsunternehmen.","breadcrumb":{"@id":"https:\/\/rfblegal.co.uk\/services\/business-law\/white-collar-and-financial-crime-services\/corporate-crime\/#breadcrumb"},"inLanguage":"de","potentialAction":[{"@type":"ReadAction","target":["https:\/\/rfblegal.co.uk\/services\/business-law\/white-collar-and-financial-crime-services\/corporate-crime\/"]}]},{"@type":"ImageObject","inLanguage":"de","@id":"https:\/\/rfblegal.co.uk\/services\/business-law\/white-collar-and-financial-crime-services\/corporate-crime\/#primaryimage","url":"https:\/\/rfblegal.co.uk\/wp-content\/uploads\/2024\/02\/Complex_Fraud_and_Financial_Crime.jpg","contentUrl":"https:\/\/rfblegal.co.uk\/wp-content\/uploads\/2024\/02\/Complex_Fraud_and_Financial_Crime.jpg","width":1440,"height":550},{"@type":"BreadcrumbList","@id":"https:\/\/rfblegal.co.uk\/services\/business-law\/white-collar-and-financial-crime-services\/corporate-crime\/#breadcrumb","itemListElement":[{"@type":"ListItem","position":1,"name":"Home","item":"https:\/\/rfblegal.co.uk\/"},{"@type":"ListItem","position":2,"name":"Services","item":"https:\/\/rfblegal.co.uk\/services\/"},{"@type":"ListItem","position":3,"name":"Business Law","item":"https:\/\/rfblegal.co.uk\/services\/business-law\/"},{"@type":"ListItem","position":4,"name":"Business &#8211; Criminal Litigation","item":"https:\/\/rfblegal.co.uk\/services\/business-law\/white-collar-and-financial-crime-services\/"},{"@type":"ListItem","position":5,"name":"Corporate Crime"}]},{"@type":"WebSite","@id":"https:\/\/rfblegal.co.uk\/#website","url":"https:\/\/rfblegal.co.uk\/","name":"RFB Legal","description":"","publisher":{"@id":"https:\/\/rfblegal.co.uk\/#organization"},"potentialAction":[{"@type":"SearchAction","target":{"@type":"EntryPoint","urlTemplate":"https:\/\/rfblegal.co.uk\/?s={search_term_string}"},"query-input":{"@type":"PropertyValueSpecification","valueRequired":true,"valueName":"search_term_string"}}],"inLanguage":"de"},{"@type":"Organization","@id":"https:\/\/rfblegal.co.uk\/#organization","name":"RFB Legal","url":"https:\/\/rfblegal.co.uk\/","logo":{"@type":"ImageObject","inLanguage":"de","@id":"https:\/\/rfblegal.co.uk\/#\/schema\/logo\/image\/","url":"https:\/\/rfblegal.co.uk\/wp-content\/uploads\/2024\/01\/header_company_logo.svg","contentUrl":"https:\/\/rfblegal.co.uk\/wp-content\/uploads\/2024\/01\/header_company_logo.svg","caption":"RFB Legal"},"image":{"@id":"https:\/\/rfblegal.co.uk\/#\/schema\/logo\/image\/"},"sameAs":["https:\/\/www.facebook.com\/RFBLegal\/","https:\/\/www.linkedin.com\/uas\/login?session_redirect=company2012282","https:\/\/www.instagram.com\/rfb_legal\/"]}]}},"_links":{"self":[{"href":"https:\/\/rfblegal.co.uk\/de\/wp-json\/wp\/v2\/pages\/2635","targetHints":{"allow":["GET"]}}],"collection":[{"href":"https:\/\/rfblegal.co.uk\/de\/wp-json\/wp\/v2\/pages"}],"about":[{"href":"https:\/\/rfblegal.co.uk\/de\/wp-json\/wp\/v2\/types\/page"}],"author":[{"embeddable":true,"href":"https:\/\/rfblegal.co.uk\/de\/wp-json\/wp\/v2\/users\/1"}],"replies":[{"embeddable":true,"href":"https:\/\/rfblegal.co.uk\/de\/wp-json\/wp\/v2\/comments?post=2635"}],"version-history":[{"count":0,"href":"https:\/\/rfblegal.co.uk\/de\/wp-json\/wp\/v2\/pages\/2635\/revisions"}],"up":[{"embeddable":true,"href":"https:\/\/rfblegal.co.uk\/de\/wp-json\/wp\/v2\/pages\/2628"}],"wp:featuredmedia":[{"embeddable":true,"href":"https:\/\/rfblegal.co.uk\/de\/wp-json\/wp\/v2\/media\/3161"}],"wp:attachment":[{"href":"https:\/\/rfblegal.co.uk\/de\/wp-json\/wp\/v2\/media?parent=2635"}],"curies":[{"name":"wp","href":"https:\/\/api.w.org\/{rel}","templated":true}]}}